{"id":101,"date":"2022-03-07T10:07:28","date_gmt":"2022-03-07T09:07:28","guid":{"rendered":"https:\/\/www.omni-biotic.com\/produkte\/omni-logic\/"},"modified":"2023-08-09T15:06:31","modified_gmt":"2023-08-09T13:06:31","slug":"omni-logic","status":"publish","type":"page","link":"https:\/\/www.omni-biotic.com\/cs-cz\/produkty\/omni-logic\/","title":{"rendered":"OMNi-LOGiC\u00ae"},"content":{"rendered":"\t\t<div data-elementor-type=\"wp-page\" data-elementor-id=\"101\" class=\"elementor elementor-101\" data-elementor-post-type=\"page\">\n\t\t\t\t<div class=\"elementor-element elementor-element-264ee2d e-con-full obcs green e-flex e-con e-parent\" data-id=\"264ee2d\" data-element_type=\"container\" data-settings=\"{&quot;background_background&quot;:&quot;classic&quot;,&quot;shape_divider_bottom&quot;:&quot;waves&quot;}\">\n\t\t\t\t<div class=\"elementor-shape elementor-shape-bottom\" aria-hidden=\"true\" data-negative=\"false\">\n\t\t\t<svg xmlns=\"http:\/\/www.w3.org\/2000\/svg\" viewBox=\"0 0 1000 100\" preserveAspectRatio=\"none\">\n\t<path class=\"elementor-shape-fill\" d=\"M421.9,6.5c22.6-2.5,51.5,0.4,75.5,5.3c23.6,4.9,70.9,23.5,100.5,35.7c75.8,32.2,133.7,44.5,192.6,49.7\n\tc23.6,2.1,48.7,3.5,103.4-2.5c54.7-6,106.2-25.6,106.2-25.6V0H0v30.3c0,0,72,32.6,158.4,30.5c39.2-0.7,92.8-6.7,134-22.4\n\tc21.2-8.1,52.2-18.2,79.7-24.2C399.3,7.9,411.6,7.5,421.9,6.5z\"\/>\n<\/svg>\t\t<\/div>\n\t\t<div class=\"elementor-element elementor-element-47585e9 e-con-full obcs magenta e-flex e-con e-parent\" data-id=\"47585e9\" data-element_type=\"container\" data-settings=\"{&quot;background_background&quot;:&quot;gradient&quot;}\">\n\t\t\t\t<div class=\"elementor-element elementor-element-5385786 elementor-widget elementor-widget-heading\" data-id=\"5385786\" data-element_type=\"widget\" data-widget_type=\"heading.default\">\n\t\t\t\t<div class=\"elementor-widget-container\">\n\t\t\t\t\t<h1 class=\"elementor-heading-title elementor-size-default\">OMNi-LOGiC\u00ae<\/h1>\t\t\t\t<\/div>\n\t\t\t\t<\/div>\n\t\t\t\t<div class=\"elementor-element elementor-element-cf8d77b elementor-widget-divider--view-line elementor-widget elementor-widget-divider\" data-id=\"cf8d77b\" data-element_type=\"widget\" data-widget_type=\"divider.default\">\n\t\t\t\t<div class=\"elementor-widget-container\">\n\t\t\t\t\t\t\t<div class=\"elementor-divider\">\n\t\t\t<span class=\"elementor-divider-separator\">\n\t\t\t\t\t\t<\/span>\n\t\t<\/div>\n\t\t\t\t\t\t<\/div>\n\t\t\t\t<\/div>\n\t\t\t\t<div class=\"elementor-element elementor-element-595cb98 elementor-widget elementor-widget-text-editor\" data-id=\"595cb98\" data-element_type=\"widget\" data-widget_type=\"text-editor.default\">\n\t\t\t\t<div class=\"elementor-widget-container\">\n\t\t\t\t\t\t\t\t\t<p>OMNi-LOGiC\u00ae je na\u0161e zna\u010dka prebiotik. Ne v\u0161echny <strong>prosp\u011b\u0161n\u00e9 st\u0159evn\u00ed bakterie<\/strong> lze jednodu\u0161e &#8222;poz\u0159\u00edt&#8220;, proto\u017ee nesn\u00e1\u0161ej\u00ed kysl\u00edk, a proto nedok\u00e1\u017e\u00ed p\u0159e\u017e\u00edt mimo st\u0159evo. P\u0159esto jim ale m\u016f\u017eeme dopomoci ke <strong>snadn\u00e9mu mno\u017een\u00ed<\/strong> t\u00edm, \u017ee jim poskytneme jejich &#8222;obl\u00edbenou potravu&#8220; v podob\u011b <strong>vybran\u00e9 vl\u00e1kniny<\/strong> (prebiotik).<\/p>\t\t\t\t\t\t\t\t<\/div>\n\t\t\t\t<\/div>\n\t\t\t\t<\/div>\n\t\t<div class=\"elementor-element elementor-element-50eb218 e-con-full elementor-hidden-mobile obcs none e-flex e-con e-parent\" data-id=\"50eb218\" data-element_type=\"container\">\n\t\t\t\t<\/div>\n\t\t\t\t<\/div>\n\t\t<div class=\"elementor-element elementor-element-dbb6d51 obcs none e-flex e-con-boxed e-con e-parent\" data-id=\"dbb6d51\" data-element_type=\"container\">\n\t\t\t\t\t<div class=\"e-con-inner\">\n\t\t<div class=\"elementor-element elementor-element-a01192f e-con-full obcs none e-flex e-con e-parent\" data-id=\"a01192f\" data-element_type=\"container\">\n\t\t\t\t<div class=\"elementor-element elementor-element-6106783 elementor-align-left elementor-widget__width-initial elementor-widget elementor-widget-breadcrumbs\" data-id=\"6106783\" data-element_type=\"widget\" data-widget_type=\"breadcrumbs.default\">\n\t\t\t\t<div class=\"elementor-widget-container\">\n\t\t\t\t\t<span><span class=\"last\">Home<\/span><\/span>\t\t\t\t<\/div>\n\t\t\t\t<\/div>\n\t\t\t\t<\/div>\n\t\t<div class=\"elementor-element elementor-element-4389ef0 e-con-full obcs none e-flex e-con e-parent\" data-id=\"4389ef0\" data-element_type=\"container\">\n\t\t\t\t<\/div>\n\t\t\t\t\t<\/div>\n\t\t\t\t<\/div>\n\t\t<div class=\"elementor-element elementor-element-c921f07 obcs none e-flex e-con-boxed e-con e-parent\" data-id=\"c921f07\" data-element_type=\"container\">\n\t\t\t\t\t<div class=\"e-con-inner\">\n\t\t\t\t<div class=\"elementor-element elementor-element-04addcf elementor-widget__width-initial elementor-widget elementor-widget-li-widgets--tile-slider\" data-id=\"04addcf\" data-element_type=\"widget\" data-widget_type=\"li-widgets--tile-slider.default\">\n\t\t\t\t<div class=\"elementor-widget-container\">\n\t\t\t\t\t<div class=\"li-widgets--tile-slider magenta\">\n            <div class=\"headlines\">\n                            <div class=\"headline\">\n                    <div class=\"headline--main\"><h2>Obl\u00edben\u00e1 potrava prosp\u011b\u0161n\u00fdch st\u0159evn\u00edch bakteri\u00ed<\/h2><\/div>\n                                    <\/div>\n                                <\/div>\n                <div class=\"tiles-container grid\">\n            <div class=\"tiles grid-wrapper\">\n                                    <div class=\"swiper-slide\">\n                        <div class=\"tile\">\n                                                        <a href=\"https:\/\/shop.omni-biotic.com\/cs-cz\/products\/omni-logic-fibre-cz-sk\">\n                                                                                                    <img decoding=\"async\" src=\"https:\/\/cdn.shopify.com\/s\/files\/1\/0611\/8198\/5020\/files\/omni-logic-fibre-250g-cz-sk.webp?v=1755596141\" alt=\"OMNi-LOGiC\u00ae FIBRE\" class=\"tile__image\" title=\"\">\n                                                                                            <\/a>\n                                                                                    <div class=\"tile__headline\">OMNi-LOGiC\u00ae FIBRE<\/div>\n                                                                                        <div class=\"tile__subtitle\">P\u0159\u00edrodn\u00ed zdroj vl\u00e1kniny<\/div>\n                                                                                                                    <div class=\"tile__price\">\n                                                                        od 565,00 K\u010d                                <\/div>\n                                                                                        <a class=\"tile__button\" href=\"https:\/\/shop.omni-biotic.com\/cs-cz\/products\/omni-logic-fibre-cz-sk\">K produktu<\/a>\n                                                    <\/div>\n                    <\/div>\n                                    <div class=\"swiper-slide\">\n                        <div class=\"tile\">\n                                                        <a href=\"https:\/\/shop.omni-biotic.com\/cs-cz\/products\/omni-logic-immune-cz-sk\">\n                                                                                                    <img decoding=\"async\" src=\"https:\/\/cdn.shopify.com\/s\/files\/1\/0611\/8198\/5020\/files\/omni-logic-immun-450g-cz-sk.webp?v=1755596198\" alt=\"OMNi-LOGiC\u00ae IMMUNE\" class=\"tile__image\" title=\"\">\n                                                                                            <\/a>\n                                                                                    <div class=\"tile__headline\">OMNi-LOGiC\u00ae IMMUNE<\/div>\n                                                                                        <div class=\"tile__subtitle\">Zdrav\u00e1 st\u0159eva = siln\u00fd imunitn\u00ed syst\u00e9m<\/div>\n                                                                                                                    <div class=\"tile__price\">\n                                                                        od 1\u00a0340,00 K\u010d                                <\/div>\n                                                                                        <a class=\"tile__button\" href=\"https:\/\/shop.omni-biotic.com\/cs-cz\/products\/omni-logic-immune-cz-sk\">K produktu<\/a>\n                                                    <\/div>\n                    <\/div>\n                                    <div class=\"swiper-slide\">\n                        <div class=\"tile\">\n                                                        <a href=\"https:\/\/shop.omni-biotic.com\/cs-cz\/products\/omni-logic-apple-pectin-cz-sk\">\n                                                                                                    <img decoding=\"async\" src=\"https:\/\/cdn.shopify.com\/s\/files\/1\/0611\/8198\/5020\/files\/omni-logic-apfelpektin-84kps-cz-sk.webp?v=1755596226\" alt=\"OMNi-LOGiC\u00ae JABLE\u010cN\u00dd PEKTIN\" class=\"tile__image\" title=\"\">\n                                                                                            <\/a>\n                                                                                    <div class=\"tile__headline\">OMNi-LOGiC\u00ae JABLE\u010cN\u00dd PEKTIN<\/div>\n                                                                                        <div class=\"tile__subtitle\">Vyrovnan\u00e1 st\u0159evn\u00ed mikrofl\u00f3ra<\/div>\n                                                                                                                    <div class=\"tile__price\">\n                                                                        od 700,00 K\u010d                                <\/div>\n                                                                                        <a class=\"tile__button\" href=\"https:\/\/shop.omni-biotic.com\/cs-cz\/products\/omni-logic-apple-pectin-cz-sk\">K produktu<\/a>\n                                                    <\/div>\n                    <\/div>\n                                    <div class=\"swiper-slide\">\n                        <div class=\"tile\">\n                                                        <a href=\"https:\/\/shop.omni-biotic.com\/cs-cz\/products\/omni-logic-plus-cz-sk\">\n                                                                                                    <img decoding=\"async\" src=\"https:\/\/cdn.shopify.com\/s\/files\/1\/0611\/8198\/5020\/files\/omni-logic-plus-450g-cz-sk.webp?v=1755596174\" alt=\"OMNi-LOGiC\u00ae PLUS\" class=\"tile__image\" title=\"\">\n                                                                                            <\/a>\n                                                                                    <div class=\"tile__headline\">OMNi-LOGiC\u00ae PLUS<\/div>\n                                                                                        <div class=\"tile__subtitle\">Pro vyrovnan\u00fd st\u0159evn\u00ed trakt<\/div>\n                                                                                                                    <div class=\"tile__price\">\n                                                                        od 1\u00a0340,00 K\u010d                                <\/div>\n                                                                                        <a class=\"tile__button\" href=\"https:\/\/shop.omni-biotic.com\/cs-cz\/products\/omni-logic-plus-cz-sk\">K produktu<\/a>\n                                                    <\/div>\n                    <\/div>\n                            <\/div>\n        <\/div>\n    <\/div>\n\t\t\t\t<\/div>\n\t\t\t\t<\/div>\n\t\t\t\t\t<\/div>\n\t\t\t\t<\/div>\n\t\t<div class=\"elementor-element elementor-element-8d5502e obcs none e-flex e-con-boxed e-con e-parent\" data-id=\"8d5502e\" data-element_type=\"container\">\n\t\t\t\t\t<div class=\"e-con-inner\">\n\t\t\t\t<div class=\"elementor-element elementor-element-3983f1b elementor-widget elementor-widget-heading\" data-id=\"3983f1b\" data-element_type=\"widget\" data-widget_type=\"heading.default\">\n\t\t\t\t<div class=\"elementor-widget-container\">\n\t\t\t\t\t<span class=\"elementor-heading-title elementor-size-default\">Bu\u010fte v\u017edy nejl\u00e9pe informov\u00e1ni!<\/span>\t\t\t\t<\/div>\n\t\t\t\t<\/div>\n\t\t\t\t<div class=\"elementor-element elementor-element-20711b2 elementor-widget__width-inherit elementor-widget elementor-widget-heading\" data-id=\"20711b2\" data-element_type=\"widget\" data-widget_type=\"heading.default\">\n\t\t\t\t<div class=\"elementor-widget-container\">\n\t\t\t\t\t<h2 class=\"elementor-heading-title elementor-size-default\">N\u00e1\u0161 OMNi-BiOTiC\u00ae<\/h2>\t\t\t\t<\/div>\n\t\t\t\t<\/div>\n\t\t\t\t<div class=\"elementor-element elementor-element-31f2d25 elementor-widget elementor-widget-li-widgets--posts-gallery\" data-id=\"31f2d25\" data-element_type=\"widget\" data-widget_type=\"li-widgets--posts-gallery.default\">\n\t\t\t\t<div class=\"elementor-widget-container\">\n\t\t\t\t\t    \n<div class=\"li-widgets--posts-gallery__pagination\" data-post-id=\"101\">\n\n    <div class=\"li-widgets--posts-gallery__pagination-results\">\n        1-6 z 103 v\u00fdsledk\u016f    <\/div>\n    <div class=\"li-widgets--posts-gallery__pagination-pages\">\n        Strana 1 ze 18    <\/div>\n    <div class=\"li-widgets--posts-gallery__pagination-url\">\n                            <a href=\"#\" data-href=\"https:\/\/www.omni-biotic.com\/cs-cz\/wp-json\/wp\/v2\/pages\/101\/?search&category=0&cur=1\">1<\/a>\n                    <a href=\"#\" data-href=\"https:\/\/www.omni-biotic.com\/cs-cz\/wp-json\/wp\/v2\/pages\/101\/?search&category=0&cur=2\">2<\/a>\n                    <a href=\"#\" data-href=\"https:\/\/www.omni-biotic.com\/cs-cz\/wp-json\/wp\/v2\/pages\/101\/?search&category=0&cur=3\">3<\/a>\n                            <a href=\"#\" data-href=\"https:\/\/www.omni-biotic.com\/cs-cz\/wp-json\/wp\/v2\/pages\/101\/?search&category=0&cur=18\">\u00bb<\/a>\n            <\/div>\n<\/div>\n<div class=\"li-widgets--posts-gallery blog\">\n                    <a href=\"https:\/\/www.omni-biotic.com\/cs-cz\/blog\/prujem-behem-menstruace-a-mikrobiom\/\"\n           class=\"li-widgets--posts-gallery__post\">\n            <div class=\"post--image__container\">\n                <div class=\"post--image\">\n                    <img fetchpriority=\"high\" decoding=\"async\" width=\"768\" height=\"512\" src=\"https:\/\/www.omni-biotic.com\/cs-cz\/wp-content\/uploads\/sites\/8\/2026\/04\/width_1600-768x512.jpg\" class=\"attachment-medium_large size-medium_large wp-post-image\" alt=\"\" srcset=\"https:\/\/www.omni-biotic.com\/cs-cz\/wp-content\/uploads\/sites\/8\/2026\/04\/width_1600-768x512.jpg 768w, https:\/\/www.omni-biotic.com\/cs-cz\/wp-content\/uploads\/sites\/8\/2026\/04\/width_1600-300x200.jpg 300w, https:\/\/www.omni-biotic.com\/cs-cz\/wp-content\/uploads\/sites\/8\/2026\/04\/width_1600-1024x683.jpg 1024w, https:\/\/www.omni-biotic.com\/cs-cz\/wp-content\/uploads\/sites\/8\/2026\/04\/width_1600-1536x1024.jpg 1536w, https:\/\/www.omni-biotic.com\/cs-cz\/wp-content\/uploads\/sites\/8\/2026\/04\/width_1600.jpg 1599w\" sizes=\"(max-width: 768px) 100vw, 768px\" title=\"\">                <\/div>\n            <\/div>\n            <div class=\"post--teaser\">\n                <div class=\"title\">Pr\u016fjem b\u011bhem menstruace a role st\u0159evn\u00edho mikrobiomu<\/div>\n                <div class=\"description\">\n                    Mnoho \u017een to d\u016fv\u011brn\u011b zn\u00e1. V obdob\u00ed kolem periody se za\u017e\u00edv\u00e1n\u00ed \u201ezbl\u00e1zn\u00ed\u201c a obzvl\u00e1\u0161t\u011b pr\u016fjmy\u2026                    <br>\n                    <span class=\"read-more\">\n                            \u010ct\u011bte v\u00edce                        <\/span>\n                <\/div>\n                <div class=\"metadata\"><b>Aktualizov\u00e1no:<\/b> 16. dubna 2026 \u2022 <b>Kategorie:<\/b> Novinky ve v\u00fdzkumu, Pot\u00ed\u017ee a poradenstv\u00ed \u2022 <b>Autor:<\/b> Zuzana Mikulova<\/div>\n            <\/div>\n        <\/a>\n                <a href=\"https:\/\/www.omni-biotic.com\/cs-cz\/blog\/jaky-vliv-maji-projimadla-na-strevni-mikrobiom\/\"\n           class=\"li-widgets--posts-gallery__post\">\n            <div class=\"post--image__container\">\n                <div class=\"post--image\">\n                    <img decoding=\"async\" width=\"768\" height=\"720\" src=\"https:\/\/www.omni-biotic.com\/cs-cz\/wp-content\/uploads\/sites\/8\/2026\/03\/OB_WOMAN_Floraplus_Sachet-2-e1773046011722-768x720.png\" class=\"attachment-medium_large size-medium_large wp-post-image\" alt=\"\" srcset=\"https:\/\/www.omni-biotic.com\/cs-cz\/wp-content\/uploads\/sites\/8\/2026\/03\/OB_WOMAN_Floraplus_Sachet-2-e1773046011722-768x720.png 768w, https:\/\/www.omni-biotic.com\/cs-cz\/wp-content\/uploads\/sites\/8\/2026\/03\/OB_WOMAN_Floraplus_Sachet-2-e1773046011722-300x281.png 300w, https:\/\/www.omni-biotic.com\/cs-cz\/wp-content\/uploads\/sites\/8\/2026\/03\/OB_WOMAN_Floraplus_Sachet-2-e1773046011722-1024x959.png 1024w, https:\/\/www.omni-biotic.com\/cs-cz\/wp-content\/uploads\/sites\/8\/2026\/03\/OB_WOMAN_Floraplus_Sachet-2-e1773046011722.png 1078w\" sizes=\"(max-width: 768px) 100vw, 768px\" title=\"\">                <\/div>\n            <\/div>\n            <div class=\"post--teaser\">\n                <div class=\"title\">Jak\u00fd vliv maj\u00ed proj\u00edmadla na st\u0159evn\u00ed mikrobiom?<\/div>\n                <div class=\"description\">\n                    Proj\u00edmadla, medic\u00ednsky naz\u00fdvan\u00e1 laxativa, jsou pro mnoho lid\u00ed vn\u00edm\u00e1na jako nekomplikovan\u00e9 a rychl\u00e9 \u0159e\u0161en\u00ed z\u00e1cpy.\u2026                    <br>\n                    <span class=\"read-more\">\n                            \u010ct\u011bte v\u00edce                        <\/span>\n                <\/div>\n                <div class=\"metadata\"><b>Aktualizov\u00e1no:<\/b> 12. b\u0159ezna 2026 \u2022 <b>Kategorie:<\/b> Novinky ve v\u00fdzkumu, Pot\u00ed\u017ee a poradenstv\u00ed \u2022 <b>Autor:<\/b> Zuzana Mikulova<\/div>\n            <\/div>\n        <\/a>\n                <a href=\"https:\/\/www.omni-biotic.com\/cs-cz\/blog\/co-se-skryva-za-gastritidou\/\"\n           class=\"li-widgets--posts-gallery__post\">\n            <div class=\"post--image__container\">\n                <div class=\"post--image\">\n                    <img decoding=\"async\" width=\"768\" height=\"607\" src=\"https:\/\/www.omni-biotic.com\/cs-cz\/wp-content\/uploads\/sites\/8\/2025\/08\/zaludek_gastritida-768x607.png\" class=\"attachment-medium_large size-medium_large wp-post-image\" alt=\"\" srcset=\"https:\/\/www.omni-biotic.com\/cs-cz\/wp-content\/uploads\/sites\/8\/2025\/08\/zaludek_gastritida-768x607.png 768w, https:\/\/www.omni-biotic.com\/cs-cz\/wp-content\/uploads\/sites\/8\/2025\/08\/zaludek_gastritida-300x237.png 300w, https:\/\/www.omni-biotic.com\/cs-cz\/wp-content\/uploads\/sites\/8\/2025\/08\/zaludek_gastritida.png 956w\" sizes=\"(max-width: 768px) 100vw, 768px\" title=\"\">                <\/div>\n            <\/div>\n            <div class=\"post--teaser\">\n                <div class=\"title\">Kdy\u017e se \u017ealudek bou\u0159\u00ed: Co se skr\u00fdv\u00e1 za gastritidou?<\/div>\n                <div class=\"description\">\n                    Bolest \u010di tlak v nadb\u0159i\u0161ku, nevolnost, pocit plnosti nebo p\u00e1len\u00ed \u017e\u00e1hy \u2013 tyto nep\u0159\u00edjemn\u00e9 p\u0159\u00edznaky\u2026                    <br>\n                    <span class=\"read-more\">\n                            \u010ct\u011bte v\u00edce                        <\/span>\n                <\/div>\n                <div class=\"metadata\"><b>Aktualizov\u00e1no:<\/b> 20. srpna 2025 \u2022 <b>Kategorie:<\/b> Novinky ve v\u00fdzkumu, Pot\u00ed\u017ee a poradenstv\u00ed \u2022 <b>Autor:<\/b> Zuzana Mikulova<\/div>\n            <\/div>\n        <\/a>\n                <a href=\"https:\/\/www.omni-biotic.com\/cs-cz\/blog\/zanet-mocovych-cest-bakterie-e-coli\/\"\n           class=\"li-widgets--posts-gallery__post\">\n            <div class=\"post--image__container\">\n                <div class=\"post--image\">\n                    <img loading=\"lazy\" decoding=\"async\" width=\"550\" height=\"309\" src=\"https:\/\/www.omni-biotic.com\/cs-cz\/wp-content\/uploads\/sites\/8\/2022\/01\/thumbnail_large-15.webp\" class=\"attachment-medium_large size-medium_large wp-post-image\" alt=\"\" srcset=\"https:\/\/www.omni-biotic.com\/cs-cz\/wp-content\/uploads\/sites\/8\/2022\/01\/thumbnail_large-15.webp 550w, https:\/\/www.omni-biotic.com\/cs-cz\/wp-content\/uploads\/sites\/8\/2022\/01\/thumbnail_large-15-300x169.webp 300w\" sizes=\"(max-width: 550px) 100vw, 550px\" title=\"\">                <\/div>\n            <\/div>\n            <div class=\"post--teaser\">\n                <div class=\"title\">Z\u00e1n\u011bt mo\u010dov\u00fdch cest: Kdy\u017e se bakterie E. coli us\u00eddl\u00ed v mo\u010dov\u00e9m m\u011bch\u00fd\u0159i<\/div>\n                <div class=\"description\">\n                    Z\u00e1n\u011bt mo\u010dov\u00fdch cest pat\u0159\u00ed mezi nej\u010dast\u011bj\u0161\u00ed bakteri\u00e1ln\u00ed infekce, kter\u00e9 postihuj\u00ed \u017eeny i mu\u017ee v\u0161ech v\u011bkov\u00fdch\u2026                    <br>\n                    <span class=\"read-more\">\n                            \u010ct\u011bte v\u00edce                        <\/span>\n                <\/div>\n                <div class=\"metadata\"><b>Aktualizov\u00e1no:<\/b> 31. \u010dervence 2025 \u2022 <b>Kategorie:<\/b> Novinky ve v\u00fdzkumu, Zdrav\u00ed \u017eeny<\/div>\n            <\/div>\n        <\/a>\n                <a href=\"https:\/\/www.omni-biotic.com\/cs-cz\/blog\/co-nesmi-chybet-v-cestovni-lekarne\/\"\n           class=\"li-widgets--posts-gallery__post\">\n            <div class=\"post--image__container\">\n                <div class=\"post--image\">\n                    <img loading=\"lazy\" decoding=\"async\" width=\"700\" height=\"500\" src=\"https:\/\/www.omni-biotic.com\/cs-cz\/wp-content\/uploads\/sites\/8\/2023\/06\/700x500-first-aid-kit-1-1.jpg\" class=\"attachment-medium_large size-medium_large wp-post-image\" alt=\"Eine gut sortierte Reiseapotheke hilft den Urlaub in vollen Z\u00fcgen genie\u00dfen zu k\u00f6nnen.\" srcset=\"https:\/\/www.omni-biotic.com\/cs-cz\/wp-content\/uploads\/sites\/8\/2023\/06\/700x500-first-aid-kit-1-1.jpg 700w, https:\/\/www.omni-biotic.com\/cs-cz\/wp-content\/uploads\/sites\/8\/2023\/06\/700x500-first-aid-kit-1-1-300x214.jpg 300w\" sizes=\"(max-width: 700px) 100vw, 700px\" title=\"\">                <\/div>\n            <\/div>\n            <div class=\"post--teaser\">\n                <div class=\"title\">Co nesm\u00ed chyb\u011bt v cestovn\u00ed l\u00e9k\u00e1rni\u010dce<\/div>\n                <div class=\"description\">\n                    Nikdo z n\u00e1s se nevydav\u00e1 na cesty v pevn\u00e9m p\u0159esv\u011bd\u010den\u00ed, \u017ee se zran\u00ed, onemocn\u00ed, nebo\u2026                    <br>\n                    <span class=\"read-more\">\n                            \u010ct\u011bte v\u00edce                        <\/span>\n                <\/div>\n                <div class=\"metadata\"><b>Aktualizov\u00e1no:<\/b> 24. \u010dervence 2025 \u2022 <b>Kategorie:<\/b> Pot\u00ed\u017ee a poradenstv\u00ed<\/div>\n            <\/div>\n        <\/a>\n                <a href=\"https:\/\/www.omni-biotic.com\/cs-cz\/blog\/vaginalni-mikrobiom-a-zdravi-zeny\/\"\n           class=\"li-widgets--posts-gallery__post\">\n            <div class=\"post--image__container\">\n                <div class=\"post--image\">\n                    <img loading=\"lazy\" decoding=\"async\" width=\"768\" height=\"432\" src=\"https:\/\/www.omni-biotic.com\/cs-cz\/wp-content\/uploads\/sites\/8\/2023\/06\/cz-vaginalni-mikrobiom.jpg\" class=\"attachment-medium_large size-medium_large wp-post-image\" alt=\"\" srcset=\"https:\/\/www.omni-biotic.com\/cs-cz\/wp-content\/uploads\/sites\/8\/2023\/06\/cz-vaginalni-mikrobiom.jpg 768w, https:\/\/www.omni-biotic.com\/cs-cz\/wp-content\/uploads\/sites\/8\/2023\/06\/cz-vaginalni-mikrobiom-300x169.jpg 300w\" sizes=\"(max-width: 768px) 100vw, 768px\" title=\"\">                <\/div>\n            <\/div>\n            <div class=\"post--teaser\">\n                <div class=\"title\">Vagin\u00e1ln\u00ed mikrobiom<\/div>\n                <div class=\"description\">\n                    Zdrav\u00fd mikrobiom zaji\u0161\u0165uje ochranu organismu p\u0159ed pr\u016fnikem \u0161kodliv\u00fdch l\u00e1tek z okoln\u00edho prost\u0159ed\u00ed. Nezbytn\u00e1 je siln\u00e1\u2026                    <br>\n                    <span class=\"read-more\">\n                            \u010ct\u011bte v\u00edce                        <\/span>\n                <\/div>\n                <div class=\"metadata\"><b>Aktualizov\u00e1no:<\/b> 17. \u010dervence 2025 \u2022 <b>Kategorie:<\/b> Zdrav\u00ed \u017eeny \u2022 <b>Autor:<\/b> Dr. Verena Stiegelbauer, MSc, BSc<\/div>\n            <\/div>\n        <\/a>\n            <\/div>\n\t\t\t\t<\/div>\n\t\t\t\t<\/div>\n\t\t\t\t\t<\/div>\n\t\t\t\t<\/div>\n\t\t\t\t<\/div>\n\t\t","protected":false},"excerpt":{"rendered":"<p>OMNi-LOGiC\u00ae OMNi-LOGiC\u00ae je na\u0161e zna\u010dka prebiotik. Ne v\u0161echny prosp\u011b\u0161n\u00e9 st\u0159evn\u00ed bakterie lze jednodu\u0161e &#8222;poz\u0159\u00edt&#8220;, proto\u017ee nesn\u00e1\u0161ej\u00ed kysl\u00edk, a proto nedok\u00e1\u017e\u00ed p\u0159e\u017e\u00edt mimo st\u0159evo. P\u0159esto jim ale m\u016f\u017eeme dopomoci ke snadn\u00e9mu mno\u017een\u00ed t\u00edm, \u017ee jim poskytneme jejich &#8222;obl\u00edbenou potravu&#8220; v podob\u011b vybran\u00e9 vl\u00e1kniny (prebiotik). Obl\u00edben\u00e1 potrava prosp\u011b\u0161n\u00fdch st\u0159evn\u00edch bakteri\u00ed got to product got to product got [&hellip;]<\/p>\n","protected":false},"author":3,"featured_media":0,"parent":97,"menu_order":190,"comment_status":"closed","ping_status":"closed","template":"","meta":{"_acf_changed":false,"inline_featured_image":false,"footnotes":""},"class_list":["post-101","page","type-page","status-publish","hentry"],"acf":[],"_links":{"self":[{"href":"https:\/\/www.omni-biotic.com\/cs-cz\/wp-json\/wp\/v2\/pages\/101","targetHints":{"allow":["GET"]}}],"collection":[{"href":"https:\/\/www.omni-biotic.com\/cs-cz\/wp-json\/wp\/v2\/pages"}],"about":[{"href":"https:\/\/www.omni-biotic.com\/cs-cz\/wp-json\/wp\/v2\/types\/page"}],"author":[{"embeddable":true,"href":"https:\/\/www.omni-biotic.com\/cs-cz\/wp-json\/wp\/v2\/users\/3"}],"replies":[{"embeddable":true,"href":"https:\/\/www.omni-biotic.com\/cs-cz\/wp-json\/wp\/v2\/comments?post=101"}],"version-history":[{"count":7,"href":"https:\/\/www.omni-biotic.com\/cs-cz\/wp-json\/wp\/v2\/pages\/101\/revisions"}],"predecessor-version":[{"id":17035,"href":"https:\/\/www.omni-biotic.com\/cs-cz\/wp-json\/wp\/v2\/pages\/101\/revisions\/17035"}],"up":[{"embeddable":true,"href":"https:\/\/www.omni-biotic.com\/cs-cz\/wp-json\/wp\/v2\/pages\/97"}],"wp:attachment":[{"href":"https:\/\/www.omni-biotic.com\/cs-cz\/wp-json\/wp\/v2\/media?parent=101"}],"curies":[{"name":"wp","href":"https:\/\/api.w.org\/{rel}","templated":true}]}}