{"id":131,"date":"2022-03-07T10:07:28","date_gmt":"2022-03-07T09:07:28","guid":{"rendered":"https:\/\/www.omni-biotic.com\/darmgesundheit\/gesundheitszentrale-darm\/darm-leber-achse\/"},"modified":"2024-10-22T15:12:06","modified_gmt":"2024-10-22T13:12:06","slug":"osa-strevo-jatra","status":"publish","type":"page","link":"https:\/\/www.omni-biotic.com\/cs-cz\/zdravi-strev\/strevo-centrala-zdravi\/osa-strevo-jatra\/","title":{"rendered":"Osa st\u0159evo-j\u00e1tra"},"content":{"rendered":"\t\t<div data-elementor-type=\"wp-page\" data-elementor-id=\"131\" class=\"elementor elementor-131\" data-elementor-post-type=\"page\">\n\t\t\t\t<div class=\"elementor-element elementor-element-95b54bc e-con-full obcs none e-flex e-con e-parent\" data-id=\"95b54bc\" data-element_type=\"container\" data-settings=\"{&quot;background_background&quot;:&quot;classic&quot;,&quot;shape_divider_bottom&quot;:&quot;waves&quot;}\">\n\t\t\t\t<div class=\"elementor-shape elementor-shape-bottom\" aria-hidden=\"true\" data-negative=\"false\">\n\t\t\t<svg xmlns=\"http:\/\/www.w3.org\/2000\/svg\" viewBox=\"0 0 1000 100\" preserveAspectRatio=\"none\">\n\t<path class=\"elementor-shape-fill\" d=\"M421.9,6.5c22.6-2.5,51.5,0.4,75.5,5.3c23.6,4.9,70.9,23.5,100.5,35.7c75.8,32.2,133.7,44.5,192.6,49.7\n\tc23.6,2.1,48.7,3.5,103.4-2.5c54.7-6,106.2-25.6,106.2-25.6V0H0v30.3c0,0,72,32.6,158.4,30.5c39.2-0.7,92.8-6.7,134-22.4\n\tc21.2-8.1,52.2-18.2,79.7-24.2C399.3,7.9,411.6,7.5,421.9,6.5z\"\/>\n<\/svg>\t\t<\/div>\n\t\t\t\t<div class=\"elementor-element elementor-element-aef526c elementor-absolute elementor-hidden-mobile elementor-align-center elementor-widget elementor-widget-lottie\" data-id=\"aef526c\" data-element_type=\"widget\" data-settings=\"{&quot;source_json&quot;:{&quot;url&quot;:&quot;https:\\\/\\\/www.omni-biotic.com\\\/cs-cz\\\/wp-content\\\/uploads\\\/sites\\\/8\\\/2022\\\/08\\\/lf30_editor_s5uwdgjh.json&quot;,&quot;id&quot;:&quot;7733&quot;,&quot;size&quot;:&quot;&quot;,&quot;alt&quot;:&quot;&quot;,&quot;source&quot;:&quot;library&quot;},&quot;loop&quot;:&quot;yes&quot;,&quot;play_speed&quot;:{&quot;unit&quot;:&quot;px&quot;,&quot;size&quot;:&quot;0.3&quot;,&quot;sizes&quot;:[]},&quot;_position&quot;:&quot;absolute&quot;,&quot;source&quot;:&quot;media_file&quot;,&quot;caption_source&quot;:&quot;none&quot;,&quot;link_to&quot;:&quot;none&quot;,&quot;trigger&quot;:&quot;arriving_to_viewport&quot;,&quot;viewport&quot;:{&quot;unit&quot;:&quot;%&quot;,&quot;size&quot;:&quot;&quot;,&quot;sizes&quot;:{&quot;start&quot;:0,&quot;end&quot;:100}},&quot;start_point&quot;:{&quot;unit&quot;:&quot;%&quot;,&quot;size&quot;:0,&quot;sizes&quot;:[]},&quot;end_point&quot;:{&quot;unit&quot;:&quot;%&quot;,&quot;size&quot;:100,&quot;sizes&quot;:[]},&quot;renderer&quot;:&quot;svg&quot;}\" data-widget_type=\"lottie.default\">\n\t\t\t\t<div class=\"elementor-widget-container\">\n\t\t\t\t\t<div class=\"e-lottie__container\"><div class=\"e-lottie__animation\"><\/div><\/div>\t\t\t\t<\/div>\n\t\t\t\t<\/div>\n\t\t<div class=\"elementor-element elementor-element-6670ecb e-con-full obcs none e-flex e-con e-child\" data-id=\"6670ecb\" data-element_type=\"container\" data-settings=\"{&quot;background_background&quot;:&quot;gradient&quot;}\">\n\t\t\t\t<div class=\"elementor-element elementor-element-8dacc08 elementor-widget elementor-widget-heading\" data-id=\"8dacc08\" data-element_type=\"widget\" data-widget_type=\"heading.default\">\n\t\t\t\t<div class=\"elementor-widget-container\">\n\t\t\t\t\t<h1 class=\"elementor-heading-title elementor-size-default\">Osa st\u0159evo-j\u00e1tra<\/h1>\t\t\t\t<\/div>\n\t\t\t\t<\/div>\n\t\t\t\t<div class=\"elementor-element elementor-element-fb1c8c2 elementor-widget-divider--view-line elementor-widget elementor-widget-divider\" data-id=\"fb1c8c2\" data-element_type=\"widget\" data-widget_type=\"divider.default\">\n\t\t\t\t<div class=\"elementor-widget-container\">\n\t\t\t\t\t\t\t<div class=\"elementor-divider\">\n\t\t\t<span class=\"elementor-divider-separator\">\n\t\t\t\t\t\t<\/span>\n\t\t<\/div>\n\t\t\t\t\t\t<\/div>\n\t\t\t\t<\/div>\n\t\t\t\t<div class=\"elementor-element elementor-element-4c8a6e7 elementor-widget__width-initial elementor-widget elementor-widget-text-editor\" data-id=\"4c8a6e7\" data-element_type=\"widget\" data-widget_type=\"text-editor.default\">\n\t\t\t\t<div class=\"elementor-widget-container\">\n\t\t\t\t\t\t\t\t\t<p><span style=\"color: var( --e-global-color-text );font-family: var( --e-global-typography-text-font-family ), -apple-system,BlinkMacSystemFont,Segoe UI,Roboto,Helvetica Neue,Arial,Noto Sans,sans-serif;font-size: var( --e-global-typography-text-font-size );font-style: var( --e-global-typography-text-font-style );font-weight: var( --e-global-typography-text-font-weight );letter-spacing: var( --e-global-typography-text-letter-spacing );text-transform: var( --e-global-typography-text-text-transform );background-color: transparent;text-align: var(--text-align)\">J\u00e1tra jsou v\u00fdznamn\u00fd detoxika\u010dn\u00ed a metabolick\u00fd org\u00e1n v na\u0161em t\u011ble. V\u0161e, co p\u0159ij\u00edm\u00e1me, a\u0165 u\u017e jde o potraviny, l\u00e9ky nebo jin\u00e9 toxiny, jako je alkohol, mus\u00ed b\u00fdt rozlo\u017eeno v j\u00e1trech. Detoxika\u010dn\u00ed k\u00fary pomoc\u00ed bylinn\u00fdch p\u0159\u00edpravk\u016f mohou \u010dasto zp\u016fsobit v\u00edce \u0161kody ne\u017e u\u017eitku, proto\u017ee bylinn\u00e9 p\u0159\u00edpravky mohou obsahovat vysok\u00e9 koncentrace \u00fa\u010dinn\u00fdch l\u00e1tek a n\u011bkdy se v j\u00e1trech p\u0159em\u011b\u0148uj\u00ed na je\u0161t\u011b toxi\u010dt\u011bj\u0161\u00ed metabolity.<\/span><\/p>\t\t\t\t\t\t\t\t<\/div>\n\t\t\t\t<\/div>\n\t\t\t\t<\/div>\n\t\t\t\t<\/div>\n\t\t<div class=\"elementor-element elementor-element-366fbad obcs none e-flex e-con-boxed e-con e-parent\" data-id=\"366fbad\" data-element_type=\"container\">\n\t\t\t\t\t<div class=\"e-con-inner\">\n\t\t<div class=\"elementor-element elementor-element-c14799c e-con-full obcs none e-flex e-con e-child\" data-id=\"c14799c\" data-element_type=\"container\">\n\t\t\t\t<div class=\"elementor-element elementor-element-ade5ceb elementor-align-left elementor-widget__width-initial elementor-widget elementor-widget-breadcrumbs\" data-id=\"ade5ceb\" data-element_type=\"widget\" data-widget_type=\"breadcrumbs.default\">\n\t\t\t\t<div class=\"elementor-widget-container\">\n\t\t\t\t\t<span><span class=\"last\">Home<\/span><\/span>\t\t\t\t<\/div>\n\t\t\t\t<\/div>\n\t\t\t\t<\/div>\n\t\t<div class=\"elementor-element elementor-element-852fa5d e-con-full obcs none e-flex e-con e-child\" data-id=\"852fa5d\" data-element_type=\"container\">\n\t\t\t\t<div class=\"elementor-element elementor-element-d3d391f elementor-toc--minimized-on-desktop elementor-widget elementor-widget-table-of-contents\" data-id=\"d3d391f\" data-element_type=\"widget\" data-settings=\"{&quot;exclude_headings_by_selector&quot;:[],&quot;minimized_on&quot;:&quot;desktop&quot;,&quot;_animation&quot;:&quot;none&quot;,&quot;headings_by_tags&quot;:[&quot;h2&quot;,&quot;h3&quot;,&quot;h4&quot;,&quot;h5&quot;,&quot;h6&quot;],&quot;marker_view&quot;:&quot;numbers&quot;,&quot;no_headings_message&quot;:&quot;No headings were found on this page.&quot;,&quot;minimize_box&quot;:&quot;yes&quot;,&quot;hierarchical_view&quot;:&quot;yes&quot;,&quot;min_height&quot;:{&quot;unit&quot;:&quot;px&quot;,&quot;size&quot;:&quot;&quot;,&quot;sizes&quot;:[]},&quot;min_height_tablet&quot;:{&quot;unit&quot;:&quot;px&quot;,&quot;size&quot;:&quot;&quot;,&quot;sizes&quot;:[]},&quot;min_height_mobile&quot;:{&quot;unit&quot;:&quot;px&quot;,&quot;size&quot;:&quot;&quot;,&quot;sizes&quot;:[]}}\" data-widget_type=\"table-of-contents.default\">\n\t\t\t\t<div class=\"elementor-widget-container\">\n\t\t\t\t\t\t\t\t\t<div class=\"elementor-toc__header\">\n\t\t\t\t\t\t<h4 class=\"elementor-toc__header-title\">\n\t\t\t\tObsah\t\t\t<\/h4>\n\t\t\t\t\t\t\t\t\t\t<div class=\"elementor-toc__toggle-button elementor-toc__toggle-button--expand\" role=\"button\" tabindex=\"0\" aria-controls=\"elementor-toc__d3d391f\" aria-expanded=\"true\" aria-label=\"Open table of contents\"><i aria-hidden=\"true\" class=\"fas fa-chevron-down\"><\/i><\/div>\n\t\t\t\t<div class=\"elementor-toc__toggle-button elementor-toc__toggle-button--collapse\" role=\"button\" tabindex=\"0\" aria-controls=\"elementor-toc__d3d391f\" aria-expanded=\"true\" aria-label=\"Close table of contents\"><i aria-hidden=\"true\" class=\"fas fa-chevron-up\"><\/i><\/div>\n\t\t\t\t\t<\/div>\n\t\t\t\t<div id=\"elementor-toc__d3d391f\" class=\"elementor-toc__body\">\n\t\t\t<div class=\"elementor-toc__spinner-container\">\n\t\t\t\t<i class=\"elementor-toc__spinner eicon-animation-spin eicon-loading\" aria-hidden=\"true\"><\/i>\t\t\t<\/div>\n\t\t<\/div>\n\t\t\t\t\t\t<\/div>\n\t\t\t\t<\/div>\n\t\t\t\t<\/div>\n\t\t\t\t\t<\/div>\n\t\t\t\t<\/div>\n\t\t<div class=\"elementor-element elementor-element-b6d6eec obcs none e-flex e-con-boxed e-con e-parent\" data-id=\"b6d6eec\" data-element_type=\"container\">\n\t\t\t\t\t<div class=\"e-con-inner\">\n\t\t\t\t<div class=\"elementor-element elementor-element-1980a55 elementor-widget elementor-widget-text-editor\" data-id=\"1980a55\" data-element_type=\"widget\" data-widget_type=\"text-editor.default\">\n\t\t\t\t<div class=\"elementor-widget-container\">\n\t\t\t\t\t\t\t\t\t<p>St\u0159evo je nejv\u011bt\u0161\u00ed lidsk\u00fd org\u00e1n s plochou p\u0159es 200 m2. M\u00e1 mimo\u0159\u00e1dn\u00fd funk\u010dn\u00ed vztah s j\u00e1try, proto\u017ee \u017eiviny, \u017eivotn\u011b d\u016fle\u017eit\u00e9 l\u00e1tky, ale tak\u00e9 sign\u00e1ln\u00ed molekuly (cytokiny) a bakteri\u00e1ln\u00ed slo\u017eky se do jater dost\u00e1vaj\u00ed nejprve p\u0159es\u00a0 port\u00e1ln\u00ed \u017e\u00edlu. Za norm\u00e1ln\u00edch podm\u00ednek se p\u0159es st\u0159evn\u00ed st\u011bnu do krve dost\u00e1v\u00e1 pouze n\u011bkolik bakteri\u00e1ln\u00edch slo\u017eek, nap\u0159. endotoxiny a bakteri\u00e1ln\u00ed DNA. V j\u00e1trech jsou pak rychle rozlo\u017eeny. Pokud je st\u0159evn\u00ed bari\u00e9ra naru\u0161ena, doch\u00e1z\u00ed k v\u00fdrazn\u011b zv\u00fd\u0161en\u00e9mu p\u0159\u00edlivu bakteri\u00e1ln\u00edch slo\u017eek do jater, kter\u00e1 si s nimi ji\u017e nedok\u00e1\u017eou poradit. To vede k z\u00e1n\u011btliv\u00fdm zm\u011bn\u00e1m v org\u00e1nu, a t\u00edm k po\u0161kozen\u00ed jater.<\/p>\t\t\t\t\t\t\t\t<\/div>\n\t\t\t\t<\/div>\n\t\t\t\t\t<\/div>\n\t\t\t\t<\/div>\n\t\t<div class=\"elementor-element elementor-element-76976f6 obcs blue e-flex e-con-boxed e-con e-parent\" data-id=\"76976f6\" data-element_type=\"container\">\n\t\t\t\t\t<div class=\"e-con-inner\">\n\t\t<div class=\"elementor-element elementor-element-2d55150 e-con-full obcs none e-flex e-con e-child\" data-id=\"2d55150\" data-element_type=\"container\">\n\t\t\t\t<div class=\"elementor-element elementor-element-48c1922 e-transform elementor-widget elementor-widget-image\" data-id=\"48c1922\" data-element_type=\"widget\" data-settings=\"{&quot;_transform_rotateZ_effect&quot;:{&quot;unit&quot;:&quot;px&quot;,&quot;size&quot;:&quot;0&quot;,&quot;sizes&quot;:[]},&quot;_transform_rotate_3d&quot;:&quot;yes&quot;,&quot;_transform_rotateX_effect&quot;:{&quot;unit&quot;:&quot;px&quot;,&quot;size&quot;:&quot;0&quot;,&quot;sizes&quot;:[]},&quot;_transform_rotateY_effect&quot;:{&quot;unit&quot;:&quot;px&quot;,&quot;size&quot;:&quot;-4&quot;,&quot;sizes&quot;:[]},&quot;_transform_perspective_effect&quot;:{&quot;unit&quot;:&quot;px&quot;,&quot;size&quot;:&quot;650&quot;,&quot;sizes&quot;:[]},&quot;_transform_rotateZ_effect_tablet&quot;:{&quot;unit&quot;:&quot;deg&quot;,&quot;size&quot;:&quot;&quot;,&quot;sizes&quot;:[]},&quot;_transform_rotateZ_effect_mobile&quot;:{&quot;unit&quot;:&quot;deg&quot;,&quot;size&quot;:&quot;&quot;,&quot;sizes&quot;:[]},&quot;_transform_rotateX_effect_tablet&quot;:{&quot;unit&quot;:&quot;deg&quot;,&quot;size&quot;:&quot;&quot;,&quot;sizes&quot;:[]},&quot;_transform_rotateX_effect_mobile&quot;:{&quot;unit&quot;:&quot;deg&quot;,&quot;size&quot;:&quot;&quot;,&quot;sizes&quot;:[]},&quot;_transform_rotateY_effect_tablet&quot;:{&quot;unit&quot;:&quot;deg&quot;,&quot;size&quot;:&quot;&quot;,&quot;sizes&quot;:[]},&quot;_transform_rotateY_effect_mobile&quot;:{&quot;unit&quot;:&quot;deg&quot;,&quot;size&quot;:&quot;&quot;,&quot;sizes&quot;:[]},&quot;_transform_perspective_effect_tablet&quot;:{&quot;unit&quot;:&quot;px&quot;,&quot;size&quot;:&quot;&quot;,&quot;sizes&quot;:[]},&quot;_transform_perspective_effect_mobile&quot;:{&quot;unit&quot;:&quot;px&quot;,&quot;size&quot;:&quot;&quot;,&quot;sizes&quot;:[]}}\" data-widget_type=\"image.default\">\n\t\t\t\t<div class=\"elementor-widget-container\">\n\t\t\t\t\t\t\t\t\t\t\t\t\t\t\t<img fetchpriority=\"high\" decoding=\"async\" width=\"800\" height=\"534\" src=\"https:\/\/www.omni-biotic.com\/cs-cz\/wp-content\/uploads\/sites\/8\/2023\/08\/Volkskrankheit-Leberleiden.png\" class=\"attachment-large size-large wp-image-17108\" alt=\"streva jatra\" srcset=\"https:\/\/www.omni-biotic.com\/cs-cz\/wp-content\/uploads\/sites\/8\/2023\/08\/Volkskrankheit-Leberleiden.png 1000w, https:\/\/www.omni-biotic.com\/cs-cz\/wp-content\/uploads\/sites\/8\/2023\/08\/Volkskrankheit-Leberleiden-300x200.png 300w, https:\/\/www.omni-biotic.com\/cs-cz\/wp-content\/uploads\/sites\/8\/2023\/08\/Volkskrankheit-Leberleiden-768x512.png 768w\" sizes=\"(max-width: 800px) 100vw, 800px\" title=\"\">\t\t\t\t\t\t\t\t\t\t\t\t\t\t\t<\/div>\n\t\t\t\t<\/div>\n\t\t\t\t<\/div>\n\t\t<div class=\"elementor-element elementor-element-bc5fd1b e-con-full obcs none e-flex e-con e-child\" data-id=\"bc5fd1b\" data-element_type=\"container\">\n\t\t\t\t<div class=\"elementor-element elementor-element-57ee5f4 elementor-widget elementor-widget-heading\" data-id=\"57ee5f4\" data-element_type=\"widget\" data-widget_type=\"heading.default\">\n\t\t\t\t<div class=\"elementor-widget-container\">\n\t\t\t\t\t<h3 class=\"elementor-heading-title elementor-size-large\">Zp\u016fsobuje na\u0161e st\u0159evn\u00ed mikrofl\u00f3ra nemoci jater?<\/h3>\t\t\t\t<\/div>\n\t\t\t\t<\/div>\n\t\t\t\t<div class=\"elementor-element elementor-element-f77ffc3 elementor-widget-mobile__width-inherit elementor-widget elementor-widget-text-editor\" data-id=\"f77ffc3\" data-element_type=\"widget\" data-widget_type=\"text-editor.default\">\n\t\t\t\t<div class=\"elementor-widget-container\">\n\t\t\t\t\t\t\t\t\t<p>Jatern\u00ed cirh\u00f3za se st\u00e1le \u010dast\u011bji st\u00e1v\u00e1 kone\u010dn\u00fdm st\u00e1diem mnoha chronick\u00fdch onemocn\u011bn\u00ed jater. U jatern\u00ed cirh\u00f3zy je masivn\u011b naru\u0161eno slo\u017een\u00ed st\u0159evn\u00ed mikrofl\u00f3ry a modern\u00ed laboratorn\u00ed techniky prok\u00e1zaly sn\u00ed\u017een\u00ed jej\u00ed rozmanitosti a p\u0159evahu \u0161kodliv\u00fdch z\u00e1rodk\u016f. Zvl\u00e1\u0161t\u011b n\u00e1padn\u00e1 je &#8222;oralizace&#8220; st\u0159evn\u00edho mikrobiomu &#8211; typick\u00e9 baktrerie dutiny \u00fastn\u00ed se ve st\u0159ev\u011b vyskytuj\u00ed ve zv\u00fd\u0161en\u00e9m po\u010dtu. Soub\u011b\u017en\u011b s t\u00edm se sni\u017euje po\u010det bakteri\u00ed, kter\u00fdm jsou p\u0159ipisov\u00e1ny pozitivn\u00ed \u00fa\u010dinky na \u010dlov\u011bka. D\u016fsledkem t\u011bchto zm\u011bn st\u0159evn\u00ed mikrofl\u00f3ry je syndrom zv\u00fd\u0161en\u00e9 propustnosti st\u0159ev (&#8222;Leaky gut) a invaze bakteri\u00e1ln\u00edch slo\u017eek do krevn\u00edho ob\u011bhu.<\/p>\t\t\t\t\t\t\t\t<\/div>\n\t\t\t\t<\/div>\n\t\t\t\t<div class=\"elementor-element elementor-element-74392fa elementor-widget elementor-widget-button\" data-id=\"74392fa\" data-element_type=\"widget\" data-widget_type=\"button.default\">\n\t\t\t\t<div class=\"elementor-widget-container\">\n\t\t\t\t\t\t\t\t\t<div class=\"elementor-button-wrapper\">\n\t\t\t\t\t<a class=\"elementor-button elementor-button-link elementor-size-lg\" href=\"https:\/\/www.omni-biotic.com\/cs-cz\/blog\/zpusobuje-strevni-mikroflora-onemocneni-jater\/\">\n\t\t\t\t\t\t<span class=\"elementor-button-content-wrapper\">\n\t\t\t\t\t\t\t\t\t<span class=\"elementor-button-text\">Do\u010dt\u011bte se v\u00edce o j\u00e1trech a st\u0159evn\u00ed mikrofl\u00f3\u0159e<\/span>\n\t\t\t\t\t<\/span>\n\t\t\t\t\t<\/a>\n\t\t\t\t<\/div>\n\t\t\t\t\t\t\t\t<\/div>\n\t\t\t\t<\/div>\n\t\t\t\t<\/div>\n\t\t\t\t\t<\/div>\n\t\t\t\t<\/div>\n\t\t<div class=\"elementor-element elementor-element-68c962e obcs magenta e-flex e-con-boxed e-con e-parent\" data-id=\"68c962e\" data-element_type=\"container\" data-settings=\"{&quot;background_background&quot;:&quot;classic&quot;,&quot;shape_divider_top&quot;:&quot;waves&quot;,&quot;shape_divider_bottom&quot;:&quot;waves&quot;}\">\n\t\t\t\t\t<div class=\"e-con-inner\">\n\t\t\t\t<div class=\"elementor-shape elementor-shape-top\" aria-hidden=\"true\" data-negative=\"false\">\n\t\t\t<svg xmlns=\"http:\/\/www.w3.org\/2000\/svg\" viewBox=\"0 0 1000 100\" preserveAspectRatio=\"none\">\n\t<path class=\"elementor-shape-fill\" d=\"M421.9,6.5c22.6-2.5,51.5,0.4,75.5,5.3c23.6,4.9,70.9,23.5,100.5,35.7c75.8,32.2,133.7,44.5,192.6,49.7\n\tc23.6,2.1,48.7,3.5,103.4-2.5c54.7-6,106.2-25.6,106.2-25.6V0H0v30.3c0,0,72,32.6,158.4,30.5c39.2-0.7,92.8-6.7,134-22.4\n\tc21.2-8.1,52.2-18.2,79.7-24.2C399.3,7.9,411.6,7.5,421.9,6.5z\"\/>\n<\/svg>\t\t<\/div>\n\t\t\t\t<div class=\"elementor-shape elementor-shape-bottom\" aria-hidden=\"true\" data-negative=\"false\">\n\t\t\t<svg xmlns=\"http:\/\/www.w3.org\/2000\/svg\" viewBox=\"0 0 1000 100\" preserveAspectRatio=\"none\">\n\t<path class=\"elementor-shape-fill\" d=\"M421.9,6.5c22.6-2.5,51.5,0.4,75.5,5.3c23.6,4.9,70.9,23.5,100.5,35.7c75.8,32.2,133.7,44.5,192.6,49.7\n\tc23.6,2.1,48.7,3.5,103.4-2.5c54.7-6,106.2-25.6,106.2-25.6V0H0v30.3c0,0,72,32.6,158.4,30.5c39.2-0.7,92.8-6.7,134-22.4\n\tc21.2-8.1,52.2-18.2,79.7-24.2C399.3,7.9,411.6,7.5,421.9,6.5z\"\/>\n<\/svg>\t\t<\/div>\n\t\t\t\t<div class=\"elementor-element elementor-element-856bff0 elementor-widget__width-inherit elementor-widget elementor-widget-heading\" data-id=\"856bff0\" data-element_type=\"widget\" data-widget_type=\"heading.default\">\n\t\t\t\t<div class=\"elementor-widget-container\">\n\t\t\t\t\t<h2 class=\"elementor-heading-title elementor-size-default\">Jatern\u00ed pot\u00ed\u017ee coby civiliza\u010dn\u00ed nemoc?<\/h2>\t\t\t\t<\/div>\n\t\t\t\t<\/div>\n\t\t\t\t<div class=\"elementor-element elementor-element-aeb10e8 elementor-widget elementor-widget-text-editor\" data-id=\"aeb10e8\" data-element_type=\"widget\" data-widget_type=\"text-editor.default\">\n\t\t\t\t<div class=\"elementor-widget-container\">\n\t\t\t\t\t\t\t\t\t<p>Pro mnoho lid\u00ed je v\u0161ak obt\u00ed\u017en\u00e9 v\u00e9st zdrav\u00fd \u017eivotn\u00ed styl s mal\u00fdm mno\u017estv\u00edm tuku a cukru a ne nadarmo se na\u0161e spole\u010dnost pot\u00fdk\u00e1 s opravdovou epidemi\u00ed obezity. V sou\u010dasn\u00e9 dob\u011b je ob\u00e9zn\u00edch t\u00e9m\u011b\u0159 30 % sv\u011btov\u00e9 populace a do roku 2030 bude obezitou posti\u017een t\u00e9m\u011b\u0159 ka\u017ed\u00fd druh\u00fd \u010dlov\u011bk. V d\u016fsledku tohoto v\u00fdvoje je na vzestupu tak\u00e9 ztukovat\u011bn\u00ed jater &#8211; u lid\u00ed s nadv\u00e1hou je riziko vzniku ztukovat\u011bn\u00ed jater 80 % a u lid\u00ed holduj\u00edc\u00edch alkoholu je riziko vzniku tohoto onemocn\u011bn\u00ed 50 %.<\/p>\t\t\t\t\t\t\t\t<\/div>\n\t\t\t\t<\/div>\n\t\t\t\t\t<\/div>\n\t\t\t\t<\/div>\n\t\t<div class=\"elementor-element elementor-element-6fc36fd obcs yellow e-flex e-con-boxed e-con e-parent\" data-id=\"6fc36fd\" data-element_type=\"container\">\n\t\t\t\t\t<div class=\"e-con-inner\">\n\t\t<div class=\"elementor-element elementor-element-f1fac4c e-con-full obcs none e-flex e-con e-child\" data-id=\"f1fac4c\" data-element_type=\"container\">\n\t\t\t\t<div class=\"elementor-element elementor-element-73fc37d e-transform elementor-widget elementor-widget-image\" data-id=\"73fc37d\" data-element_type=\"widget\" data-settings=\"{&quot;_transform_rotateZ_effect&quot;:{&quot;unit&quot;:&quot;px&quot;,&quot;size&quot;:&quot;0&quot;,&quot;sizes&quot;:[]},&quot;_transform_rotate_3d&quot;:&quot;yes&quot;,&quot;_transform_rotateX_effect&quot;:{&quot;unit&quot;:&quot;px&quot;,&quot;size&quot;:&quot;0&quot;,&quot;sizes&quot;:[]},&quot;_transform_rotateY_effect&quot;:{&quot;unit&quot;:&quot;px&quot;,&quot;size&quot;:&quot;4&quot;,&quot;sizes&quot;:[]},&quot;_transform_perspective_effect&quot;:{&quot;unit&quot;:&quot;px&quot;,&quot;size&quot;:&quot;650&quot;,&quot;sizes&quot;:[]},&quot;_transform_rotateZ_effect_tablet&quot;:{&quot;unit&quot;:&quot;deg&quot;,&quot;size&quot;:&quot;&quot;,&quot;sizes&quot;:[]},&quot;_transform_rotateZ_effect_mobile&quot;:{&quot;unit&quot;:&quot;deg&quot;,&quot;size&quot;:&quot;&quot;,&quot;sizes&quot;:[]},&quot;_transform_rotateX_effect_tablet&quot;:{&quot;unit&quot;:&quot;deg&quot;,&quot;size&quot;:&quot;&quot;,&quot;sizes&quot;:[]},&quot;_transform_rotateX_effect_mobile&quot;:{&quot;unit&quot;:&quot;deg&quot;,&quot;size&quot;:&quot;&quot;,&quot;sizes&quot;:[]},&quot;_transform_rotateY_effect_tablet&quot;:{&quot;unit&quot;:&quot;deg&quot;,&quot;size&quot;:&quot;&quot;,&quot;sizes&quot;:[]},&quot;_transform_rotateY_effect_mobile&quot;:{&quot;unit&quot;:&quot;deg&quot;,&quot;size&quot;:&quot;&quot;,&quot;sizes&quot;:[]},&quot;_transform_perspective_effect_tablet&quot;:{&quot;unit&quot;:&quot;px&quot;,&quot;size&quot;:&quot;&quot;,&quot;sizes&quot;:[]},&quot;_transform_perspective_effect_mobile&quot;:{&quot;unit&quot;:&quot;px&quot;,&quot;size&quot;:&quot;&quot;,&quot;sizes&quot;:[]}}\" data-widget_type=\"image.default\">\n\t\t\t\t<div class=\"elementor-widget-container\">\n\t\t\t\t\t\t\t\t\t\t\t\t\t\t\t<img decoding=\"async\" width=\"800\" height=\"534\" src=\"https:\/\/www.omni-biotic.com\/cs-cz\/wp-content\/uploads\/sites\/8\/2023\/08\/Neues-zur-Darm-Leber-Achse.png\" class=\"attachment-large size-large wp-image-17110\" alt=\"\" srcset=\"https:\/\/www.omni-biotic.com\/cs-cz\/wp-content\/uploads\/sites\/8\/2023\/08\/Neues-zur-Darm-Leber-Achse.png 1000w, https:\/\/www.omni-biotic.com\/cs-cz\/wp-content\/uploads\/sites\/8\/2023\/08\/Neues-zur-Darm-Leber-Achse-300x200.png 300w, https:\/\/www.omni-biotic.com\/cs-cz\/wp-content\/uploads\/sites\/8\/2023\/08\/Neues-zur-Darm-Leber-Achse-768x512.png 768w\" sizes=\"(max-width: 800px) 100vw, 800px\" title=\"\">\t\t\t\t\t\t\t\t\t\t\t\t\t\t\t<\/div>\n\t\t\t\t<\/div>\n\t\t\t\t<\/div>\n\t\t<div class=\"elementor-element elementor-element-58a8d7b e-con-full obcs none e-flex e-con e-child\" data-id=\"58a8d7b\" data-element_type=\"container\">\n\t\t\t\t<div class=\"elementor-element elementor-element-c5e16dd elementor-widget elementor-widget-heading\" data-id=\"c5e16dd\" data-element_type=\"widget\" data-widget_type=\"heading.default\">\n\t\t\t\t<div class=\"elementor-widget-container\">\n\t\t\t\t\t<h2 class=\"elementor-heading-title elementor-size-large\">Novinky k t\u00e9matu \"Osa st\u0159evo-j\u00e1tra\"<\/h2>\t\t\t\t<\/div>\n\t\t\t\t<\/div>\n\t\t\t\t<div class=\"elementor-element elementor-element-51d35b9 elementor-widget-mobile__width-inherit elementor-widget elementor-widget-text-editor\" data-id=\"51d35b9\" data-element_type=\"widget\" data-widget_type=\"text-editor.default\">\n\t\t\t\t<div class=\"elementor-widget-container\">\n\t\t\t\t\t\t\t\t\t<p>Detoxikace je jednou z hlavn\u00edch funkc\u00ed jater. To, jak moc je tento org\u00e1n denn\u011b vyu\u017e\u00edv\u00e1n, z\u00e1vis\u00ed mimo jin\u00e9 na spr\u00e1vn\u00e9 funkci st\u0159ev. Prof. Anita Frauwallner se pt\u00e1 Univ. Prof. Dr. Vanessy Stadlbauer-K\u00f6llner z L\u00e9ka\u0159sk\u00e9 Univerzity ve \u0160t\u00fdrsk\u00e9m Hradci. Odbornice p\u0159in\u00e1\u0161\u00ed poznatky o v\u00fdzkumu probiotik, kter\u00fd n\u00e1m ji\u017e p\u0159inesl cenn\u00e9 informace, co se jater a st\u0159ev v boji proti civiliza\u010dn\u00edm chorob\u00e1m a jejich l\u00e9\u010dby t\u00fd\u010de.<\/p>\t\t\t\t\t\t\t\t<\/div>\n\t\t\t\t<\/div>\n\t\t\t\t<div class=\"elementor-element elementor-element-9e0ef21 elementor-widget elementor-widget-button\" data-id=\"9e0ef21\" data-element_type=\"widget\" data-widget_type=\"button.default\">\n\t\t\t\t<div class=\"elementor-widget-container\">\n\t\t\t\t\t\t\t\t\t<div class=\"elementor-button-wrapper\">\n\t\t\t\t\t<a class=\"elementor-button elementor-button-link elementor-size-lg\" href=\"https:\/\/www.omni-biotic.com\/cs-cz\/blog\/zpusobuje-strevni-mikroflora-onemocneni-jater\/\">\n\t\t\t\t\t\t<span class=\"elementor-button-content-wrapper\">\n\t\t\t\t\t\t\t\t\t<span class=\"elementor-button-text\">Rozhovor s Univ.-Prof. Dr. Stadlbauer-K\u00f6llner<\/span>\n\t\t\t\t\t<\/span>\n\t\t\t\t\t<\/a>\n\t\t\t\t<\/div>\n\t\t\t\t\t\t\t\t<\/div>\n\t\t\t\t<\/div>\n\t\t\t\t<\/div>\n\t\t\t\t\t<\/div>\n\t\t\t\t<\/div>\n\t\t\t\t<\/div>\n\t\t","protected":false},"excerpt":{"rendered":"<p>Osa st\u0159evo-j\u00e1tra J\u00e1tra jsou v\u00fdznamn\u00fd detoxika\u010dn\u00ed a metabolick\u00fd org\u00e1n v na\u0161em t\u011ble. V\u0161e, co p\u0159ij\u00edm\u00e1me, a\u0165 u\u017e jde o potraviny, l\u00e9ky nebo jin\u00e9 toxiny, jako je alkohol, mus\u00ed b\u00fdt rozlo\u017eeno v j\u00e1trech. Detoxika\u010dn\u00ed k\u00fary pomoc\u00ed bylinn\u00fdch p\u0159\u00edpravk\u016f mohou \u010dasto zp\u016fsobit v\u00edce \u0161kody ne\u017e u\u017eitku, proto\u017ee bylinn\u00e9 p\u0159\u00edpravky mohou obsahovat vysok\u00e9 koncentrace \u00fa\u010dinn\u00fdch l\u00e1tek a n\u011bkdy [&hellip;]<\/p>\n","protected":false},"author":3,"featured_media":0,"parent":117,"menu_order":340,"comment_status":"closed","ping_status":"closed","template":"","meta":{"_acf_changed":false,"inline_featured_image":false,"footnotes":""},"class_list":["post-131","page","type-page","status-publish","hentry"],"acf":[],"_links":{"self":[{"href":"https:\/\/www.omni-biotic.com\/cs-cz\/wp-json\/wp\/v2\/pages\/131","targetHints":{"allow":["GET"]}}],"collection":[{"href":"https:\/\/www.omni-biotic.com\/cs-cz\/wp-json\/wp\/v2\/pages"}],"about":[{"href":"https:\/\/www.omni-biotic.com\/cs-cz\/wp-json\/wp\/v2\/types\/page"}],"author":[{"embeddable":true,"href":"https:\/\/www.omni-biotic.com\/cs-cz\/wp-json\/wp\/v2\/users\/3"}],"replies":[{"embeddable":true,"href":"https:\/\/www.omni-biotic.com\/cs-cz\/wp-json\/wp\/v2\/comments?post=131"}],"version-history":[{"count":7,"href":"https:\/\/www.omni-biotic.com\/cs-cz\/wp-json\/wp\/v2\/pages\/131\/revisions"}],"predecessor-version":[{"id":19331,"href":"https:\/\/www.omni-biotic.com\/cs-cz\/wp-json\/wp\/v2\/pages\/131\/revisions\/19331"}],"up":[{"embeddable":true,"href":"https:\/\/www.omni-biotic.com\/cs-cz\/wp-json\/wp\/v2\/pages\/117"}],"wp:attachment":[{"href":"https:\/\/www.omni-biotic.com\/cs-cz\/wp-json\/wp\/v2\/media?parent=131"}],"curies":[{"name":"wp","href":"https:\/\/api.w.org\/{rel}","templated":true}]}}