{"id":137,"date":"2022-03-07T10:07:28","date_gmt":"2022-03-07T09:07:28","guid":{"rendered":"https:\/\/www.omni-biotic.com\/darmgesundheit\/einflussbereiche-des-darms\/"},"modified":"2024-06-12T10:14:26","modified_gmt":"2024-06-12T08:14:26","slug":"oblasti-pusobeni-streva","status":"publish","type":"page","link":"https:\/\/www.omni-biotic.com\/cs-cz\/zdravi-strev\/oblasti-pusobeni-streva\/","title":{"rendered":"Oblasti p\u016fsoben\u00ed st\u0159eva"},"content":{"rendered":"\t\t<div data-elementor-type=\"wp-page\" data-elementor-id=\"137\" class=\"elementor elementor-137\" data-elementor-post-type=\"page\">\n\t\t\t\t<div class=\"elementor-element elementor-element-db705a9 e-con-full obcs green e-flex e-con e-parent\" data-id=\"db705a9\" data-element_type=\"container\" data-settings=\"{&quot;background_background&quot;:&quot;gradient&quot;,&quot;shape_divider_bottom&quot;:&quot;waves&quot;}\">\n\t\t\t\t<div class=\"elementor-shape elementor-shape-bottom\" aria-hidden=\"true\" data-negative=\"false\">\n\t\t\t<svg xmlns=\"http:\/\/www.w3.org\/2000\/svg\" viewBox=\"0 0 1000 100\" preserveAspectRatio=\"none\">\n\t<path class=\"elementor-shape-fill\" d=\"M421.9,6.5c22.6-2.5,51.5,0.4,75.5,5.3c23.6,4.9,70.9,23.5,100.5,35.7c75.8,32.2,133.7,44.5,192.6,49.7\n\tc23.6,2.1,48.7,3.5,103.4-2.5c54.7-6,106.2-25.6,106.2-25.6V0H0v30.3c0,0,72,32.6,158.4,30.5c39.2-0.7,92.8-6.7,134-22.4\n\tc21.2-8.1,52.2-18.2,79.7-24.2C399.3,7.9,411.6,7.5,421.9,6.5z\"\/>\n<\/svg>\t\t<\/div>\n\t\t\t\t<div class=\"elementor-element elementor-element-240e35e elementor-absolute elementor-hidden-mobile elementor-align-center elementor-widget elementor-widget-lottie\" data-id=\"240e35e\" data-element_type=\"widget\" data-settings=\"{&quot;source_json&quot;:{&quot;url&quot;:&quot;https:\\\/\\\/www.omni-biotic.com\\\/cs-cz\\\/wp-content\\\/uploads\\\/sites\\\/8\\\/2022\\\/08\\\/lf30_editor_s5uwdgjh.json&quot;,&quot;id&quot;:&quot;7733&quot;,&quot;size&quot;:&quot;&quot;,&quot;alt&quot;:&quot;&quot;,&quot;source&quot;:&quot;library&quot;},&quot;loop&quot;:&quot;yes&quot;,&quot;play_speed&quot;:{&quot;unit&quot;:&quot;px&quot;,&quot;size&quot;:&quot;0.3&quot;,&quot;sizes&quot;:[]},&quot;_position&quot;:&quot;absolute&quot;,&quot;source&quot;:&quot;media_file&quot;,&quot;caption_source&quot;:&quot;none&quot;,&quot;link_to&quot;:&quot;none&quot;,&quot;trigger&quot;:&quot;arriving_to_viewport&quot;,&quot;viewport&quot;:{&quot;unit&quot;:&quot;%&quot;,&quot;size&quot;:&quot;&quot;,&quot;sizes&quot;:{&quot;start&quot;:0,&quot;end&quot;:100}},&quot;start_point&quot;:{&quot;unit&quot;:&quot;%&quot;,&quot;size&quot;:0,&quot;sizes&quot;:[]},&quot;end_point&quot;:{&quot;unit&quot;:&quot;%&quot;,&quot;size&quot;:100,&quot;sizes&quot;:[]},&quot;renderer&quot;:&quot;svg&quot;}\" data-widget_type=\"lottie.default\">\n\t\t\t\t<div class=\"elementor-widget-container\">\n\t\t\t\t\t<div class=\"e-lottie__container\"><div class=\"e-lottie__animation\"><\/div><\/div>\t\t\t\t<\/div>\n\t\t\t\t<\/div>\n\t\t<div class=\"elementor-element elementor-element-5c8e214 e-con-full obcs green e-flex e-con e-child\" data-id=\"5c8e214\" data-element_type=\"container\" data-settings=\"{&quot;background_background&quot;:&quot;gradient&quot;}\">\n\t\t\t\t<div class=\"elementor-element elementor-element-e81a012 elementor-widget elementor-widget-heading\" data-id=\"e81a012\" data-element_type=\"widget\" data-widget_type=\"heading.default\">\n\t\t\t\t<div class=\"elementor-widget-container\">\n\t\t\t\t\t<h1 class=\"elementor-heading-title elementor-size-default\">Oblasti p\u016fsoben\u00ed st\u0159eva<\/h1>\t\t\t\t<\/div>\n\t\t\t\t<\/div>\n\t\t\t\t<div class=\"elementor-element elementor-element-5bb867d elementor-widget-divider--view-line elementor-widget elementor-widget-divider\" data-id=\"5bb867d\" data-element_type=\"widget\" data-widget_type=\"divider.default\">\n\t\t\t\t<div class=\"elementor-widget-container\">\n\t\t\t\t\t\t\t<div class=\"elementor-divider\">\n\t\t\t<span class=\"elementor-divider-separator\">\n\t\t\t\t\t\t<\/span>\n\t\t<\/div>\n\t\t\t\t\t\t<\/div>\n\t\t\t\t<\/div>\n\t\t\t\t<div class=\"elementor-element elementor-element-d04f78c elementor-widget elementor-widget-text-editor\" data-id=\"d04f78c\" data-element_type=\"widget\" data-widget_type=\"text-editor.default\">\n\t\t\t\t<div class=\"elementor-widget-container\">\n\t\t\t\t\t\t\t\t\t<p><strong>St\u0159evo<\/strong> je <strong>centrem<\/strong> mnoha d\u016fle\u017eit\u00fdch proces\u016f v t\u011ble, kter\u00e9 jsou nezbytn\u00e9 pro <strong>zdrav\u00ed \u010dlov\u011bka.<\/strong> Pln\u00ed \u017eivotn\u011b d\u016fle\u017eit\u00e9 \u00fakoly, p\u0159i nich\u017e je z\u00e1visl\u00e9 na pomoci sv\u00fdch mal\u00fdch obyvatel, <strong>st\u0159evn\u00edch bakteri\u00ed.<\/strong><\/p>\t\t\t\t\t\t\t\t<\/div>\n\t\t\t\t<\/div>\n\t\t\t\t<\/div>\n\t\t\t\t<\/div>\n\t\t<div class=\"elementor-element elementor-element-db98ae6 obcs none e-flex e-con-boxed e-con e-parent\" data-id=\"db98ae6\" data-element_type=\"container\">\n\t\t\t\t\t<div class=\"e-con-inner\">\n\t\t<div class=\"elementor-element elementor-element-d845867 obcs none e-flex e-con-boxed e-con e-child\" data-id=\"d845867\" data-element_type=\"container\">\n\t\t\t\t\t<div class=\"e-con-inner\">\n\t\t<div class=\"elementor-element elementor-element-2411504 e-con-full obcs none e-flex e-con e-child\" data-id=\"2411504\" data-element_type=\"container\">\n\t\t\t\t<div class=\"elementor-element elementor-element-510a259 elementor-widget elementor-widget-breadcrumbs\" data-id=\"510a259\" data-element_type=\"widget\" data-widget_type=\"breadcrumbs.default\">\n\t\t\t\t<div class=\"elementor-widget-container\">\n\t\t\t\t\t<nav aria-label=\"breadcrumbs\" class=\"rank-math-breadcrumb\"><p><span class=\"last\">Home<\/span><\/p><\/nav>\t\t\t\t<\/div>\n\t\t\t\t<\/div>\n\t\t\t\t<\/div>\n\t\t<div class=\"elementor-element elementor-element-fddcf0b e-con-full obcs none e-flex e-con e-child\" data-id=\"fddcf0b\" data-element_type=\"container\">\n\t\t\t\t<div class=\"elementor-element elementor-element-9411bfd elementor-toc--minimized-on-desktop elementor-widget elementor-widget-table-of-contents\" data-id=\"9411bfd\" data-element_type=\"widget\" data-settings=\"{&quot;exclude_headings_by_selector&quot;:[],&quot;minimized_on&quot;:&quot;desktop&quot;,&quot;_animation&quot;:&quot;none&quot;,&quot;headings_by_tags&quot;:[&quot;h2&quot;,&quot;h3&quot;,&quot;h4&quot;,&quot;h5&quot;,&quot;h6&quot;],&quot;marker_view&quot;:&quot;numbers&quot;,&quot;no_headings_message&quot;:&quot;No headings were found on this page.&quot;,&quot;minimize_box&quot;:&quot;yes&quot;,&quot;hierarchical_view&quot;:&quot;yes&quot;,&quot;min_height&quot;:{&quot;unit&quot;:&quot;px&quot;,&quot;size&quot;:&quot;&quot;,&quot;sizes&quot;:[]},&quot;min_height_tablet&quot;:{&quot;unit&quot;:&quot;px&quot;,&quot;size&quot;:&quot;&quot;,&quot;sizes&quot;:[]},&quot;min_height_mobile&quot;:{&quot;unit&quot;:&quot;px&quot;,&quot;size&quot;:&quot;&quot;,&quot;sizes&quot;:[]}}\" data-widget_type=\"table-of-contents.default\">\n\t\t\t\t<div class=\"elementor-widget-container\">\n\t\t\t\t\t\t\t\t\t<div class=\"elementor-toc__header\">\n\t\t\t\t\t\t<h4 class=\"elementor-toc__header-title\">\n\t\t\t\tObsah\t\t\t<\/h4>\n\t\t\t\t\t\t\t\t\t\t<div class=\"elementor-toc__toggle-button elementor-toc__toggle-button--expand\" role=\"button\" tabindex=\"0\" aria-controls=\"elementor-toc__9411bfd\" aria-expanded=\"true\" aria-label=\"Open table of contents\"><i aria-hidden=\"true\" class=\"fas fa-chevron-down\"><\/i><\/div>\n\t\t\t\t<div class=\"elementor-toc__toggle-button elementor-toc__toggle-button--collapse\" role=\"button\" tabindex=\"0\" aria-controls=\"elementor-toc__9411bfd\" aria-expanded=\"true\" aria-label=\"Close table of contents\"><i aria-hidden=\"true\" class=\"fas fa-chevron-up\"><\/i><\/div>\n\t\t\t\t\t<\/div>\n\t\t\t\t<div id=\"elementor-toc__9411bfd\" class=\"elementor-toc__body\">\n\t\t\t<div class=\"elementor-toc__spinner-container\">\n\t\t\t\t<i class=\"elementor-toc__spinner eicon-animation-spin eicon-loading\" aria-hidden=\"true\"><\/i>\t\t\t<\/div>\n\t\t<\/div>\n\t\t\t\t\t\t<\/div>\n\t\t\t\t<\/div>\n\t\t\t\t<\/div>\n\t\t\t\t\t<\/div>\n\t\t\t\t<\/div>\n\t\t\t\t\t<\/div>\n\t\t\t\t<\/div>\n\t\t<div class=\"elementor-element elementor-element-2271a46 obcs none e-flex e-con-boxed e-con e-parent\" data-id=\"2271a46\" data-element_type=\"container\">\n\t\t\t\t\t<div class=\"e-con-inner\">\n\t\t<div class=\"elementor-element elementor-element-b6182c2 e-con-full obcs none e-flex e-con e-child\" data-id=\"b6182c2\" data-element_type=\"container\">\n\t\t\t\t<div class=\"elementor-element elementor-element-a7c4986 elementor-widget elementor-widget-heading\" data-id=\"a7c4986\" data-element_type=\"widget\" data-widget_type=\"heading.default\">\n\t\t\t\t<div class=\"elementor-widget-container\">\n\t\t\t\t\t<h2 class=\"elementor-heading-title elementor-size-default\">V\u00edc ne\u017e jen trubice na tr\u00e1ven\u00ed<\/h2>\t\t\t\t<\/div>\n\t\t\t\t<\/div>\n\t\t\t\t<div class=\"elementor-element elementor-element-9996a91 elementor-widget elementor-widget-text-editor\" data-id=\"9996a91\" data-element_type=\"widget\" data-widget_type=\"text-editor.default\">\n\t\t\t\t<div class=\"elementor-widget-container\">\n\t\t\t\t\t\t\t\t\t<p>St\u0159evo je mnohem v\u00edc ne\u017e jen &#8222;tr\u00e1vic\u00ed trubice&#8220;. St\u0159evo je domovem asi <strong>2 kg bakteri\u00ed<\/strong> a d\u00edky milion\u016fm biochemick\u00fdch proces\u016f tvo\u0159\u00ed pravd\u011bpodobn\u011b <strong>nejrozmanit\u011bj\u0161\u00ed org\u00e1n<\/strong> v t\u011ble.<\/p><p>Vl\u00e1knina metabolizovan\u00e1 v <strong>tlust\u00e9m st\u0159ev\u011b<\/strong> na mastn\u00e9 <strong>kyseliny s kr\u00e1tk\u00fdm \u0159et\u011bzcem<\/strong> je vst\u0159eb\u00e1v\u00e1na t\u00e9m\u011b\u0159 v\u0161emi tk\u00e1n\u011bmi t\u011bla a je d\u016fle\u017eit\u00e1 pro <strong>energetick\u00fd metabolismus<\/strong> bun\u011bk, reguluje <strong>z\u00e1n\u011btliv\u00e9 procesy<\/strong> a slou\u017e\u00ed d\u016fle\u017eit\u00fdm bu\u0148k\u00e1m tlust\u00e9ho st\u0159eva coby <strong>zdroj energie.<\/strong> <strong>70 % v\u0161ech imunitn\u00edch bun\u011bk produkuj\u00edc\u00edch protil\u00e1tky nach\u00e1z\u00ed ve st\u0159evech<\/strong>, co\u017e z n\u011bj \u010din\u00ed &#8222;imunitn\u00ed centr\u00e1lu&#8220;. Ve st\u0159ev\u011b je tvo\u0159eno a\u017e <strong>20 r\u016fzn\u00fdch hormon\u016f,<\/strong> z nich\u017e n\u011bkter\u00e9 komunikuj\u00ed s mozkem, a jsou tak d\u016fle\u017eit\u00fdmi sou\u010d\u00e1stmi tzv. <strong>osy st\u0159evo-mozek. <\/strong><\/p><p>St\u0159evn\u00ed bakterie mohou tak\u00e9 zasahovat do regulace t\u011blesn\u00e9 hmotnosti. <strong>Nevyv\u00e1\u017een\u00e9 slo\u017een\u00ed<\/strong> <strong>st\u0159evn\u00ed mikrofl\u00f3ry<\/strong> m\u016f\u017ee m\u00edt nep\u0159\u00edzniv\u00fd vliv na na\u0161e <strong>zdrav\u00ed.<\/strong> <strong>Na slo\u017een\u00ed st\u0159evn\u00edch bakteri\u00ed<\/strong> m\u00e1 naopak <strong>vliv mnoho faktor\u016f,<\/strong> jako je \u017eivotn\u00ed styl, strava, stres, vlivy prost\u0159ed\u00ed nebo l\u00e9ky.<\/p>\t\t\t\t\t\t\t\t<\/div>\n\t\t\t\t<\/div>\n\t\t\t\t<\/div>\n\t\t\t\t\t<\/div>\n\t\t\t\t<\/div>\n\t\t<div class=\"elementor-element elementor-element-48ac9d0 obcs green e-flex e-con-boxed e-con e-parent\" data-id=\"48ac9d0\" data-element_type=\"container\">\n\t\t\t\t\t<div class=\"e-con-inner\">\n\t\t<div class=\"elementor-element elementor-element-43934ab e-con-full obcs none e-flex e-con e-child\" data-id=\"43934ab\" data-element_type=\"container\">\n\t\t\t\t<div class=\"elementor-element elementor-element-4023be9 elementor-widget elementor-widget-heading\" data-id=\"4023be9\" data-element_type=\"widget\" data-widget_type=\"heading.default\">\n\t\t\t\t<div class=\"elementor-widget-container\">\n\t\t\t\t\t<h2 class=\"elementor-heading-title elementor-size-default\">Oblasti p\u016fsoben\u00ed<\/h2>\t\t\t\t<\/div>\n\t\t\t\t<\/div>\n\t\t\t\t<\/div>\n\t\t\t\t\t<\/div>\n\t\t\t\t<\/div>\n\t\t<div class=\"elementor-element elementor-element-0cdbb52 obcs green e-flex e-con-boxed e-con e-parent\" data-id=\"0cdbb52\" data-element_type=\"container\">\n\t\t\t\t\t<div class=\"e-con-inner\">\n\t\t<div class=\"elementor-element elementor-element-2aec91f obcs green e-con-full e-flex e-con e-child\" data-id=\"2aec91f\" data-element_type=\"container\">\n\t\t\t\t<div class=\"elementor-element elementor-element-dd515df e-transform elementor-widget elementor-widget-image\" data-id=\"dd515df\" data-element_type=\"widget\" data-settings=\"{&quot;_transform_translateY_effect_hover&quot;:{&quot;unit&quot;:&quot;px&quot;,&quot;size&quot;:&quot;-20&quot;,&quot;sizes&quot;:[]},&quot;_transform_translateX_effect_hover&quot;:{&quot;unit&quot;:&quot;px&quot;,&quot;size&quot;:&quot;&quot;,&quot;sizes&quot;:[]},&quot;_transform_translateX_effect_hover_tablet&quot;:{&quot;unit&quot;:&quot;px&quot;,&quot;size&quot;:&quot;&quot;,&quot;sizes&quot;:[]},&quot;_transform_translateX_effect_hover_mobile&quot;:{&quot;unit&quot;:&quot;px&quot;,&quot;size&quot;:&quot;&quot;,&quot;sizes&quot;:[]},&quot;_transform_translateY_effect_hover_tablet&quot;:{&quot;unit&quot;:&quot;px&quot;,&quot;size&quot;:&quot;&quot;,&quot;sizes&quot;:[]},&quot;_transform_translateY_effect_hover_mobile&quot;:{&quot;unit&quot;:&quot;px&quot;,&quot;size&quot;:&quot;&quot;,&quot;sizes&quot;:[]}}\" data-widget_type=\"image.default\">\n\t\t\t\t<div class=\"elementor-widget-container\">\n\t\t\t\t\t\t\t\t\t\t\t\t\t\t\t\t<a href=\"https:\/\/www.omni-biotic.com\/cs-cz\/zdravi-strev\/oblasti-pusobeni-streva\/imunitni-system\/\">\n\t\t\t\t\t\t\t<img fetchpriority=\"high\" decoding=\"async\" width=\"800\" height=\"484\" src=\"https:\/\/www.omni-biotic.com\/cs-cz\/wp-content\/uploads\/sites\/8\/2023\/08\/Imunitni_system-1024x620.png\" class=\"attachment-large size-large wp-image-17052\" alt=\"\" srcset=\"https:\/\/www.omni-biotic.com\/cs-cz\/wp-content\/uploads\/sites\/8\/2023\/08\/Imunitni_system-1024x620.png 1024w, https:\/\/www.omni-biotic.com\/cs-cz\/wp-content\/uploads\/sites\/8\/2023\/08\/Imunitni_system-300x182.png 300w, https:\/\/www.omni-biotic.com\/cs-cz\/wp-content\/uploads\/sites\/8\/2023\/08\/Imunitni_system-768x465.png 768w, https:\/\/www.omni-biotic.com\/cs-cz\/wp-content\/uploads\/sites\/8\/2023\/08\/Imunitni_system-1536x930.png 1536w, https:\/\/www.omni-biotic.com\/cs-cz\/wp-content\/uploads\/sites\/8\/2023\/08\/Imunitni_system.png 1920w\" sizes=\"(max-width: 800px) 100vw, 800px\" title=\"\">\t\t\t\t\t\t\t\t<\/a>\n\t\t\t\t\t\t\t\t\t\t\t\t\t\t\t<\/div>\n\t\t\t\t<\/div>\n\t\t\t\t<div class=\"elementor-element elementor-element-23d025a elementor-widget elementor-widget-heading\" data-id=\"23d025a\" data-element_type=\"widget\" data-widget_type=\"heading.default\">\n\t\t\t\t<div class=\"elementor-widget-container\">\n\t\t\t\t\t<h3 class=\"elementor-heading-title elementor-size-default\"><a href=\"https:\/\/www.omni-biotic.com\/cs-cz\/zdravi-strev\/oblasti-pusobeni-streva\/imunitni-system\/\">Imunitn\u00ed syst\u00e9m<\/a><\/h3>\t\t\t\t<\/div>\n\t\t\t\t<\/div>\n\t\t\t\t<\/div>\n\t\t<div class=\"elementor-element elementor-element-df6efe4 obcs green e-con-full e-flex e-con e-child\" data-id=\"df6efe4\" data-element_type=\"container\">\n\t\t\t\t<div class=\"elementor-element elementor-element-274a71b e-transform elementor-widget elementor-widget-image\" data-id=\"274a71b\" data-element_type=\"widget\" data-settings=\"{&quot;_transform_translateY_effect_hover&quot;:{&quot;unit&quot;:&quot;px&quot;,&quot;size&quot;:&quot;-20&quot;,&quot;sizes&quot;:[]},&quot;_transform_translateX_effect_hover&quot;:{&quot;unit&quot;:&quot;px&quot;,&quot;size&quot;:&quot;&quot;,&quot;sizes&quot;:[]},&quot;_transform_translateX_effect_hover_tablet&quot;:{&quot;unit&quot;:&quot;px&quot;,&quot;size&quot;:&quot;&quot;,&quot;sizes&quot;:[]},&quot;_transform_translateX_effect_hover_mobile&quot;:{&quot;unit&quot;:&quot;px&quot;,&quot;size&quot;:&quot;&quot;,&quot;sizes&quot;:[]},&quot;_transform_translateY_effect_hover_tablet&quot;:{&quot;unit&quot;:&quot;px&quot;,&quot;size&quot;:&quot;&quot;,&quot;sizes&quot;:[]},&quot;_transform_translateY_effect_hover_mobile&quot;:{&quot;unit&quot;:&quot;px&quot;,&quot;size&quot;:&quot;&quot;,&quot;sizes&quot;:[]}}\" data-widget_type=\"image.default\">\n\t\t\t\t<div class=\"elementor-widget-container\">\n\t\t\t\t\t\t\t\t\t\t\t\t\t\t\t\t<a href=\"https:\/\/www.omni-biotic.com\/cs-cz\/zdravi-strev\/oblasti-pusobeni-streva\/ustni-mikrobiom\/\">\n\t\t\t\t\t\t\t<img decoding=\"async\" width=\"800\" height=\"785\" src=\"https:\/\/www.omni-biotic.com\/cs-cz\/wp-content\/uploads\/sites\/8\/2023\/07\/Ustni_bakterie.jpg\" class=\"attachment-large size-large wp-image-16762\" alt=\"\" srcset=\"https:\/\/www.omni-biotic.com\/cs-cz\/wp-content\/uploads\/sites\/8\/2023\/07\/Ustni_bakterie.jpg 800w, https:\/\/www.omni-biotic.com\/cs-cz\/wp-content\/uploads\/sites\/8\/2023\/07\/Ustni_bakterie-300x294.jpg 300w, https:\/\/www.omni-biotic.com\/cs-cz\/wp-content\/uploads\/sites\/8\/2023\/07\/Ustni_bakterie-768x754.jpg 768w\" sizes=\"(max-width: 800px) 100vw, 800px\" title=\"\">\t\t\t\t\t\t\t\t<\/a>\n\t\t\t\t\t\t\t\t\t\t\t\t\t\t\t<\/div>\n\t\t\t\t<\/div>\n\t\t\t\t<div class=\"elementor-element elementor-element-57df2b5 elementor-widget elementor-widget-heading\" data-id=\"57df2b5\" data-element_type=\"widget\" data-widget_type=\"heading.default\">\n\t\t\t\t<div class=\"elementor-widget-container\">\n\t\t\t\t\t<h3 class=\"elementor-heading-title elementor-size-default\"><a href=\"https:\/\/www.omni-biotic.com\/cs-cz\/zdravi-strev\/oblasti-pusobeni-streva\/ustni-mikrobiom\/\">\u00dastn\u00ed mikrobiom<\/a><\/h3>\t\t\t\t<\/div>\n\t\t\t\t<\/div>\n\t\t\t\t<\/div>\n\t\t<div class=\"elementor-element elementor-element-37d0268 obcs green e-con-full e-flex e-con e-child\" data-id=\"37d0268\" data-element_type=\"container\">\n\t\t\t\t<div class=\"elementor-element elementor-element-efe75c2 e-transform elementor-widget elementor-widget-image\" data-id=\"efe75c2\" data-element_type=\"widget\" data-settings=\"{&quot;_transform_translateY_effect_hover&quot;:{&quot;unit&quot;:&quot;px&quot;,&quot;size&quot;:&quot;-20&quot;,&quot;sizes&quot;:[]},&quot;_transform_translateX_effect_hover&quot;:{&quot;unit&quot;:&quot;px&quot;,&quot;size&quot;:&quot;&quot;,&quot;sizes&quot;:[]},&quot;_transform_translateX_effect_hover_tablet&quot;:{&quot;unit&quot;:&quot;px&quot;,&quot;size&quot;:&quot;&quot;,&quot;sizes&quot;:[]},&quot;_transform_translateX_effect_hover_mobile&quot;:{&quot;unit&quot;:&quot;px&quot;,&quot;size&quot;:&quot;&quot;,&quot;sizes&quot;:[]},&quot;_transform_translateY_effect_hover_tablet&quot;:{&quot;unit&quot;:&quot;px&quot;,&quot;size&quot;:&quot;&quot;,&quot;sizes&quot;:[]},&quot;_transform_translateY_effect_hover_mobile&quot;:{&quot;unit&quot;:&quot;px&quot;,&quot;size&quot;:&quot;&quot;,&quot;sizes&quot;:[]}}\" data-widget_type=\"image.default\">\n\t\t\t\t<div class=\"elementor-widget-container\">\n\t\t\t\t\t\t\t\t\t\t\t\t\t\t\t\t<a href=\"https:\/\/www.omni-biotic.com\/cs-cz\/zdravi-strev\/oblasti-pusobeni-streva\/vaginalni-mikroflora\/\">\n\t\t\t\t\t\t\t<img decoding=\"async\" width=\"800\" height=\"866\" src=\"https:\/\/www.omni-biotic.com\/cs-cz\/wp-content\/uploads\/sites\/8\/2023\/07\/vaginalni_mikroflora-946x1024.png\" class=\"attachment-large size-large wp-image-16577\" alt=\"\" srcset=\"https:\/\/www.omni-biotic.com\/cs-cz\/wp-content\/uploads\/sites\/8\/2023\/07\/vaginalni_mikroflora-946x1024.png 946w, https:\/\/www.omni-biotic.com\/cs-cz\/wp-content\/uploads\/sites\/8\/2023\/07\/vaginalni_mikroflora-277x300.png 277w, https:\/\/www.omni-biotic.com\/cs-cz\/wp-content\/uploads\/sites\/8\/2023\/07\/vaginalni_mikroflora-768x832.png 768w, https:\/\/www.omni-biotic.com\/cs-cz\/wp-content\/uploads\/sites\/8\/2023\/07\/vaginalni_mikroflora.png 1000w\" sizes=\"(max-width: 800px) 100vw, 800px\" title=\"\">\t\t\t\t\t\t\t\t<\/a>\n\t\t\t\t\t\t\t\t\t\t\t\t\t\t\t<\/div>\n\t\t\t\t<\/div>\n\t\t\t\t<div class=\"elementor-element elementor-element-1c96e65 elementor-widget elementor-widget-heading\" data-id=\"1c96e65\" data-element_type=\"widget\" data-widget_type=\"heading.default\">\n\t\t\t\t<div class=\"elementor-widget-container\">\n\t\t\t\t\t<h3 class=\"elementor-heading-title elementor-size-default\"><a href=\"https:\/\/www.omni-biotic.com\/cs-cz\/zdravi-strev\/oblasti-pusobeni-streva\/vaginalni-mikroflora\/\">Po\u0161evn\u00ed mikrofl\u00f3ra<\/a><\/h3>\t\t\t\t<\/div>\n\t\t\t\t<\/div>\n\t\t\t\t<\/div>\n\t\t<div class=\"elementor-element elementor-element-7e01eaa obcs green e-con-full e-flex e-con e-child\" data-id=\"7e01eaa\" data-element_type=\"container\">\n\t\t\t\t<\/div>\n\t\t<div class=\"elementor-element elementor-element-d988ba9 obcs green e-con-full e-flex e-con e-child\" data-id=\"d988ba9\" data-element_type=\"container\">\n\t\t\t\t<\/div>\n\t\t<div class=\"elementor-element elementor-element-97c492c obcs green e-con-full e-flex e-con e-child\" data-id=\"97c492c\" data-element_type=\"container\">\n\t\t\t\t<\/div>\n\t\t\t\t\t<\/div>\n\t\t\t\t<\/div>\n\t\t\t\t<\/div>\n\t\t","protected":false},"excerpt":{"rendered":"<p>Oblasti p\u016fsoben\u00ed st\u0159eva St\u0159evo je centrem mnoha d\u016fle\u017eit\u00fdch proces\u016f v t\u011ble, kter\u00e9 jsou nezbytn\u00e9 pro zdrav\u00ed \u010dlov\u011bka. Pln\u00ed \u017eivotn\u011b d\u016fle\u017eit\u00e9 \u00fakoly, p\u0159i nich\u017e je z\u00e1visl\u00e9 na pomoci sv\u00fdch mal\u00fdch obyvatel, st\u0159evn\u00edch bakteri\u00ed. Home Obsah V\u00edc ne\u017e jen trubice na tr\u00e1ven\u00ed St\u0159evo je mnohem v\u00edc ne\u017e jen &#8222;tr\u00e1vic\u00ed trubice&#8220;. St\u0159evo je domovem asi 2 kg bakteri\u00ed [&hellip;]<\/p>\n","protected":false},"author":3,"featured_media":0,"parent":16444,"menu_order":370,"comment_status":"closed","ping_status":"closed","template":"","meta":{"_acf_changed":false,"inline_featured_image":false,"footnotes":""},"class_list":["post-137","page","type-page","status-publish","hentry"],"acf":[],"_links":{"self":[{"href":"https:\/\/www.omni-biotic.com\/cs-cz\/wp-json\/wp\/v2\/pages\/137","targetHints":{"allow":["GET"]}}],"collection":[{"href":"https:\/\/www.omni-biotic.com\/cs-cz\/wp-json\/wp\/v2\/pages"}],"about":[{"href":"https:\/\/www.omni-biotic.com\/cs-cz\/wp-json\/wp\/v2\/types\/page"}],"author":[{"embeddable":true,"href":"https:\/\/www.omni-biotic.com\/cs-cz\/wp-json\/wp\/v2\/users\/3"}],"replies":[{"embeddable":true,"href":"https:\/\/www.omni-biotic.com\/cs-cz\/wp-json\/wp\/v2\/comments?post=137"}],"version-history":[{"count":7,"href":"https:\/\/www.omni-biotic.com\/cs-cz\/wp-json\/wp\/v2\/pages\/137\/revisions"}],"predecessor-version":[{"id":18800,"href":"https:\/\/www.omni-biotic.com\/cs-cz\/wp-json\/wp\/v2\/pages\/137\/revisions\/18800"}],"up":[{"embeddable":true,"href":"https:\/\/www.omni-biotic.com\/cs-cz\/wp-json\/wp\/v2\/pages\/16444"}],"wp:attachment":[{"href":"https:\/\/www.omni-biotic.com\/cs-cz\/wp-json\/wp\/v2\/media?parent=137"}],"curies":[{"name":"wp","href":"https:\/\/api.w.org\/{rel}","templated":true}]}}