{"id":16444,"date":"2023-07-10T09:37:54","date_gmt":"2023-07-10T07:37:54","guid":{"rendered":"https:\/\/www.omni-biotic.com\/cs-cz\/?page_id=16444"},"modified":"2023-09-13T16:39:50","modified_gmt":"2023-09-13T14:39:50","slug":"zdravi-strev","status":"publish","type":"page","link":"https:\/\/www.omni-biotic.com\/cs-cz\/zdravi-strev\/","title":{"rendered":"Zdrav\u00ed st\u0159ev"},"content":{"rendered":"\t\t<div data-elementor-type=\"wp-page\" data-elementor-id=\"16444\" class=\"elementor elementor-16444\" data-elementor-post-type=\"page\">\n\t\t\t\t<div class=\"elementor-element elementor-element-b495022 e-con-full obcs yellow e-flex e-con e-parent\" data-id=\"b495022\" data-element_type=\"container\" data-settings=\"{&quot;background_background&quot;:&quot;gradient&quot;,&quot;shape_divider_bottom&quot;:&quot;waves&quot;}\">\n\t\t\t\t<div class=\"elementor-shape elementor-shape-bottom\" aria-hidden=\"true\" data-negative=\"false\">\n\t\t\t<svg xmlns=\"http:\/\/www.w3.org\/2000\/svg\" viewBox=\"0 0 1000 100\" preserveAspectRatio=\"none\">\n\t<path class=\"elementor-shape-fill\" d=\"M421.9,6.5c22.6-2.5,51.5,0.4,75.5,5.3c23.6,4.9,70.9,23.5,100.5,35.7c75.8,32.2,133.7,44.5,192.6,49.7\n\tc23.6,2.1,48.7,3.5,103.4-2.5c54.7-6,106.2-25.6,106.2-25.6V0H0v30.3c0,0,72,32.6,158.4,30.5c39.2-0.7,92.8-6.7,134-22.4\n\tc21.2-8.1,52.2-18.2,79.7-24.2C399.3,7.9,411.6,7.5,421.9,6.5z\"\/>\n<\/svg>\t\t<\/div>\n\t\t\t\t<div class=\"elementor-element elementor-element-5213852 elementor-absolute elementor-hidden-mobile elementor-align-center elementor-widget elementor-widget-lottie\" data-id=\"5213852\" data-element_type=\"widget\" data-settings=\"{&quot;source_json&quot;:{&quot;url&quot;:&quot;https:\\\/\\\/www.omni-biotic.com\\\/cs-cz\\\/wp-content\\\/uploads\\\/sites\\\/8\\\/2022\\\/08\\\/lf30_editor_s5uwdgjh.json&quot;,&quot;id&quot;:&quot;7733&quot;,&quot;size&quot;:&quot;&quot;,&quot;alt&quot;:&quot;&quot;,&quot;source&quot;:&quot;library&quot;},&quot;loop&quot;:&quot;yes&quot;,&quot;play_speed&quot;:{&quot;unit&quot;:&quot;px&quot;,&quot;size&quot;:&quot;0.3&quot;,&quot;sizes&quot;:[]},&quot;_position&quot;:&quot;absolute&quot;,&quot;source&quot;:&quot;media_file&quot;,&quot;caption_source&quot;:&quot;none&quot;,&quot;link_to&quot;:&quot;none&quot;,&quot;trigger&quot;:&quot;arriving_to_viewport&quot;,&quot;viewport&quot;:{&quot;unit&quot;:&quot;%&quot;,&quot;size&quot;:&quot;&quot;,&quot;sizes&quot;:{&quot;start&quot;:0,&quot;end&quot;:100}},&quot;start_point&quot;:{&quot;unit&quot;:&quot;%&quot;,&quot;size&quot;:0,&quot;sizes&quot;:[]},&quot;end_point&quot;:{&quot;unit&quot;:&quot;%&quot;,&quot;size&quot;:100,&quot;sizes&quot;:[]},&quot;renderer&quot;:&quot;svg&quot;}\" data-widget_type=\"lottie.default\">\n\t\t\t\t<div class=\"elementor-widget-container\">\n\t\t\t\t\t<div class=\"e-lottie__container\"><div class=\"e-lottie__animation\"><\/div><\/div>\t\t\t\t<\/div>\n\t\t\t\t<\/div>\n\t\t<div class=\"elementor-element elementor-element-76bf052 e-con-full obcs green e-flex e-con e-parent\" data-id=\"76bf052\" data-element_type=\"container\" data-settings=\"{&quot;background_background&quot;:&quot;gradient&quot;}\">\n\t\t\t\t<div class=\"elementor-element elementor-element-e91a3a1 elementor-widget elementor-widget-heading\" data-id=\"e91a3a1\" data-element_type=\"widget\" data-widget_type=\"heading.default\">\n\t\t\t\t<div class=\"elementor-widget-container\">\n\t\t\t\t\t<h1 class=\"elementor-heading-title elementor-size-default\">Zdrav\u00ed st\u0159ev<\/h1>\t\t\t\t<\/div>\n\t\t\t\t<\/div>\n\t\t\t\t<div class=\"elementor-element elementor-element-ceaaa11 elementor-widget-divider--view-line elementor-widget elementor-widget-divider\" data-id=\"ceaaa11\" data-element_type=\"widget\" data-widget_type=\"divider.default\">\n\t\t\t\t<div class=\"elementor-widget-container\">\n\t\t\t\t\t\t\t<div class=\"elementor-divider\">\n\t\t\t<span class=\"elementor-divider-separator\">\n\t\t\t\t\t\t<\/span>\n\t\t<\/div>\n\t\t\t\t\t\t<\/div>\n\t\t\t\t<\/div>\n\t\t\t\t<div class=\"elementor-element elementor-element-3e13663 elementor-widget elementor-widget-text-editor\" data-id=\"3e13663\" data-element_type=\"widget\" data-widget_type=\"text-editor.default\">\n\t\t\t\t<div class=\"elementor-widget-container\">\n\t\t\t\t\t\t\t\t\t<p>St\u0159evo je\u00a0<strong>motorem<\/strong>\u00a0na\u0161eho \u017eivota. Nejen\u017ee poskytuje na\u0161emu t\u011blu \u201epalivo\u201c p\u0159i\u00a0<strong>tr\u00e1ven\u00ed potravy<\/strong>, ale ovliv\u0148uje tak\u00e9 mnoho jin\u00fdch proces\u016f od hlavy a\u017e k pat\u011b. Pokud st\u0159evo nefunguje hladce, ovliv\u0148uje to cel\u00fd organismus.\u00a0<strong>\u017divotn\u00ed styl<\/strong>\u00a0p\u0159i tom hraje velmi v\u00fdznamnou roli. V dne\u0161n\u00ed dob\u011b s p\u0159em\u00edrou pr\u016fmyslov\u011b vyr\u00e1b\u011bn\u00fdch potravin a velk\u00fdm mno\u017estv\u00edm \u0161kodlivin z na\u0161eho<strong>\u00a0\u017eivotn\u00edho prost\u0159ed\u00ed<\/strong>\u00a0nen\u00ed snadn\u00e9 si udr\u017eet st\u0159eva zdrav\u00e1. Existuj\u00ed v\u0161ak \u00fa\u010dinn\u00e1 opat\u0159en\u00ed pro zdrav\u00ed st\u0159ev.<\/p>\t\t\t\t\t\t\t\t<\/div>\n\t\t\t\t<\/div>\n\t\t\t\t<\/div>\n\t\t\t\t<\/div>\n\t\t<div class=\"elementor-element elementor-element-dcc602f obcs none e-flex e-con-boxed e-con e-parent\" data-id=\"dcc602f\" data-element_type=\"container\">\n\t\t\t\t\t<div class=\"e-con-inner\">\n\t\t<div class=\"elementor-element elementor-element-0f022a9 obcs none e-flex e-con-boxed e-con e-parent\" data-id=\"0f022a9\" data-element_type=\"container\">\n\t\t\t\t\t<div class=\"e-con-inner\">\n\t\t<div class=\"elementor-element elementor-element-2e9119f e-con-full obcs none e-flex e-con e-parent\" data-id=\"2e9119f\" data-element_type=\"container\">\n\t\t\t\t<div class=\"elementor-element elementor-element-8b7b7fc elementor-widget elementor-widget-breadcrumbs\" data-id=\"8b7b7fc\" data-element_type=\"widget\" data-widget_type=\"breadcrumbs.default\">\n\t\t\t\t<div class=\"elementor-widget-container\">\n\t\t\t\t\t<nav aria-label=\"breadcrumbs\" class=\"rank-math-breadcrumb\"><p><span class=\"last\">Home<\/span><\/p><\/nav>\t\t\t\t<\/div>\n\t\t\t\t<\/div>\n\t\t\t\t<\/div>\n\t\t<div class=\"elementor-element elementor-element-d575527 e-con-full obcs none e-flex e-con e-parent\" data-id=\"d575527\" data-element_type=\"container\">\n\t\t\t\t<div class=\"elementor-element elementor-element-ed0b09f elementor-toc--minimized-on-desktop elementor-widget elementor-widget-table-of-contents\" data-id=\"ed0b09f\" data-element_type=\"widget\" data-settings=\"{&quot;exclude_headings_by_selector&quot;:[],&quot;minimized_on&quot;:&quot;desktop&quot;,&quot;_animation&quot;:&quot;none&quot;,&quot;headings_by_tags&quot;:[&quot;h2&quot;,&quot;h3&quot;,&quot;h4&quot;,&quot;h5&quot;,&quot;h6&quot;],&quot;marker_view&quot;:&quot;numbers&quot;,&quot;no_headings_message&quot;:&quot;No headings were found on this page.&quot;,&quot;minimize_box&quot;:&quot;yes&quot;,&quot;hierarchical_view&quot;:&quot;yes&quot;,&quot;min_height&quot;:{&quot;unit&quot;:&quot;px&quot;,&quot;size&quot;:&quot;&quot;,&quot;sizes&quot;:[]},&quot;min_height_tablet&quot;:{&quot;unit&quot;:&quot;px&quot;,&quot;size&quot;:&quot;&quot;,&quot;sizes&quot;:[]},&quot;min_height_mobile&quot;:{&quot;unit&quot;:&quot;px&quot;,&quot;size&quot;:&quot;&quot;,&quot;sizes&quot;:[]}}\" data-widget_type=\"table-of-contents.default\">\n\t\t\t\t<div class=\"elementor-widget-container\">\n\t\t\t\t\t\t\t\t\t<div class=\"elementor-toc__header\">\n\t\t\t\t\t\t<h4 class=\"elementor-toc__header-title\">\n\t\t\t\tObsah\t\t\t<\/h4>\n\t\t\t\t\t\t\t\t\t\t<div class=\"elementor-toc__toggle-button elementor-toc__toggle-button--expand\" role=\"button\" tabindex=\"0\" aria-controls=\"elementor-toc__ed0b09f\" aria-expanded=\"true\" aria-label=\"Open table of contents\"><i aria-hidden=\"true\" class=\"fas fa-chevron-down\"><\/i><\/div>\n\t\t\t\t<div class=\"elementor-toc__toggle-button elementor-toc__toggle-button--collapse\" role=\"button\" tabindex=\"0\" aria-controls=\"elementor-toc__ed0b09f\" aria-expanded=\"true\" aria-label=\"Close table of contents\"><i aria-hidden=\"true\" class=\"fas fa-chevron-up\"><\/i><\/div>\n\t\t\t\t\t<\/div>\n\t\t\t\t<div id=\"elementor-toc__ed0b09f\" class=\"elementor-toc__body\">\n\t\t\t<div class=\"elementor-toc__spinner-container\">\n\t\t\t\t<i class=\"elementor-toc__spinner eicon-animation-spin eicon-loading\" aria-hidden=\"true\"><\/i>\t\t\t<\/div>\n\t\t<\/div>\n\t\t\t\t\t\t<\/div>\n\t\t\t\t<\/div>\n\t\t\t\t<\/div>\n\t\t\t\t\t<\/div>\n\t\t\t\t<\/div>\n\t\t\t\t\t<\/div>\n\t\t\t\t<\/div>\n\t\t<div class=\"elementor-element elementor-element-ad28856 obcs none e-flex e-con-boxed e-con e-parent\" data-id=\"ad28856\" data-element_type=\"container\">\n\t\t\t\t\t<div class=\"e-con-inner\">\n\t\t<div class=\"elementor-element elementor-element-039410b e-con-full obcs none e-flex e-con e-parent\" data-id=\"039410b\" data-element_type=\"container\">\n\t\t\t\t<div class=\"elementor-element elementor-element-3494193 elementor-widget elementor-widget-text-editor\" data-id=\"3494193\" data-element_type=\"widget\" data-widget_type=\"text-editor.default\">\n\t\t\t\t<div class=\"elementor-widget-container\">\n\t\t\t\t\t\t\t\t\t<p><strong>St\u0159evo<\/strong>\u00a0je na\u0161\u00ed nejv\u011bt\u0161\u00ed kontaktn\u00ed plochou s vn\u011bj\u0161\u00edm sv\u011btem. V\u0161e, co poz\u0159eme, a\u0165 u\u017e v tekut\u00e9m nebo pevn\u00e9m stavu, a a\u0165 u\u017e je to zdrav\u00ed prosp\u011b\u0161n\u00e9 nebo \u0161kodliv\u00e9, proch\u00e1z\u00ed \u00fastn\u00ed dutinou a j\u00edcnem do \u017ealudku a\u017e nakonec do st\u0159eva. Tr\u00e1vic\u00ed soustava mus\u00ed b\u011bhem lidsk\u00e9ho \u017eivota zpracovat p\u0159ibli\u017en\u011b\u00a0<strong>40 tun potravy<\/strong>\u00a0a\u00a0<strong>60 000 litr\u016f tekutin<\/strong>. P\u0159edev\u0161\u00edm v tlust\u00e9m st\u0159ev\u011b se mnoho bilion\u016f (!) r\u016fzn\u00fdch mikroorganism\u016f star\u00e1 o to, aby se d\u016fle\u017eit\u00e9 \u017eiviny a \u017eivotn\u011b d\u016fle\u017eit\u00e9 l\u00e1tky dostaly do c\u00edle.<\/p><p>Tyto\u00a0<strong>st\u0159evn\u00ed bakterie<\/strong>\u00a0spole\u010dn\u011b tvo\u0159\u00ed\u00a0<strong>st\u0159evn\u00ed fl\u00f3ru<\/strong>, v\u00a0odborn\u00e9 terminilogii zn\u00e1mou jako st\u0159evn\u00ed mikrobiota. \u0160patn\u00e9 a nepou\u017eiteln\u00e9 l\u00e1tky jsou vylou\u010deny kone\u010dn\u00edkem v podob\u011b stolice. Zb\u00fdvaj\u00edc\u00ed toxick\u00e9 l\u00e1tky proch\u00e1zej\u00ed\u00a0<strong>tenk\u00fdm st\u0159evem<\/strong>\u00a0a port\u00e1ln\u00ed \u017e\u00edlou se dostanou do\u00a0<strong>jater<\/strong>\u00a0-na\u0161eho &#8222;<strong>detoxika\u010dn\u00edho centra<\/strong>&#8222;- kde jsou odbour\u00e1ny. Toto by byl ide\u00e1ln\u00ed sc\u00e9n\u00e1\u0159 tr\u00e1vic\u00edho procesu, kdyby se na mnoha m\u00edstech neskr\u00fdvaly probl\u00e9my, se kter\u00fdmi se st\u0159eva a j\u00e1tra mus\u00ed vypo\u0159\u00e1dat. \u0160patn\u00e9\u00a0<strong>stravovac\u00ed n\u00e1vyky<\/strong>\u00a0(p\u0159\u00edli\u0161 mnoho\u00a0<strong>cukru<\/strong>\u00a0a p\u0159\u00edli\u0161 mnoho pr\u016fmyslov\u011b zpracovan\u00fdch potravin), \u0161kodliv\u00e9 vlivy \u017eivotn\u00edho prost\u0159ed\u00ed, ale tak\u00e9 n\u011bkter\u00e9 l\u00e9ky (nap\u0159.\u00a0<strong>antibiotika<\/strong>) mohou po\u0161kodit n\u00e1\u0161 &#8222;dob\u0159e zab\u011bhnut\u00fd motor v hromadu \u0161rotu&#8220;.<\/p>\t\t\t\t\t\t\t\t<\/div>\n\t\t\t\t<\/div>\n\t\t\t\t<\/div>\n\t\t\t\t\t<\/div>\n\t\t\t\t<\/div>\n\t\t<div class=\"elementor-element elementor-element-1ffe855 obcs green e-flex e-con-boxed e-con e-parent\" data-id=\"1ffe855\" data-element_type=\"container\">\n\t\t\t\t\t<div class=\"e-con-inner\">\n\t\t<div class=\"elementor-element elementor-element-662badf e-con-full obcs none e-flex e-con e-parent\" data-id=\"662badf\" data-element_type=\"container\">\n\t\t\t\t<div class=\"elementor-element elementor-element-ecc4552 elementor-widget elementor-widget-heading\" data-id=\"ecc4552\" data-element_type=\"widget\" data-widget_type=\"heading.default\">\n\t\t\t\t<div class=\"elementor-widget-container\">\n\t\t\t\t\t<h3 class=\"elementor-heading-title elementor-size-default\"><a href=\"https:\/\/www.omni-biotic.com\/cs-cz\/zdravi-strev\/strevo-centrala-zdravi\/\">St\u0159evo- Centr\u00e1la zdrav\u00ed<\/a><\/h3>\t\t\t\t<\/div>\n\t\t\t\t<\/div>\n\t\t\t\t<div class=\"elementor-element elementor-element-19d0ef2 e-transform elementor-widget elementor-widget-image\" data-id=\"19d0ef2\" data-element_type=\"widget\" data-settings=\"{&quot;_transform_translateY_effect_hover&quot;:{&quot;unit&quot;:&quot;px&quot;,&quot;size&quot;:&quot;-20&quot;,&quot;sizes&quot;:[]},&quot;_transform_translateX_effect_hover&quot;:{&quot;unit&quot;:&quot;px&quot;,&quot;size&quot;:&quot;&quot;,&quot;sizes&quot;:[]},&quot;_transform_translateX_effect_hover_tablet&quot;:{&quot;unit&quot;:&quot;px&quot;,&quot;size&quot;:&quot;&quot;,&quot;sizes&quot;:[]},&quot;_transform_translateX_effect_hover_mobile&quot;:{&quot;unit&quot;:&quot;px&quot;,&quot;size&quot;:&quot;&quot;,&quot;sizes&quot;:[]},&quot;_transform_translateY_effect_hover_tablet&quot;:{&quot;unit&quot;:&quot;px&quot;,&quot;size&quot;:&quot;&quot;,&quot;sizes&quot;:[]},&quot;_transform_translateY_effect_hover_mobile&quot;:{&quot;unit&quot;:&quot;px&quot;,&quot;size&quot;:&quot;&quot;,&quot;sizes&quot;:[]}}\" data-widget_type=\"image.default\">\n\t\t\t\t<div class=\"elementor-widget-container\">\n\t\t\t\t\t\t\t\t\t\t\t\t\t\t\t\t<a href=\"https:\/\/www.omni-biotic.com\/cs-cz\/zdravi-strev\/strevo-centrala-zdravi\/\">\n\t\t\t\t\t\t\t<img fetchpriority=\"high\" decoding=\"async\" width=\"800\" height=\"800\" src=\"https:\/\/www.omni-biotic.com\/cs-cz\/wp-content\/uploads\/sites\/8\/2023\/07\/strevo_centrala_zdravi.jpg\" class=\"attachment-large size-large wp-image-16679\" alt=\"\" srcset=\"https:\/\/www.omni-biotic.com\/cs-cz\/wp-content\/uploads\/sites\/8\/2023\/07\/strevo_centrala_zdravi.jpg 1024w, https:\/\/www.omni-biotic.com\/cs-cz\/wp-content\/uploads\/sites\/8\/2023\/07\/strevo_centrala_zdravi-300x300.jpg 300w, https:\/\/www.omni-biotic.com\/cs-cz\/wp-content\/uploads\/sites\/8\/2023\/07\/strevo_centrala_zdravi-150x150.jpg 150w, https:\/\/www.omni-biotic.com\/cs-cz\/wp-content\/uploads\/sites\/8\/2023\/07\/strevo_centrala_zdravi-768x768.jpg 768w\" sizes=\"(max-width: 800px) 100vw, 800px\" title=\"\">\t\t\t\t\t\t\t\t<\/a>\n\t\t\t\t\t\t\t\t\t\t\t\t\t\t\t<\/div>\n\t\t\t\t<\/div>\n\t\t\t\t<div class=\"elementor-element elementor-element-adbaeeb elementor-widget elementor-widget-text-editor\" data-id=\"adbaeeb\" data-element_type=\"widget\" data-widget_type=\"text-editor.default\">\n\t\t\t\t<div class=\"elementor-widget-container\">\n\t\t\t\t\t\t\t\t\t<p style=\"text-align: center\">Probiotika, prebiotika, st\u0159evn\u00ed bakterie, st\u0159evn\u00ed mikrobiom, st\u0159evn\u00ed mikrofl\u00f3ra atd.<\/p>\t\t\t\t\t\t\t\t<\/div>\n\t\t\t\t<\/div>\n\t\t\t\t<\/div>\n\t\t<div class=\"elementor-element elementor-element-f2bd588 e-con-full obcs none e-flex e-con e-parent\" data-id=\"f2bd588\" data-element_type=\"container\">\n\t\t\t\t<div class=\"elementor-element elementor-element-fec1ff4 elementor-widget elementor-widget-heading\" data-id=\"fec1ff4\" data-element_type=\"widget\" data-widget_type=\"heading.default\">\n\t\t\t\t<div class=\"elementor-widget-container\">\n\t\t\t\t\t<h3 class=\"elementor-heading-title elementor-size-default\"><a href=\"https:\/\/www.omni-biotic.com\/cs-cz\/zdravi-strev\/oblasti-pusobeni-streva\/\">Oblasti vlivu st\u0159eva<\/a><\/h3>\t\t\t\t<\/div>\n\t\t\t\t<\/div>\n\t\t\t\t<div class=\"elementor-element elementor-element-0586481 e-transform elementor-widget elementor-widget-image\" data-id=\"0586481\" data-element_type=\"widget\" data-settings=\"{&quot;_transform_translateY_effect_hover&quot;:{&quot;unit&quot;:&quot;px&quot;,&quot;size&quot;:&quot;-20&quot;,&quot;sizes&quot;:[]},&quot;_transform_translateX_effect_hover&quot;:{&quot;unit&quot;:&quot;px&quot;,&quot;size&quot;:&quot;&quot;,&quot;sizes&quot;:[]},&quot;_transform_translateX_effect_hover_tablet&quot;:{&quot;unit&quot;:&quot;px&quot;,&quot;size&quot;:&quot;&quot;,&quot;sizes&quot;:[]},&quot;_transform_translateX_effect_hover_mobile&quot;:{&quot;unit&quot;:&quot;px&quot;,&quot;size&quot;:&quot;&quot;,&quot;sizes&quot;:[]},&quot;_transform_translateY_effect_hover_tablet&quot;:{&quot;unit&quot;:&quot;px&quot;,&quot;size&quot;:&quot;&quot;,&quot;sizes&quot;:[]},&quot;_transform_translateY_effect_hover_mobile&quot;:{&quot;unit&quot;:&quot;px&quot;,&quot;size&quot;:&quot;&quot;,&quot;sizes&quot;:[]}}\" data-widget_type=\"image.default\">\n\t\t\t\t<div class=\"elementor-widget-container\">\n\t\t\t\t\t\t\t\t\t\t\t\t\t\t\t\t<a href=\"https:\/\/www.omni-biotic.com\/cs-cz\/zdravi-strev\/oblasti-pusobeni-streva\/\">\n\t\t\t\t\t\t\t<img decoding=\"async\" width=\"800\" height=\"800\" src=\"https:\/\/www.omni-biotic.com\/cs-cz\/wp-content\/uploads\/sites\/8\/2023\/07\/oblasti_vlivu_streva.jpg\" class=\"attachment-large size-large wp-image-16680\" alt=\"\" srcset=\"https:\/\/www.omni-biotic.com\/cs-cz\/wp-content\/uploads\/sites\/8\/2023\/07\/oblasti_vlivu_streva.jpg 1024w, https:\/\/www.omni-biotic.com\/cs-cz\/wp-content\/uploads\/sites\/8\/2023\/07\/oblasti_vlivu_streva-300x300.jpg 300w, https:\/\/www.omni-biotic.com\/cs-cz\/wp-content\/uploads\/sites\/8\/2023\/07\/oblasti_vlivu_streva-150x150.jpg 150w, https:\/\/www.omni-biotic.com\/cs-cz\/wp-content\/uploads\/sites\/8\/2023\/07\/oblasti_vlivu_streva-768x768.jpg 768w\" sizes=\"(max-width: 800px) 100vw, 800px\" title=\"\">\t\t\t\t\t\t\t\t<\/a>\n\t\t\t\t\t\t\t\t\t\t\t\t\t\t\t<\/div>\n\t\t\t\t<\/div>\n\t\t\t\t<div class=\"elementor-element elementor-element-d2adb05 elementor-widget elementor-widget-text-editor\" data-id=\"d2adb05\" data-element_type=\"widget\" data-widget_type=\"text-editor.default\">\n\t\t\t\t<div class=\"elementor-widget-container\">\n\t\t\t\t\t\t\t\t\t<p style=\"text-align: center\">V\u00edce k imunitn\u00edmu syst\u00e9mu, po\u0161evn\u00ed mikrofl\u00f3\u0159e, \u00fastn\u00edmu mikrobiomu atd.<\/p>\t\t\t\t\t\t\t\t<\/div>\n\t\t\t\t<\/div>\n\t\t\t\t<\/div>\n\t\t\t\t\t<\/div>\n\t\t\t\t<\/div>\n\t\t<div class=\"elementor-element elementor-element-f8e72dc obcs none e-flex e-con-boxed e-con e-parent\" data-id=\"f8e72dc\" data-element_type=\"container\">\n\t\t\t\t\t<div class=\"e-con-inner\">\n\t\t\t\t<div class=\"elementor-element elementor-element-cfaa609 elementor-widget elementor-widget-breadcrumbs\" data-id=\"cfaa609\" data-element_type=\"widget\" data-widget_type=\"breadcrumbs.default\">\n\t\t\t\t<div class=\"elementor-widget-container\">\n\t\t\t\t\t<nav aria-label=\"breadcrumbs\" class=\"rank-math-breadcrumb\"><p><span class=\"last\">Home<\/span><\/p><\/nav>\t\t\t\t<\/div>\n\t\t\t\t<\/div>\n\t\t\t\t\t<\/div>\n\t\t\t\t<\/div>\n\t\t\t\t<\/div>\n\t\t","protected":false},"excerpt":{"rendered":"<p>Zdrav\u00ed st\u0159ev St\u0159evo je\u00a0motorem\u00a0na\u0161eho \u017eivota. Nejen\u017ee poskytuje na\u0161emu t\u011blu \u201epalivo\u201c p\u0159i\u00a0tr\u00e1ven\u00ed potravy, ale ovliv\u0148uje tak\u00e9 mnoho jin\u00fdch proces\u016f od hlavy a\u017e k pat\u011b. Pokud st\u0159evo nefunguje hladce, ovliv\u0148uje to cel\u00fd organismus.\u00a0\u017divotn\u00ed styl\u00a0p\u0159i tom hraje velmi v\u00fdznamnou roli. V dne\u0161n\u00ed dob\u011b s p\u0159em\u00edrou pr\u016fmyslov\u011b vyr\u00e1b\u011bn\u00fdch potravin a velk\u00fdm mno\u017estv\u00edm \u0161kodlivin z na\u0161eho\u00a0\u017eivotn\u00edho prost\u0159ed\u00ed\u00a0nen\u00ed snadn\u00e9 si udr\u017eet [&hellip;]<\/p>\n","protected":false},"author":8,"featured_media":0,"parent":0,"menu_order":0,"comment_status":"closed","ping_status":"closed","template":"","meta":{"_acf_changed":false,"inline_featured_image":false,"footnotes":""},"class_list":["post-16444","page","type-page","status-publish","hentry"],"acf":[],"_links":{"self":[{"href":"https:\/\/www.omni-biotic.com\/cs-cz\/wp-json\/wp\/v2\/pages\/16444","targetHints":{"allow":["GET"]}}],"collection":[{"href":"https:\/\/www.omni-biotic.com\/cs-cz\/wp-json\/wp\/v2\/pages"}],"about":[{"href":"https:\/\/www.omni-biotic.com\/cs-cz\/wp-json\/wp\/v2\/types\/page"}],"author":[{"embeddable":true,"href":"https:\/\/www.omni-biotic.com\/cs-cz\/wp-json\/wp\/v2\/users\/8"}],"replies":[{"embeddable":true,"href":"https:\/\/www.omni-biotic.com\/cs-cz\/wp-json\/wp\/v2\/comments?post=16444"}],"version-history":[{"count":7,"href":"https:\/\/www.omni-biotic.com\/cs-cz\/wp-json\/wp\/v2\/pages\/16444\/revisions"}],"predecessor-version":[{"id":17829,"href":"https:\/\/www.omni-biotic.com\/cs-cz\/wp-json\/wp\/v2\/pages\/16444\/revisions\/17829"}],"wp:attachment":[{"href":"https:\/\/www.omni-biotic.com\/cs-cz\/wp-json\/wp\/v2\/media?parent=16444"}],"curies":[{"name":"wp","href":"https:\/\/api.w.org\/{rel}","templated":true}]}}