{"id":16874,"date":"2023-08-07T13:35:08","date_gmt":"2023-08-07T11:35:08","guid":{"rendered":"https:\/\/www.omni-biotic.com\/cs-cz\/?page_id=16874"},"modified":"2024-11-27T11:34:54","modified_gmt":"2024-11-27T10:34:54","slug":"impresum","status":"publish","type":"page","link":"https:\/\/www.omni-biotic.com\/cs-cz\/impresum\/","title":{"rendered":"Impresum"},"content":{"rendered":"\t\t<div data-elementor-type=\"wp-page\" data-elementor-id=\"16874\" class=\"elementor elementor-16874\" data-elementor-post-type=\"page\">\n\t\t\t\t<div class=\"elementor-element elementor-element-5626bce e-con-full obcs none e-flex e-con e-parent\" data-id=\"5626bce\" data-element_type=\"container\" data-settings=\"{&quot;background_background&quot;:&quot;classic&quot;,&quot;shape_divider_bottom&quot;:&quot;waves&quot;}\">\n\t\t\t\t<div class=\"elementor-shape elementor-shape-bottom\" aria-hidden=\"true\" data-negative=\"false\">\n\t\t\t<svg xmlns=\"http:\/\/www.w3.org\/2000\/svg\" viewBox=\"0 0 1000 100\" preserveAspectRatio=\"none\">\n\t<path class=\"elementor-shape-fill\" d=\"M421.9,6.5c22.6-2.5,51.5,0.4,75.5,5.3c23.6,4.9,70.9,23.5,100.5,35.7c75.8,32.2,133.7,44.5,192.6,49.7\n\tc23.6,2.1,48.7,3.5,103.4-2.5c54.7-6,106.2-25.6,106.2-25.6V0H0v30.3c0,0,72,32.6,158.4,30.5c39.2-0.7,92.8-6.7,134-22.4\n\tc21.2-8.1,52.2-18.2,79.7-24.2C399.3,7.9,411.6,7.5,421.9,6.5z\"\/>\n<\/svg>\t\t<\/div>\n\t\t\t\t<div class=\"elementor-element elementor-element-d74611d elementor-absolute elementor-hidden-mobile elementor-align-center elementor-widget elementor-widget-lottie\" data-id=\"d74611d\" data-element_type=\"widget\" data-settings=\"{&quot;source_json&quot;:{&quot;url&quot;:&quot;https:\\\/\\\/www.omni-biotic.com\\\/cs-cz\\\/wp-content\\\/uploads\\\/sites\\\/8\\\/2022\\\/08\\\/lf30_editor_s5uwdgjh.json&quot;,&quot;id&quot;:&quot;7733&quot;,&quot;size&quot;:&quot;&quot;,&quot;alt&quot;:&quot;&quot;,&quot;source&quot;:&quot;library&quot;},&quot;loop&quot;:&quot;yes&quot;,&quot;play_speed&quot;:{&quot;unit&quot;:&quot;px&quot;,&quot;size&quot;:&quot;0.3&quot;,&quot;sizes&quot;:[]},&quot;_position&quot;:&quot;absolute&quot;,&quot;source&quot;:&quot;media_file&quot;,&quot;caption_source&quot;:&quot;none&quot;,&quot;link_to&quot;:&quot;none&quot;,&quot;trigger&quot;:&quot;arriving_to_viewport&quot;,&quot;viewport&quot;:{&quot;unit&quot;:&quot;%&quot;,&quot;size&quot;:&quot;&quot;,&quot;sizes&quot;:{&quot;start&quot;:0,&quot;end&quot;:100}},&quot;start_point&quot;:{&quot;unit&quot;:&quot;%&quot;,&quot;size&quot;:0,&quot;sizes&quot;:[]},&quot;end_point&quot;:{&quot;unit&quot;:&quot;%&quot;,&quot;size&quot;:100,&quot;sizes&quot;:[]},&quot;renderer&quot;:&quot;svg&quot;}\" data-widget_type=\"lottie.default\">\n\t\t\t\t<div class=\"elementor-widget-container\">\n\t\t\t\t\t<div class=\"e-lottie__container\"><div class=\"e-lottie__animation\"><\/div><\/div>\t\t\t\t<\/div>\n\t\t\t\t<\/div>\n\t\t<div class=\"elementor-element elementor-element-5f29c3b e-con-full obcs none e-flex e-con e-child\" data-id=\"5f29c3b\" data-element_type=\"container\" data-settings=\"{&quot;background_background&quot;:&quot;gradient&quot;}\">\n\t\t\t\t<div class=\"elementor-element elementor-element-d7b3beb elementor-widget elementor-widget-heading\" data-id=\"d7b3beb\" data-element_type=\"widget\" data-widget_type=\"heading.default\">\n\t\t\t\t<div class=\"elementor-widget-container\">\n\t\t\t\t\t<h1 class=\"elementor-heading-title elementor-size-default\">Impresum<\/h1>\t\t\t\t<\/div>\n\t\t\t\t<\/div>\n\t\t\t\t<div class=\"elementor-element elementor-element-d85d96a elementor-widget-divider--view-line elementor-widget elementor-widget-divider\" data-id=\"d85d96a\" data-element_type=\"widget\" data-widget_type=\"divider.default\">\n\t\t\t\t<div class=\"elementor-widget-container\">\n\t\t\t\t\t\t\t<div class=\"elementor-divider\">\n\t\t\t<span class=\"elementor-divider-separator\">\n\t\t\t\t\t\t<\/span>\n\t\t<\/div>\n\t\t\t\t\t\t<\/div>\n\t\t\t\t<\/div>\n\t\t\t\t<\/div>\n\t\t\t\t<\/div>\n\t\t<div class=\"elementor-element elementor-element-410bf6c obcs none e-flex e-con-boxed e-con e-parent\" data-id=\"410bf6c\" data-element_type=\"container\">\n\t\t\t\t\t<div class=\"e-con-inner\">\n\t\t<div class=\"elementor-element elementor-element-cd34f2e obcs none e-flex e-con-boxed e-con e-child\" data-id=\"cd34f2e\" data-element_type=\"container\">\n\t\t\t\t\t<div class=\"e-con-inner\">\n\t\t<div class=\"elementor-element elementor-element-07e8351 e-con-full obcs none e-flex e-con e-child\" data-id=\"07e8351\" data-element_type=\"container\">\n\t\t\t\t<div class=\"elementor-element elementor-element-fc7cc26 elementor-align-left elementor-widget__width-initial elementor-widget elementor-widget-breadcrumbs\" data-id=\"fc7cc26\" data-element_type=\"widget\" data-widget_type=\"breadcrumbs.default\">\n\t\t\t\t<div class=\"elementor-widget-container\">\n\t\t\t\t\t<span><span class=\"last\">Home<\/span><\/span>\t\t\t\t<\/div>\n\t\t\t\t<\/div>\n\t\t\t\t<\/div>\n\t\t\t\t\t<\/div>\n\t\t\t\t<\/div>\n\t\t\t\t\t<\/div>\n\t\t\t\t<\/div>\n\t\t<div class=\"elementor-element elementor-element-294bd89 obcs yellow e-flex e-con-boxed e-con e-parent\" data-id=\"294bd89\" data-element_type=\"container\">\n\t\t\t\t\t<div class=\"e-con-inner\">\n\t\t<div class=\"elementor-element elementor-element-6503b1a e-con-full obcs blue e-flex e-con e-child\" data-id=\"6503b1a\" data-element_type=\"container\">\n\t\t\t\t<div class=\"elementor-element elementor-element-9eaf23a elementor-widget elementor-widget-heading\" data-id=\"9eaf23a\" data-element_type=\"widget\" data-widget_type=\"heading.default\">\n\t\t\t\t<div class=\"elementor-widget-container\">\n\t\t\t\t\t<h2 class=\"elementor-heading-title elementor-size-default\">Institut AllergoSan Pharma GmbH<\/h2>\t\t\t\t<\/div>\n\t\t\t\t<\/div>\n\t\t\t\t<div class=\"elementor-element elementor-element-57e94f5 elementor-widget elementor-widget-text-editor\" data-id=\"57e94f5\" data-element_type=\"widget\" data-widget_type=\"text-editor.default\">\n\t\t\t\t<div class=\"elementor-widget-container\">\n\t\t\t\t\t\t\t\t\t<p><strong>P\u0159edm\u011bt podnik\u00e1n\u00ed<\/strong>: Velkoobchod s dopl\u0148ky stravy a l\u00e9\u010div\u00fdmi p\u0159\u00edpravky; obchod s drogistick\u00fdm zbo\u017e\u00edm<\/p><p><strong>DPH \u010d.:<\/strong>\u00a0ATU64528657<\/p><p><strong>Registra\u010dn\u00ed \u010d\u00edslo spole\u010dnosti.:<\/strong>\u00a0FN 317527 b Krajsk\u00fd soud Graz (GmbH se s\u00eddlem ve \u0160t\u00fdrsk\u00e9m Hradci)<\/p><p><strong>Gener\u00e1ln\u00ed \u0159editelka:\u00a0<\/strong>Prof. Anita Frauwallner<\/p><p><strong>Obchodn\u00ed soudn\u00ed rejst\u0159\u00edk:<\/strong>\u00a0Krajsk\u00fd soud Graz<\/p><p><strong>S\u00eddlo spole\u010dnosti:<\/strong>\u00a0Gmeinstra\u00dfe 13, AT-8055 Graz<\/p><p><strong>Kontakt:<\/strong>\u00a0Tel.: +43 316 405 305; Fax: +43 316 405 305 20; E-mail: cesko@allergosan.com<\/p><p><strong>\u010clenstv\u00ed v komorn\u00edch organizac\u00edch:<\/strong>\u00a0Obchodn\u00ed komora \u0160t\u00fdrsko<\/p><p><strong>Spr\u00e1vn\u00ed pr\u00e1vo (mj.):<\/strong>\u00a0\u017divnostensk\u00e9 p\u0159edpisy (v\u0161echny citovan\u00e9 z\u00e1kony jsou mimo jin\u00e9 p\u0159\u00edstupn\u00e9 na www.ris.bka.gv.at)<\/p><p><strong>Regula\u010dn\u00ed \u00fa\u0159ad:<\/strong>\u00a0\u017divnostensk\u00fd \u00fa\u0159ad Graz<\/p><p>Evropsk\u00e1 komise poskytuje platformu pro \u0159e\u0161en\u00ed probl\u00e9m\u016f online (ODR), kterou najdete zde https:\/\/ec.europa.eu\/consumers\/odr\/<\/p>\t\t\t\t\t\t\t\t<\/div>\n\t\t\t\t<\/div>\n\t\t\t\t<div class=\"elementor-element elementor-element-6cd57f4 elementor-widget elementor-widget-heading\" data-id=\"6cd57f4\" data-element_type=\"widget\" data-widget_type=\"heading.default\">\n\t\t\t\t<div class=\"elementor-widget-container\">\n\t\t\t\t\t<h2 class=\"elementor-heading-title elementor-size-default\">V p\u0159\u00edpad\u011b vystaven\u00ed faktury Institutu AllergoSan pou\u017eijte n\u00e1sleduj\u00edc\u00ed \u00fadaje:<\/h2>\t\t\t\t<\/div>\n\t\t\t\t<\/div>\n\t\t\t\t<div class=\"elementor-element elementor-element-02d0b07 elementor-widget elementor-widget-text-editor\" data-id=\"02d0b07\" data-element_type=\"widget\" data-widget_type=\"text-editor.default\">\n\t\t\t\t<div class=\"elementor-widget-container\">\n\t\t\t\t\t\t\t\t\t<p><strong>Institut AllergoSan<\/strong><br \/>Pharmazeutische Produkte Forschungs- und Vertriebs GmbH<br \/>Gmeinstra\u00dfe 13<br \/>A-8055 Graz<\/p><p><strong>UID:<\/strong> ATU63000558<\/p>\t\t\t\t\t\t\t\t<\/div>\n\t\t\t\t<\/div>\n\t\t\t\t<\/div>\n\t\t\t\t\t<\/div>\n\t\t\t\t<\/div>\n\t\t\t\t<\/div>\n\t\t","protected":false},"excerpt":{"rendered":"<p>Impresum Home Institut AllergoSan Pharma GmbH P\u0159edm\u011bt podnik\u00e1n\u00ed: Velkoobchod s dopl\u0148ky stravy a l\u00e9\u010div\u00fdmi p\u0159\u00edpravky; obchod s drogistick\u00fdm zbo\u017e\u00edm DPH \u010d.:\u00a0ATU64528657 Registra\u010dn\u00ed \u010d\u00edslo spole\u010dnosti.:\u00a0FN 317527 b Krajsk\u00fd soud Graz (GmbH se s\u00eddlem ve \u0160t\u00fdrsk\u00e9m Hradci) Gener\u00e1ln\u00ed \u0159editelka:\u00a0Prof. Anita Frauwallner Obchodn\u00ed soudn\u00ed rejst\u0159\u00edk:\u00a0Krajsk\u00fd soud Graz S\u00eddlo spole\u010dnosti:\u00a0Gmeinstra\u00dfe 13, AT-8055 Graz Kontakt:\u00a0Tel.: +43 316 405 305; Fax: [&hellip;]<\/p>\n","protected":false},"author":8,"featured_media":0,"parent":0,"menu_order":0,"comment_status":"closed","ping_status":"closed","template":"","meta":{"_acf_changed":false,"inline_featured_image":false,"footnotes":""},"class_list":["post-16874","page","type-page","status-publish","hentry"],"acf":[],"_links":{"self":[{"href":"https:\/\/www.omni-biotic.com\/cs-cz\/wp-json\/wp\/v2\/pages\/16874","targetHints":{"allow":["GET"]}}],"collection":[{"href":"https:\/\/www.omni-biotic.com\/cs-cz\/wp-json\/wp\/v2\/pages"}],"about":[{"href":"https:\/\/www.omni-biotic.com\/cs-cz\/wp-json\/wp\/v2\/types\/page"}],"author":[{"embeddable":true,"href":"https:\/\/www.omni-biotic.com\/cs-cz\/wp-json\/wp\/v2\/users\/8"}],"replies":[{"embeddable":true,"href":"https:\/\/www.omni-biotic.com\/cs-cz\/wp-json\/wp\/v2\/comments?post=16874"}],"version-history":[{"count":7,"href":"https:\/\/www.omni-biotic.com\/cs-cz\/wp-json\/wp\/v2\/pages\/16874\/revisions"}],"predecessor-version":[{"id":19392,"href":"https:\/\/www.omni-biotic.com\/cs-cz\/wp-json\/wp\/v2\/pages\/16874\/revisions\/19392"}],"wp:attachment":[{"href":"https:\/\/www.omni-biotic.com\/cs-cz\/wp-json\/wp\/v2\/media?parent=16874"}],"curies":[{"name":"wp","href":"https:\/\/api.w.org\/{rel}","templated":true}]}}