{"id":18379,"date":"2024-04-11T15:55:28","date_gmt":"2024-04-11T13:55:28","guid":{"rendered":"https:\/\/www.omni-biotic.com\/cs-cz\/?page_id=18379"},"modified":"2024-04-22T09:52:39","modified_gmt":"2024-04-22T07:52:39","slug":"udrzitelny-rozvoj","status":"publish","type":"page","link":"https:\/\/www.omni-biotic.com\/cs-cz\/udrzitelny-rozvoj\/","title":{"rendered":"Udr\u017eiteln\u00fd rozvoj"},"content":{"rendered":"\t\t<div data-elementor-type=\"wp-page\" data-elementor-id=\"18379\" class=\"elementor elementor-18379\" data-elementor-post-type=\"page\">\n\t\t\t\t<div class=\"elementor-element elementor-element-33b2bcf e-con-full obcs none e-flex e-con e-parent\" data-id=\"33b2bcf\" data-element_type=\"container\" data-settings=\"{&quot;background_background&quot;:&quot;classic&quot;,&quot;shape_divider_bottom&quot;:&quot;waves&quot;}\">\n\t\t\t\t<div class=\"elementor-shape elementor-shape-bottom\" aria-hidden=\"true\" data-negative=\"false\">\n\t\t\t<svg xmlns=\"http:\/\/www.w3.org\/2000\/svg\" viewBox=\"0 0 1000 100\" preserveAspectRatio=\"none\">\n\t<path class=\"elementor-shape-fill\" d=\"M421.9,6.5c22.6-2.5,51.5,0.4,75.5,5.3c23.6,4.9,70.9,23.5,100.5,35.7c75.8,32.2,133.7,44.5,192.6,49.7\n\tc23.6,2.1,48.7,3.5,103.4-2.5c54.7-6,106.2-25.6,106.2-25.6V0H0v30.3c0,0,72,32.6,158.4,30.5c39.2-0.7,92.8-6.7,134-22.4\n\tc21.2-8.1,52.2-18.2,79.7-24.2C399.3,7.9,411.6,7.5,421.9,6.5z\"\/>\n<\/svg>\t\t<\/div>\n\t\t<div class=\"elementor-element elementor-element-ab19e76 e-con-full obcs none e-flex e-con e-child\" data-id=\"ab19e76\" data-element_type=\"container\" data-settings=\"{&quot;background_background&quot;:&quot;gradient&quot;}\">\n\t\t\t\t<div class=\"elementor-element elementor-element-d974388 elementor-widget elementor-widget-heading\" data-id=\"d974388\" data-element_type=\"widget\" data-widget_type=\"heading.default\">\n\t\t\t\t<div class=\"elementor-widget-container\">\n\t\t\t\t\t<h1 class=\"elementor-heading-title elementor-size-default\">Udr\u017eiteln\u00fd rozvoj<\/h1>\t\t\t\t<\/div>\n\t\t\t\t<\/div>\n\t\t\t\t<div class=\"elementor-element elementor-element-53e4344 elementor-widget-divider--view-line elementor-widget elementor-widget-divider\" data-id=\"53e4344\" data-element_type=\"widget\" data-widget_type=\"divider.default\">\n\t\t\t\t<div class=\"elementor-widget-container\">\n\t\t\t\t\t\t\t<div class=\"elementor-divider\">\n\t\t\t<span class=\"elementor-divider-separator\">\n\t\t\t\t\t\t<\/span>\n\t\t<\/div>\n\t\t\t\t\t\t<\/div>\n\t\t\t\t<\/div>\n\t\t\t\t<div class=\"elementor-element elementor-element-6d1015c elementor-widget elementor-widget-heading\" data-id=\"6d1015c\" data-element_type=\"widget\" data-widget_type=\"heading.default\">\n\t\t\t\t<div class=\"elementor-widget-container\">\n\t\t\t\t\t<h3 class=\"elementor-heading-title elementor-size-default\">D\u016fle\u017eit\u00e9 t\u00e9ma pro Institut AllergoSan<\/h3>\t\t\t\t<\/div>\n\t\t\t\t<\/div>\n\t\t\t\t<\/div>\n\t\t\t\t<\/div>\n\t\t<div class=\"elementor-element elementor-element-40d663d obcs none e-flex e-con-boxed e-con e-parent\" data-id=\"40d663d\" data-element_type=\"container\">\n\t\t\t\t\t<div class=\"e-con-inner\">\n\t\t<div class=\"elementor-element elementor-element-dfa746b obcs none e-flex e-con-boxed e-con e-child\" data-id=\"dfa746b\" data-element_type=\"container\">\n\t\t\t\t\t<div class=\"e-con-inner\">\n\t\t<div class=\"elementor-element elementor-element-1ffc3d0 e-con-full obcs none e-flex e-con e-child\" data-id=\"1ffc3d0\" data-element_type=\"container\">\n\t\t\t\t<div class=\"elementor-element elementor-element-ef9ec25 elementor-align-left elementor-widget__width-initial elementor-widget elementor-widget-breadcrumbs\" data-id=\"ef9ec25\" data-element_type=\"widget\" data-widget_type=\"breadcrumbs.default\">\n\t\t\t\t<div class=\"elementor-widget-container\">\n\t\t\t\t\t<span><span class=\"last\">Home<\/span><\/span>\t\t\t\t<\/div>\n\t\t\t\t<\/div>\n\t\t\t\t<\/div>\n\t\t\t\t\t<\/div>\n\t\t\t\t<\/div>\n\t\t\t\t\t<\/div>\n\t\t\t\t<\/div>\n\t\t<div class=\"elementor-element elementor-element-11067e2 obcs green e-flex e-con-boxed e-con e-parent\" data-id=\"11067e2\" data-element_type=\"container\">\n\t\t\t\t\t<div class=\"e-con-inner\">\n\t\t<div class=\"elementor-element elementor-element-e5ab483 e-con-full obcs none e-flex e-con e-child\" data-id=\"e5ab483\" data-element_type=\"container\">\n\t\t\t\t<div class=\"elementor-element elementor-element-b48b8e8 elementor-widget elementor-widget-text-editor\" data-id=\"b48b8e8\" data-element_type=\"widget\" data-widget_type=\"text-editor.default\">\n\t\t\t\t<div class=\"elementor-widget-container\">\n\t\t\t\t\t\t\t\t\t<p><a href=\"https:\/\/www.omni-biotic.com\/cs-cz\/o-nas\/institut-allergosan\/\"><strong>Institut AllergoSan<\/strong><\/a> si jako <a href=\"https:\/\/www.omni-biotic.com\/cs-cz\/o-nas\/institut-allergosan\/kompetencni-centrum\/\">centrum pro v\u00fdzkum mikrobiomu<\/a> stanovil za c\u00edl vyv\u00edjet v\u011bdeck\u00e9 inovace, kter\u00e9 jsou ur\u010deny pro<strong> celkov\u00fd u\u017eitek \u010dlov\u011bka a p\u0159\u00edrody.<\/strong> To znamen\u00e1, \u017ee pracujeme v\u00fdhradn\u011b s l\u00e1tkami, kter\u00e9 n\u00e1m poskytuje p\u0159\u00edroda. Je proto samoz\u0159ejm\u00e9, \u017ee se zavazujeme k <strong>ochran\u011b a zachov\u00e1n\u00ed<\/strong> tohoto vz\u00e1cn\u00e9ho podkladu na\u0161\u00ed pr\u00e1ce. Udr\u017eiteln\u00fd rozvoj \u017eijeme s nad\u0161en\u00edm ji\u017e mnoho let a sv\u00e9 z\u00e1vazky neust\u00e1le zintenziv\u0148ujeme.<\/p><p>Od <strong>obal\u016f \u0161etrn\u00fdch k p\u0159\u00edrod\u011b<\/strong> a\u017e po <strong>cestu na pracovi\u0161t\u011b \u0161etrnou ke klimatu.<\/strong> Zab\u00fdv\u00e1me se d\u016fsledky toho, co d\u011bl\u00e1me, d\u00e1le rozv\u00edj\u00edme celkov\u00e1 opat\u0159en\u00ed a st\u00e1le pracujeme na hled\u00e1n\u00ed je\u0161t\u011b <strong>lep\u0161\u00edch \u0159e\u0161en\u00ed<\/strong> pro na\u0161e \u017eivotn\u00ed prost\u0159ed\u00ed a celou spole\u010dnost \u2013<strong> spole\u010dn\u00fdmi silami za zm\u011bnou!<\/strong><\/p>\t\t\t\t\t\t\t\t<\/div>\n\t\t\t\t<\/div>\n\t\t\t\t<\/div>\n\t\t\t\t\t<\/div>\n\t\t\t\t<\/div>\n\t\t<div class=\"elementor-element elementor-element-0bd6a94 obcs none e-flex e-con-boxed e-con e-parent\" data-id=\"0bd6a94\" data-element_type=\"container\">\n\t\t\t\t\t<div class=\"e-con-inner\">\n\t\t\t\t<div class=\"elementor-element elementor-element-630d9ee elementor-widget elementor-widget-infobox\" data-id=\"630d9ee\" data-element_type=\"widget\" data-widget_type=\"infobox.default\">\n\t\t\t\t<div class=\"elementor-widget-container\">\n\t\t\t\t\t\n<div class=\"li-widgets--infobox blue\">\n\n    <div class=\"li-widgets--infobox__icon\">\n        <i aria-hidden=\"true\" class=\"fas fa-hand-holding-heart\"><\/i>    <\/div>\n    <div class=\"li-widgets--infobox__text\">\n            <\/div>\n    <div class=\"li-widgets--infobox__text-body\">\n        <p><strong>Institut AllergoSan a cel\u00fd jeho t\u00fdm je p\u0159esv\u011bd\u010den,<\/strong> \u017ee udr\u017eiteln\u00e9ho rozvoje na\u0161\u00ed planety a zachov\u00e1n\u00ed sv\u011bta, ve kter\u00e9m stoj\u00ed za to \u017e\u00edt, se vz\u00e1jemn\u00fdm uzn\u00e1n\u00edm a respektem, lze dos\u00e1hnout pouze tehdy, budeme-li <strong>jednat na n\u011bkolika \u00farovn\u00edch.<\/strong> Proto jsme vypracovali <strong>strategii pro udr\u017eiteln\u00fd rozvoj,<\/strong> kde\u00a0aktivn\u011b prosazujeme opat\u0159en\u00ed <strong>v n\u00e1sleduj\u00edc\u00edch oblastech:<\/strong> oblast <strong>ekologie, ekonomie a soci\u00e1ln\u00ed oblast.<\/strong><\/p>    <\/div>\n\n    \n<\/div>\n\t\t\t\t<\/div>\n\t\t\t\t<\/div>\n\t\t\t\t\t<\/div>\n\t\t\t\t<\/div>\n\t\t<div class=\"elementor-element elementor-element-9f0c4c7 obcs green e-flex e-con-boxed e-con e-parent\" data-id=\"9f0c4c7\" data-element_type=\"container\">\n\t\t\t\t\t<div class=\"e-con-inner\">\n\t\t<div class=\"elementor-element elementor-element-f517155 e-con-full obcs none e-flex e-con e-child\" data-id=\"f517155\" data-element_type=\"container\">\n\t\t\t\t<div class=\"elementor-element elementor-element-7f493c2 elementor-widget elementor-widget-heading\" data-id=\"7f493c2\" data-element_type=\"widget\" data-widget_type=\"heading.default\">\n\t\t\t\t<div class=\"elementor-widget-container\">\n\t\t\t\t\t<span class=\"elementor-heading-title elementor-size-default\">Zam\u011b\u0159ujeme se na t\u0159i pil\u00ed\u0159e udr\u017eiteln\u00e9ho rozvoje<\/span>\t\t\t\t<\/div>\n\t\t\t\t<\/div>\n\t\t\t\t<\/div>\n\t\t\t\t\t<\/div>\n\t\t\t\t<\/div>\n\t\t<div class=\"elementor-element elementor-element-7749d2b obcs green e-flex e-con-boxed e-con e-parent\" data-id=\"7749d2b\" data-element_type=\"container\">\n\t\t\t\t\t<div class=\"e-con-inner\">\n\t\t<div class=\"elementor-element elementor-element-76a836a obcs green e-con-full e-flex e-con e-child\" data-id=\"76a836a\" data-element_type=\"container\">\n\t\t\t\t<div class=\"elementor-element elementor-element-83bf530 e-transform elementor-widget elementor-widget-image\" data-id=\"83bf530\" data-element_type=\"widget\" data-settings=\"{&quot;_transform_translateY_effect_hover&quot;:{&quot;unit&quot;:&quot;px&quot;,&quot;size&quot;:&quot;-20&quot;,&quot;sizes&quot;:[]},&quot;_transform_translateX_effect_hover&quot;:{&quot;unit&quot;:&quot;px&quot;,&quot;size&quot;:&quot;&quot;,&quot;sizes&quot;:[]},&quot;_transform_translateX_effect_hover_tablet&quot;:{&quot;unit&quot;:&quot;px&quot;,&quot;size&quot;:&quot;&quot;,&quot;sizes&quot;:[]},&quot;_transform_translateX_effect_hover_mobile&quot;:{&quot;unit&quot;:&quot;px&quot;,&quot;size&quot;:&quot;&quot;,&quot;sizes&quot;:[]},&quot;_transform_translateY_effect_hover_tablet&quot;:{&quot;unit&quot;:&quot;px&quot;,&quot;size&quot;:&quot;&quot;,&quot;sizes&quot;:[]},&quot;_transform_translateY_effect_hover_mobile&quot;:{&quot;unit&quot;:&quot;px&quot;,&quot;size&quot;:&quot;&quot;,&quot;sizes&quot;:[]}}\" data-widget_type=\"image.default\">\n\t\t\t\t<div class=\"elementor-widget-container\">\n\t\t\t\t\t\t\t\t\t\t\t\t\t\t\t\t<a href=\"https:\/\/www.omni-biotic.com\/cs-cz\/udrzitelny-rozvoj\/zamestnanec-spolecnost\/\">\n\t\t\t\t\t\t\t<img fetchpriority=\"high\" decoding=\"async\" width=\"800\" height=\"800\" src=\"https:\/\/www.omni-biotic.com\/cs-cz\/wp-content\/uploads\/sites\/8\/2024\/04\/mitarbeiter-gesellschaft.jpg\" class=\"attachment-large size-large wp-image-18382\" alt=\"\" srcset=\"https:\/\/www.omni-biotic.com\/cs-cz\/wp-content\/uploads\/sites\/8\/2024\/04\/mitarbeiter-gesellschaft.jpg 1024w, https:\/\/www.omni-biotic.com\/cs-cz\/wp-content\/uploads\/sites\/8\/2024\/04\/mitarbeiter-gesellschaft-300x300.jpg 300w, https:\/\/www.omni-biotic.com\/cs-cz\/wp-content\/uploads\/sites\/8\/2024\/04\/mitarbeiter-gesellschaft-150x150.jpg 150w, https:\/\/www.omni-biotic.com\/cs-cz\/wp-content\/uploads\/sites\/8\/2024\/04\/mitarbeiter-gesellschaft-768x768.jpg 768w\" sizes=\"(max-width: 800px) 100vw, 800px\" title=\"\">\t\t\t\t\t\t\t\t<\/a>\n\t\t\t\t\t\t\t\t\t\t\t\t\t\t\t<\/div>\n\t\t\t\t<\/div>\n\t\t\t\t<div class=\"elementor-element elementor-element-32bcc18 elementor-widget elementor-widget-heading\" data-id=\"32bcc18\" data-element_type=\"widget\" data-widget_type=\"heading.default\">\n\t\t\t\t<div class=\"elementor-widget-container\">\n\t\t\t\t\t<h3 class=\"elementor-heading-title elementor-size-default\"><a href=\"https:\/\/www.omni-biotic.com\/cs-cz\/udrzitelny-rozvoj\/zamestnanec-spolecnost\/\">Zam\u011bstnanec a spole\u010dnost<\/a><\/h3>\t\t\t\t<\/div>\n\t\t\t\t<\/div>\n\t\t\t\t<div class=\"elementor-element elementor-element-c60fbae elementor-widget elementor-widget-text-editor\" data-id=\"c60fbae\" data-element_type=\"widget\" data-widget_type=\"text-editor.default\">\n\t\t\t\t<div class=\"elementor-widget-container\">\n\t\t\t\t\t\t\t\t\t<p style=\"text-align: center\">M\u00e1me odpov\u011bdnost v\u016f\u010di v\u0161em, kte\u0159\u00ed pro n\u00e1s a s n\u00e1mi pracuj\u00ed.<\/p>\t\t\t\t\t\t\t\t<\/div>\n\t\t\t\t<\/div>\n\t\t\t\t<\/div>\n\t\t<div class=\"elementor-element elementor-element-c6889a6 obcs green e-con-full e-flex e-con e-child\" data-id=\"c6889a6\" data-element_type=\"container\">\n\t\t\t\t<div class=\"elementor-element elementor-element-139ea62 e-transform elementor-widget elementor-widget-image\" data-id=\"139ea62\" data-element_type=\"widget\" data-settings=\"{&quot;_transform_translateY_effect_hover&quot;:{&quot;unit&quot;:&quot;px&quot;,&quot;size&quot;:&quot;-20&quot;,&quot;sizes&quot;:[]},&quot;_transform_translateX_effect_hover&quot;:{&quot;unit&quot;:&quot;px&quot;,&quot;size&quot;:&quot;&quot;,&quot;sizes&quot;:[]},&quot;_transform_translateX_effect_hover_tablet&quot;:{&quot;unit&quot;:&quot;px&quot;,&quot;size&quot;:&quot;&quot;,&quot;sizes&quot;:[]},&quot;_transform_translateX_effect_hover_mobile&quot;:{&quot;unit&quot;:&quot;px&quot;,&quot;size&quot;:&quot;&quot;,&quot;sizes&quot;:[]},&quot;_transform_translateY_effect_hover_tablet&quot;:{&quot;unit&quot;:&quot;px&quot;,&quot;size&quot;:&quot;&quot;,&quot;sizes&quot;:[]},&quot;_transform_translateY_effect_hover_mobile&quot;:{&quot;unit&quot;:&quot;px&quot;,&quot;size&quot;:&quot;&quot;,&quot;sizes&quot;:[]}}\" data-widget_type=\"image.default\">\n\t\t\t\t<div class=\"elementor-widget-container\">\n\t\t\t\t\t\t\t\t\t\t\t\t\t\t\t\t<a href=\"https:\/\/www.omni-biotic.com\/cs-cz\/udrzitelny-rozvoj\/hospodarsky-vyvoj\/\">\n\t\t\t\t\t\t\t<img decoding=\"async\" width=\"800\" height=\"800\" src=\"https:\/\/www.omni-biotic.com\/cs-cz\/wp-content\/uploads\/sites\/8\/2024\/04\/wirtschaftliche-nachhaltigkeit.jpg\" class=\"attachment-large size-large wp-image-18383\" alt=\"\" srcset=\"https:\/\/www.omni-biotic.com\/cs-cz\/wp-content\/uploads\/sites\/8\/2024\/04\/wirtschaftliche-nachhaltigkeit.jpg 1024w, https:\/\/www.omni-biotic.com\/cs-cz\/wp-content\/uploads\/sites\/8\/2024\/04\/wirtschaftliche-nachhaltigkeit-300x300.jpg 300w, https:\/\/www.omni-biotic.com\/cs-cz\/wp-content\/uploads\/sites\/8\/2024\/04\/wirtschaftliche-nachhaltigkeit-150x150.jpg 150w, https:\/\/www.omni-biotic.com\/cs-cz\/wp-content\/uploads\/sites\/8\/2024\/04\/wirtschaftliche-nachhaltigkeit-768x768.jpg 768w\" sizes=\"(max-width: 800px) 100vw, 800px\" title=\"\">\t\t\t\t\t\t\t\t<\/a>\n\t\t\t\t\t\t\t\t\t\t\t\t\t\t\t<\/div>\n\t\t\t\t<\/div>\n\t\t\t\t<div class=\"elementor-element elementor-element-b9056cd elementor-widget elementor-widget-heading\" data-id=\"b9056cd\" data-element_type=\"widget\" data-widget_type=\"heading.default\">\n\t\t\t\t<div class=\"elementor-widget-container\">\n\t\t\t\t\t<h3 class=\"elementor-heading-title elementor-size-default\"><a href=\"https:\/\/www.omni-biotic.com\/cs-cz\/udrzitelny-rozvoj\/hospodarsky-vyvoj\/\">Udr\u017eiteln\u00fd rozvoj v hospod\u00e1\u0159stv\u00ed<\/a><\/h3>\t\t\t\t<\/div>\n\t\t\t\t<\/div>\n\t\t\t\t<div class=\"elementor-element elementor-element-7f49a9a elementor-widget elementor-widget-text-editor\" data-id=\"7f49a9a\" data-element_type=\"widget\" data-widget_type=\"text-editor.default\">\n\t\t\t\t<div class=\"elementor-widget-container\">\n\t\t\t\t\t\t\t\t\t<p style=\"text-align: center\">C\u00edlem na\u0161ich podnikatelsk\u00fdch aktivit je tak\u00e9 prosp\u011bt budouc\u00edm generac\u00edm.<\/p>\t\t\t\t\t\t\t\t<\/div>\n\t\t\t\t<\/div>\n\t\t\t\t<\/div>\n\t\t<div class=\"elementor-element elementor-element-28550dd obcs green e-con-full e-flex e-con e-child\" data-id=\"28550dd\" data-element_type=\"container\">\n\t\t\t\t<div class=\"elementor-element elementor-element-db8a8f1 e-transform elementor-widget elementor-widget-image\" data-id=\"db8a8f1\" data-element_type=\"widget\" data-settings=\"{&quot;_transform_translateY_effect_hover&quot;:{&quot;unit&quot;:&quot;px&quot;,&quot;size&quot;:&quot;-20&quot;,&quot;sizes&quot;:[]},&quot;_transform_translateX_effect_hover&quot;:{&quot;unit&quot;:&quot;px&quot;,&quot;size&quot;:&quot;&quot;,&quot;sizes&quot;:[]},&quot;_transform_translateX_effect_hover_tablet&quot;:{&quot;unit&quot;:&quot;px&quot;,&quot;size&quot;:&quot;&quot;,&quot;sizes&quot;:[]},&quot;_transform_translateX_effect_hover_mobile&quot;:{&quot;unit&quot;:&quot;px&quot;,&quot;size&quot;:&quot;&quot;,&quot;sizes&quot;:[]},&quot;_transform_translateY_effect_hover_tablet&quot;:{&quot;unit&quot;:&quot;px&quot;,&quot;size&quot;:&quot;&quot;,&quot;sizes&quot;:[]},&quot;_transform_translateY_effect_hover_mobile&quot;:{&quot;unit&quot;:&quot;px&quot;,&quot;size&quot;:&quot;&quot;,&quot;sizes&quot;:[]}}\" data-widget_type=\"image.default\">\n\t\t\t\t<div class=\"elementor-widget-container\">\n\t\t\t\t\t\t\t\t\t\t\t\t\t\t\t\t<a href=\"https:\/\/www.omni-biotic.com\/cs-cz\/udrzitelny-rozvoj\/zivotni-prostredi\/\">\n\t\t\t\t\t\t\t<img decoding=\"async\" width=\"800\" height=\"800\" src=\"https:\/\/www.omni-biotic.com\/cs-cz\/wp-content\/uploads\/sites\/8\/2024\/04\/ressourcen-und-umwelt.jpg\" class=\"attachment-large size-large wp-image-18384\" alt=\"\" srcset=\"https:\/\/www.omni-biotic.com\/cs-cz\/wp-content\/uploads\/sites\/8\/2024\/04\/ressourcen-und-umwelt.jpg 1024w, https:\/\/www.omni-biotic.com\/cs-cz\/wp-content\/uploads\/sites\/8\/2024\/04\/ressourcen-und-umwelt-300x300.jpg 300w, https:\/\/www.omni-biotic.com\/cs-cz\/wp-content\/uploads\/sites\/8\/2024\/04\/ressourcen-und-umwelt-150x150.jpg 150w, https:\/\/www.omni-biotic.com\/cs-cz\/wp-content\/uploads\/sites\/8\/2024\/04\/ressourcen-und-umwelt-768x768.jpg 768w\" sizes=\"(max-width: 800px) 100vw, 800px\" title=\"\">\t\t\t\t\t\t\t\t<\/a>\n\t\t\t\t\t\t\t\t\t\t\t\t\t\t\t<\/div>\n\t\t\t\t<\/div>\n\t\t\t\t<div class=\"elementor-element elementor-element-b22e868 elementor-widget elementor-widget-heading\" data-id=\"b22e868\" data-element_type=\"widget\" data-widget_type=\"heading.default\">\n\t\t\t\t<div class=\"elementor-widget-container\">\n\t\t\t\t\t<h3 class=\"elementor-heading-title elementor-size-default\"><a href=\"https:\/\/www.omni-biotic.com\/cs-cz\/udrzitelny-rozvoj\/zivotni-prostredi\/\">Ochrana \u017eivotn\u00edho prost\u0159ed\u00ed a zdroj\u016f<\/a><\/h3>\t\t\t\t<\/div>\n\t\t\t\t<\/div>\n\t\t\t\t<div class=\"elementor-element elementor-element-824f49d elementor-widget elementor-widget-text-editor\" data-id=\"824f49d\" data-element_type=\"widget\" data-widget_type=\"text-editor.default\">\n\t\t\t\t<div class=\"elementor-widget-container\">\n\t\t\t\t\t\t\t\t\t<p style=\"text-align: center\">Ekologicky \u0161etrn\u00fd p\u0159\u00edstup sni\u017euje emise a \u0161et\u0159\u00ed p\u0159\u00edrodn\u00ed zdroje.<\/p>\t\t\t\t\t\t\t\t<\/div>\n\t\t\t\t<\/div>\n\t\t\t\t<\/div>\n\t\t\t\t\t<\/div>\n\t\t\t\t<\/div>\n\t\t\t\t<\/div>\n\t\t","protected":false},"excerpt":{"rendered":"<p>Udr\u017eiteln\u00fd rozvoj D\u016fle\u017eit\u00e9 t\u00e9ma pro Institut AllergoSan Home Institut AllergoSan si jako centrum pro v\u00fdzkum mikrobiomu stanovil za c\u00edl vyv\u00edjet v\u011bdeck\u00e9 inovace, kter\u00e9 jsou ur\u010deny pro celkov\u00fd u\u017eitek \u010dlov\u011bka a p\u0159\u00edrody. To znamen\u00e1, \u017ee pracujeme v\u00fdhradn\u011b s l\u00e1tkami, kter\u00e9 n\u00e1m poskytuje p\u0159\u00edroda. Je proto samoz\u0159ejm\u00e9, \u017ee se zavazujeme k ochran\u011b a zachov\u00e1n\u00ed tohoto vz\u00e1cn\u00e9ho podkladu [&hellip;]<\/p>\n","protected":false},"author":8,"featured_media":0,"parent":0,"menu_order":0,"comment_status":"closed","ping_status":"closed","template":"","meta":{"_acf_changed":false,"inline_featured_image":false,"footnotes":""},"class_list":["post-18379","page","type-page","status-publish","hentry"],"acf":[],"_links":{"self":[{"href":"https:\/\/www.omni-biotic.com\/cs-cz\/wp-json\/wp\/v2\/pages\/18379","targetHints":{"allow":["GET"]}}],"collection":[{"href":"https:\/\/www.omni-biotic.com\/cs-cz\/wp-json\/wp\/v2\/pages"}],"about":[{"href":"https:\/\/www.omni-biotic.com\/cs-cz\/wp-json\/wp\/v2\/types\/page"}],"author":[{"embeddable":true,"href":"https:\/\/www.omni-biotic.com\/cs-cz\/wp-json\/wp\/v2\/users\/8"}],"replies":[{"embeddable":true,"href":"https:\/\/www.omni-biotic.com\/cs-cz\/wp-json\/wp\/v2\/comments?post=18379"}],"version-history":[{"count":7,"href":"https:\/\/www.omni-biotic.com\/cs-cz\/wp-json\/wp\/v2\/pages\/18379\/revisions"}],"predecessor-version":[{"id":18535,"href":"https:\/\/www.omni-biotic.com\/cs-cz\/wp-json\/wp\/v2\/pages\/18379\/revisions\/18535"}],"wp:attachment":[{"href":"https:\/\/www.omni-biotic.com\/cs-cz\/wp-json\/wp\/v2\/media?parent=18379"}],"curies":[{"name":"wp","href":"https:\/\/api.w.org\/{rel}","templated":true}]}}