{"id":18391,"date":"2024-04-16T13:08:15","date_gmt":"2024-04-16T11:08:15","guid":{"rendered":"https:\/\/www.omni-biotic.com\/cs-cz\/?page_id=18391"},"modified":"2024-04-16T13:52:58","modified_gmt":"2024-04-16T11:52:58","slug":"zamestnanec-spolecnost","status":"publish","type":"page","link":"https:\/\/www.omni-biotic.com\/cs-cz\/udrzitelny-rozvoj\/zamestnanec-spolecnost\/","title":{"rendered":"Zam\u011bstnanec a spole\u010dnost"},"content":{"rendered":"\t\t<div data-elementor-type=\"wp-page\" data-elementor-id=\"18391\" class=\"elementor elementor-18391\" data-elementor-post-type=\"page\">\n\t\t\t\t<div class=\"elementor-element elementor-element-b885454 e-con-full obcs none e-flex e-con e-parent\" data-id=\"b885454\" data-element_type=\"container\" data-settings=\"{&quot;background_background&quot;:&quot;classic&quot;,&quot;shape_divider_bottom&quot;:&quot;waves&quot;}\">\n\t\t\t\t<div class=\"elementor-shape elementor-shape-bottom\" aria-hidden=\"true\" data-negative=\"false\">\n\t\t\t<svg xmlns=\"http:\/\/www.w3.org\/2000\/svg\" viewBox=\"0 0 1000 100\" preserveAspectRatio=\"none\">\n\t<path class=\"elementor-shape-fill\" d=\"M421.9,6.5c22.6-2.5,51.5,0.4,75.5,5.3c23.6,4.9,70.9,23.5,100.5,35.7c75.8,32.2,133.7,44.5,192.6,49.7\n\tc23.6,2.1,48.7,3.5,103.4-2.5c54.7-6,106.2-25.6,106.2-25.6V0H0v30.3c0,0,72,32.6,158.4,30.5c39.2-0.7,92.8-6.7,134-22.4\n\tc21.2-8.1,52.2-18.2,79.7-24.2C399.3,7.9,411.6,7.5,421.9,6.5z\"\/>\n<\/svg>\t\t<\/div>\n\t\t<div class=\"elementor-element elementor-element-83072ae e-con-full obcs none e-flex e-con e-child\" data-id=\"83072ae\" data-element_type=\"container\" data-settings=\"{&quot;background_background&quot;:&quot;gradient&quot;}\">\n\t\t\t\t<div class=\"elementor-element elementor-element-94dddb5 elementor-widget elementor-widget-heading\" data-id=\"94dddb5\" data-element_type=\"widget\" data-widget_type=\"heading.default\">\n\t\t\t\t<div class=\"elementor-widget-container\">\n\t\t\t\t\t<h1 class=\"elementor-heading-title elementor-size-default\">Zam\u011bstnanec a spole\u010dnost<\/h1>\t\t\t\t<\/div>\n\t\t\t\t<\/div>\n\t\t\t\t<div class=\"elementor-element elementor-element-4ccdf4b elementor-widget-divider--view-line elementor-widget elementor-widget-divider\" data-id=\"4ccdf4b\" data-element_type=\"widget\" data-widget_type=\"divider.default\">\n\t\t\t\t<div class=\"elementor-widget-container\">\n\t\t\t\t\t\t\t<div class=\"elementor-divider\">\n\t\t\t<span class=\"elementor-divider-separator\">\n\t\t\t\t\t\t<\/span>\n\t\t<\/div>\n\t\t\t\t\t\t<\/div>\n\t\t\t\t<\/div>\n\t\t\t\t<\/div>\n\t\t\t\t<\/div>\n\t\t<div class=\"elementor-element elementor-element-4dd4cbe obcs none e-flex e-con-boxed e-con e-parent\" data-id=\"4dd4cbe\" data-element_type=\"container\">\n\t\t\t\t\t<div class=\"e-con-inner\">\n\t\t<div class=\"elementor-element elementor-element-4301a5f obcs none e-flex e-con-boxed e-con e-child\" data-id=\"4301a5f\" data-element_type=\"container\">\n\t\t\t\t\t<div class=\"e-con-inner\">\n\t\t<div class=\"elementor-element elementor-element-a9be554 e-con-full obcs none e-flex e-con e-child\" data-id=\"a9be554\" data-element_type=\"container\">\n\t\t\t\t<div class=\"elementor-element elementor-element-c9c9144 elementor-align-left elementor-widget__width-initial elementor-widget elementor-widget-breadcrumbs\" data-id=\"c9c9144\" data-element_type=\"widget\" data-widget_type=\"breadcrumbs.default\">\n\t\t\t\t<div class=\"elementor-widget-container\">\n\t\t\t\t\t<span><span class=\"last\">Home<\/span><\/span>\t\t\t\t<\/div>\n\t\t\t\t<\/div>\n\t\t\t\t<\/div>\n\t\t\t\t\t<\/div>\n\t\t\t\t<\/div>\n\t\t\t\t\t<\/div>\n\t\t\t\t<\/div>\n\t\t<div class=\"elementor-element elementor-element-acd3d65 obcs none e-flex e-con-boxed e-con e-parent\" data-id=\"acd3d65\" data-element_type=\"container\">\n\t\t\t\t\t<div class=\"e-con-inner\">\n\t\t<div class=\"elementor-element elementor-element-b0cc94a e-con-full obcs none e-flex e-con e-child\" data-id=\"b0cc94a\" data-element_type=\"container\" data-settings=\"{&quot;background_background&quot;:&quot;classic&quot;}\">\n\t\t\t\t<div class=\"elementor-element elementor-element-2477187 elementor-widget elementor-widget-image\" data-id=\"2477187\" data-element_type=\"widget\" data-widget_type=\"image.default\">\n\t\t\t\t<div class=\"elementor-widget-container\">\n\t\t\t\t\t\t\t\t\t\t\t\t\t\t\t<img fetchpriority=\"high\" decoding=\"async\" width=\"800\" height=\"714\" src=\"https:\/\/www.omni-biotic.com\/cs-cz\/wp-content\/uploads\/sites\/8\/2024\/04\/gesunderhaltung.svg\" class=\"attachment-large size-large wp-image-18393\" alt=\"\" title=\"\">\t\t\t\t\t\t\t\t\t\t\t\t\t\t\t<\/div>\n\t\t\t\t<\/div>\n\t\t\t\t<div class=\"elementor-element elementor-element-f7119cc elementor-widget elementor-widget-heading\" data-id=\"f7119cc\" data-element_type=\"widget\" data-widget_type=\"heading.default\">\n\t\t\t\t<div class=\"elementor-widget-container\">\n\t\t\t\t\t<div class=\"elementor-heading-title elementor-size-default\">P\u00e9\u010de o zdrav\u00ed v pop\u0159ed\u00ed<\/div>\t\t\t\t<\/div>\n\t\t\t\t<\/div>\n\t\t\t\t<\/div>\n\t\t<div class=\"elementor-element elementor-element-d4ff5e0 e-con-full obcs none e-flex e-con e-child\" data-id=\"d4ff5e0\" data-element_type=\"container\" data-settings=\"{&quot;background_background&quot;:&quot;classic&quot;}\">\n\t\t\t\t<div class=\"elementor-element elementor-element-ba3bd33 elementor-widget elementor-widget-image\" data-id=\"ba3bd33\" data-element_type=\"widget\" data-widget_type=\"image.default\">\n\t\t\t\t<div class=\"elementor-widget-container\">\n\t\t\t\t\t\t\t\t\t\t\t\t\t\t\t<img decoding=\"async\" width=\"800\" height=\"734\" src=\"https:\/\/www.omni-biotic.com\/cs-cz\/wp-content\/uploads\/sites\/8\/2024\/04\/familienunternehmen.svg\" class=\"attachment-large size-large wp-image-18394\" alt=\"\" title=\"\">\t\t\t\t\t\t\t\t\t\t\t\t\t\t\t<\/div>\n\t\t\t\t<\/div>\n\t\t\t\t<div class=\"elementor-element elementor-element-eb412f0 elementor-widget elementor-widget-heading\" data-id=\"eb412f0\" data-element_type=\"widget\" data-widget_type=\"heading.default\">\n\t\t\t\t<div class=\"elementor-widget-container\">\n\t\t\t\t\t<div class=\"elementor-heading-title elementor-size-default\">Rodinn\u00fd podnik, ve kter\u00e9m se ka\u017ed\u00fd jedinec po\u010d\u00edt\u00e1<\/div>\t\t\t\t<\/div>\n\t\t\t\t<\/div>\n\t\t\t\t<\/div>\n\t\t<div class=\"elementor-element elementor-element-bc4d0bd e-con-full obcs none e-flex e-con e-child\" data-id=\"bc4d0bd\" data-element_type=\"container\" data-settings=\"{&quot;background_background&quot;:&quot;classic&quot;}\">\n\t\t\t\t<div class=\"elementor-element elementor-element-57853a0 elementor-widget elementor-widget-image\" data-id=\"57853a0\" data-element_type=\"widget\" data-widget_type=\"image.default\">\n\t\t\t\t<div class=\"elementor-widget-container\">\n\t\t\t\t\t\t\t\t\t\t\t\t\t\t\t<img decoding=\"async\" width=\"800\" height=\"808\" src=\"https:\/\/www.omni-biotic.com\/cs-cz\/wp-content\/uploads\/sites\/8\/2024\/04\/teamplay.svg\" class=\"attachment-large size-large wp-image-18395\" alt=\"\" title=\"\">\t\t\t\t\t\t\t\t\t\t\t\t\t\t\t<\/div>\n\t\t\t\t<\/div>\n\t\t\t\t<div class=\"elementor-element elementor-element-075c83d elementor-widget elementor-widget-heading\" data-id=\"075c83d\" data-element_type=\"widget\" data-widget_type=\"heading.default\">\n\t\t\t\t<div class=\"elementor-widget-container\">\n\t\t\t\t\t<div class=\"elementor-heading-title elementor-size-default\">Opravdov\u00fd t\u00fdm<\/div>\t\t\t\t<\/div>\n\t\t\t\t<\/div>\n\t\t\t\t<\/div>\n\t\t\t\t\t<\/div>\n\t\t\t\t<\/div>\n\t\t<div class=\"elementor-element elementor-element-ce80e93 obcs none e-flex e-con-boxed e-con e-parent\" data-id=\"ce80e93\" data-element_type=\"container\">\n\t\t\t\t\t<div class=\"e-con-inner\">\n\t\t<div class=\"elementor-element elementor-element-657161f e-con-full obcs none e-flex e-con e-child\" data-id=\"657161f\" data-element_type=\"container\">\n\t\t\t\t<div class=\"elementor-element elementor-element-eed53e8 e-transform elementor-widget elementor-widget-image\" data-id=\"eed53e8\" data-element_type=\"widget\" data-settings=\"{&quot;_transform_rotateZ_effect&quot;:{&quot;unit&quot;:&quot;px&quot;,&quot;size&quot;:&quot;0&quot;,&quot;sizes&quot;:[]},&quot;_transform_rotate_3d&quot;:&quot;yes&quot;,&quot;_transform_rotateX_effect&quot;:{&quot;unit&quot;:&quot;px&quot;,&quot;size&quot;:&quot;0&quot;,&quot;sizes&quot;:[]},&quot;_transform_rotateY_effect&quot;:{&quot;unit&quot;:&quot;px&quot;,&quot;size&quot;:&quot;4&quot;,&quot;sizes&quot;:[]},&quot;_transform_perspective_effect&quot;:{&quot;unit&quot;:&quot;px&quot;,&quot;size&quot;:&quot;650&quot;,&quot;sizes&quot;:[]},&quot;_transform_rotateZ_effect_tablet&quot;:{&quot;unit&quot;:&quot;deg&quot;,&quot;size&quot;:&quot;&quot;,&quot;sizes&quot;:[]},&quot;_transform_rotateZ_effect_mobile&quot;:{&quot;unit&quot;:&quot;deg&quot;,&quot;size&quot;:&quot;&quot;,&quot;sizes&quot;:[]},&quot;_transform_rotateX_effect_tablet&quot;:{&quot;unit&quot;:&quot;deg&quot;,&quot;size&quot;:&quot;&quot;,&quot;sizes&quot;:[]},&quot;_transform_rotateX_effect_mobile&quot;:{&quot;unit&quot;:&quot;deg&quot;,&quot;size&quot;:&quot;&quot;,&quot;sizes&quot;:[]},&quot;_transform_rotateY_effect_tablet&quot;:{&quot;unit&quot;:&quot;deg&quot;,&quot;size&quot;:&quot;&quot;,&quot;sizes&quot;:[]},&quot;_transform_rotateY_effect_mobile&quot;:{&quot;unit&quot;:&quot;deg&quot;,&quot;size&quot;:&quot;&quot;,&quot;sizes&quot;:[]},&quot;_transform_perspective_effect_tablet&quot;:{&quot;unit&quot;:&quot;px&quot;,&quot;size&quot;:&quot;&quot;,&quot;sizes&quot;:[]},&quot;_transform_perspective_effect_mobile&quot;:{&quot;unit&quot;:&quot;px&quot;,&quot;size&quot;:&quot;&quot;,&quot;sizes&quot;:[]}}\" data-widget_type=\"image.default\">\n\t\t\t\t<div class=\"elementor-widget-container\">\n\t\t\t\t\t\t\t\t\t\t\t\t\t\t\t<img loading=\"lazy\" decoding=\"async\" width=\"800\" height=\"534\" src=\"https:\/\/www.omni-biotic.com\/cs-cz\/wp-content\/uploads\/sites\/8\/2024\/04\/rodinny_podnik.webp\" class=\"attachment-large size-large wp-image-18481\" alt=\"\" srcset=\"https:\/\/www.omni-biotic.com\/cs-cz\/wp-content\/uploads\/sites\/8\/2024\/04\/rodinny_podnik.webp 1000w, https:\/\/www.omni-biotic.com\/cs-cz\/wp-content\/uploads\/sites\/8\/2024\/04\/rodinny_podnik-300x200.webp 300w, https:\/\/www.omni-biotic.com\/cs-cz\/wp-content\/uploads\/sites\/8\/2024\/04\/rodinny_podnik-768x512.webp 768w\" sizes=\"(max-width: 800px) 100vw, 800px\" title=\"\">\t\t\t\t\t\t\t\t\t\t\t\t\t\t\t<\/div>\n\t\t\t\t<\/div>\n\t\t\t\t<\/div>\n\t\t<div class=\"elementor-element elementor-element-a79d625 e-con-full obcs none e-flex e-con e-child\" data-id=\"a79d625\" data-element_type=\"container\">\n\t\t\t\t<div class=\"elementor-element elementor-element-08f7588 elementor-widget elementor-widget-heading\" data-id=\"08f7588\" data-element_type=\"widget\" data-widget_type=\"heading.default\">\n\t\t\t\t<div class=\"elementor-widget-container\">\n\t\t\t\t\t<h2 class=\"elementor-heading-title elementor-size-default\">Rodinn\u00fd podnik<\/h2>\t\t\t\t<\/div>\n\t\t\t\t<\/div>\n\t\t\t\t<div class=\"elementor-element elementor-element-1ffb456 elementor-widget elementor-widget-text-editor\" data-id=\"1ffb456\" data-element_type=\"widget\" data-widget_type=\"text-editor.default\">\n\t\t\t\t<div class=\"elementor-widget-container\">\n\t\t\t\t\t\t\t\t\t<p>\u202fJsme rodinn\u00fd podnik, ve kter\u00e9 je<strong> \u010dlov\u011bk st\u0159edem pozornosti<\/strong> a na n\u011bm pr\u00e1v\u011b z\u00e1le\u017e\u00ed. Proto se sna\u017e\u00edme vytv\u00e1\u0159et pracovn\u00ed prost\u0159ed\u00ed, kter\u00e9 motivuje ka\u017ed\u00e9ho jednotlivce vydat ze sebe to nejlep\u0161\u00ed. <strong>Rodinna atmosf\u00e9ra, pozitivn\u00ed interakce<\/strong> a samoz\u0159ejm\u011b jasn\u00fd <strong>d\u016fraz na zdrav\u00ed na\u0161ich zam\u011bstnanc\u016f.<\/strong> Proto\u017ee p\u00e1te\u0159\u00ed <a href=\"https:\/\/www.omni-biotic.com\/cs-cz\/o-nas\/institut-allergosan\/\"><strong>Institutu AllergoSan<\/strong><\/a> jsou lid\u00e9, kte\u0159\u00ed pro n\u00e1s a s n\u00e1mi pracuj\u00ed &#8211; a ti se mohou t\u011b\u0161it z \u0159ady v\u00fdhod: od <strong>pravideln\u00fdch sportovn\u00edch program\u016f<\/strong> a <strong>ka\u017edodenn\u00edho ob\u010derstven\u00ed v baru <a href=\"https:\/\/www.omni-biotic.com\/cs-cz\/submenus\/co-je-omni-biotic\/\">OMNi-BiOTiC\u00ae<\/a><\/strong> zdarma a\u017e po <strong>m\u011bs\u00ed\u010dn\u00ed produkt pro rodinu zdarma<\/strong> a zejm\u00e9na na vd\u011b\u010dn\u00fd a p\u0159\u00e1telsk\u00fd p\u0159\u00edstup k sob\u011b navz\u00e1jem &#8211; den co den.<\/p>\t\t\t\t\t\t\t\t<\/div>\n\t\t\t\t<\/div>\n\t\t\t\t<\/div>\n\t\t\t\t\t<\/div>\n\t\t\t\t<\/div>\n\t\t<div class=\"elementor-element elementor-element-42135e6 obcs green e-flex e-con-boxed e-con e-parent\" data-id=\"42135e6\" data-element_type=\"container\">\n\t\t\t\t\t<div class=\"e-con-inner\">\n\t\t<div class=\"elementor-element elementor-element-424efed e-con-full obcs none e-flex e-con e-child\" data-id=\"424efed\" data-element_type=\"container\">\n\t\t\t\t<div class=\"elementor-element elementor-element-a8720b5 elementor-widget elementor-widget-text-editor\" data-id=\"a8720b5\" data-element_type=\"widget\" data-widget_type=\"text-editor.default\">\n\t\t\t\t<div class=\"elementor-widget-container\">\n\t\t\t\t\t\t\t\t\t<p>\u010ceho si opravdu v\u00e1\u017e\u00edme je<strong> t\u00fdmov\u00e1 pr\u00e1ce a rozmanitost.<\/strong> V na\u0161em podniku spolupracuj\u00ed zam\u011bstnanci z v\u00edce ne\u017e 20 n\u00e1rod\u016f, r\u016fzn\u00fdch kultur, v\u011bkov\u00fdch skupin a zam\u011b\u0159en\u00ed, koneckonc\u016f se zde jedn\u00e1 o <strong>zdrav\u00ed n\u00e1s v\u0161ech.<\/strong> Proto je <strong>pravideln\u00e9 dal\u0161\u00ed vzd\u011bl\u00e1v\u00e1n\u00ed,<\/strong> kter\u00e9 dr\u017e\u00ed krok s novinkami ve v\u00fdzkumu a v\u00fdvojem produkt\u016f, pro na\u0161e kolegy samoz\u0159ejmost\u00ed. Na opl\u00e1tku je ka\u017ed\u00fd zam\u011bstnanec podporov\u00e1n v <strong>rozvoji a p\u0159\u00ednosu sv\u00fdch individu\u00e1ln\u00edch schopnost\u00ed.<\/strong><\/p><p>K na\u0161\u00ed p\u0159\u00e1telsk\u00e9 pracovn\u00ed atmosf\u00e9\u0159e pat\u0159\u00ed <strong>voln\u00e1 organizace pr\u00e1ce a \u010dasu,<\/strong> v\u010detn\u011b <strong>mo\u017enosti pr\u00e1ce z domova.<\/strong> Takto u n\u00e1s m\u016f\u017ee ka\u017ed\u00fd zam\u011bstnanec naplno vyu\u017e\u00edt sv\u016fj potenci\u00e1l!<\/p>\t\t\t\t\t\t\t\t<\/div>\n\t\t\t\t<\/div>\n\t\t\t\t<\/div>\n\t\t\t\t\t<\/div>\n\t\t\t\t<\/div>\n\t\t<div class=\"elementor-element elementor-element-0fa370e obcs green e-flex e-con-boxed e-con e-parent\" data-id=\"0fa370e\" data-element_type=\"container\">\n\t\t\t\t\t<div class=\"e-con-inner\">\n\t\t<div class=\"elementor-element elementor-element-79e8654 e-con-full obcs green e-flex e-con e-child\" data-id=\"79e8654\" data-element_type=\"container\">\n\t\t\t\t<div class=\"elementor-element elementor-element-92fa79c elementor-widget elementor-widget-heading\" data-id=\"92fa79c\" data-element_type=\"widget\" data-widget_type=\"heading.default\">\n\t\t\t\t<div class=\"elementor-widget-container\">\n\t\t\t\t\t<h2 class=\"elementor-heading-title elementor-size-default\">Dobro\u010dinn\u00e9 \u00fa\u010dely<\/h2>\t\t\t\t<\/div>\n\t\t\t\t<\/div>\n\t\t\t\t<div class=\"elementor-element elementor-element-46395d5 elementor-widget elementor-widget-heading\" data-id=\"46395d5\" data-element_type=\"widget\" data-widget_type=\"heading.default\">\n\t\t\t\t<div class=\"elementor-widget-container\">\n\t\t\t\t\t<span class=\"elementor-heading-title elementor-size-default\">\u010clov\u011bk stoj\u00ed ve st\u0159edu pozornosti<\/span>\t\t\t\t<\/div>\n\t\t\t\t<\/div>\n\t\t\t\t<div class=\"elementor-element elementor-element-8476fea elementor-widget elementor-widget-text-editor\" data-id=\"8476fea\" data-element_type=\"widget\" data-widget_type=\"text-editor.default\">\n\t\t\t\t<div class=\"elementor-widget-container\">\n\t\t\t\t\t\t\t\t\t<p>Udr\u017eitelnost a odpov\u011bdnost v \u017e\u00e1dn\u00e9m p\u0159\u00edpad\u011b nekon\u010d\u00ed za dve\u0159mi Institutu AllergoSan. <strong>S\u202f\u202fmaxim\u00e1ln\u00edm p\u0159esv\u011bd\u010den\u00edm<\/strong> podporujeme <strong>celou \u0159adu charitativn\u00edch projekt\u016f,<\/strong> od <strong>v\u00fdstavby studn\u00ed na pitnou vodu v Malawi,<\/strong> p\u0159es <strong>pomoc onkologick\u00fdm pacient\u016fm ve \u0160t\u00fdrsku<\/strong> a\u017e po <strong>ochranu d\u00fcrrensteinsk\u00e9 divo\u010diny.<\/strong> Institut AllergoSan podporuje organizace, jako jsou <strong>&#8222;L\u00e9ka\u0159i bez hranic&#8220;,<\/strong> a anga\u017euje se v <strong>ochran\u011b d\u011bt\u00ed<\/strong> &#8211; jak v Rakousku, tak v chud\u00fdch zem\u00edch v Africe, a to je jen n\u011bkolik z mnoha jeho dobro\u010dinn\u00fdch aktivit.<\/p><p>Obzvl\u00e1\u0161t\u011b d\u016fle\u017eitou v\u011bc\u00ed, kter\u00e1 dokonale zapad\u00e1 do na\u0161\u00ed filozofie trval\u00e9 udr\u017eitelnosti, je iniciativa <strong>&#8222;BioBienenApfel&#8220;.<\/strong> S podporou Institutu AllergoSan vzniknou v p\u0159\u00ed\u0161t\u00edch letech v Rakousku rozs\u00e1hl\u00e9 plochy divok\u00fdch kv\u011btinov\u00fdch luk, kter\u00e9 poskytnou v\u010del\u00e1m ide\u00e1ln\u00ed prost\u0159ed\u00ed pro rozmno\u017eov\u00e1n\u00ed.<\/p>\t\t\t\t\t\t\t\t<\/div>\n\t\t\t\t<\/div>\n\t\t\t\t<\/div>\n\t\t<div class=\"elementor-element elementor-element-eef4961 e-con-full obcs none e-flex e-con e-child\" data-id=\"eef4961\" data-element_type=\"container\">\n\t\t\t\t<div class=\"elementor-element elementor-element-719e952 e-transform elementor-widget elementor-widget-image\" data-id=\"719e952\" data-element_type=\"widget\" data-settings=\"{&quot;_transform_rotateZ_effect&quot;:{&quot;unit&quot;:&quot;px&quot;,&quot;size&quot;:&quot;0&quot;,&quot;sizes&quot;:[]},&quot;_transform_rotate_3d&quot;:&quot;yes&quot;,&quot;_transform_rotateX_effect&quot;:{&quot;unit&quot;:&quot;px&quot;,&quot;size&quot;:&quot;0&quot;,&quot;sizes&quot;:[]},&quot;_transform_rotateY_effect&quot;:{&quot;unit&quot;:&quot;px&quot;,&quot;size&quot;:&quot;-4&quot;,&quot;sizes&quot;:[]},&quot;_transform_perspective_effect&quot;:{&quot;unit&quot;:&quot;px&quot;,&quot;size&quot;:&quot;650&quot;,&quot;sizes&quot;:[]},&quot;_transform_rotateZ_effect_tablet&quot;:{&quot;unit&quot;:&quot;deg&quot;,&quot;size&quot;:&quot;&quot;,&quot;sizes&quot;:[]},&quot;_transform_rotateZ_effect_mobile&quot;:{&quot;unit&quot;:&quot;deg&quot;,&quot;size&quot;:&quot;&quot;,&quot;sizes&quot;:[]},&quot;_transform_rotateX_effect_tablet&quot;:{&quot;unit&quot;:&quot;deg&quot;,&quot;size&quot;:&quot;&quot;,&quot;sizes&quot;:[]},&quot;_transform_rotateX_effect_mobile&quot;:{&quot;unit&quot;:&quot;deg&quot;,&quot;size&quot;:&quot;&quot;,&quot;sizes&quot;:[]},&quot;_transform_rotateY_effect_tablet&quot;:{&quot;unit&quot;:&quot;deg&quot;,&quot;size&quot;:&quot;&quot;,&quot;sizes&quot;:[]},&quot;_transform_rotateY_effect_mobile&quot;:{&quot;unit&quot;:&quot;deg&quot;,&quot;size&quot;:&quot;&quot;,&quot;sizes&quot;:[]},&quot;_transform_perspective_effect_tablet&quot;:{&quot;unit&quot;:&quot;px&quot;,&quot;size&quot;:&quot;&quot;,&quot;sizes&quot;:[]},&quot;_transform_perspective_effect_mobile&quot;:{&quot;unit&quot;:&quot;px&quot;,&quot;size&quot;:&quot;&quot;,&quot;sizes&quot;:[]}}\" data-widget_type=\"image.default\">\n\t\t\t\t<div class=\"elementor-widget-container\">\n\t\t\t\t\t\t\t\t\t\t\t\t\t\t\t<img loading=\"lazy\" decoding=\"async\" width=\"800\" height=\"1000\" src=\"https:\/\/www.omni-biotic.com\/cs-cz\/wp-content\/uploads\/sites\/8\/2024\/04\/dobrocinne_ucely.webp\" class=\"attachment-large size-large wp-image-18482\" alt=\"\" srcset=\"https:\/\/www.omni-biotic.com\/cs-cz\/wp-content\/uploads\/sites\/8\/2024\/04\/dobrocinne_ucely.webp 800w, https:\/\/www.omni-biotic.com\/cs-cz\/wp-content\/uploads\/sites\/8\/2024\/04\/dobrocinne_ucely-240x300.webp 240w, https:\/\/www.omni-biotic.com\/cs-cz\/wp-content\/uploads\/sites\/8\/2024\/04\/dobrocinne_ucely-768x960.webp 768w\" sizes=\"(max-width: 800px) 100vw, 800px\" title=\"\">\t\t\t\t\t\t\t\t\t\t\t\t\t\t\t<\/div>\n\t\t\t\t<\/div>\n\t\t\t\t<\/div>\n\t\t\t\t\t<\/div>\n\t\t\t\t<\/div>\n\t\t\t\t<\/div>\n\t\t","protected":false},"excerpt":{"rendered":"<p>Zam\u011bstnanec a spole\u010dnost Home P\u00e9\u010de o zdrav\u00ed v pop\u0159ed\u00ed Rodinn\u00fd podnik, ve kter\u00e9m se ka\u017ed\u00fd jedinec po\u010d\u00edt\u00e1 Opravdov\u00fd t\u00fdm Rodinn\u00fd podnik Jsme rodinn\u00fd podnik, ve kter\u00e9 je \u010dlov\u011bk st\u0159edem pozornosti a na n\u011bm pr\u00e1v\u011b z\u00e1le\u017e\u00ed. Proto se sna\u017e\u00edme vytv\u00e1\u0159et pracovn\u00ed prost\u0159ed\u00ed, kter\u00e9 motivuje ka\u017ed\u00e9ho jednotlivce vydat ze sebe to nejlep\u0161\u00ed. Rodinna atmosf\u00e9ra, pozitivn\u00ed interakce a [&hellip;]<\/p>\n","protected":false},"author":8,"featured_media":0,"parent":18379,"menu_order":0,"comment_status":"closed","ping_status":"closed","template":"","meta":{"_acf_changed":false,"inline_featured_image":false,"footnotes":""},"class_list":["post-18391","page","type-page","status-publish","hentry"],"acf":[],"_links":{"self":[{"href":"https:\/\/www.omni-biotic.com\/cs-cz\/wp-json\/wp\/v2\/pages\/18391","targetHints":{"allow":["GET"]}}],"collection":[{"href":"https:\/\/www.omni-biotic.com\/cs-cz\/wp-json\/wp\/v2\/pages"}],"about":[{"href":"https:\/\/www.omni-biotic.com\/cs-cz\/wp-json\/wp\/v2\/types\/page"}],"author":[{"embeddable":true,"href":"https:\/\/www.omni-biotic.com\/cs-cz\/wp-json\/wp\/v2\/users\/8"}],"replies":[{"embeddable":true,"href":"https:\/\/www.omni-biotic.com\/cs-cz\/wp-json\/wp\/v2\/comments?post=18391"}],"version-history":[{"count":7,"href":"https:\/\/www.omni-biotic.com\/cs-cz\/wp-json\/wp\/v2\/pages\/18391\/revisions"}],"predecessor-version":[{"id":18494,"href":"https:\/\/www.omni-biotic.com\/cs-cz\/wp-json\/wp\/v2\/pages\/18391\/revisions\/18494"}],"up":[{"embeddable":true,"href":"https:\/\/www.omni-biotic.com\/cs-cz\/wp-json\/wp\/v2\/pages\/18379"}],"wp:attachment":[{"href":"https:\/\/www.omni-biotic.com\/cs-cz\/wp-json\/wp\/v2\/media?parent=18391"}],"curies":[{"name":"wp","href":"https:\/\/api.w.org\/{rel}","templated":true}]}}