{"id":18404,"date":"2024-04-16T13:08:58","date_gmt":"2024-04-16T11:08:58","guid":{"rendered":"https:\/\/www.omni-biotic.com\/cs-cz\/?page_id=18404"},"modified":"2024-04-16T13:59:56","modified_gmt":"2024-04-16T11:59:56","slug":"zivotni-prostredi","status":"publish","type":"page","link":"https:\/\/www.omni-biotic.com\/cs-cz\/udrzitelny-rozvoj\/zivotni-prostredi\/","title":{"rendered":"\u017divotn\u00ed prost\u0159ed\u00ed a zdroje"},"content":{"rendered":"\t\t<div data-elementor-type=\"wp-page\" data-elementor-id=\"18404\" class=\"elementor elementor-18404\" data-elementor-post-type=\"page\">\n\t\t\t\t<div class=\"elementor-element elementor-element-775f37c e-con-full obcs none e-flex e-con e-parent\" data-id=\"775f37c\" data-element_type=\"container\" data-settings=\"{&quot;background_background&quot;:&quot;classic&quot;,&quot;shape_divider_bottom&quot;:&quot;waves&quot;}\">\n\t\t\t\t<div class=\"elementor-shape elementor-shape-bottom\" aria-hidden=\"true\" data-negative=\"false\">\n\t\t\t<svg xmlns=\"http:\/\/www.w3.org\/2000\/svg\" viewBox=\"0 0 1000 100\" preserveAspectRatio=\"none\">\n\t<path class=\"elementor-shape-fill\" d=\"M421.9,6.5c22.6-2.5,51.5,0.4,75.5,5.3c23.6,4.9,70.9,23.5,100.5,35.7c75.8,32.2,133.7,44.5,192.6,49.7\n\tc23.6,2.1,48.7,3.5,103.4-2.5c54.7-6,106.2-25.6,106.2-25.6V0H0v30.3c0,0,72,32.6,158.4,30.5c39.2-0.7,92.8-6.7,134-22.4\n\tc21.2-8.1,52.2-18.2,79.7-24.2C399.3,7.9,411.6,7.5,421.9,6.5z\"\/>\n<\/svg>\t\t<\/div>\n\t\t<div class=\"elementor-element elementor-element-880bd80 e-con-full obcs none e-flex e-con e-child\" data-id=\"880bd80\" data-element_type=\"container\" data-settings=\"{&quot;background_background&quot;:&quot;gradient&quot;}\">\n\t\t\t\t<div class=\"elementor-element elementor-element-dd04164 elementor-widget elementor-widget-heading\" data-id=\"dd04164\" data-element_type=\"widget\" data-widget_type=\"heading.default\">\n\t\t\t\t<div class=\"elementor-widget-container\">\n\t\t\t\t\t<h1 class=\"elementor-heading-title elementor-size-default\">\u017divotn\u00ed prost\u0159ed\u00ed a zdroje<\/h1>\t\t\t\t<\/div>\n\t\t\t\t<\/div>\n\t\t\t\t<div class=\"elementor-element elementor-element-d74d7f0 elementor-widget-divider--view-line elementor-widget elementor-widget-divider\" data-id=\"d74d7f0\" data-element_type=\"widget\" data-widget_type=\"divider.default\">\n\t\t\t\t<div class=\"elementor-widget-container\">\n\t\t\t\t\t\t\t<div class=\"elementor-divider\">\n\t\t\t<span class=\"elementor-divider-separator\">\n\t\t\t\t\t\t<\/span>\n\t\t<\/div>\n\t\t\t\t\t\t<\/div>\n\t\t\t\t<\/div>\n\t\t\t\t<div class=\"elementor-element elementor-element-03964a1 elementor-widget elementor-widget-heading\" data-id=\"03964a1\" data-element_type=\"widget\" data-widget_type=\"heading.default\">\n\t\t\t\t<div class=\"elementor-widget-container\">\n\t\t\t\t\t<h3 class=\"elementor-heading-title elementor-size-default\">Na to klademe d\u016fraz...<\/h3>\t\t\t\t<\/div>\n\t\t\t\t<\/div>\n\t\t\t\t<\/div>\n\t\t\t\t<\/div>\n\t\t<div class=\"elementor-element elementor-element-086898a obcs none e-flex e-con-boxed e-con e-parent\" data-id=\"086898a\" data-element_type=\"container\">\n\t\t\t\t\t<div class=\"e-con-inner\">\n\t\t<div class=\"elementor-element elementor-element-adc6d1f obcs none e-flex e-con-boxed e-con e-child\" data-id=\"adc6d1f\" data-element_type=\"container\">\n\t\t\t\t\t<div class=\"e-con-inner\">\n\t\t<div class=\"elementor-element elementor-element-743c77a e-con-full obcs none e-flex e-con e-child\" data-id=\"743c77a\" data-element_type=\"container\">\n\t\t\t\t<div class=\"elementor-element elementor-element-c5dc523 elementor-align-left elementor-widget__width-initial elementor-widget elementor-widget-breadcrumbs\" data-id=\"c5dc523\" data-element_type=\"widget\" data-widget_type=\"breadcrumbs.default\">\n\t\t\t\t<div class=\"elementor-widget-container\">\n\t\t\t\t\t<span><span class=\"last\">Home<\/span><\/span>\t\t\t\t<\/div>\n\t\t\t\t<\/div>\n\t\t\t\t<\/div>\n\t\t\t\t\t<\/div>\n\t\t\t\t<\/div>\n\t\t\t\t\t<\/div>\n\t\t\t\t<\/div>\n\t\t<div class=\"elementor-element elementor-element-0d7ca1e obcs none e-flex e-con-boxed e-con e-parent\" data-id=\"0d7ca1e\" data-element_type=\"container\">\n\t\t\t\t\t<div class=\"e-con-inner\">\n\t\t<div class=\"elementor-element elementor-element-a83d093 e-con-full obcs none e-flex e-con e-child\" data-id=\"a83d093\" data-element_type=\"container\" data-settings=\"{&quot;background_background&quot;:&quot;classic&quot;}\">\n\t\t\t\t<div class=\"elementor-element elementor-element-9118706 elementor-widget elementor-widget-image\" data-id=\"9118706\" data-element_type=\"widget\" data-widget_type=\"image.default\">\n\t\t\t\t<div class=\"elementor-widget-container\">\n\t\t\t\t\t\t\t\t\t\t\t\t\t\t\t<img fetchpriority=\"high\" decoding=\"async\" width=\"800\" height=\"840\" src=\"https:\/\/www.omni-biotic.com\/cs-cz\/wp-content\/uploads\/sites\/8\/2024\/04\/energieffizientes_gebaeude.svg\" class=\"attachment-large size-large wp-image-18407\" alt=\"\" title=\"\">\t\t\t\t\t\t\t\t\t\t\t\t\t\t\t<\/div>\n\t\t\t\t<\/div>\n\t\t\t\t<div class=\"elementor-element elementor-element-f31ebf9 elementor-widget elementor-widget-heading\" data-id=\"f31ebf9\" data-element_type=\"widget\" data-widget_type=\"heading.default\">\n\t\t\t\t<div class=\"elementor-widget-container\">\n\t\t\t\t\t<div class=\"elementor-heading-title elementor-size-default\">Budova \u00fasporn\u00e1 na energii<\/div>\t\t\t\t<\/div>\n\t\t\t\t<\/div>\n\t\t\t\t<\/div>\n\t\t<div class=\"elementor-element elementor-element-b76c09a e-con-full obcs none e-flex e-con e-child\" data-id=\"b76c09a\" data-element_type=\"container\" data-settings=\"{&quot;background_background&quot;:&quot;classic&quot;}\">\n\t\t\t\t<div class=\"elementor-element elementor-element-07a4f28 elementor-widget elementor-widget-image\" data-id=\"07a4f28\" data-element_type=\"widget\" data-widget_type=\"image.default\">\n\t\t\t\t<div class=\"elementor-widget-container\">\n\t\t\t\t\t\t\t\t\t\t\t\t\t\t\t<img decoding=\"async\" width=\"800\" height=\"800\" src=\"https:\/\/www.omni-biotic.com\/cs-cz\/wp-content\/uploads\/sites\/8\/2024\/04\/eigener_strom.svg\" class=\"attachment-large size-large wp-image-18408\" alt=\"\" title=\"\">\t\t\t\t\t\t\t\t\t\t\t\t\t\t\t<\/div>\n\t\t\t\t<\/div>\n\t\t\t\t<div class=\"elementor-element elementor-element-c6fefee elementor-widget elementor-widget-heading\" data-id=\"c6fefee\" data-element_type=\"widget\" data-widget_type=\"heading.default\">\n\t\t\t\t<div class=\"elementor-widget-container\">\n\t\t\t\t\t<div class=\"elementor-heading-title elementor-size-default\">Vlastn\u00ed elekt\u0159ina z obnoviteln\u00fdch zdroj\u016f<\/div>\t\t\t\t<\/div>\n\t\t\t\t<\/div>\n\t\t\t\t<\/div>\n\t\t<div class=\"elementor-element elementor-element-399775f e-con-full obcs none e-flex e-con e-child\" data-id=\"399775f\" data-element_type=\"container\" data-settings=\"{&quot;background_background&quot;:&quot;classic&quot;}\">\n\t\t\t\t<div class=\"elementor-element elementor-element-4fdb776 elementor-widget elementor-widget-image\" data-id=\"4fdb776\" data-element_type=\"widget\" data-widget_type=\"image.default\">\n\t\t\t\t<div class=\"elementor-widget-container\">\n\t\t\t\t\t\t\t\t\t\t\t\t\t\t\t<img decoding=\"async\" width=\"800\" height=\"800\" src=\"https:\/\/www.omni-biotic.com\/cs-cz\/wp-content\/uploads\/sites\/8\/2024\/04\/recycling.svg\" class=\"attachment-large size-large wp-image-18409\" alt=\"\" title=\"\">\t\t\t\t\t\t\t\t\t\t\t\t\t\t\t<\/div>\n\t\t\t\t<\/div>\n\t\t\t\t<div class=\"elementor-element elementor-element-101864c elementor-widget elementor-widget-heading\" data-id=\"101864c\" data-element_type=\"widget\" data-widget_type=\"heading.default\">\n\t\t\t\t<div class=\"elementor-widget-container\">\n\t\t\t\t\t<div class=\"elementor-heading-title elementor-size-default\">Pou\u017eit\u00ed udr\u017eiteln\u00fdch nebo recyklovan\u00fdch materi\u00e1l\u016f<\/div>\t\t\t\t<\/div>\n\t\t\t\t<\/div>\n\t\t\t\t<\/div>\n\t\t\t\t\t<\/div>\n\t\t\t\t<\/div>\n\t\t<div class=\"elementor-element elementor-element-48c16a6 obcs green e-flex e-con-boxed e-con e-parent\" data-id=\"48c16a6\" data-element_type=\"container\">\n\t\t\t\t\t<div class=\"e-con-inner\">\n\t\t<div class=\"elementor-element elementor-element-edca739 e-con-full obcs none e-flex e-con e-child\" data-id=\"edca739\" data-element_type=\"container\">\n\t\t\t\t<div class=\"elementor-element elementor-element-0b3eef5 elementor-widget elementor-widget-text-editor\" data-id=\"0b3eef5\" data-element_type=\"widget\" data-widget_type=\"text-editor.default\">\n\t\t\t\t<div class=\"elementor-widget-container\">\n\t\t\t\t\t\t\t\t\t<p class=\"sustain-eco\"><span style=\"color: var( --e-global-color-text );text-align: var(--text-align);background-color: inherit;font-family: var( --e-global-typography-text-font-family ), -apple-system,BlinkMacSystemFont,Segoe UI,Roboto,Helvetica Neue,Arial,Noto Sans,sans-serif;font-size: var( --e-global-typography-text-font-size );font-style: var( --e-global-typography-text-font-style );font-weight: var( --e-global-typography-text-font-weight );letter-spacing: var( --e-global-typography-text-letter-spacing );text-transform: var( --e-global-typography-text-text-transform )\">Samotn\u00e9 s\u00eddlo Institutu AllergoSan je uk\u00e1zkov\u00fdm p\u0159\u00edkladem proz\u00edrav\u00e9 a <strong>energeticky p\u0159\u00ednosn\u00e9 v\u00fdstavby.<\/strong> Ji\u017e ve f\u00e1zi v\u00fdstavby jsme dbali na to, abychom spolupracovali s region\u00e1ln\u00edmi firmami, kter\u00e9 k n\u00e1m nemus\u00ed dlouze cestovat a p\u0159ev\u00e1\u017eet materi\u00e1l na velk\u00e9 vzd\u00e1lenosti. V\u00fdsledek dnes hovo\u0159\u00ed s\u00e1m za sebe: V ka\u017edodenn\u00edm pracovn\u00edm \u017eivot\u011b umo\u017e\u0148uje n\u00e1\u0161 <strong>jedine\u010dn\u00fd komplex budov<\/strong> velmi n\u00edzkou spot\u0159ebu energie na klimatizaci a vyt\u00e1p\u011bn\u00ed po cel\u00fd den. Udr\u017eitelnost byla zohledn\u011bna takzvan\u011b i v z\u00e1kulis\u00ed. St\u0159echa se zelen\u00ed zabra\u0148uje p\u0159eh\u0159\u00edv\u00e1n\u00ed okoln\u00edch prostor, zadr\u017euje de\u0161\u0165ovou vodu a poskytuje \u00fato\u010di\u0161t\u011b divok\u00fdm v\u010del\u00e1m a dal\u0161\u00edmu u\u017eite\u010dn\u00e9mu hmyzu. Zejm\u00e9na py\u0161n\u00ed jsme na vlastn\u00ed <strong>fotovoltaick\u00fd syst\u00e9m<\/strong> s v\u00fdkonem o 160 kWp, kter\u00fd pokr\u00fdv\u00e1 celou st\u0159echu na\u0161ich skladovac\u00edch prostor a zaji\u0161\u0165uje tak p\u0159\u00edjemnou teplotu pro ka\u017ed\u00fd pracovn\u00ed den, a to jak v l\u00e9t\u011b, tak i v zim\u011b. Na elektrickou energii s\u00e1z\u00edme i v na\u0161em vozov\u00e9m parku a st\u00e1le roz\u0161i\u0159ujeme po\u010det nab\u00edjec\u00edch stanic i elektromobil\u016f. \u010ceho si na\u0161i zam\u011bstnanci opravdu cen\u00ed je cestov\u00e1n\u00ed ve\u0159ejnou dopravou zdarma, nebo\u0165 ka\u017ed\u00fd z na\u0161ich zam\u011bstananc\u016f, kter\u00fd vyu\u017e\u00edv\u00e1 p\u0159i cest\u011b do zam\u011bstn\u00e1n\u00ed ve\u0159ejnou dopravu, m\u00e1 k dispozici j\u00edzdn\u00e9 zdarma, \u010d\u00edm\u017e ka\u017ed\u00fd den osobn\u011b p\u0159isp\u00edv\u00e1 ke<strong> sn\u00ed\u017een\u00ed emis\u00ed\u202fCO<sub>2<\/sub>.<\/strong><\/span><\/p>\t\t\t\t\t\t\t\t<\/div>\n\t\t\t\t<\/div>\n\t\t<div class=\"elementor-element elementor-element-eb2ccc1 obcs none e-flex e-con-boxed e-con e-child\" data-id=\"eb2ccc1\" data-element_type=\"container\">\n\t\t\t\t\t<div class=\"e-con-inner\">\n\t\t<div class=\"elementor-element elementor-element-c0f8504 obcs none e-flex e-con-boxed e-con e-child\" data-id=\"c0f8504\" data-element_type=\"container\">\n\t\t\t\t\t<div class=\"e-con-inner\">\n\t\t<div class=\"elementor-element elementor-element-a613c31 e-con-full obcs none e-flex e-con e-child\" data-id=\"a613c31\" data-element_type=\"container\">\n\t\t\t\t<div class=\"elementor-element elementor-element-42a6904 e-transform elementor-widget elementor-widget-image\" data-id=\"42a6904\" data-element_type=\"widget\" data-settings=\"{&quot;_transform_rotateZ_effect&quot;:{&quot;unit&quot;:&quot;px&quot;,&quot;size&quot;:&quot;0&quot;,&quot;sizes&quot;:[]},&quot;_transform_rotate_3d&quot;:&quot;yes&quot;,&quot;_transform_rotateX_effect&quot;:{&quot;unit&quot;:&quot;px&quot;,&quot;size&quot;:&quot;0&quot;,&quot;sizes&quot;:[]},&quot;_transform_rotateY_effect&quot;:{&quot;unit&quot;:&quot;px&quot;,&quot;size&quot;:&quot;4&quot;,&quot;sizes&quot;:[]},&quot;_transform_perspective_effect&quot;:{&quot;unit&quot;:&quot;px&quot;,&quot;size&quot;:&quot;650&quot;,&quot;sizes&quot;:[]},&quot;_transform_rotateZ_effect_tablet&quot;:{&quot;unit&quot;:&quot;deg&quot;,&quot;size&quot;:&quot;&quot;,&quot;sizes&quot;:[]},&quot;_transform_rotateZ_effect_mobile&quot;:{&quot;unit&quot;:&quot;deg&quot;,&quot;size&quot;:&quot;&quot;,&quot;sizes&quot;:[]},&quot;_transform_rotateX_effect_tablet&quot;:{&quot;unit&quot;:&quot;deg&quot;,&quot;size&quot;:&quot;&quot;,&quot;sizes&quot;:[]},&quot;_transform_rotateX_effect_mobile&quot;:{&quot;unit&quot;:&quot;deg&quot;,&quot;size&quot;:&quot;&quot;,&quot;sizes&quot;:[]},&quot;_transform_rotateY_effect_tablet&quot;:{&quot;unit&quot;:&quot;deg&quot;,&quot;size&quot;:&quot;&quot;,&quot;sizes&quot;:[]},&quot;_transform_rotateY_effect_mobile&quot;:{&quot;unit&quot;:&quot;deg&quot;,&quot;size&quot;:&quot;&quot;,&quot;sizes&quot;:[]},&quot;_transform_perspective_effect_tablet&quot;:{&quot;unit&quot;:&quot;px&quot;,&quot;size&quot;:&quot;&quot;,&quot;sizes&quot;:[]},&quot;_transform_perspective_effect_mobile&quot;:{&quot;unit&quot;:&quot;px&quot;,&quot;size&quot;:&quot;&quot;,&quot;sizes&quot;:[]}}\" data-widget_type=\"image.default\">\n\t\t\t\t<div class=\"elementor-widget-container\">\n\t\t\t\t\t\t\t\t\t\t\t\t\t\t\t<img loading=\"lazy\" decoding=\"async\" width=\"800\" height=\"800\" src=\"https:\/\/www.omni-biotic.com\/cs-cz\/wp-content\/uploads\/sites\/8\/2024\/04\/zivotni_prostredi.jpg\" class=\"attachment-large size-large wp-image-18441\" alt=\"\" srcset=\"https:\/\/www.omni-biotic.com\/cs-cz\/wp-content\/uploads\/sites\/8\/2024\/04\/zivotni_prostredi.jpg 1024w, https:\/\/www.omni-biotic.com\/cs-cz\/wp-content\/uploads\/sites\/8\/2024\/04\/zivotni_prostredi-300x300.jpg 300w, https:\/\/www.omni-biotic.com\/cs-cz\/wp-content\/uploads\/sites\/8\/2024\/04\/zivotni_prostredi-150x150.jpg 150w, https:\/\/www.omni-biotic.com\/cs-cz\/wp-content\/uploads\/sites\/8\/2024\/04\/zivotni_prostredi-768x768.jpg 768w\" sizes=\"(max-width: 800px) 100vw, 800px\" title=\"\">\t\t\t\t\t\t\t\t\t\t\t\t\t\t\t<\/div>\n\t\t\t\t<\/div>\n\t\t\t\t<\/div>\n\t\t<div class=\"elementor-element elementor-element-2393cf8 e-con-full obcs none e-flex e-con e-child\" data-id=\"2393cf8\" data-element_type=\"container\">\n\t\t\t\t<div class=\"elementor-element elementor-element-cff55d5 elementor-widget elementor-widget-text-editor\" data-id=\"cff55d5\" data-element_type=\"widget\" data-widget_type=\"text-editor.default\">\n\t\t\t\t<div class=\"elementor-widget-container\">\n\t\t\t\t\t\t\t\t\t<p>Jedn\u00edm z nejv\u011bt\u0161\u00edch glob\u00e1ln\u00edch probl\u00e9m\u016f je dostupnost p\u0159\u00edrodn\u00edch zdroj\u016f. Na\u0161\u00edm mottem je u\u017e\u00edvat <strong>materi\u00e1ly<\/strong>, kter\u00e9 jsou <strong>co nejv\u00edce \u0161etrn\u00e9 k \u017eivotn\u00edmu prost\u0159ed\u00ed<\/strong> a snadno recyklovateln\u00e9 &#8211; od obal\u016f na v\u00fdrobky a\u017e po p\u0159epravn\u00ed kartony. Za t\u00edmto \u00fa\u010delem pravideln\u011b zkoum\u00e1me trh a hled\u00e1me <strong>ekologick\u00e9 alternativy,<\/strong> abychom je mohli pou\u017e\u00edvat co nejudr\u017eiteln\u011bji p\u0159i zachov\u00e1n\u00ed na\u0161ich p\u0159\u00edsn\u00fdch intern\u00edch krit\u00e9ri\u00ed kvality a krit\u00e9ri\u00ed kvality<strong> v souladu s krit\u00e9rii EU.<\/strong><\/p>\t\t\t\t\t\t\t\t<\/div>\n\t\t\t\t<\/div>\n\t\t\t\t<\/div>\n\t\t\t\t\t<\/div>\n\t\t\t\t<\/div>\n\t\t\t\t\t<\/div>\n\t\t\t\t<\/div>\n\t\t<div class=\"elementor-element elementor-element-777d273 obcs none e-flex e-con-boxed e-con e-child\" data-id=\"777d273\" data-element_type=\"container\">\n\t\t\t\t\t<div class=\"e-con-inner\">\n\t\t<div class=\"elementor-element elementor-element-6b983fa obcs none e-flex e-con-boxed e-con e-child\" data-id=\"6b983fa\" data-element_type=\"container\">\n\t\t\t\t\t<div class=\"e-con-inner\">\n\t\t\t\t<div class=\"elementor-element elementor-element-ad75f56 elementor-widget elementor-widget-infobox\" data-id=\"ad75f56\" data-element_type=\"widget\" data-widget_type=\"infobox.default\">\n\t\t\t\t<div class=\"elementor-widget-container\">\n\t\t\t\t\t\n<div class=\"li-widgets--infobox blue\">\n\n    <div class=\"li-widgets--infobox__icon\">\n        <i aria-hidden=\"true\" class=\"fas fa-hand-holding-heart\"><\/i>    <\/div>\n    <div class=\"li-widgets--infobox__text\">\n            <\/div>\n    <div class=\"li-widgets--infobox__text-body\">\n        <p>P\u0159\u00edkladem mohou b\u00fdt na\u0161e d\u00f3zy v\u00fdrobk\u016f <strong>\u0159ady META-CARE\u00ae,<\/strong> kter\u00e9 jsou vyrobeny ze <strong>100% recyklovan\u00e9ho materi\u00e1lu (rePET)<\/strong> a v\u0161echny p\u0159epravn\u00ed kartony jsou vyrobeny z udr\u017eiteln\u00e9 sm\u011bsi FSC\u00ae nebo ze <strong>sm\u011bsi FSC\u00ae<\/strong> v kombinaci s recyklovan\u00fdmi vl\u00e1kny.<\/p>    <\/div>\n\n    \n<\/div>\n\t\t\t\t<\/div>\n\t\t\t\t<\/div>\n\t\t\t\t\t<\/div>\n\t\t\t\t<\/div>\n\t\t\t\t\t<\/div>\n\t\t\t\t<\/div>\n\t\t\t\t<div class=\"elementor-element elementor-element-4a134b1 elementor-widget elementor-widget-text-editor\" data-id=\"4a134b1\" data-element_type=\"widget\" data-widget_type=\"text-editor.default\">\n\t\t\t\t<div class=\"elementor-widget-container\">\n\t\t\t\t\t\t\t\t\t<p>Abychom se vyhnuli plastu v\u0161ude, kde jen to je mo\u017en\u00e9, nahradili jsme p\u0159i p\u0159eprav\u011b na\u0161eho zbo\u017e\u00ed plastov\u00e9 v\u00fdpln\u011b recyklovan\u00fdm pap\u00edrem. A abychom zajistili, \u017ee \u017e\u00e1dn\u00fd materi\u00e1l nep\u0159ijde nazmar, znovu u\u017e\u00edv\u00e1me kartonov\u00e9 krabice na\u0161ich dodavatel\u016f k p\u0159eprav\u011b na\u0161ich v\u00fdrobk\u016f.<\/p><p>Tak\u00e9 se zab\u00fdv\u00e1me m\u011b\u0159en\u00edm uhl\u00edkov\u00e9 stopy p\u0159i v\u0161ech na\u0161ich obchodn\u00edch aktivit\u00e1ch, co\u017e n\u00e1m umo\u017e\u0148uje p\u0159esn\u00fd p\u0159ehled o tom, jak velk\u00fd je n\u00e1\u0161 vliv na \u017eivotn\u00ed prost\u0159ed\u00ed v jednotliv\u00fdch oblastech. A to n\u00e1m umo\u017e\u0148uje je\u0161t\u011b c\u00edlen\u011bji sni\u017eovat emise CO<sub>2<\/sub>.<\/p>\t\t\t\t\t\t\t\t<\/div>\n\t\t\t\t<\/div>\n\t\t\t\t<\/div>\n\t\t\t\t\t<\/div>\n\t\t\t\t<\/div>\n\t\t<div class=\"elementor-element elementor-element-b0a59f5 obcs green e-flex e-con-boxed e-con e-parent\" data-id=\"b0a59f5\" data-element_type=\"container\">\n\t\t\t\t\t<div class=\"e-con-inner\">\n\t\t\t\t\t<\/div>\n\t\t\t\t<\/div>\n\t\t\t\t<\/div>\n\t\t","protected":false},"excerpt":{"rendered":"<p>\u017divotn\u00ed prost\u0159ed\u00ed a zdroje Na to klademe d\u016fraz&#8230; Home Budova \u00fasporn\u00e1 na energii Vlastn\u00ed elekt\u0159ina z obnoviteln\u00fdch zdroj\u016f Pou\u017eit\u00ed udr\u017eiteln\u00fdch nebo recyklovan\u00fdch materi\u00e1l\u016f Samotn\u00e9 s\u00eddlo Institutu AllergoSan je uk\u00e1zkov\u00fdm p\u0159\u00edkladem proz\u00edrav\u00e9 a energeticky p\u0159\u00ednosn\u00e9 v\u00fdstavby. Ji\u017e ve f\u00e1zi v\u00fdstavby jsme dbali na to, abychom spolupracovali s region\u00e1ln\u00edmi firmami, kter\u00e9 k n\u00e1m nemus\u00ed dlouze cestovat a [&hellip;]<\/p>\n","protected":false},"author":8,"featured_media":0,"parent":18379,"menu_order":0,"comment_status":"closed","ping_status":"closed","template":"","meta":{"_acf_changed":false,"inline_featured_image":false,"footnotes":""},"class_list":["post-18404","page","type-page","status-publish","hentry"],"acf":[],"_links":{"self":[{"href":"https:\/\/www.omni-biotic.com\/cs-cz\/wp-json\/wp\/v2\/pages\/18404","targetHints":{"allow":["GET"]}}],"collection":[{"href":"https:\/\/www.omni-biotic.com\/cs-cz\/wp-json\/wp\/v2\/pages"}],"about":[{"href":"https:\/\/www.omni-biotic.com\/cs-cz\/wp-json\/wp\/v2\/types\/page"}],"author":[{"embeddable":true,"href":"https:\/\/www.omni-biotic.com\/cs-cz\/wp-json\/wp\/v2\/users\/8"}],"replies":[{"embeddable":true,"href":"https:\/\/www.omni-biotic.com\/cs-cz\/wp-json\/wp\/v2\/comments?post=18404"}],"version-history":[{"count":7,"href":"https:\/\/www.omni-biotic.com\/cs-cz\/wp-json\/wp\/v2\/pages\/18404\/revisions"}],"predecessor-version":[{"id":18495,"href":"https:\/\/www.omni-biotic.com\/cs-cz\/wp-json\/wp\/v2\/pages\/18404\/revisions\/18495"}],"up":[{"embeddable":true,"href":"https:\/\/www.omni-biotic.com\/cs-cz\/wp-json\/wp\/v2\/pages\/18379"}],"wp:attachment":[{"href":"https:\/\/www.omni-biotic.com\/cs-cz\/wp-json\/wp\/v2\/media?parent=18404"}],"curies":[{"name":"wp","href":"https:\/\/api.w.org\/{rel}","templated":true}]}}