{"id":18414,"date":"2024-04-16T13:07:52","date_gmt":"2024-04-16T11:07:52","guid":{"rendered":"https:\/\/www.omni-biotic.com\/cs-cz\/?page_id=18414"},"modified":"2024-04-16T13:45:53","modified_gmt":"2024-04-16T11:45:53","slug":"hospodarsky-vyvoj","status":"publish","type":"page","link":"https:\/\/www.omni-biotic.com\/cs-cz\/udrzitelny-rozvoj\/hospodarsky-vyvoj\/","title":{"rendered":"Udr\u017eitelnost v hospod\u00e1\u0159stv\u00ed"},"content":{"rendered":"\t\t<div data-elementor-type=\"wp-page\" data-elementor-id=\"18414\" class=\"elementor elementor-18414\" data-elementor-post-type=\"page\">\n\t\t\t\t<div class=\"elementor-element elementor-element-a8c9f10 e-con-full obcs none e-flex e-con e-parent\" data-id=\"a8c9f10\" data-element_type=\"container\" data-settings=\"{&quot;background_background&quot;:&quot;classic&quot;,&quot;shape_divider_bottom&quot;:&quot;waves&quot;}\">\n\t\t\t\t<div class=\"elementor-shape elementor-shape-bottom\" aria-hidden=\"true\" data-negative=\"false\">\n\t\t\t<svg xmlns=\"http:\/\/www.w3.org\/2000\/svg\" viewBox=\"0 0 1000 100\" preserveAspectRatio=\"none\">\n\t<path class=\"elementor-shape-fill\" d=\"M421.9,6.5c22.6-2.5,51.5,0.4,75.5,5.3c23.6,4.9,70.9,23.5,100.5,35.7c75.8,32.2,133.7,44.5,192.6,49.7\n\tc23.6,2.1,48.7,3.5,103.4-2.5c54.7-6,106.2-25.6,106.2-25.6V0H0v30.3c0,0,72,32.6,158.4,30.5c39.2-0.7,92.8-6.7,134-22.4\n\tc21.2-8.1,52.2-18.2,79.7-24.2C399.3,7.9,411.6,7.5,421.9,6.5z\"\/>\n<\/svg>\t\t<\/div>\n\t\t<div class=\"elementor-element elementor-element-84eeb95 e-con-full obcs none e-flex e-con e-child\" data-id=\"84eeb95\" data-element_type=\"container\" data-settings=\"{&quot;background_background&quot;:&quot;gradient&quot;}\">\n\t\t\t\t<div class=\"elementor-element elementor-element-84f8475 elementor-widget elementor-widget-heading\" data-id=\"84f8475\" data-element_type=\"widget\" data-widget_type=\"heading.default\">\n\t\t\t\t<div class=\"elementor-widget-container\">\n\t\t\t\t\t<h1 class=\"elementor-heading-title elementor-size-default\">Udr\u017eitelnost v hospod\u00e1\u0159stv\u00ed<\/h1>\t\t\t\t<\/div>\n\t\t\t\t<\/div>\n\t\t\t\t<div class=\"elementor-element elementor-element-35c76a6 elementor-widget-divider--view-line elementor-widget elementor-widget-divider\" data-id=\"35c76a6\" data-element_type=\"widget\" data-widget_type=\"divider.default\">\n\t\t\t\t<div class=\"elementor-widget-container\">\n\t\t\t\t\t\t\t<div class=\"elementor-divider\">\n\t\t\t<span class=\"elementor-divider-separator\">\n\t\t\t\t\t\t<\/span>\n\t\t<\/div>\n\t\t\t\t\t\t<\/div>\n\t\t\t\t<\/div>\n\t\t\t\t<\/div>\n\t\t\t\t<\/div>\n\t\t<div class=\"elementor-element elementor-element-879645a obcs none e-flex e-con-boxed e-con e-parent\" data-id=\"879645a\" data-element_type=\"container\">\n\t\t\t\t\t<div class=\"e-con-inner\">\n\t\t<div class=\"elementor-element elementor-element-7e631d3 obcs none e-flex e-con-boxed e-con e-child\" data-id=\"7e631d3\" data-element_type=\"container\">\n\t\t\t\t\t<div class=\"e-con-inner\">\n\t\t<div class=\"elementor-element elementor-element-7b8ab50 e-con-full obcs none e-flex e-con e-child\" data-id=\"7b8ab50\" data-element_type=\"container\">\n\t\t\t\t<div class=\"elementor-element elementor-element-4bdb8e9 elementor-align-left elementor-widget__width-initial elementor-widget elementor-widget-breadcrumbs\" data-id=\"4bdb8e9\" data-element_type=\"widget\" data-widget_type=\"breadcrumbs.default\">\n\t\t\t\t<div class=\"elementor-widget-container\">\n\t\t\t\t\t<span><span class=\"last\">Home<\/span><\/span>\t\t\t\t<\/div>\n\t\t\t\t<\/div>\n\t\t\t\t<\/div>\n\t\t\t\t\t<\/div>\n\t\t\t\t<\/div>\n\t\t\t\t\t<\/div>\n\t\t\t\t<\/div>\n\t\t<div class=\"elementor-element elementor-element-4d99219 obcs none e-flex e-con-boxed e-con e-parent\" data-id=\"4d99219\" data-element_type=\"container\">\n\t\t\t\t\t<div class=\"e-con-inner\">\n\t\t<div class=\"elementor-element elementor-element-05a46d0 e-con-full obcs none e-flex e-con e-child\" data-id=\"05a46d0\" data-element_type=\"container\" data-settings=\"{&quot;background_background&quot;:&quot;classic&quot;}\">\n\t\t\t\t<div class=\"elementor-element elementor-element-f3cfe57 elementor-widget elementor-widget-image\" data-id=\"f3cfe57\" data-element_type=\"widget\" data-widget_type=\"image.default\">\n\t\t\t\t<div class=\"elementor-widget-container\">\n\t\t\t\t\t\t\t\t\t\t\t\t\t\t\t<img fetchpriority=\"high\" decoding=\"async\" width=\"753\" height=\"1024\" src=\"https:\/\/www.omni-biotic.com\/cs-cz\/wp-content\/uploads\/sites\/8\/2024\/04\/wissenschaft.svg\" class=\"attachment-large size-large wp-image-18448\" alt=\"\" title=\"\">\t\t\t\t\t\t\t\t\t\t\t\t\t\t\t<\/div>\n\t\t\t\t<\/div>\n\t\t\t\t<div class=\"elementor-element elementor-element-ef51dc3 elementor-widget elementor-widget-heading\" data-id=\"ef51dc3\" data-element_type=\"widget\" data-widget_type=\"heading.default\">\n\t\t\t\t<div class=\"elementor-widget-container\">\n\t\t\t\t\t<div class=\"elementor-heading-title elementor-size-default\">Vysok\u00e9 n\u00e1roky na kvalitu<\/div>\t\t\t\t<\/div>\n\t\t\t\t<\/div>\n\t\t\t\t<\/div>\n\t\t<div class=\"elementor-element elementor-element-30f0225 e-con-full obcs none e-flex e-con e-child\" data-id=\"30f0225\" data-element_type=\"container\" data-settings=\"{&quot;background_background&quot;:&quot;classic&quot;}\">\n\t\t\t\t<div class=\"elementor-element elementor-element-f807024 elementor-widget elementor-widget-image\" data-id=\"f807024\" data-element_type=\"widget\" data-widget_type=\"image.default\">\n\t\t\t\t<div class=\"elementor-widget-container\">\n\t\t\t\t\t\t\t\t\t\t\t\t\t\t\t<img decoding=\"async\" width=\"800\" height=\"872\" src=\"https:\/\/www.omni-biotic.com\/cs-cz\/wp-content\/uploads\/sites\/8\/2024\/04\/forschung.svg\" class=\"attachment-large size-large wp-image-18449\" alt=\"\" title=\"\">\t\t\t\t\t\t\t\t\t\t\t\t\t\t\t<\/div>\n\t\t\t\t<\/div>\n\t\t\t\t<div class=\"elementor-element elementor-element-cb0ff60 elementor-widget elementor-widget-heading\" data-id=\"cb0ff60\" data-element_type=\"widget\" data-widget_type=\"heading.default\">\n\t\t\t\t<div class=\"elementor-widget-container\">\n\t\t\t\t\t<div class=\"elementor-heading-title elementor-size-default\">Spolupr\u00e1ce s uzn\u00e1van\u00fdmi \u00fastavy<\/div>\t\t\t\t<\/div>\n\t\t\t\t<\/div>\n\t\t\t\t<\/div>\n\t\t<div class=\"elementor-element elementor-element-bb324d1 e-con-full obcs none e-flex e-con e-child\" data-id=\"bb324d1\" data-element_type=\"container\" data-settings=\"{&quot;background_background&quot;:&quot;classic&quot;}\">\n\t\t\t\t<div class=\"elementor-element elementor-element-9e0511d elementor-widget elementor-widget-image\" data-id=\"9e0511d\" data-element_type=\"widget\" data-widget_type=\"image.default\">\n\t\t\t\t<div class=\"elementor-widget-container\">\n\t\t\t\t\t\t\t\t\t\t\t\t\t\t\t<img decoding=\"async\" width=\"800\" height=\"856\" src=\"https:\/\/www.omni-biotic.com\/cs-cz\/wp-content\/uploads\/sites\/8\/2024\/04\/ressourcenverbrauch.svg\" class=\"attachment-large size-large wp-image-18450\" alt=\"\" title=\"\">\t\t\t\t\t\t\t\t\t\t\t\t\t\t\t<\/div>\n\t\t\t\t<\/div>\n\t\t\t\t<div class=\"elementor-element elementor-element-0e60425 elementor-widget elementor-widget-heading\" data-id=\"0e60425\" data-element_type=\"widget\" data-widget_type=\"heading.default\">\n\t\t\t\t<div class=\"elementor-widget-container\">\n\t\t\t\t\t<div class=\"elementor-heading-title elementor-size-default\">Spot\u0159eba zdroj\u016f pod drobnohledem<\/div>\t\t\t\t<\/div>\n\t\t\t\t<\/div>\n\t\t\t\t<\/div>\n\t\t\t\t\t<\/div>\n\t\t\t\t<\/div>\n\t\t<div class=\"elementor-element elementor-element-e7ea712 obcs green e-flex e-con-boxed e-con e-parent\" data-id=\"e7ea712\" data-element_type=\"container\">\n\t\t\t\t\t<div class=\"e-con-inner\">\n\t\t<div class=\"elementor-element elementor-element-ef1caee e-con-full obcs none e-flex e-con e-child\" data-id=\"ef1caee\" data-element_type=\"container\">\n\t\t<div class=\"elementor-element elementor-element-4079369 obcs none e-flex e-con-boxed e-con e-child\" data-id=\"4079369\" data-element_type=\"container\">\n\t\t\t\t\t<div class=\"e-con-inner\">\n\t\t<div class=\"elementor-element elementor-element-08d7c34 obcs none e-flex e-con-boxed e-con e-child\" data-id=\"08d7c34\" data-element_type=\"container\">\n\t\t\t\t\t<div class=\"e-con-inner\">\n\t\t<div class=\"elementor-element elementor-element-1d0a2aa e-con-full obcs none e-flex e-con e-child\" data-id=\"1d0a2aa\" data-element_type=\"container\">\n\t\t\t\t<div class=\"elementor-element elementor-element-53f4d28 e-transform elementor-widget elementor-widget-image\" data-id=\"53f4d28\" data-element_type=\"widget\" data-settings=\"{&quot;_transform_rotateZ_effect&quot;:{&quot;unit&quot;:&quot;px&quot;,&quot;size&quot;:&quot;0&quot;,&quot;sizes&quot;:[]},&quot;_transform_rotate_3d&quot;:&quot;yes&quot;,&quot;_transform_rotateX_effect&quot;:{&quot;unit&quot;:&quot;px&quot;,&quot;size&quot;:&quot;0&quot;,&quot;sizes&quot;:[]},&quot;_transform_rotateY_effect&quot;:{&quot;unit&quot;:&quot;px&quot;,&quot;size&quot;:&quot;4&quot;,&quot;sizes&quot;:[]},&quot;_transform_perspective_effect&quot;:{&quot;unit&quot;:&quot;px&quot;,&quot;size&quot;:&quot;650&quot;,&quot;sizes&quot;:[]},&quot;_transform_rotateZ_effect_tablet&quot;:{&quot;unit&quot;:&quot;deg&quot;,&quot;size&quot;:&quot;&quot;,&quot;sizes&quot;:[]},&quot;_transform_rotateZ_effect_mobile&quot;:{&quot;unit&quot;:&quot;deg&quot;,&quot;size&quot;:&quot;&quot;,&quot;sizes&quot;:[]},&quot;_transform_rotateX_effect_tablet&quot;:{&quot;unit&quot;:&quot;deg&quot;,&quot;size&quot;:&quot;&quot;,&quot;sizes&quot;:[]},&quot;_transform_rotateX_effect_mobile&quot;:{&quot;unit&quot;:&quot;deg&quot;,&quot;size&quot;:&quot;&quot;,&quot;sizes&quot;:[]},&quot;_transform_rotateY_effect_tablet&quot;:{&quot;unit&quot;:&quot;deg&quot;,&quot;size&quot;:&quot;&quot;,&quot;sizes&quot;:[]},&quot;_transform_rotateY_effect_mobile&quot;:{&quot;unit&quot;:&quot;deg&quot;,&quot;size&quot;:&quot;&quot;,&quot;sizes&quot;:[]},&quot;_transform_perspective_effect_tablet&quot;:{&quot;unit&quot;:&quot;px&quot;,&quot;size&quot;:&quot;&quot;,&quot;sizes&quot;:[]},&quot;_transform_perspective_effect_mobile&quot;:{&quot;unit&quot;:&quot;px&quot;,&quot;size&quot;:&quot;&quot;,&quot;sizes&quot;:[]}}\" data-widget_type=\"image.default\">\n\t\t\t\t<div class=\"elementor-widget-container\">\n\t\t\t\t\t\t\t\t\t\t\t\t\t\t\t<img loading=\"lazy\" decoding=\"async\" width=\"800\" height=\"800\" src=\"https:\/\/www.omni-biotic.com\/cs-cz\/wp-content\/uploads\/sites\/8\/2024\/04\/udrzitelnost_v_hospodarstvi.jpg\" class=\"attachment-large size-large wp-image-18474\" alt=\"\" srcset=\"https:\/\/www.omni-biotic.com\/cs-cz\/wp-content\/uploads\/sites\/8\/2024\/04\/udrzitelnost_v_hospodarstvi.jpg 1024w, https:\/\/www.omni-biotic.com\/cs-cz\/wp-content\/uploads\/sites\/8\/2024\/04\/udrzitelnost_v_hospodarstvi-300x300.jpg 300w, https:\/\/www.omni-biotic.com\/cs-cz\/wp-content\/uploads\/sites\/8\/2024\/04\/udrzitelnost_v_hospodarstvi-150x150.jpg 150w, https:\/\/www.omni-biotic.com\/cs-cz\/wp-content\/uploads\/sites\/8\/2024\/04\/udrzitelnost_v_hospodarstvi-768x768.jpg 768w\" sizes=\"(max-width: 800px) 100vw, 800px\" title=\"\">\t\t\t\t\t\t\t\t\t\t\t\t\t\t\t<\/div>\n\t\t\t\t<\/div>\n\t\t\t\t<\/div>\n\t\t<div class=\"elementor-element elementor-element-018e5c9 e-con-full obcs none e-flex e-con e-child\" data-id=\"018e5c9\" data-element_type=\"container\">\n\t\t\t\t<div class=\"elementor-element elementor-element-d5ebd50 elementor-widget elementor-widget-heading\" data-id=\"d5ebd50\" data-element_type=\"widget\" data-widget_type=\"heading.default\">\n\t\t\t\t<div class=\"elementor-widget-container\">\n\t\t\t\t\t<h2 class=\"elementor-heading-title elementor-size-default\">Udr\u017eitelnost v hospod\u00e1\u0159stv\u00ed<\/h2>\t\t\t\t<\/div>\n\t\t\t\t<\/div>\n\t\t\t\t<div class=\"elementor-element elementor-element-7fcccd5 elementor-widget elementor-widget-text-editor\" data-id=\"7fcccd5\" data-element_type=\"widget\" data-widget_type=\"text-editor.default\">\n\t\t\t\t<div class=\"elementor-widget-container\">\n\t\t\t\t\t\t\t\t\t<p><strong>Institut AllergoSan<\/strong> se sna\u017e\u00ed o <strong>co nejudr\u017eiteln\u011bj\u0161\u00ed hospoda\u0159en\u00ed<\/strong> a z\u00e1rove\u0148 o vytv\u00e1\u0159en\u00ed bezpe\u010dn\u00fdch a<strong> atraktivn\u00edch pracovn\u00edch m\u00edst<\/strong> pro sv\u00e9 zam\u011bstnance. <strong>Vysok\u00e9 n\u00e1roky na kvalitu<\/strong> ve spojen\u00ed s renomovanou v\u00fdzkumnou prac\u00ed zaji\u0161\u0165uj\u00ed dlouhodob\u011b a nap\u0159\u00ed\u010d generacemi funguj\u00edc\u00ed obchodn\u00ed model. D\u00edky na\u0161\u00ed v\u011bdeck\u00e9 pr\u00e1ci hrajeme nejen rozhoduj\u00edc\u00ed roli p\u0159i v\u00fdvoji medic\u00edny 21. stolet\u00ed, ale tak\u00e9 se n\u00e1m dost\u00e1v\u00e1 <strong>vysok\u00e9 d\u016fv\u011bry<\/strong> v na\u0161e produkty ze strany na\u0161ich z\u00e1kazn\u00edk\u016f i l\u00e9ka\u0159\u016f a l\u00e9k\u00e1rn\u00edk\u016f. Ne nadarmo je Institut AllergoSan pova\u017eov\u00e1n za celosv\u011btov\u011b uzn\u00e1van\u00e9 kompeten\u010dn\u00ed centrum ve v\u00fdzkumu mikrobiomu a \u00a0<strong>OMNi-BiOTiC\u00ae\u00a0<\/strong> je ji\u017e t\u0159et\u00ed nejv\u011bt\u0161\u00ed zna\u010dkou probiotik na sv\u011bt\u011b. Neust\u00e1le spolupracujeme s mezin\u00e1rodn\u00edmi odborn\u00edky a renomovan\u00fdmi v\u00fdzkumn\u00fdmi institucemi po cel\u00e9m sv\u011bt\u011b, jako jsou Charit\u00e9 Berlin, Univerzitn\u00ed nemocnice v Curychu, UKE Hamburg, Univerzitn\u00ed nemocnice v Rij\u00e1du nebo Kalifornsk\u00e1 univerzita v San Diegu.<\/p>\t\t\t\t\t\t\t\t<\/div>\n\t\t\t\t<\/div>\n\t\t\t\t<\/div>\n\t\t\t\t\t<\/div>\n\t\t\t\t<\/div>\n\t\t\t\t\t<\/div>\n\t\t\t\t<\/div>\n\t\t\t\t<\/div>\n\t\t\t\t\t<\/div>\n\t\t\t\t<\/div>\n\t\t<div class=\"elementor-element elementor-element-52ae2ab obcs none e-flex e-con-boxed e-con e-parent\" data-id=\"52ae2ab\" data-element_type=\"container\">\n\t\t\t\t\t<div class=\"e-con-inner\">\n\t\t\t\t<div class=\"elementor-element elementor-element-919dfdd elementor-widget elementor-widget-infobox\" data-id=\"919dfdd\" data-element_type=\"widget\" data-widget_type=\"infobox.default\">\n\t\t\t\t<div class=\"elementor-widget-container\">\n\t\t\t\t\t\n<div class=\"li-widgets--infobox blue\">\n\n    <div class=\"li-widgets--infobox__icon\">\n        <i aria-hidden=\"true\" class=\"fas fa-hand-holding-heart\"><\/i>    <\/div>\n    <div class=\"li-widgets--infobox__text\">\n            <\/div>\n    <div class=\"li-widgets--infobox__text-body\">\n        <p>Proto\u017ee ji\u017e dnes mysl\u00edme na z\u00edt\u0159ek, <strong>stanovili jsme si za c\u00edl<\/strong> zajistit, aby na\u0161e <strong>spot\u0159eba energie a zdroj\u016f<\/strong> nerostla stejn\u00fdm tempem jako samotn\u00e1 spole\u010dnost. Proto me\u0159\u00edme <strong>uhl\u00edkovou stopu<\/strong> na\u0161ich obchodn\u00edch aktivit, kter\u00e1 zahrnuje<strong> transparentn\u00ed hospoda\u0159en\u00ed se zdroji,<\/strong> co\u017e n\u00e1m tak\u00e9 umo\u017e\u0148uje se podrobn\u011bji zab\u00fdvat t\u00edm, kter\u00fdm oblastem mus\u00edme v\u011bnovat v\u011bt\u0161\u00ed pozornost.<\/p>    <\/div>\n\n    \n<\/div>\n\t\t\t\t<\/div>\n\t\t\t\t<\/div>\n\t\t\t\t\t<\/div>\n\t\t\t\t<\/div>\n\t\t\t\t<\/div>\n\t\t","protected":false},"excerpt":{"rendered":"<p>Udr\u017eitelnost v hospod\u00e1\u0159stv\u00ed Home Vysok\u00e9 n\u00e1roky na kvalitu Spolupr\u00e1ce s uzn\u00e1van\u00fdmi \u00fastavy Spot\u0159eba zdroj\u016f pod drobnohledem Udr\u017eitelnost v hospod\u00e1\u0159stv\u00ed Institut AllergoSan se sna\u017e\u00ed o co nejudr\u017eiteln\u011bj\u0161\u00ed hospoda\u0159en\u00ed a z\u00e1rove\u0148 o vytv\u00e1\u0159en\u00ed bezpe\u010dn\u00fdch a atraktivn\u00edch pracovn\u00edch m\u00edst pro sv\u00e9 zam\u011bstnance. Vysok\u00e9 n\u00e1roky na kvalitu ve spojen\u00ed s renomovanou v\u00fdzkumnou prac\u00ed zaji\u0161\u0165uj\u00ed dlouhodob\u011b a nap\u0159\u00ed\u010d generacemi funguj\u00edc\u00ed [&hellip;]<\/p>\n","protected":false},"author":8,"featured_media":0,"parent":18379,"menu_order":0,"comment_status":"closed","ping_status":"closed","template":"","meta":{"_acf_changed":false,"inline_featured_image":false,"footnotes":""},"class_list":["post-18414","page","type-page","status-publish","hentry"],"acf":[],"_links":{"self":[{"href":"https:\/\/www.omni-biotic.com\/cs-cz\/wp-json\/wp\/v2\/pages\/18414","targetHints":{"allow":["GET"]}}],"collection":[{"href":"https:\/\/www.omni-biotic.com\/cs-cz\/wp-json\/wp\/v2\/pages"}],"about":[{"href":"https:\/\/www.omni-biotic.com\/cs-cz\/wp-json\/wp\/v2\/types\/page"}],"author":[{"embeddable":true,"href":"https:\/\/www.omni-biotic.com\/cs-cz\/wp-json\/wp\/v2\/users\/8"}],"replies":[{"embeddable":true,"href":"https:\/\/www.omni-biotic.com\/cs-cz\/wp-json\/wp\/v2\/comments?post=18414"}],"version-history":[{"count":8,"href":"https:\/\/www.omni-biotic.com\/cs-cz\/wp-json\/wp\/v2\/pages\/18414\/revisions"}],"predecessor-version":[{"id":18493,"href":"https:\/\/www.omni-biotic.com\/cs-cz\/wp-json\/wp\/v2\/pages\/18414\/revisions\/18493"}],"up":[{"embeddable":true,"href":"https:\/\/www.omni-biotic.com\/cs-cz\/wp-json\/wp\/v2\/pages\/18379"}],"wp:attachment":[{"href":"https:\/\/www.omni-biotic.com\/cs-cz\/wp-json\/wp\/v2\/media?parent=18414"}],"curies":[{"name":"wp","href":"https:\/\/api.w.org\/{rel}","templated":true}]}}