{"id":18899,"date":"2024-07-17T15:39:13","date_gmt":"2024-07-17T13:39:13","guid":{"rendered":"https:\/\/www.omni-biotic.com\/cs-cz\/?page_id=18899"},"modified":"2024-08-30T11:43:42","modified_gmt":"2024-08-30T09:43:42","slug":"otestujte-si-sve-strevni-zdravi","status":"publish","type":"page","link":"https:\/\/www.omni-biotic.com\/cs-cz\/otestujte-si-sve-strevni-zdravi\/","title":{"rendered":"Otestujte si sv\u00e9 st\u0159evn\u00ed zdrav\u00ed"},"content":{"rendered":"\t\t<div data-elementor-type=\"wp-page\" data-elementor-id=\"18899\" class=\"elementor elementor-18899\" data-elementor-post-type=\"page\">\n\t\t\t\t<div class=\"elementor-element elementor-element-c2f0b46 e-con-full obcs none e-flex e-con e-parent\" data-id=\"c2f0b46\" data-element_type=\"container\" data-settings=\"{&quot;background_background&quot;:&quot;classic&quot;,&quot;shape_divider_bottom&quot;:&quot;waves&quot;}\">\n\t\t\t\t<div class=\"elementor-shape elementor-shape-bottom\" aria-hidden=\"true\" data-negative=\"false\">\n\t\t\t<svg xmlns=\"http:\/\/www.w3.org\/2000\/svg\" viewBox=\"0 0 1000 100\" preserveAspectRatio=\"none\">\n\t<path class=\"elementor-shape-fill\" d=\"M421.9,6.5c22.6-2.5,51.5,0.4,75.5,5.3c23.6,4.9,70.9,23.5,100.5,35.7c75.8,32.2,133.7,44.5,192.6,49.7\n\tc23.6,2.1,48.7,3.5,103.4-2.5c54.7-6,106.2-25.6,106.2-25.6V0H0v30.3c0,0,72,32.6,158.4,30.5c39.2-0.7,92.8-6.7,134-22.4\n\tc21.2-8.1,52.2-18.2,79.7-24.2C399.3,7.9,411.6,7.5,421.9,6.5z\"\/>\n<\/svg>\t\t<\/div>\n\t\t\t\t<div class=\"elementor-element elementor-element-72cf8ba elementor-absolute elementor-hidden-mobile elementor-align-center elementor-widget elementor-widget-lottie\" data-id=\"72cf8ba\" data-element_type=\"widget\" data-settings=\"{&quot;source_json&quot;:{&quot;url&quot;:&quot;https:\\\/\\\/www.omni-biotic.com\\\/cs-cz\\\/wp-content\\\/uploads\\\/sites\\\/8\\\/2022\\\/08\\\/lf30_editor_s5uwdgjh.json&quot;,&quot;id&quot;:&quot;7733&quot;,&quot;size&quot;:&quot;&quot;,&quot;alt&quot;:&quot;&quot;,&quot;source&quot;:&quot;library&quot;},&quot;loop&quot;:&quot;yes&quot;,&quot;play_speed&quot;:{&quot;unit&quot;:&quot;px&quot;,&quot;size&quot;:&quot;0.3&quot;,&quot;sizes&quot;:[]},&quot;_position&quot;:&quot;absolute&quot;,&quot;source&quot;:&quot;media_file&quot;,&quot;caption_source&quot;:&quot;none&quot;,&quot;link_to&quot;:&quot;none&quot;,&quot;trigger&quot;:&quot;arriving_to_viewport&quot;,&quot;viewport&quot;:{&quot;unit&quot;:&quot;%&quot;,&quot;size&quot;:&quot;&quot;,&quot;sizes&quot;:{&quot;start&quot;:0,&quot;end&quot;:100}},&quot;start_point&quot;:{&quot;unit&quot;:&quot;%&quot;,&quot;size&quot;:0,&quot;sizes&quot;:[]},&quot;end_point&quot;:{&quot;unit&quot;:&quot;%&quot;,&quot;size&quot;:100,&quot;sizes&quot;:[]},&quot;renderer&quot;:&quot;svg&quot;}\" data-widget_type=\"lottie.default\">\n\t\t\t\t<div class=\"elementor-widget-container\">\n\t\t\t\t\t<div class=\"e-lottie__container\"><div class=\"e-lottie__animation\"><\/div><\/div>\t\t\t\t<\/div>\n\t\t\t\t<\/div>\n\t\t<div class=\"elementor-element elementor-element-88af687 e-con-full obcs none e-flex e-con e-child\" data-id=\"88af687\" data-element_type=\"container\" data-settings=\"{&quot;background_background&quot;:&quot;gradient&quot;}\">\n\t\t\t\t<div class=\"elementor-element elementor-element-77d1db1 elementor-widget elementor-widget-heading\" data-id=\"77d1db1\" data-element_type=\"widget\" data-widget_type=\"heading.default\">\n\t\t\t\t<div class=\"elementor-widget-container\">\n\t\t\t\t\t<h1 class=\"elementor-heading-title elementor-size-default\">Otestujte si sv\u00e9 st\u0159evn\u00ed zdrav\u00ed<\/h1>\t\t\t\t<\/div>\n\t\t\t\t<\/div>\n\t\t\t\t<div class=\"elementor-element elementor-element-0223cff elementor-widget-divider--view-line elementor-widget elementor-widget-divider\" data-id=\"0223cff\" data-element_type=\"widget\" data-widget_type=\"divider.default\">\n\t\t\t\t<div class=\"elementor-widget-container\">\n\t\t\t\t\t\t\t<div class=\"elementor-divider\">\n\t\t\t<span class=\"elementor-divider-separator\">\n\t\t\t\t\t\t<\/span>\n\t\t<\/div>\n\t\t\t\t\t\t<\/div>\n\t\t\t\t<\/div>\n\t\t\t\t<\/div>\n\t\t<div class=\"elementor-element elementor-element-fb70d71 e-con-full elementor-hidden-mobile obcs none e-flex e-con e-child\" data-id=\"fb70d71\" data-element_type=\"container\">\n\t\t\t\t<\/div>\n\t\t\t\t<\/div>\n\t\t<div class=\"elementor-element elementor-element-3fe9b45 obcs none e-flex e-con-boxed e-con e-parent\" data-id=\"3fe9b45\" data-element_type=\"container\">\n\t\t\t\t\t<div class=\"e-con-inner\">\n\t\t<div class=\"elementor-element elementor-element-c1170f6 e-con-full obcs none e-flex e-con e-child\" data-id=\"c1170f6\" data-element_type=\"container\">\n\t\t\t\t<div class=\"elementor-element elementor-element-fe399e0 elementor-align-left elementor-widget__width-initial elementor-widget elementor-widget-breadcrumbs\" data-id=\"fe399e0\" data-element_type=\"widget\" data-widget_type=\"breadcrumbs.default\">\n\t\t\t\t<div class=\"elementor-widget-container\">\n\t\t\t\t\t<span><span class=\"last\">Home<\/span><\/span>\t\t\t\t<\/div>\n\t\t\t\t<\/div>\n\t\t\t\t<\/div>\n\t\t<div class=\"elementor-element elementor-element-b36c531 e-con-full obcs none e-flex e-con e-child\" data-id=\"b36c531\" data-element_type=\"container\">\n\t\t\t\t<\/div>\n\t\t\t\t\t<\/div>\n\t\t\t\t<\/div>\n\t\t<div class=\"elementor-element elementor-element-fc74390 obcs magenta e-flex e-con-boxed e-con e-parent\" data-id=\"fc74390\" data-element_type=\"container\">\n\t\t\t\t\t<div class=\"e-con-inner\">\n\t\t<div class=\"elementor-element elementor-element-dea5d3a e-con-full obcs none e-flex e-con e-child\" data-id=\"dea5d3a\" data-element_type=\"container\">\n\t\t\t\t<div class=\"elementor-element elementor-element-9d8e157 elementor-widget elementor-widget-heading\" data-id=\"9d8e157\" data-element_type=\"widget\" data-widget_type=\"heading.default\">\n\t\t\t\t<div class=\"elementor-widget-container\">\n\t\t\t\t\t<h2 class=\"elementor-heading-title elementor-size-default\">V\u00edc ne\u017e jen pocit zevnit\u0159? <\/h2>\t\t\t\t<\/div>\n\t\t\t\t<\/div>\n\t\t\t\t<div class=\"elementor-element elementor-element-069e888 elementor-widget elementor-widget-text-editor\" data-id=\"069e888\" data-element_type=\"widget\" data-widget_type=\"text-editor.default\">\n\t\t\t\t<div class=\"elementor-widget-container\">\n\t\t\t\t\t\t\t\t\t<p>Chcete se dozv\u011bd\u011bt v\u00edce o sob\u011b a sv\u00e9m (st\u0159evn\u00edm) zdrav\u00ed? N\u00e1\u0161 <strong>samotest OMNi-BiOTiC\u00ae<\/strong> v\u00e1m poskytne informace o tom, jak jsou na tom va\u0161e st\u0159eva. Samoz\u0159ejm\u011b ale nenahrazuje l\u00e9ka\u0159skou diagn\u00f3zu.<\/p><p><strong>P\u0159ejeme hodn\u011b z\u00e1bavy p\u0159i testov\u00e1n\u00ed!<\/strong><\/p>\t\t\t\t\t\t\t\t<\/div>\n\t\t\t\t<\/div>\n\t\t\t\t<div class=\"elementor-element elementor-element-93b3e04 typeform--fix elementor-widget elementor-widget-li-widgets--html-embed\" data-id=\"93b3e04\" data-element_type=\"widget\" data-widget_type=\"li-widgets--html-embed.default\">\n\t\t\t\t<div class=\"elementor-widget-container\">\n\t\t\t\t\t<div class=\"li-widgets--html-embed\">\n    <div data-tf-live=\"01J30ENW8TY9HHPHVREBMFK593\"><\/div><script src=\"\/\/embed.typeform.com\/next\/embed.js\"><\/script>    <script src=\"\"><\/script>\n<\/div>\n\n\n\t\t\t\t<\/div>\n\t\t\t\t<\/div>\n\t\t\t\t<\/div>\n\t\t\t\t\t<\/div>\n\t\t\t\t<\/div>\n\t\t\t\t<\/div>\n\t\t","protected":false},"excerpt":{"rendered":"<p>Otestujte si sv\u00e9 st\u0159evn\u00ed zdrav\u00ed Home V\u00edc ne\u017e jen pocit zevnit\u0159? Chcete se dozv\u011bd\u011bt v\u00edce o sob\u011b a sv\u00e9m (st\u0159evn\u00edm) zdrav\u00ed? N\u00e1\u0161 samotest OMNi-BiOTiC\u00ae v\u00e1m poskytne informace o tom, jak jsou na tom va\u0161e st\u0159eva. Samoz\u0159ejm\u011b ale nenahrazuje l\u00e9ka\u0159skou diagn\u00f3zu. P\u0159ejeme hodn\u011b z\u00e1bavy p\u0159i testov\u00e1n\u00ed!<\/p>\n","protected":false},"author":13,"featured_media":18889,"parent":0,"menu_order":0,"comment_status":"closed","ping_status":"closed","template":"","meta":{"_acf_changed":false,"inline_featured_image":false,"footnotes":""},"class_list":["post-18899","page","type-page","status-publish","has-post-thumbnail","hentry"],"acf":[],"_links":{"self":[{"href":"https:\/\/www.omni-biotic.com\/cs-cz\/wp-json\/wp\/v2\/pages\/18899","targetHints":{"allow":["GET"]}}],"collection":[{"href":"https:\/\/www.omni-biotic.com\/cs-cz\/wp-json\/wp\/v2\/pages"}],"about":[{"href":"https:\/\/www.omni-biotic.com\/cs-cz\/wp-json\/wp\/v2\/types\/page"}],"author":[{"embeddable":true,"href":"https:\/\/www.omni-biotic.com\/cs-cz\/wp-json\/wp\/v2\/users\/13"}],"replies":[{"embeddable":true,"href":"https:\/\/www.omni-biotic.com\/cs-cz\/wp-json\/wp\/v2\/comments?post=18899"}],"version-history":[{"count":7,"href":"https:\/\/www.omni-biotic.com\/cs-cz\/wp-json\/wp\/v2\/pages\/18899\/revisions"}],"predecessor-version":[{"id":19154,"href":"https:\/\/www.omni-biotic.com\/cs-cz\/wp-json\/wp\/v2\/pages\/18899\/revisions\/19154"}],"wp:featuredmedia":[{"embeddable":true,"href":"https:\/\/www.omni-biotic.com\/cs-cz\/wp-json\/wp\/v2\/media\/18889"}],"wp:attachment":[{"href":"https:\/\/www.omni-biotic.com\/cs-cz\/wp-json\/wp\/v2\/media?parent=18899"}],"curies":[{"name":"wp","href":"https:\/\/api.w.org\/{rel}","templated":true}]}}