{"id":67,"date":"2022-03-07T10:07:27","date_gmt":"2022-03-07T09:07:27","guid":{"rendered":"https:\/\/www.omni-biotic.com\/ueber-uns\/was-ist-omni-biotic\/"},"modified":"2024-10-22T14:40:12","modified_gmt":"2024-10-22T12:40:12","slug":"co-je-omni-biotic","status":"publish","type":"page","link":"https:\/\/www.omni-biotic.com\/cs-cz\/o-nas\/co-je-omni-biotic\/","title":{"rendered":"Co je OMNi-BiOTiC\u00ae?"},"content":{"rendered":"\t\t<div data-elementor-type=\"wp-page\" data-elementor-id=\"67\" class=\"elementor elementor-67\" data-elementor-post-type=\"page\">\n\t\t\t\t<div class=\"elementor-element elementor-element-1ead07d e-con-full obcs none e-flex e-con e-parent\" data-id=\"1ead07d\" data-element_type=\"container\" data-settings=\"{&quot;background_background&quot;:&quot;classic&quot;,&quot;shape_divider_bottom&quot;:&quot;waves&quot;}\">\n\t\t\t\t<div class=\"elementor-shape elementor-shape-bottom\" aria-hidden=\"true\" data-negative=\"false\">\n\t\t\t<svg xmlns=\"http:\/\/www.w3.org\/2000\/svg\" viewBox=\"0 0 1000 100\" preserveAspectRatio=\"none\">\n\t<path class=\"elementor-shape-fill\" d=\"M421.9,6.5c22.6-2.5,51.5,0.4,75.5,5.3c23.6,4.9,70.9,23.5,100.5,35.7c75.8,32.2,133.7,44.5,192.6,49.7\n\tc23.6,2.1,48.7,3.5,103.4-2.5c54.7-6,106.2-25.6,106.2-25.6V0H0v30.3c0,0,72,32.6,158.4,30.5c39.2-0.7,92.8-6.7,134-22.4\n\tc21.2-8.1,52.2-18.2,79.7-24.2C399.3,7.9,411.6,7.5,421.9,6.5z\"\/>\n<\/svg>\t\t<\/div>\n\t\t<div class=\"elementor-element elementor-element-7d3e53f e-con-full obcs none e-flex e-con e-child\" data-id=\"7d3e53f\" data-element_type=\"container\" data-settings=\"{&quot;background_background&quot;:&quot;gradient&quot;}\">\n\t\t\t\t<div class=\"elementor-element elementor-element-a958b79 elementor-widget elementor-widget-heading\" data-id=\"a958b79\" data-element_type=\"widget\" data-widget_type=\"heading.default\">\n\t\t\t\t<div class=\"elementor-widget-container\">\n\t\t\t\t\t<h1 class=\"elementor-heading-title elementor-size-default\">OMNi-BiOTiC\u00ae \u2212 Pro ka\u017edodenn\u00ed dobr\u00fd pocit zevnit\u0159<\/h1>\t\t\t\t<\/div>\n\t\t\t\t<\/div>\n\t\t\t\t<div class=\"elementor-element elementor-element-a3f41ee elementor-widget-divider--view-line elementor-widget elementor-widget-divider\" data-id=\"a3f41ee\" data-element_type=\"widget\" data-widget_type=\"divider.default\">\n\t\t\t\t<div class=\"elementor-widget-container\">\n\t\t\t\t\t\t\t<div class=\"elementor-divider\">\n\t\t\t<span class=\"elementor-divider-separator\">\n\t\t\t\t\t\t<\/span>\n\t\t<\/div>\n\t\t\t\t\t\t<\/div>\n\t\t\t\t<\/div>\n\t\t\t\t<div class=\"elementor-element elementor-element-1994ec2 elementor-widget elementor-widget-text-editor\" data-id=\"1994ec2\" data-element_type=\"widget\" data-widget_type=\"text-editor.default\">\n\t\t\t\t<div class=\"elementor-widget-container\">\n\t\t\t\t\t\t\t\t\t<p>Dobr\u00fd den za\u010d\u00edn\u00e1 s <strong>OMNi-BiOTiC\u00ae<\/strong> &#8211; jak ostatn\u011b tak\u00e9 potvrzuj\u00ed miliony spokojen\u00fdch z\u00e1kazn\u00edk\u016f, kter\u00fdm produkty <strong>OMNi-BiOTiC\u00ae<\/strong> dod\u00e1vaj\u00ed &#8222;dobr\u00fd pocit zevnit\u0159&#8220; ka\u017ed\u00fd den.<\/p>\t\t\t\t\t\t\t\t<\/div>\n\t\t\t\t<\/div>\n\t\t\t\t<\/div>\n\t\t\t\t<\/div>\n\t\t<div class=\"elementor-element elementor-element-53dbd0f obcs none e-flex e-con-boxed e-con e-parent\" data-id=\"53dbd0f\" data-element_type=\"container\">\n\t\t\t\t\t<div class=\"e-con-inner\">\n\t\t<div class=\"elementor-element elementor-element-3b1676b e-con-full obcs none e-flex e-con e-child\" data-id=\"3b1676b\" data-element_type=\"container\">\n\t\t\t\t<div class=\"elementor-element elementor-element-65aee81 elementor-align-left elementor-widget__width-initial elementor-widget elementor-widget-breadcrumbs\" data-id=\"65aee81\" data-element_type=\"widget\" data-widget_type=\"breadcrumbs.default\">\n\t\t\t\t<div class=\"elementor-widget-container\">\n\t\t\t\t\t<span><span class=\"last\">Home<\/span><\/span>\t\t\t\t<\/div>\n\t\t\t\t<\/div>\n\t\t\t\t<\/div>\n\t\t<div class=\"elementor-element elementor-element-aa7767e e-con-full obcs none e-flex e-con e-child\" data-id=\"aa7767e\" data-element_type=\"container\">\n\t\t\t\t<div class=\"elementor-element elementor-element-105c65b elementor-toc--minimized-on-desktop elementor-widget elementor-widget-table-of-contents\" data-id=\"105c65b\" data-element_type=\"widget\" data-settings=\"{&quot;exclude_headings_by_selector&quot;:[],&quot;minimized_on&quot;:&quot;desktop&quot;,&quot;headings_by_tags&quot;:[&quot;h2&quot;,&quot;h3&quot;,&quot;h4&quot;,&quot;h5&quot;,&quot;h6&quot;],&quot;marker_view&quot;:&quot;numbers&quot;,&quot;no_headings_message&quot;:&quot;No headings were found on this page.&quot;,&quot;minimize_box&quot;:&quot;yes&quot;,&quot;hierarchical_view&quot;:&quot;yes&quot;,&quot;min_height&quot;:{&quot;unit&quot;:&quot;px&quot;,&quot;size&quot;:&quot;&quot;,&quot;sizes&quot;:[]},&quot;min_height_tablet&quot;:{&quot;unit&quot;:&quot;px&quot;,&quot;size&quot;:&quot;&quot;,&quot;sizes&quot;:[]},&quot;min_height_mobile&quot;:{&quot;unit&quot;:&quot;px&quot;,&quot;size&quot;:&quot;&quot;,&quot;sizes&quot;:[]}}\" data-widget_type=\"table-of-contents.default\">\n\t\t\t\t<div class=\"elementor-widget-container\">\n\t\t\t\t\t\t\t\t\t<div class=\"elementor-toc__header\">\n\t\t\t\t\t\t<h4 class=\"elementor-toc__header-title\">\n\t\t\t\tObsah\t\t\t<\/h4>\n\t\t\t\t\t\t\t\t\t\t<div class=\"elementor-toc__toggle-button elementor-toc__toggle-button--expand\" role=\"button\" tabindex=\"0\" aria-controls=\"elementor-toc__105c65b\" aria-expanded=\"true\" aria-label=\"Open table of contents\"><i aria-hidden=\"true\" class=\"fas fa-chevron-down\"><\/i><\/div>\n\t\t\t\t<div class=\"elementor-toc__toggle-button elementor-toc__toggle-button--collapse\" role=\"button\" tabindex=\"0\" aria-controls=\"elementor-toc__105c65b\" aria-expanded=\"true\" aria-label=\"Close table of contents\"><i aria-hidden=\"true\" class=\"fas fa-chevron-up\"><\/i><\/div>\n\t\t\t\t\t<\/div>\n\t\t\t\t<div id=\"elementor-toc__105c65b\" class=\"elementor-toc__body\">\n\t\t\t<div class=\"elementor-toc__spinner-container\">\n\t\t\t\t<i class=\"elementor-toc__spinner eicon-animation-spin eicon-loading\" aria-hidden=\"true\"><\/i>\t\t\t<\/div>\n\t\t<\/div>\n\t\t\t\t\t\t<\/div>\n\t\t\t\t<\/div>\n\t\t\t\t<\/div>\n\t\t\t\t\t<\/div>\n\t\t\t\t<\/div>\n\t\t<div class=\"elementor-element elementor-element-d379ff4 obcs magenta e-flex e-con-boxed e-con e-parent\" data-id=\"d379ff4\" data-element_type=\"container\">\n\t\t\t\t\t<div class=\"e-con-inner\">\n\t\t<div class=\"elementor-element elementor-element-6996b7b e-con-full obcs none e-flex e-con e-child\" data-id=\"6996b7b\" data-element_type=\"container\">\n\t\t\t\t<div class=\"elementor-element elementor-element-1f15574 elementor-widget elementor-widget-text-editor\" data-id=\"1f15574\" data-element_type=\"widget\" data-widget_type=\"text-editor.default\">\n\t\t\t\t<div class=\"elementor-widget-container\">\n\t\t\t\t\t\t\t\t\t<p><strong>P\u0159\u00edb\u011bh o \u00fasp\u011bchu<\/strong> t\u00e9to probiotick\u00e9 zna\u010dky za\u010dal p\u0159ed<strong> v\u00edce ne\u017e 30 lety,<\/strong> kdy mnohokr\u00e1t ocen\u011bn\u00e1 odbornice na st\u0159eva a zakladatelka Institutu AllergoSan <strong>prof. Anita Frauwallner<\/strong> objevila svou l\u00e1sku ke st\u0159evn\u00edm bakteri\u00edm &#8211; pot\u00e9, co ji drastick\u00fd z\u00e1sah osudu p\u0159im\u011bl vydat se zcela novou cestou. P\u0159esv\u011bd\u010den\u00ed, \u017ee zdrav\u00e1 st\u0159eva jsou kl\u00ed\u010dem k vit\u00e1ln\u00edmu \u017eivotu, vedlo k vytvo\u0159en\u00ed<strong> zna\u010dky probiotik OMNi-BiOTiC\u00ae,<\/strong> kter\u00e1 je od za\u010d\u00e1tku roku 2023 <strong>t\u0159et\u00ed* nejsiln\u011bj\u0161\u00ed zna\u010dkou probiotik na sv\u011bt\u011b!<\/strong> St\u00e1le v\u00edce lid\u00ed na cel\u00e9m sv\u011bt\u011b v\u00ed, \u017ee zdrav\u00ed za\u010d\u00edn\u00e1 ve st\u0159evech, a d\u016fv\u011b\u0159uje <strong>produkt\u016fm OMNi-BiOTiC\u00ae<\/strong> a holistick\u00e9mu p\u0159\u00edstupu, kter\u00fd za nimi stoj\u00ed. Pos\u00edlit z\u00e1klady zdrav\u00ed <strong>je\u0161t\u011b p\u0159ed vznikem nemoc\u00ed<\/strong> &#8211; a to s t\u00edm, co jim poskytla <strong>p\u0159\u00edroda.<\/strong><\/p><p><em>* IQVIA OTC Global Insights 2022, 03D5 Antidiarr Micro-Organisms, 03F1 Probiotics Digest Health, IQVIA OTC Audits \/ Public Price in EUR \/ Mio<\/em><\/p>\t\t\t\t\t\t\t\t<\/div>\n\t\t\t\t<\/div>\n\t\t\t\t<\/div>\n\t\t<div class=\"elementor-element elementor-element-d358d54 e-con-full obcs none e-flex e-con e-child\" data-id=\"d358d54\" data-element_type=\"container\">\n\t\t\t\t<div class=\"elementor-element elementor-element-caad760 elementor-widget elementor-widget-image\" data-id=\"caad760\" data-element_type=\"widget\" data-widget_type=\"image.default\">\n\t\t\t\t<div class=\"elementor-widget-container\">\n\t\t\t\t\t\t\t\t\t\t\t\t\t\t\t<img fetchpriority=\"high\" decoding=\"async\" width=\"684\" height=\"1024\" src=\"https:\/\/www.omni-biotic.com\/cs-cz\/wp-content\/uploads\/sites\/8\/2023\/08\/mag_anita_frauwallner_vyzkum.jpeg\" class=\"attachment-large size-large wp-image-17514\" alt=\"\" srcset=\"https:\/\/www.omni-biotic.com\/cs-cz\/wp-content\/uploads\/sites\/8\/2023\/08\/mag_anita_frauwallner_vyzkum.jpeg 684w, https:\/\/www.omni-biotic.com\/cs-cz\/wp-content\/uploads\/sites\/8\/2023\/08\/mag_anita_frauwallner_vyzkum-200x300.jpeg 200w\" sizes=\"(max-width: 684px) 100vw, 684px\" title=\"\">\t\t\t\t\t\t\t\t\t\t\t\t\t\t\t<\/div>\n\t\t\t\t<\/div>\n\t\t\t\t<\/div>\n\t\t\t\t\t<\/div>\n\t\t\t\t<\/div>\n\t\t<div class=\"elementor-element elementor-element-3162dde obcs magenta e-flex e-con-boxed e-con e-parent\" data-id=\"3162dde\" data-element_type=\"container\">\n\t\t\t\t\t<div class=\"e-con-inner\">\n\t\t\t\t<div class=\"elementor-element elementor-element-e18521b elementor-widget elementor-widget-infobox\" data-id=\"e18521b\" data-element_type=\"widget\" data-widget_type=\"infobox.default\">\n\t\t\t\t<div class=\"elementor-widget-container\">\n\t\t\t\t\t\n<div class=\"li-widgets--infobox magenta highlights-always-magenta\">\n\n    <div class=\"li-widgets--infobox__icon\">\n        <i aria-hidden=\"true\" class=\"fas fa-info-circle\"><\/i>    <\/div>\n    <div class=\"li-widgets--infobox__text\">\n        <p>Co je zvl\u00e1\u0161tn\u00edho na zna\u010dce OMNi-BiOTiC\u00ae ?<\/p>    <\/div>\n    <div class=\"li-widgets--infobox__text-body\">\n        <p>Tajemstv\u00ed \u00fasp\u011bchu <strong>OMNi-BiOTiC\u00ae <\/strong>spo\u010d\u00edv\u00e1 <strong>v inovativn\u00edm slo\u017een\u00ed<\/strong> a vysok\u00fdch standardech kvality, kter\u00e9 jsou p\u0159i v\u00fdvoji probiotik prvo\u0159ad\u00e9 a zaji\u0161\u0165uj\u00ed hmatateln\u00fd p\u0159\u00ednos pro u\u017eivatele.<\/p>    <\/div>\n\n    \n<\/div>\n\t\t\t\t<\/div>\n\t\t\t\t<\/div>\n\t\t\t\t\t<\/div>\n\t\t\t\t<\/div>\n\t\t<div class=\"elementor-element elementor-element-e9f3d0b obcs none e-flex e-con-boxed e-con e-parent\" data-id=\"e9f3d0b\" data-element_type=\"container\">\n\t\t\t\t\t<div class=\"e-con-inner\">\n\t\t<div class=\"elementor-element elementor-element-119f235 e-con-full obcs none e-flex e-con e-child\" data-id=\"119f235\" data-element_type=\"container\">\n\t\t\t\t<div class=\"elementor-element elementor-element-1c5cd9c elementor-widget elementor-widget-heading\" data-id=\"1c5cd9c\" data-element_type=\"widget\" data-widget_type=\"heading.default\">\n\t\t\t\t<div class=\"elementor-widget-container\">\n\t\t\t\t\t<h2 class=\"elementor-heading-title elementor-size-default\">Na\u0161e tajemstv\u00ed \u00fasp\u011bchu<\/h2>\t\t\t\t<\/div>\n\t\t\t\t<\/div>\n\t\t\t\t<div class=\"elementor-element elementor-element-7868dce elementor-widget elementor-widget-text-editor\" data-id=\"7868dce\" data-element_type=\"widget\" data-widget_type=\"text-editor.default\">\n\t\t\t\t<div class=\"elementor-widget-container\">\n\t\t\t\t\t\t\t\t\t<p>Kvalitativn\u00ed studie jsou prov\u00e1d\u011bny ve spolupr\u00e1ci s <strong>renomovan\u00fdmi klinikami<\/strong> a zve\u0159ejn\u011bny v presti\u017en\u00edch <strong>v\u011bdeck\u00fdch publikac\u00edch.<\/strong> V\u0161echny <strong>produkty OMNi-BiOTiC\u00ae<\/strong> obsahuj\u00ed vysok\u00fd po\u010det <strong>\u017eivota a mno\u017een\u00ed schopn\u00fdch bakteri\u00ed,<\/strong> kter\u00e9 maj\u00ed pozitivn\u011b p\u016fsob\u00ed nejen ve st\u0159evech, n\u00fdbr\u017e i<strong> v cel\u00e9m organismu.<\/strong> Aby se co nejvy\u0161\u0161\u00ed po\u010det na\u0161ich mal\u00fdch &#8222;pomocn\u00edk\u016f&#8220; dostal bez \u00fahony do st\u0159ev, mus\u00ed b\u00fdt v \u017ealudku a st\u0159evech <strong>optim\u00e1ln\u011b vyzbrojeny proti t\u011blu vlastn\u00edm kyselin\u00e1m.<\/strong> Rozhoduj\u00edc\u00ed jsou p\u0159itom zejm\u00e9na dv\u011b v\u011bci.<\/p>\t\t\t\t\t\t\t\t<\/div>\n\t\t\t\t<\/div>\n\t\t\t\t<\/div>\n\t\t\t\t\t<\/div>\n\t\t\t\t<\/div>\n\t\t<div class=\"elementor-element elementor-element-7a23513 obcs none e-flex e-con-boxed e-con e-parent\" data-id=\"7a23513\" data-element_type=\"container\">\n\t\t\t\t\t<div class=\"e-con-inner\">\n\t\t<div class=\"elementor-element elementor-element-1c3503f e-con-full obcs none e-flex e-con e-child\" data-id=\"1c3503f\" data-element_type=\"container\">\n\t\t\t\t<div class=\"elementor-element elementor-element-2b4e6e9 e-transform elementor-widget elementor-widget-image\" data-id=\"2b4e6e9\" data-element_type=\"widget\" data-settings=\"{&quot;_transform_rotateZ_effect&quot;:{&quot;unit&quot;:&quot;px&quot;,&quot;size&quot;:&quot;0&quot;,&quot;sizes&quot;:[]},&quot;_transform_rotate_3d&quot;:&quot;yes&quot;,&quot;_transform_rotateX_effect&quot;:{&quot;unit&quot;:&quot;px&quot;,&quot;size&quot;:&quot;0&quot;,&quot;sizes&quot;:[]},&quot;_transform_rotateY_effect&quot;:{&quot;unit&quot;:&quot;px&quot;,&quot;size&quot;:&quot;4&quot;,&quot;sizes&quot;:[]},&quot;_transform_perspective_effect&quot;:{&quot;unit&quot;:&quot;px&quot;,&quot;size&quot;:&quot;650&quot;,&quot;sizes&quot;:[]},&quot;_transform_rotateZ_effect_tablet&quot;:{&quot;unit&quot;:&quot;deg&quot;,&quot;size&quot;:&quot;&quot;,&quot;sizes&quot;:[]},&quot;_transform_rotateZ_effect_mobile&quot;:{&quot;unit&quot;:&quot;deg&quot;,&quot;size&quot;:&quot;&quot;,&quot;sizes&quot;:[]},&quot;_transform_rotateX_effect_tablet&quot;:{&quot;unit&quot;:&quot;deg&quot;,&quot;size&quot;:&quot;&quot;,&quot;sizes&quot;:[]},&quot;_transform_rotateX_effect_mobile&quot;:{&quot;unit&quot;:&quot;deg&quot;,&quot;size&quot;:&quot;&quot;,&quot;sizes&quot;:[]},&quot;_transform_rotateY_effect_tablet&quot;:{&quot;unit&quot;:&quot;deg&quot;,&quot;size&quot;:&quot;&quot;,&quot;sizes&quot;:[]},&quot;_transform_rotateY_effect_mobile&quot;:{&quot;unit&quot;:&quot;deg&quot;,&quot;size&quot;:&quot;&quot;,&quot;sizes&quot;:[]},&quot;_transform_perspective_effect_tablet&quot;:{&quot;unit&quot;:&quot;px&quot;,&quot;size&quot;:&quot;&quot;,&quot;sizes&quot;:[]},&quot;_transform_perspective_effect_mobile&quot;:{&quot;unit&quot;:&quot;px&quot;,&quot;size&quot;:&quot;&quot;,&quot;sizes&quot;:[]}}\" data-widget_type=\"image.default\">\n\t\t\t\t<div class=\"elementor-widget-container\">\n\t\t\t\t\t\t\t\t\t\t\t\t\t\t\t<img decoding=\"async\" width=\"800\" height=\"384\" src=\"https:\/\/www.omni-biotic.com\/cs-cz\/wp-content\/uploads\/sites\/8\/2023\/07\/aktualni_studie_allergosan-1024x491.jpg\" class=\"attachment-large size-large wp-image-16642\" alt=\"\" srcset=\"https:\/\/www.omni-biotic.com\/cs-cz\/wp-content\/uploads\/sites\/8\/2023\/07\/aktualni_studie_allergosan-1024x491.jpg 1024w, https:\/\/www.omni-biotic.com\/cs-cz\/wp-content\/uploads\/sites\/8\/2023\/07\/aktualni_studie_allergosan-300x144.jpg 300w, https:\/\/www.omni-biotic.com\/cs-cz\/wp-content\/uploads\/sites\/8\/2023\/07\/aktualni_studie_allergosan-768x368.jpg 768w, https:\/\/www.omni-biotic.com\/cs-cz\/wp-content\/uploads\/sites\/8\/2023\/07\/aktualni_studie_allergosan-1536x736.jpg 1536w, https:\/\/www.omni-biotic.com\/cs-cz\/wp-content\/uploads\/sites\/8\/2023\/07\/aktualni_studie_allergosan.jpg 1920w\" sizes=\"(max-width: 800px) 100vw, 800px\" title=\"\">\t\t\t\t\t\t\t\t\t\t\t\t\t\t\t<\/div>\n\t\t\t\t<\/div>\n\t\t\t\t<\/div>\n\t\t<div class=\"elementor-element elementor-element-3841701 e-con-full obcs none e-flex e-con e-child\" data-id=\"3841701\" data-element_type=\"container\">\n\t\t\t\t<div class=\"elementor-element elementor-element-f265b3c elementor-widget elementor-widget-heading\" data-id=\"f265b3c\" data-element_type=\"widget\" data-widget_type=\"heading.default\">\n\t\t\t\t<div class=\"elementor-widget-container\">\n\t\t\t\t\t<h3 class=\"elementor-heading-title elementor-size-default\">V\u00fdb\u011br bakteri\u00e1ln\u00edch kmen\u016f<\/h3>\t\t\t\t<\/div>\n\t\t\t\t<\/div>\n\t\t\t\t<div class=\"elementor-element elementor-element-c7530e1 elementor-widget elementor-widget-text-editor\" data-id=\"c7530e1\" data-element_type=\"widget\" data-widget_type=\"text-editor.default\">\n\t\t\t\t<div class=\"elementor-widget-container\">\n\t\t\t\t\t\t\t\t\t<p>Za prv\u00e9, p\u0159i <strong>v\u00fdb\u011bru bakteri\u00e1ln\u00edch kmen\u016f<\/strong> se db\u00e1 na to, aby se pou\u017e\u00edvaly pouze <strong>lidsk\u00e9 kmeny<\/strong>, tj. kmeny, je\u017e se p\u0159irozen\u011b vyskytuj\u00ed v lidsk\u00e9m st\u0159ev\u011b a jsou geneticky odoln\u00e9 v\u016f\u010di <strong>\u017ealude\u010dn\u00ed kyselin\u011b, \u017elu\u010dov\u00fdm kyselin\u00e1m a sekretu slinivky b\u0159i\u0161n\u00ed,<\/strong> kter\u00e9 <strong>ni\u010d\u00ed cizorod\u00e9 z\u00e1rodky<\/strong> v \u017ealudku a dvan\u00e1ctn\u00edku.<\/p>\t\t\t\t\t\t\t\t<\/div>\n\t\t\t\t<\/div>\n\t\t\t\t<div class=\"elementor-element elementor-element-29edd63 elementor-widget elementor-widget-heading\" data-id=\"29edd63\" data-element_type=\"widget\" data-widget_type=\"heading.default\">\n\t\t\t\t<div class=\"elementor-widget-container\">\n\t\t\t\t\t<h3 class=\"elementor-heading-title elementor-size-default\">Rehydratace v tekutin\u011b<\/h3>\t\t\t\t<\/div>\n\t\t\t\t<\/div>\n\t\t\t\t<div class=\"elementor-element elementor-element-2977118 elementor-widget elementor-widget-text-editor\" data-id=\"2977118\" data-element_type=\"widget\" data-widget_type=\"text-editor.default\">\n\t\t\t\t<div class=\"elementor-widget-container\">\n\t\t\t\t\t\t\t\t\t<p>Na druh\u00e9 stran\u011b jsou<strong> lyofilizovan\u00e9 bakteri\u00e1ln\u00ed kmeny OMNI-BiOTiC\u00ae<\/strong> <strong>intenzivn\u011b aktivov\u00e1ny a pos\u00edleny<\/strong> rehydratac\u00ed v tekutin\u011b (nap\u0159. ve sklenici vody) je\u0161t\u011b mimo t\u011blo, tak\u017ee mohou snadno p\u0159e\u017e\u00edt pr\u016fchod \u017ealudkem a okam\u017eit\u011b za\u010d\u00edt pracovat ve st\u0159ev\u011b.<\/p>\t\t\t\t\t\t\t\t<\/div>\n\t\t\t\t<\/div>\n\t\t\t\t<\/div>\n\t\t\t\t\t<\/div>\n\t\t\t\t<\/div>\n\t\t<div class=\"elementor-element elementor-element-f7a07f8 obcs none e-flex e-con-boxed e-con e-parent\" data-id=\"f7a07f8\" data-element_type=\"container\" data-settings=\"{&quot;background_background&quot;:&quot;classic&quot;,&quot;shape_divider_top&quot;:&quot;waves&quot;,&quot;shape_divider_bottom&quot;:&quot;waves&quot;}\">\n\t\t\t\t\t<div class=\"e-con-inner\">\n\t\t\t\t<div class=\"elementor-shape elementor-shape-top\" aria-hidden=\"true\" data-negative=\"false\">\n\t\t\t<svg xmlns=\"http:\/\/www.w3.org\/2000\/svg\" viewBox=\"0 0 1000 100\" preserveAspectRatio=\"none\">\n\t<path class=\"elementor-shape-fill\" d=\"M421.9,6.5c22.6-2.5,51.5,0.4,75.5,5.3c23.6,4.9,70.9,23.5,100.5,35.7c75.8,32.2,133.7,44.5,192.6,49.7\n\tc23.6,2.1,48.7,3.5,103.4-2.5c54.7-6,106.2-25.6,106.2-25.6V0H0v30.3c0,0,72,32.6,158.4,30.5c39.2-0.7,92.8-6.7,134-22.4\n\tc21.2-8.1,52.2-18.2,79.7-24.2C399.3,7.9,411.6,7.5,421.9,6.5z\"\/>\n<\/svg>\t\t<\/div>\n\t\t\t\t<div class=\"elementor-shape elementor-shape-bottom\" aria-hidden=\"true\" data-negative=\"false\">\n\t\t\t<svg xmlns=\"http:\/\/www.w3.org\/2000\/svg\" viewBox=\"0 0 1000 100\" preserveAspectRatio=\"none\">\n\t<path class=\"elementor-shape-fill\" d=\"M421.9,6.5c22.6-2.5,51.5,0.4,75.5,5.3c23.6,4.9,70.9,23.5,100.5,35.7c75.8,32.2,133.7,44.5,192.6,49.7\n\tc23.6,2.1,48.7,3.5,103.4-2.5c54.7-6,106.2-25.6,106.2-25.6V0H0v30.3c0,0,72,32.6,158.4,30.5c39.2-0.7,92.8-6.7,134-22.4\n\tc21.2-8.1,52.2-18.2,79.7-24.2C399.3,7.9,411.6,7.5,421.9,6.5z\"\/>\n<\/svg>\t\t<\/div>\n\t\t\t\t<div class=\"elementor-element elementor-element-7f0da92 elementor-widget elementor-widget-text-editor\" data-id=\"7f0da92\" data-element_type=\"widget\" data-widget_type=\"text-editor.default\">\n\t\t\t\t<div class=\"elementor-widget-container\">\n\t\t\t\t\t\t\t\t\t<p>Dnes nalezneme na trhu ji\u017e<strong> 16 r\u016fzn\u00fdch produkt\u016f OMNi-BiOTiC\u00ae<\/strong> pro &#8222;dobr\u00fd pocit zevnit\u0159&#8220;. V z\u00e1vislosti na <strong>slo\u017een\u00ed st\u0159evn\u00ed mikrofl\u00f3ry<\/strong> a p\u0159\u00edznac\u00edch jsou toti\u017e r\u016fzn\u00e9 <strong>kombinace bakteri\u00ed<\/strong> ide\u00e1ln\u00ed volbou pro dosa\u017een\u00ed co <strong>nejlep\u0161\u00edch v\u00fdsledk\u016f<\/strong> a pos\u00edlen\u00ed <strong>st\u0159eva<\/strong> coby na\u0161eho celkov\u00e9ho <strong>centra zdrav\u00ed.<\/strong><\/p>\t\t\t\t\t\t\t\t<\/div>\n\t\t\t\t<\/div>\n\t\t\t\t\t<\/div>\n\t\t\t\t<\/div>\n\t\t\t\t<\/div>\n\t\t","protected":false},"excerpt":{"rendered":"<p>OMNi-BiOTiC\u00ae \u2212 Pro ka\u017edodenn\u00ed dobr\u00fd pocit zevnit\u0159 Dobr\u00fd den za\u010d\u00edn\u00e1 s OMNi-BiOTiC\u00ae &#8211; jak ostatn\u011b tak\u00e9 potvrzuj\u00ed miliony spokojen\u00fdch z\u00e1kazn\u00edk\u016f, kter\u00fdm produkty OMNi-BiOTiC\u00ae dod\u00e1vaj\u00ed &#8222;dobr\u00fd pocit zevnit\u0159&#8220; ka\u017ed\u00fd den. Home Obsah P\u0159\u00edb\u011bh o \u00fasp\u011bchu t\u00e9to probiotick\u00e9 zna\u010dky za\u010dal p\u0159ed v\u00edce ne\u017e 30 lety, kdy mnohokr\u00e1t ocen\u011bn\u00e1 odbornice na st\u0159eva a zakladatelka Institutu AllergoSan prof. Anita [&hellip;]<\/p>\n","protected":false},"author":3,"featured_media":0,"parent":65,"menu_order":20,"comment_status":"closed","ping_status":"closed","template":"","meta":{"_acf_changed":false,"inline_featured_image":false,"footnotes":""},"class_list":["post-67","page","type-page","status-publish","hentry"],"acf":[],"_links":{"self":[{"href":"https:\/\/www.omni-biotic.com\/cs-cz\/wp-json\/wp\/v2\/pages\/67","targetHints":{"allow":["GET"]}}],"collection":[{"href":"https:\/\/www.omni-biotic.com\/cs-cz\/wp-json\/wp\/v2\/pages"}],"about":[{"href":"https:\/\/www.omni-biotic.com\/cs-cz\/wp-json\/wp\/v2\/types\/page"}],"author":[{"embeddable":true,"href":"https:\/\/www.omni-biotic.com\/cs-cz\/wp-json\/wp\/v2\/users\/3"}],"replies":[{"embeddable":true,"href":"https:\/\/www.omni-biotic.com\/cs-cz\/wp-json\/wp\/v2\/comments?post=67"}],"version-history":[{"count":7,"href":"https:\/\/www.omni-biotic.com\/cs-cz\/wp-json\/wp\/v2\/pages\/67\/revisions"}],"predecessor-version":[{"id":19318,"href":"https:\/\/www.omni-biotic.com\/cs-cz\/wp-json\/wp\/v2\/pages\/67\/revisions\/19318"}],"up":[{"embeddable":true,"href":"https:\/\/www.omni-biotic.com\/cs-cz\/wp-json\/wp\/v2\/pages\/65"}],"wp:attachment":[{"href":"https:\/\/www.omni-biotic.com\/cs-cz\/wp-json\/wp\/v2\/media?parent=67"}],"curies":[{"name":"wp","href":"https:\/\/api.w.org\/{rel}","templated":true}]}}