{"id":93,"date":"2022-03-07T10:07:28","date_gmt":"2022-03-07T09:07:28","guid":{"rendered":"https:\/\/www.omni-biotic.com\/ueber-uns\/forschung-entwicklung\/studienspiegel\/"},"modified":"2025-02-18T11:08:59","modified_gmt":"2025-02-18T10:08:59","slug":"kriteria-kvality","status":"publish","type":"page","link":"https:\/\/www.omni-biotic.com\/cs-cz\/o-nas\/vyzkum-a-vyvoj\/kriteria-kvality\/","title":{"rendered":"Krit\u00e9ria kvality"},"content":{"rendered":"\t\t<div data-elementor-type=\"wp-page\" data-elementor-id=\"93\" class=\"elementor elementor-93\" data-elementor-post-type=\"page\">\n\t\t\t\t<div class=\"elementor-element elementor-element-b4064cc e-con-full obcs none e-flex e-con e-parent\" data-id=\"b4064cc\" data-element_type=\"container\" data-settings=\"{&quot;background_background&quot;:&quot;classic&quot;,&quot;shape_divider_bottom&quot;:&quot;waves&quot;}\">\n\t\t\t\t<div class=\"elementor-shape elementor-shape-bottom\" aria-hidden=\"true\" data-negative=\"false\">\n\t\t\t<svg xmlns=\"http:\/\/www.w3.org\/2000\/svg\" viewBox=\"0 0 1000 100\" preserveAspectRatio=\"none\">\n\t<path class=\"elementor-shape-fill\" d=\"M421.9,6.5c22.6-2.5,51.5,0.4,75.5,5.3c23.6,4.9,70.9,23.5,100.5,35.7c75.8,32.2,133.7,44.5,192.6,49.7\n\tc23.6,2.1,48.7,3.5,103.4-2.5c54.7-6,106.2-25.6,106.2-25.6V0H0v30.3c0,0,72,32.6,158.4,30.5c39.2-0.7,92.8-6.7,134-22.4\n\tc21.2-8.1,52.2-18.2,79.7-24.2C399.3,7.9,411.6,7.5,421.9,6.5z\"\/>\n<\/svg>\t\t<\/div>\n\t\t\t\t<div class=\"elementor-element elementor-element-0364fdd elementor-absolute elementor-hidden-mobile elementor-align-center elementor-widget elementor-widget-lottie\" data-id=\"0364fdd\" data-element_type=\"widget\" data-settings=\"{&quot;source_json&quot;:{&quot;url&quot;:&quot;https:\\\/\\\/www.omni-biotic.com\\\/cs-cz\\\/wp-content\\\/uploads\\\/sites\\\/8\\\/2022\\\/08\\\/lf30_editor_s5uwdgjh.json&quot;,&quot;id&quot;:&quot;7733&quot;,&quot;size&quot;:&quot;&quot;,&quot;alt&quot;:&quot;&quot;,&quot;source&quot;:&quot;library&quot;},&quot;loop&quot;:&quot;yes&quot;,&quot;play_speed&quot;:{&quot;unit&quot;:&quot;px&quot;,&quot;size&quot;:&quot;0.3&quot;,&quot;sizes&quot;:[]},&quot;_position&quot;:&quot;absolute&quot;,&quot;source&quot;:&quot;media_file&quot;,&quot;caption_source&quot;:&quot;none&quot;,&quot;link_to&quot;:&quot;none&quot;,&quot;trigger&quot;:&quot;arriving_to_viewport&quot;,&quot;viewport&quot;:{&quot;unit&quot;:&quot;%&quot;,&quot;size&quot;:&quot;&quot;,&quot;sizes&quot;:{&quot;start&quot;:0,&quot;end&quot;:100}},&quot;start_point&quot;:{&quot;unit&quot;:&quot;%&quot;,&quot;size&quot;:0,&quot;sizes&quot;:[]},&quot;end_point&quot;:{&quot;unit&quot;:&quot;%&quot;,&quot;size&quot;:100,&quot;sizes&quot;:[]},&quot;renderer&quot;:&quot;svg&quot;}\" data-widget_type=\"lottie.default\">\n\t\t\t\t<div class=\"elementor-widget-container\">\n\t\t\t\t\t<div class=\"e-lottie__container\"><div class=\"e-lottie__animation\"><\/div><\/div>\t\t\t\t<\/div>\n\t\t\t\t<\/div>\n\t\t<div class=\"elementor-element elementor-element-40f8579 e-con-full obcs none e-flex e-con e-child\" data-id=\"40f8579\" data-element_type=\"container\" data-settings=\"{&quot;background_background&quot;:&quot;gradient&quot;}\">\n\t\t\t\t<div class=\"elementor-element elementor-element-c445087 elementor-widget elementor-widget-heading\" data-id=\"c445087\" data-element_type=\"widget\" data-widget_type=\"heading.default\">\n\t\t\t\t<div class=\"elementor-widget-container\">\n\t\t\t\t\t<h1 class=\"elementor-heading-title elementor-size-default\">Krit\u00e9ria kvality l\u00e9ka\u0159sky v\u00fdznamn\u00fdch probiotick\u00fdch p\u0159\u00edpravk\u016f<\/h1>\t\t\t\t<\/div>\n\t\t\t\t<\/div>\n\t\t\t\t<div class=\"elementor-element elementor-element-70eea1e elementor-widget-divider--view-line elementor-widget elementor-widget-divider\" data-id=\"70eea1e\" data-element_type=\"widget\" data-widget_type=\"divider.default\">\n\t\t\t\t<div class=\"elementor-widget-container\">\n\t\t\t\t\t\t\t<div class=\"elementor-divider\">\n\t\t\t<span class=\"elementor-divider-separator\">\n\t\t\t\t\t\t<\/span>\n\t\t<\/div>\n\t\t\t\t\t\t<\/div>\n\t\t\t\t<\/div>\n\t\t\t\t<div class=\"elementor-element elementor-element-7763098 elementor-widget elementor-widget-text-editor\" data-id=\"7763098\" data-element_type=\"widget\" data-widget_type=\"text-editor.default\">\n\t\t\t\t<div class=\"elementor-widget-container\">\n\t\t\t\t\t\t\t\t\t<p>Dle krit\u00e9ri\u00ed WHO, WGO, FDA a\u00a0 OePROM<\/p>\t\t\t\t\t\t\t\t<\/div>\n\t\t\t\t<\/div>\n\t\t\t\t<\/div>\n\t\t\t\t<\/div>\n\t\t<div class=\"elementor-element elementor-element-0592e55 obcs none e-flex e-con-boxed e-con e-parent\" data-id=\"0592e55\" data-element_type=\"container\">\n\t\t\t\t\t<div class=\"e-con-inner\">\n\t\t<div class=\"elementor-element elementor-element-3042efd e-con-full obcs none e-flex e-con e-child\" data-id=\"3042efd\" data-element_type=\"container\">\n\t\t\t\t<div class=\"elementor-element elementor-element-3bf6081 elementor-align-left elementor-widget__width-initial elementor-widget elementor-widget-breadcrumbs\" data-id=\"3bf6081\" data-element_type=\"widget\" data-widget_type=\"breadcrumbs.default\">\n\t\t\t\t<div class=\"elementor-widget-container\">\n\t\t\t\t\t<span><span class=\"last\">Home<\/span><\/span>\t\t\t\t<\/div>\n\t\t\t\t<\/div>\n\t\t\t\t<\/div>\n\t\t<div class=\"elementor-element elementor-element-2879ba4 e-con-full obcs none e-flex e-con e-child\" data-id=\"2879ba4\" data-element_type=\"container\">\n\t\t\t\t<div class=\"elementor-element elementor-element-ab26e97 elementor-toc--minimized-on-desktop elementor-widget elementor-widget-table-of-contents\" data-id=\"ab26e97\" data-element_type=\"widget\" data-settings=\"{&quot;exclude_headings_by_selector&quot;:[],&quot;minimized_on&quot;:&quot;desktop&quot;,&quot;no_headings_message&quot;:&quot;No headings were found on this page.&quot;,&quot;headings_by_tags&quot;:[&quot;h2&quot;,&quot;h3&quot;,&quot;h4&quot;,&quot;h5&quot;,&quot;h6&quot;],&quot;marker_view&quot;:&quot;numbers&quot;,&quot;minimize_box&quot;:&quot;yes&quot;,&quot;hierarchical_view&quot;:&quot;yes&quot;,&quot;min_height&quot;:{&quot;unit&quot;:&quot;px&quot;,&quot;size&quot;:&quot;&quot;,&quot;sizes&quot;:[]},&quot;min_height_tablet&quot;:{&quot;unit&quot;:&quot;px&quot;,&quot;size&quot;:&quot;&quot;,&quot;sizes&quot;:[]},&quot;min_height_mobile&quot;:{&quot;unit&quot;:&quot;px&quot;,&quot;size&quot;:&quot;&quot;,&quot;sizes&quot;:[]}}\" data-widget_type=\"table-of-contents.default\">\n\t\t\t\t<div class=\"elementor-widget-container\">\n\t\t\t\t\t\t\t\t\t<div class=\"elementor-toc__header\">\n\t\t\t\t\t\t<h4 class=\"elementor-toc__header-title\">\n\t\t\t\tObsah\t\t\t<\/h4>\n\t\t\t\t\t\t\t\t\t\t<div class=\"elementor-toc__toggle-button elementor-toc__toggle-button--expand\" role=\"button\" tabindex=\"0\" aria-controls=\"elementor-toc__ab26e97\" aria-expanded=\"true\" aria-label=\"Open table of contents\"><i aria-hidden=\"true\" class=\"fas fa-chevron-down\"><\/i><\/div>\n\t\t\t\t<div class=\"elementor-toc__toggle-button elementor-toc__toggle-button--collapse\" role=\"button\" tabindex=\"0\" aria-controls=\"elementor-toc__ab26e97\" aria-expanded=\"true\" aria-label=\"Close table of contents\"><i aria-hidden=\"true\" class=\"fas fa-chevron-up\"><\/i><\/div>\n\t\t\t\t\t<\/div>\n\t\t\t\t<div id=\"elementor-toc__ab26e97\" class=\"elementor-toc__body\">\n\t\t\t<div class=\"elementor-toc__spinner-container\">\n\t\t\t\t<i class=\"elementor-toc__spinner eicon-animation-spin eicon-loading\" aria-hidden=\"true\"><\/i>\t\t\t<\/div>\n\t\t<\/div>\n\t\t\t\t\t\t<\/div>\n\t\t\t\t<\/div>\n\t\t\t\t<\/div>\n\t\t\t\t\t<\/div>\n\t\t\t\t<\/div>\n\t\t<div class=\"elementor-element elementor-element-fc9e2e6 obcs none e-flex e-con-boxed e-con e-parent\" data-id=\"fc9e2e6\" data-element_type=\"container\">\n\t\t\t\t\t<div class=\"e-con-inner\">\n\t\t\t\t<div class=\"elementor-element elementor-element-dc79628 elementor-widget elementor-widget-heading\" data-id=\"dc79628\" data-element_type=\"widget\" data-widget_type=\"heading.default\">\n\t\t\t\t<div class=\"elementor-widget-container\">\n\t\t\t\t\t<h2 class=\"elementor-heading-title elementor-size-default\">1. Bezpe\u010dnost<\/h2>\t\t\t\t<\/div>\n\t\t\t\t<\/div>\n\t\t\t\t<div class=\"elementor-element elementor-element-18b53a7 elementor-widget elementor-widget-text-editor\" data-id=\"18b53a7\" data-element_type=\"widget\" data-widget_type=\"text-editor.default\">\n\t\t\t\t<div class=\"elementor-widget-container\">\n\t\t\t\t\t\t\t\t\t<p>V\u0161echny pou\u017eit\u00e9 bakteri\u00e1ln\u00ed kmeny mus\u00ed m\u00edt status GRAS, QPS nebo srovnateln\u00e9 bezpe\u010dnostn\u00ed standardy, co\u017e znamen\u00e1 nejvy\u0161\u0161\u00ed bezpe\u010dnost pro lidsk\u00fd p\u0159\u00edjem a absenci vedlej\u0161\u00edch \u00fa\u010dink\u016f i p\u0159i dlouhodob\u00e9m u\u017e\u00edv\u00e1n\u00ed.<\/p>\t\t\t\t\t\t\t\t<\/div>\n\t\t\t\t<\/div>\n\t\t\t\t<div class=\"elementor-element elementor-element-c16c740 elementor-widget elementor-widget-heading\" data-id=\"c16c740\" data-element_type=\"widget\" data-widget_type=\"heading.default\">\n\t\t\t\t<div class=\"elementor-widget-container\">\n\t\t\t\t\t<h2 class=\"elementor-heading-title elementor-size-default\">2. Po\u010det bakteri\u00ed<\/h2>\t\t\t\t<\/div>\n\t\t\t\t<\/div>\n\t\t\t\t<div class=\"elementor-element elementor-element-0e272da elementor-widget elementor-widget-text-editor\" data-id=\"0e272da\" data-element_type=\"widget\" data-widget_type=\"text-editor.default\">\n\t\t\t\t<div class=\"elementor-widget-container\">\n\t\t\t\t\t\t\t\t\t<p>Minim\u00e1ln\u011b 10\u2079<span style=\"color: var( --e-global-color-text );font-family: var( --e-global-typography-text-font-family ), -apple-system,BlinkMacSystemFont,Segoe UI,Roboto,Helvetica Neue,Arial,Noto Sans,sans-serif;font-size: var( --e-global-typography-text-font-size );font-style: var( --e-global-typography-text-font-style );font-weight: var( --e-global-typography-text-font-weight );letter-spacing: var( --e-global-typography-text-letter-spacing );text-transform: var( --e-global-typography-text-text-transform );text-align: var(--text-align);background-color: inherit\">\u00a0CFU (= 1 miliarda mikroorganism\u016f na gram pr\u00e1\u0161ku). To znamen\u00e1, \u017ee se n\u00e1m dostane relevantn\u00edho mno\u017estv\u00ed \u017eivotaschopn\u00fdch bakteri\u00ed.<\/span><\/p>\t\t\t\t\t\t\t\t<\/div>\n\t\t\t\t<\/div>\n\t\t\t\t<div class=\"elementor-element elementor-element-898ada8 elementor-widget elementor-widget-heading\" data-id=\"898ada8\" data-element_type=\"widget\" data-widget_type=\"heading.default\">\n\t\t\t\t<div class=\"elementor-widget-container\">\n\t\t\t\t\t<h2 class=\"elementor-heading-title elementor-size-default\">3. Aktivita a \u017eivotaschopnost<\/h2>\t\t\t\t<\/div>\n\t\t\t\t<\/div>\n\t\t\t\t<div class=\"elementor-element elementor-element-5f0ab1b elementor-widget elementor-widget-text-editor\" data-id=\"5f0ab1b\" data-element_type=\"widget\" data-widget_type=\"text-editor.default\">\n\t\t\t\t<div class=\"elementor-widget-container\">\n\t\t\t\t\t\t\t\t\t<p>Probiotick\u00e9 bakterie jsou nejaktivn\u011bj\u0161\u00ed 24 hodin pot\u00e9, co byly rehydratov\u00e1ny a znovu vyvinuly svou aktivitu. V p\u0159\u00edpad\u011b jogurt\u016f k tomu doch\u00e1z\u00ed je\u0161t\u011b v ml\u00e9k\u00e1rn\u011b, kde se z ml\u00e9ka vytv\u00e1\u0159\u00ed kyselina ml\u00e9\u010dn\u00e1, ale v p\u0159\u00edpad\u011b su\u0161en\u00fdch granul\u00e1t\u016f k tomu doch\u00e1z\u00ed a\u017e v lidsk\u00e9m t\u011ble, kde bakterie aktivn\u011b vyu\u017e\u00edvaj\u00ed sv\u00e9 schopnosti a prosp\u00edvaj\u00ed t\u00edm na\u0161emu zdrav\u00ed.<\/p>\t\t\t\t\t\t\t\t<\/div>\n\t\t\t\t<\/div>\n\t\t\t\t<div class=\"elementor-element elementor-element-6da86d7 elementor-widget elementor-widget-heading\" data-id=\"6da86d7\" data-element_type=\"widget\" data-widget_type=\"heading.default\">\n\t\t\t\t<div class=\"elementor-widget-container\">\n\t\t\t\t\t<h2 class=\"elementor-heading-title elementor-size-default\">4. Schopnost rozmno\u017eov\u00e1n\u00ed<\/h2>\t\t\t\t<\/div>\n\t\t\t\t<\/div>\n\t\t\t\t<div class=\"elementor-element elementor-element-bce6031 elementor-widget elementor-widget-text-editor\" data-id=\"bce6031\" data-element_type=\"widget\" data-widget_type=\"text-editor.default\">\n\t\t\t\t<div class=\"elementor-widget-container\">\n\t\t\t\t\t\t\t\t\t<p>Prokazateln\u00e9 mno\u017een\u00ed a kolonizace st\u0159ev probiotick\u00fdmi mikroorganismy i pot\u00e9, co je p\u0159estaneme u\u017e\u00edvat, bylo zat\u00edm prok\u00e1z\u00e1no pouze u n\u011bkolika m\u00e1lo produkt\u016f, proto\u017ee u bakteri\u00ed je mo\u017en\u00e9 zaznamenat a dokumentovat pouze rozmno\u017eov\u00e1n\u00ed ve velk\u00e9m mno\u017estv\u00ed. D\u016fkazy o t\u00e9to schopnosti na\u0161ich produkt\u016f OMNi-BiOTiC\u00ae PANDA, OMNi-BiOTiC\u00ae 10 a OMNi-BiOTiC\u00ae SR-9 byly zve\u0159ejn\u011bny v mnoha v\u011bdeck\u00fdch publikac\u00edch.<\/p>\t\t\t\t\t\t\t\t<\/div>\n\t\t\t\t<\/div>\n\t\t\t\t<div class=\"elementor-element elementor-element-0be395b elementor-widget elementor-widget-heading\" data-id=\"0be395b\" data-element_type=\"widget\" data-widget_type=\"heading.default\">\n\t\t\t\t<div class=\"elementor-widget-container\">\n\t\t\t\t\t<h2 class=\"elementor-heading-title elementor-size-default\">5. Odolnost v\u016f\u010di \u017ealude\u010dn\u00edm a \u017elu\u010dov\u00fdm kyselin\u00e1m<\/h2>\t\t\t\t<\/div>\n\t\t\t\t<\/div>\n\t\t\t\t<div class=\"elementor-element elementor-element-a23ee02 elementor-widget elementor-widget-text-editor\" data-id=\"a23ee02\" data-element_type=\"widget\" data-widget_type=\"text-editor.default\">\n\t\t\t\t<div class=\"elementor-widget-container\">\n\t\t\t\t\t\t\t\t\t<p>Z\u00e1sadn\u00ed je stabilita a odolnost mikroorganism\u016f v\u016f\u010di kyselin\u00e1m. Jako nejlep\u0161\u00ed metoda se prok\u00e1zalo o\u017eiven\u00ed lyofilizovan\u00fdch bakteri\u00ed mimo t\u011blo v neutr\u00e1ln\u00ed tekutin\u011b. Zde z\u00edskaj\u00ed bakterie sv\u00e9 prvn\u00ed \u017eiviny a pos\u00edl\u00ed se tak p\u0159ed n\u011bkolikahodinov\u00fdm pr\u016fchodem \u017ealudkem, kde mus\u00ed \u010delit \u017ealude\u010dn\u00edm kyselin\u00e1m, \u017elu\u010di a sekretu slinivky b\u0159i\u0161n\u00ed.<\/p>\t\t\t\t\t\t\t\t<\/div>\n\t\t\t\t<\/div>\n\t\t\t\t<div class=\"elementor-element elementor-element-0baf554 elementor-widget elementor-widget-heading\" data-id=\"0baf554\" data-element_type=\"widget\" data-widget_type=\"heading.default\">\n\t\t\t\t<div class=\"elementor-widget-container\">\n\t\t\t\t\t<h2 class=\"elementor-heading-title elementor-size-default\">6. Stabilita p\u0159i pokojov\u00e9 teplot\u011b<\/h2>\t\t\t\t<\/div>\n\t\t\t\t<\/div>\n\t\t\t\t<div class=\"elementor-element elementor-element-319bfb3 elementor-widget elementor-widget-text-editor\" data-id=\"319bfb3\" data-element_type=\"widget\" data-widget_type=\"text-editor.default\">\n\t\t\t\t<div class=\"elementor-widget-container\">\n\t\t\t\t\t\t\t\t\t<p>Relevantn\u00ed nen\u00ed po\u010det bakteri\u00ed v dob\u011b produkce, n\u00fdbr\u017e kdy\u017e je produkt p\u0159ipraven k prodeji. Bakterie odum\u00edraj\u00ed ji\u017e po n\u011bkolika dnech, pokud jim z prost\u0159ed\u00ed nejsou poskytnuty optim\u00e1ln\u00ed \u017eivotn\u00ed podm\u00ednky. Produkty OMNi-BiOTiC\u00ae jsou pr\u016fb\u011b\u017en\u011b analyzov\u00e1ny, aby byla prokazateln\u011b zaru\u010dena jejich 24m\u011bs\u00ed\u010dn\u00ed stabilita p\u0159i pokojov\u00e9 teplot\u011b.<\/p>\t\t\t\t\t\t\t\t<\/div>\n\t\t\t\t<\/div>\n\t\t\t\t<div class=\"elementor-element elementor-element-2505fa3 elementor-widget elementor-widget-heading\" data-id=\"2505fa3\" data-element_type=\"widget\" data-widget_type=\"heading.default\">\n\t\t\t\t<div class=\"elementor-widget-container\">\n\t\t\t\t\t<h2 class=\"elementor-heading-title elementor-size-default\">7. Ide\u00e1ln\u00ed prost\u0159ed\u00ed<\/h2>\t\t\t\t<\/div>\n\t\t\t\t<\/div>\n\t\t\t\t<div class=\"elementor-element elementor-element-f136f5c elementor-widget elementor-widget-text-editor\" data-id=\"f136f5c\" data-element_type=\"widget\" data-widget_type=\"text-editor.default\">\n\t\t\t\t<div class=\"elementor-widget-container\">\n\t\t\t\t\t\t\t\t\t<p>Optim\u00e1ln\u00ed hodnota pH v tenk\u00e9m st\u0159ev\u011b je 4,0-5,5. P\u0159i t\u00e9to hodnot\u011b se optim\u00e1ln\u011b mno\u017e\u00ed u\u017eite\u010dn\u00e9 bakterie, zat\u00edmco patogenn\u00ed bakterie nikoli. Proto by probiotika m\u011bla obsahovat mikroorganismy, kter\u00e9 mohou sn\u00ed\u017eit hodnotu pH pat\u0159i\u010dnou tvorbou kyseliny ml\u00e9\u010dn\u00e9.<\/p>\t\t\t\t\t\t\t\t<\/div>\n\t\t\t\t<\/div>\n\t\t\t\t<div class=\"elementor-element elementor-element-9680788 elementor-widget elementor-widget-heading\" data-id=\"9680788\" data-element_type=\"widget\" data-widget_type=\"heading.default\">\n\t\t\t\t<div class=\"elementor-widget-container\">\n\t\t\t\t\t<h2 class=\"elementor-heading-title elementor-size-default\">8. V\u00edcedruhov\u00e9 slo\u017een\u00ed symbiotick\u00fdch bakteri\u00e1ln\u00edch kmen\u016f<\/h2>\t\t\t\t<\/div>\n\t\t\t\t<\/div>\n\t\t\t\t<div class=\"elementor-element elementor-element-45f07e4 elementor-widget elementor-widget-text-editor\" data-id=\"45f07e4\" data-element_type=\"widget\" data-widget_type=\"text-editor.default\">\n\t\t\t\t<div class=\"elementor-widget-container\">\n\t\t\t\t\t\t\t\t\t<p>V\u011bdeck\u00e9 d\u016fkazy ukazuj\u00ed, \u017ee c\u00edlen\u00e1 kombinace n\u011bkolika bakteri\u00e1ln\u00edch kmen\u016f je v\u00fdhodn\u011bj\u0161\u00ed pro r\u016fzn\u00e9 druhy aplikace ne\u017e pod\u00e1v\u00e1n\u00ed pouze jednoho kmene. Potenci\u00e1l jednotliv\u00fdch kmen\u016f lze d\u00e1le zv\u00fd\u0161it c\u00edlenou kombinac\u00ed ve v\u00edcedruhov\u00fdch formulac\u00edch.<\/p>\t\t\t\t\t\t\t\t<\/div>\n\t\t\t\t<\/div>\n\t\t\t\t<div class=\"elementor-element elementor-element-479d272 elementor-widget elementor-widget-heading\" data-id=\"479d272\" data-element_type=\"widget\" data-widget_type=\"heading.default\">\n\t\t\t\t<div class=\"elementor-widget-container\">\n\t\t\t\t\t<h2 class=\"elementor-heading-title elementor-size-default\">9. Synergie bakteri\u00e1ln\u00edch kmen\u016f<\/h2>\t\t\t\t<\/div>\n\t\t\t\t<\/div>\n\t\t\t\t<div class=\"elementor-element elementor-element-4ceea69 elementor-widget elementor-widget-text-editor\" data-id=\"4ceea69\" data-element_type=\"widget\" data-widget_type=\"text-editor.default\">\n\t\t\t\t<div class=\"elementor-widget-container\">\n\t\t\t\t\t\t\t\t\t<p>Ne v\u0161echny bakteri\u00e1ln\u00ed kmeny spolu vych\u00e1zej\u00ed dob\u0159e. N\u011bkter\u00e9 kmeny si mohou konkurovat (nap\u0159. v boji o potravu), proto mus\u00ed b\u00fdt synergie sm\u00ed\u0161en\u00fdch bakteri\u00e1ln\u00edch p\u0159\u00edpravk\u016f prok\u00e1z\u00e1na tzv. metodou &#8222;cross streak&#8220;, p\u0159\u00edpadn\u011b by m\u011bly b\u00fdt k dispozici studie o vz\u00e1jemn\u00e9 \u00fa\u010dinnosti.<\/p>\t\t\t\t\t\t\t\t<\/div>\n\t\t\t\t<\/div>\n\t\t\t\t<div class=\"elementor-element elementor-element-e21861d elementor-widget elementor-widget-heading\" data-id=\"e21861d\" data-element_type=\"widget\" data-widget_type=\"heading.default\">\n\t\t\t\t<div class=\"elementor-widget-container\">\n\t\t\t\t\t<h2 class=\"elementor-heading-title elementor-size-default\">10. Bez cukru, lepku a \u017eivo\u010di\u0161n\u00fdch b\u00edlkovin<\/h2>\t\t\t\t<\/div>\n\t\t\t\t<\/div>\n\t\t\t\t<div class=\"elementor-element elementor-element-bbe5842 elementor-widget elementor-widget-text-editor\" data-id=\"bbe5842\" data-element_type=\"widget\" data-widget_type=\"text-editor.default\">\n\t\t\t\t<div class=\"elementor-widget-container\">\n\t\t\t\t\t\t\t\t\t<p>Abychom p\u0159ede\u0161li potravinov\u00fdm intoleranc\u00edm.<\/p>\t\t\t\t\t\t\t\t<\/div>\n\t\t\t\t<\/div>\n\t\t\t\t<div class=\"elementor-element elementor-element-67cec27 elementor-widget elementor-widget-heading\" data-id=\"67cec27\" data-element_type=\"widget\" data-widget_type=\"heading.default\">\n\t\t\t\t<div class=\"elementor-widget-container\">\n\t\t\t\t\t<h2 class=\"elementor-heading-title elementor-size-default\">11. Matrix<\/h2>\t\t\t\t<\/div>\n\t\t\t\t<\/div>\n\t\t\t\t<div class=\"elementor-element elementor-element-2b53f9e elementor-widget elementor-widget-text-editor\" data-id=\"2b53f9e\" data-element_type=\"widget\" data-widget_type=\"text-editor.default\">\n\t\t\t\t<div class=\"elementor-widget-container\">\n\t\t\t\t\t\t\t\t\t<p>Ke zv\u00fd\u0161en\u00ed aktivity bakteri\u00ed a jejich rozmno\u017eovac\u00edch schopnost\u00ed jsou p\u0159id\u00e1ny enzymy, vl\u00e1kninu a miner\u00e1ln\u00ed l\u00e1tky. T\u00edm se zv\u00fd\u0161\u00ed produkce hlenu st\u0159evn\u00ed sliznice a adhezivita p\u0159idan\u00e9 kombinace bakteri\u00ed.<\/p>\t\t\t\t\t\t\t\t<\/div>\n\t\t\t\t<\/div>\n\t\t\t\t<div class=\"elementor-element elementor-element-908ecdb elementor-widget elementor-widget-heading\" data-id=\"908ecdb\" data-element_type=\"widget\" data-widget_type=\"heading.default\">\n\t\t\t\t<div class=\"elementor-widget-container\">\n\t\t\t\t\t<h2 class=\"elementor-heading-title elementor-size-default\">12. Studie o \u00fa\u010dinnosti<\/h2>\t\t\t\t<\/div>\n\t\t\t\t<\/div>\n\t\t\t\t<div class=\"elementor-element elementor-element-cb4e56e elementor-widget elementor-widget-text-editor\" data-id=\"cb4e56e\" data-element_type=\"widget\" data-widget_type=\"text-editor.default\">\n\t\t\t\t<div class=\"elementor-widget-container\">\n\t\t\t\t\t\t\t\t\t<p>\u00da\u010dinnost probiotik by m\u011bla b\u00fdt dolo\u017eena v\u011bdeck\u00fdmi studiemi na lidech.<\/p><p>\u00a0<\/p>\t\t\t\t\t\t\t\t<\/div>\n\t\t\t\t<\/div>\n\t\t\t\t\t<\/div>\n\t\t\t\t<\/div>\n\t\t<div class=\"elementor-element elementor-element-77bef66 obcs none e-flex e-con-boxed e-con e-parent\" data-id=\"77bef66\" data-element_type=\"container\">\n\t\t\t\t\t<div class=\"e-con-inner\">\n\t\t\t\t<div class=\"elementor-element elementor-element-d602cc5 elementor-widget elementor-widget-infobox\" data-id=\"d602cc5\" data-element_type=\"widget\" data-widget_type=\"infobox.default\">\n\t\t\t\t<div class=\"elementor-widget-container\">\n\t\t\t\t\t\n<div class=\"li-widgets--infobox magenta highlights-always-magenta\">\n\n    <div class=\"li-widgets--infobox__icon\">\n        <i aria-hidden=\"true\" class=\"fas fa-info-circle\"><\/i>    <\/div>\n    <div class=\"li-widgets--infobox__text\">\n        <p>V\u00fdrobky OMNi-BiOTiC\u00ae spl\u0148uj\u00ed v\u0161echna tato krit\u00e9ria kvality a skl\u00e1daj\u00ed se v\u00fdhradn\u011b z bakteri\u00e1ln\u00edch kultur p\u0159irozen\u011b se vyskytuj\u00edc\u00edch v lidsk\u00e9m t\u011ble.<\/p>    <\/div>\n    <div class=\"li-widgets--infobox__text-body\">\n            <\/div>\n\n    \n<\/div>\n\t\t\t\t<\/div>\n\t\t\t\t<\/div>\n\t\t\t\t\t<\/div>\n\t\t\t\t<\/div>\n\t\t\t\t<\/div>\n\t\t","protected":false},"excerpt":{"rendered":"<p>Krit\u00e9ria kvality l\u00e9ka\u0159sky v\u00fdznamn\u00fdch probiotick\u00fdch p\u0159\u00edpravk\u016f Dle krit\u00e9ri\u00ed WHO, WGO, FDA a\u00a0 OePROM Home Obsah 1. Bezpe\u010dnost V\u0161echny pou\u017eit\u00e9 bakteri\u00e1ln\u00ed kmeny mus\u00ed m\u00edt status GRAS, QPS nebo srovnateln\u00e9 bezpe\u010dnostn\u00ed standardy, co\u017e znamen\u00e1 nejvy\u0161\u0161\u00ed bezpe\u010dnost pro lidsk\u00fd p\u0159\u00edjem a absenci vedlej\u0161\u00edch \u00fa\u010dink\u016f i p\u0159i dlouhodob\u00e9m u\u017e\u00edv\u00e1n\u00ed. 2. Po\u010det bakteri\u00ed Minim\u00e1ln\u011b 10\u2079\u00a0CFU (= 1 miliarda mikroorganism\u016f na [&hellip;]<\/p>\n","protected":false},"author":3,"featured_media":0,"parent":91,"menu_order":150,"comment_status":"closed","ping_status":"closed","template":"","meta":{"_acf_changed":false,"inline_featured_image":false,"footnotes":""},"class_list":["post-93","page","type-page","status-publish","hentry"],"acf":[],"_links":{"self":[{"href":"https:\/\/www.omni-biotic.com\/cs-cz\/wp-json\/wp\/v2\/pages\/93","targetHints":{"allow":["GET"]}}],"collection":[{"href":"https:\/\/www.omni-biotic.com\/cs-cz\/wp-json\/wp\/v2\/pages"}],"about":[{"href":"https:\/\/www.omni-biotic.com\/cs-cz\/wp-json\/wp\/v2\/types\/page"}],"author":[{"embeddable":true,"href":"https:\/\/www.omni-biotic.com\/cs-cz\/wp-json\/wp\/v2\/users\/3"}],"replies":[{"embeddable":true,"href":"https:\/\/www.omni-biotic.com\/cs-cz\/wp-json\/wp\/v2\/comments?post=93"}],"version-history":[{"count":7,"href":"https:\/\/www.omni-biotic.com\/cs-cz\/wp-json\/wp\/v2\/pages\/93\/revisions"}],"predecessor-version":[{"id":19502,"href":"https:\/\/www.omni-biotic.com\/cs-cz\/wp-json\/wp\/v2\/pages\/93\/revisions\/19502"}],"up":[{"embeddable":true,"href":"https:\/\/www.omni-biotic.com\/cs-cz\/wp-json\/wp\/v2\/pages\/91"}],"wp:attachment":[{"href":"https:\/\/www.omni-biotic.com\/cs-cz\/wp-json\/wp\/v2\/media?parent=93"}],"curies":[{"name":"wp","href":"https:\/\/api.w.org\/{rel}","templated":true}]}}