{"id":97,"date":"2022-03-07T10:07:28","date_gmt":"2022-03-07T09:07:28","guid":{"rendered":"https:\/\/www.omni-biotic.com\/produkte\/"},"modified":"2023-09-12T15:28:42","modified_gmt":"2023-09-12T13:28:42","slug":"produkty","status":"publish","type":"page","link":"https:\/\/www.omni-biotic.com\/cs-cz\/produkty\/","title":{"rendered":"Produkty"},"content":{"rendered":"\t\t<div data-elementor-type=\"wp-page\" data-elementor-id=\"97\" class=\"elementor elementor-97\" data-elementor-post-type=\"page\">\n\t\t\t\t<div class=\"elementor-element elementor-element-bcf06be e-con-full obcs none e-flex e-con e-parent\" data-id=\"bcf06be\" data-element_type=\"container\" data-settings=\"{&quot;background_background&quot;:&quot;classic&quot;,&quot;shape_divider_bottom&quot;:&quot;waves&quot;}\">\n\t\t\t\t<div class=\"elementor-shape elementor-shape-bottom\" aria-hidden=\"true\" data-negative=\"false\">\n\t\t\t<svg xmlns=\"http:\/\/www.w3.org\/2000\/svg\" viewBox=\"0 0 1000 100\" preserveAspectRatio=\"none\">\n\t<path class=\"elementor-shape-fill\" d=\"M421.9,6.5c22.6-2.5,51.5,0.4,75.5,5.3c23.6,4.9,70.9,23.5,100.5,35.7c75.8,32.2,133.7,44.5,192.6,49.7\n\tc23.6,2.1,48.7,3.5,103.4-2.5c54.7-6,106.2-25.6,106.2-25.6V0H0v30.3c0,0,72,32.6,158.4,30.5c39.2-0.7,92.8-6.7,134-22.4\n\tc21.2-8.1,52.2-18.2,79.7-24.2C399.3,7.9,411.6,7.5,421.9,6.5z\"\/>\n<\/svg>\t\t<\/div>\n\t\t<div class=\"elementor-element elementor-element-f7899a5 e-con-full obcs none e-flex e-con e-parent\" data-id=\"f7899a5\" data-element_type=\"container\" data-settings=\"{&quot;background_background&quot;:&quot;gradient&quot;}\">\n\t\t\t\t<div class=\"elementor-element elementor-element-e9adbf4 elementor-widget elementor-widget-heading\" data-id=\"e9adbf4\" data-element_type=\"widget\" data-widget_type=\"heading.default\">\n\t\t\t\t<div class=\"elementor-widget-container\">\n\t\t\t\t\t<h1 class=\"elementor-heading-title elementor-size-default\">Na\u0161e produkty<\/h1>\t\t\t\t<\/div>\n\t\t\t\t<\/div>\n\t\t\t\t<div class=\"elementor-element elementor-element-555a7c9 elementor-widget-divider--view-line elementor-widget elementor-widget-divider\" data-id=\"555a7c9\" data-element_type=\"widget\" data-widget_type=\"divider.default\">\n\t\t\t\t<div class=\"elementor-widget-container\">\n\t\t\t\t\t\t\t<div class=\"elementor-divider\">\n\t\t\t<span class=\"elementor-divider-separator\">\n\t\t\t\t\t\t<\/span>\n\t\t<\/div>\n\t\t\t\t\t\t<\/div>\n\t\t\t\t<\/div>\n\t\t\t\t<div class=\"elementor-element elementor-element-fb4e408 elementor-widget elementor-widget-text-editor\" data-id=\"fb4e408\" data-element_type=\"widget\" data-widget_type=\"text-editor.default\">\n\t\t\t\t<div class=\"elementor-widget-container\">\n\t\t\t\t\t\t\t\t\t<p>Institut AllergoSan ji\u017e t\u00e9m\u011b\u0159 30 let vyv\u00edj\u00ed, zkoum\u00e1 a prod\u00e1v\u00e1 produkty zalo\u017een\u00e9 na p\u0159\u00edrodn\u00edch l\u00e1tk\u00e1ch, jako jsou probiotick\u00e9 bakterie, rostlinn\u00e9 v\u00fdta\u017eky a miner\u00e1ly, s jedin\u00fdm c\u00edlem: podpo\u0159it na\u0161e zdrav\u00ed, zejm\u00e9na zdrav\u00ed st\u0159ev.<\/p>\t\t\t\t\t\t\t\t<\/div>\n\t\t\t\t<\/div>\n\t\t\t\t<\/div>\n\t\t<div class=\"elementor-element elementor-element-548ca3f e-con-full elementor-hidden-mobile obcs none e-flex e-con e-parent\" data-id=\"548ca3f\" data-element_type=\"container\">\n\t\t\t\t<\/div>\n\t\t\t\t<\/div>\n\t\t<div class=\"elementor-element elementor-element-f28e908 obcs none e-flex e-con-boxed e-con e-parent\" data-id=\"f28e908\" data-element_type=\"container\">\n\t\t\t\t\t<div class=\"e-con-inner\">\n\t\t<div class=\"elementor-element elementor-element-1659a80 e-con-full obcs none e-flex e-con e-parent\" data-id=\"1659a80\" data-element_type=\"container\">\n\t\t\t\t<div class=\"elementor-element elementor-element-f91ed0d elementor-widget elementor-widget-breadcrumbs\" data-id=\"f91ed0d\" data-element_type=\"widget\" data-widget_type=\"breadcrumbs.default\">\n\t\t\t\t<div class=\"elementor-widget-container\">\n\t\t\t\t\t<nav aria-label=\"breadcrumbs\" class=\"rank-math-breadcrumb\"><p><span class=\"last\">Home<\/span><\/p><\/nav>\t\t\t\t<\/div>\n\t\t\t\t<\/div>\n\t\t\t\t<\/div>\n\t\t<div class=\"elementor-element elementor-element-1ba59df e-con-full obcs none e-flex e-con e-parent\" data-id=\"1ba59df\" data-element_type=\"container\">\n\t\t\t\t<\/div>\n\t\t\t\t\t<\/div>\n\t\t\t\t<\/div>\n\t\t<div class=\"elementor-element elementor-element-cef6b89 obcs none e-flex e-con-boxed e-con e-parent\" data-id=\"cef6b89\" data-element_type=\"container\">\n\t\t\t\t\t<div class=\"e-con-inner\">\n\t\t\t\t<div class=\"elementor-element elementor-element-17fd808 elementor-widget__width-initial elementor-widget elementor-widget-li-widgets--tile-slider\" data-id=\"17fd808\" data-element_type=\"widget\" data-widget_type=\"li-widgets--tile-slider.default\">\n\t\t\t\t<div class=\"elementor-widget-container\">\n\t\t\t\t\t<div class=\"li-widgets--tile-slider magenta\">\n            <div class=\"headlines\">\n                            <div class=\"headline\">\n                    <div class=\"headline--main\"><h2>Pro dobr\u00fd pocit zevnit\u0159<\/h2><\/div>\n                                    <\/div>\n                                <\/div>\n                <div class=\"tiles-container grid\">\n            <div class=\"tiles grid-wrapper\">\n                                    <div class=\"swiper-slide\">\n                        <div class=\"tile\">\n                                                        <a href=\"https:\/\/www.omni-biotic.com\/cs-cz\/produkty\/omni-biotic\/\">\n                                                                                                    <img fetchpriority=\"high\" decoding=\"async\" width=\"300\" height=\"212\" src=\"https:\/\/www.omni-biotic.com\/cs-cz\/wp-content\/uploads\/sites\/8\/2023\/08\/20200721-ob-produkte-gesamtpackshot-int-300x212.png\" class=\"tile__image\" alt=\"OMNi-BiOTiC CZ\" srcset=\"https:\/\/www.omni-biotic.com\/cs-cz\/wp-content\/uploads\/sites\/8\/2023\/08\/20200721-ob-produkte-gesamtpackshot-int-300x212.png 300w, https:\/\/www.omni-biotic.com\/cs-cz\/wp-content\/uploads\/sites\/8\/2023\/08\/20200721-ob-produkte-gesamtpackshot-int-768x543.png 768w, https:\/\/www.omni-biotic.com\/cs-cz\/wp-content\/uploads\/sites\/8\/2023\/08\/20200721-ob-produkte-gesamtpackshot-int.png 1024w\" sizes=\"(max-width: 300px) 100vw, 300px\" title=\"\">                                                                                            <\/a>\n                                                                                    <div class=\"tile__headline\">OMNi-BiOTiC\u00ae\u200b<\/div>\n                                                                                                                    <div class=\"tile__text\">Probiotika a synbiotika nejvy\u0161\u0161\u00ed kvality v prov\u011b\u0159en\u00e9 kombinaci s bakteri\u00e1ln\u00edmi kmeny p\u0159irozen\u011b se vyskytuj\u00edc\u00edmi v lidsk\u00e9m t\u011ble.<\/div>\n                                                                                                                    <a class=\"tile__button\" href=\"https:\/\/www.omni-biotic.com\/cs-cz\/produkty\/omni-biotic\/\">K produkt\u016fm<\/a>\n                                                    <\/div>\n                    <\/div>\n                                    <div class=\"swiper-slide\">\n                        <div class=\"tile\">\n                                                        <a href=\"https:\/\/www.omni-biotic.com\/cs-cz\/produkty\/omni-logic\/\">\n                                                                                                    <img decoding=\"async\" width=\"300\" height=\"180\" src=\"https:\/\/www.omni-biotic.com\/cs-cz\/wp-content\/uploads\/sites\/8\/2023\/08\/20200729-ol-produkte-int-gesamtpackshot-1024x614-1-300x180.png\" class=\"tile__image\" alt=\"OMNi-LOGiC CZ\" srcset=\"https:\/\/www.omni-biotic.com\/cs-cz\/wp-content\/uploads\/sites\/8\/2023\/08\/20200729-ol-produkte-int-gesamtpackshot-1024x614-1-300x180.png 300w, https:\/\/www.omni-biotic.com\/cs-cz\/wp-content\/uploads\/sites\/8\/2023\/08\/20200729-ol-produkte-int-gesamtpackshot-1024x614-1-768x461.png 768w, https:\/\/www.omni-biotic.com\/cs-cz\/wp-content\/uploads\/sites\/8\/2023\/08\/20200729-ol-produkte-int-gesamtpackshot-1024x614-1.png 1024w\" sizes=\"(max-width: 300px) 100vw, 300px\" title=\"\">                                                                                            <\/a>\n                                                                                    <div class=\"tile__headline\">OMNi-LOGiC\u00ae\u200b<\/div>\n                                                                                                                    <div class=\"tile__text\">D\u016fle\u017eit\u00e9 \u017eiviny a vl\u00e1knina slou\u017e\u00edc\u00ed jako potravinov\u00fd z\u00e1klad pro speci\u00e1ln\u00ed skupiny bakteri\u00ed \u017eij\u00edc\u00ed ve st\u0159evech.<\/div>\n                                                                                                                    <a class=\"tile__button\" href=\"https:\/\/www.omni-biotic.com\/cs-cz\/produkty\/omni-logic\/\">K produkt\u016fm<\/a>\n                                                    <\/div>\n                    <\/div>\n                                    <div class=\"swiper-slide\">\n                        <div class=\"tile\">\n                                                        <a href=\"https:\/\/www.omni-biotic.com\/cs-cz\/produkty\/meta-care\/\">\n                                                                                                    <img decoding=\"async\" width=\"300\" height=\"212\" src=\"https:\/\/www.omni-biotic.com\/cs-cz\/wp-content\/uploads\/sites\/8\/2022\/10\/META-CARE-Wichtige-Mikronaehr-und-Pflanzenstoffe-300x212.png\" class=\"tile__image\" alt=\"META-CARE\u00ae die Mikron\u00e4hrstoff-Marke mit dem Plus an Pflanzenkraft\" srcset=\"https:\/\/www.omni-biotic.com\/cs-cz\/wp-content\/uploads\/sites\/8\/2022\/10\/META-CARE-Wichtige-Mikronaehr-und-Pflanzenstoffe-300x212.png 300w, https:\/\/www.omni-biotic.com\/cs-cz\/wp-content\/uploads\/sites\/8\/2022\/10\/META-CARE-Wichtige-Mikronaehr-und-Pflanzenstoffe.png 600w\" sizes=\"(max-width: 300px) 100vw, 300px\" title=\"\">                                                                                            <\/a>\n                                                                                    <div class=\"tile__headline\">META-CARE\u00ae\u200b\u200b<\/div>\n                                                                                                                    <div class=\"tile__text\">Miner\u00e1ly a mikro\u017eiviny obohacen\u00e9 o p\u0159\u00edrodn\u00ed s\u00edlu z rostlin.<\/div>\n                                                                                                                    <a class=\"tile__button\" href=\"https:\/\/www.omni-biotic.com\/cs-cz\/produkty\/meta-care\/\">K produkt\u016fm<\/a>\n                                                    <\/div>\n                    <\/div>\n                            <\/div>\n        <\/div>\n    <\/div>\n\t\t\t\t<\/div>\n\t\t\t\t<\/div>\n\t\t\t\t\t<\/div>\n\t\t\t\t<\/div>\n\t\t\t\t<\/div>\n\t\t","protected":false},"excerpt":{"rendered":"<p>Na\u0161e produkty Institut AllergoSan ji\u017e t\u00e9m\u011b\u0159 30 let vyv\u00edj\u00ed, zkoum\u00e1 a prod\u00e1v\u00e1 produkty zalo\u017een\u00e9 na p\u0159\u00edrodn\u00edch l\u00e1tk\u00e1ch, jako jsou probiotick\u00e9 bakterie, rostlinn\u00e9 v\u00fdta\u017eky a miner\u00e1ly, s jedin\u00fdm c\u00edlem: podpo\u0159it na\u0161e zdrav\u00ed, zejm\u00e9na zdrav\u00ed st\u0159ev. Home Pro dobr\u00fd pocit zevnit\u0159 OMNi-BiOTiC\u00ae\u200b Probiotika a synbiotika nejvy\u0161\u0161\u00ed kvality v prov\u011b\u0159en\u00e9 kombinaci s bakteri\u00e1ln\u00edmi kmeny p\u0159irozen\u011b se vyskytuj\u00edc\u00edmi v [&hellip;]<\/p>\n","protected":false},"author":3,"featured_media":0,"parent":0,"menu_order":170,"comment_status":"closed","ping_status":"closed","template":"","meta":{"_acf_changed":false,"inline_featured_image":false,"footnotes":""},"class_list":["post-97","page","type-page","status-publish","hentry"],"acf":[],"_links":{"self":[{"href":"https:\/\/www.omni-biotic.com\/cs-cz\/wp-json\/wp\/v2\/pages\/97","targetHints":{"allow":["GET"]}}],"collection":[{"href":"https:\/\/www.omni-biotic.com\/cs-cz\/wp-json\/wp\/v2\/pages"}],"about":[{"href":"https:\/\/www.omni-biotic.com\/cs-cz\/wp-json\/wp\/v2\/types\/page"}],"author":[{"embeddable":true,"href":"https:\/\/www.omni-biotic.com\/cs-cz\/wp-json\/wp\/v2\/users\/3"}],"replies":[{"embeddable":true,"href":"https:\/\/www.omni-biotic.com\/cs-cz\/wp-json\/wp\/v2\/comments?post=97"}],"version-history":[{"count":7,"href":"https:\/\/www.omni-biotic.com\/cs-cz\/wp-json\/wp\/v2\/pages\/97\/revisions"}],"predecessor-version":[{"id":17809,"href":"https:\/\/www.omni-biotic.com\/cs-cz\/wp-json\/wp\/v2\/pages\/97\/revisions\/17809"}],"wp:attachment":[{"href":"https:\/\/www.omni-biotic.com\/cs-cz\/wp-json\/wp\/v2\/media?parent=97"}],"curies":[{"name":"wp","href":"https:\/\/api.w.org\/{rel}","templated":true}]}}