{"id":22257,"date":"2023-07-13T10:33:36","date_gmt":"2023-07-13T08:33:36","guid":{"rendered":"https:\/\/www.omni-biotic.com\/de-at\/?page_id=22257"},"modified":"2025-05-30T08:15:19","modified_gmt":"2025-05-30T06:15:19","slug":"teilnahmebedingungen","status":"publish","type":"page","link":"https:\/\/www.omni-biotic.com\/de-at\/bauchgefuehl\/teilnahmebedingungen\/","title":{"rendered":"Bauchgef\u00fchl Teilnahmebedingungen"},"content":{"rendered":"\t\t<div data-elementor-type=\"wp-page\" data-elementor-id=\"22257\" class=\"elementor elementor-22257\" data-elementor-post-type=\"page\">\n\t\t\t\t<div class=\"elementor-element elementor-element-42f91bc e-con-full obcs none e-flex e-con e-parent\" data-id=\"42f91bc\" data-element_type=\"container\" data-settings=\"{&quot;background_background&quot;:&quot;classic&quot;,&quot;shape_divider_bottom&quot;:&quot;waves&quot;}\">\n\t\t\t\t<div class=\"elementor-shape elementor-shape-bottom\" aria-hidden=\"true\" data-negative=\"false\">\n\t\t\t<svg xmlns=\"http:\/\/www.w3.org\/2000\/svg\" viewBox=\"0 0 1000 100\" preserveAspectRatio=\"none\">\n\t<path class=\"elementor-shape-fill\" d=\"M421.9,6.5c22.6-2.5,51.5,0.4,75.5,5.3c23.6,4.9,70.9,23.5,100.5,35.7c75.8,32.2,133.7,44.5,192.6,49.7\n\tc23.6,2.1,48.7,3.5,103.4-2.5c54.7-6,106.2-25.6,106.2-25.6V0H0v30.3c0,0,72,32.6,158.4,30.5c39.2-0.7,92.8-6.7,134-22.4\n\tc21.2-8.1,52.2-18.2,79.7-24.2C399.3,7.9,411.6,7.5,421.9,6.5z\"\/>\n<\/svg>\t\t<\/div>\n\t\t\t\t<div class=\"elementor-element elementor-element-a8a7891 elementor-absolute elementor-hidden-mobile elementor-align-center elementor-widget elementor-widget-lottie\" data-id=\"a8a7891\" data-element_type=\"widget\" data-settings=\"{&quot;source_json&quot;:{&quot;url&quot;:&quot;https:\\\/\\\/www.omni-biotic.com\\\/de-at\\\/wp-content\\\/uploads\\\/sites\\\/2\\\/2022\\\/08\\\/lf30_editor_s5uwdgjh.json&quot;,&quot;id&quot;:7733,&quot;size&quot;:&quot;&quot;,&quot;alt&quot;:&quot;&quot;,&quot;source&quot;:&quot;library&quot;},&quot;loop&quot;:&quot;yes&quot;,&quot;play_speed&quot;:{&quot;unit&quot;:&quot;px&quot;,&quot;size&quot;:0.3,&quot;sizes&quot;:[]},&quot;_position&quot;:&quot;absolute&quot;,&quot;source&quot;:&quot;media_file&quot;,&quot;caption_source&quot;:&quot;none&quot;,&quot;link_to&quot;:&quot;none&quot;,&quot;trigger&quot;:&quot;arriving_to_viewport&quot;,&quot;viewport&quot;:{&quot;unit&quot;:&quot;%&quot;,&quot;size&quot;:&quot;&quot;,&quot;sizes&quot;:{&quot;start&quot;:0,&quot;end&quot;:100}},&quot;start_point&quot;:{&quot;unit&quot;:&quot;%&quot;,&quot;size&quot;:0,&quot;sizes&quot;:[]},&quot;end_point&quot;:{&quot;unit&quot;:&quot;%&quot;,&quot;size&quot;:100,&quot;sizes&quot;:[]},&quot;renderer&quot;:&quot;svg&quot;}\" data-widget_type=\"lottie.default\">\n\t\t\t\t<div class=\"elementor-widget-container\">\n\t\t\t\t\t<div class=\"e-lottie__container\"><div class=\"e-lottie__animation\"><\/div><\/div>\t\t\t\t<\/div>\n\t\t\t\t<\/div>\n\t\t<div class=\"elementor-element elementor-element-a3d7849 e-con-full obcs none e-flex e-con e-child\" data-id=\"a3d7849\" data-element_type=\"container\" data-settings=\"{&quot;background_background&quot;:&quot;gradient&quot;}\">\n\t\t\t\t<div class=\"elementor-element elementor-element-1bcdd82 elementor-widget elementor-widget-heading\" data-id=\"1bcdd82\" data-element_type=\"widget\" data-widget_type=\"heading.default\">\n\t\t\t\t<div class=\"elementor-widget-container\">\n\t\t\t\t\t<h1 class=\"elementor-heading-title elementor-size-default\">Teilnahmebedingungen \u201ebauchgef\u00fchl\u201c-Gewinnspiel<\/h1>\t\t\t\t<\/div>\n\t\t\t\t<\/div>\n\t\t\t\t<div class=\"elementor-element elementor-element-b3d0743 elementor-widget-divider--view-line elementor-widget elementor-widget-divider\" data-id=\"b3d0743\" data-element_type=\"widget\" data-widget_type=\"divider.default\">\n\t\t\t\t<div class=\"elementor-widget-container\">\n\t\t\t\t\t\t\t<div class=\"elementor-divider\">\n\t\t\t<span class=\"elementor-divider-separator\">\n\t\t\t\t\t\t<\/span>\n\t\t<\/div>\n\t\t\t\t\t\t<\/div>\n\t\t\t\t<\/div>\n\t\t\t\t<\/div>\n\t\t<div class=\"elementor-element elementor-element-c52ba63 e-con-full elementor-hidden-mobile obcs none e-flex e-con e-child\" data-id=\"c52ba63\" data-element_type=\"container\">\n\t\t\t\t<\/div>\n\t\t\t\t<\/div>\n\t\t<div class=\"elementor-element elementor-element-aa26ccf obcs none e-flex e-con-boxed e-con e-parent\" data-id=\"aa26ccf\" data-element_type=\"container\">\n\t\t\t\t\t<div class=\"e-con-inner\">\n\t\t<div class=\"elementor-element elementor-element-9490545 e-con-full obcs none e-flex e-con e-child\" data-id=\"9490545\" data-element_type=\"container\">\n\t\t\t\t<div class=\"elementor-element elementor-element-d0c5ffd elementor-align-left elementor-widget__width-initial elementor-widget elementor-widget-breadcrumbs\" data-id=\"d0c5ffd\" data-element_type=\"widget\" data-widget_type=\"breadcrumbs.default\">\n\t\t\t\t<div class=\"elementor-widget-container\">\n\t\t\t\t\t<span><span class=\"last\">Home<\/span><\/span>\t\t\t\t<\/div>\n\t\t\t\t<\/div>\n\t\t\t\t<\/div>\n\t\t\t\t\t<\/div>\n\t\t\t\t<\/div>\n\t\t<div class=\"elementor-element elementor-element-1a388ba obcs none e-flex e-con-boxed e-con e-parent\" data-id=\"1a388ba\" data-element_type=\"container\">\n\t\t\t\t\t<div class=\"e-con-inner\">\n\t\t\t\t<div class=\"elementor-element elementor-element-599fe56 elementor-widget elementor-widget-heading\" data-id=\"599fe56\" data-element_type=\"widget\" data-widget_type=\"heading.default\">\n\t\t\t\t<div class=\"elementor-widget-container\">\n\t\t\t\t\t<h2 class=\"elementor-heading-title elementor-size-default\">Teilnahmebedingungen<\/h2>\t\t\t\t<\/div>\n\t\t\t\t<\/div>\n\t\t\t\t<div class=\"elementor-element elementor-element-78ad970 elementor-widget elementor-widget-text-editor\" data-id=\"78ad970\" data-element_type=\"widget\" data-widget_type=\"text-editor.default\">\n\t\t\t\t<div class=\"elementor-widget-container\">\n\t\t\t\t\t\t\t\t\t<p>Die Teilnahmebedingungen gelten f\u00fcr das Gewinnspiel auf Seite 42 in der 29. Ausgabe (Nr. 02\/2025) des Magazins \u201ebauchgef\u00fchl\u201c.<\/p><p><strong>Preise:<\/strong><\/p><ul><li>1 Wohlf\u00fchlurlaub (2 N\u00e4chte) f\u00fcr 2 Personen im Naturliebe-Doppelzimmer inkl. Gourmetpension und 1 Alpenrosenbutter-Ganzk\u00f6rperentspannungsmassage (25 Min.) pro Person im Natur- und Wellnesshotel H\u00f6flehner****Superior in der Region Schladming-Dachstein.<\/li><li>2 x ein Jahresvorrat an einem individuell w\u00e4hlbaren OMNi-BiOTiC\u00ae-Produkt.<\/li><\/ul><p>Teilnahmeberechtigt sind alle nat\u00fcrlichen und gesch\u00e4ftsf\u00e4higen Personen ab vollendetem 18. Lebensjahr. Einreichungen m\u00fcssen eine Antwort auf die Gewinnspielfragen enthalten und bis 30.09.2025 beim Gewinnspielveranstalter einlangen, widrigenfalls es zu keiner Ber\u00fccksichtigung kommen kann. Die Gewinner werden schriftlich oder per E-Mail verst\u00e4ndigt. Mitarbeiter des Gewinnspielveranstalters sind nicht teilnahmeberechtigt. An- und Abreise sind nicht im Gewinn inkludiert. Der Rechtsweg, insbesondere in Bezug auf die Gewinnerermittlung, ist ausgeschlossen. Eine Barabl\u00f6se des Gewinns ist nicht m\u00f6glich. Der Gewinnspielveranstalter gew\u00e4hrt im Rahmen des Gewinnspiels den gr\u00f6\u00dftm\u00f6glichen datenschutzrechtlichen Standard und beachtet alle diesbez\u00fcglich einschl\u00e4gigen gesetzlichen Bestimmungen. Es werden keine personenbezogenen Daten an Dritte weitergeleitet, sofern der Teilnehmer dem nicht explizit zustimmt.<\/p>\t\t\t\t\t\t\t\t<\/div>\n\t\t\t\t<\/div>\n\t\t\t\t\t<\/div>\n\t\t\t\t<\/div>\n\t\t<div class=\"elementor-element elementor-element-0929a77 obcs none e-flex e-con-boxed e-con e-parent\" data-id=\"0929a77\" data-element_type=\"container\">\n\t\t\t\t\t<div class=\"e-con-inner\">\n\t\t\t\t<div class=\"elementor-element elementor-element-37cc8db elementor-widget elementor-widget-heading\" data-id=\"37cc8db\" data-element_type=\"widget\" data-widget_type=\"heading.default\">\n\t\t\t\t<div class=\"elementor-widget-container\">\n\t\t\t\t\t<span class=\"elementor-heading-title elementor-size-default\">Immer top informiert!<\/span>\t\t\t\t<\/div>\n\t\t\t\t<\/div>\n\t\t\t\t<div class=\"elementor-element elementor-element-6a12122 elementor-widget__width-inherit elementor-widget elementor-widget-heading\" data-id=\"6a12122\" data-element_type=\"widget\" data-widget_type=\"heading.default\">\n\t\t\t\t<div class=\"elementor-widget-container\">\n\t\t\t\t\t<h3 class=\"elementor-heading-title elementor-size-default\">Unser OMNi-BiOTiC\u00ae Blog<\/h3>\t\t\t\t<\/div>\n\t\t\t\t<\/div>\n\t\t\t\t<div class=\"elementor-element elementor-element-ecc7631 elementor-widget elementor-widget-li-widgets--posts-gallery\" data-id=\"ecc7631\" data-element_type=\"widget\" data-widget_type=\"li-widgets--posts-gallery.default\">\n\t\t\t\t<div class=\"elementor-widget-container\">\n\t\t\t\t\t    \n<div class=\"li-widgets--posts-gallery__pagination\" data-post-id=\"22257\">\n\n    <div class=\"li-widgets--posts-gallery__pagination-results\">\n        1-6 von 450 Ergebnissen    <\/div>\n    <div class=\"li-widgets--posts-gallery__pagination-pages\">\n        Seite 1 von 75    <\/div>\n    <div class=\"li-widgets--posts-gallery__pagination-url\">\n                            <a href=\"#\" data-href=\"https:\/\/www.omni-biotic.com\/de-at\/wp-json\/wp\/v2\/pages\/22257\/?search&category=0&cur=1\">1<\/a>\n                    <a href=\"#\" data-href=\"https:\/\/www.omni-biotic.com\/de-at\/wp-json\/wp\/v2\/pages\/22257\/?search&category=0&cur=2\">2<\/a>\n                    <a href=\"#\" data-href=\"https:\/\/www.omni-biotic.com\/de-at\/wp-json\/wp\/v2\/pages\/22257\/?search&category=0&cur=3\">3<\/a>\n                            <a href=\"#\" data-href=\"https:\/\/www.omni-biotic.com\/de-at\/wp-json\/wp\/v2\/pages\/22257\/?search&category=0&cur=75\">\u00bb<\/a>\n            <\/div>\n<\/div>\n<div class=\"li-widgets--posts-gallery blog\">\n                    <a href=\"https:\/\/www.omni-biotic.com\/de-at\/blog\/was-machen-abfuehrmittel-mit-unserem-darm\/\"\n           class=\"li-widgets--posts-gallery__post\">\n            <div class=\"post--image__container\">\n                <div class=\"post--image\">\n                    <img fetchpriority=\"high\" decoding=\"async\" width=\"768\" height=\"720\" src=\"https:\/\/www.omni-biotic.com\/de-at\/wp-content\/uploads\/sites\/2\/2026\/03\/OB_WOMAN_Floraplus_Sachet-2-1-e1773222863163-768x720.png\" class=\"attachment-medium_large size-medium_large wp-post-image\" alt=\"\" srcset=\"https:\/\/www.omni-biotic.com\/de-at\/wp-content\/uploads\/sites\/2\/2026\/03\/OB_WOMAN_Floraplus_Sachet-2-1-e1773222863163-768x720.png 768w, https:\/\/www.omni-biotic.com\/de-at\/wp-content\/uploads\/sites\/2\/2026\/03\/OB_WOMAN_Floraplus_Sachet-2-1-e1773222863163-300x281.png 300w, https:\/\/www.omni-biotic.com\/de-at\/wp-content\/uploads\/sites\/2\/2026\/03\/OB_WOMAN_Floraplus_Sachet-2-1-e1773222863163-1024x960.png 1024w, https:\/\/www.omni-biotic.com\/de-at\/wp-content\/uploads\/sites\/2\/2026\/03\/OB_WOMAN_Floraplus_Sachet-2-1-e1773222863163.png 1073w\" sizes=\"(max-width: 768px) 100vw, 768px\" title=\"\">                <\/div>\n            <\/div>\n            <div class=\"post--teaser\">\n                <div class=\"title\">Was machen Abf\u00fchrmittel mit unserem Darm-Mikrobiom?<\/div>\n                <div class=\"description\">\n                    Abf\u00fchrmittel \u2013 medizinisch \u201eLaxantien\u201c genannt \u2013 gelten f\u00fcr viele Menschen als unkomplizierte L\u00f6sung bei Verstopfung.\u2026                    <br>\n                    <span class=\"read-more\">\n                            weiterlesen                        <\/span>\n                <\/div>\n                <div class=\"metadata\"><b>Zuletzt aktualisiert:<\/b> 11. M\u00e4rz 2026 \u2022 <b>Kategorien:<\/b> Allgemein, Beschwerden &amp; Ratgeber \u2022 <b>Autor:<\/b> Zuzana Mikulova<\/div>\n            <\/div>\n        <\/a>\n                <a href=\"https:\/\/www.omni-biotic.com\/de-at\/blog\/papaya-naturlicher-schwung-fur-magen-und-darm\/\"\n           class=\"li-widgets--posts-gallery__post\">\n            <div class=\"post--image__container\">\n                <div class=\"post--image\">\n                    <img decoding=\"async\" width=\"700\" height=\"500\" src=\"https:\/\/www.omni-biotic.com\/de-at\/wp-content\/uploads\/sites\/2\/2023\/12\/papaya-schwung-fuer-magen-darm.jpg\" class=\"attachment-medium_large size-medium_large wp-post-image\" alt=\"Papaya: Schwung f\u00fcr Magen und Darm\" srcset=\"https:\/\/www.omni-biotic.com\/de-at\/wp-content\/uploads\/sites\/2\/2023\/12\/papaya-schwung-fuer-magen-darm.jpg 700w, https:\/\/www.omni-biotic.com\/de-at\/wp-content\/uploads\/sites\/2\/2023\/12\/papaya-schwung-fuer-magen-darm-300x214.jpg 300w\" sizes=\"(max-width: 700px) 100vw, 700px\" title=\"\">                <\/div>\n            <\/div>\n            <div class=\"post--teaser\">\n                <div class=\"title\">Papaya: Nat\u00fcrlicher Schwung f\u00fcr Magen und Darm<\/div>\n                <div class=\"description\">\n                    Die Verdauung hat es mit unserem Lebensstil nicht immer leicht: Stress und Lebensmittel mit einem\u2026                    <br>\n                    <span class=\"read-more\">\n                            weiterlesen                        <\/span>\n                <\/div>\n                <div class=\"metadata\"><b>Zuletzt aktualisiert:<\/b> 26. Februar 2026 \u2022 <b>Kategorien:<\/b> Beschwerden &amp; Ratgeber, Institut AllergoSan<\/div>\n            <\/div>\n        <\/a>\n                <a href=\"https:\/\/www.omni-biotic.com\/de-at\/blog\/fruehjahrskuren-fuer-einen-gesunden-darm\/\"\n           class=\"li-widgets--posts-gallery__post\">\n            <div class=\"post--image__container\">\n                <div class=\"post--image\">\n                    <img decoding=\"async\" width=\"700\" height=\"500\" src=\"https:\/\/www.omni-biotic.com\/de-at\/wp-content\/uploads\/sites\/2\/2022\/02\/fruehjahrskuren-gesunden-darm.jpg\" class=\"attachment-medium_large size-medium_large wp-post-image\" alt=\"Fr\u00fchjahrskuren f\u00fcr einen gesunden Darm\" srcset=\"https:\/\/www.omni-biotic.com\/de-at\/wp-content\/uploads\/sites\/2\/2022\/02\/fruehjahrskuren-gesunden-darm.jpg 700w, https:\/\/www.omni-biotic.com\/de-at\/wp-content\/uploads\/sites\/2\/2022\/02\/fruehjahrskuren-gesunden-darm-300x214.jpg 300w\" sizes=\"(max-width: 700px) 100vw, 700px\" title=\"\">                <\/div>\n            <\/div>\n            <div class=\"post--teaser\">\n                <div class=\"title\">Fr\u00fchjahrskuren f\u00fcr einen gesunden Darm<\/div>\n                <div class=\"description\">\n                    Der Darm als Sitz des Immunsystems bew\u00e4ltigt im allt\u00e4glichen Leben viele Belastungen. Ger\u00e4t die Darmflora\u2026                    <br>\n                    <span class=\"read-more\">\n                            weiterlesen                        <\/span>\n                <\/div>\n                <div class=\"metadata\"><b>Zuletzt aktualisiert:<\/b> 17. Februar 2026 \u2022 <b>Kategorien:<\/b> Allgemein, Beschwerden &amp; Ratgeber<\/div>\n            <\/div>\n        <\/a>\n                <a href=\"https:\/\/www.omni-biotic.com\/de-at\/blog\/allergien-immunsystem-ueberreagiert\/\"\n           class=\"li-widgets--posts-gallery__post\">\n            <div class=\"post--image__container\">\n                <div class=\"post--image\">\n                    <img loading=\"lazy\" decoding=\"async\" width=\"700\" height=\"500\" src=\"https:\/\/www.omni-biotic.com\/de-at\/wp-content\/uploads\/sites\/2\/2024\/02\/allergien-immunsystem-ueberreaktion.jpg\" class=\"attachment-medium_large size-medium_large wp-post-image\" alt=\"Allergien - wenn das Immunsystem \u00fcberreagiert\" srcset=\"https:\/\/www.omni-biotic.com\/de-at\/wp-content\/uploads\/sites\/2\/2024\/02\/allergien-immunsystem-ueberreaktion.jpg 700w, https:\/\/www.omni-biotic.com\/de-at\/wp-content\/uploads\/sites\/2\/2024\/02\/allergien-immunsystem-ueberreaktion-300x214.jpg 300w\" sizes=\"(max-width: 700px) 100vw, 700px\" title=\"\">                <\/div>\n            <\/div>\n            <div class=\"post--teaser\">\n                <div class=\"title\">Allergien: Wenn das Immunsystem \u00fcberreagiert<\/div>\n                <div class=\"description\">\n                    In den k\u00e4lteren Monaten l\u00e4sst sie sich gut verdr\u00e4ngen, bis Anfang des Jahres der Fr\u00fchling\u2026                    <br>\n                    <span class=\"read-more\">\n                            weiterlesen                        <\/span>\n                <\/div>\n                <div class=\"metadata\"><b>Zuletzt aktualisiert:<\/b> 3. M\u00e4rz 2026 \u2022 <b>Kategorien:<\/b> Allgemein, Beschwerden &amp; Ratgeber \u2022 <b>Autor:<\/b> Mag. Jutta Kalian<\/div>\n            <\/div>\n        <\/a>\n                <a href=\"https:\/\/www.omni-biotic.com\/de-at\/blog\/stoffwechsel-ankurbeln\/\"\n           class=\"li-widgets--posts-gallery__post\">\n            <div class=\"post--image__container\">\n                <div class=\"post--image\">\n                    <img loading=\"lazy\" decoding=\"async\" width=\"700\" height=\"500\" src=\"https:\/\/www.omni-biotic.com\/de-at\/wp-content\/uploads\/sites\/2\/2025\/04\/stoffwechsel-ankurbeln-7-tipps.jpg\" class=\"attachment-medium_large size-medium_large wp-post-image\" alt=\"Stoffwechsel ankurbeln - mit diesen Tipps nehmen Sie ab\" srcset=\"https:\/\/www.omni-biotic.com\/de-at\/wp-content\/uploads\/sites\/2\/2025\/04\/stoffwechsel-ankurbeln-7-tipps.jpg 700w, https:\/\/www.omni-biotic.com\/de-at\/wp-content\/uploads\/sites\/2\/2025\/04\/stoffwechsel-ankurbeln-7-tipps-300x214.jpg 300w\" sizes=\"(max-width: 700px) 100vw, 700px\" title=\"\">                <\/div>\n            <\/div>\n            <div class=\"post--teaser\">\n                <div class=\"title\">Stoffwechsel anregen und abnehmen: Mit diesen 7 Tricks funktioniert\u2019s!<\/div>\n                <div class=\"description\">\n                    St\u00e4ndige Di\u00e4ten sind nicht nur nervig und anstrengend, sondern lassen sogar Ihren Stoffwechsel einschlafen. Mit\u2026                    <br>\n                    <span class=\"read-more\">\n                            weiterlesen                        <\/span>\n                <\/div>\n                <div class=\"metadata\"><b>Zuletzt aktualisiert:<\/b> 20. Februar 2026 \u2022 <b>Kategorien:<\/b> Beschwerden &amp; Ratgeber \u2022 <b>Autor:<\/b> Florentina Sgarz, BA<\/div>\n            <\/div>\n        <\/a>\n                <a href=\"https:\/\/www.omni-biotic.com\/de-at\/blog\/gesundes-mikrobiom-fuer-immunsystem-und-haut\/\"\n           class=\"li-widgets--posts-gallery__post\">\n            <div class=\"post--image__container\">\n                <div class=\"post--image\">\n                    <img loading=\"lazy\" decoding=\"async\" width=\"700\" height=\"500\" src=\"https:\/\/www.omni-biotic.com\/de-at\/wp-content\/uploads\/sites\/2\/2026\/01\/haut-darmflora.jpg\" class=\"attachment-medium_large size-medium_large wp-post-image\" alt=\"Gl\u00fcckliche Frau mit gesunder Haut\" srcset=\"https:\/\/www.omni-biotic.com\/de-at\/wp-content\/uploads\/sites\/2\/2026\/01\/haut-darmflora.jpg 700w, https:\/\/www.omni-biotic.com\/de-at\/wp-content\/uploads\/sites\/2\/2026\/01\/haut-darmflora-300x214.jpg 300w\" sizes=\"(max-width: 700px) 100vw, 700px\" title=\"\">                <\/div>\n            <\/div>\n            <div class=\"post--teaser\">\n                <div class=\"title\">Gesundes Mikrobiom \u2013 f\u00fcr Immunsystem und Haut<\/div>\n                <div class=\"description\">\n                    Viele Menschen mit Allergien oder Hautproblemen vermuten zuerst Pollen, Tierhaare, Kosmetikprodukte oder Stress als Ausl\u00f6ser\u2026                    <br>\n                    <span class=\"read-more\">\n                            weiterlesen                        <\/span>\n                <\/div>\n                <div class=\"metadata\"><b>Zuletzt aktualisiert:<\/b> 10. Februar 2026 \u2022 <b>Kategorien:<\/b> Allgemein, Neues aus der Forschung \u2022 <b>Autor:<\/b> Barbara Moitzi<\/div>\n            <\/div>\n        <\/a>\n            <\/div>\n\t\t\t\t<\/div>\n\t\t\t\t<\/div>\n\t\t\t\t\t<\/div>\n\t\t\t\t<\/div>\n\t\t\t\t<\/div>\n\t\t","protected":false},"excerpt":{"rendered":"<p>Teilnahmebedingungen \u201ebauchgef\u00fchl\u201c-Gewinnspiel Home Teilnahmebedingungen Die Teilnahmebedingungen gelten f\u00fcr das Gewinnspiel auf Seite 42 in der 29. Ausgabe (Nr. 02\/2025) des Magazins \u201ebauchgef\u00fchl\u201c. Preise: 1 Wohlf\u00fchlurlaub (2 N\u00e4chte) f\u00fcr 2 Personen im Naturliebe-Doppelzimmer inkl. Gourmetpension und 1 Alpenrosenbutter-Ganzk\u00f6rperentspannungsmassage (25 Min.) pro Person im Natur- und Wellnesshotel H\u00f6flehner****Superior in der Region Schladming-Dachstein. 2 x ein Jahresvorrat an [&hellip;]<\/p>\n","protected":false},"author":8,"featured_media":0,"parent":21976,"menu_order":0,"comment_status":"closed","ping_status":"closed","template":"","meta":{"_acf_changed":false,"inline_featured_image":false,"footnotes":""},"class_list":["post-22257","page","type-page","status-publish","hentry"],"acf":[],"_links":{"self":[{"href":"https:\/\/www.omni-biotic.com\/de-at\/wp-json\/wp\/v2\/pages\/22257","targetHints":{"allow":["GET"]}}],"collection":[{"href":"https:\/\/www.omni-biotic.com\/de-at\/wp-json\/wp\/v2\/pages"}],"about":[{"href":"https:\/\/www.omni-biotic.com\/de-at\/wp-json\/wp\/v2\/types\/page"}],"author":[{"embeddable":true,"href":"https:\/\/www.omni-biotic.com\/de-at\/wp-json\/wp\/v2\/users\/8"}],"replies":[{"embeddable":true,"href":"https:\/\/www.omni-biotic.com\/de-at\/wp-json\/wp\/v2\/comments?post=22257"}],"version-history":[{"count":7,"href":"https:\/\/www.omni-biotic.com\/de-at\/wp-json\/wp\/v2\/pages\/22257\/revisions"}],"predecessor-version":[{"id":38210,"href":"https:\/\/www.omni-biotic.com\/de-at\/wp-json\/wp\/v2\/pages\/22257\/revisions\/38210"}],"up":[{"embeddable":true,"href":"https:\/\/www.omni-biotic.com\/de-at\/wp-json\/wp\/v2\/pages\/21976"}],"wp:attachment":[{"href":"https:\/\/www.omni-biotic.com\/de-at\/wp-json\/wp\/v2\/media?parent=22257"}],"curies":[{"name":"wp","href":"https:\/\/api.w.org\/{rel}","templated":true}]}}