{"id":28985,"date":"2024-03-13T13:15:03","date_gmt":"2024-03-13T12:15:03","guid":{"rendered":"https:\/\/www.omni-biotic.com\/de-at\/?page_id=28985"},"modified":"2025-04-24T13:38:59","modified_gmt":"2025-04-24T11:38:59","slug":"nachhaltigkeit","status":"publish","type":"page","link":"https:\/\/www.omni-biotic.com\/de-at\/nachhaltigkeit\/","title":{"rendered":"Nachhaltigkeit am Institut AllergoSan"},"content":{"rendered":"\t\t<div data-elementor-type=\"wp-page\" data-elementor-id=\"28985\" class=\"elementor elementor-28985\" data-elementor-post-type=\"page\">\n\t\t\t\t<div class=\"elementor-element elementor-element-1c3ac6a e-con-full obcs none e-flex e-con e-parent\" data-id=\"1c3ac6a\" data-element_type=\"container\" data-settings=\"{&quot;background_background&quot;:&quot;classic&quot;,&quot;shape_divider_bottom&quot;:&quot;waves&quot;}\">\n\t\t\t\t<div class=\"elementor-shape elementor-shape-bottom\" aria-hidden=\"true\" data-negative=\"false\">\n\t\t\t<svg xmlns=\"http:\/\/www.w3.org\/2000\/svg\" viewBox=\"0 0 1000 100\" preserveAspectRatio=\"none\">\n\t<path class=\"elementor-shape-fill\" d=\"M421.9,6.5c22.6-2.5,51.5,0.4,75.5,5.3c23.6,4.9,70.9,23.5,100.5,35.7c75.8,32.2,133.7,44.5,192.6,49.7\n\tc23.6,2.1,48.7,3.5,103.4-2.5c54.7-6,106.2-25.6,106.2-25.6V0H0v30.3c0,0,72,32.6,158.4,30.5c39.2-0.7,92.8-6.7,134-22.4\n\tc21.2-8.1,52.2-18.2,79.7-24.2C399.3,7.9,411.6,7.5,421.9,6.5z\"\/>\n<\/svg>\t\t<\/div>\n\t\t<div class=\"elementor-element elementor-element-701d8ae e-con-full obcs none e-flex e-con e-child\" data-id=\"701d8ae\" data-element_type=\"container\" data-settings=\"{&quot;background_background&quot;:&quot;gradient&quot;}\">\n\t\t\t\t<div class=\"elementor-element elementor-element-c2b40f5 elementor-widget elementor-widget-heading\" data-id=\"c2b40f5\" data-element_type=\"widget\" data-widget_type=\"heading.default\">\n\t\t\t\t<div class=\"elementor-widget-container\">\n\t\t\t\t\t<h1 class=\"elementor-heading-title elementor-size-default\">Nachhaltigkeit<\/h1>\t\t\t\t<\/div>\n\t\t\t\t<\/div>\n\t\t\t\t<div class=\"elementor-element elementor-element-eff50a6 elementor-widget-divider--view-line elementor-widget elementor-widget-divider\" data-id=\"eff50a6\" data-element_type=\"widget\" data-widget_type=\"divider.default\">\n\t\t\t\t<div class=\"elementor-widget-container\">\n\t\t\t\t\t\t\t<div class=\"elementor-divider\">\n\t\t\t<span class=\"elementor-divider-separator\">\n\t\t\t\t\t\t<\/span>\n\t\t<\/div>\n\t\t\t\t\t\t<\/div>\n\t\t\t\t<\/div>\n\t\t\t\t<div class=\"elementor-element elementor-element-b650eb7 elementor-widget elementor-widget-heading\" data-id=\"b650eb7\" data-element_type=\"widget\" data-widget_type=\"heading.default\">\n\t\t\t\t<div class=\"elementor-widget-container\">\n\t\t\t\t\t<h3 class=\"elementor-heading-title elementor-size-default\">Ein gro\u00dfes Thema am Institut AllergoSan<\/h3>\t\t\t\t<\/div>\n\t\t\t\t<\/div>\n\t\t\t\t<\/div>\n\t\t\t\t<\/div>\n\t\t<div class=\"elementor-element elementor-element-d9c1b2c obcs none e-flex e-con-boxed e-con e-parent\" data-id=\"d9c1b2c\" data-element_type=\"container\">\n\t\t\t\t\t<div class=\"e-con-inner\">\n\t\t<div class=\"elementor-element elementor-element-1b2896e obcs none e-flex e-con-boxed e-con e-child\" data-id=\"1b2896e\" data-element_type=\"container\">\n\t\t\t\t\t<div class=\"e-con-inner\">\n\t\t<div class=\"elementor-element elementor-element-67fb354 e-con-full obcs none e-flex e-con e-child\" data-id=\"67fb354\" data-element_type=\"container\">\n\t\t\t\t<div class=\"elementor-element elementor-element-5812904 elementor-align-left elementor-widget__width-initial elementor-widget elementor-widget-breadcrumbs\" data-id=\"5812904\" data-element_type=\"widget\" data-widget_type=\"breadcrumbs.default\">\n\t\t\t\t<div class=\"elementor-widget-container\">\n\t\t\t\t\t<span><span class=\"last\">Home<\/span><\/span>\t\t\t\t<\/div>\n\t\t\t\t<\/div>\n\t\t\t\t<\/div>\n\t\t\t\t\t<\/div>\n\t\t\t\t<\/div>\n\t\t\t\t\t<\/div>\n\t\t\t\t<\/div>\n\t\t<div class=\"elementor-element elementor-element-af637fb obcs none e-flex e-con-boxed e-con e-parent\" data-id=\"af637fb\" data-element_type=\"container\">\n\t\t\t\t\t<div class=\"e-con-inner\">\n\t\t<div class=\"elementor-element elementor-element-1e67da9 obcs magenta e-flex e-con-boxed e-con e-child\" data-id=\"1e67da9\" data-element_type=\"container\">\n\t\t\t\t\t<div class=\"e-con-inner\">\n\t\t<div class=\"elementor-element elementor-element-3b25afb e-con-full obcs none e-flex e-con e-child\" data-id=\"3b25afb\" data-element_type=\"container\">\n\t\t\t\t<div class=\"elementor-element elementor-element-a956bb1 elementor-widget__width-initial elementor-widget elementor-widget-image\" data-id=\"a956bb1\" data-element_type=\"widget\" data-widget_type=\"image.default\">\n\t\t\t\t<div class=\"elementor-widget-container\">\n\t\t\t\t\t\t\t\t\t\t\t\t\t\t\t<img fetchpriority=\"high\" decoding=\"async\" width=\"768\" height=\"543\" src=\"https:\/\/www.omni-biotic.com\/de-at\/wp-content\/uploads\/sites\/2\/2024\/06\/20230802_Nachhaltigkeit_Logo_RGB-768x543.png\" class=\"attachment-medium_large size-medium_large wp-image-32010\" alt=\"institut allergosan logo\" srcset=\"https:\/\/www.omni-biotic.com\/de-at\/wp-content\/uploads\/sites\/2\/2024\/06\/20230802_Nachhaltigkeit_Logo_RGB-768x543.png 768w, https:\/\/www.omni-biotic.com\/de-at\/wp-content\/uploads\/sites\/2\/2024\/06\/20230802_Nachhaltigkeit_Logo_RGB-300x212.png 300w, https:\/\/www.omni-biotic.com\/de-at\/wp-content\/uploads\/sites\/2\/2024\/06\/20230802_Nachhaltigkeit_Logo_RGB-1024x724.png 1024w, https:\/\/www.omni-biotic.com\/de-at\/wp-content\/uploads\/sites\/2\/2024\/06\/20230802_Nachhaltigkeit_Logo_RGB.png 1191w\" sizes=\"(max-width: 768px) 100vw, 768px\" title=\"\">\t\t\t\t\t\t\t\t\t\t\t\t\t\t\t<\/div>\n\t\t\t\t<\/div>\n\t\t\t\t<\/div>\n\t\t<div class=\"elementor-element elementor-element-4c36c9b e-con-full obcs green e-flex e-con e-child\" data-id=\"4c36c9b\" data-element_type=\"container\">\n\t\t\t\t<div class=\"elementor-element elementor-element-ba80b06 elementor-widget elementor-widget-text-editor\" data-id=\"ba80b06\" data-element_type=\"widget\" data-widget_type=\"text-editor.default\">\n\t\t\t\t<div class=\"elementor-widget-container\">\n\t\t\t\t\t\t\t\t\t<p>Als <a href=\"https:\/\/www.omni-biotic.com\/de-at\/ueber-uns\/institut-allergosan\/kompetenzzentrum\/\">Zentrum f\u00fcr Mikrobiomforschung<\/a> hat es sich das <strong>Institut AllergoSan<\/strong> zum Ziel gesetzt, wissenschaftliche Innovationen zu entwickeln, die dem <strong>Gesamtsystem Mensch und Natur<\/strong> verpflichtet sind. Das bedeutet: Wir arbeiten ausschlie\u00dflich mit Substanzen, die uns die Natur bereitstellt. Daher ist es f\u00fcr uns selbstverst\u00e4ndlich, uns f\u00fcr den <strong>Schutz und Erhalt<\/strong> dieser Basis unseres Schaffens einzusetzen. Wir leben Nachhaltigkeit bereits seit vielen Jahren mit Begeisterung \u2013 und intensivieren zudem unser Engagement laufend.<\/p><p>Von <strong>ressourcenschonenden Verpackungen<\/strong> bis hin zum <strong>klimafreundlichen Weg<\/strong> zum Arbeitsplatz: Wir setzen uns mit den Auswirkungen unserer Handlungen auseinander, entwickeln Ma\u00dfnahmen weiter und bleiben immer dran, um noch <strong>bessere L\u00f6sungen<\/strong> f\u00fcr Umwelt und Gesellschaft zu finden \u2013 gemeinsam k\u00f6nnen wir einen <strong>wichtigen Beitrag<\/strong> leisten!<\/p>\t\t\t\t\t\t\t\t<\/div>\n\t\t\t\t<\/div>\n\t\t\t\t<\/div>\n\t\t\t\t\t<\/div>\n\t\t\t\t<\/div>\n\t\t\t\t\t<\/div>\n\t\t\t\t<\/div>\n\t\t<div class=\"elementor-element elementor-element-0235bfb obcs none e-flex e-con-boxed e-con e-parent\" data-id=\"0235bfb\" data-element_type=\"container\">\n\t\t\t\t\t<div class=\"e-con-inner\">\n\t\t\t\t<div class=\"elementor-element elementor-element-455973a elementor-widget elementor-widget-text-editor\" data-id=\"455973a\" data-element_type=\"widget\" data-widget_type=\"text-editor.default\">\n\t\t\t\t<div class=\"elementor-widget-container\">\n\t\t\t\t\t\t\t\t\t<p><b>Klima-Pakt-Unterzeichner:in: Institut AllergoSan<\/b><\/p><p><span style=\"color: var( --e-global-color-text ); text-align: var(--text-align); background-color: inherit; font-family: var( --e-global-typography-text-font-family ), -apple-system,BlinkMacSystemFont,Segoe UI,Roboto,Helvetica Neue,Arial,Noto Sans,sans-serif; font-size: var( --e-global-typography-text-font-size ); font-style: var( --e-global-typography-text-font-style ); font-weight: var( --e-global-typography-text-font-weight ); letter-spacing: var( --e-global-typography-text-letter-spacing ); text-transform: var( --e-global-typography-text-text-transform ); word-spacing: var( --e-global-typography-text-word-spacing );\">Mit unserem Beitritt zum Klima-Pakt der Stadt Graz setzen wir unseren Anspruch zur Erhaltung einer lebenswerten Welt konsequent fort. Denn wir wissen: Nachhaltigkeit ist nicht nur Verantwortung, sondern auch Weitsicht.<\/span><\/p><p><span style=\"color: var( --e-global-color-text ); text-align: var(--text-align); background-color: inherit; font-family: var( --e-global-typography-text-font-family ), -apple-system,BlinkMacSystemFont,Segoe UI,Roboto,Helvetica Neue,Arial,Noto Sans,sans-serif; font-size: var( --e-global-typography-text-font-size ); font-style: var( --e-global-typography-text-font-style ); font-weight: var( --e-global-typography-text-font-weight ); letter-spacing: var( --e-global-typography-text-letter-spacing ); text-transform: var( --e-global-typography-text-text-transform ); word-spacing: var( --e-global-typography-text-word-spacing );\">Als weltweit anerkanntes Kompetenzzentrum f\u00fcr Mikrobiomforschung steht am Institut AllergoSan die Verbindung von Wissenschaft und Natur an oberster Stelle. Daher wird Nachhaltigkeit von uns bereits seit Jahren mit Leidenschaft gelebt: vom energieeffizienten Headquarter mit eigener Photovoltaikanlage \u00fcber die Unterst\u00fctzung eines klimafreundlichen Arbeitswegs bis zur Verwendung kreislauff\u00e4higer Materialien. Mit dem Beitritt zum Klima-Pakt der Stadt Graz unterstreichen wir unseren Anspruch, eine lebenswerte Welt zu erhalten.<\/span><\/p><p><span style=\"color: #000000;\"><strong><a style=\"color: #000000;\" href=\"https:\/\/www.klimaschutz.graz.at\/cms\/beitrag\/10430604\/11269117\/Als_Wirtschaftstreibende_und_Organisation_mitmachen.html\" target=\"_blank\" rel=\"noopener\"><span style=\"text-align: var(--text-align); background-color: inherit; font-family: var( --e-global-typography-text-font-family ), -apple-system,BlinkMacSystemFont,Segoe UI,Roboto,Helvetica Neue,Arial,Noto Sans,sans-serif; font-size: var( --e-global-typography-text-font-size ); font-style: var( --e-global-typography-text-font-style ); letter-spacing: var( --e-global-typography-text-letter-spacing ); text-transform: var( --e-global-typography-text-text-transform ); word-spacing: var( --e-global-typography-text-word-spacing );\">Mehr Informationen<\/span><\/a><\/strong><\/span><\/p><div style=\"scrollbar-width: thin;\">\u00a0<\/div>\t\t\t\t\t\t\t\t<\/div>\n\t\t\t\t<\/div>\n\t\t\t\t\t<\/div>\n\t\t\t\t<\/div>\n\t\t<div class=\"elementor-element elementor-element-cf9e4d8 obcs none e-flex e-con-boxed e-con e-parent\" data-id=\"cf9e4d8\" data-element_type=\"container\">\n\t\t\t\t\t<div class=\"e-con-inner\">\n\t\t\t\t<div class=\"elementor-element elementor-element-e0eea2f elementor-widget elementor-widget-infobox\" data-id=\"e0eea2f\" data-element_type=\"widget\" data-widget_type=\"infobox.default\">\n\t\t\t\t<div class=\"elementor-widget-container\">\n\t\t\t\t\t\n<div class=\"li-widgets--infobox blue\">\n\n    <div class=\"li-widgets--infobox__icon\">\n        <i aria-hidden=\"true\" class=\"fas fa-hand-holding-heart\"><\/i>    <\/div>\n    <div class=\"li-widgets--infobox__text\">\n            <\/div>\n    <div class=\"li-widgets--infobox__text-body\">\n        <p><b>Wir\u00a0<\/b><strong>im\u00a0Institut AllergoSan sind \u00fcberzeugt<\/strong>:<\/p><p>Eine <strong>nachhaltige Entwicklung unseres Planeten<\/strong> und die Erhaltung einer lebenswerten Welt mit gegenseitiger Wertsch\u00e4tzung und einem fairen Umgang miteinander ist nur dann zu erreichen, wenn wir auf <strong>mehreren Ebenen Taten setzen<\/strong>. Und daher haben wir eine <strong>Nachhaltigkeitsstrategie<\/strong> entwickelt, in der wir <strong>proaktiv<\/strong> Ma\u00dfnahmen in diesen Bereichen <strong>vorantreiben<\/strong>:<\/p><p><strong> umweltbezogen, wirtschaftlich und sozial.<\/strong><\/p>    <\/div>\n\n    \n<\/div>\n\t\t\t\t<\/div>\n\t\t\t\t<\/div>\n\t\t\t\t\t<\/div>\n\t\t\t\t<\/div>\n\t\t<div class=\"elementor-element elementor-element-4c105c3 obcs green e-flex e-con-boxed e-con e-parent\" data-id=\"4c105c3\" data-element_type=\"container\">\n\t\t\t\t\t<div class=\"e-con-inner\">\n\t\t<div class=\"elementor-element elementor-element-771adac e-con-full obcs none e-flex e-con e-child\" data-id=\"771adac\" data-element_type=\"container\">\n\t\t\t\t<div class=\"elementor-element elementor-element-1729c2a elementor-widget elementor-widget-heading\" data-id=\"1729c2a\" data-element_type=\"widget\" data-widget_type=\"heading.default\">\n\t\t\t\t<div class=\"elementor-widget-container\">\n\t\t\t\t\t<span class=\"elementor-heading-title elementor-size-default\">Wir richten unseren Fokus auf drei S\u00e4ulen der Nachhaltigkeit<\/span>\t\t\t\t<\/div>\n\t\t\t\t<\/div>\n\t\t\t\t<\/div>\n\t\t\t\t\t<\/div>\n\t\t\t\t<\/div>\n\t\t<div class=\"elementor-element elementor-element-8ec41d9 obcs green e-flex e-con-boxed e-con e-parent\" data-id=\"8ec41d9\" data-element_type=\"container\">\n\t\t\t\t\t<div class=\"e-con-inner\">\n\t\t<div class=\"elementor-element elementor-element-1d0b40b obcs green e-con-full e-flex e-con e-child\" data-id=\"1d0b40b\" data-element_type=\"container\">\n\t\t\t\t<div class=\"elementor-element elementor-element-1465310 e-transform elementor-widget elementor-widget-image\" data-id=\"1465310\" data-element_type=\"widget\" data-settings=\"{&quot;_transform_translateY_effect_hover&quot;:{&quot;unit&quot;:&quot;px&quot;,&quot;size&quot;:-20,&quot;sizes&quot;:[]},&quot;_transform_translateX_effect_hover&quot;:{&quot;unit&quot;:&quot;px&quot;,&quot;size&quot;:&quot;&quot;,&quot;sizes&quot;:[]},&quot;_transform_translateX_effect_hover_tablet&quot;:{&quot;unit&quot;:&quot;px&quot;,&quot;size&quot;:&quot;&quot;,&quot;sizes&quot;:[]},&quot;_transform_translateX_effect_hover_mobile&quot;:{&quot;unit&quot;:&quot;px&quot;,&quot;size&quot;:&quot;&quot;,&quot;sizes&quot;:[]},&quot;_transform_translateY_effect_hover_tablet&quot;:{&quot;unit&quot;:&quot;px&quot;,&quot;size&quot;:&quot;&quot;,&quot;sizes&quot;:[]},&quot;_transform_translateY_effect_hover_mobile&quot;:{&quot;unit&quot;:&quot;px&quot;,&quot;size&quot;:&quot;&quot;,&quot;sizes&quot;:[]}}\" data-widget_type=\"image.default\">\n\t\t\t\t<div class=\"elementor-widget-container\">\n\t\t\t\t\t\t\t\t\t\t\t\t\t\t\t\t<a href=\"https:\/\/www.omni-biotic.com\/de-at\/nachhaltigkeit\/mitarbeiter-gesellschaft\/\">\n\t\t\t\t\t\t\t<img decoding=\"async\" width=\"800\" height=\"800\" src=\"https:\/\/www.omni-biotic.com\/de-at\/wp-content\/uploads\/sites\/2\/2024\/02\/mitarbeiter-gesellschaft.jpg\" class=\"attachment-large size-large wp-image-29089\" alt=\"Mitarbeiter und Gesellschaft\" srcset=\"https:\/\/www.omni-biotic.com\/de-at\/wp-content\/uploads\/sites\/2\/2024\/02\/mitarbeiter-gesellschaft.jpg 1024w, https:\/\/www.omni-biotic.com\/de-at\/wp-content\/uploads\/sites\/2\/2024\/02\/mitarbeiter-gesellschaft-300x300.jpg 300w, https:\/\/www.omni-biotic.com\/de-at\/wp-content\/uploads\/sites\/2\/2024\/02\/mitarbeiter-gesellschaft-150x150.jpg 150w, https:\/\/www.omni-biotic.com\/de-at\/wp-content\/uploads\/sites\/2\/2024\/02\/mitarbeiter-gesellschaft-768x768.jpg 768w\" sizes=\"(max-width: 800px) 100vw, 800px\" title=\"\">\t\t\t\t\t\t\t\t<\/a>\n\t\t\t\t\t\t\t\t\t\t\t\t\t\t\t<\/div>\n\t\t\t\t<\/div>\n\t\t\t\t<div class=\"elementor-element elementor-element-651040d elementor-widget elementor-widget-heading\" data-id=\"651040d\" data-element_type=\"widget\" data-widget_type=\"heading.default\">\n\t\t\t\t<div class=\"elementor-widget-container\">\n\t\t\t\t\t<h3 class=\"elementor-heading-title elementor-size-default\"><a href=\"https:\/\/www.omni-biotic.com\/de-at\/nachhaltigkeit\/mitarbeiter-gesellschaft\/\">Mitarbeiter und Gesellschaft<\/a><\/h3>\t\t\t\t<\/div>\n\t\t\t\t<\/div>\n\t\t\t\t<div class=\"elementor-element elementor-element-419acc6 elementor-widget elementor-widget-text-editor\" data-id=\"419acc6\" data-element_type=\"widget\" data-widget_type=\"text-editor.default\">\n\t\t\t\t<div class=\"elementor-widget-container\">\n\t\t\t\t\t\t\t\t\t<p style=\"text-align: center;\">Wir tragen Verantwortung gegen\u00fcber allen, die f\u00fcr und mit uns arbeiten.<\/p>\t\t\t\t\t\t\t\t<\/div>\n\t\t\t\t<\/div>\n\t\t\t\t<\/div>\n\t\t<div class=\"elementor-element elementor-element-77ff4ca obcs green e-con-full e-flex e-con e-child\" data-id=\"77ff4ca\" data-element_type=\"container\">\n\t\t\t\t<div class=\"elementor-element elementor-element-a7621f2 e-transform elementor-widget elementor-widget-image\" data-id=\"a7621f2\" data-element_type=\"widget\" data-settings=\"{&quot;_transform_translateY_effect_hover&quot;:{&quot;unit&quot;:&quot;px&quot;,&quot;size&quot;:-20,&quot;sizes&quot;:[]},&quot;_transform_translateX_effect_hover&quot;:{&quot;unit&quot;:&quot;px&quot;,&quot;size&quot;:&quot;&quot;,&quot;sizes&quot;:[]},&quot;_transform_translateX_effect_hover_tablet&quot;:{&quot;unit&quot;:&quot;px&quot;,&quot;size&quot;:&quot;&quot;,&quot;sizes&quot;:[]},&quot;_transform_translateX_effect_hover_mobile&quot;:{&quot;unit&quot;:&quot;px&quot;,&quot;size&quot;:&quot;&quot;,&quot;sizes&quot;:[]},&quot;_transform_translateY_effect_hover_tablet&quot;:{&quot;unit&quot;:&quot;px&quot;,&quot;size&quot;:&quot;&quot;,&quot;sizes&quot;:[]},&quot;_transform_translateY_effect_hover_mobile&quot;:{&quot;unit&quot;:&quot;px&quot;,&quot;size&quot;:&quot;&quot;,&quot;sizes&quot;:[]}}\" data-widget_type=\"image.default\">\n\t\t\t\t<div class=\"elementor-widget-container\">\n\t\t\t\t\t\t\t\t\t\t\t\t\t\t\t\t<a href=\"https:\/\/www.omni-biotic.com\/de-at\/nachhaltigkeit\/wirtschaftliche-nachhaltigkeit\/\">\n\t\t\t\t\t\t\t<img decoding=\"async\" width=\"800\" height=\"800\" src=\"https:\/\/www.omni-biotic.com\/de-at\/wp-content\/uploads\/sites\/2\/2024\/02\/wirtschaftliche-nachhaltigkeit.jpg\" class=\"attachment-large size-large wp-image-29091\" alt=\"Wirtschaftliche Nachhaltigkeit\" srcset=\"https:\/\/www.omni-biotic.com\/de-at\/wp-content\/uploads\/sites\/2\/2024\/02\/wirtschaftliche-nachhaltigkeit.jpg 1024w, https:\/\/www.omni-biotic.com\/de-at\/wp-content\/uploads\/sites\/2\/2024\/02\/wirtschaftliche-nachhaltigkeit-300x300.jpg 300w, https:\/\/www.omni-biotic.com\/de-at\/wp-content\/uploads\/sites\/2\/2024\/02\/wirtschaftliche-nachhaltigkeit-150x150.jpg 150w, https:\/\/www.omni-biotic.com\/de-at\/wp-content\/uploads\/sites\/2\/2024\/02\/wirtschaftliche-nachhaltigkeit-768x768.jpg 768w\" sizes=\"(max-width: 800px) 100vw, 800px\" title=\"\">\t\t\t\t\t\t\t\t<\/a>\n\t\t\t\t\t\t\t\t\t\t\t\t\t\t\t<\/div>\n\t\t\t\t<\/div>\n\t\t\t\t<div class=\"elementor-element elementor-element-e722166 elementor-widget elementor-widget-heading\" data-id=\"e722166\" data-element_type=\"widget\" data-widget_type=\"heading.default\">\n\t\t\t\t<div class=\"elementor-widget-container\">\n\t\t\t\t\t<h3 class=\"elementor-heading-title elementor-size-default\"><a href=\"https:\/\/www.omni-biotic.com\/de-at\/nachhaltigkeit\/wirtschaftliche-nachhaltigkeit\/\">Wirtschaftliche Nachhaltigkeit<\/a><\/h3>\t\t\t\t<\/div>\n\t\t\t\t<\/div>\n\t\t\t\t<div class=\"elementor-element elementor-element-ba25d7f elementor-widget elementor-widget-text-editor\" data-id=\"ba25d7f\" data-element_type=\"widget\" data-widget_type=\"text-editor.default\">\n\t\t\t\t<div class=\"elementor-widget-container\">\n\t\t\t\t\t\t\t\t\t<p style=\"text-align: center;\">Unser unternehmerisches Handeln zielt auch auf den Nutzen f\u00fcr zuk\u00fcnftige Generationen.<\/p>\t\t\t\t\t\t\t\t<\/div>\n\t\t\t\t<\/div>\n\t\t\t\t<\/div>\n\t\t<div class=\"elementor-element elementor-element-f61b4b5 obcs green e-con-full e-flex e-con e-child\" data-id=\"f61b4b5\" data-element_type=\"container\">\n\t\t\t\t<div class=\"elementor-element elementor-element-dc27292 e-transform elementor-widget elementor-widget-image\" data-id=\"dc27292\" data-element_type=\"widget\" data-settings=\"{&quot;_transform_translateY_effect_hover&quot;:{&quot;unit&quot;:&quot;px&quot;,&quot;size&quot;:-20,&quot;sizes&quot;:[]},&quot;_transform_translateX_effect_hover&quot;:{&quot;unit&quot;:&quot;px&quot;,&quot;size&quot;:&quot;&quot;,&quot;sizes&quot;:[]},&quot;_transform_translateX_effect_hover_tablet&quot;:{&quot;unit&quot;:&quot;px&quot;,&quot;size&quot;:&quot;&quot;,&quot;sizes&quot;:[]},&quot;_transform_translateX_effect_hover_mobile&quot;:{&quot;unit&quot;:&quot;px&quot;,&quot;size&quot;:&quot;&quot;,&quot;sizes&quot;:[]},&quot;_transform_translateY_effect_hover_tablet&quot;:{&quot;unit&quot;:&quot;px&quot;,&quot;size&quot;:&quot;&quot;,&quot;sizes&quot;:[]},&quot;_transform_translateY_effect_hover_mobile&quot;:{&quot;unit&quot;:&quot;px&quot;,&quot;size&quot;:&quot;&quot;,&quot;sizes&quot;:[]}}\" data-widget_type=\"image.default\">\n\t\t\t\t<div class=\"elementor-widget-container\">\n\t\t\t\t\t\t\t\t\t\t\t\t\t\t\t\t<a href=\"https:\/\/www.omni-biotic.com\/de-at\/nachhaltigkeit\/umwelt-und-ressourcen\/\">\n\t\t\t\t\t\t\t<img loading=\"lazy\" decoding=\"async\" width=\"800\" height=\"800\" src=\"https:\/\/www.omni-biotic.com\/de-at\/wp-content\/uploads\/sites\/2\/2024\/02\/ressourcen-und-umwelt.jpg\" class=\"attachment-large size-large wp-image-29092\" alt=\"Umwelt und Ressourcen\" srcset=\"https:\/\/www.omni-biotic.com\/de-at\/wp-content\/uploads\/sites\/2\/2024\/02\/ressourcen-und-umwelt.jpg 1024w, https:\/\/www.omni-biotic.com\/de-at\/wp-content\/uploads\/sites\/2\/2024\/02\/ressourcen-und-umwelt-300x300.jpg 300w, https:\/\/www.omni-biotic.com\/de-at\/wp-content\/uploads\/sites\/2\/2024\/02\/ressourcen-und-umwelt-150x150.jpg 150w, https:\/\/www.omni-biotic.com\/de-at\/wp-content\/uploads\/sites\/2\/2024\/02\/ressourcen-und-umwelt-768x768.jpg 768w\" sizes=\"(max-width: 800px) 100vw, 800px\" title=\"\">\t\t\t\t\t\t\t\t<\/a>\n\t\t\t\t\t\t\t\t\t\t\t\t\t\t\t<\/div>\n\t\t\t\t<\/div>\n\t\t\t\t<div class=\"elementor-element elementor-element-10d6327 elementor-widget elementor-widget-heading\" data-id=\"10d6327\" data-element_type=\"widget\" data-widget_type=\"heading.default\">\n\t\t\t\t<div class=\"elementor-widget-container\">\n\t\t\t\t\t<h3 class=\"elementor-heading-title elementor-size-default\"><a href=\"https:\/\/www.omni-biotic.com\/de-at\/nachhaltigkeit\/umwelt-und-ressourcen\/\">Umwelt und Ressourcen<\/a><\/h3>\t\t\t\t<\/div>\n\t\t\t\t<\/div>\n\t\t\t\t<div class=\"elementor-element elementor-element-17f7a7b elementor-widget elementor-widget-text-editor\" data-id=\"17f7a7b\" data-element_type=\"widget\" data-widget_type=\"text-editor.default\">\n\t\t\t\t<div class=\"elementor-widget-container\">\n\t\t\t\t\t\t\t\t\t<p style=\"text-align: center;\">\u00d6kologisch umsichtiges Vorgehen reduziert Emissionen und spart nat\u00fcrliche Ressourcen.<\/p>\t\t\t\t\t\t\t\t<\/div>\n\t\t\t\t<\/div>\n\t\t\t\t<\/div>\n\t\t\t\t\t<\/div>\n\t\t\t\t<\/div>\n\t\t\t\t<\/div>\n\t\t","protected":false},"excerpt":{"rendered":"<p>Nachhaltigkeit Ein gro\u00dfes Thema am Institut AllergoSan Home Als Zentrum f\u00fcr Mikrobiomforschung hat es sich das Institut AllergoSan zum Ziel gesetzt, wissenschaftliche Innovationen zu entwickeln, die dem Gesamtsystem Mensch und Natur verpflichtet sind. Das bedeutet: Wir arbeiten ausschlie\u00dflich mit Substanzen, die uns die Natur bereitstellt. Daher ist es f\u00fcr uns selbstverst\u00e4ndlich, uns f\u00fcr den Schutz [&hellip;]<\/p>\n","protected":false},"author":8,"featured_media":29368,"parent":0,"menu_order":320,"comment_status":"closed","ping_status":"closed","template":"","meta":{"_acf_changed":false,"inline_featured_image":false,"footnotes":""},"class_list":["post-28985","page","type-page","status-publish","has-post-thumbnail","hentry"],"acf":[],"_links":{"self":[{"href":"https:\/\/www.omni-biotic.com\/de-at\/wp-json\/wp\/v2\/pages\/28985","targetHints":{"allow":["GET"]}}],"collection":[{"href":"https:\/\/www.omni-biotic.com\/de-at\/wp-json\/wp\/v2\/pages"}],"about":[{"href":"https:\/\/www.omni-biotic.com\/de-at\/wp-json\/wp\/v2\/types\/page"}],"author":[{"embeddable":true,"href":"https:\/\/www.omni-biotic.com\/de-at\/wp-json\/wp\/v2\/users\/8"}],"replies":[{"embeddable":true,"href":"https:\/\/www.omni-biotic.com\/de-at\/wp-json\/wp\/v2\/comments?post=28985"}],"version-history":[{"count":7,"href":"https:\/\/www.omni-biotic.com\/de-at\/wp-json\/wp\/v2\/pages\/28985\/revisions"}],"predecessor-version":[{"id":37749,"href":"https:\/\/www.omni-biotic.com\/de-at\/wp-json\/wp\/v2\/pages\/28985\/revisions\/37749"}],"wp:featuredmedia":[{"embeddable":true,"href":"https:\/\/www.omni-biotic.com\/de-at\/wp-json\/wp\/v2\/media\/29368"}],"wp:attachment":[{"href":"https:\/\/www.omni-biotic.com\/de-at\/wp-json\/wp\/v2\/media?parent=28985"}],"curies":[{"name":"wp","href":"https:\/\/api.w.org\/{rel}","templated":true}]}}