{"id":29208,"date":"2024-03-18T14:57:58","date_gmt":"2024-03-18T13:57:58","guid":{"rendered":"https:\/\/www.omni-biotic.com\/de-at\/?page_id=29208"},"modified":"2025-10-13T13:27:08","modified_gmt":"2025-10-13T11:27:08","slug":"mitarbeiter-gesellschaft","status":"publish","type":"page","link":"https:\/\/www.omni-biotic.com\/de-at\/nachhaltigkeit\/mitarbeiter-gesellschaft\/","title":{"rendered":"Mitarbeiter und Gesellschaft"},"content":{"rendered":"\t\t<div data-elementor-type=\"wp-page\" data-elementor-id=\"29208\" class=\"elementor elementor-29208\" data-elementor-post-type=\"page\">\n\t\t\t\t<div class=\"elementor-element elementor-element-93f7609 e-con-full obcs none e-flex e-con e-parent\" data-id=\"93f7609\" data-element_type=\"container\" data-settings=\"{&quot;background_background&quot;:&quot;classic&quot;,&quot;shape_divider_bottom&quot;:&quot;waves&quot;}\">\n\t\t\t\t<div class=\"elementor-shape elementor-shape-bottom\" aria-hidden=\"true\" data-negative=\"false\">\n\t\t\t<svg xmlns=\"http:\/\/www.w3.org\/2000\/svg\" viewBox=\"0 0 1000 100\" preserveAspectRatio=\"none\">\n\t<path class=\"elementor-shape-fill\" d=\"M421.9,6.5c22.6-2.5,51.5,0.4,75.5,5.3c23.6,4.9,70.9,23.5,100.5,35.7c75.8,32.2,133.7,44.5,192.6,49.7\n\tc23.6,2.1,48.7,3.5,103.4-2.5c54.7-6,106.2-25.6,106.2-25.6V0H0v30.3c0,0,72,32.6,158.4,30.5c39.2-0.7,92.8-6.7,134-22.4\n\tc21.2-8.1,52.2-18.2,79.7-24.2C399.3,7.9,411.6,7.5,421.9,6.5z\"\/>\n<\/svg>\t\t<\/div>\n\t\t<div class=\"elementor-element elementor-element-5db888f e-con-full obcs none e-flex e-con e-child\" data-id=\"5db888f\" data-element_type=\"container\" data-settings=\"{&quot;background_background&quot;:&quot;gradient&quot;}\">\n\t\t\t\t<div class=\"elementor-element elementor-element-543ae73 elementor-widget elementor-widget-heading\" data-id=\"543ae73\" data-element_type=\"widget\" data-widget_type=\"heading.default\">\n\t\t\t\t<div class=\"elementor-widget-container\">\n\t\t\t\t\t<h1 class=\"elementor-heading-title elementor-size-default\">Mitarbeiter &amp; Gesellschaft\u200b<\/h1>\t\t\t\t<\/div>\n\t\t\t\t<\/div>\n\t\t\t\t<div class=\"elementor-element elementor-element-09bce20 elementor-widget-divider--view-line elementor-widget elementor-widget-divider\" data-id=\"09bce20\" data-element_type=\"widget\" data-widget_type=\"divider.default\">\n\t\t\t\t<div class=\"elementor-widget-container\">\n\t\t\t\t\t\t\t<div class=\"elementor-divider\">\n\t\t\t<span class=\"elementor-divider-separator\">\n\t\t\t\t\t\t<\/span>\n\t\t<\/div>\n\t\t\t\t\t\t<\/div>\n\t\t\t\t<\/div>\n\t\t\t\t<\/div>\n\t\t\t\t<\/div>\n\t\t<div class=\"elementor-element elementor-element-d9c1b2c obcs none e-flex e-con-boxed e-con e-parent\" data-id=\"d9c1b2c\" data-element_type=\"container\">\n\t\t\t\t\t<div class=\"e-con-inner\">\n\t\t<div class=\"elementor-element elementor-element-1b2896e obcs none e-flex e-con-boxed e-con e-child\" data-id=\"1b2896e\" data-element_type=\"container\">\n\t\t\t\t\t<div class=\"e-con-inner\">\n\t\t<div class=\"elementor-element elementor-element-67fb354 e-con-full obcs none e-flex e-con e-child\" data-id=\"67fb354\" data-element_type=\"container\">\n\t\t\t\t<div class=\"elementor-element elementor-element-5812904 elementor-align-left elementor-widget__width-initial elementor-widget elementor-widget-breadcrumbs\" data-id=\"5812904\" data-element_type=\"widget\" data-widget_type=\"breadcrumbs.default\">\n\t\t\t\t<div class=\"elementor-widget-container\">\n\t\t\t\t\t<span><span class=\"last\">Home<\/span><\/span>\t\t\t\t<\/div>\n\t\t\t\t<\/div>\n\t\t\t\t<\/div>\n\t\t\t\t\t<\/div>\n\t\t\t\t<\/div>\n\t\t\t\t\t<\/div>\n\t\t\t\t<\/div>\n\t\t<div class=\"elementor-element elementor-element-31e0461 obcs none e-flex e-con-boxed e-con e-parent\" data-id=\"31e0461\" data-element_type=\"container\">\n\t\t\t\t\t<div class=\"e-con-inner\">\n\t\t<div class=\"elementor-element elementor-element-7fac750 e-con-full obcs none e-flex e-con e-child\" data-id=\"7fac750\" data-element_type=\"container\" data-settings=\"{&quot;background_background&quot;:&quot;classic&quot;}\">\n\t\t\t\t<div class=\"elementor-element elementor-element-8ffe021 elementor-widget elementor-widget-image\" data-id=\"8ffe021\" data-element_type=\"widget\" data-widget_type=\"image.default\">\n\t\t\t\t<div class=\"elementor-widget-container\">\n\t\t\t\t\t\t\t\t\t\t\t\t\t\t\t<img fetchpriority=\"high\" decoding=\"async\" width=\"800\" height=\"714\" src=\"https:\/\/www.omni-biotic.com\/de-at\/wp-content\/uploads\/sites\/2\/2024\/03\/gesunderhaltung.svg\" class=\"attachment-large size-large wp-image-29220\" alt=\"Gesunderhaltung im Fokus\" title=\"\">\t\t\t\t\t\t\t\t\t\t\t\t\t\t\t<\/div>\n\t\t\t\t<\/div>\n\t\t\t\t<div class=\"elementor-element elementor-element-5aebab5 elementor-widget elementor-widget-heading\" data-id=\"5aebab5\" data-element_type=\"widget\" data-widget_type=\"heading.default\">\n\t\t\t\t<div class=\"elementor-widget-container\">\n\t\t\t\t\t<div class=\"elementor-heading-title elementor-size-default\">Gesunderhaltung im Fokus<\/div>\t\t\t\t<\/div>\n\t\t\t\t<\/div>\n\t\t\t\t<\/div>\n\t\t<div class=\"elementor-element elementor-element-61257a3 e-con-full obcs none e-flex e-con e-child\" data-id=\"61257a3\" data-element_type=\"container\" data-settings=\"{&quot;background_background&quot;:&quot;classic&quot;}\">\n\t\t\t\t<div class=\"elementor-element elementor-element-0493dca elementor-widget elementor-widget-image\" data-id=\"0493dca\" data-element_type=\"widget\" data-widget_type=\"image.default\">\n\t\t\t\t<div class=\"elementor-widget-container\">\n\t\t\t\t\t\t\t\t\t\t\t\t\t\t\t<img decoding=\"async\" width=\"800\" height=\"734\" src=\"https:\/\/www.omni-biotic.com\/de-at\/wp-content\/uploads\/sites\/2\/2024\/03\/familienunternehmen.svg\" class=\"attachment-large size-large wp-image-29219\" alt=\"Familienunternehmen, in dem der Mensch noch z\u00e4hlt\" title=\"\">\t\t\t\t\t\t\t\t\t\t\t\t\t\t\t<\/div>\n\t\t\t\t<\/div>\n\t\t\t\t<div class=\"elementor-element elementor-element-facf5d3 elementor-widget elementor-widget-heading\" data-id=\"facf5d3\" data-element_type=\"widget\" data-widget_type=\"heading.default\">\n\t\t\t\t<div class=\"elementor-widget-container\">\n\t\t\t\t\t<div class=\"elementor-heading-title elementor-size-default\">Familienunternehmen, in dem der Mensch noch z\u00e4hlt<\/div>\t\t\t\t<\/div>\n\t\t\t\t<\/div>\n\t\t\t\t<\/div>\n\t\t<div class=\"elementor-element elementor-element-6b8b4d7 e-con-full obcs none e-flex e-con e-child\" data-id=\"6b8b4d7\" data-element_type=\"container\" data-settings=\"{&quot;background_background&quot;:&quot;classic&quot;}\">\n\t\t\t\t<div class=\"elementor-element elementor-element-899d9d7 elementor-widget elementor-widget-image\" data-id=\"899d9d7\" data-element_type=\"widget\" data-widget_type=\"image.default\">\n\t\t\t\t<div class=\"elementor-widget-container\">\n\t\t\t\t\t\t\t\t\t\t\t\t\t\t\t<img decoding=\"async\" width=\"800\" height=\"808\" src=\"https:\/\/www.omni-biotic.com\/de-at\/wp-content\/uploads\/sites\/2\/2024\/03\/teamplay.svg\" class=\"attachment-large size-large wp-image-29221\" alt=\"Echtes Teamplay\" title=\"\">\t\t\t\t\t\t\t\t\t\t\t\t\t\t\t<\/div>\n\t\t\t\t<\/div>\n\t\t\t\t<div class=\"elementor-element elementor-element-b0f7b6a elementor-widget elementor-widget-heading\" data-id=\"b0f7b6a\" data-element_type=\"widget\" data-widget_type=\"heading.default\">\n\t\t\t\t<div class=\"elementor-widget-container\">\n\t\t\t\t\t<div class=\"elementor-heading-title elementor-size-default\">Echtes Teamplay<\/div>\t\t\t\t<\/div>\n\t\t\t\t<\/div>\n\t\t\t\t<\/div>\n\t\t\t\t\t<\/div>\n\t\t\t\t<\/div>\n\t\t<div class=\"elementor-element elementor-element-bb03d86 obcs none e-flex e-con-boxed e-con e-parent\" data-id=\"bb03d86\" data-element_type=\"container\">\n\t\t\t\t\t<div class=\"e-con-inner\">\n\t\t<div class=\"elementor-element elementor-element-324fe58 e-con-full obcs none e-flex e-con e-child\" data-id=\"324fe58\" data-element_type=\"container\">\n\t\t\t\t<div class=\"elementor-element elementor-element-6c4ac1c e-transform elementor-widget elementor-widget-image\" data-id=\"6c4ac1c\" data-element_type=\"widget\" data-settings=\"{&quot;_transform_rotateZ_effect&quot;:{&quot;unit&quot;:&quot;px&quot;,&quot;size&quot;:0,&quot;sizes&quot;:[]},&quot;_transform_rotate_3d&quot;:&quot;yes&quot;,&quot;_transform_rotateX_effect&quot;:{&quot;unit&quot;:&quot;px&quot;,&quot;size&quot;:0,&quot;sizes&quot;:[]},&quot;_transform_rotateY_effect&quot;:{&quot;unit&quot;:&quot;px&quot;,&quot;size&quot;:4,&quot;sizes&quot;:[]},&quot;_transform_perspective_effect&quot;:{&quot;unit&quot;:&quot;px&quot;,&quot;size&quot;:650,&quot;sizes&quot;:[]},&quot;_transform_rotateZ_effect_tablet&quot;:{&quot;unit&quot;:&quot;deg&quot;,&quot;size&quot;:&quot;&quot;,&quot;sizes&quot;:[]},&quot;_transform_rotateZ_effect_mobile&quot;:{&quot;unit&quot;:&quot;deg&quot;,&quot;size&quot;:&quot;&quot;,&quot;sizes&quot;:[]},&quot;_transform_rotateX_effect_tablet&quot;:{&quot;unit&quot;:&quot;deg&quot;,&quot;size&quot;:&quot;&quot;,&quot;sizes&quot;:[]},&quot;_transform_rotateX_effect_mobile&quot;:{&quot;unit&quot;:&quot;deg&quot;,&quot;size&quot;:&quot;&quot;,&quot;sizes&quot;:[]},&quot;_transform_rotateY_effect_tablet&quot;:{&quot;unit&quot;:&quot;deg&quot;,&quot;size&quot;:&quot;&quot;,&quot;sizes&quot;:[]},&quot;_transform_rotateY_effect_mobile&quot;:{&quot;unit&quot;:&quot;deg&quot;,&quot;size&quot;:&quot;&quot;,&quot;sizes&quot;:[]},&quot;_transform_perspective_effect_tablet&quot;:{&quot;unit&quot;:&quot;px&quot;,&quot;size&quot;:&quot;&quot;,&quot;sizes&quot;:[]},&quot;_transform_perspective_effect_mobile&quot;:{&quot;unit&quot;:&quot;px&quot;,&quot;size&quot;:&quot;&quot;,&quot;sizes&quot;:[]}}\" data-widget_type=\"image.default\">\n\t\t\t\t<div class=\"elementor-widget-container\">\n\t\t\t\t\t\t\t\t\t\t\t\t\t\t\t<img loading=\"lazy\" decoding=\"async\" width=\"800\" height=\"534\" src=\"https:\/\/www.omni-biotic.com\/de-at\/wp-content\/uploads\/sites\/2\/2024\/03\/allergosan-essen.webp\" class=\"attachment-large size-large wp-image-29224\" alt=\"Mitarbeiter des Institut AllergoSan am Essen\" srcset=\"https:\/\/www.omni-biotic.com\/de-at\/wp-content\/uploads\/sites\/2\/2024\/03\/allergosan-essen.webp 1000w, https:\/\/www.omni-biotic.com\/de-at\/wp-content\/uploads\/sites\/2\/2024\/03\/allergosan-essen-300x200.webp 300w, https:\/\/www.omni-biotic.com\/de-at\/wp-content\/uploads\/sites\/2\/2024\/03\/allergosan-essen-768x512.webp 768w\" sizes=\"(max-width: 800px) 100vw, 800px\" title=\"\">\t\t\t\t\t\t\t\t\t\t\t\t\t\t\t<\/div>\n\t\t\t\t<\/div>\n\t\t\t\t<\/div>\n\t\t<div class=\"elementor-element elementor-element-388a3ac e-con-full obcs none e-flex e-con e-child\" data-id=\"388a3ac\" data-element_type=\"container\">\n\t\t\t\t<div class=\"elementor-element elementor-element-eb0f457 elementor-widget elementor-widget-heading\" data-id=\"eb0f457\" data-element_type=\"widget\" data-widget_type=\"heading.default\">\n\t\t\t\t<div class=\"elementor-widget-container\">\n\t\t\t\t\t<h2 class=\"elementor-heading-title elementor-size-default\">Familienunternehmen<\/h2>\t\t\t\t<\/div>\n\t\t\t\t<\/div>\n\t\t\t\t<div class=\"elementor-element elementor-element-3c7809d elementor-widget elementor-widget-text-editor\" data-id=\"3c7809d\" data-element_type=\"widget\" data-widget_type=\"text-editor.default\">\n\t\t\t\t<div class=\"elementor-widget-container\">\n\t\t\t\t\t\t\t\t\t<p>Wir sind ein Familienunternehmen, in dem der <strong>Mensch<\/strong> z\u00e4hlt und im <strong>Mittelpunkt unserer Arbeit<\/strong> steht. Und daher schaffen wir ein Arbeitsumfeld, das jeden einzelnen darin unterst\u00fctzt, sein Bestes geben zu k\u00f6nnen \u2013 <strong>famili\u00e4re Struktur<\/strong>, <strong>positiv im Umgang miteinander<\/strong> und nat\u00fcrlich mit klarem <strong>Fokus<\/strong> auf der <strong>Gesunderhaltung unserer Mitarbeiter<\/strong>.<\/p><p>Denn das R\u00fcckgrat des <a href=\"https:\/\/www.omni-biotic.com\/de-at\/ueber-uns\/institut-allergosan\/\">Institut AllergoSan<\/a> sind die Menschen, die bei und f\u00fcr uns arbeiten \u2013 und diese k\u00f6nnen sich \u00fcber <strong>zahlreiche Goodies<\/strong> freuen: Von <strong>regelm\u00e4\u00dfigen Sportangeboten<\/strong> \u00fcber die <strong>t\u00e4gliche kostenlose St\u00e4rkung<\/strong> an der <strong><a href=\"https:\/\/www.omni-biotic.com\/de-at\/ueber-uns\/was-ist-omni-biotic\/\">OMNi-BiOTiC\u00ae<\/a>-Bar<\/strong> bis hin zum <strong>Gratis-Monatsprodukt<\/strong> f\u00fcr die Familie und ganz speziell einem wertsch\u00e4tzenden und freundschaftlichen Umgang miteinander \u2013 Tag f\u00fcr Tag.<\/p>\t\t\t\t\t\t\t\t<\/div>\n\t\t\t\t<\/div>\n\t\t\t\t<\/div>\n\t\t\t\t\t<\/div>\n\t\t\t\t<\/div>\n\t\t<div class=\"elementor-element elementor-element-d201d0d obcs green e-flex e-con-boxed e-con e-parent\" data-id=\"d201d0d\" data-element_type=\"container\">\n\t\t\t\t\t<div class=\"e-con-inner\">\n\t\t<div class=\"elementor-element elementor-element-5d20bfa e-con-full obcs none e-flex e-con e-child\" data-id=\"5d20bfa\" data-element_type=\"container\">\n\t\t\t\t<div class=\"elementor-element elementor-element-b6d8513 elementor-widget elementor-widget-text-editor\" data-id=\"b6d8513\" data-element_type=\"widget\" data-widget_type=\"text-editor.default\">\n\t\t\t\t<div class=\"elementor-widget-container\">\n\t\t\t\t\t\t\t\t\t<p>Bei uns wird <strong>Vielfalt<\/strong> und <strong>echtes Teamplay<\/strong> wertgesch\u00e4tzt: Mitarbeiter aus mehr als 20 Nationen, aus verschiedensten Kulturen, Altersgruppen und Fachbereichen arbeiten zusammen \u2013 schlie\u00dflich geht es um die <strong>Gesundheit aller Menschen<\/strong>. <strong>Regelm\u00e4\u00dfige Weiterbildung<\/strong>, um Schritt zu halten mit den Fortschritten in Forschung und Produktentwicklung, ist f\u00fcr unsere Kollegen daher selbstverst\u00e4ndlich. Im Gegenzug wird jeder Mitarbeiter dabei unterst\u00fctzt, seine <strong>individuellen F\u00e4higkeiten auszubauen<\/strong> und diese auch einzubringen.<\/p><p>Zu unserer besonderen Arbeitsatmosph\u00e4re geh\u00f6rt eine <strong>freie Arbeits- und Zeiteinteilung<\/strong> inklusive der <strong>M\u00f6glichkeit von Homeoffice<\/strong> \u2013 angepasst an die pers\u00f6nlichen Lebensumst\u00e4nde. So kann jeder Mitarbeiter bei uns sein gr\u00f6\u00dftm\u00f6gliches Potential ausleben!<\/p>\t\t\t\t\t\t\t\t<\/div>\n\t\t\t\t<\/div>\n\t\t\t\t<\/div>\n\t\t\t\t\t<\/div>\n\t\t\t\t<\/div>\n\t\t<div class=\"elementor-element elementor-element-bea7615 obcs green e-flex e-con-boxed e-con e-parent\" data-id=\"bea7615\" data-element_type=\"container\">\n\t\t\t\t\t<div class=\"e-con-inner\">\n\t\t<div class=\"elementor-element elementor-element-5a45733 e-con-full obcs green e-flex e-con e-child\" data-id=\"5a45733\" data-element_type=\"container\">\n\t\t\t\t<div class=\"elementor-element elementor-element-892a6ed elementor-widget elementor-widget-heading\" data-id=\"892a6ed\" data-element_type=\"widget\" data-widget_type=\"heading.default\">\n\t\t\t\t<div class=\"elementor-widget-container\">\n\t\t\t\t\t<h2 class=\"elementor-heading-title elementor-size-default\">Wohlt\u00e4tige Zwecke<\/h2>\t\t\t\t<\/div>\n\t\t\t\t<\/div>\n\t\t\t\t<div class=\"elementor-element elementor-element-508db38 elementor-widget elementor-widget-heading\" data-id=\"508db38\" data-element_type=\"widget\" data-widget_type=\"heading.default\">\n\t\t\t\t<div class=\"elementor-widget-container\">\n\t\t\t\t\t<span class=\"elementor-heading-title elementor-size-default\">Im Mittelpunkt steht immer der Mensch<\/span>\t\t\t\t<\/div>\n\t\t\t\t<\/div>\n\t\t\t\t<div class=\"elementor-element elementor-element-d977fc1 elementor-widget elementor-widget-text-editor\" data-id=\"d977fc1\" data-element_type=\"widget\" data-widget_type=\"text-editor.default\">\n\t\t\t\t<div class=\"elementor-widget-container\">\n\t\t\t\t\t\t\t\t\t<p>Weil Nachhaltigkeit und Verantwortung keineswegs an den T\u00fcren des Institut AllergoSan haltmachen, unterst\u00fctzen wir aus <strong>vollster \u00dcberzeugung<\/strong> eine ganze <strong>Reihe gemeinn\u00fctziger Projekte<\/strong>, von der <strong>Trinkwasserbrunnen-Errichtung<\/strong> in Malawi \u00fcber die<strong> Krebshilfe Steiermark<\/strong> bis hin zum Schutz des <strong>Wildnisgebiets D\u00fcrrenstein<\/strong>. Das Institut f\u00f6rdert Organisationen wie \u201e<strong>\u00c4rzte ohne Grenzen<\/strong>\u201c und setzt sich f\u00fcr den<strong> Schutz von Kindern<\/strong> ein \u2013 sowohl in \u00d6sterreich als auch in armutsgef\u00e4hrdeten L\u00e4ndern Afrikas, um nur einige Aktivit\u00e4ten zu nennen.<\/p>\t\t\t\t\t\t\t\t<\/div>\n\t\t\t\t<\/div>\n\t\t\t\t<div class=\"elementor-element elementor-element-428af62 elementor-widget elementor-widget-button\" data-id=\"428af62\" data-element_type=\"widget\" data-widget_type=\"button.default\">\n\t\t\t\t<div class=\"elementor-widget-container\">\n\t\t\t\t\t\t\t\t\t<div class=\"elementor-button-wrapper\">\n\t\t\t\t\t<a class=\"elementor-button elementor-button-link elementor-size-lg\" href=\"https:\/\/www.allergosan.com\/at\/ueber-uns\/wohltatige-zwecke\/\" target=\"_blank\" rel=\"noopener\">\n\t\t\t\t\t\t<span class=\"elementor-button-content-wrapper\">\n\t\t\t\t\t\t\t\t\t<span class=\"elementor-button-text\">Mehr zu den wohlt\u00e4tigen Zwecken<\/span>\n\t\t\t\t\t<\/span>\n\t\t\t\t\t<\/a>\n\t\t\t\t<\/div>\n\t\t\t\t\t\t\t\t<\/div>\n\t\t\t\t<\/div>\n\t\t\t\t<\/div>\n\t\t<div class=\"elementor-element elementor-element-addaea6 e-con-full obcs none e-flex e-con e-child\" data-id=\"addaea6\" data-element_type=\"container\">\n\t\t\t\t<div class=\"elementor-element elementor-element-5839256 e-transform elementor-widget elementor-widget-image\" data-id=\"5839256\" data-element_type=\"widget\" data-settings=\"{&quot;_transform_rotateZ_effect&quot;:{&quot;unit&quot;:&quot;px&quot;,&quot;size&quot;:0,&quot;sizes&quot;:[]},&quot;_transform_rotate_3d&quot;:&quot;yes&quot;,&quot;_transform_rotateX_effect&quot;:{&quot;unit&quot;:&quot;px&quot;,&quot;size&quot;:0,&quot;sizes&quot;:[]},&quot;_transform_rotateY_effect&quot;:{&quot;unit&quot;:&quot;px&quot;,&quot;size&quot;:-4,&quot;sizes&quot;:[]},&quot;_transform_perspective_effect&quot;:{&quot;unit&quot;:&quot;px&quot;,&quot;size&quot;:650,&quot;sizes&quot;:[]},&quot;_transform_rotateZ_effect_tablet&quot;:{&quot;unit&quot;:&quot;deg&quot;,&quot;size&quot;:&quot;&quot;,&quot;sizes&quot;:[]},&quot;_transform_rotateZ_effect_mobile&quot;:{&quot;unit&quot;:&quot;deg&quot;,&quot;size&quot;:&quot;&quot;,&quot;sizes&quot;:[]},&quot;_transform_rotateX_effect_tablet&quot;:{&quot;unit&quot;:&quot;deg&quot;,&quot;size&quot;:&quot;&quot;,&quot;sizes&quot;:[]},&quot;_transform_rotateX_effect_mobile&quot;:{&quot;unit&quot;:&quot;deg&quot;,&quot;size&quot;:&quot;&quot;,&quot;sizes&quot;:[]},&quot;_transform_rotateY_effect_tablet&quot;:{&quot;unit&quot;:&quot;deg&quot;,&quot;size&quot;:&quot;&quot;,&quot;sizes&quot;:[]},&quot;_transform_rotateY_effect_mobile&quot;:{&quot;unit&quot;:&quot;deg&quot;,&quot;size&quot;:&quot;&quot;,&quot;sizes&quot;:[]},&quot;_transform_perspective_effect_tablet&quot;:{&quot;unit&quot;:&quot;px&quot;,&quot;size&quot;:&quot;&quot;,&quot;sizes&quot;:[]},&quot;_transform_perspective_effect_mobile&quot;:{&quot;unit&quot;:&quot;px&quot;,&quot;size&quot;:&quot;&quot;,&quot;sizes&quot;:[]}}\" data-widget_type=\"image.default\">\n\t\t\t\t<div class=\"elementor-widget-container\">\n\t\t\t\t\t\t\t\t\t\t\t\t\t\t\t<img loading=\"lazy\" decoding=\"async\" width=\"800\" height=\"1000\" src=\"https:\/\/www.omni-biotic.com\/de-at\/wp-content\/uploads\/sites\/2\/2024\/03\/Foto2__Conny_de_Beauclair_Osterreichischer_Kinderschutzpreis_2023_im_Palais_Lichtenstein_-_Conny_de_Be.webp\" class=\"attachment-large size-large wp-image-29226\" alt=\"\u00d6sterreichischer Kinderschutzpreis 2023 im Palais Lichtentstein\" srcset=\"https:\/\/www.omni-biotic.com\/de-at\/wp-content\/uploads\/sites\/2\/2024\/03\/Foto2__Conny_de_Beauclair_Osterreichischer_Kinderschutzpreis_2023_im_Palais_Lichtenstein_-_Conny_de_Be.webp 800w, https:\/\/www.omni-biotic.com\/de-at\/wp-content\/uploads\/sites\/2\/2024\/03\/Foto2__Conny_de_Beauclair_Osterreichischer_Kinderschutzpreis_2023_im_Palais_Lichtenstein_-_Conny_de_Be-240x300.webp 240w, https:\/\/www.omni-biotic.com\/de-at\/wp-content\/uploads\/sites\/2\/2024\/03\/Foto2__Conny_de_Beauclair_Osterreichischer_Kinderschutzpreis_2023_im_Palais_Lichtenstein_-_Conny_de_Be-768x960.webp 768w\" sizes=\"(max-width: 800px) 100vw, 800px\" title=\"\">\t\t\t\t\t\t\t\t\t\t\t\t\t\t\t<\/div>\n\t\t\t\t<\/div>\n\t\t\t\t<\/div>\n\t\t\t\t\t<\/div>\n\t\t\t\t<\/div>\n\t\t\t\t<\/div>\n\t\t","protected":false},"excerpt":{"rendered":"<p>Mitarbeiter &#038; Gesellschaft\u200b Home Gesunderhaltung im Fokus Familienunternehmen, in dem der Mensch noch z\u00e4hlt Echtes Teamplay Familienunternehmen Wir sind ein Familienunternehmen, in dem der Mensch z\u00e4hlt und im Mittelpunkt unserer Arbeit steht. Und daher schaffen wir ein Arbeitsumfeld, das jeden einzelnen darin unterst\u00fctzt, sein Bestes geben zu k\u00f6nnen \u2013 famili\u00e4re Struktur, positiv im Umgang miteinander [&hellip;]<\/p>\n","protected":false},"author":8,"featured_media":29089,"parent":28985,"menu_order":320,"comment_status":"closed","ping_status":"closed","template":"","meta":{"_acf_changed":false,"inline_featured_image":false,"footnotes":""},"class_list":["post-29208","page","type-page","status-publish","has-post-thumbnail","hentry"],"acf":[],"_links":{"self":[{"href":"https:\/\/www.omni-biotic.com\/de-at\/wp-json\/wp\/v2\/pages\/29208","targetHints":{"allow":["GET"]}}],"collection":[{"href":"https:\/\/www.omni-biotic.com\/de-at\/wp-json\/wp\/v2\/pages"}],"about":[{"href":"https:\/\/www.omni-biotic.com\/de-at\/wp-json\/wp\/v2\/types\/page"}],"author":[{"embeddable":true,"href":"https:\/\/www.omni-biotic.com\/de-at\/wp-json\/wp\/v2\/users\/8"}],"replies":[{"embeddable":true,"href":"https:\/\/www.omni-biotic.com\/de-at\/wp-json\/wp\/v2\/comments?post=29208"}],"version-history":[{"count":7,"href":"https:\/\/www.omni-biotic.com\/de-at\/wp-json\/wp\/v2\/pages\/29208\/revisions"}],"predecessor-version":[{"id":39802,"href":"https:\/\/www.omni-biotic.com\/de-at\/wp-json\/wp\/v2\/pages\/29208\/revisions\/39802"}],"up":[{"embeddable":true,"href":"https:\/\/www.omni-biotic.com\/de-at\/wp-json\/wp\/v2\/pages\/28985"}],"wp:featuredmedia":[{"embeddable":true,"href":"https:\/\/www.omni-biotic.com\/de-at\/wp-json\/wp\/v2\/media\/29089"}],"wp:attachment":[{"href":"https:\/\/www.omni-biotic.com\/de-at\/wp-json\/wp\/v2\/media?parent=29208"}],"curies":[{"name":"wp","href":"https:\/\/api.w.org\/{rel}","templated":true}]}}