{"id":29626,"date":"2024-03-17T23:28:44","date_gmt":"2024-03-17T22:28:44","guid":{"rendered":"https:\/\/www.omni-biotic.com\/de-at\/?page_id=29626"},"modified":"2024-03-22T09:11:05","modified_gmt":"2024-03-22T08:11:05","slug":"ostern","status":"publish","type":"page","link":"https:\/\/www.omni-biotic.com\/de-at\/ostern\/","title":{"rendered":"Ostern"},"content":{"rendered":"\t\t<div data-elementor-type=\"wp-page\" data-elementor-id=\"29626\" class=\"elementor elementor-29626\" data-elementor-post-type=\"page\">\n\t\t\t\t<div class=\"elementor-element elementor-element-0119ab7 obcs none e-flex e-con-boxed e-con e-parent\" data-id=\"0119ab7\" data-element_type=\"container\" data-settings=\"{&quot;background_background&quot;:&quot;classic&quot;,&quot;shape_divider_bottom&quot;:&quot;curve-asymmetrical&quot;,&quot;shape_divider_bottom_negative&quot;:&quot;yes&quot;}\">\n\t\t\t\t\t<div class=\"e-con-inner\">\n\t\t\t\t<div class=\"elementor-shape elementor-shape-bottom\" aria-hidden=\"true\" data-negative=\"true\">\n\t\t\t<svg xmlns=\"http:\/\/www.w3.org\/2000\/svg\" viewBox=\"0 0 1000 100\" preserveAspectRatio=\"none\">\n\t<path class=\"elementor-shape-fill\" d=\"M615.2,96.7C240.2,97.8,0,18.9,0,0v100h1000V0C1000,19.2,989.8,96,615.2,96.7z\"\/>\n<\/svg>\t\t<\/div>\n\t\t<div class=\"elementor-element elementor-element-9ef0e62 e-con-full obcs none e-flex e-con e-child\" data-id=\"9ef0e62\" data-element_type=\"container\" data-settings=\"{&quot;background_background&quot;:&quot;classic&quot;}\">\n\t\t\t\t<div class=\"elementor-element elementor-element-2a2f0d6 elementor-widget elementor-widget-heading\" data-id=\"2a2f0d6\" data-element_type=\"widget\" data-widget_type=\"heading.default\">\n\t\t\t\t<div class=\"elementor-widget-container\">\n\t\t\t\t\t<h1 class=\"elementor-heading-title elementor-size-default\">Ostergewinnspiel\u200b\u200b<\/h1>\t\t\t\t<\/div>\n\t\t\t\t<\/div>\n\t\t\t\t<div class=\"elementor-element elementor-element-4e750c4 elementor-widget elementor-widget-text-editor\" data-id=\"4e750c4\" data-element_type=\"widget\" data-widget_type=\"text-editor.default\">\n\t\t\t\t<div class=\"elementor-widget-container\">\n\t\t\t\t\t\t\t\t\t<p>Finden Sie die passenden OMNi-BiOTiC\u00ae Eier-Paare im Memory-Spiel und gewinnen Sie tolle Preise!<\/p>\t\t\t\t\t\t\t\t<\/div>\n\t\t\t\t<\/div>\n\t\t\t\t<\/div>\n\t\t<div class=\"elementor-element elementor-element-7cd698b e-con-full elementor-hidden-mobile obcs none e-flex e-con e-child\" data-id=\"7cd698b\" data-element_type=\"container\" data-settings=\"{&quot;background_background&quot;:&quot;classic&quot;}\">\n\t\t\t\t<\/div>\n\t\t\t\t\t<\/div>\n\t\t\t\t<\/div>\n\t\t<div class=\"elementor-element elementor-element-4a3d65e obcs none e-flex e-con-boxed e-con e-parent\" data-id=\"4a3d65e\" data-element_type=\"container\">\n\t\t\t\t\t<div class=\"e-con-inner\">\n\t\t<div class=\"elementor-element elementor-element-5661b3b e-con-full obcs none e-flex e-con e-child\" data-id=\"5661b3b\" data-element_type=\"container\">\n\t\t\t\t<div class=\"elementor-element elementor-element-8951d92 elementor-align-left elementor-widget__width-initial elementor-widget elementor-widget-breadcrumbs\" data-id=\"8951d92\" data-element_type=\"widget\" data-widget_type=\"breadcrumbs.default\">\n\t\t\t\t<div class=\"elementor-widget-container\">\n\t\t\t\t\t<span><span class=\"last\">Home<\/span><\/span>\t\t\t\t<\/div>\n\t\t\t\t<\/div>\n\t\t\t\t<\/div>\n\t\t<div class=\"elementor-element elementor-element-2899a3e e-con-full obcs none e-flex e-con e-child\" data-id=\"2899a3e\" data-element_type=\"container\">\n\t\t\t\t<\/div>\n\t\t\t\t\t<\/div>\n\t\t\t\t<\/div>\n\t\t<div class=\"elementor-element elementor-element-cddd7b6 obcs none e-flex e-con-boxed e-con e-parent\" data-id=\"cddd7b6\" data-element_type=\"container\" data-settings=\"{&quot;background_background&quot;:&quot;classic&quot;}\">\n\t\t\t\t\t<div class=\"e-con-inner\">\n\t\t\t\t<div class=\"elementor-element elementor-element-8054836 elementor-widget elementor-widget-html\" data-id=\"8054836\" data-element_type=\"widget\" data-widget_type=\"html.default\">\n\t\t\t\t<div class=\"elementor-widget-container\">\n\t\t\t\t\t<!DOCTYPE html>\r\n<html lang=\"en\">\r\n<head>\r\n<title>HTML Full-screen iframe (100% Height and Width)<\/title>\r\n<style>\r\n    body{\r\n        margin: 0; \/* Remove default margin *\/\r\n    }\r\n    iframe{      \r\n        display: block;  \/* iframes are inline by default *\/   \r\n        height: 100vh;  \/* Set height to 100% of the viewport height *\/   \r\n        width: 100vw;  \/* Set width to 100% of the viewport width *\/     \r\n        border: none; \/* Remove default border *\/\r\n        background: lightyellow; \/* Just for styling *\/\r\n    }\r\n<\/style>\r\n<\/head>\r\n<body>\r\n    <iframe src=\"https:\/\/win.pitmodule.de\/game\/allergosan\/finde-die-paare\/77f06b53b331052f95737b60ff689a50\/start\"><\/iframe>\r\n<\/body>\r\n<\/html>\t\t\t\t<\/div>\n\t\t\t\t<\/div>\n\t\t\t\t<div class=\"elementor-element elementor-element-793744b elementor-widget elementor-widget-text-editor\" data-id=\"793744b\" data-element_type=\"widget\" data-widget_type=\"text-editor.default\">\n\t\t\t\t<div class=\"elementor-widget-container\">\n\t\t\t\t\t\t\t\t\t<p><a href=\"https:\/\/www.omni-biotic.com\/de-at\/ostern\/teilnahmebedingungen\/\"><strong>&gt; Zu den Teilnahmebedingungen<\/strong><\/a><\/p>\t\t\t\t\t\t\t\t<\/div>\n\t\t\t\t<\/div>\n\t\t\t\t\t<\/div>\n\t\t\t\t<\/div>\n\t\t<div class=\"elementor-element elementor-element-e05ec3f e-con-full obcs none e-flex e-con e-parent\" data-id=\"e05ec3f\" data-element_type=\"container\">\n\t\t\t\t<div class=\"elementor-element elementor-element-1d6c2d5 elementor-widget elementor-widget-template\" data-id=\"1d6c2d5\" data-element_type=\"widget\" data-widget_type=\"template.default\">\n\t\t\t\t<div class=\"elementor-widget-container\">\n\t\t\t\t\t\t\t<div class=\"elementor-template\">\n\t\t\t\t\t<div data-elementor-type=\"section\" data-elementor-id=\"12699\" class=\"elementor elementor-12699\" data-elementor-post-type=\"elementor_library\">\n\t\t\t<div class=\"elementor-element elementor-element-7555421 obcs none e-flex e-con-boxed e-con e-parent\" data-id=\"7555421\" data-element_type=\"container\" data-settings=\"{&quot;background_background&quot;:&quot;classic&quot;,&quot;shape_divider_top&quot;:&quot;waves&quot;,&quot;shape_divider_bottom&quot;:&quot;waves&quot;}\">\n\t\t\t\t\t<div class=\"e-con-inner\">\n\t\t\t\t<div class=\"elementor-shape elementor-shape-top\" aria-hidden=\"true\" data-negative=\"false\">\n\t\t\t<svg xmlns=\"http:\/\/www.w3.org\/2000\/svg\" viewBox=\"0 0 1000 100\" preserveAspectRatio=\"none\">\n\t<path class=\"elementor-shape-fill\" d=\"M421.9,6.5c22.6-2.5,51.5,0.4,75.5,5.3c23.6,4.9,70.9,23.5,100.5,35.7c75.8,32.2,133.7,44.5,192.6,49.7\n\tc23.6,2.1,48.7,3.5,103.4-2.5c54.7-6,106.2-25.6,106.2-25.6V0H0v30.3c0,0,72,32.6,158.4,30.5c39.2-0.7,92.8-6.7,134-22.4\n\tc21.2-8.1,52.2-18.2,79.7-24.2C399.3,7.9,411.6,7.5,421.9,6.5z\"\/>\n<\/svg>\t\t<\/div>\n\t\t\t\t<div class=\"elementor-shape elementor-shape-bottom\" aria-hidden=\"true\" data-negative=\"false\">\n\t\t\t<svg xmlns=\"http:\/\/www.w3.org\/2000\/svg\" viewBox=\"0 0 1000 100\" preserveAspectRatio=\"none\">\n\t<path class=\"elementor-shape-fill\" d=\"M421.9,6.5c22.6-2.5,51.5,0.4,75.5,5.3c23.6,4.9,70.9,23.5,100.5,35.7c75.8,32.2,133.7,44.5,192.6,49.7\n\tc23.6,2.1,48.7,3.5,103.4-2.5c54.7-6,106.2-25.6,106.2-25.6V0H0v30.3c0,0,72,32.6,158.4,30.5c39.2-0.7,92.8-6.7,134-22.4\n\tc21.2-8.1,52.2-18.2,79.7-24.2C399.3,7.9,411.6,7.5,421.9,6.5z\"\/>\n<\/svg>\t\t<\/div>\n\t\t<div class=\"elementor-element elementor-element-82702c8 e-con-full obcs none e-flex e-con e-child\" data-id=\"82702c8\" data-element_type=\"container\">\n\t\t\t\t<div class=\"elementor-element elementor-element-e71e322 elementor-widget elementor-widget-heading\" data-id=\"e71e322\" data-element_type=\"widget\" data-widget_type=\"heading.default\">\n\t\t\t\t<div class=\"elementor-widget-container\">\n\t\t\t\t\t<div class=\"elementor-heading-title elementor-size-default\">Welches unserer Produkte passt zu Ihnen?<\/div>\t\t\t\t<\/div>\n\t\t\t\t<\/div>\n\t\t\t\t<div class=\"elementor-element elementor-element-3b82aeb elementor-widget elementor-widget-heading\" data-id=\"3b82aeb\" data-element_type=\"widget\" data-widget_type=\"heading.default\">\n\t\t\t\t<div class=\"elementor-widget-container\">\n\t\t\t\t\t<h2 class=\"elementor-heading-title elementor-size-default\">OMNi-BiOTiC\u00ae-Berater<\/h2>\t\t\t\t<\/div>\n\t\t\t\t<\/div>\n\t\t\t\t<div class=\"elementor-element elementor-element-31c875d elementor-widget-divider--view-line elementor-widget elementor-widget-divider\" data-id=\"31c875d\" data-element_type=\"widget\" data-widget_type=\"divider.default\">\n\t\t\t\t<div class=\"elementor-widget-container\">\n\t\t\t\t\t\t\t<div class=\"elementor-divider\">\n\t\t\t<span class=\"elementor-divider-separator\">\n\t\t\t\t\t\t<\/span>\n\t\t<\/div>\n\t\t\t\t\t\t<\/div>\n\t\t\t\t<\/div>\n\t\t\t\t<div class=\"elementor-element elementor-element-7055c6f elementor-widget elementor-widget-text-editor\" data-id=\"7055c6f\" data-element_type=\"widget\" data-widget_type=\"text-editor.default\">\n\t\t\t\t<div class=\"elementor-widget-container\">\n\t\t\t\t\t\t\t\t\t<p>Sie suchen das richtige Multispezies-Probiotikum f\u00fcr Ihre Probleme? Oder m\u00f6chten gezielt Vitamine und Mineralstoffe zu sich nehmen? Dann probieren Sie unseren Produktberater!<\/p>\t\t\t\t\t\t\t\t<\/div>\n\t\t\t\t<\/div>\n\t\t\t\t<div class=\"elementor-element elementor-element-876bcb8 elementor-align-center elementor-widget elementor-widget-button\" data-id=\"876bcb8\" data-element_type=\"widget\" data-widget_type=\"button.default\">\n\t\t\t\t<div class=\"elementor-widget-container\">\n\t\t\t\t\t\t\t\t\t<div class=\"elementor-button-wrapper\">\n\t\t\t\t\t<a class=\"elementor-button elementor-button-link elementor-size-lg\" href=\"https:\/\/www.omni-biotic.com\/de-at\/produktberater\/\">\n\t\t\t\t\t\t<span class=\"elementor-button-content-wrapper\">\n\t\t\t\t\t\t\t\t\t<span class=\"elementor-button-text\">Jetzt Beratung starten<\/span>\n\t\t\t\t\t<\/span>\n\t\t\t\t\t<\/a>\n\t\t\t\t<\/div>\n\t\t\t\t\t\t\t\t<\/div>\n\t\t\t\t<\/div>\n\t\t\t\t<\/div>\n\t\t\t\t\t<\/div>\n\t\t\t\t<\/div>\n\t\t\t\t<\/div>\n\t\t\t\t<\/div>\n\t\t\t\t\t\t<\/div>\n\t\t\t\t<\/div>\n\t\t\t\t<\/div>\n\t\t<div class=\"elementor-element elementor-element-6fd7349 obcs none e-flex e-con-boxed e-con e-parent\" data-id=\"6fd7349\" data-element_type=\"container\">\n\t\t\t\t\t<div class=\"e-con-inner\">\n\t\t\t\t<div class=\"elementor-element elementor-element-fedffd5 elementor-widget elementor-widget-heading\" data-id=\"fedffd5\" data-element_type=\"widget\" data-widget_type=\"heading.default\">\n\t\t\t\t<div class=\"elementor-widget-container\">\n\t\t\t\t\t<span class=\"elementor-heading-title elementor-size-default\">Immer top informiert!<\/span>\t\t\t\t<\/div>\n\t\t\t\t<\/div>\n\t\t\t\t<div class=\"elementor-element elementor-element-cde1c8b elementor-widget__width-inherit elementor-widget elementor-widget-heading\" data-id=\"cde1c8b\" data-element_type=\"widget\" data-widget_type=\"heading.default\">\n\t\t\t\t<div class=\"elementor-widget-container\">\n\t\t\t\t\t<h2 class=\"elementor-heading-title elementor-size-default\">Unser OMNi-BiOTiC\u00ae Blog<\/h2>\t\t\t\t<\/div>\n\t\t\t\t<\/div>\n\t\t\t\t<div class=\"elementor-element elementor-element-52c858c elementor-widget elementor-widget-li-widgets--posts-gallery\" data-id=\"52c858c\" data-element_type=\"widget\" data-widget_type=\"li-widgets--posts-gallery.default\">\n\t\t\t\t<div class=\"elementor-widget-container\">\n\t\t\t\t\t    \n<div class=\"li-widgets--posts-gallery__pagination\" data-post-id=\"29626\">\n\n    <div class=\"li-widgets--posts-gallery__pagination-results\">\n        1-6 von 450 Ergebnissen    <\/div>\n    <div class=\"li-widgets--posts-gallery__pagination-pages\">\n        Seite 1 von 75    <\/div>\n    <div class=\"li-widgets--posts-gallery__pagination-url\">\n                            <a href=\"#\" data-href=\"https:\/\/www.omni-biotic.com\/de-at\/wp-json\/wp\/v2\/pages\/29626\/?search&category=0&cur=1\">1<\/a>\n                    <a href=\"#\" data-href=\"https:\/\/www.omni-biotic.com\/de-at\/wp-json\/wp\/v2\/pages\/29626\/?search&category=0&cur=2\">2<\/a>\n                    <a href=\"#\" data-href=\"https:\/\/www.omni-biotic.com\/de-at\/wp-json\/wp\/v2\/pages\/29626\/?search&category=0&cur=3\">3<\/a>\n                            <a href=\"#\" data-href=\"https:\/\/www.omni-biotic.com\/de-at\/wp-json\/wp\/v2\/pages\/29626\/?search&category=0&cur=75\">\u00bb<\/a>\n            <\/div>\n<\/div>\n<div class=\"li-widgets--posts-gallery blog\">\n                    <a href=\"https:\/\/www.omni-biotic.com\/de-at\/blog\/was-machen-abfuehrmittel-mit-unserem-darm\/\"\n           class=\"li-widgets--posts-gallery__post\">\n            <div class=\"post--image__container\">\n                <div class=\"post--image\">\n                    <img fetchpriority=\"high\" decoding=\"async\" width=\"768\" height=\"720\" src=\"https:\/\/www.omni-biotic.com\/de-at\/wp-content\/uploads\/sites\/2\/2026\/03\/OB_WOMAN_Floraplus_Sachet-2-1-e1773222863163-768x720.png\" class=\"attachment-medium_large size-medium_large wp-post-image\" alt=\"\" srcset=\"https:\/\/www.omni-biotic.com\/de-at\/wp-content\/uploads\/sites\/2\/2026\/03\/OB_WOMAN_Floraplus_Sachet-2-1-e1773222863163-768x720.png 768w, https:\/\/www.omni-biotic.com\/de-at\/wp-content\/uploads\/sites\/2\/2026\/03\/OB_WOMAN_Floraplus_Sachet-2-1-e1773222863163-300x281.png 300w, https:\/\/www.omni-biotic.com\/de-at\/wp-content\/uploads\/sites\/2\/2026\/03\/OB_WOMAN_Floraplus_Sachet-2-1-e1773222863163-1024x960.png 1024w, https:\/\/www.omni-biotic.com\/de-at\/wp-content\/uploads\/sites\/2\/2026\/03\/OB_WOMAN_Floraplus_Sachet-2-1-e1773222863163.png 1073w\" sizes=\"(max-width: 768px) 100vw, 768px\" title=\"\">                <\/div>\n            <\/div>\n            <div class=\"post--teaser\">\n                <div class=\"title\">Was machen Abf\u00fchrmittel mit unserem Darm-Mikrobiom?<\/div>\n                <div class=\"description\">\n                    Abf\u00fchrmittel \u2013 medizinisch \u201eLaxantien\u201c genannt \u2013 gelten f\u00fcr viele Menschen als unkomplizierte L\u00f6sung bei Verstopfung.\u2026                    <br>\n                    <span class=\"read-more\">\n                            weiterlesen                        <\/span>\n                <\/div>\n                <div class=\"metadata\"><b>Zuletzt aktualisiert:<\/b> 11. M\u00e4rz 2026 \u2022 <b>Kategorien:<\/b> Allgemein, Beschwerden &amp; Ratgeber \u2022 <b>Autor:<\/b> Zuzana Mikulova<\/div>\n            <\/div>\n        <\/a>\n                <a href=\"https:\/\/www.omni-biotic.com\/de-at\/blog\/papaya-naturlicher-schwung-fur-magen-und-darm\/\"\n           class=\"li-widgets--posts-gallery__post\">\n            <div class=\"post--image__container\">\n                <div class=\"post--image\">\n                    <img decoding=\"async\" width=\"700\" height=\"500\" src=\"https:\/\/www.omni-biotic.com\/de-at\/wp-content\/uploads\/sites\/2\/2023\/12\/papaya-schwung-fuer-magen-darm.jpg\" class=\"attachment-medium_large size-medium_large wp-post-image\" alt=\"Papaya: Schwung f\u00fcr Magen und Darm\" srcset=\"https:\/\/www.omni-biotic.com\/de-at\/wp-content\/uploads\/sites\/2\/2023\/12\/papaya-schwung-fuer-magen-darm.jpg 700w, https:\/\/www.omni-biotic.com\/de-at\/wp-content\/uploads\/sites\/2\/2023\/12\/papaya-schwung-fuer-magen-darm-300x214.jpg 300w\" sizes=\"(max-width: 700px) 100vw, 700px\" title=\"\">                <\/div>\n            <\/div>\n            <div class=\"post--teaser\">\n                <div class=\"title\">Papaya: Nat\u00fcrlicher Schwung f\u00fcr Magen und Darm<\/div>\n                <div class=\"description\">\n                    Die Verdauung hat es mit unserem Lebensstil nicht immer leicht: Stress und Lebensmittel mit einem\u2026                    <br>\n                    <span class=\"read-more\">\n                            weiterlesen                        <\/span>\n                <\/div>\n                <div class=\"metadata\"><b>Zuletzt aktualisiert:<\/b> 26. Februar 2026 \u2022 <b>Kategorien:<\/b> Beschwerden &amp; Ratgeber, Institut AllergoSan<\/div>\n            <\/div>\n        <\/a>\n                <a href=\"https:\/\/www.omni-biotic.com\/de-at\/blog\/fruehjahrskuren-fuer-einen-gesunden-darm\/\"\n           class=\"li-widgets--posts-gallery__post\">\n            <div class=\"post--image__container\">\n                <div class=\"post--image\">\n                    <img decoding=\"async\" width=\"700\" height=\"500\" src=\"https:\/\/www.omni-biotic.com\/de-at\/wp-content\/uploads\/sites\/2\/2022\/02\/fruehjahrskuren-gesunden-darm.jpg\" class=\"attachment-medium_large size-medium_large wp-post-image\" alt=\"Fr\u00fchjahrskuren f\u00fcr einen gesunden Darm\" srcset=\"https:\/\/www.omni-biotic.com\/de-at\/wp-content\/uploads\/sites\/2\/2022\/02\/fruehjahrskuren-gesunden-darm.jpg 700w, https:\/\/www.omni-biotic.com\/de-at\/wp-content\/uploads\/sites\/2\/2022\/02\/fruehjahrskuren-gesunden-darm-300x214.jpg 300w\" sizes=\"(max-width: 700px) 100vw, 700px\" title=\"\">                <\/div>\n            <\/div>\n            <div class=\"post--teaser\">\n                <div class=\"title\">Fr\u00fchjahrskuren f\u00fcr einen gesunden Darm<\/div>\n                <div class=\"description\">\n                    Der Darm als Sitz des Immunsystems bew\u00e4ltigt im allt\u00e4glichen Leben viele Belastungen. Ger\u00e4t die Darmflora\u2026                    <br>\n                    <span class=\"read-more\">\n                            weiterlesen                        <\/span>\n                <\/div>\n                <div class=\"metadata\"><b>Zuletzt aktualisiert:<\/b> 17. Februar 2026 \u2022 <b>Kategorien:<\/b> Allgemein, Beschwerden &amp; Ratgeber<\/div>\n            <\/div>\n        <\/a>\n                <a href=\"https:\/\/www.omni-biotic.com\/de-at\/blog\/allergien-immunsystem-ueberreagiert\/\"\n           class=\"li-widgets--posts-gallery__post\">\n            <div class=\"post--image__container\">\n                <div class=\"post--image\">\n                    <img loading=\"lazy\" decoding=\"async\" width=\"700\" height=\"500\" src=\"https:\/\/www.omni-biotic.com\/de-at\/wp-content\/uploads\/sites\/2\/2024\/02\/allergien-immunsystem-ueberreaktion.jpg\" class=\"attachment-medium_large size-medium_large wp-post-image\" alt=\"Allergien - wenn das Immunsystem \u00fcberreagiert\" srcset=\"https:\/\/www.omni-biotic.com\/de-at\/wp-content\/uploads\/sites\/2\/2024\/02\/allergien-immunsystem-ueberreaktion.jpg 700w, https:\/\/www.omni-biotic.com\/de-at\/wp-content\/uploads\/sites\/2\/2024\/02\/allergien-immunsystem-ueberreaktion-300x214.jpg 300w\" sizes=\"(max-width: 700px) 100vw, 700px\" title=\"\">                <\/div>\n            <\/div>\n            <div class=\"post--teaser\">\n                <div class=\"title\">Allergien: Wenn das Immunsystem \u00fcberreagiert<\/div>\n                <div class=\"description\">\n                    In den k\u00e4lteren Monaten l\u00e4sst sie sich gut verdr\u00e4ngen, bis Anfang des Jahres der Fr\u00fchling\u2026                    <br>\n                    <span class=\"read-more\">\n                            weiterlesen                        <\/span>\n                <\/div>\n                <div class=\"metadata\"><b>Zuletzt aktualisiert:<\/b> 3. M\u00e4rz 2026 \u2022 <b>Kategorien:<\/b> Allgemein, Beschwerden &amp; Ratgeber \u2022 <b>Autor:<\/b> Mag. Jutta Kalian<\/div>\n            <\/div>\n        <\/a>\n                <a href=\"https:\/\/www.omni-biotic.com\/de-at\/blog\/stoffwechsel-ankurbeln\/\"\n           class=\"li-widgets--posts-gallery__post\">\n            <div class=\"post--image__container\">\n                <div class=\"post--image\">\n                    <img loading=\"lazy\" decoding=\"async\" width=\"700\" height=\"500\" src=\"https:\/\/www.omni-biotic.com\/de-at\/wp-content\/uploads\/sites\/2\/2025\/04\/stoffwechsel-ankurbeln-7-tipps.jpg\" class=\"attachment-medium_large size-medium_large wp-post-image\" alt=\"Stoffwechsel ankurbeln - mit diesen Tipps nehmen Sie ab\" srcset=\"https:\/\/www.omni-biotic.com\/de-at\/wp-content\/uploads\/sites\/2\/2025\/04\/stoffwechsel-ankurbeln-7-tipps.jpg 700w, https:\/\/www.omni-biotic.com\/de-at\/wp-content\/uploads\/sites\/2\/2025\/04\/stoffwechsel-ankurbeln-7-tipps-300x214.jpg 300w\" sizes=\"(max-width: 700px) 100vw, 700px\" title=\"\">                <\/div>\n            <\/div>\n            <div class=\"post--teaser\">\n                <div class=\"title\">Stoffwechsel anregen und abnehmen: Mit diesen 7 Tricks funktioniert\u2019s!<\/div>\n                <div class=\"description\">\n                    St\u00e4ndige Di\u00e4ten sind nicht nur nervig und anstrengend, sondern lassen sogar Ihren Stoffwechsel einschlafen. Mit\u2026                    <br>\n                    <span class=\"read-more\">\n                            weiterlesen                        <\/span>\n                <\/div>\n                <div class=\"metadata\"><b>Zuletzt aktualisiert:<\/b> 20. Februar 2026 \u2022 <b>Kategorien:<\/b> Beschwerden &amp; Ratgeber \u2022 <b>Autor:<\/b> Florentina Sgarz, BA<\/div>\n            <\/div>\n        <\/a>\n                <a href=\"https:\/\/www.omni-biotic.com\/de-at\/blog\/gesundes-mikrobiom-fuer-immunsystem-und-haut\/\"\n           class=\"li-widgets--posts-gallery__post\">\n            <div class=\"post--image__container\">\n                <div class=\"post--image\">\n                    <img loading=\"lazy\" decoding=\"async\" width=\"700\" height=\"500\" src=\"https:\/\/www.omni-biotic.com\/de-at\/wp-content\/uploads\/sites\/2\/2026\/01\/haut-darmflora.jpg\" class=\"attachment-medium_large size-medium_large wp-post-image\" alt=\"Gl\u00fcckliche Frau mit gesunder Haut\" srcset=\"https:\/\/www.omni-biotic.com\/de-at\/wp-content\/uploads\/sites\/2\/2026\/01\/haut-darmflora.jpg 700w, https:\/\/www.omni-biotic.com\/de-at\/wp-content\/uploads\/sites\/2\/2026\/01\/haut-darmflora-300x214.jpg 300w\" sizes=\"(max-width: 700px) 100vw, 700px\" title=\"\">                <\/div>\n            <\/div>\n            <div class=\"post--teaser\">\n                <div class=\"title\">Gesundes Mikrobiom \u2013 f\u00fcr Immunsystem und Haut<\/div>\n                <div class=\"description\">\n                    Viele Menschen mit Allergien oder Hautproblemen vermuten zuerst Pollen, Tierhaare, Kosmetikprodukte oder Stress als Ausl\u00f6ser\u2026                    <br>\n                    <span class=\"read-more\">\n                            weiterlesen                        <\/span>\n                <\/div>\n                <div class=\"metadata\"><b>Zuletzt aktualisiert:<\/b> 10. Februar 2026 \u2022 <b>Kategorien:<\/b> Allgemein, Neues aus der Forschung \u2022 <b>Autor:<\/b> Barbara Moitzi<\/div>\n            <\/div>\n        <\/a>\n            <\/div>\n\t\t\t\t<\/div>\n\t\t\t\t<\/div>\n\t\t\t\t\t<\/div>\n\t\t\t\t<\/div>\n\t\t\t\t<\/div>\n\t\t","protected":false},"excerpt":{"rendered":"<p>Ostergewinnspiel\u200b\u200b Finden Sie die passenden OMNi-BiOTiC\u00ae Eier-Paare im Memory-Spiel und gewinnen Sie tolle Preise! Home &gt; Zu den Teilnahmebedingungen Immer top informiert! Unser OMNi-BiOTiC\u00ae Blog 1-6 von 477 Ergebnissen Seite 1 von 80 1 2 3 \u00bb Fr\u00fchjahrskuren f\u00fcr einen gesunden Darm Der Darm als Sitz des Immunsystems bew\u00e4ltigt im allt\u00e4glichen Leben viele Belastungen. Ger\u00e4t [&hellip;]<\/p>\n","protected":false},"author":8,"featured_media":29758,"parent":0,"menu_order":180,"comment_status":"closed","ping_status":"closed","template":"","meta":{"_acf_changed":false,"inline_featured_image":false,"footnotes":""},"class_list":["post-29626","page","type-page","status-publish","has-post-thumbnail","hentry"],"acf":[],"_links":{"self":[{"href":"https:\/\/www.omni-biotic.com\/de-at\/wp-json\/wp\/v2\/pages\/29626","targetHints":{"allow":["GET"]}}],"collection":[{"href":"https:\/\/www.omni-biotic.com\/de-at\/wp-json\/wp\/v2\/pages"}],"about":[{"href":"https:\/\/www.omni-biotic.com\/de-at\/wp-json\/wp\/v2\/types\/page"}],"author":[{"embeddable":true,"href":"https:\/\/www.omni-biotic.com\/de-at\/wp-json\/wp\/v2\/users\/8"}],"replies":[{"embeddable":true,"href":"https:\/\/www.omni-biotic.com\/de-at\/wp-json\/wp\/v2\/comments?post=29626"}],"version-history":[{"count":7,"href":"https:\/\/www.omni-biotic.com\/de-at\/wp-json\/wp\/v2\/pages\/29626\/revisions"}],"predecessor-version":[{"id":29934,"href":"https:\/\/www.omni-biotic.com\/de-at\/wp-json\/wp\/v2\/pages\/29626\/revisions\/29934"}],"wp:featuredmedia":[{"embeddable":true,"href":"https:\/\/www.omni-biotic.com\/de-at\/wp-json\/wp\/v2\/media\/29758"}],"wp:attachment":[{"href":"https:\/\/www.omni-biotic.com\/de-at\/wp-json\/wp\/v2\/media?parent=29626"}],"curies":[{"name":"wp","href":"https:\/\/api.w.org\/{rel}","templated":true}]}}