{"id":30588,"date":"2024-04-25T15:40:39","date_gmt":"2024-04-25T13:40:39","guid":{"rendered":"https:\/\/www.omni-biotic.com\/de-at\/?page_id=30588"},"modified":"2025-04-04T12:18:01","modified_gmt":"2025-04-04T10:18:01","slug":"ernaehrungstagebuch","status":"publish","type":"page","link":"https:\/\/www.omni-biotic.com\/de-at\/ernaehrungstagebuch\/","title":{"rendered":"Ern\u00e4hrungstagebuch"},"content":{"rendered":"\t\t<div data-elementor-type=\"wp-page\" data-elementor-id=\"30588\" class=\"elementor elementor-30588\" data-elementor-post-type=\"page\">\n\t\t\t\t<div class=\"elementor-element elementor-element-eed261d obcs none e-flex e-con-boxed e-con e-parent\" data-id=\"eed261d\" data-element_type=\"container\" data-settings=\"{&quot;background_background&quot;:&quot;classic&quot;,&quot;shape_divider_bottom&quot;:&quot;curve-asymmetrical&quot;,&quot;shape_divider_bottom_negative&quot;:&quot;yes&quot;}\">\n\t\t\t\t\t<div class=\"e-con-inner\">\n\t\t\t\t<div class=\"elementor-shape elementor-shape-bottom\" aria-hidden=\"true\" data-negative=\"true\">\n\t\t\t<svg xmlns=\"http:\/\/www.w3.org\/2000\/svg\" viewBox=\"0 0 1000 100\" preserveAspectRatio=\"none\">\n\t<path class=\"elementor-shape-fill\" d=\"M615.2,96.7C240.2,97.8,0,18.9,0,0v100h1000V0C1000,19.2,989.8,96,615.2,96.7z\"\/>\n<\/svg>\t\t<\/div>\n\t\t<div class=\"elementor-element elementor-element-825f426 e-con-full obcs none e-flex e-con e-child\" data-id=\"825f426\" data-element_type=\"container\" data-settings=\"{&quot;background_background&quot;:&quot;classic&quot;}\">\n\t\t<div class=\"elementor-element elementor-element-bb0c2a9 obcs none e-flex e-con-boxed e-con e-child\" data-id=\"bb0c2a9\" data-element_type=\"container\">\n\t\t\t\t\t<div class=\"e-con-inner\">\n\t\t\t\t<div class=\"elementor-element elementor-element-51075c7 elementor-widget elementor-widget-heading\" data-id=\"51075c7\" data-element_type=\"widget\" data-widget_type=\"heading.default\">\n\t\t\t\t<div class=\"elementor-widget-container\">\n\t\t\t\t\t<h1 class=\"elementor-heading-title elementor-size-default\">Ihr pers\u00f6nliches Ern\u00e4hrungstagebuch<\/h1>\t\t\t\t<\/div>\n\t\t\t\t<\/div>\n\t\t\t\t\t<\/div>\n\t\t\t\t<\/div>\n\t\t\t\t<div class=\"elementor-element elementor-element-916edc8 elementor-widget-divider--view-line elementor-widget elementor-widget-divider\" data-id=\"916edc8\" data-element_type=\"widget\" data-widget_type=\"divider.default\">\n\t\t\t\t<div class=\"elementor-widget-container\">\n\t\t\t\t\t\t\t<div class=\"elementor-divider\">\n\t\t\t<span class=\"elementor-divider-separator\">\n\t\t\t\t\t\t<\/span>\n\t\t<\/div>\n\t\t\t\t\t\t<\/div>\n\t\t\t\t<\/div>\n\t\t\t\t<div class=\"elementor-element elementor-element-c666e20 elementor-widget elementor-widget-text-editor\" data-id=\"c666e20\" data-element_type=\"widget\" data-widget_type=\"text-editor.default\">\n\t\t\t\t<div class=\"elementor-widget-container\">\n\t\t\t\t\t\t\t\t\t<p>M\u00f6chten Sie herausfinden, was Ihrem K\u00f6rper wirklich guttut und was Sie lieber meiden sollten?<\/p>\t\t\t\t\t\t\t\t<\/div>\n\t\t\t\t<\/div>\n\t\t\t\t<\/div>\n\t\t\t\t\t<\/div>\n\t\t\t\t<\/div>\n\t\t<div class=\"elementor-element elementor-element-7d7e427 obcs magenta e-flex e-con-boxed e-con e-parent\" data-id=\"7d7e427\" data-element_type=\"container\">\n\t\t\t\t\t<div class=\"e-con-inner\">\n\t\t<div class=\"elementor-element elementor-element-b2500da e-con-full obcs none e-flex e-con e-child\" data-id=\"b2500da\" data-element_type=\"container\">\n\t\t\t\t<div class=\"elementor-element elementor-element-8ee0483 elementor-widget elementor-widget-heading\" data-id=\"8ee0483\" data-element_type=\"widget\" data-widget_type=\"heading.default\">\n\t\t\t\t<div class=\"elementor-widget-container\">\n\t\t\t\t\t<h2 class=\"elementor-heading-title elementor-size-default\">Jetzt Newsletter abonnieren &amp; Ern\u00e4hrungstagebuch kostenlos erhalten!<\/h2>\t\t\t\t<\/div>\n\t\t\t\t<\/div>\n\t\t\t\t<div class=\"elementor-element elementor-element-a48a1cd elementor-widget elementor-widget-text-editor\" data-id=\"a48a1cd\" data-element_type=\"widget\" data-widget_type=\"text-editor.default\">\n\t\t\t\t<div class=\"elementor-widget-container\">\n\t\t\t\t\t\t\t\t\t<p>Betrachten Sie Ihr Wohlbefinden neu mit einem Ern\u00e4hrungstagebuch! Wussten Sie, dass die <strong>Aufzeichnung <\/strong>Ihrer <strong>t\u00e4glichen Ern\u00e4hrung<\/strong> Ihnen helfen kann, zu verstehen, welche Lebensmittel Ihnen Energie geben und welche Ihnen nicht bekommen? Ein Ern\u00e4hrungstagebuch erm\u00f6glicht es Ihnen, Muster in Ihrer Ern\u00e4hrung zu erkennen und <strong>Anpassungen<\/strong> <strong>vorzunehmen<\/strong>, um Ihr <strong>allgemeines<\/strong> <strong>Wohlbefinden<\/strong> zu <strong>verbessern<\/strong>.<\/p><p>Mit unserer<strong> exklusiven Ern\u00e4hrungstagebuch-Vorlage<\/strong> zum Selbstausdrucken helfen wir Ihnen dabei, Ihre Ern\u00e4hrungsgewohnheiten optimal festzuhalten und einfach zu interpretieren.<\/p><p>Melden Sie sich jetzt zu unserem <strong>OMNi-BiOTiC\u00ae Newsletter<\/strong> an und erhalten Sie die <strong>Ern\u00e4hrungstagebuch<\/strong>-Vorlage <strong>kostenlos<\/strong> und bequem in Ihr <strong>Postfach<\/strong>.\u00a0<\/p>\t\t\t\t\t\t\t\t<\/div>\n\t\t\t\t<\/div>\n\t\t\t\t<div class=\"elementor-element elementor-element-6f21c22 elementor-button-align-start elementor-widget elementor-widget-form\" data-id=\"6f21c22\" data-element_type=\"widget\" data-settings=\"{&quot;step_next_label&quot;:&quot;N\\u00e4chster&quot;,&quot;step_previous_label&quot;:&quot;Voriger&quot;,&quot;button_width&quot;:&quot;100&quot;,&quot;step_type&quot;:&quot;number_text&quot;,&quot;step_icon_shape&quot;:&quot;circle&quot;}\" data-widget_type=\"form.default\">\n\t\t\t\t<div class=\"elementor-widget-container\">\n\t\t\t\t\t\t\t<form class=\"elementor-form\" method=\"post\" id=\"ob_gutschein_fjk_AT\" name=\"Ern\u00e4hrungstagebuch AT 2024\" aria-label=\"Ern\u00e4hrungstagebuch AT 2024\" novalidate=\"\">\n\t\t\t<input type=\"hidden\" name=\"post_id\" value=\"30588\"\/>\n\t\t\t<input type=\"hidden\" name=\"form_id\" value=\"6f21c22\"\/>\n\t\t\t<input type=\"hidden\" name=\"referer_title\" value=\"Ern\u00e4hrungstagebuch | Kostenlose Vorlage zum Ausdruck\" \/>\n\n\t\t\t\t\t\t\t<input type=\"hidden\" name=\"queried_id\" value=\"30588\"\/>\n\t\t\t\n\t\t\t<div class=\"elementor-form-fields-wrapper elementor-labels-\">\n\t\t\t\t\t\t\t\t<div class=\"elementor-field-type-radio elementor-field-group elementor-column elementor-field-group-field_e95af18 elementor-col-100 elementor-field-required\">\n\t\t\t\t\t\t\t\t\t\t\t\t<label for=\"form-field-field_e95af18\" class=\"elementor-field-label elementor-screen-only\">\n\t\t\t\t\t\t\t\tAnrede\t\t\t\t\t\t\t<\/label>\n\t\t\t\t\t\t<div class=\"elementor-field-subgroup  elementor-subgroup-inline\"><span class=\"elementor-field-option\"><input type=\"radio\" value=\"Frau\" id=\"form-field-field_e95af18-0\" name=\"form_fields[field_e95af18]\" required=\"required\"> <label for=\"form-field-field_e95af18-0\">Frau<\/label><\/span><span class=\"elementor-field-option\"><input type=\"radio\" value=\"Herr\" id=\"form-field-field_e95af18-1\" name=\"form_fields[field_e95af18]\" required=\"required\"> <label for=\"form-field-field_e95af18-1\">Herr<\/label><\/span><span class=\"elementor-field-option\"><input type=\"radio\" value=\"Divers\" id=\"form-field-field_e95af18-2\" name=\"form_fields[field_e95af18]\" required=\"required\"> <label for=\"form-field-field_e95af18-2\">Divers<\/label><\/span><\/div>\t\t\t\t<\/div>\n\t\t\t\t\t\t\t\t<div class=\"elementor-field-type-text elementor-field-group elementor-column elementor-field-group-message elementor-col-20\">\n\t\t\t\t\t\t\t\t\t\t\t\t<label for=\"form-field-message\" class=\"elementor-field-label elementor-screen-only\">\n\t\t\t\t\t\t\t\tTitel\t\t\t\t\t\t\t<\/label>\n\t\t\t\t\t\t\t\t\t\t\t\t\t\t<input size=\"1\" type=\"text\" name=\"form_fields[message]\" id=\"form-field-message\" class=\"elementor-field elementor-size-sm  elementor-field-textual\" placeholder=\"Titel\">\n\t\t\t\t\t\t\t\t\t\t\t<\/div>\n\t\t\t\t\t\t\t\t<div class=\"elementor-field-type-text elementor-field-group elementor-column elementor-field-group-field_a427082 elementor-col-33 elementor-field-required\">\n\t\t\t\t\t\t\t\t\t\t\t\t<label for=\"form-field-field_a427082\" class=\"elementor-field-label elementor-screen-only\">\n\t\t\t\t\t\t\t\tVorname\t\t\t\t\t\t\t<\/label>\n\t\t\t\t\t\t\t\t\t\t\t\t\t\t<input size=\"1\" type=\"text\" name=\"form_fields[field_a427082]\" id=\"form-field-field_a427082\" class=\"elementor-field elementor-size-sm  elementor-field-textual\" placeholder=\"Vorname*\" required=\"required\">\n\t\t\t\t\t\t\t\t\t\t\t<\/div>\n\t\t\t\t\t\t\t\t<div class=\"elementor-field-type-text elementor-field-group elementor-column elementor-field-group-field_0e437eb elementor-col-33 elementor-field-required\">\n\t\t\t\t\t\t\t\t\t\t\t\t<label for=\"form-field-field_0e437eb\" class=\"elementor-field-label elementor-screen-only\">\n\t\t\t\t\t\t\t\tNachname\t\t\t\t\t\t\t<\/label>\n\t\t\t\t\t\t\t\t\t\t\t\t\t\t<input size=\"1\" type=\"text\" name=\"form_fields[field_0e437eb]\" id=\"form-field-field_0e437eb\" class=\"elementor-field elementor-size-sm  elementor-field-textual\" placeholder=\"Nachname*\" required=\"required\">\n\t\t\t\t\t\t\t\t\t\t\t<\/div>\n\t\t\t\t\t\t\t\t<div class=\"elementor-field-type-email elementor-field-group elementor-column elementor-field-group-email elementor-col-50 elementor-field-required\">\n\t\t\t\t\t\t\t\t\t\t\t\t<label for=\"form-field-email\" class=\"elementor-field-label elementor-screen-only\">\n\t\t\t\t\t\t\t\tE-Mail-Adresse\t\t\t\t\t\t\t<\/label>\n\t\t\t\t\t\t\t\t\t\t\t\t\t\t<input size=\"1\" type=\"email\" name=\"form_fields[email]\" id=\"form-field-email\" class=\"elementor-field elementor-size-sm  elementor-field-textual\" placeholder=\"E-Mail-Adresse*\" required=\"required\">\n\t\t\t\t\t\t\t\t\t\t\t<\/div>\n\t\t\t\t\t\t\t\t<div class=\"elementor-field-type-select elementor-field-group elementor-column elementor-field-group-field_4feca6b elementor-col-30 elementor-field-required\">\n\t\t\t\t\t\t\t\t\t\t\t\t<label for=\"form-field-field_4feca6b\" class=\"elementor-field-label elementor-screen-only\">\n\t\t\t\t\t\t\t\tLand\t\t\t\t\t\t\t<\/label>\n\t\t\t\t\t\t\t\t<div class=\"elementor-field elementor-select-wrapper remove-before \">\n\t\t\t<div class=\"select-caret-down-wrapper\">\n\t\t\t\t<i aria-hidden=\"true\" class=\"eicon-caret-down\"><\/i>\t\t\t<\/div>\n\t\t\t<select name=\"form_fields[field_4feca6b]\" id=\"form-field-field_4feca6b\" class=\"elementor-field-textual elementor-size-sm\" required=\"required\">\n\t\t\t\t\t\t\t\t\t<option value=\"\u00d6sterreich\">\u00d6sterreich<\/option>\n\t\t\t\t\t\t\t\t\t<option value=\"Deutschland\">Deutschland<\/option>\n\t\t\t\t\t\t\t<\/select>\n\t\t<\/div>\n\t\t\t\t\t\t<\/div>\n\t\t\t\t\t\t\t\t<div class=\"elementor-field-type-acceptance elementor-field-group elementor-column elementor-field-group-consent_1 elementor-col-100 elementor-field-required\">\n\t\t\t\t\t\t\t\t\t\t\t\t<label for=\"form-field-consent_1\" class=\"elementor-field-label elementor-screen-only\">\n\t\t\t\t\t\t\t\tEinwillgungserkl\u00e4rung Pflicht\t\t\t\t\t\t\t<\/label>\n\t\t\t\t\t\t\t\t<div class=\"elementor-field-subgroup\">\n\t\t\t<span class=\"elementor-field-option\">\n\t\t\t\t<input type=\"checkbox\" name=\"form_fields[consent_1]\" id=\"form-field-consent_1\" class=\"elementor-field elementor-size-sm  elementor-acceptance-field\" required=\"required\">\n\t\t\t\t<label for=\"form-field-consent_1\">Ich nehme zur Kenntnis, dass meine Einwilligung als eindeutig best\u00e4tigende und vollumf\u00e4ngliche Handlung f\u00fcr den Erhalt des Institut Allergosan Newsletters zu werten ist. Das Handeln des Instituts wird dabei von datenschutz- und telekommunikationsrechtlichen Vorgaben getragen und erf\u00e4hrt eben durch deren Einhaltung seine Berechtigung. Der Zweck der Datenverarbeitung ersch\u00f6pft sich in der \u00dcbermittlung des Newsletters zu Zwecken der Wissenschafts-, Veranstaltungs- und Produktinformation; dabei werden Informationen fachlich-wissenschaftlicher Natur zum Darm sowie werbliche Inhalte und Angebote (mit oder ohne Produktbezug) im Sinne einer Direktwerbung vermittelt. \n<br><br>\n\nIch habe die  <a href=\"https:\/\/www.allergosan.com\/at\/datenschutzerklaerung\/\" target=\"blank\" rel=\"noopener\">Datenschutzerkl\u00e4rung <\/a>gelesen und akzeptiere deren Inhalte; zudem ist mir bewusst, dass ich meine Einwilligung jederzeit f\u00fcr die Zukunft widerrufen kann.<\/label>\t\t\t<\/span>\n\t\t<\/div>\n\t\t\t\t\t\t<\/div>\n\t\t\t\t\t\t\t\t<div class=\"elementor-field-type-frcaptcha elementor-field-group elementor-column elementor-field-group-field_407c3f7 elementor-col-30\">\n\t\t\t\t\t\t\t\t\t\t\t\t<label for=\"form-field-field_407c3f7\" class=\"elementor-field-label elementor-screen-only\">\n\t\t\t\t\t\t\t\tfriendlyCAPTCHA\t\t\t\t\t\t\t<\/label>\n\t\t\t\t\t\t<div class=\"frc-captcha \" data-sitekey=\"FCMOS3MHCRNSBOJ7\" data-lang=\"de\" data-puzzle-endpoint=\"https:\/\/eu-api.friendlycaptcha.eu\/api\/v1\/puzzle\"><\/div>\n\t\t<noscript>You need to enable Javascript for the anti-spam check.<\/noscript><style>.frc-captcha {max-width: 100%; width:100%}<\/style><input type=\"frcaptcha text\" name=\"form_fields[field_407c3f7]\" id=\"form-field-field_407c3f7\" class=\"elementor-field elementor-size-sm \" style=\"display: none\">\t\t\t\t<\/div>\n\t\t\t\t\t\t\t\t<div class=\"elementor-field-group elementor-column elementor-field-type-submit elementor-col-100 e-form__buttons\">\n\t\t\t\t\t<button class=\"elementor-button elementor-size-lg\" type=\"submit\">\n\t\t\t\t\t\t<span class=\"elementor-button-content-wrapper\">\n\t\t\t\t\t\t\t\t\t\t\t\t\t\t\t\t\t\t\t\t\t\t<span class=\"elementor-button-text\">Ern\u00e4hrungstagebuch anfordern<\/span>\n\t\t\t\t\t\t\t\t\t\t\t\t\t<\/span>\n\t\t\t\t\t<\/button>\n\t\t\t\t<\/div>\n\t\t\t<\/div>\n\t\t<\/form>\n\t\t\t\t\t\t<\/div>\n\t\t\t\t<\/div>\n\t\t\t\t<\/div>\n\t\t\t\t\t<\/div>\n\t\t\t\t<\/div>\n\t\t<div class=\"elementor-element elementor-element-d7050ed obcs none e-flex e-con-boxed e-con e-parent\" data-id=\"d7050ed\" data-element_type=\"container\">\n\t\t\t\t\t<div class=\"e-con-inner\">\n\t\t\t\t<div class=\"elementor-element elementor-element-e5b5857 elementor-widget elementor-widget-infobox\" data-id=\"e5b5857\" data-element_type=\"widget\" data-widget_type=\"infobox.default\">\n\t\t\t\t<div class=\"elementor-widget-container\">\n\t\t\t\t\t\n<div class=\"li-widgets--infobox yellow highlights-always-magenta\">\n\n    <div class=\"li-widgets--infobox__icon\">\n        <i aria-hidden=\"true\" class=\"fas fa-bacteria\"><\/i>    <\/div>\n    <div class=\"li-widgets--infobox__text\">\n        <p>M\u00f6chten Sie wissen, wie die Zusammensetzung Ihrer Darmflora ist?\u200b <\/p>    <\/div>\n    <div class=\"li-widgets--infobox__text-body\">\n        <p>Mit dem <strong>OMNi-BiOTiC SCAN\u00ae<\/strong> k\u00f6nnen Sie Ihre <strong>Darmbakterien<\/strong> anhand ihrer <strong>DNA<\/strong> <strong>bestimmen<\/strong> und <strong>analysieren<\/strong> lassen. So erfahren Sie, welche Bakterien in Ihrem Darm leben \u2013 oder welche wichtigen Ihnen vielleicht fehlen. Zudem erhalten Sie <strong>individuelle Empfehlungen<\/strong> zur optimalen <strong>Ern\u00e4hrung<\/strong> und erfahren welches <strong>OMNi-BiOTiC\u00ae<\/strong> f\u00fcr Sie ganz pers\u00f6nlich das <strong>beste<\/strong> ist!<\/p>    <\/div>\n\n            <a href=\"https:\/\/www.omni-biotic.com\/de-at\/produkt\/omni-biotic-scan\/\" class=\"li-widgets--infobox__button\">\n            Mehr zum OMNi-BiOTiC SCAN\u00ae        <\/a>\n    \n<\/div>\n\t\t\t\t<\/div>\n\t\t\t\t<\/div>\n\t\t\t\t\t<\/div>\n\t\t\t\t<\/div>\n\t\t\t\t<\/div>\n\t\t","protected":false},"excerpt":{"rendered":"<p>Ihr pers\u00f6nliches Ern\u00e4hrungstagebuch M\u00f6chten Sie herausfinden, was Ihrem K\u00f6rper wirklich guttut und was Sie lieber meiden sollten? Jetzt Newsletter abonnieren &amp; Ern\u00e4hrungstagebuch kostenlos erhalten! Betrachten Sie Ihr Wohlbefinden neu mit einem Ern\u00e4hrungstagebuch! Wussten Sie, dass die Aufzeichnung Ihrer t\u00e4glichen Ern\u00e4hrung Ihnen helfen kann, zu verstehen, welche Lebensmittel Ihnen Energie geben und welche Ihnen nicht bekommen? [&hellip;]<\/p>\n","protected":false},"author":8,"featured_media":30617,"parent":0,"menu_order":80,"comment_status":"closed","ping_status":"closed","template":"","meta":{"_acf_changed":false,"inline_featured_image":false,"footnotes":""},"class_list":["post-30588","page","type-page","status-publish","has-post-thumbnail","hentry"],"acf":[],"_links":{"self":[{"href":"https:\/\/www.omni-biotic.com\/de-at\/wp-json\/wp\/v2\/pages\/30588","targetHints":{"allow":["GET"]}}],"collection":[{"href":"https:\/\/www.omni-biotic.com\/de-at\/wp-json\/wp\/v2\/pages"}],"about":[{"href":"https:\/\/www.omni-biotic.com\/de-at\/wp-json\/wp\/v2\/types\/page"}],"author":[{"embeddable":true,"href":"https:\/\/www.omni-biotic.com\/de-at\/wp-json\/wp\/v2\/users\/8"}],"replies":[{"embeddable":true,"href":"https:\/\/www.omni-biotic.com\/de-at\/wp-json\/wp\/v2\/comments?post=30588"}],"version-history":[{"count":7,"href":"https:\/\/www.omni-biotic.com\/de-at\/wp-json\/wp\/v2\/pages\/30588\/revisions"}],"predecessor-version":[{"id":37315,"href":"https:\/\/www.omni-biotic.com\/de-at\/wp-json\/wp\/v2\/pages\/30588\/revisions\/37315"}],"wp:featuredmedia":[{"embeddable":true,"href":"https:\/\/www.omni-biotic.com\/de-at\/wp-json\/wp\/v2\/media\/30617"}],"wp:attachment":[{"href":"https:\/\/www.omni-biotic.com\/de-at\/wp-json\/wp\/v2\/media?parent=30588"}],"curies":[{"name":"wp","href":"https:\/\/api.w.org\/{rel}","templated":true}]}}