{"id":67,"date":"2022-03-07T10:07:27","date_gmt":"2022-03-07T09:07:27","guid":{"rendered":"https:\/\/www.omni-biotic.com\/ueber-uns\/was-ist-omni-biotic\/"},"modified":"2025-08-19T14:08:35","modified_gmt":"2025-08-19T12:08:35","slug":"was-ist-omni-biotic","status":"publish","type":"page","link":"https:\/\/www.omni-biotic.com\/de-at\/ueber-uns\/was-ist-omni-biotic\/","title":{"rendered":"Was ist OMNi-BiOTiC\u00ae?"},"content":{"rendered":"\t\t<div data-elementor-type=\"wp-page\" data-elementor-id=\"67\" class=\"elementor elementor-67\" data-elementor-post-type=\"page\">\n\t\t\t\t<div class=\"elementor-element elementor-element-791f253 e-con-full obcs none e-flex e-con e-parent\" data-id=\"791f253\" data-element_type=\"container\" data-settings=\"{&quot;background_background&quot;:&quot;classic&quot;,&quot;shape_divider_bottom&quot;:&quot;waves&quot;}\">\n\t\t\t\t<div class=\"elementor-shape elementor-shape-bottom\" aria-hidden=\"true\" data-negative=\"false\">\n\t\t\t<svg xmlns=\"http:\/\/www.w3.org\/2000\/svg\" viewBox=\"0 0 1000 100\" preserveAspectRatio=\"none\">\n\t<path class=\"elementor-shape-fill\" d=\"M421.9,6.5c22.6-2.5,51.5,0.4,75.5,5.3c23.6,4.9,70.9,23.5,100.5,35.7c75.8,32.2,133.7,44.5,192.6,49.7\n\tc23.6,2.1,48.7,3.5,103.4-2.5c54.7-6,106.2-25.6,106.2-25.6V0H0v30.3c0,0,72,32.6,158.4,30.5c39.2-0.7,92.8-6.7,134-22.4\n\tc21.2-8.1,52.2-18.2,79.7-24.2C399.3,7.9,411.6,7.5,421.9,6.5z\"\/>\n<\/svg>\t\t<\/div>\n\t\t<div class=\"elementor-element elementor-element-dfc04e6 e-con-full obcs none e-flex e-con e-child\" data-id=\"dfc04e6\" data-element_type=\"container\" data-settings=\"{&quot;background_background&quot;:&quot;gradient&quot;}\">\n\t\t\t\t<div class=\"elementor-element elementor-element-6875fe4 elementor-widget elementor-widget-heading\" data-id=\"6875fe4\" data-element_type=\"widget\" data-widget_type=\"heading.default\">\n\t\t\t\t<div class=\"elementor-widget-container\">\n\t\t\t\t\t<h1 class=\"elementor-heading-title elementor-size-default\">OMNi-BiOTiC\u00ae \u2212 f\u00fcr ein t\u00e4glich \u201egutes Bauchgef\u00fchl\u201c<\/h1>\t\t\t\t<\/div>\n\t\t\t\t<\/div>\n\t\t\t\t<div class=\"elementor-element elementor-element-e36d64a elementor-widget-divider--view-line elementor-widget elementor-widget-divider\" data-id=\"e36d64a\" data-element_type=\"widget\" data-widget_type=\"divider.default\">\n\t\t\t\t<div class=\"elementor-widget-container\">\n\t\t\t\t\t\t\t<div class=\"elementor-divider\">\n\t\t\t<span class=\"elementor-divider-separator\">\n\t\t\t\t\t\t<\/span>\n\t\t<\/div>\n\t\t\t\t\t\t<\/div>\n\t\t\t\t<\/div>\n\t\t\t\t<div class=\"elementor-element elementor-element-f2da30f elementor-widget elementor-widget-text-editor\" data-id=\"f2da30f\" data-element_type=\"widget\" data-widget_type=\"text-editor.default\">\n\t\t\t\t<div class=\"elementor-widget-container\">\n\t\t\t\t\t\t\t\t\t<p>Ein <strong>guter Tag<\/strong> beginnt mit <strong>OMNi-BiOTiC\u00ae<\/strong> \u2212 das wissen Millionen von zufriedenen Kunden, denen Produkte von OMNi-BiOTiC\u00ae t\u00e4glich ein <strong>\u201egutes Bauchgef\u00fchl\u201c<\/strong> schenken.<\/p>\t\t\t\t\t\t\t\t<\/div>\n\t\t\t\t<\/div>\n\t\t\t\t<\/div>\n\t\t\t\t<\/div>\n\t\t<div class=\"elementor-element elementor-element-3a0fc31 obcs none e-flex e-con-boxed e-con e-parent\" data-id=\"3a0fc31\" data-element_type=\"container\">\n\t\t\t\t\t<div class=\"e-con-inner\">\n\t\t<div class=\"elementor-element elementor-element-5a41376 e-con-full obcs none e-flex e-con e-child\" data-id=\"5a41376\" data-element_type=\"container\">\n\t\t\t\t<div class=\"elementor-element elementor-element-3597f0a elementor-align-left elementor-widget__width-initial elementor-widget elementor-widget-breadcrumbs\" data-id=\"3597f0a\" data-element_type=\"widget\" data-widget_type=\"breadcrumbs.default\">\n\t\t\t\t<div class=\"elementor-widget-container\">\n\t\t\t\t\t<span><span class=\"last\">Home<\/span><\/span>\t\t\t\t<\/div>\n\t\t\t\t<\/div>\n\t\t\t\t<\/div>\n\t\t<div class=\"elementor-element elementor-element-111512f e-con-full obcs none e-flex e-con e-child\" data-id=\"111512f\" data-element_type=\"container\">\n\t\t\t\t<div class=\"elementor-element elementor-element-7fad40b elementor-toc--minimized-on-desktop elementor-widget elementor-widget-table-of-contents\" data-id=\"7fad40b\" data-element_type=\"widget\" data-settings=\"{&quot;exclude_headings_by_selector&quot;:[],&quot;minimized_on&quot;:&quot;desktop&quot;,&quot;no_headings_message&quot;:&quot;No headings were found on this page.&quot;,&quot;headings_by_tags&quot;:[&quot;h2&quot;,&quot;h3&quot;,&quot;h4&quot;,&quot;h5&quot;,&quot;h6&quot;],&quot;marker_view&quot;:&quot;numbers&quot;,&quot;minimize_box&quot;:&quot;yes&quot;,&quot;hierarchical_view&quot;:&quot;yes&quot;,&quot;min_height&quot;:{&quot;unit&quot;:&quot;px&quot;,&quot;size&quot;:&quot;&quot;,&quot;sizes&quot;:[]},&quot;min_height_tablet&quot;:{&quot;unit&quot;:&quot;px&quot;,&quot;size&quot;:&quot;&quot;,&quot;sizes&quot;:[]},&quot;min_height_mobile&quot;:{&quot;unit&quot;:&quot;px&quot;,&quot;size&quot;:&quot;&quot;,&quot;sizes&quot;:[]}}\" data-widget_type=\"table-of-contents.default\">\n\t\t\t\t<div class=\"elementor-widget-container\">\n\t\t\t\t\t\t\t\t\t<div class=\"elementor-toc__header\">\n\t\t\t\t\t\t<h4 class=\"elementor-toc__header-title\">\n\t\t\t\tInhaltsverzeichnis\t\t\t<\/h4>\n\t\t\t\t\t\t\t\t\t\t<div class=\"elementor-toc__toggle-button elementor-toc__toggle-button--expand\" role=\"button\" tabindex=\"0\" aria-controls=\"elementor-toc__7fad40b\" aria-expanded=\"true\" aria-label=\"Inhaltsverzeichnis \u00f6ffnen\"><i aria-hidden=\"true\" class=\"fas fa-chevron-down\"><\/i><\/div>\n\t\t\t\t<div class=\"elementor-toc__toggle-button elementor-toc__toggle-button--collapse\" role=\"button\" tabindex=\"0\" aria-controls=\"elementor-toc__7fad40b\" aria-expanded=\"true\" aria-label=\"Inhaltsverzeichnis schlie\u00dfen\"><i aria-hidden=\"true\" class=\"fas fa-chevron-up\"><\/i><\/div>\n\t\t\t\t\t<\/div>\n\t\t\t\t<div id=\"elementor-toc__7fad40b\" class=\"elementor-toc__body\">\n\t\t\t<div class=\"elementor-toc__spinner-container\">\n\t\t\t\t<i class=\"elementor-toc__spinner eicon-animation-spin eicon-loading\" aria-hidden=\"true\"><\/i>\t\t\t<\/div>\n\t\t<\/div>\n\t\t\t\t\t\t<\/div>\n\t\t\t\t<\/div>\n\t\t\t\t<\/div>\n\t\t\t\t\t<\/div>\n\t\t\t\t<\/div>\n\t\t<div class=\"elementor-element elementor-element-2390dce obcs magenta e-flex e-con-boxed e-con e-parent\" data-id=\"2390dce\" data-element_type=\"container\">\n\t\t\t\t\t<div class=\"e-con-inner\">\n\t\t<div class=\"elementor-element elementor-element-df051bb e-con-full obcs none e-flex e-con e-child\" data-id=\"df051bb\" data-element_type=\"container\">\n\t\t\t\t<div class=\"elementor-element elementor-element-bb38248 elementor-widget elementor-widget-text-editor\" data-id=\"bb38248\" data-element_type=\"widget\" data-widget_type=\"text-editor.default\">\n\t\t\t\t<div class=\"elementor-widget-container\">\n\t\t\t\t\t\t\t\t\t<p>Die <strong>Erfolgsgeschichte<\/strong> der Probiotikamarke begann vor <strong>\u00fcber 30 Jahren<\/strong>, als die vielfach ausgezeichnete Darmexpertin und Gr\u00fcnderin des Institut AllergoSan<a href=\"https:\/\/www.omni-biotic.com\/de-at\/ueber-uns\/institut-allergosan\/anita-frauwallner\/\"><strong> Prof. Anita Frauwallner<\/strong> <\/a>ihre Liebe zu den Darmbakterien entdeckte \u2212 nachdem ein einschneidender Schicksalsschlag sie dazu bewegt hatte, einen v\u00f6llig neuen Weg einzuschlagen. Die \u00dcberzeugung, dass ein <a href=\"https:\/\/www.omni-biotic.com\/de-at\/darmgesundheit\/\"><strong>gesunder Darm<\/strong><\/a> der Schl\u00fcssel f\u00fcr ein <strong>vitales Leben<\/strong> ist, f\u00fchrte zur Schaffung der <strong>Probiotikamarke OMNi-BiOTiC\u00ae<\/strong>, die weltweit <strong>Platz 3* der st\u00e4rksten Probiotikamarken<\/strong> belegt! Immer mehr Menschen auf der ganzen Welt wissen, dass ihre <strong>Gesundheit im Darm beginnt<\/strong>, und vertrauen auf die Produkte von <strong>OMNi-BiOTiC\u00ae<\/strong> und dem ganzheitlichen Ansatz dahinter: das gesundheitliche Fundament zu st\u00e4rken, <strong>noch bevor Krankheiten entstehen<\/strong> \u2013 und das mit dem, was die <strong>Natur<\/strong> daf\u00fcr bereitgestellt hat.<\/p><p><em>* IQVIA OTC Global Insights 2024, 03F1\/A7F, IQVIA OTC Audits \/ Public Price in EUR<\/em><\/p>\t\t\t\t\t\t\t\t<\/div>\n\t\t\t\t<\/div>\n\t\t\t\t<\/div>\n\t\t<div class=\"elementor-element elementor-element-95f7c1e e-con-full obcs none e-flex e-con e-child\" data-id=\"95f7c1e\" data-element_type=\"container\">\n\t\t\t\t<div class=\"elementor-element elementor-element-4a2290c elementor-widget elementor-widget-image\" data-id=\"4a2290c\" data-element_type=\"widget\" data-widget_type=\"image.default\">\n\t\t\t\t<div class=\"elementor-widget-container\">\n\t\t\t\t\t\t\t\t\t\t\t\t\t\t\t<img fetchpriority=\"high\" decoding=\"async\" width=\"800\" height=\"589\" src=\"https:\/\/www.omni-biotic.com\/de-at\/wp-content\/uploads\/sites\/2\/2023\/07\/OMNi-BiOTiC_new_Logo-1024x754.png\" class=\"attachment-large size-large wp-image-21932\" alt=\"Die Erfolgsmarke OMNi-BiOTiC\u00ae\" srcset=\"https:\/\/www.omni-biotic.com\/de-at\/wp-content\/uploads\/sites\/2\/2023\/07\/OMNi-BiOTiC_new_Logo-1024x754.png 1024w, https:\/\/www.omni-biotic.com\/de-at\/wp-content\/uploads\/sites\/2\/2023\/07\/OMNi-BiOTiC_new_Logo-300x221.png 300w, https:\/\/www.omni-biotic.com\/de-at\/wp-content\/uploads\/sites\/2\/2023\/07\/OMNi-BiOTiC_new_Logo-768x565.png 768w, https:\/\/www.omni-biotic.com\/de-at\/wp-content\/uploads\/sites\/2\/2023\/07\/OMNi-BiOTiC_new_Logo-1536x1130.png 1536w, https:\/\/www.omni-biotic.com\/de-at\/wp-content\/uploads\/sites\/2\/2023\/07\/OMNi-BiOTiC_new_Logo.png 1541w\" sizes=\"(max-width: 800px) 100vw, 800px\" title=\"\">\t\t\t\t\t\t\t\t\t\t\t\t\t\t\t<\/div>\n\t\t\t\t<\/div>\n\t\t\t\t<\/div>\n\t\t\t\t\t<\/div>\n\t\t\t\t<\/div>\n\t\t<div class=\"elementor-element elementor-element-dc96097 obcs magenta e-flex e-con-boxed e-con e-parent\" data-id=\"dc96097\" data-element_type=\"container\">\n\t\t\t\t\t<div class=\"e-con-inner\">\n\t\t\t\t<div class=\"elementor-element elementor-element-8ca62d4 elementor-widget elementor-widget-infobox\" data-id=\"8ca62d4\" data-element_type=\"widget\" data-widget_type=\"infobox.default\">\n\t\t\t\t<div class=\"elementor-widget-container\">\n\t\t\t\t\t\n<div class=\"li-widgets--infobox magenta highlights-always-magenta\">\n\n    <div class=\"li-widgets--infobox__icon\">\n        <i aria-hidden=\"true\" class=\"fas fa-info-circle\"><\/i>    <\/div>\n    <div class=\"li-widgets--infobox__text\">\n        <p>Was ist besonders an OMNi-BiOTiC\u00ae ?<\/p>    <\/div>\n    <div class=\"li-widgets--infobox__text-body\">\n        <p>Das Erfolgsgeheimnis von<strong> OMNi-BiOTiC\u00ae<\/strong> liegt in der <strong>innovativen Formulierung<\/strong> und den <strong>hohen Qualit\u00e4tsstandards<\/strong>, die bei der Entwicklung der Probiotika an oberster Stelle stehen und f\u00fcr sp\u00fcrbare Vorteile bei den Anwendern sorgen.<\/p>    <\/div>\n\n    \n<\/div>\n\t\t\t\t<\/div>\n\t\t\t\t<\/div>\n\t\t\t\t\t<\/div>\n\t\t\t\t<\/div>\n\t\t<div class=\"elementor-element elementor-element-68973e8 obcs none e-flex e-con-boxed e-con e-parent\" data-id=\"68973e8\" data-element_type=\"container\">\n\t\t\t\t\t<div class=\"e-con-inner\">\n\t\t<div class=\"elementor-element elementor-element-04a0fec e-con-full obcs none e-flex e-con e-child\" data-id=\"04a0fec\" data-element_type=\"container\">\n\t\t\t\t<div class=\"elementor-element elementor-element-4dca31f elementor-widget elementor-widget-heading\" data-id=\"4dca31f\" data-element_type=\"widget\" data-widget_type=\"heading.default\">\n\t\t\t\t<div class=\"elementor-widget-container\">\n\t\t\t\t\t<h2 class=\"elementor-heading-title elementor-size-default\">Unser Erfolgsgeheimnis<\/h2>\t\t\t\t<\/div>\n\t\t\t\t<\/div>\n\t\t\t\t<div class=\"elementor-element elementor-element-41a28e1 elementor-widget elementor-widget-text-editor\" data-id=\"41a28e1\" data-element_type=\"widget\" data-widget_type=\"text-editor.default\">\n\t\t\t\t<div class=\"elementor-widget-container\">\n\t\t\t\t\t\t\t\t\t<p>In Zusammenarbeit mit <strong>renommierten Kliniken<\/strong> werden hochqualitative <a href=\"https:\/\/www.omni-biotic.com\/de-at\/ueber-uns\/forschung-entwicklung\/studienspiegel\/\"><strong>Studien<\/strong><\/a> durchgef\u00fchrt, die in angesehenen wissenschaftlichen <strong>Fachzeitschriften<\/strong> publiziert werden. Alle <strong>OMNi-BiOTiC\u00ae-Produkte<\/strong> enthalten eine hohe Anzahl an <strong>lebens- und vermehrungsf\u00e4higen Bakterien<\/strong>, die nicht nur direkt im Darm, sondern dar\u00fcber hinaus auch im <strong>gesamten Organismus<\/strong> ihre positiven Effekte entfalten. Damit eine m\u00f6glichst hohe Anzahl unserer kleinen \u201eHelfer\u201c auch unbeschadet den Darm erreicht, m\u00fcssen sie <strong>optimal gegen die k\u00f6rpereigenen S\u00e4uren in Magen und Darm gewappnet<\/strong> sein. Dabei sind vor allem zwei Dinge entscheidend:\u00a0<\/p>\t\t\t\t\t\t\t\t<\/div>\n\t\t\t\t<\/div>\n\t\t\t\t<\/div>\n\t\t\t\t\t<\/div>\n\t\t\t\t<\/div>\n\t\t<div class=\"elementor-element elementor-element-60ec53f obcs none e-flex e-con-boxed e-con e-parent\" data-id=\"60ec53f\" data-element_type=\"container\">\n\t\t\t\t\t<div class=\"e-con-inner\">\n\t\t<div class=\"elementor-element elementor-element-3e81805 e-con-full obcs none e-flex e-con e-child\" data-id=\"3e81805\" data-element_type=\"container\">\n\t\t\t\t<div class=\"elementor-element elementor-element-0e934ca e-transform elementor-widget elementor-widget-image\" data-id=\"0e934ca\" data-element_type=\"widget\" data-settings=\"{&quot;_transform_rotateZ_effect&quot;:{&quot;unit&quot;:&quot;px&quot;,&quot;size&quot;:0,&quot;sizes&quot;:[]},&quot;_transform_rotate_3d&quot;:&quot;yes&quot;,&quot;_transform_rotateX_effect&quot;:{&quot;unit&quot;:&quot;px&quot;,&quot;size&quot;:0,&quot;sizes&quot;:[]},&quot;_transform_rotateY_effect&quot;:{&quot;unit&quot;:&quot;px&quot;,&quot;size&quot;:4,&quot;sizes&quot;:[]},&quot;_transform_perspective_effect&quot;:{&quot;unit&quot;:&quot;px&quot;,&quot;size&quot;:650,&quot;sizes&quot;:[]},&quot;_transform_rotateZ_effect_tablet&quot;:{&quot;unit&quot;:&quot;deg&quot;,&quot;size&quot;:&quot;&quot;,&quot;sizes&quot;:[]},&quot;_transform_rotateZ_effect_mobile&quot;:{&quot;unit&quot;:&quot;deg&quot;,&quot;size&quot;:&quot;&quot;,&quot;sizes&quot;:[]},&quot;_transform_rotateX_effect_tablet&quot;:{&quot;unit&quot;:&quot;deg&quot;,&quot;size&quot;:&quot;&quot;,&quot;sizes&quot;:[]},&quot;_transform_rotateX_effect_mobile&quot;:{&quot;unit&quot;:&quot;deg&quot;,&quot;size&quot;:&quot;&quot;,&quot;sizes&quot;:[]},&quot;_transform_rotateY_effect_tablet&quot;:{&quot;unit&quot;:&quot;deg&quot;,&quot;size&quot;:&quot;&quot;,&quot;sizes&quot;:[]},&quot;_transform_rotateY_effect_mobile&quot;:{&quot;unit&quot;:&quot;deg&quot;,&quot;size&quot;:&quot;&quot;,&quot;sizes&quot;:[]},&quot;_transform_perspective_effect_tablet&quot;:{&quot;unit&quot;:&quot;px&quot;,&quot;size&quot;:&quot;&quot;,&quot;sizes&quot;:[]},&quot;_transform_perspective_effect_mobile&quot;:{&quot;unit&quot;:&quot;px&quot;,&quot;size&quot;:&quot;&quot;,&quot;sizes&quot;:[]}}\" data-widget_type=\"image.default\">\n\t\t\t\t<div class=\"elementor-widget-container\">\n\t\t\t\t\t\t\t\t\t\t\t\t\t\t\t<img decoding=\"async\" width=\"800\" height=\"800\" src=\"https:\/\/www.omni-biotic.com\/de-at\/wp-content\/uploads\/sites\/2\/2023\/07\/Darmbakterien.jpg\" class=\"attachment-large size-large wp-image-21367\" alt=\"Darmbakterien\" srcset=\"https:\/\/www.omni-biotic.com\/de-at\/wp-content\/uploads\/sites\/2\/2023\/07\/Darmbakterien.jpg 1024w, https:\/\/www.omni-biotic.com\/de-at\/wp-content\/uploads\/sites\/2\/2023\/07\/Darmbakterien-300x300.jpg 300w, https:\/\/www.omni-biotic.com\/de-at\/wp-content\/uploads\/sites\/2\/2023\/07\/Darmbakterien-150x150.jpg 150w, https:\/\/www.omni-biotic.com\/de-at\/wp-content\/uploads\/sites\/2\/2023\/07\/Darmbakterien-768x768.jpg 768w\" sizes=\"(max-width: 800px) 100vw, 800px\" title=\"\">\t\t\t\t\t\t\t\t\t\t\t\t\t\t\t<\/div>\n\t\t\t\t<\/div>\n\t\t\t\t<\/div>\n\t\t<div class=\"elementor-element elementor-element-631156a e-con-full obcs none e-flex e-con e-child\" data-id=\"631156a\" data-element_type=\"container\">\n\t\t\t\t<div class=\"elementor-element elementor-element-d0a39f5 elementor-widget elementor-widget-heading\" data-id=\"d0a39f5\" data-element_type=\"widget\" data-widget_type=\"heading.default\">\n\t\t\t\t<div class=\"elementor-widget-container\">\n\t\t\t\t\t<h3 class=\"elementor-heading-title elementor-size-default\">Auswahl der Bakterienst\u00e4mme<\/h3>\t\t\t\t<\/div>\n\t\t\t\t<\/div>\n\t\t\t\t<div class=\"elementor-element elementor-element-b15ab30 elementor-widget elementor-widget-text-editor\" data-id=\"b15ab30\" data-element_type=\"widget\" data-widget_type=\"text-editor.default\">\n\t\t\t\t<div class=\"elementor-widget-container\">\n\t\t\t\t\t\t\t\t\t<p>Zum einen wird schon bei der <strong>Auswahl der Bakterienst\u00e4mme<\/strong> darauf geachtet, nur <strong>humane<\/strong>, also im menschlichen Darm von Natur aus vorkommende St\u00e4mme zu verwenden, die genetisch <strong>resistent gegen\u00fcber Magens\u00e4ure, Gallens\u00e4uren und dem Sekret der Bauchspeicheldr\u00fcse<\/strong> sind, die im Magen und Zw\u00f6lffingerdarm das <strong>Abt\u00f6ten fremder Keime<\/strong> vornehmen.<\/p>\t\t\t\t\t\t\t\t<\/div>\n\t\t\t\t<\/div>\n\t\t\t\t<div class=\"elementor-element elementor-element-b23c487 elementor-widget elementor-widget-heading\" data-id=\"b23c487\" data-element_type=\"widget\" data-widget_type=\"heading.default\">\n\t\t\t\t<div class=\"elementor-widget-container\">\n\t\t\t\t\t<h3 class=\"elementor-heading-title elementor-size-default\">Rehydrierung in Fl\u00fcssigkeit<\/h3>\t\t\t\t<\/div>\n\t\t\t\t<\/div>\n\t\t\t\t<div class=\"elementor-element elementor-element-e05358b elementor-widget elementor-widget-text-editor\" data-id=\"e05358b\" data-element_type=\"widget\" data-widget_type=\"text-editor.default\">\n\t\t\t\t<div class=\"elementor-widget-container\">\n\t\t\t\t\t\t\t\t\t<p>Zum anderen werden die <strong>gefriergetrockneten OMNi-BiOTiC\u00ae-Bakterienst\u00e4mme<\/strong> durch die Rehydrierung in Fl\u00fcssigkeit (z. B. in einem Glas Wasser) noch au\u00dferhalb des K\u00f6rpers <strong>intensiv aktiviert und gest\u00e4rkt<\/strong>, sodass sie die Passage durch den Magen problemlos \u00fcberstehen und im Darm sofort mit ihrer Arbeit beginnen k\u00f6nnen.<\/p>\t\t\t\t\t\t\t\t<\/div>\n\t\t\t\t<\/div>\n\t\t\t\t<\/div>\n\t\t\t\t\t<\/div>\n\t\t\t\t<\/div>\n\t\t<div class=\"elementor-element elementor-element-0b54b16 obcs none e-flex e-con-boxed e-con e-parent\" data-id=\"0b54b16\" data-element_type=\"container\" data-settings=\"{&quot;background_background&quot;:&quot;classic&quot;,&quot;shape_divider_top&quot;:&quot;waves&quot;,&quot;shape_divider_bottom&quot;:&quot;waves&quot;}\">\n\t\t\t\t\t<div class=\"e-con-inner\">\n\t\t\t\t<div class=\"elementor-shape elementor-shape-top\" aria-hidden=\"true\" data-negative=\"false\">\n\t\t\t<svg xmlns=\"http:\/\/www.w3.org\/2000\/svg\" viewBox=\"0 0 1000 100\" preserveAspectRatio=\"none\">\n\t<path class=\"elementor-shape-fill\" d=\"M421.9,6.5c22.6-2.5,51.5,0.4,75.5,5.3c23.6,4.9,70.9,23.5,100.5,35.7c75.8,32.2,133.7,44.5,192.6,49.7\n\tc23.6,2.1,48.7,3.5,103.4-2.5c54.7-6,106.2-25.6,106.2-25.6V0H0v30.3c0,0,72,32.6,158.4,30.5c39.2-0.7,92.8-6.7,134-22.4\n\tc21.2-8.1,52.2-18.2,79.7-24.2C399.3,7.9,411.6,7.5,421.9,6.5z\"\/>\n<\/svg>\t\t<\/div>\n\t\t\t\t<div class=\"elementor-shape elementor-shape-bottom\" aria-hidden=\"true\" data-negative=\"false\">\n\t\t\t<svg xmlns=\"http:\/\/www.w3.org\/2000\/svg\" viewBox=\"0 0 1000 100\" preserveAspectRatio=\"none\">\n\t<path class=\"elementor-shape-fill\" d=\"M421.9,6.5c22.6-2.5,51.5,0.4,75.5,5.3c23.6,4.9,70.9,23.5,100.5,35.7c75.8,32.2,133.7,44.5,192.6,49.7\n\tc23.6,2.1,48.7,3.5,103.4-2.5c54.7-6,106.2-25.6,106.2-25.6V0H0v30.3c0,0,72,32.6,158.4,30.5c39.2-0.7,92.8-6.7,134-22.4\n\tc21.2-8.1,52.2-18.2,79.7-24.2C399.3,7.9,411.6,7.5,421.9,6.5z\"\/>\n<\/svg>\t\t<\/div>\n\t\t\t\t<div class=\"elementor-element elementor-element-ef3e3d9 elementor-widget elementor-widget-text-editor\" data-id=\"ef3e3d9\" data-element_type=\"widget\" data-widget_type=\"text-editor.default\">\n\t\t\t\t<div class=\"elementor-widget-container\">\n\t\t\t\t\t\t\t\t\t<p>Mittlerweile sind <strong>\u00fcber 20 unterschiedliche OMNi-BiOTiC\u00ae-Produkte<\/strong> im Einsatz f\u00fcr ein \u201egutes Bauchgef\u00fchl\u201c, denn: Je nach <strong>Zusammensetzung<\/strong> der Darmflora und <strong>Beschwerdebild<\/strong> ist eine andere <strong>Bakterienkombination<\/strong> die individuell perfekte Wahl, um <strong>bestm\u00f6gliche Ergebnisse<\/strong> zu erzielen und den <strong>Darm als unsere Gesundheitszentrale<\/strong> zu st\u00e4rken.<\/p>\t\t\t\t\t\t\t\t<\/div>\n\t\t\t\t<\/div>\n\t\t\t\t\t<\/div>\n\t\t\t\t<\/div>\n\t\t<div class=\"elementor-element elementor-element-7bebf84 obcs none e-flex e-con-boxed e-con e-parent\" data-id=\"7bebf84\" data-element_type=\"container\">\n\t\t\t\t\t<div class=\"e-con-inner\">\n\t\t\t\t<div class=\"elementor-element elementor-element-c8b2458 elementor-widget elementor-widget-heading\" data-id=\"c8b2458\" data-element_type=\"widget\" data-widget_type=\"heading.default\">\n\t\t\t\t<div class=\"elementor-widget-container\">\n\t\t\t\t\t<h2 class=\"elementor-heading-title elementor-size-default\">Wie viele Bakterienst\u00e4mme ben\u00f6tigt ein gutes Probiotikum?<\/h2>\t\t\t\t<\/div>\n\t\t\t\t<\/div>\n\t\t\t\t<div class=\"elementor-element elementor-element-f392128 elementor-widget elementor-widget-video\" data-id=\"f392128\" data-element_type=\"widget\" data-settings=\"{&quot;youtube_url&quot;:&quot;https:\\\/\\\/youtube.com\\\/shorts\\\/wvvX0sqCC3A?si=TyZwc4uL3TLfJ2X3&quot;,&quot;video_type&quot;:&quot;youtube&quot;,&quot;controls&quot;:&quot;yes&quot;}\" data-widget_type=\"video.default\">\n\t\t\t\t<div class=\"elementor-widget-container\">\n\t\t\t\t\t\t\t<div class=\"elementor-wrapper elementor-open-inline\">\n\t\t\t<div class=\"elementor-video\"><\/div>\t\t<\/div>\n\t\t\t\t\t\t<\/div>\n\t\t\t\t<\/div>\n\t\t\t\t\t<\/div>\n\t\t\t\t<\/div>\n\t\t\t\t<\/div>\n\t\t","protected":false},"excerpt":{"rendered":"<p>OMNi-BiOTiC\u00ae \u2212 f\u00fcr ein t\u00e4glich \u201egutes Bauchgef\u00fchl\u201c Ein guter Tag beginnt mit OMNi-BiOTiC\u00ae \u2212 das wissen Millionen von zufriedenen Kunden, denen Produkte von OMNi-BiOTiC\u00ae t\u00e4glich ein \u201egutes Bauchgef\u00fchl\u201c schenken. Home Inhaltsverzeichnis Die Erfolgsgeschichte der Probiotikamarke begann vor \u00fcber 30 Jahren, als die vielfach ausgezeichnete Darmexpertin und Gr\u00fcnderin des Institut AllergoSan Prof. Anita Frauwallner ihre Liebe [&hellip;]<\/p>\n","protected":false},"author":3,"featured_media":21571,"parent":65,"menu_order":20,"comment_status":"closed","ping_status":"closed","template":"","meta":{"_acf_changed":false,"inline_featured_image":false,"footnotes":""},"class_list":["post-67","page","type-page","status-publish","has-post-thumbnail","hentry"],"acf":[],"_links":{"self":[{"href":"https:\/\/www.omni-biotic.com\/de-at\/wp-json\/wp\/v2\/pages\/67","targetHints":{"allow":["GET"]}}],"collection":[{"href":"https:\/\/www.omni-biotic.com\/de-at\/wp-json\/wp\/v2\/pages"}],"about":[{"href":"https:\/\/www.omni-biotic.com\/de-at\/wp-json\/wp\/v2\/types\/page"}],"author":[{"embeddable":true,"href":"https:\/\/www.omni-biotic.com\/de-at\/wp-json\/wp\/v2\/users\/3"}],"replies":[{"embeddable":true,"href":"https:\/\/www.omni-biotic.com\/de-at\/wp-json\/wp\/v2\/comments?post=67"}],"version-history":[{"count":7,"href":"https:\/\/www.omni-biotic.com\/de-at\/wp-json\/wp\/v2\/pages\/67\/revisions"}],"predecessor-version":[{"id":39768,"href":"https:\/\/www.omni-biotic.com\/de-at\/wp-json\/wp\/v2\/pages\/67\/revisions\/39768"}],"up":[{"embeddable":true,"href":"https:\/\/www.omni-biotic.com\/de-at\/wp-json\/wp\/v2\/pages\/65"}],"wp:featuredmedia":[{"embeddable":true,"href":"https:\/\/www.omni-biotic.com\/de-at\/wp-json\/wp\/v2\/media\/21571"}],"wp:attachment":[{"href":"https:\/\/www.omni-biotic.com\/de-at\/wp-json\/wp\/v2\/media?parent=67"}],"curies":[{"name":"wp","href":"https:\/\/api.w.org\/{rel}","templated":true}]}}