{"id":20639,"date":"2023-06-22T14:11:01","date_gmt":"2023-06-22T12:11:01","guid":{"rendered":"https:\/\/www.omni-biotic.com\/de-at\/?page_id=20639"},"modified":"2023-11-03T13:37:53","modified_gmt":"2023-11-03T12:37:53","slug":"darmgesundheit","status":"publish","type":"page","link":"https:\/\/www.omni-biotic.com\/de-de\/darmgesundheit\/","title":{"rendered":"Darmgesundheit"},"content":{"rendered":"\t\t<div data-elementor-type=\"wp-page\" data-elementor-id=\"20639\" class=\"elementor elementor-20639\" data-elementor-post-type=\"page\">\n\t\t\t\t<div class=\"elementor-element elementor-element-c062940 e-con-full obcs yellow e-flex e-con e-parent\" data-id=\"c062940\" data-element_type=\"container\" data-settings=\"{&quot;background_background&quot;:&quot;gradient&quot;,&quot;shape_divider_bottom&quot;:&quot;waves&quot;}\">\n\t\t\t\t<div class=\"elementor-shape elementor-shape-bottom\" aria-hidden=\"true\" data-negative=\"false\">\n\t\t\t<svg xmlns=\"http:\/\/www.w3.org\/2000\/svg\" viewBox=\"0 0 1000 100\" preserveAspectRatio=\"none\">\n\t<path class=\"elementor-shape-fill\" d=\"M421.9,6.5c22.6-2.5,51.5,0.4,75.5,5.3c23.6,4.9,70.9,23.5,100.5,35.7c75.8,32.2,133.7,44.5,192.6,49.7\n\tc23.6,2.1,48.7,3.5,103.4-2.5c54.7-6,106.2-25.6,106.2-25.6V0H0v30.3c0,0,72,32.6,158.4,30.5c39.2-0.7,92.8-6.7,134-22.4\n\tc21.2-8.1,52.2-18.2,79.7-24.2C399.3,7.9,411.6,7.5,421.9,6.5z\"\/>\n<\/svg>\t\t<\/div>\n\t\t\t\t<div class=\"elementor-element elementor-element-c975faf elementor-absolute elementor-hidden-mobile elementor-align-center elementor-widget elementor-widget-lottie\" data-id=\"c975faf\" data-element_type=\"widget\" data-settings=\"{&quot;source_json&quot;:{&quot;url&quot;:&quot;https:\\\/\\\/www.omni-biotic.com\\\/de-at\\\/wp-content\\\/uploads\\\/sites\\\/2\\\/2022\\\/08\\\/lf30_editor_s5uwdgjh.json&quot;,&quot;id&quot;:7733,&quot;size&quot;:&quot;&quot;,&quot;alt&quot;:&quot;&quot;,&quot;source&quot;:&quot;library&quot;},&quot;loop&quot;:&quot;yes&quot;,&quot;play_speed&quot;:{&quot;unit&quot;:&quot;px&quot;,&quot;size&quot;:0.3,&quot;sizes&quot;:[]},&quot;_position&quot;:&quot;absolute&quot;,&quot;source&quot;:&quot;media_file&quot;,&quot;caption_source&quot;:&quot;none&quot;,&quot;link_to&quot;:&quot;none&quot;,&quot;trigger&quot;:&quot;arriving_to_viewport&quot;,&quot;viewport&quot;:{&quot;unit&quot;:&quot;%&quot;,&quot;size&quot;:&quot;&quot;,&quot;sizes&quot;:{&quot;start&quot;:0,&quot;end&quot;:100}},&quot;start_point&quot;:{&quot;unit&quot;:&quot;%&quot;,&quot;size&quot;:0,&quot;sizes&quot;:[]},&quot;end_point&quot;:{&quot;unit&quot;:&quot;%&quot;,&quot;size&quot;:100,&quot;sizes&quot;:[]},&quot;renderer&quot;:&quot;svg&quot;}\" data-widget_type=\"lottie.default\">\n\t\t\t\t<div class=\"elementor-widget-container\">\n\t\t\t\t\t<div class=\"e-lottie__container\"><div class=\"e-lottie__animation\"><\/div><\/div>\t\t\t\t<\/div>\n\t\t\t\t<\/div>\n\t\t<div class=\"elementor-element elementor-element-1dad902 e-con-full obcs green e-flex e-con e-parent\" data-id=\"1dad902\" data-element_type=\"container\" data-settings=\"{&quot;background_background&quot;:&quot;gradient&quot;}\">\n\t\t\t\t<div class=\"elementor-element elementor-element-f6d1944 elementor-widget elementor-widget-heading\" data-id=\"f6d1944\" data-element_type=\"widget\" data-widget_type=\"heading.default\">\n\t\t\t\t<div class=\"elementor-widget-container\">\n\t\t\t\t\t<h1 class=\"elementor-heading-title elementor-size-default\">Darmgesundheit<\/h1>\t\t\t\t<\/div>\n\t\t\t\t<\/div>\n\t\t\t\t<div class=\"elementor-element elementor-element-6262034 elementor-widget-divider--view-line elementor-widget elementor-widget-divider\" data-id=\"6262034\" data-element_type=\"widget\" data-widget_type=\"divider.default\">\n\t\t\t\t<div class=\"elementor-widget-container\">\n\t\t\t\t\t\t\t<div class=\"elementor-divider\">\n\t\t\t<span class=\"elementor-divider-separator\">\n\t\t\t\t\t\t<\/span>\n\t\t<\/div>\n\t\t\t\t\t\t<\/div>\n\t\t\t\t<\/div>\n\t\t\t\t<div class=\"elementor-element elementor-element-3b50047 elementor-widget elementor-widget-text-editor\" data-id=\"3b50047\" data-element_type=\"widget\" data-widget_type=\"text-editor.default\">\n\t\t\t\t<div class=\"elementor-widget-container\">\n\t\t\t\t\t\t\t\t\t<p>Der Darm ist der Motor unseres Lebens. Er sorgt nicht nur f\u00fcr Treibstoff \u00fcber die Nahrungsverdauung, sondern beeinflusst auch viele Prozesse von Kopf bis Fu\u00df. L\u00e4uft der Darm unrund, betrifft das den gesamten K\u00f6rper. Der Lebensstil entscheidet ma\u00dfgeblich dar\u00fcber, ob es dem Darm gut geht.<\/p>\t\t\t\t\t\t\t\t<\/div>\n\t\t\t\t<\/div>\n\t\t\t\t<\/div>\n\t\t\t\t<\/div>\n\t\t<div class=\"elementor-element elementor-element-92cb8e3 obcs none e-flex e-con-boxed e-con e-parent\" data-id=\"92cb8e3\" data-element_type=\"container\">\n\t\t\t\t\t<div class=\"e-con-inner\">\n\t\t<div class=\"elementor-element elementor-element-e9866f9 obcs none e-flex e-con-boxed e-con e-parent\" data-id=\"e9866f9\" data-element_type=\"container\">\n\t\t\t\t\t<div class=\"e-con-inner\">\n\t\t<div class=\"elementor-element elementor-element-2bf960a e-con-full obcs none e-flex e-con e-parent\" data-id=\"2bf960a\" data-element_type=\"container\">\n\t\t\t\t<div class=\"elementor-element elementor-element-4933eb1 elementor-align-left elementor-widget__width-initial elementor-widget elementor-widget-breadcrumbs\" data-id=\"4933eb1\" data-element_type=\"widget\" data-widget_type=\"breadcrumbs.default\">\n\t\t\t\t<div class=\"elementor-widget-container\">\n\t\t\t\t\t<span><span class=\"last\">Home<\/span><\/span>\t\t\t\t<\/div>\n\t\t\t\t<\/div>\n\t\t\t\t<\/div>\n\t\t<div class=\"elementor-element elementor-element-689e0e1 e-con-full obcs none e-flex e-con e-parent\" data-id=\"689e0e1\" data-element_type=\"container\">\n\t\t\t\t<div class=\"elementor-element elementor-element-1b40f67 elementor-toc--minimized-on-desktop elementor-widget elementor-widget-table-of-contents\" data-id=\"1b40f67\" data-element_type=\"widget\" data-settings=\"{&quot;exclude_headings_by_selector&quot;:[],&quot;minimized_on&quot;:&quot;desktop&quot;,&quot;_animation&quot;:&quot;none&quot;,&quot;headings_by_tags&quot;:[&quot;h2&quot;,&quot;h3&quot;,&quot;h4&quot;,&quot;h5&quot;,&quot;h6&quot;],&quot;marker_view&quot;:&quot;numbers&quot;,&quot;no_headings_message&quot;:&quot;Es wurden keine \\u00dcberschriften auf dieser Seite gefunden.&quot;,&quot;minimize_box&quot;:&quot;yes&quot;,&quot;hierarchical_view&quot;:&quot;yes&quot;,&quot;min_height&quot;:{&quot;unit&quot;:&quot;px&quot;,&quot;size&quot;:&quot;&quot;,&quot;sizes&quot;:[]},&quot;min_height_tablet&quot;:{&quot;unit&quot;:&quot;px&quot;,&quot;size&quot;:&quot;&quot;,&quot;sizes&quot;:[]},&quot;min_height_mobile&quot;:{&quot;unit&quot;:&quot;px&quot;,&quot;size&quot;:&quot;&quot;,&quot;sizes&quot;:[]}}\" data-widget_type=\"table-of-contents.default\">\n\t\t\t\t<div class=\"elementor-widget-container\">\n\t\t\t\t\t\t\t\t\t<div class=\"elementor-toc__header\">\n\t\t\t\t\t\t<h4 class=\"elementor-toc__header-title\">\n\t\t\t\tInhaltsverzeichnis\t\t\t<\/h4>\n\t\t\t\t\t\t\t\t\t\t<div class=\"elementor-toc__toggle-button elementor-toc__toggle-button--expand\" role=\"button\" tabindex=\"0\" aria-controls=\"elementor-toc__1b40f67\" aria-expanded=\"true\" aria-label=\"Inhaltsverzeichnis \u00f6ffnen\"><i aria-hidden=\"true\" class=\"fas fa-chevron-down\"><\/i><\/div>\n\t\t\t\t<div class=\"elementor-toc__toggle-button elementor-toc__toggle-button--collapse\" role=\"button\" tabindex=\"0\" aria-controls=\"elementor-toc__1b40f67\" aria-expanded=\"true\" aria-label=\"Inhaltsverzeichnis schlie\u00dfen\"><i aria-hidden=\"true\" class=\"fas fa-chevron-up\"><\/i><\/div>\n\t\t\t\t\t<\/div>\n\t\t\t\t<div id=\"elementor-toc__1b40f67\" class=\"elementor-toc__body\">\n\t\t\t<div class=\"elementor-toc__spinner-container\">\n\t\t\t\t<i class=\"elementor-toc__spinner eicon-animation-spin eicon-loading\" aria-hidden=\"true\"><\/i>\t\t\t<\/div>\n\t\t<\/div>\n\t\t\t\t\t\t<\/div>\n\t\t\t\t<\/div>\n\t\t\t\t<\/div>\n\t\t\t\t\t<\/div>\n\t\t\t\t<\/div>\n\t\t\t\t\t<\/div>\n\t\t\t\t<\/div>\n\t\t<div class=\"elementor-element elementor-element-785a663 obcs none e-flex e-con-boxed e-con e-parent\" data-id=\"785a663\" data-element_type=\"container\">\n\t\t\t\t\t<div class=\"e-con-inner\">\n\t\t<div class=\"elementor-element elementor-element-fdfba1f e-con-full obcs none e-flex e-con e-parent\" data-id=\"fdfba1f\" data-element_type=\"container\">\n\t\t\t\t<div class=\"elementor-element elementor-element-c6ebced elementor-widget elementor-widget-text-editor\" data-id=\"c6ebced\" data-element_type=\"widget\" data-widget_type=\"text-editor.default\">\n\t\t\t\t<div class=\"elementor-widget-container\">\n\t\t\t\t\t\t\t\t\t<p>Der Darm ist unsere <b>gr\u00f6\u00dfte Kontaktfl\u00e4che zur Au\u00dfenwelt<\/b>. Alles, was wir zu uns nehmen, ob fl\u00fcssig oder fest, ob gesundheitsf\u00f6rdernd oder gar giftig, gelangt \u00fcber die Mundh\u00f6hle und die Speiser\u00f6hre in den Magen und schlie\u00dflich in den Darm. Rund<strong> 40 Tonnen Nahrung<\/strong> und etwa <strong>60.000 Liter Fl\u00fcssigkeit<\/strong> muss das Verdauungssystem im <strong>Laufe eines Menschenlebens<\/strong> verarbeiten. Vorrangig im Dickdarm sorgen viele <strong>Billionen<\/strong> (!) <strong>unterschiedlicher Mikroorganismen<\/strong> daf\u00fcr, dass die lebensnotwendigen N\u00e4hr- und Vitalstoffe ins redensartliche T\u00f6pfchen kommen. Zusammen bilden diese <strong>Darmbakterien<\/strong> die <strong>Darmflora<\/strong>, im Fachjargon <strong>Darmmikrobiota<\/strong> genannt. Die schlechten und unverwertbaren Substanzen kommen nat\u00fcrlich ins Kr\u00f6pfchen, werden also zum Gro\u00dfteil \u00fcber den After als Stuhl ausgeschieden. Die \u00fcbrig gebliebenen <strong>giftigen Substanzen<\/strong> gelangen \u00fcber den D\u00fcnndarm und die Pfortader in die \u201eEntgiftungszentrale\u201c <strong>Leber<\/strong> und werden dort <strong>abgebaut<\/strong>.<\/p><p>So gestaltet sich der <strong>ideale Ablauf<\/strong> der Verdauung, wenn da nicht an vielen Ecken <strong>Probleme<\/strong> <strong>lauern<\/strong> w\u00fcrden, die Darm und Leber bew\u00e4ltigen m\u00fcssten. Suboptimale <strong>Ern\u00e4hrungsgewohnheiten<\/strong> (zu viel Zucker und zu viele industriell verarbeitete Lebensmittel) und sch\u00e4dliche <strong>Umwelteinfl\u00fcsse<\/strong>, aber auch so manches <strong>Arzneimittel<\/strong> (bspw. Antibiotika) k\u00f6nnen daf\u00fcr sorgen, dass aus dem schnurrenden Darmmotor mitunter eine stotternde Schrottkiste wird.<\/p>\t\t\t\t\t\t\t\t<\/div>\n\t\t\t\t<\/div>\n\t\t\t\t<\/div>\n\t\t\t\t\t<\/div>\n\t\t\t\t<\/div>\n\t\t<div class=\"elementor-element elementor-element-86bcdc4 obcs green e-flex e-con-boxed e-con e-parent\" data-id=\"86bcdc4\" data-element_type=\"container\">\n\t\t\t\t\t<div class=\"e-con-inner\">\n\t\t<div class=\"elementor-element elementor-element-0a74049 e-con-full obcs none e-flex e-con e-parent\" data-id=\"0a74049\" data-element_type=\"container\">\n\t\t\t\t<div class=\"elementor-element elementor-element-b355f2a elementor-widget elementor-widget-heading\" data-id=\"b355f2a\" data-element_type=\"widget\" data-widget_type=\"heading.default\">\n\t\t\t\t<div class=\"elementor-widget-container\">\n\t\t\t\t\t<h3 class=\"elementor-heading-title elementor-size-default\">Gesundheitszentrale Darm<\/h3>\t\t\t\t<\/div>\n\t\t\t\t<\/div>\n\t\t\t\t<div class=\"elementor-element elementor-element-7a2205a e-transform elementor-widget elementor-widget-image\" data-id=\"7a2205a\" data-element_type=\"widget\" data-settings=\"{&quot;_transform_translateY_effect_hover&quot;:{&quot;unit&quot;:&quot;px&quot;,&quot;size&quot;:-20,&quot;sizes&quot;:[]},&quot;_transform_translateX_effect_hover&quot;:{&quot;unit&quot;:&quot;px&quot;,&quot;size&quot;:&quot;&quot;,&quot;sizes&quot;:[]},&quot;_transform_translateX_effect_hover_tablet&quot;:{&quot;unit&quot;:&quot;px&quot;,&quot;size&quot;:&quot;&quot;,&quot;sizes&quot;:[]},&quot;_transform_translateX_effect_hover_mobile&quot;:{&quot;unit&quot;:&quot;px&quot;,&quot;size&quot;:&quot;&quot;,&quot;sizes&quot;:[]},&quot;_transform_translateY_effect_hover_tablet&quot;:{&quot;unit&quot;:&quot;px&quot;,&quot;size&quot;:&quot;&quot;,&quot;sizes&quot;:[]},&quot;_transform_translateY_effect_hover_mobile&quot;:{&quot;unit&quot;:&quot;px&quot;,&quot;size&quot;:&quot;&quot;,&quot;sizes&quot;:[]}}\" data-widget_type=\"image.default\">\n\t\t\t\t<div class=\"elementor-widget-container\">\n\t\t\t\t\t\t\t\t\t\t\t\t\t\t\t\t<a href=\"https:\/\/www.omni-biotic.com\/de-de\/darmgesundheit\/gesundheitszentrale-darm\/\">\n\t\t\t\t\t\t\t<img fetchpriority=\"high\" decoding=\"async\" width=\"800\" height=\"800\" src=\"https:\/\/www.omni-biotic.com\/de-de\/wp-content\/uploads\/sites\/10\/2023\/07\/Gesundheitszentrale-Darm-2.jpg\" class=\"attachment-large size-large wp-image-21309\" alt=\"\" srcset=\"https:\/\/www.omni-biotic.com\/de-de\/wp-content\/uploads\/sites\/10\/2023\/07\/Gesundheitszentrale-Darm-2.jpg 1024w, https:\/\/www.omni-biotic.com\/de-de\/wp-content\/uploads\/sites\/10\/2023\/07\/Gesundheitszentrale-Darm-2-300x300.jpg 300w, https:\/\/www.omni-biotic.com\/de-de\/wp-content\/uploads\/sites\/10\/2023\/07\/Gesundheitszentrale-Darm-2-150x150.jpg 150w, https:\/\/www.omni-biotic.com\/de-de\/wp-content\/uploads\/sites\/10\/2023\/07\/Gesundheitszentrale-Darm-2-768x768.jpg 768w\" sizes=\"(max-width: 800px) 100vw, 800px\" \/>\t\t\t\t\t\t\t\t<\/a>\n\t\t\t\t\t\t\t\t\t\t\t\t\t\t\t<\/div>\n\t\t\t\t<\/div>\n\t\t\t\t<div class=\"elementor-element elementor-element-e9b1a84 elementor-widget elementor-widget-text-editor\" data-id=\"e9b1a84\" data-element_type=\"widget\" data-widget_type=\"text-editor.default\">\n\t\t\t\t<div class=\"elementor-widget-container\">\n\t\t\t\t\t\t\t\t\t<p style=\"text-align: center;\">Probiotika, Pr\u00e4biotika, Darmbakterien, Darmmikrobiom, Darmflora, etc.<\/p>\t\t\t\t\t\t\t\t<\/div>\n\t\t\t\t<\/div>\n\t\t\t\t<\/div>\n\t\t<div class=\"elementor-element elementor-element-691351c e-con-full obcs none e-flex e-con e-parent\" data-id=\"691351c\" data-element_type=\"container\">\n\t\t\t\t<div class=\"elementor-element elementor-element-049a15a elementor-widget elementor-widget-heading\" data-id=\"049a15a\" data-element_type=\"widget\" data-widget_type=\"heading.default\">\n\t\t\t\t<div class=\"elementor-widget-container\">\n\t\t\t\t\t<h3 class=\"elementor-heading-title elementor-size-default\">Einflussbereiche des Darms<\/h3>\t\t\t\t<\/div>\n\t\t\t\t<\/div>\n\t\t\t\t<div class=\"elementor-element elementor-element-6cffcd1 e-transform elementor-widget elementor-widget-image\" data-id=\"6cffcd1\" data-element_type=\"widget\" data-settings=\"{&quot;_transform_translateY_effect_hover&quot;:{&quot;unit&quot;:&quot;px&quot;,&quot;size&quot;:-20,&quot;sizes&quot;:[]},&quot;_transform_translateX_effect_hover&quot;:{&quot;unit&quot;:&quot;px&quot;,&quot;size&quot;:&quot;&quot;,&quot;sizes&quot;:[]},&quot;_transform_translateX_effect_hover_tablet&quot;:{&quot;unit&quot;:&quot;px&quot;,&quot;size&quot;:&quot;&quot;,&quot;sizes&quot;:[]},&quot;_transform_translateX_effect_hover_mobile&quot;:{&quot;unit&quot;:&quot;px&quot;,&quot;size&quot;:&quot;&quot;,&quot;sizes&quot;:[]},&quot;_transform_translateY_effect_hover_tablet&quot;:{&quot;unit&quot;:&quot;px&quot;,&quot;size&quot;:&quot;&quot;,&quot;sizes&quot;:[]},&quot;_transform_translateY_effect_hover_mobile&quot;:{&quot;unit&quot;:&quot;px&quot;,&quot;size&quot;:&quot;&quot;,&quot;sizes&quot;:[]}}\" data-widget_type=\"image.default\">\n\t\t\t\t<div class=\"elementor-widget-container\">\n\t\t\t\t\t\t\t\t\t\t\t\t\t\t\t\t<a href=\"https:\/\/www.omni-biotic.com\/de-de\/darmgesundheit\/einflussbereiche-des-darms\/\">\n\t\t\t\t\t\t\t<img decoding=\"async\" width=\"800\" height=\"800\" src=\"https:\/\/www.omni-biotic.com\/de-de\/wp-content\/uploads\/sites\/10\/2023\/07\/Einflussbereiche-Darm.jpg\" class=\"attachment-large size-large wp-image-21317\" alt=\"Einflussbereiche Darm\" srcset=\"https:\/\/www.omni-biotic.com\/de-de\/wp-content\/uploads\/sites\/10\/2023\/07\/Einflussbereiche-Darm.jpg 1024w, https:\/\/www.omni-biotic.com\/de-de\/wp-content\/uploads\/sites\/10\/2023\/07\/Einflussbereiche-Darm-300x300.jpg 300w, https:\/\/www.omni-biotic.com\/de-de\/wp-content\/uploads\/sites\/10\/2023\/07\/Einflussbereiche-Darm-150x150.jpg 150w, https:\/\/www.omni-biotic.com\/de-de\/wp-content\/uploads\/sites\/10\/2023\/07\/Einflussbereiche-Darm-768x768.jpg 768w\" sizes=\"(max-width: 800px) 100vw, 800px\" \/>\t\t\t\t\t\t\t\t<\/a>\n\t\t\t\t\t\t\t\t\t\t\t\t\t\t\t<\/div>\n\t\t\t\t<\/div>\n\t\t\t\t<div class=\"elementor-element elementor-element-c1a3255 elementor-widget elementor-widget-text-editor\" data-id=\"c1a3255\" data-element_type=\"widget\" data-widget_type=\"text-editor.default\">\n\t\t\t\t<div class=\"elementor-widget-container\">\n\t\t\t\t\t\t\t\t\t<p style=\"text-align: center;\">Mehr zu Immunsystem, Scheidenflora, Mundmikrobiom, etc.<\/p>\t\t\t\t\t\t\t\t<\/div>\n\t\t\t\t<\/div>\n\t\t\t\t<\/div>\n\t\t\t\t\t<\/div>\n\t\t\t\t<\/div>\n\t\t<div class=\"elementor-element elementor-element-d222e32 obcs none e-flex e-con-boxed e-con e-parent\" data-id=\"d222e32\" data-element_type=\"container\" data-settings=\"{&quot;background_background&quot;:&quot;classic&quot;,&quot;shape_divider_top&quot;:&quot;waves&quot;,&quot;shape_divider_bottom&quot;:&quot;waves&quot;}\">\n\t\t\t\t\t<div class=\"e-con-inner\">\n\t\t\t\t<div class=\"elementor-shape elementor-shape-top\" aria-hidden=\"true\" data-negative=\"false\">\n\t\t\t<svg xmlns=\"http:\/\/www.w3.org\/2000\/svg\" viewBox=\"0 0 1000 100\" preserveAspectRatio=\"none\">\n\t<path class=\"elementor-shape-fill\" d=\"M421.9,6.5c22.6-2.5,51.5,0.4,75.5,5.3c23.6,4.9,70.9,23.5,100.5,35.7c75.8,32.2,133.7,44.5,192.6,49.7\n\tc23.6,2.1,48.7,3.5,103.4-2.5c54.7-6,106.2-25.6,106.2-25.6V0H0v30.3c0,0,72,32.6,158.4,30.5c39.2-0.7,92.8-6.7,134-22.4\n\tc21.2-8.1,52.2-18.2,79.7-24.2C399.3,7.9,411.6,7.5,421.9,6.5z\"\/>\n<\/svg>\t\t<\/div>\n\t\t\t\t<div class=\"elementor-shape elementor-shape-bottom\" aria-hidden=\"true\" data-negative=\"false\">\n\t\t\t<svg xmlns=\"http:\/\/www.w3.org\/2000\/svg\" viewBox=\"0 0 1000 100\" preserveAspectRatio=\"none\">\n\t<path class=\"elementor-shape-fill\" d=\"M421.9,6.5c22.6-2.5,51.5,0.4,75.5,5.3c23.6,4.9,70.9,23.5,100.5,35.7c75.8,32.2,133.7,44.5,192.6,49.7\n\tc23.6,2.1,48.7,3.5,103.4-2.5c54.7-6,106.2-25.6,106.2-25.6V0H0v30.3c0,0,72,32.6,158.4,30.5c39.2-0.7,92.8-6.7,134-22.4\n\tc21.2-8.1,52.2-18.2,79.7-24.2C399.3,7.9,411.6,7.5,421.9,6.5z\"\/>\n<\/svg>\t\t<\/div>\n\t\t<div class=\"elementor-element elementor-element-a595198 e-con-full obcs none e-flex e-con e-parent\" data-id=\"a595198\" data-element_type=\"container\">\n\t\t\t\t<div class=\"elementor-element elementor-element-72d38e0 elementor-widget elementor-widget-heading\" data-id=\"72d38e0\" data-element_type=\"widget\" data-widget_type=\"heading.default\">\n\t\t\t\t<div class=\"elementor-widget-container\">\n\t\t\t\t\t<h3 class=\"elementor-heading-title elementor-size-default\">Welches Produkt passt zu Ihnen?<\/h3>\t\t\t\t<\/div>\n\t\t\t\t<\/div>\n\t\t\t\t<div class=\"elementor-element elementor-element-38e935d elementor-widget elementor-widget-heading\" data-id=\"38e935d\" data-element_type=\"widget\" data-widget_type=\"heading.default\">\n\t\t\t\t<div class=\"elementor-widget-container\">\n\t\t\t\t\t<h2 class=\"elementor-heading-title elementor-size-default\">OMNi-BiOTiC\u00ae- Berater<\/h2>\t\t\t\t<\/div>\n\t\t\t\t<\/div>\n\t\t\t\t<div class=\"elementor-element elementor-element-f18ecf7 elementor-widget-divider--view-line elementor-widget elementor-widget-divider\" data-id=\"f18ecf7\" data-element_type=\"widget\" data-widget_type=\"divider.default\">\n\t\t\t\t<div class=\"elementor-widget-container\">\n\t\t\t\t\t\t\t<div class=\"elementor-divider\">\n\t\t\t<span class=\"elementor-divider-separator\">\n\t\t\t\t\t\t<\/span>\n\t\t<\/div>\n\t\t\t\t\t\t<\/div>\n\t\t\t\t<\/div>\n\t\t\t\t<div class=\"elementor-element elementor-element-f50b967 elementor-widget elementor-widget-text-editor\" data-id=\"f50b967\" data-element_type=\"widget\" data-widget_type=\"text-editor.default\">\n\t\t\t\t<div class=\"elementor-widget-container\">\n\t\t\t\t\t\t\t\t\t<p>Sie suchen das richtige Multispezies-Probiotikum f\u00fcr Ihre Probleme? Oder m\u00f6chten gezielt Vitamine und Mineralstoffe zu sich nehmen? Dann probieren Sie unseren Produktberater!<\/p>\t\t\t\t\t\t\t\t<\/div>\n\t\t\t\t<\/div>\n\t\t\t\t<div class=\"elementor-element elementor-element-27be6c4 elementor-align-center elementor-widget elementor-widget-button\" data-id=\"27be6c4\" data-element_type=\"widget\" data-widget_type=\"button.default\">\n\t\t\t\t<div class=\"elementor-widget-container\">\n\t\t\t\t\t\t\t\t\t<div class=\"elementor-button-wrapper\">\n\t\t\t\t\t<a class=\"elementor-button elementor-button-link elementor-size-md\" href=\"https:\/\/www.omni-biotic.com\/de-de\/produktberater\/\">\n\t\t\t\t\t\t<span class=\"elementor-button-content-wrapper\">\n\t\t\t\t\t\t\t\t\t<span class=\"elementor-button-text\">Zum OMNi-BiOTiC\u00ae-Berater<\/span>\n\t\t\t\t\t<\/span>\n\t\t\t\t\t<\/a>\n\t\t\t\t<\/div>\n\t\t\t\t\t\t\t\t<\/div>\n\t\t\t\t<\/div>\n\t\t\t\t<\/div>\n\t\t\t\t\t<\/div>\n\t\t\t\t<\/div>\n\t\t\t\t<\/div>\n\t\t","protected":false},"excerpt":{"rendered":"<p>Darmgesundheit Der Darm ist der Motor unseres Lebens. Er sorgt nicht nur f\u00fcr Treibstoff \u00fcber die Nahrungsverdauung, sondern beeinflusst auch viele Prozesse von Kopf bis Fu\u00df. L\u00e4uft der Darm unrund, betrifft das den gesamten K\u00f6rper. Der Lebensstil entscheidet ma\u00dfgeblich dar\u00fcber, ob es dem Darm gut geht. Home Inhaltsverzeichnis Der Darm ist unsere gr\u00f6\u00dfte Kontaktfl\u00e4che zur [&hellip;]<\/p>\n","protected":false},"author":7,"featured_media":0,"parent":0,"menu_order":0,"comment_status":"closed","ping_status":"closed","template":"","meta":{"_acf_changed":false,"inline_featured_image":false,"footnotes":""},"class_list":["post-20639","page","type-page","status-publish","hentry"],"acf":[],"_links":{"self":[{"href":"https:\/\/www.omni-biotic.com\/de-de\/wp-json\/wp\/v2\/pages\/20639","targetHints":{"allow":["GET"]}}],"collection":[{"href":"https:\/\/www.omni-biotic.com\/de-de\/wp-json\/wp\/v2\/pages"}],"about":[{"href":"https:\/\/www.omni-biotic.com\/de-de\/wp-json\/wp\/v2\/types\/page"}],"author":[{"embeddable":true,"href":"https:\/\/www.omni-biotic.com\/de-de\/wp-json\/wp\/v2\/users\/7"}],"replies":[{"embeddable":true,"href":"https:\/\/www.omni-biotic.com\/de-de\/wp-json\/wp\/v2\/comments?post=20639"}],"version-history":[{"count":7,"href":"https:\/\/www.omni-biotic.com\/de-de\/wp-json\/wp\/v2\/pages\/20639\/revisions"}],"predecessor-version":[{"id":28922,"href":"https:\/\/www.omni-biotic.com\/de-de\/wp-json\/wp\/v2\/pages\/20639\/revisions\/28922"}],"wp:attachment":[{"href":"https:\/\/www.omni-biotic.com\/de-de\/wp-json\/wp\/v2\/media?parent=20639"}],"curies":[{"name":"wp","href":"https:\/\/api.w.org\/{rel}","templated":true}]}}