{"id":30066,"date":"2024-03-18T15:35:16","date_gmt":"2024-03-18T14:35:16","guid":{"rendered":"https:\/\/www.omni-biotic.com\/de-de\/?page_id=30066"},"modified":"2025-01-28T14:07:04","modified_gmt":"2025-01-28T13:07:04","slug":"umwelt-und-ressourcen","status":"publish","type":"page","link":"https:\/\/www.omni-biotic.com\/de-de\/nachhaltigkeit\/umwelt-und-ressourcen\/","title":{"rendered":"Umwelt &amp; Ressourcen"},"content":{"rendered":"\t\t<div data-elementor-type=\"wp-page\" data-elementor-id=\"30066\" class=\"elementor elementor-30066\" data-elementor-post-type=\"page\">\n\t\t\t\t<div class=\"elementor-element elementor-element-c1e794e e-con-full obcs none e-flex e-con e-parent\" data-id=\"c1e794e\" data-element_type=\"container\" data-settings=\"{&quot;background_background&quot;:&quot;classic&quot;,&quot;shape_divider_bottom&quot;:&quot;waves&quot;}\">\n\t\t\t\t<div class=\"elementor-shape elementor-shape-bottom\" aria-hidden=\"true\" data-negative=\"false\">\n\t\t\t<svg xmlns=\"http:\/\/www.w3.org\/2000\/svg\" viewBox=\"0 0 1000 100\" preserveAspectRatio=\"none\">\n\t<path class=\"elementor-shape-fill\" d=\"M421.9,6.5c22.6-2.5,51.5,0.4,75.5,5.3c23.6,4.9,70.9,23.5,100.5,35.7c75.8,32.2,133.7,44.5,192.6,49.7\n\tc23.6,2.1,48.7,3.5,103.4-2.5c54.7-6,106.2-25.6,106.2-25.6V0H0v30.3c0,0,72,32.6,158.4,30.5c39.2-0.7,92.8-6.7,134-22.4\n\tc21.2-8.1,52.2-18.2,79.7-24.2C399.3,7.9,411.6,7.5,421.9,6.5z\"\/>\n<\/svg>\t\t<\/div>\n\t\t<div class=\"elementor-element elementor-element-49fd420 e-con-full obcs none e-flex e-con e-child\" data-id=\"49fd420\" data-element_type=\"container\" data-settings=\"{&quot;background_background&quot;:&quot;gradient&quot;}\">\n\t\t\t\t<div class=\"elementor-element elementor-element-6e0147c elementor-widget elementor-widget-heading\" data-id=\"6e0147c\" data-element_type=\"widget\" data-widget_type=\"heading.default\">\n\t\t\t\t<div class=\"elementor-widget-container\">\n\t\t\t\t\t<h1 class=\"elementor-heading-title elementor-size-default\">Umwelt und Ressourcen<\/h1>\t\t\t\t<\/div>\n\t\t\t\t<\/div>\n\t\t\t\t<div class=\"elementor-element elementor-element-cd5fd5d elementor-widget-divider--view-line elementor-widget elementor-widget-divider\" data-id=\"cd5fd5d\" data-element_type=\"widget\" data-widget_type=\"divider.default\">\n\t\t\t\t<div class=\"elementor-widget-container\">\n\t\t\t\t\t\t\t<div class=\"elementor-divider\">\n\t\t\t<span class=\"elementor-divider-separator\">\n\t\t\t\t\t\t<\/span>\n\t\t<\/div>\n\t\t\t\t\t\t<\/div>\n\t\t\t\t<\/div>\n\t\t\t\t<div class=\"elementor-element elementor-element-f69d8ea elementor-widget elementor-widget-heading\" data-id=\"f69d8ea\" data-element_type=\"widget\" data-widget_type=\"heading.default\">\n\t\t\t\t<div class=\"elementor-widget-container\">\n\t\t\t\t\t<h3 class=\"elementor-heading-title elementor-size-default\">Darauf legen wir Wert<\/h3>\t\t\t\t<\/div>\n\t\t\t\t<\/div>\n\t\t\t\t<\/div>\n\t\t\t\t<\/div>\n\t\t<div class=\"elementor-element elementor-element-aa5e07f obcs none e-flex e-con-boxed e-con e-parent\" data-id=\"aa5e07f\" data-element_type=\"container\">\n\t\t\t\t\t<div class=\"e-con-inner\">\n\t\t<div class=\"elementor-element elementor-element-10dba03 obcs none e-flex e-con-boxed e-con e-child\" data-id=\"10dba03\" data-element_type=\"container\">\n\t\t\t\t\t<div class=\"e-con-inner\">\n\t\t<div class=\"elementor-element elementor-element-cfcc6ce e-con-full obcs none e-flex e-con e-child\" data-id=\"cfcc6ce\" data-element_type=\"container\">\n\t\t\t\t<div class=\"elementor-element elementor-element-9a1e128 elementor-align-left elementor-widget__width-initial elementor-widget elementor-widget-breadcrumbs\" data-id=\"9a1e128\" data-element_type=\"widget\" data-widget_type=\"breadcrumbs.default\">\n\t\t\t\t<div class=\"elementor-widget-container\">\n\t\t\t\t\t<span><span class=\"last\">Home<\/span><\/span>\t\t\t\t<\/div>\n\t\t\t\t<\/div>\n\t\t\t\t<\/div>\n\t\t\t\t\t<\/div>\n\t\t\t\t<\/div>\n\t\t\t\t\t<\/div>\n\t\t\t\t<\/div>\n\t\t<div class=\"elementor-element elementor-element-de458a9 obcs none e-flex e-con-boxed e-con e-parent\" data-id=\"de458a9\" data-element_type=\"container\">\n\t\t\t\t\t<div class=\"e-con-inner\">\n\t\t<div class=\"elementor-element elementor-element-c37d5a2 e-con-full obcs none e-flex e-con e-child\" data-id=\"c37d5a2\" data-element_type=\"container\" data-settings=\"{&quot;background_background&quot;:&quot;classic&quot;}\">\n\t\t\t\t<div class=\"elementor-element elementor-element-26a1187 elementor-widget elementor-widget-image\" data-id=\"26a1187\" data-element_type=\"widget\" data-widget_type=\"image.default\">\n\t\t\t\t<div class=\"elementor-widget-container\">\n\t\t\t\t\t\t\t\t\t\t\t\t\t\t\t<img fetchpriority=\"high\" decoding=\"async\" width=\"800\" height=\"840\" src=\"https:\/\/www.omni-biotic.com\/de-de\/wp-content\/uploads\/sites\/10\/2024\/03\/energieffizientes_gebaeude.svg\" class=\"attachment-large size-large wp-image-30068\" alt=\"\" \/>\t\t\t\t\t\t\t\t\t\t\t\t\t\t\t<\/div>\n\t\t\t\t<\/div>\n\t\t\t\t<div class=\"elementor-element elementor-element-db299a7 elementor-widget elementor-widget-heading\" data-id=\"db299a7\" data-element_type=\"widget\" data-widget_type=\"heading.default\">\n\t\t\t\t<div class=\"elementor-widget-container\">\n\t\t\t\t\t<div class=\"elementor-heading-title elementor-size-default\">Energieeffizientes Geb\u00e4ude<\/div>\t\t\t\t<\/div>\n\t\t\t\t<\/div>\n\t\t\t\t<\/div>\n\t\t<div class=\"elementor-element elementor-element-78151d0 e-con-full obcs none e-flex e-con e-child\" data-id=\"78151d0\" data-element_type=\"container\" data-settings=\"{&quot;background_background&quot;:&quot;classic&quot;}\">\n\t\t\t\t<div class=\"elementor-element elementor-element-41e103c elementor-widget elementor-widget-image\" data-id=\"41e103c\" data-element_type=\"widget\" data-widget_type=\"image.default\">\n\t\t\t\t<div class=\"elementor-widget-container\">\n\t\t\t\t\t\t\t\t\t\t\t\t\t\t\t<img decoding=\"async\" width=\"800\" height=\"800\" src=\"https:\/\/www.omni-biotic.com\/de-de\/wp-content\/uploads\/sites\/10\/2024\/03\/eigener_strom.svg\" class=\"attachment-large size-large wp-image-30069\" alt=\"\" \/>\t\t\t\t\t\t\t\t\t\t\t\t\t\t\t<\/div>\n\t\t\t\t<\/div>\n\t\t\t\t<div class=\"elementor-element elementor-element-e8dd5fa elementor-widget elementor-widget-heading\" data-id=\"e8dd5fa\" data-element_type=\"widget\" data-widget_type=\"heading.default\">\n\t\t\t\t<div class=\"elementor-widget-container\">\n\t\t\t\t\t<div class=\"elementor-heading-title elementor-size-default\">Eigener Strom aus erneuerbaren Energien<\/div>\t\t\t\t<\/div>\n\t\t\t\t<\/div>\n\t\t\t\t<\/div>\n\t\t<div class=\"elementor-element elementor-element-13679b7 e-con-full obcs none e-flex e-con e-child\" data-id=\"13679b7\" data-element_type=\"container\" data-settings=\"{&quot;background_background&quot;:&quot;classic&quot;}\">\n\t\t\t\t<div class=\"elementor-element elementor-element-3fbd478 elementor-widget elementor-widget-image\" data-id=\"3fbd478\" data-element_type=\"widget\" data-widget_type=\"image.default\">\n\t\t\t\t<div class=\"elementor-widget-container\">\n\t\t\t\t\t\t\t\t\t\t\t\t\t\t\t<img decoding=\"async\" width=\"800\" height=\"800\" src=\"https:\/\/www.omni-biotic.com\/de-de\/wp-content\/uploads\/sites\/10\/2024\/03\/recycling.svg\" class=\"attachment-large size-large wp-image-30070\" alt=\"\" \/>\t\t\t\t\t\t\t\t\t\t\t\t\t\t\t<\/div>\n\t\t\t\t<\/div>\n\t\t\t\t<div class=\"elementor-element elementor-element-451ae8d elementor-widget elementor-widget-heading\" data-id=\"451ae8d\" data-element_type=\"widget\" data-widget_type=\"heading.default\">\n\t\t\t\t<div class=\"elementor-widget-container\">\n\t\t\t\t\t<div class=\"elementor-heading-title elementor-size-default\">Einsatz nachhaltiger oder recycelter Materialien<\/div>\t\t\t\t<\/div>\n\t\t\t\t<\/div>\n\t\t\t\t<\/div>\n\t\t\t\t\t<\/div>\n\t\t\t\t<\/div>\n\t\t<div class=\"elementor-element elementor-element-3b66478 obcs green e-flex e-con-boxed e-con e-parent\" data-id=\"3b66478\" data-element_type=\"container\">\n\t\t\t\t\t<div class=\"e-con-inner\">\n\t\t<div class=\"elementor-element elementor-element-57ec3ba e-con-full obcs none e-flex e-con e-child\" data-id=\"57ec3ba\" data-element_type=\"container\">\n\t\t\t\t<div class=\"elementor-element elementor-element-7e8d3c2 elementor-widget elementor-widget-text-editor\" data-id=\"7e8d3c2\" data-element_type=\"widget\" data-widget_type=\"text-editor.default\">\n\t\t\t\t<div class=\"elementor-widget-container\">\n\t\t\t\t\t\t\t\t\t<p class=\"sustain-eco\"><span style=\"color: var( --e-global-color-text ); text-align: var(--text-align); background-color: inherit; font-family: var( --e-global-typography-text-font-family ), -apple-system,BlinkMacSystemFont,Segoe UI,Roboto,Helvetica Neue,Arial,Noto Sans,sans-serif; font-size: var( --e-global-typography-text-font-size ); font-style: var( --e-global-typography-text-font-style ); font-weight: var( --e-global-typography-text-font-weight ); letter-spacing: var( --e-global-typography-text-letter-spacing ); text-transform: var( --e-global-typography-text-text-transform ); word-spacing: var( --e-global-typography-text-word-spacing );\">Allein das Headquarter des Institut AllergoSan ist ein Musterbeispiel f\u00fcr eine nachhaltige, <strong>energieeffiziente Bauweise<\/strong> mit Weitblick: Schon bei der Errichtung haben wir darauf geachtet, regionale Unternehmen mit kurzen Anfahrtswegen einzusetzen. Und das Ergebnis spricht heute f\u00fcr sich: Im t\u00e4glichen Arbeitsalltag erm\u00f6glicht unser <strong>einzigartiger Geb\u00e4udekomplex<\/strong> rund um die Uhr einen sehr geringen Energieverbrauch bei K\u00fchlung und Heizung. Auch hinter bzw. ober den Kulissen wurde auf Nachhaltigkeit geachtet: Das begr\u00fcnte Dach verhindert die \u00dcberhitzung der umliegenden Fl\u00e4chen, speichert Regenwasser und ist \u00fcberdies Heimat f\u00fcr ein Insektenhotel, um Wildbienen und anderen N\u00fctzlingen einen Unterschlupf zu schenken. Besonders stolz sind wir auf die hauseigene <strong>Photovoltaikanlage<\/strong> mit einer Leistung von 160 kWp, die unser gesamtes Dach \u00fcber dem Lager einnimmt und im Sommer wie Winter Energie f\u00fcr eine angenehme Temperatur im Arbeitsalltag liefert. Auf <strong>Elektro-Energie<\/strong> setzen wir auch immer mehr bei unserem Fuhrpark: Sowohl Ladestationen als auch die Anzahl an E-Autos wird stetig ausgebaut. Was unsere Mitarbeiter wohl am meisten sch\u00e4tzen: Jeder, der mit \u00f6ffentlichen Verkehrsmitteln zur Arbeit f\u00e4hrt, bekommt ein kostenloses Klimaticket zur Verf\u00fcgung gestellt und leistet damit Tag f\u00fcr Tag einen pers\u00f6nlichen Beitrag zur <strong>Reduktion des CO<\/strong><\/span><strong><sub style=\"color: var( --e-global-color-text ); text-align: var(--text-align); background-color: inherit; font-family: var( --e-global-typography-text-font-family ), -apple-system,BlinkMacSystemFont,Segoe UI,Roboto,Helvetica Neue,Arial,Noto Sans,sans-serif; font-style: var( --e-global-typography-text-font-style ); font-weight: var( --e-global-typography-text-font-weight ); letter-spacing: var( --e-global-typography-text-letter-spacing ); text-transform: var( --e-global-typography-text-text-transform ); word-spacing: var( --e-global-typography-text-word-spacing );\">2<\/sub><\/strong><span style=\"color: var( --e-global-color-text ); text-align: var(--text-align); background-color: inherit; font-family: var( --e-global-typography-text-font-family ), -apple-system,BlinkMacSystemFont,Segoe UI,Roboto,Helvetica Neue,Arial,Noto Sans,sans-serif; font-size: var( --e-global-typography-text-font-size ); font-style: var( --e-global-typography-text-font-style ); font-weight: var( --e-global-typography-text-font-weight ); letter-spacing: var( --e-global-typography-text-letter-spacing ); text-transform: var( --e-global-typography-text-text-transform ); word-spacing: var( --e-global-typography-text-word-spacing );\"><strong>-Aussto\u00dfe<\/strong>s.<\/span><\/p>\t\t\t\t\t\t\t\t<\/div>\n\t\t\t\t<\/div>\n\t\t<div class=\"elementor-element elementor-element-1a12a26 obcs none e-flex e-con-boxed e-con e-child\" data-id=\"1a12a26\" data-element_type=\"container\">\n\t\t\t\t\t<div class=\"e-con-inner\">\n\t\t<div class=\"elementor-element elementor-element-bccdbdb obcs none e-flex e-con-boxed e-con e-child\" data-id=\"bccdbdb\" data-element_type=\"container\">\n\t\t\t\t\t<div class=\"e-con-inner\">\n\t\t<div class=\"elementor-element elementor-element-95e63e6 e-con-full obcs none e-flex e-con e-child\" data-id=\"95e63e6\" data-element_type=\"container\">\n\t\t\t\t<div class=\"elementor-element elementor-element-153c6a7 e-transform elementor-widget elementor-widget-image\" data-id=\"153c6a7\" data-element_type=\"widget\" data-settings=\"{&quot;_transform_rotateZ_effect&quot;:{&quot;unit&quot;:&quot;px&quot;,&quot;size&quot;:0,&quot;sizes&quot;:[]},&quot;_transform_rotate_3d&quot;:&quot;yes&quot;,&quot;_transform_rotateX_effect&quot;:{&quot;unit&quot;:&quot;px&quot;,&quot;size&quot;:0,&quot;sizes&quot;:[]},&quot;_transform_rotateY_effect&quot;:{&quot;unit&quot;:&quot;px&quot;,&quot;size&quot;:4,&quot;sizes&quot;:[]},&quot;_transform_perspective_effect&quot;:{&quot;unit&quot;:&quot;px&quot;,&quot;size&quot;:650,&quot;sizes&quot;:[]},&quot;_transform_rotateZ_effect_tablet&quot;:{&quot;unit&quot;:&quot;deg&quot;,&quot;size&quot;:&quot;&quot;,&quot;sizes&quot;:[]},&quot;_transform_rotateZ_effect_mobile&quot;:{&quot;unit&quot;:&quot;deg&quot;,&quot;size&quot;:&quot;&quot;,&quot;sizes&quot;:[]},&quot;_transform_rotateX_effect_tablet&quot;:{&quot;unit&quot;:&quot;deg&quot;,&quot;size&quot;:&quot;&quot;,&quot;sizes&quot;:[]},&quot;_transform_rotateX_effect_mobile&quot;:{&quot;unit&quot;:&quot;deg&quot;,&quot;size&quot;:&quot;&quot;,&quot;sizes&quot;:[]},&quot;_transform_rotateY_effect_tablet&quot;:{&quot;unit&quot;:&quot;deg&quot;,&quot;size&quot;:&quot;&quot;,&quot;sizes&quot;:[]},&quot;_transform_rotateY_effect_mobile&quot;:{&quot;unit&quot;:&quot;deg&quot;,&quot;size&quot;:&quot;&quot;,&quot;sizes&quot;:[]},&quot;_transform_perspective_effect_tablet&quot;:{&quot;unit&quot;:&quot;px&quot;,&quot;size&quot;:&quot;&quot;,&quot;sizes&quot;:[]},&quot;_transform_perspective_effect_mobile&quot;:{&quot;unit&quot;:&quot;px&quot;,&quot;size&quot;:&quot;&quot;,&quot;sizes&quot;:[]}}\" data-widget_type=\"image.default\">\n\t\t\t\t<div class=\"elementor-widget-container\">\n\t\t\t\t\t\t\t\t\t\t\t\t\t\t\t<img loading=\"lazy\" decoding=\"async\" width=\"800\" height=\"800\" src=\"https:\/\/www.omni-biotic.com\/de-de\/wp-content\/uploads\/sites\/10\/2024\/03\/ressourcen-und-umwelt.jpg\" class=\"attachment-large size-large wp-image-30071\" alt=\"Umwelt und Ressourcen\" srcset=\"https:\/\/www.omni-biotic.com\/de-de\/wp-content\/uploads\/sites\/10\/2024\/03\/ressourcen-und-umwelt.jpg 1024w, https:\/\/www.omni-biotic.com\/de-de\/wp-content\/uploads\/sites\/10\/2024\/03\/ressourcen-und-umwelt-300x300.jpg 300w, https:\/\/www.omni-biotic.com\/de-de\/wp-content\/uploads\/sites\/10\/2024\/03\/ressourcen-und-umwelt-150x150.jpg 150w, https:\/\/www.omni-biotic.com\/de-de\/wp-content\/uploads\/sites\/10\/2024\/03\/ressourcen-und-umwelt-768x768.jpg 768w\" sizes=\"(max-width: 800px) 100vw, 800px\" \/>\t\t\t\t\t\t\t\t\t\t\t\t\t\t\t<\/div>\n\t\t\t\t<\/div>\n\t\t\t\t<\/div>\n\t\t<div class=\"elementor-element elementor-element-2824cb5 e-con-full obcs none e-flex e-con e-child\" data-id=\"2824cb5\" data-element_type=\"container\">\n\t\t\t\t<div class=\"elementor-element elementor-element-b3866f1 elementor-widget elementor-widget-text-editor\" data-id=\"b3866f1\" data-element_type=\"widget\" data-widget_type=\"text-editor.default\">\n\t\t\t\t<div class=\"elementor-widget-container\">\n\t\t\t\t\t\t\t\t\t<p>Eine der gr\u00f6\u00dften globalen Herausforderungen ist die Verf\u00fcgbarkeit nat\u00fcrlicher Ressourcen. Unsere Devise ist es, m\u00f6glichst <strong>umweltschonende und kreislauff\u00e4hige Materialien<\/strong> zu verwenden \u2013 von den Produktbeh\u00e4ltnissen bis hin zu den Versandkartons. Dazu pr\u00fcfen wir regelm\u00e4\u00dfig den Markt auf <strong>\u00f6kologische<\/strong> Alternativen, um diese so <strong>nachhaltig<\/strong> wie m\u00f6glich und dennoch unter Wahrung unserer strengen hausinternen und <strong>EU-konformen Qualit\u00e4tskriterien<\/strong> einzusetzen.<\/p>\t\t\t\t\t\t\t\t<\/div>\n\t\t\t\t<\/div>\n\t\t\t\t<\/div>\n\t\t\t\t\t<\/div>\n\t\t\t\t<\/div>\n\t\t\t\t\t<\/div>\n\t\t\t\t<\/div>\n\t\t<div class=\"elementor-element elementor-element-52de479 obcs none e-flex e-con-boxed e-con e-child\" data-id=\"52de479\" data-element_type=\"container\">\n\t\t\t\t\t<div class=\"e-con-inner\">\n\t\t<div class=\"elementor-element elementor-element-20bc238 obcs none e-flex e-con-boxed e-con e-child\" data-id=\"20bc238\" data-element_type=\"container\">\n\t\t\t\t\t<div class=\"e-con-inner\">\n\t\t\t\t<div class=\"elementor-element elementor-element-13ddc6c elementor-widget elementor-widget-infobox\" data-id=\"13ddc6c\" data-element_type=\"widget\" data-widget_type=\"infobox.default\">\n\t\t\t\t<div class=\"elementor-widget-container\">\n\t\t\t\t\t\n<div class=\"li-widgets--infobox blue\">\n\n    <div class=\"li-widgets--infobox__icon\">\n        <i aria-hidden=\"true\" class=\"fas fa-hand-holding-heart\"><\/i>    <\/div>\n    <div class=\"li-widgets--infobox__text\">\n            <\/div>\n    <div class=\"li-widgets--infobox__text-body\">\n        <p>Unsere Produktdosen der gesamten <strong>META-CARE\u00ae-Linie<\/strong> werden aus <strong>100 % recyclingf\u00e4higem Material<\/strong> hergestellt und alle Verpackungskartons bestehen aus nachhaltigem <strong>FSC\u00ae-Mix<\/strong> bzw. aus FSC\u00ae-Mix kombiniert mit <strong>PEFC-Zertifikat<\/strong> (Holzrohstoffe aus nachhaltig klimafit bewirtschafteten W\u00e4ldern).<\/p>    <\/div>\n\n    \n<\/div>\n\t\t\t\t<\/div>\n\t\t\t\t<\/div>\n\t\t\t\t\t<\/div>\n\t\t\t\t<\/div>\n\t\t\t\t\t<\/div>\n\t\t\t\t<\/div>\n\t\t\t\t<div class=\"elementor-element elementor-element-9d3c595 elementor-widget elementor-widget-text-editor\" data-id=\"9d3c595\" data-element_type=\"widget\" data-widget_type=\"text-editor.default\">\n\t\t\t\t<div class=\"elementor-widget-container\">\n\t\t\t\t\t\t\t\t\t<p>\u00a0<\/p><p>Um Plastik zu vermeiden, wo es m\u00f6glich und sinnvoll ist, haben wir beim Versand unserer Pakete das F\u00fcllmaterial Plastikpolster durch Recycling-Papier ersetzt. Und damit kein Material verschwendet wird, verwenden wir vorhandene \u00dcberkartons unserer Lieferanten selbst zum Versand unserer Produkte weiter.<\/p><p>Zudem wird ein CO<sub>2<\/sub>-Fu\u00dfabdruck aller unserer unternehmerischen T\u00e4tigkeiten erstellt, durch den wir genaueste Transparenz dar\u00fcber bekommen, wie hoch unser Impact auf die Umwelt in jedem Bereich ist. Und das erlaubt uns, noch gezielter unseren CO<sub>2<\/sub>-Aussto\u00df reduzieren zu k\u00f6nnen.<\/p>\t\t\t\t\t\t\t\t<\/div>\n\t\t\t\t<\/div>\n\t\t\t\t<\/div>\n\t\t\t\t\t<\/div>\n\t\t\t\t<\/div>\n\t\t<div class=\"elementor-element elementor-element-c43fb81 obcs green e-flex e-con-boxed e-con e-parent\" data-id=\"c43fb81\" data-element_type=\"container\">\n\t\t\t\t\t<div class=\"e-con-inner\">\n\t\t\t\t\t<\/div>\n\t\t\t\t<\/div>\n\t\t\t\t<\/div>\n\t\t","protected":false},"excerpt":{"rendered":"<p>Umwelt und Ressourcen Darauf legen wir Wert Home Energieeffizientes Geb\u00e4ude Eigener Strom aus erneuerbaren Energien Einsatz nachhaltiger oder recycelter Materialien Allein das Headquarter des Institut AllergoSan ist ein Musterbeispiel f\u00fcr eine nachhaltige, energieeffiziente Bauweise mit Weitblick: Schon bei der Errichtung haben wir darauf geachtet, regionale Unternehmen mit kurzen Anfahrtswegen einzusetzen. Und das Ergebnis spricht heute [&hellip;]<\/p>\n","protected":false},"author":26,"featured_media":30071,"parent":30158,"menu_order":0,"comment_status":"closed","ping_status":"closed","template":"","meta":{"_acf_changed":false,"inline_featured_image":false,"footnotes":""},"class_list":["post-30066","page","type-page","status-publish","has-post-thumbnail","hentry"],"acf":[],"_links":{"self":[{"href":"https:\/\/www.omni-biotic.com\/de-de\/wp-json\/wp\/v2\/pages\/30066","targetHints":{"allow":["GET"]}}],"collection":[{"href":"https:\/\/www.omni-biotic.com\/de-de\/wp-json\/wp\/v2\/pages"}],"about":[{"href":"https:\/\/www.omni-biotic.com\/de-de\/wp-json\/wp\/v2\/types\/page"}],"author":[{"embeddable":true,"href":"https:\/\/www.omni-biotic.com\/de-de\/wp-json\/wp\/v2\/users\/26"}],"replies":[{"embeddable":true,"href":"https:\/\/www.omni-biotic.com\/de-de\/wp-json\/wp\/v2\/comments?post=30066"}],"version-history":[{"count":8,"href":"https:\/\/www.omni-biotic.com\/de-de\/wp-json\/wp\/v2\/pages\/30066\/revisions"}],"predecessor-version":[{"id":33530,"href":"https:\/\/www.omni-biotic.com\/de-de\/wp-json\/wp\/v2\/pages\/30066\/revisions\/33530"}],"up":[{"embeddable":true,"href":"https:\/\/www.omni-biotic.com\/de-de\/wp-json\/wp\/v2\/pages\/30158"}],"wp:featuredmedia":[{"embeddable":true,"href":"https:\/\/www.omni-biotic.com\/de-de\/wp-json\/wp\/v2\/media\/30071"}],"wp:attachment":[{"href":"https:\/\/www.omni-biotic.com\/de-de\/wp-json\/wp\/v2\/media?parent=30066"}],"curies":[{"name":"wp","href":"https:\/\/api.w.org\/{rel}","templated":true}]}}