{"id":30164,"date":"2024-03-18T15:29:59","date_gmt":"2024-03-18T14:29:59","guid":{"rendered":"https:\/\/www.omni-biotic.com\/de-de\/?page_id=30164"},"modified":"2024-03-18T15:29:59","modified_gmt":"2024-03-18T14:29:59","slug":"wirtschaftliche-nachhaltigkeit","status":"publish","type":"page","link":"https:\/\/www.omni-biotic.com\/de-de\/nachhaltigkeit\/wirtschaftliche-nachhaltigkeit\/","title":{"rendered":"Wirtschaftliche Nachhaltigkeit"},"content":{"rendered":"\t\t<div data-elementor-type=\"wp-page\" data-elementor-id=\"30164\" class=\"elementor elementor-30164\" data-elementor-post-type=\"page\">\n\t\t\t\t<div class=\"elementor-element elementor-element-1f684a3 e-con-full obcs none e-flex e-con e-parent\" data-id=\"1f684a3\" data-element_type=\"container\" data-settings=\"{&quot;background_background&quot;:&quot;classic&quot;,&quot;shape_divider_bottom&quot;:&quot;waves&quot;}\">\n\t\t\t\t<div class=\"elementor-shape elementor-shape-bottom\" aria-hidden=\"true\" data-negative=\"false\">\n\t\t\t<svg xmlns=\"http:\/\/www.w3.org\/2000\/svg\" viewBox=\"0 0 1000 100\" preserveAspectRatio=\"none\">\n\t<path class=\"elementor-shape-fill\" d=\"M421.9,6.5c22.6-2.5,51.5,0.4,75.5,5.3c23.6,4.9,70.9,23.5,100.5,35.7c75.8,32.2,133.7,44.5,192.6,49.7\n\tc23.6,2.1,48.7,3.5,103.4-2.5c54.7-6,106.2-25.6,106.2-25.6V0H0v30.3c0,0,72,32.6,158.4,30.5c39.2-0.7,92.8-6.7,134-22.4\n\tc21.2-8.1,52.2-18.2,79.7-24.2C399.3,7.9,411.6,7.5,421.9,6.5z\"\/>\n<\/svg>\t\t<\/div>\n\t\t<div class=\"elementor-element elementor-element-dc043d3 e-con-full obcs none e-flex e-con e-child\" data-id=\"dc043d3\" data-element_type=\"container\" data-settings=\"{&quot;background_background&quot;:&quot;gradient&quot;}\">\n\t\t\t\t<div class=\"elementor-element elementor-element-fea9607 elementor-widget elementor-widget-heading\" data-id=\"fea9607\" data-element_type=\"widget\" data-widget_type=\"heading.default\">\n\t\t\t\t<div class=\"elementor-widget-container\">\n\t\t\t\t\t<h1 class=\"elementor-heading-title elementor-size-default\">Wirtschaftliche Nachhaltigkeit<\/h1>\t\t\t\t<\/div>\n\t\t\t\t<\/div>\n\t\t\t\t<div class=\"elementor-element elementor-element-4104a4c elementor-widget-divider--view-line elementor-widget elementor-widget-divider\" data-id=\"4104a4c\" data-element_type=\"widget\" data-widget_type=\"divider.default\">\n\t\t\t\t<div class=\"elementor-widget-container\">\n\t\t\t\t\t\t\t<div class=\"elementor-divider\">\n\t\t\t<span class=\"elementor-divider-separator\">\n\t\t\t\t\t\t<\/span>\n\t\t<\/div>\n\t\t\t\t\t\t<\/div>\n\t\t\t\t<\/div>\n\t\t\t\t<\/div>\n\t\t\t\t<\/div>\n\t\t<div class=\"elementor-element elementor-element-ade67dc obcs none e-flex e-con-boxed e-con e-parent\" data-id=\"ade67dc\" data-element_type=\"container\">\n\t\t\t\t\t<div class=\"e-con-inner\">\n\t\t<div class=\"elementor-element elementor-element-229fd30 obcs none e-flex e-con-boxed e-con e-child\" data-id=\"229fd30\" data-element_type=\"container\">\n\t\t\t\t\t<div class=\"e-con-inner\">\n\t\t<div class=\"elementor-element elementor-element-a4668e5 e-con-full obcs none e-flex e-con e-child\" data-id=\"a4668e5\" data-element_type=\"container\">\n\t\t\t\t<div class=\"elementor-element elementor-element-e4e9d8c elementor-align-left elementor-widget__width-initial elementor-widget elementor-widget-breadcrumbs\" data-id=\"e4e9d8c\" data-element_type=\"widget\" data-widget_type=\"breadcrumbs.default\">\n\t\t\t\t<div class=\"elementor-widget-container\">\n\t\t\t\t\t<span><span class=\"last\">Home<\/span><\/span>\t\t\t\t<\/div>\n\t\t\t\t<\/div>\n\t\t\t\t<\/div>\n\t\t\t\t\t<\/div>\n\t\t\t\t<\/div>\n\t\t\t\t\t<\/div>\n\t\t\t\t<\/div>\n\t\t<div class=\"elementor-element elementor-element-847bef7 obcs none e-flex e-con-boxed e-con e-parent\" data-id=\"847bef7\" data-element_type=\"container\">\n\t\t\t\t\t<div class=\"e-con-inner\">\n\t\t<div class=\"elementor-element elementor-element-fd514d4 e-con-full obcs none e-flex e-con e-child\" data-id=\"fd514d4\" data-element_type=\"container\" data-settings=\"{&quot;background_background&quot;:&quot;classic&quot;}\">\n\t\t\t\t<div class=\"elementor-element elementor-element-21b274b elementor-widget elementor-widget-image\" data-id=\"21b274b\" data-element_type=\"widget\" data-widget_type=\"image.default\">\n\t\t\t\t<div class=\"elementor-widget-container\">\n\t\t\t\t\t\t\t\t\t\t\t\t\t\t\t<img fetchpriority=\"high\" decoding=\"async\" width=\"753\" height=\"1024\" src=\"https:\/\/www.omni-biotic.com\/de-de\/wp-content\/uploads\/sites\/10\/2024\/03\/wissenschaft.svg\" class=\"attachment-large size-large wp-image-30059\" alt=\"wissenschaftliche qualit\u00e4t\" \/>\t\t\t\t\t\t\t\t\t\t\t\t\t\t\t<\/div>\n\t\t\t\t<\/div>\n\t\t\t\t<div class=\"elementor-element elementor-element-9db60a8 elementor-widget elementor-widget-heading\" data-id=\"9db60a8\" data-element_type=\"widget\" data-widget_type=\"heading.default\">\n\t\t\t\t<div class=\"elementor-widget-container\">\n\t\t\t\t\t<div class=\"elementor-heading-title elementor-size-default\">Hoher Qualit\u00e4tsanspruch<\/div>\t\t\t\t<\/div>\n\t\t\t\t<\/div>\n\t\t\t\t<\/div>\n\t\t<div class=\"elementor-element elementor-element-52de93d e-con-full obcs none e-flex e-con e-child\" data-id=\"52de93d\" data-element_type=\"container\" data-settings=\"{&quot;background_background&quot;:&quot;classic&quot;}\">\n\t\t\t\t<div class=\"elementor-element elementor-element-17637db elementor-widget elementor-widget-image\" data-id=\"17637db\" data-element_type=\"widget\" data-widget_type=\"image.default\">\n\t\t\t\t<div class=\"elementor-widget-container\">\n\t\t\t\t\t\t\t\t\t\t\t\t\t\t\t<img decoding=\"async\" width=\"800\" height=\"872\" src=\"https:\/\/www.omni-biotic.com\/de-de\/wp-content\/uploads\/sites\/10\/2024\/03\/forschung.svg\" class=\"attachment-large size-large wp-image-30060\" alt=\"grafische darstellung eines mikroskops f\u00fcr die jahrelange forschung\" \/>\t\t\t\t\t\t\t\t\t\t\t\t\t\t\t<\/div>\n\t\t\t\t<\/div>\n\t\t\t\t<div class=\"elementor-element elementor-element-5427be2 elementor-widget elementor-widget-heading\" data-id=\"5427be2\" data-element_type=\"widget\" data-widget_type=\"heading.default\">\n\t\t\t\t<div class=\"elementor-widget-container\">\n\t\t\t\t\t<div class=\"elementor-heading-title elementor-size-default\">Kooperation mit angesehenen Einrichtungen<\/div>\t\t\t\t<\/div>\n\t\t\t\t<\/div>\n\t\t\t\t<\/div>\n\t\t<div class=\"elementor-element elementor-element-d50ded2 e-con-full obcs none e-flex e-con e-child\" data-id=\"d50ded2\" data-element_type=\"container\" data-settings=\"{&quot;background_background&quot;:&quot;classic&quot;}\">\n\t\t\t\t<div class=\"elementor-element elementor-element-b72f786 elementor-widget elementor-widget-image\" data-id=\"b72f786\" data-element_type=\"widget\" data-widget_type=\"image.default\">\n\t\t\t\t<div class=\"elementor-widget-container\">\n\t\t\t\t\t\t\t\t\t\t\t\t\t\t\t<img decoding=\"async\" width=\"800\" height=\"856\" src=\"https:\/\/www.omni-biotic.com\/de-de\/wp-content\/uploads\/sites\/10\/2024\/03\/ressourcenverbrauch.svg\" class=\"attachment-large size-large wp-image-30061\" alt=\"\" \/>\t\t\t\t\t\t\t\t\t\t\t\t\t\t\t<\/div>\n\t\t\t\t<\/div>\n\t\t\t\t<div class=\"elementor-element elementor-element-3f5070b elementor-widget elementor-widget-heading\" data-id=\"3f5070b\" data-element_type=\"widget\" data-widget_type=\"heading.default\">\n\t\t\t\t<div class=\"elementor-widget-container\">\n\t\t\t\t\t<div class=\"elementor-heading-title elementor-size-default\">Ressourcenverbrauch unter der Lupe<\/div>\t\t\t\t<\/div>\n\t\t\t\t<\/div>\n\t\t\t\t<\/div>\n\t\t\t\t\t<\/div>\n\t\t\t\t<\/div>\n\t\t<div class=\"elementor-element elementor-element-d39bda9 obcs green e-flex e-con-boxed e-con e-parent\" data-id=\"d39bda9\" data-element_type=\"container\">\n\t\t\t\t\t<div class=\"e-con-inner\">\n\t\t<div class=\"elementor-element elementor-element-274f8ea e-con-full obcs none e-flex e-con e-child\" data-id=\"274f8ea\" data-element_type=\"container\">\n\t\t<div class=\"elementor-element elementor-element-7c56431 obcs none e-flex e-con-boxed e-con e-child\" data-id=\"7c56431\" data-element_type=\"container\">\n\t\t\t\t\t<div class=\"e-con-inner\">\n\t\t<div class=\"elementor-element elementor-element-7b09264 obcs none e-flex e-con-boxed e-con e-child\" data-id=\"7b09264\" data-element_type=\"container\">\n\t\t\t\t\t<div class=\"e-con-inner\">\n\t\t<div class=\"elementor-element elementor-element-8c8d911 e-con-full obcs none e-flex e-con e-child\" data-id=\"8c8d911\" data-element_type=\"container\">\n\t\t\t\t<div class=\"elementor-element elementor-element-aa45e2b e-transform elementor-widget elementor-widget-image\" data-id=\"aa45e2b\" data-element_type=\"widget\" data-settings=\"{&quot;_transform_rotateZ_effect&quot;:{&quot;unit&quot;:&quot;px&quot;,&quot;size&quot;:0,&quot;sizes&quot;:[]},&quot;_transform_rotate_3d&quot;:&quot;yes&quot;,&quot;_transform_rotateX_effect&quot;:{&quot;unit&quot;:&quot;px&quot;,&quot;size&quot;:0,&quot;sizes&quot;:[]},&quot;_transform_rotateY_effect&quot;:{&quot;unit&quot;:&quot;px&quot;,&quot;size&quot;:4,&quot;sizes&quot;:[]},&quot;_transform_perspective_effect&quot;:{&quot;unit&quot;:&quot;px&quot;,&quot;size&quot;:650,&quot;sizes&quot;:[]},&quot;_transform_rotateZ_effect_tablet&quot;:{&quot;unit&quot;:&quot;deg&quot;,&quot;size&quot;:&quot;&quot;,&quot;sizes&quot;:[]},&quot;_transform_rotateZ_effect_mobile&quot;:{&quot;unit&quot;:&quot;deg&quot;,&quot;size&quot;:&quot;&quot;,&quot;sizes&quot;:[]},&quot;_transform_rotateX_effect_tablet&quot;:{&quot;unit&quot;:&quot;deg&quot;,&quot;size&quot;:&quot;&quot;,&quot;sizes&quot;:[]},&quot;_transform_rotateX_effect_mobile&quot;:{&quot;unit&quot;:&quot;deg&quot;,&quot;size&quot;:&quot;&quot;,&quot;sizes&quot;:[]},&quot;_transform_rotateY_effect_tablet&quot;:{&quot;unit&quot;:&quot;deg&quot;,&quot;size&quot;:&quot;&quot;,&quot;sizes&quot;:[]},&quot;_transform_rotateY_effect_mobile&quot;:{&quot;unit&quot;:&quot;deg&quot;,&quot;size&quot;:&quot;&quot;,&quot;sizes&quot;:[]},&quot;_transform_perspective_effect_tablet&quot;:{&quot;unit&quot;:&quot;px&quot;,&quot;size&quot;:&quot;&quot;,&quot;sizes&quot;:[]},&quot;_transform_perspective_effect_mobile&quot;:{&quot;unit&quot;:&quot;px&quot;,&quot;size&quot;:&quot;&quot;,&quot;sizes&quot;:[]}}\" data-widget_type=\"image.default\">\n\t\t\t\t<div class=\"elementor-widget-container\">\n\t\t\t\t\t\t\t\t\t\t\t\t\t\t\t<img loading=\"lazy\" decoding=\"async\" width=\"800\" height=\"800\" src=\"https:\/\/www.omni-biotic.com\/de-de\/wp-content\/uploads\/sites\/10\/2024\/03\/wirtschaftliche-nachhaltigkeit.jpg\" class=\"attachment-large size-large wp-image-30062\" alt=\"Wirtschaftliche Nachhaltigkeit\" srcset=\"https:\/\/www.omni-biotic.com\/de-de\/wp-content\/uploads\/sites\/10\/2024\/03\/wirtschaftliche-nachhaltigkeit.jpg 1024w, https:\/\/www.omni-biotic.com\/de-de\/wp-content\/uploads\/sites\/10\/2024\/03\/wirtschaftliche-nachhaltigkeit-300x300.jpg 300w, https:\/\/www.omni-biotic.com\/de-de\/wp-content\/uploads\/sites\/10\/2024\/03\/wirtschaftliche-nachhaltigkeit-150x150.jpg 150w, https:\/\/www.omni-biotic.com\/de-de\/wp-content\/uploads\/sites\/10\/2024\/03\/wirtschaftliche-nachhaltigkeit-768x768.jpg 768w\" sizes=\"(max-width: 800px) 100vw, 800px\" \/>\t\t\t\t\t\t\t\t\t\t\t\t\t\t\t<\/div>\n\t\t\t\t<\/div>\n\t\t\t\t<\/div>\n\t\t<div class=\"elementor-element elementor-element-d1bd3de e-con-full obcs none e-flex e-con e-child\" data-id=\"d1bd3de\" data-element_type=\"container\">\n\t\t\t\t<div class=\"elementor-element elementor-element-c5e6517 elementor-widget elementor-widget-heading\" data-id=\"c5e6517\" data-element_type=\"widget\" data-widget_type=\"heading.default\">\n\t\t\t\t<div class=\"elementor-widget-container\">\n\t\t\t\t\t<h2 class=\"elementor-heading-title elementor-size-default\">Wirtschaftliche Nachhaltigkeit<\/h2>\t\t\t\t<\/div>\n\t\t\t\t<\/div>\n\t\t\t\t<div class=\"elementor-element elementor-element-f1a421c elementor-widget elementor-widget-text-editor\" data-id=\"f1a421c\" data-element_type=\"widget\" data-widget_type=\"text-editor.default\">\n\t\t\t\t<div class=\"elementor-widget-container\">\n\t\t\t\t\t\t\t\t\t<p>Das Institut AllergoSan hat den Anspruch, so <strong>wirtschaftlich nachhaltig<\/strong> wie m\u00f6glich zu handeln und gleichzeitig sichere und <strong>attraktive Arbeitspl\u00e4tze<\/strong> f\u00fcr seine Mitarbeiter zu schaffen. Der <strong>hohe Qualit\u00e4tsanspruch<\/strong> gepaart mit renommierter Forschungsarbeit sichert unser Gesch\u00e4ftsmodell langfristig und generationen\u00fcbergreifend. Durch unsere wissenschaftliche Arbeit gestalten wir nicht nur die Medizin des 21. Jahrhunderts entscheidend mit, sondern erhalten von unseren Kunden, aber auch von \u00c4rzten und Apothekern <strong>hohes Vertrauen<\/strong> in unsere Produkte: Nicht umsonst gilt das Institut AllergoSan als weltweit anerkanntes Kompetenzzentrum in der Mikrobiomforschung und <strong>OMNi-BiOTiC\u00ae<\/strong> firmiert bereits als drittgr\u00f6\u00dfter Probiotika-Brand der Welt. Wir arbeiten laufend mit internationalen Experten und angesehenen Forschungseinrichtungen auf der ganzen Welt zusammen, wie z. B. der Charit\u00e9 Berlin, dem Unispital Z\u00fcrich, dem UKE Hamburg, dem Universit\u00e4tsklinikum Riad und auch der University of California, San Diego.<\/p><p>\u00a0<\/p>\t\t\t\t\t\t\t\t<\/div>\n\t\t\t\t<\/div>\n\t\t\t\t<\/div>\n\t\t\t\t\t<\/div>\n\t\t\t\t<\/div>\n\t\t\t\t\t<\/div>\n\t\t\t\t<\/div>\n\t\t\t\t<\/div>\n\t\t\t\t\t<\/div>\n\t\t\t\t<\/div>\n\t\t<div class=\"elementor-element elementor-element-3067d4f obcs none e-flex e-con-boxed e-con e-parent\" data-id=\"3067d4f\" data-element_type=\"container\">\n\t\t\t\t\t<div class=\"e-con-inner\">\n\t\t\t\t<div class=\"elementor-element elementor-element-f15f3de elementor-widget elementor-widget-infobox\" data-id=\"f15f3de\" data-element_type=\"widget\" data-widget_type=\"infobox.default\">\n\t\t\t\t<div class=\"elementor-widget-container\">\n\t\t\t\t\t\n<div class=\"li-widgets--infobox blue\">\n\n    <div class=\"li-widgets--infobox__icon\">\n        <i aria-hidden=\"true\" class=\"fas fa-hand-holding-heart\"><\/i>    <\/div>\n    <div class=\"li-widgets--infobox__text\">\n            <\/div>\n    <div class=\"li-widgets--infobox__text-body\">\n        <p>Weil wir heute schon an morgen denken, haben wir uns zum <strong>Ziel<\/strong> gesetzt, dass unser <strong>Energie- und Ressourcenverbrauch<\/strong> nicht im gleichen Umfang w\u00e4chst wie das <strong>Unternehmen<\/strong> selbst \u2013 weswegen wir einen <strong>CO<sub>2<\/sub>-Fu\u00dfabdruck<\/strong> unserer unternehmerischen T\u00e4tigkeiten erstellen, zu dem ein <strong>transparentes Ressourcenmanagement<\/strong> geh\u00f6rt. Das erlaubt uns auch einen detaillierten Blick, auf welche Bereiche wir noch mehr Augenmerk legen m\u00fcssen.<\/p>    <\/div>\n\n    \n<\/div>\n\t\t\t\t<\/div>\n\t\t\t\t<\/div>\n\t\t\t\t\t<\/div>\n\t\t\t\t<\/div>\n\t\t\t\t<\/div>\n\t\t","protected":false},"excerpt":{"rendered":"<p>Wirtschaftliche Nachhaltigkeit Home Hoher Qualit\u00e4tsanspruch Kooperation mit angesehenen Einrichtungen Ressourcenverbrauch unter der Lupe Wirtschaftliche Nachhaltigkeit Das Institut AllergoSan hat den Anspruch, so wirtschaftlich nachhaltig wie m\u00f6glich zu handeln und gleichzeitig sichere und attraktive Arbeitspl\u00e4tze f\u00fcr seine Mitarbeiter zu schaffen. Der hohe Qualit\u00e4tsanspruch gepaart mit renommierter Forschungsarbeit sichert unser Gesch\u00e4ftsmodell langfristig und generationen\u00fcbergreifend. Durch unsere wissenschaftliche [&hellip;]<\/p>\n","protected":false},"author":8,"featured_media":30062,"parent":30158,"menu_order":0,"comment_status":"closed","ping_status":"closed","template":"","meta":{"_acf_changed":false,"inline_featured_image":false,"footnotes":""},"class_list":["post-30164","page","type-page","status-publish","has-post-thumbnail","hentry"],"acf":[],"_links":{"self":[{"href":"https:\/\/www.omni-biotic.com\/de-de\/wp-json\/wp\/v2\/pages\/30164","targetHints":{"allow":["GET"]}}],"collection":[{"href":"https:\/\/www.omni-biotic.com\/de-de\/wp-json\/wp\/v2\/pages"}],"about":[{"href":"https:\/\/www.omni-biotic.com\/de-de\/wp-json\/wp\/v2\/types\/page"}],"author":[{"embeddable":true,"href":"https:\/\/www.omni-biotic.com\/de-de\/wp-json\/wp\/v2\/users\/8"}],"replies":[{"embeddable":true,"href":"https:\/\/www.omni-biotic.com\/de-de\/wp-json\/wp\/v2\/comments?post=30164"}],"version-history":[{"count":7,"href":"https:\/\/www.omni-biotic.com\/de-de\/wp-json\/wp\/v2\/pages\/30164\/revisions"}],"predecessor-version":[{"id":30559,"href":"https:\/\/www.omni-biotic.com\/de-de\/wp-json\/wp\/v2\/pages\/30164\/revisions\/30559"}],"up":[{"embeddable":true,"href":"https:\/\/www.omni-biotic.com\/de-de\/wp-json\/wp\/v2\/pages\/30158"}],"wp:featuredmedia":[{"embeddable":true,"href":"https:\/\/www.omni-biotic.com\/de-de\/wp-json\/wp\/v2\/media\/30062"}],"wp:attachment":[{"href":"https:\/\/www.omni-biotic.com\/de-de\/wp-json\/wp\/v2\/media?parent=30164"}],"curies":[{"name":"wp","href":"https:\/\/api.w.org\/{rel}","templated":true}]}}