{"id":35785,"date":"2025-09-08T11:49:56","date_gmt":"2025-09-08T09:49:56","guid":{"rendered":"https:\/\/www.omni-biotic.com\/de-de\/?page_id=35785"},"modified":"2026-04-10T09:02:51","modified_gmt":"2026-04-10T07:02:51","slug":"fachakademie_gewinnspiel","status":"publish","type":"page","link":"https:\/\/www.omni-biotic.com\/de-de\/fachakademie_gewinnspiel\/","title":{"rendered":"FAK Gewinnspiel"},"content":{"rendered":"\t\t<div data-elementor-type=\"wp-page\" data-elementor-id=\"35785\" class=\"elementor elementor-35785\" data-elementor-post-type=\"page\">\n\t\t\t\t<div class=\"elementor-element elementor-element-b2005dd obcs none e-flex e-con-boxed e-con e-parent\" data-id=\"b2005dd\" data-element_type=\"container\" data-settings=\"{&quot;background_background&quot;:&quot;classic&quot;,&quot;shape_divider_bottom&quot;:&quot;curve-asymmetrical&quot;,&quot;shape_divider_bottom_negative&quot;:&quot;yes&quot;}\">\n\t\t\t\t\t<div class=\"e-con-inner\">\n\t\t\t\t<div class=\"elementor-shape elementor-shape-bottom\" aria-hidden=\"true\" data-negative=\"true\">\n\t\t\t<svg xmlns=\"http:\/\/www.w3.org\/2000\/svg\" viewBox=\"0 0 1000 100\" preserveAspectRatio=\"none\">\n\t<path class=\"elementor-shape-fill\" d=\"M615.2,96.7C240.2,97.8,0,18.9,0,0v100h1000V0C1000,19.2,989.8,96,615.2,96.7z\"\/>\n<\/svg>\t\t<\/div>\n\t\t<div class=\"elementor-element elementor-element-bb0116d e-con-full obcs yellow e-flex e-con e-child\" data-id=\"bb0116d\" data-element_type=\"container\" data-settings=\"{&quot;background_background&quot;:&quot;classic&quot;}\">\n\t\t\t\t<div class=\"elementor-element elementor-element-0367821 elementor-widget elementor-widget-heading\" data-id=\"0367821\" data-element_type=\"widget\" data-widget_type=\"heading.default\">\n\t\t\t\t<div class=\"elementor-widget-container\">\n\t\t\t\t\t<h1 class=\"elementor-heading-title elementor-size-default\">Fachakademie-Gewinnspiel<\/h1>\t\t\t\t<\/div>\n\t\t\t\t<\/div>\n\t\t\t\t<div class=\"elementor-element elementor-element-2303f53 elementor-widget-divider--view-line elementor-widget elementor-widget-divider\" data-id=\"2303f53\" data-element_type=\"widget\" data-widget_type=\"divider.default\">\n\t\t\t\t<div class=\"elementor-widget-container\">\n\t\t\t\t\t\t\t<div class=\"elementor-divider\">\n\t\t\t<span class=\"elementor-divider-separator\">\n\t\t\t\t\t\t<\/span>\n\t\t<\/div>\n\t\t\t\t\t\t<\/div>\n\t\t\t\t<\/div>\n\t\t\t\t<div class=\"elementor-element elementor-element-de16eff elementor-widget elementor-widget-heading\" data-id=\"de16eff\" data-element_type=\"widget\" data-widget_type=\"heading.default\">\n\t\t\t\t<div class=\"elementor-widget-container\">\n\t\t\t\t\t<span class=\"elementor-heading-title elementor-size-default\">Gewinnen Sie einen Jahresvorrat OMNi-BiOTiC\u00ae*\n<\/span>\t\t\t\t<\/div>\n\t\t\t\t<\/div>\n\t\t\t\t<\/div>\n\t\t\t\t\t<\/div>\n\t\t\t\t<\/div>\n\t\t<div class=\"elementor-element elementor-element-426207a obcs none e-flex e-con-boxed e-con e-parent\" data-id=\"426207a\" data-element_type=\"container\">\n\t\t\t\t\t<div class=\"e-con-inner\">\n\t\t\t\t<div class=\"elementor-element elementor-element-6a28fac elementor-widget elementor-widget-text-editor\" data-id=\"6a28fac\" data-element_type=\"widget\" data-widget_type=\"text-editor.default\">\n\t\t\t\t<div class=\"elementor-widget-container\">\n\t\t\t\t\t\t\t\t\t<h2><strong>Herzlichen Dank f\u00fcr Ihr Feedback!<\/strong><\/h2><p>Wie sch\u00f6n, dass Sie heute an der Fachakademie teilgenommen haben \u2013 und ein besonderes Dankesch\u00f6n daf\u00fcr, dass Sie sich die Zeit genommen haben, uns Ihr digitales Feedback zu \u00fcbermitteln.<br \/>Als kleines Extra haben Sie nun die Chance auf ein tolles Gewinnspiel:<br \/><strong>Gewinnen Sie einen Jahresvorrat* an Omni-Biotic\u00ae Produkten!<br \/><\/strong>\u00a0\ud83e\udd73Welche Produkte? Das d\u00fcrfen Sie als Gewinnerin ganz individuell selbst ausw\u00e4hlen.<\/p><p>Die Gewinnerin wird am\u00a0<strong>1. Juli 2026<\/strong>\u00a0ermittelt und von uns per E-Mail verst\u00e4ndigt.<br \/>Wir dr\u00fccken Ihnen fest die Daumen! \ud83c\udf40<\/p><div>\u00a0<\/div>\t\t\t\t\t\t\t\t<\/div>\n\t\t\t\t<\/div>\n\t\t<div class=\"elementor-element elementor-element-5f2ab8e e-con-full obcs none e-flex e-con e-child\" data-id=\"5f2ab8e\" data-element_type=\"container\">\n\t\t\t\t<div class=\"elementor-element elementor-element-bc85591 elementor-widget elementor-widget-text-editor\" data-id=\"bc85591\" data-element_type=\"widget\" data-widget_type=\"text-editor.default\">\n\t\t\t\t<div class=\"elementor-widget-container\">\n\t\t\t\t\t\t\t\t\t<sup>*12 Packungen OMNi-BiOTiC\u00ae<\/sup>\t\t\t\t\t\t\t\t<\/div>\n\t\t\t\t<\/div>\n\t\t\t\t<\/div>\n\t\t\t\t\t<\/div>\n\t\t\t\t<\/div>\n\t\t<div class=\"elementor-element elementor-element-4102144 obcs none e-flex e-con-boxed e-con e-parent\" data-id=\"4102144\" data-element_type=\"container\">\n\t\t\t\t\t<div class=\"e-con-inner\">\n\t\t\t\t<div class=\"elementor-element elementor-element-7eddd3c elementor-button-align-start elementor-widget elementor-widget-form\" data-id=\"7eddd3c\" data-element_type=\"widget\" data-settings=\"{&quot;step_next_label&quot;:&quot;N\\u00e4chster&quot;,&quot;step_previous_label&quot;:&quot;Voriger&quot;,&quot;button_width&quot;:&quot;100&quot;,&quot;step_type&quot;:&quot;number_text&quot;,&quot;step_icon_shape&quot;:&quot;circle&quot;}\" data-widget_type=\"form.default\">\n\t\t\t\t<div class=\"elementor-widget-container\">\n\t\t\t\t\t\t\t<form class=\"elementor-form\" method=\"post\" id=\"ob_bg_gewinnspiel_27_atde\" name=\"FAK Gewinnspiel Q2\" aria-label=\"FAK Gewinnspiel Q2\" novalidate=\"\">\n\t\t\t<input type=\"hidden\" name=\"post_id\" value=\"35785\"\/>\n\t\t\t<input type=\"hidden\" name=\"form_id\" value=\"7eddd3c\"\/>\n\t\t\t<input type=\"hidden\" name=\"referer_title\" value=\"\" \/>\n\n\t\t\t\n\t\t\t<div class=\"elementor-form-fields-wrapper elementor-labels-above\">\n\t\t\t\t\t\t\t\t<div class=\"elementor-field-type-radio elementor-field-group elementor-column elementor-field-group-Anrede elementor-col-100 elementor-field-required elementor-mark-required\">\n\t\t\t\t\t\t\t\t\t\t\t\t<label for=\"form-field-Anrede\" class=\"elementor-field-label\">\n\t\t\t\t\t\t\t\tAnrede\t\t\t\t\t\t\t<\/label>\n\t\t\t\t\t\t<div class=\"elementor-field-subgroup  elementor-subgroup-inline\"><span class=\"elementor-field-option\"><input type=\"radio\" value=\"Frau\" id=\"form-field-Anrede-0\" name=\"form_fields[Anrede]\" required=\"required\"> <label for=\"form-field-Anrede-0\">Frau<\/label><\/span><span class=\"elementor-field-option\"><input type=\"radio\" value=\"Herr\" id=\"form-field-Anrede-1\" name=\"form_fields[Anrede]\" required=\"required\"> <label for=\"form-field-Anrede-1\">Herr<\/label><\/span><span class=\"elementor-field-option\"><input type=\"radio\" value=\"Divers\" id=\"form-field-Anrede-2\" name=\"form_fields[Anrede]\" required=\"required\"> <label for=\"form-field-Anrede-2\">Divers<\/label><\/span><\/div>\t\t\t\t<\/div>\n\t\t\t\t\t\t\t\t<div class=\"elementor-field-type-text elementor-field-group elementor-column elementor-field-group-Vorname elementor-col-33 elementor-field-required elementor-mark-required\">\n\t\t\t\t\t\t\t\t\t\t\t\t<label for=\"form-field-Vorname\" class=\"elementor-field-label\">\n\t\t\t\t\t\t\t\tVorname\t\t\t\t\t\t\t<\/label>\n\t\t\t\t\t\t\t\t\t\t\t\t\t\t<input size=\"1\" type=\"text\" name=\"form_fields[Vorname]\" id=\"form-field-Vorname\" class=\"elementor-field elementor-size-sm  elementor-field-textual\" placeholder=\"Vorname\" required=\"required\">\n\t\t\t\t\t\t\t\t\t\t\t<\/div>\n\t\t\t\t\t\t\t\t<div class=\"elementor-field-type-text elementor-field-group elementor-column elementor-field-group-Nachname elementor-col-33 elementor-field-required elementor-mark-required\">\n\t\t\t\t\t\t\t\t\t\t\t\t<label for=\"form-field-Nachname\" class=\"elementor-field-label\">\n\t\t\t\t\t\t\t\tNachname\t\t\t\t\t\t\t<\/label>\n\t\t\t\t\t\t\t\t\t\t\t\t\t\t<input size=\"1\" type=\"text\" name=\"form_fields[Nachname]\" id=\"form-field-Nachname\" class=\"elementor-field elementor-size-sm  elementor-field-textual\" placeholder=\"Nachname\" required=\"required\">\n\t\t\t\t\t\t\t\t\t\t\t<\/div>\n\t\t\t\t\t\t\t\t<div class=\"elementor-field-type-email elementor-field-group elementor-column elementor-field-group-email elementor-col-33 elementor-field-required elementor-mark-required\">\n\t\t\t\t\t\t\t\t\t\t\t\t<label for=\"form-field-email\" class=\"elementor-field-label\">\n\t\t\t\t\t\t\t\tE-Mail-Adresse\t\t\t\t\t\t\t<\/label>\n\t\t\t\t\t\t\t\t\t\t\t\t\t\t<input size=\"1\" type=\"email\" name=\"form_fields[email]\" id=\"form-field-email\" class=\"elementor-field elementor-size-sm  elementor-field-textual\" placeholder=\"e-mail\" required=\"required\">\n\t\t\t\t\t\t\t\t\t\t\t<\/div>\n\t\t\t\t\t\t\t\t<div class=\"elementor-field-type-acceptance elementor-field-group elementor-column elementor-field-group-field_bcb4ff9 elementor-col-100 elementor-field-required elementor-mark-required\">\n\t\t\t\t\t\t\t\t\t\t\t\t<label for=\"form-field-field_bcb4ff9\" class=\"elementor-field-label\">\n\t\t\t\t\t\t\t\t<strong>Um an diesem Gewinnspiel teilzunehmen, m\u00fcssen Sie die Teilnahmebedingungen akzeptieren.<\/strong>\t\t\t\t\t\t\t<\/label>\n\t\t\t\t\t\t\t\t<div class=\"elementor-field-subgroup\">\n\t\t\t<span class=\"elementor-field-option\">\n\t\t\t\t<input type=\"checkbox\" name=\"form_fields[field_bcb4ff9]\" id=\"form-field-field_bcb4ff9\" class=\"elementor-field elementor-size-sm  elementor-acceptance-field\" required=\"required\">\n\t\t\t\t<label for=\"form-field-field_bcb4ff9\">\nJa, ich akzeptiere die <a href=\"#teilnahmebedingungen\">Teilnahmebedingungen<\/a>.\n\n<\/label>\t\t\t<\/span>\n\t\t<\/div>\n\t\t\t\t\t\t<\/div>\n\t\t\t\t\t\t\t\t<div class=\"elementor-field-type-acceptance elementor-field-group elementor-column elementor-field-group-friendlycaptcha elementor-col-100 elementor-field-required elementor-mark-required\">\n\t\t\t\t\t\t\t\t\t\t\t\t<label for=\"form-field-friendlycaptcha\" class=\"elementor-field-label\">\n\t\t\t\t\t\t\t\t<strong>Einwilligungserkl\u00e4rung:<\/strong>\t\t\t\t\t\t\t<\/label>\n\t\t\t\t\t\t\t\t<div class=\"elementor-field-subgroup\">\n\t\t\t<span class=\"elementor-field-option\">\n\t\t\t\t<input type=\"checkbox\" name=\"form_fields[friendlycaptcha]\" id=\"form-field-friendlycaptcha\" class=\"elementor-field elementor-size-sm  elementor-acceptance-field\" required=\"required\">\n\t\t\t\t<label for=\"form-field-friendlycaptcha\">Ich stimme ausdr\u00fccklich zu, dass die Institut AllergoSan Pharma GmbH die \u00fcber mich und mein Unternehmen erhobenen personenbezogenen Daten (im Folgenden kurz: \u201eDaten\u201c) zur Abwicklung des Gewinnspiels verarbeiten darf. \nIch habe die Datenschutzerkl\u00e4rung zur Kenntnis genommen und akzeptiere deren Inhalte; zudem ist mir bewusst, dass ich meine Einwilligung jederzeit f\u00fcr die Zukunft widerrufen kann.\n<\/label>\t\t\t<\/span>\n\t\t<\/div>\n\t\t\t\t\t\t<\/div>\n\t\t\t\t\t\t\t\t<div class=\"elementor-field-group elementor-column elementor-field-type-submit elementor-col-100 e-form__buttons\">\n\t\t\t\t\t<button class=\"elementor-button elementor-size-lg\" type=\"submit\">\n\t\t\t\t\t\t<span class=\"elementor-button-content-wrapper\">\n\t\t\t\t\t\t\t\t\t\t\t\t\t\t\t\t\t\t\t\t\t\t<span class=\"elementor-button-text\">Jetzt mitspielen<\/span>\n\t\t\t\t\t\t\t\t\t\t\t\t\t<\/span>\n\t\t\t\t\t<\/button>\n\t\t\t\t<\/div>\n\t\t\t<\/div>\n\t\t<\/form>\n\t\t\t\t\t\t<\/div>\n\t\t\t\t<\/div>\n\t\t\t\t<div class=\"elementor-element elementor-element-bf8dcb0 elementor-widget elementor-widget-menu-anchor\" data-id=\"bf8dcb0\" data-element_type=\"widget\" data-widget_type=\"menu-anchor.default\">\n\t\t\t\t<div class=\"elementor-widget-container\">\n\t\t\t\t\t\t\t<div class=\"elementor-menu-anchor\" id=\"teilnahmebedingungen\"><\/div>\n\t\t\t\t\t\t<\/div>\n\t\t\t\t<\/div>\n\t\t\t\t<div class=\"elementor-element elementor-element-46d2610 elementor-widget elementor-widget-heading\" data-id=\"46d2610\" data-element_type=\"widget\" data-widget_type=\"heading.default\">\n\t\t\t\t<div class=\"elementor-widget-container\">\n\t\t\t\t\t<h2 class=\"elementor-heading-title elementor-size-default\">TEILNAHME-BEDINGUNGEN des INSTITUT ALLERGOSAN <\/h2>\t\t\t\t<\/div>\n\t\t\t\t<\/div>\n\t\t\t\t<div class=\"elementor-element elementor-element-9051fcd elementor-widget elementor-widget-text-editor\" data-id=\"9051fcd\" data-element_type=\"widget\" data-widget_type=\"text-editor.default\">\n\t\t\t\t<div class=\"elementor-widget-container\">\n\t\t\t\t\t\t\t\t\t<p><strong>Hinweis:<\/strong> In Folgenden\u00a0steht\u00a0die m\u00e4nnliche Form\u00a0stellvertretend\u00a0f\u00fcr Personen jeden Geschlechts.<\/p><p>Veranstalter des Gewinnspiels ist die <strong>Institut\u00a0AllergoSan Pharma GmbH<\/strong>, Gmeinstra\u00dfe 13, A-8055 Graz, \u00d6sterreich (kurz \u201e<strong>Institut AllergoSan<\/strong>\u201c genannt). Teilnahmeberechtigt am Online-Gewinnspiel des Institut AllergoSan (kurz \u201e<strong>Gewinnspiel<\/strong>\u201c genannt) sind nat\u00fcrliche Personen ab dem vollendenten 18. Lebensjahr mit Wohnsitz in Deutschland oder \u00d6sterreich (kurz \u201e<strong>Teilnehmer<\/strong>\u201c genannt); ausgenommen davon sind alle Mitarbeiter des Institut AllergoSan. Die Teilnahme am Gewinnspiel ist unentgeltlich und erfolgt ausschlie\u00dflich \u00fcber die Eingabemaske, die nach Abgabe des Online-Feedbacks zur Fachakademie entweder \u00fcber die Website \u201e<strong>https:\/\/www.darmakademie.com\/at\/\u201c<\/strong> oder \u00fcber einen anschlie\u00dfend bereitgestellten Link erreichbar ist.<\/p><p><strong><u>Teilnahmebedingungen:<\/u><\/strong><\/p><p>F\u00fcr eine erfolgreiche Teilnahme am Gewinnspiel haben die Teilnehmer<strong> fristgerecht<\/strong> folgende Voraussetzungen zu erf\u00fcllen:<\/p><ul><li>Abgabe eines digitalen Feedbacks zur Fachakademie \u00fcber den QR-Code, der am Tag der Fachakademie zur Verf\u00fcgung gestellt wird.<\/li><li>Anschlie\u00dfende Eingabe der Kontaktdaten \u00fcber den Link zur Eingabemaske an das Institut AllergoSan rechtzeitig vor Teilnahmeschluss.<\/li><li>Ausf\u00fcllen der Eingabemaske unter Angabe der Kontaktdaten (Vorname, Nachname, Anschrift und E-Mail-Adresse).<\/li><\/ul><p>Bei der Ermittlung der Gewinner werden nur jene Teilnehmer ber\u00fccksichtigt, die rechtzeitig alle oben genannten Voraussetzungen erf\u00fcllt haben. Unter allen korrekten und vollst\u00e4ndigen Teilnahmen entscheidet das Los, wer gewinnt. Die Teilnahme ist nur w\u00e4hrend des Gewinnspielzeitraumes m\u00f6glich.<\/p><p><strong><u>Gewinn:<\/u><\/strong><\/p><ul><li>Jahresvorrat unserer Produkte (= 12 Monatspackungen ausgew\u00e4hlter Nahrungserg\u00e4nzungsmittel der Marke OMNi BiOTiC\u00ae)<\/li><\/ul><p>Die jeweiligen Gewinner werden aus allen Teilnehmern am Gewinnspiel innerhalb von 3 (drei) Werktagen nach dem Zufallsprinzip unter Ausschluss der \u00d6ffentlichkeit ausgew\u00e4hlt und mittels E-Mail verst\u00e4ndigt. Der Versand der Gewinne erfolgt an die vom jeweiligen Gewinner angegebene Adresse. Die Bekanntgabe des Gewinners erfolgt ohne Gew\u00e4hr. Eine Barabl\u00f6se oder \u00dcbertragung der Gewinne ist nicht m\u00f6glich. Der Rechtsweg ist ausgeschlossen. Allf\u00e4llige Steuern, Abgaben und Reisekosten sind vom Gewinner zu tragen.<\/p><p>Teilnehmer, die die vorstehend gemachten Angaben nicht vollst\u00e4ndig an das Institut AllergoSan \u00fcbermitteln, nehmen an der Ermittlung der Gewinner nicht teil.<\/p><p><strong>Teilnahmeschluss <\/strong>ist der <strong>01.04.2026 <\/strong>um<strong> 23:59 Uhr<\/strong><\/p><p><strong><u>Ausschluss vom Gewinnspiel:<\/u><\/strong><\/p><p>Die Verwendung verschiedener Namen bzw. E-Mail Accounts durch ein und denselben Teilnehmer ist nicht gestattet. Wenn die Voraussetzungen f\u00fcr einen Ausschluss vorliegen, k\u00f6nnen Gewinne auch nachtr\u00e4glich aberkannt oder zur\u00fcckgefordert werden. Aus dem Ausschluss bei Vorliegen berechtigter Gr\u00fcnde, entstehen keinerlei Anspr\u00fcche ausgeschlossener Teilnehmer gegen\u00fcber dem Institut AllergoSan.<\/p><p><strong><u>\u00c4nderungsvorbehalt:<\/u><\/strong><\/p><p>Das Institut AllergoSan beh\u00e4lt sich vor, die Teilnahmebedingungen jederzeit zu \u00e4ndern bzw. das Gewinnspiel oder die Auslosung ganz oder in Teilen ohne Angabe von Gr\u00fcnden und ohne Vorank\u00fcndigung zu unterbrechen oder zu beenden (z.B. bei technischen Fehlern, aus rechtlichen Gr\u00fcnden, bei Missbrauch), wenn eine ordnungsgem\u00e4\u00dfe Abwicklung nicht gew\u00e4hrleistet werden kann. Das Institut AllergoSan haftet nicht f\u00fcr h\u00f6here Gewalt, die st\u00e4ndige Erreichbarkeit der Gewinnspielseite oder f\u00fcr sonstige technische St\u00f6rungen. Sollten einzelne Bestimmungen dieser Teilnahmebedingungen unwirksam sein oder werden, so wird dadurch die Rechtswirksamkeit der \u00fcbrigen Teilnahmebedingungen nicht ber\u00fchrt. An ihre Stelle tritt eine Regelung, die dem Zweck der unwirksamen Bestimmung am ehesten entspricht.<\/p><p><strong><u>Recht und Gerichtsstand:<\/u><\/strong><\/p><p>Soweit gesetzlich zul\u00e4ssig, gilt \u00f6sterreichisches Recht unter Ausschluss von Verweisnormen. Gerichtsstand ist Graz, \u00d6sterreich.<\/p>\t\t\t\t\t\t\t\t<\/div>\n\t\t\t\t<\/div>\n\t\t\t\t\t<\/div>\n\t\t\t\t<\/div>\n\t\t\t\t<\/div>\n\t\t","protected":false},"excerpt":{"rendered":"<p>Fachakademie-Gewinnspiel Gewinnen Sie einen Jahresvorrat OMNi-BiOTiC\u00ae* Herzlichen Dank f\u00fcr Ihr Feedback! Wie sch\u00f6n, dass Sie heute an der Fachakademie teilgenommen haben \u2013 und ein besonderes Dankesch\u00f6n daf\u00fcr, dass Sie sich die Zeit genommen haben, uns Ihr digitales Feedback zu \u00fcbermitteln.Als kleines Extra haben Sie nun die Chance auf ein tolles Gewinnspiel:Gewinnen Sie einen Jahresvorrat* an [&hellip;]<\/p>\n","protected":false},"author":44,"featured_media":0,"parent":0,"menu_order":0,"comment_status":"closed","ping_status":"closed","template":"","meta":{"_acf_changed":false,"inline_featured_image":false,"footnotes":""},"class_list":["post-35785","page","type-page","status-publish","hentry"],"acf":[],"_links":{"self":[{"href":"https:\/\/www.omni-biotic.com\/de-de\/wp-json\/wp\/v2\/pages\/35785","targetHints":{"allow":["GET"]}}],"collection":[{"href":"https:\/\/www.omni-biotic.com\/de-de\/wp-json\/wp\/v2\/pages"}],"about":[{"href":"https:\/\/www.omni-biotic.com\/de-de\/wp-json\/wp\/v2\/types\/page"}],"author":[{"embeddable":true,"href":"https:\/\/www.omni-biotic.com\/de-de\/wp-json\/wp\/v2\/users\/44"}],"replies":[{"embeddable":true,"href":"https:\/\/www.omni-biotic.com\/de-de\/wp-json\/wp\/v2\/comments?post=35785"}],"version-history":[{"count":7,"href":"https:\/\/www.omni-biotic.com\/de-de\/wp-json\/wp\/v2\/pages\/35785\/revisions"}],"predecessor-version":[{"id":37593,"href":"https:\/\/www.omni-biotic.com\/de-de\/wp-json\/wp\/v2\/pages\/35785\/revisions\/37593"}],"wp:attachment":[{"href":"https:\/\/www.omni-biotic.com\/de-de\/wp-json\/wp\/v2\/media?parent=35785"}],"curies":[{"name":"wp","href":"https:\/\/api.w.org\/{rel}","templated":true}]}}