{"id":93,"date":"2022-03-07T10:07:28","date_gmt":"2022-03-07T09:07:28","guid":{"rendered":"https:\/\/www.omni-biotic.com\/ueber-uns\/forschung-entwicklung\/studienspiegel\/"},"modified":"2025-09-24T13:50:54","modified_gmt":"2025-09-24T11:50:54","slug":"qualitaetskriterien","status":"publish","type":"page","link":"https:\/\/www.omni-biotic.com\/de-de\/ueber-uns\/forschung-entwicklung\/qualitaetskriterien\/","title":{"rendered":"Qualit\u00e4tskriterien"},"content":{"rendered":"\t\t<div data-elementor-type=\"wp-page\" data-elementor-id=\"93\" class=\"elementor elementor-93\" data-elementor-post-type=\"page\">\n\t\t\t\t<div class=\"elementor-element elementor-element-93ee747 e-con-full obcs none e-flex e-con e-parent\" data-id=\"93ee747\" data-element_type=\"container\" data-settings=\"{&quot;background_background&quot;:&quot;classic&quot;,&quot;shape_divider_bottom&quot;:&quot;waves&quot;}\">\n\t\t\t\t<div class=\"elementor-shape elementor-shape-bottom\" aria-hidden=\"true\" data-negative=\"false\">\n\t\t\t<svg xmlns=\"http:\/\/www.w3.org\/2000\/svg\" viewBox=\"0 0 1000 100\" preserveAspectRatio=\"none\">\n\t<path class=\"elementor-shape-fill\" d=\"M421.9,6.5c22.6-2.5,51.5,0.4,75.5,5.3c23.6,4.9,70.9,23.5,100.5,35.7c75.8,32.2,133.7,44.5,192.6,49.7\n\tc23.6,2.1,48.7,3.5,103.4-2.5c54.7-6,106.2-25.6,106.2-25.6V0H0v30.3c0,0,72,32.6,158.4,30.5c39.2-0.7,92.8-6.7,134-22.4\n\tc21.2-8.1,52.2-18.2,79.7-24.2C399.3,7.9,411.6,7.5,421.9,6.5z\"\/>\n<\/svg>\t\t<\/div>\n\t\t\t\t<div class=\"elementor-element elementor-element-0f2794c elementor-absolute elementor-hidden-mobile elementor-align-center elementor-widget elementor-widget-lottie\" data-id=\"0f2794c\" data-element_type=\"widget\" data-settings=\"{&quot;source_json&quot;:{&quot;url&quot;:&quot;https:\\\/\\\/www.omni-biotic.com\\\/de-at\\\/wp-content\\\/uploads\\\/sites\\\/2\\\/2022\\\/08\\\/lf30_editor_s5uwdgjh.json&quot;,&quot;id&quot;:7733,&quot;size&quot;:&quot;&quot;,&quot;alt&quot;:&quot;&quot;,&quot;source&quot;:&quot;library&quot;},&quot;loop&quot;:&quot;yes&quot;,&quot;play_speed&quot;:{&quot;unit&quot;:&quot;px&quot;,&quot;size&quot;:0.3,&quot;sizes&quot;:[]},&quot;_position&quot;:&quot;absolute&quot;,&quot;source&quot;:&quot;media_file&quot;,&quot;caption_source&quot;:&quot;none&quot;,&quot;link_to&quot;:&quot;none&quot;,&quot;trigger&quot;:&quot;arriving_to_viewport&quot;,&quot;viewport&quot;:{&quot;unit&quot;:&quot;%&quot;,&quot;size&quot;:&quot;&quot;,&quot;sizes&quot;:{&quot;start&quot;:0,&quot;end&quot;:100}},&quot;start_point&quot;:{&quot;unit&quot;:&quot;%&quot;,&quot;size&quot;:0,&quot;sizes&quot;:[]},&quot;end_point&quot;:{&quot;unit&quot;:&quot;%&quot;,&quot;size&quot;:100,&quot;sizes&quot;:[]},&quot;renderer&quot;:&quot;svg&quot;}\" data-widget_type=\"lottie.default\">\n\t\t\t\t<div class=\"elementor-widget-container\">\n\t\t\t\t\t<div class=\"e-lottie__container\"><div class=\"e-lottie__animation\"><\/div><\/div>\t\t\t\t<\/div>\n\t\t\t\t<\/div>\n\t\t<div class=\"elementor-element elementor-element-59b5bd8 e-con-full obcs none e-flex e-con e-child\" data-id=\"59b5bd8\" data-element_type=\"container\" data-settings=\"{&quot;background_background&quot;:&quot;gradient&quot;}\">\n\t\t\t\t<div class=\"elementor-element elementor-element-dac9491 elementor-widget elementor-widget-heading\" data-id=\"dac9491\" data-element_type=\"widget\" data-widget_type=\"heading.default\">\n\t\t\t\t<div class=\"elementor-widget-container\">\n\t\t\t\t\t<h1 class=\"elementor-heading-title elementor-size-default\">Qualit\u00e4tskriterien von medizinisch relevanten Pro- und Synbiotika<\/h1>\t\t\t\t<\/div>\n\t\t\t\t<\/div>\n\t\t\t\t<div class=\"elementor-element elementor-element-2a32c3f elementor-widget-divider--view-line elementor-widget elementor-widget-divider\" data-id=\"2a32c3f\" data-element_type=\"widget\" data-widget_type=\"divider.default\">\n\t\t\t\t<div class=\"elementor-widget-container\">\n\t\t\t\t\t\t\t<div class=\"elementor-divider\">\n\t\t\t<span class=\"elementor-divider-separator\">\n\t\t\t\t\t\t<\/span>\n\t\t<\/div>\n\t\t\t\t\t\t<\/div>\n\t\t\t\t<\/div>\n\t\t\t\t<div class=\"elementor-element elementor-element-71ba710 elementor-widget elementor-widget-text-editor\" data-id=\"71ba710\" data-element_type=\"widget\" data-widget_type=\"text-editor.default\">\n\t\t\t\t<div class=\"elementor-widget-container\">\n\t\t\t\t\t\t\t\t\t<p>nach WHO-, WGO-, FDA-, und OePROM-Kriterien<\/p>\t\t\t\t\t\t\t\t<\/div>\n\t\t\t\t<\/div>\n\t\t\t\t<\/div>\n\t\t\t\t<\/div>\n\t\t<div class=\"elementor-element elementor-element-fb3d11b obcs none e-flex e-con-boxed e-con e-parent\" data-id=\"fb3d11b\" data-element_type=\"container\">\n\t\t\t\t\t<div class=\"e-con-inner\">\n\t\t<div class=\"elementor-element elementor-element-879f4c6 e-con-full obcs none e-flex e-con e-child\" data-id=\"879f4c6\" data-element_type=\"container\">\n\t\t\t\t<div class=\"elementor-element elementor-element-131aced elementor-align-left elementor-widget__width-initial elementor-widget elementor-widget-breadcrumbs\" data-id=\"131aced\" data-element_type=\"widget\" data-widget_type=\"breadcrumbs.default\">\n\t\t\t\t<div class=\"elementor-widget-container\">\n\t\t\t\t\t<span><span class=\"last\">Home<\/span><\/span>\t\t\t\t<\/div>\n\t\t\t\t<\/div>\n\t\t\t\t<\/div>\n\t\t<div class=\"elementor-element elementor-element-3a287d5 e-con-full obcs none e-flex e-con e-child\" data-id=\"3a287d5\" data-element_type=\"container\">\n\t\t\t\t<div class=\"elementor-element elementor-element-a584351 elementor-toc--minimized-on-desktop elementor-widget elementor-widget-table-of-contents\" data-id=\"a584351\" data-element_type=\"widget\" data-settings=\"{&quot;exclude_headings_by_selector&quot;:[],&quot;minimized_on&quot;:&quot;desktop&quot;,&quot;no_headings_message&quot;:&quot;No headings were found on this page.&quot;,&quot;headings_by_tags&quot;:[&quot;h2&quot;,&quot;h3&quot;,&quot;h4&quot;,&quot;h5&quot;,&quot;h6&quot;],&quot;marker_view&quot;:&quot;numbers&quot;,&quot;minimize_box&quot;:&quot;yes&quot;,&quot;hierarchical_view&quot;:&quot;yes&quot;,&quot;min_height&quot;:{&quot;unit&quot;:&quot;px&quot;,&quot;size&quot;:&quot;&quot;,&quot;sizes&quot;:[]},&quot;min_height_tablet&quot;:{&quot;unit&quot;:&quot;px&quot;,&quot;size&quot;:&quot;&quot;,&quot;sizes&quot;:[]},&quot;min_height_mobile&quot;:{&quot;unit&quot;:&quot;px&quot;,&quot;size&quot;:&quot;&quot;,&quot;sizes&quot;:[]}}\" data-widget_type=\"table-of-contents.default\">\n\t\t\t\t<div class=\"elementor-widget-container\">\n\t\t\t\t\t\t\t\t\t<div class=\"elementor-toc__header\">\n\t\t\t\t\t\t<h4 class=\"elementor-toc__header-title\">\n\t\t\t\tInhaltsverzeichnis\t\t\t<\/h4>\n\t\t\t\t\t\t\t\t\t\t<div class=\"elementor-toc__toggle-button elementor-toc__toggle-button--expand\" role=\"button\" tabindex=\"0\" aria-controls=\"elementor-toc__a584351\" aria-expanded=\"true\" aria-label=\"Inhaltsverzeichnis \u00f6ffnen\"><i aria-hidden=\"true\" class=\"fas fa-chevron-down\"><\/i><\/div>\n\t\t\t\t<div class=\"elementor-toc__toggle-button elementor-toc__toggle-button--collapse\" role=\"button\" tabindex=\"0\" aria-controls=\"elementor-toc__a584351\" aria-expanded=\"true\" aria-label=\"Inhaltsverzeichnis schlie\u00dfen\"><i aria-hidden=\"true\" class=\"fas fa-chevron-up\"><\/i><\/div>\n\t\t\t\t\t<\/div>\n\t\t\t\t<div id=\"elementor-toc__a584351\" class=\"elementor-toc__body\">\n\t\t\t<div class=\"elementor-toc__spinner-container\">\n\t\t\t\t<i class=\"elementor-toc__spinner eicon-animation-spin eicon-loading\" aria-hidden=\"true\"><\/i>\t\t\t<\/div>\n\t\t<\/div>\n\t\t\t\t\t\t<\/div>\n\t\t\t\t<\/div>\n\t\t\t\t<\/div>\n\t\t\t\t\t<\/div>\n\t\t\t\t<\/div>\n\t\t<div class=\"elementor-element elementor-element-00a2fa5 obcs none e-flex e-con-boxed e-con e-parent\" data-id=\"00a2fa5\" data-element_type=\"container\">\n\t\t\t\t\t<div class=\"e-con-inner\">\n\t\t\t\t<div class=\"elementor-element elementor-element-5d408bc elementor-widget elementor-widget-heading\" data-id=\"5d408bc\" data-element_type=\"widget\" data-widget_type=\"heading.default\">\n\t\t\t\t<div class=\"elementor-widget-container\">\n\t\t\t\t\t<h2 class=\"elementor-heading-title elementor-size-default\">1. Sicherheit<\/h2>\t\t\t\t<\/div>\n\t\t\t\t<\/div>\n\t\t\t\t<div class=\"elementor-element elementor-element-086d29d elementor-widget elementor-widget-text-editor\" data-id=\"086d29d\" data-element_type=\"widget\" data-widget_type=\"text-editor.default\">\n\t\t\t\t<div class=\"elementor-widget-container\">\n\t\t\t\t\t\t\t\t\t<p>Alle verwendeten Bakterienst\u00e4mme m\u00fcssen den GRAS-Status, den QPS-Status oder vergleichbare Sicherheitsstandards aufweisen, das bedeutet h\u00f6chste Sicherheit f\u00fcr die Einnahme durch Menschen und die Abwesenheit von Nebenwirkungen auch bei langfristiger Anwendung.<\/p>\t\t\t\t\t\t\t\t<\/div>\n\t\t\t\t<\/div>\n\t\t\t\t<div class=\"elementor-element elementor-element-5871b5d elementor-widget elementor-widget-heading\" data-id=\"5871b5d\" data-element_type=\"widget\" data-widget_type=\"heading.default\">\n\t\t\t\t<div class=\"elementor-widget-container\">\n\t\t\t\t\t<h2 class=\"elementor-heading-title elementor-size-default\">2. Bakterienanzahl<\/h2>\t\t\t\t<\/div>\n\t\t\t\t<\/div>\n\t\t\t\t<div class=\"elementor-element elementor-element-87c761b elementor-widget elementor-widget-text-editor\" data-id=\"87c761b\" data-element_type=\"widget\" data-widget_type=\"text-editor.default\">\n\t\t\t\t<div class=\"elementor-widget-container\">\n\t\t\t\t\t\t\t\t\tMindestens 10<sup>9<\/sup> KBE (= 1 Milliarde Keime pro Gramm Pulver). Dies bedeutet, dass eine relevante Anzahl an lebensf\u00e4higen Bakterien aufgenommen werden kann.\t\t\t\t\t\t\t\t<\/div>\n\t\t\t\t<\/div>\n\t\t\t\t<div class=\"elementor-element elementor-element-87bf01e elementor-widget elementor-widget-heading\" data-id=\"87bf01e\" data-element_type=\"widget\" data-widget_type=\"heading.default\">\n\t\t\t\t<div class=\"elementor-widget-container\">\n\t\t\t\t\t<h2 class=\"elementor-heading-title elementor-size-default\">3. Aktivit\u00e4t<\/h2>\t\t\t\t<\/div>\n\t\t\t\t<\/div>\n\t\t\t\t<div class=\"elementor-element elementor-element-5a63ed3 elementor-widget elementor-widget-text-editor\" data-id=\"5a63ed3\" data-element_type=\"widget\" data-widget_type=\"text-editor.default\">\n\t\t\t\t<div class=\"elementor-widget-container\">\n\t\t\t\t\t\t\t\t\t<p>Probiotische Bakterien sind am aktivsten in den 24 Stunden nachdem sie rehydriert wurden und ihre Aktivit\u00e4t wieder entfalten. Dies geschieht bei Joghurts noch in der Molkerei, wo durch die Produktion von Milchs\u00e4ure aus Milch Joghurt entsteht, bei Pulvergranulaten allerdings im K\u00f6rper von uns Menschen, wo die Bakterien aktiv f\u00fcr uns ihre F\u00e4higkeiten einsetzen.<\/p>\t\t\t\t\t\t\t\t<\/div>\n\t\t\t\t<\/div>\n\t\t\t\t<div class=\"elementor-element elementor-element-fde3766 elementor-widget elementor-widget-heading\" data-id=\"fde3766\" data-element_type=\"widget\" data-widget_type=\"heading.default\">\n\t\t\t\t<div class=\"elementor-widget-container\">\n\t\t\t\t\t<h2 class=\"elementor-heading-title elementor-size-default\">4. Vermehrungsf\u00e4higkeit<\/h2>\t\t\t\t<\/div>\n\t\t\t\t<\/div>\n\t\t\t\t<div class=\"elementor-element elementor-element-ef42bbe elementor-widget elementor-widget-text-editor\" data-id=\"ef42bbe\" data-element_type=\"widget\" data-widget_type=\"text-editor.default\">\n\t\t\t\t<div class=\"elementor-widget-container\">\n\t\t\t\t\t\t\t\t\t<p>Nachgewiesene Vermehrung der probiotischen Keime auch nach Beendigung der Einnahme. Ist nur f\u00fcr sehr wenige Produkte bisher bewiesen worden, da nur sehr gro\u00dfe Vermehrungszahlen erfassbar sind. Die Beweise sind z. B. f\u00fcr OMNi-BiOTiC\u00ae PANDA, OMNi-BiOTiC\u00ae 10 und OMNi-BiOTiC\u00ae SR-9 in wissenschaftlichen Journalen ver\u00f6ffentlicht worden.<\/p>\t\t\t\t\t\t\t\t<\/div>\n\t\t\t\t<\/div>\n\t\t\t\t<div class=\"elementor-element elementor-element-d482eb7 elementor-widget elementor-widget-heading\" data-id=\"d482eb7\" data-element_type=\"widget\" data-widget_type=\"heading.default\">\n\t\t\t\t<div class=\"elementor-widget-container\">\n\t\t\t\t\t<h2 class=\"elementor-heading-title elementor-size-default\">5. Magen- und Gallens\u00e4ureresistenz<\/h2>\t\t\t\t<\/div>\n\t\t\t\t<\/div>\n\t\t\t\t<div class=\"elementor-element elementor-element-d13397a elementor-widget elementor-widget-text-editor\" data-id=\"d13397a\" data-element_type=\"widget\" data-widget_type=\"text-editor.default\">\n\t\t\t\t<div class=\"elementor-widget-container\">\n\t\t\t\t\t\t\t\t\t<p>Entscheidend ist die Stabilit\u00e4t der Keime gegen\u00fcber starken S\u00e4uren. Bestens bew\u00e4hrt hat sich die Wiederbelebung (Rehydrierung) der gefriergetrockneten Bakterien au\u00dferhalb des K\u00f6rpers in einer Fl\u00fcssigkeit. Hierf\u00fcr eignen sich beispielsweise stilles Wasser, s\u00e4urearme Fruchts\u00e4fte, Milch oder auch Jogurt und M\u00fcsli. Bitte nicht mit Zitruss\u00e4ften, Kaffee, Alkohol, kohlens\u00e4urehaltigen oder hei\u00dfen Getr\u00e4nken (\u00fcber 40\u00b0C) mischen. In der Fl\u00fcssigkeit k\u00f6nnen die Bakterien die erste Nahrung zu sich nehmen und (metabolisch) aktiv werden, bevor sie die mehrst\u00fcndige Passage durch den Magen mit seiner Magens\u00e4ure sowie durch den Zw\u00f6lffingerdarm mit Gallens\u00e4ure und Bauchspeicheldr\u00fcsensekret antreten und \u00fcberleben m\u00fcssen.<\/p>\t\t\t\t\t\t\t\t<\/div>\n\t\t\t\t<\/div>\n\t\t\t\t<div class=\"elementor-element elementor-element-663eefe elementor-widget elementor-widget-heading\" data-id=\"663eefe\" data-element_type=\"widget\" data-widget_type=\"heading.default\">\n\t\t\t\t<div class=\"elementor-widget-container\">\n\t\t\t\t\t<h2 class=\"elementor-heading-title elementor-size-default\">6. Stabilit\u00e4t bei Raumtemperatur<\/h2>\t\t\t\t<\/div>\n\t\t\t\t<\/div>\n\t\t\t\t<div class=\"elementor-element elementor-element-14af2ee elementor-widget elementor-widget-text-editor\" data-id=\"14af2ee\" data-element_type=\"widget\" data-widget_type=\"text-editor.default\">\n\t\t\t\t<div class=\"elementor-widget-container\">\n\t\t\t\t\t\t\t\t\t<p>Nicht die Bakterienanzahl zum Zeitpunkt der Abf\u00fcllung, sondern zum Ende der Laufzeit sollte angegeben sein. Bakterien sterben bereits nach wenigen Tagen, wenn die Umgebung keine optimalen Lebensbedingungen bietet. OMNi-BiOTiC\u00ae Produkte werden laufend Qualit\u00e4tsanalysen unterzogen, um die 24-monatige Stabilit\u00e4t bei Raumtemperatur nachweislich zu garantieren.<\/p>\t\t\t\t\t\t\t\t<\/div>\n\t\t\t\t<\/div>\n\t\t\t\t<div class=\"elementor-element elementor-element-48ebdac elementor-widget elementor-widget-heading\" data-id=\"48ebdac\" data-element_type=\"widget\" data-widget_type=\"heading.default\">\n\t\t\t\t<div class=\"elementor-widget-container\">\n\t\t\t\t\t<h2 class=\"elementor-heading-title elementor-size-default\">7. Milieuoptimierung<\/h2>\t\t\t\t<\/div>\n\t\t\t\t<\/div>\n\t\t\t\t<div class=\"elementor-element elementor-element-51da4df elementor-widget elementor-widget-text-editor\" data-id=\"51da4df\" data-element_type=\"widget\" data-widget_type=\"text-editor.default\">\n\t\t\t\t<div class=\"elementor-widget-container\">\n\t\t\t\t\t\t\t\t\t<p>Der optimale pH-Wert im D\u00fcnndarm liegt bei 4,0-5,5. Bei diesem Wert vermehren sich n\u00fctzliche Bakterien optimal, krankmachende Keime hingegen nicht. Deshalb sollten in einem Probiotikum Keime enthalten sein, die den pH-Wert durch starke Milchs\u00e4urebildung senken k\u00f6nnen.<\/p>\t\t\t\t\t\t\t\t<\/div>\n\t\t\t\t<\/div>\n\t\t\t\t<div class=\"elementor-element elementor-element-898a1f4 elementor-widget elementor-widget-heading\" data-id=\"898a1f4\" data-element_type=\"widget\" data-widget_type=\"heading.default\">\n\t\t\t\t<div class=\"elementor-widget-container\">\n\t\t\t\t\t<h2 class=\"elementor-heading-title elementor-size-default\">8. Multispezies-Formulierung symbiotischer Bakterienst\u00e4mme<\/h2>\t\t\t\t<\/div>\n\t\t\t\t<\/div>\n\t\t\t\t<div class=\"elementor-element elementor-element-acbe7b7 elementor-widget elementor-widget-text-editor\" data-id=\"acbe7b7\" data-element_type=\"widget\" data-widget_type=\"text-editor.default\">\n\t\t\t\t<div class=\"elementor-widget-container\">\n\t\t\t\t\t\t\t\t\t<p>Wissenschaftliche Erkenntnisse sprechen daf\u00fcr, dass die gezielte Kombination mehrerer Bakterienst\u00e4mme bei einer Vielzahl von Anwendungsbereichen gegen\u00fcber der Verabreichung eines Einzelstamms \u00fcberlegen ist. Durch sinnvolle Kombinationen in Multispezies-Formulierungen kann das Potenzial der einzelnen St\u00e4mme noch gesteigert werden.<\/p>\t\t\t\t\t\t\t\t<\/div>\n\t\t\t\t<\/div>\n\t\t\t\t<div class=\"elementor-element elementor-element-050e558 elementor-widget elementor-widget-heading\" data-id=\"050e558\" data-element_type=\"widget\" data-widget_type=\"heading.default\">\n\t\t\t\t<div class=\"elementor-widget-container\">\n\t\t\t\t\t<h2 class=\"elementor-heading-title elementor-size-default\">9. Synergie der Keimst\u00e4mme<\/h2>\t\t\t\t<\/div>\n\t\t\t\t<\/div>\n\t\t\t\t<div class=\"elementor-element elementor-element-a414f82 elementor-widget elementor-widget-text-editor\" data-id=\"a414f82\" data-element_type=\"widget\" data-widget_type=\"text-editor.default\">\n\t\t\t\t<div class=\"elementor-widget-container\">\n\t\t\t\t\t\t\t\t\t<p>Nicht alle Bakterienst\u00e4mme vertragen sich gut, sondern sie k\u00f6nnen auch in Wettstreit (z. B. um Nahrung) treten, daher muss die Synergie von gemischten Bakterienpr\u00e4paraten durch eine sogenannte \u201ecross streak\u201c-Methode nachgewiesen sein, bzw. sollten Studien zur Wirksamkeit vorliegen.<\/p>\t\t\t\t\t\t\t\t<\/div>\n\t\t\t\t<\/div>\n\t\t\t\t<div class=\"elementor-element elementor-element-ac3fbc8 elementor-widget elementor-widget-heading\" data-id=\"ac3fbc8\" data-element_type=\"widget\" data-widget_type=\"heading.default\">\n\t\t\t\t<div class=\"elementor-widget-container\">\n\t\t\t\t\t<h2 class=\"elementor-heading-title elementor-size-default\">10. Frei von Zucker, Gluten und tierischem Eiwei\u00df<\/h2>\t\t\t\t<\/div>\n\t\t\t\t<\/div>\n\t\t\t\t<div class=\"elementor-element elementor-element-c711f05 elementor-widget elementor-widget-text-editor\" data-id=\"c711f05\" data-element_type=\"widget\" data-widget_type=\"text-editor.default\">\n\t\t\t\t<div class=\"elementor-widget-container\">\n\t\t\t\t\t\t\t\t\t<p>Um Unvertr\u00e4glichkeiten nicht Vorschub zu leisten.<\/p>\t\t\t\t\t\t\t\t<\/div>\n\t\t\t\t<\/div>\n\t\t\t\t<div class=\"elementor-element elementor-element-1b2878b elementor-widget elementor-widget-heading\" data-id=\"1b2878b\" data-element_type=\"widget\" data-widget_type=\"heading.default\">\n\t\t\t\t<div class=\"elementor-widget-container\">\n\t\t\t\t\t<h2 class=\"elementor-heading-title elementor-size-default\">11. Matrix<\/h2>\t\t\t\t<\/div>\n\t\t\t\t<\/div>\n\t\t\t\t<div class=\"elementor-element elementor-element-3e88b18 elementor-widget elementor-widget-text-editor\" data-id=\"3e88b18\" data-element_type=\"widget\" data-widget_type=\"text-editor.default\">\n\t\t\t\t<div class=\"elementor-widget-container\">\n\t\t\t\t\t\t\t\t\t<p>Zur Erh\u00f6hung der Aktivit\u00e4t und Vermehrungsf\u00e4higkeit der Bakterien werden Enzyme, Ballaststoffe und Mineralien zugegeben. Das erh\u00f6ht die Schleimproduktion der Darmschleimhaut und die Haftf\u00e4higkeit der zugef\u00fchrten Bakterienkombination.<\/p>\t\t\t\t\t\t\t\t<\/div>\n\t\t\t\t<\/div>\n\t\t\t\t<div class=\"elementor-element elementor-element-ce4d3bc elementor-widget elementor-widget-heading\" data-id=\"ce4d3bc\" data-element_type=\"widget\" data-widget_type=\"heading.default\">\n\t\t\t\t<div class=\"elementor-widget-container\">\n\t\t\t\t\t<h2 class=\"elementor-heading-title elementor-size-default\">12. Studien zur Wirksamkeit<\/h2>\t\t\t\t<\/div>\n\t\t\t\t<\/div>\n\t\t\t\t<div class=\"elementor-element elementor-element-6c397e4 elementor-widget elementor-widget-text-editor\" data-id=\"6c397e4\" data-element_type=\"widget\" data-widget_type=\"text-editor.default\">\n\t\t\t\t<div class=\"elementor-widget-container\">\n\t\t\t\t\t\t\t\t\t<p>Probiotika sollten durch wissenschaftliche Studien am Menschen ihre Wirksamkeit dokumentieren.<\/p>\t\t\t\t\t\t\t\t<\/div>\n\t\t\t\t<\/div>\n\t\t\t\t\t<\/div>\n\t\t\t\t<\/div>\n\t\t<div class=\"elementor-element elementor-element-67fb3b4 obcs none e-flex e-con-boxed e-con e-parent\" data-id=\"67fb3b4\" data-element_type=\"container\">\n\t\t\t\t\t<div class=\"e-con-inner\">\n\t\t\t\t<div class=\"elementor-element elementor-element-fd3178d elementor-widget elementor-widget-infobox\" data-id=\"fd3178d\" data-element_type=\"widget\" data-widget_type=\"infobox.default\">\n\t\t\t\t<div class=\"elementor-widget-container\">\n\t\t\t\t\t\n<div class=\"li-widgets--infobox magenta highlights-always-magenta\">\n\n    <div class=\"li-widgets--infobox__icon\">\n        <i aria-hidden=\"true\" class=\"fas fa-info-circle\"><\/i>    <\/div>\n    <div class=\"li-widgets--infobox__text\">\n        <p>OMNi-BiOTiC\u00ae-Produkte folgen diesen Qualit\u00e4tskriterien und bestehen ausschlie\u00dflich aus im Menschen nat\u00fcrlich vorkommenden Bakterienkulturen.<\/p>    <\/div>\n    <div class=\"li-widgets--infobox__text-body\">\n            <\/div>\n\n    \n<\/div>\n\t\t\t\t<\/div>\n\t\t\t\t<\/div>\n\t\t\t\t\t<\/div>\n\t\t\t\t<\/div>\n\t\t\t\t<\/div>\n\t\t","protected":false},"excerpt":{"rendered":"<p>Qualit\u00e4tskriterien von medizinisch relevanten Pro- und Synbiotika nach WHO-, WGO-, FDA-, und OePROM-Kriterien Home Inhaltsverzeichnis 1. Sicherheit Alle verwendeten Bakterienst\u00e4mme m\u00fcssen den GRAS-Status, den QPS-Status oder vergleichbare Sicherheitsstandards aufweisen, das bedeutet h\u00f6chste Sicherheit f\u00fcr die Einnahme durch Menschen und die Abwesenheit von Nebenwirkungen auch bei langfristiger Anwendung. 2. Bakterienanzahl Mindestens 109 KBE (= 1 Milliarde [&hellip;]<\/p>\n","protected":false},"author":3,"featured_media":26390,"parent":91,"menu_order":150,"comment_status":"closed","ping_status":"closed","template":"","meta":{"_acf_changed":false,"inline_featured_image":false,"footnotes":""},"class_list":["post-93","page","type-page","status-publish","has-post-thumbnail","hentry"],"acf":[],"_links":{"self":[{"href":"https:\/\/www.omni-biotic.com\/de-de\/wp-json\/wp\/v2\/pages\/93","targetHints":{"allow":["GET"]}}],"collection":[{"href":"https:\/\/www.omni-biotic.com\/de-de\/wp-json\/wp\/v2\/pages"}],"about":[{"href":"https:\/\/www.omni-biotic.com\/de-de\/wp-json\/wp\/v2\/types\/page"}],"author":[{"embeddable":true,"href":"https:\/\/www.omni-biotic.com\/de-de\/wp-json\/wp\/v2\/users\/3"}],"replies":[{"embeddable":true,"href":"https:\/\/www.omni-biotic.com\/de-de\/wp-json\/wp\/v2\/comments?post=93"}],"version-history":[{"count":7,"href":"https:\/\/www.omni-biotic.com\/de-de\/wp-json\/wp\/v2\/pages\/93\/revisions"}],"predecessor-version":[{"id":36103,"href":"https:\/\/www.omni-biotic.com\/de-de\/wp-json\/wp\/v2\/pages\/93\/revisions\/36103"}],"up":[{"embeddable":true,"href":"https:\/\/www.omni-biotic.com\/de-de\/wp-json\/wp\/v2\/pages\/91"}],"wp:featuredmedia":[{"embeddable":true,"href":"https:\/\/www.omni-biotic.com\/de-de\/wp-json\/wp\/v2\/media\/26390"}],"wp:attachment":[{"href":"https:\/\/www.omni-biotic.com\/de-de\/wp-json\/wp\/v2\/media?parent=93"}],"curies":[{"name":"wp","href":"https:\/\/api.w.org\/{rel}","templated":true}]}}