{"id":101,"date":"2022-03-07T10:07:28","date_gmt":"2022-03-07T09:07:28","guid":{"rendered":"https:\/\/www.omni-biotic.com\/produkte\/omni-logic\/"},"modified":"2023-08-17T13:03:52","modified_gmt":"2023-08-17T11:03:52","slug":"omni-logic","status":"publish","type":"page","link":"https:\/\/www.omni-biotic.com\/es-es\/productos\/omni-logic\/","title":{"rendered":"OMNi-LOGiC\u00ae"},"content":{"rendered":"\t\t<div data-elementor-type=\"wp-page\" data-elementor-id=\"101\" class=\"elementor elementor-101\" data-elementor-post-type=\"page\">\n\t\t\t\t<div class=\"elementor-element elementor-element-61aa6f7 e-con-full obcs green e-flex e-con e-parent\" data-id=\"61aa6f7\" data-element_type=\"container\" data-settings=\"{&quot;background_background&quot;:&quot;classic&quot;,&quot;shape_divider_bottom&quot;:&quot;waves&quot;}\">\n\t\t\t\t<div class=\"elementor-shape elementor-shape-bottom\" aria-hidden=\"true\" data-negative=\"false\">\n\t\t\t<svg xmlns=\"http:\/\/www.w3.org\/2000\/svg\" viewBox=\"0 0 1000 100\" preserveAspectRatio=\"none\">\n\t<path class=\"elementor-shape-fill\" d=\"M421.9,6.5c22.6-2.5,51.5,0.4,75.5,5.3c23.6,4.9,70.9,23.5,100.5,35.7c75.8,32.2,133.7,44.5,192.6,49.7\n\tc23.6,2.1,48.7,3.5,103.4-2.5c54.7-6,106.2-25.6,106.2-25.6V0H0v30.3c0,0,72,32.6,158.4,30.5c39.2-0.7,92.8-6.7,134-22.4\n\tc21.2-8.1,52.2-18.2,79.7-24.2C399.3,7.9,411.6,7.5,421.9,6.5z\"\/>\n<\/svg>\t\t<\/div>\n\t\t<div class=\"elementor-element elementor-element-a932043 e-con-full obcs magenta e-flex e-con e-parent\" data-id=\"a932043\" data-element_type=\"container\" data-settings=\"{&quot;background_background&quot;:&quot;gradient&quot;}\">\n\t\t\t\t<div class=\"elementor-element elementor-element-f8b1466 elementor-widget elementor-widget-heading\" data-id=\"f8b1466\" data-element_type=\"widget\" data-widget_type=\"heading.default\">\n\t\t\t\t<div class=\"elementor-widget-container\">\n\t\t\t\t\t<h1 class=\"elementor-heading-title elementor-size-default\">OMNi-LOGiC\u00ae<\/h1>\t\t\t\t<\/div>\n\t\t\t\t<\/div>\n\t\t\t\t<div class=\"elementor-element elementor-element-c090d72 elementor-widget-divider--view-line elementor-widget elementor-widget-divider\" data-id=\"c090d72\" data-element_type=\"widget\" data-widget_type=\"divider.default\">\n\t\t\t\t<div class=\"elementor-widget-container\">\n\t\t\t\t\t\t\t<div class=\"elementor-divider\">\n\t\t\t<span class=\"elementor-divider-separator\">\n\t\t\t\t\t\t<\/span>\n\t\t<\/div>\n\t\t\t\t\t\t<\/div>\n\t\t\t\t<\/div>\n\t\t\t\t<div class=\"elementor-element elementor-element-c846bbe elementor-widget elementor-widget-text-editor\" data-id=\"c846bbe\" data-element_type=\"widget\" data-widget_type=\"text-editor.default\">\n\t\t\t\t<div class=\"elementor-widget-container\">\n\t\t\t\t\t\t\t\t\t<p>Dado que nuestra microbiota intestinal est\u00e1 formado en gran parte por bacterias anaerobias, las cuales son sensibles al ox\u00edgeno y no pueden tomarse en forma de complementos alimenticios probi\u00f3ticos, se recomienda el uso de fibras prebi\u00f3ticas para nutrir a esas bacterias y contribuir a su proliferaci\u00f3n.<\/p><p>Los productos OMNi-LOGiC\u00ae contienen fibra alimentaria de alta calidad que ha demostrado garantizar una \u00f3ptima nutrici\u00f3n de esas sensibles especies bacterianas.<\/p>\t\t\t\t\t\t\t\t<\/div>\n\t\t\t\t<\/div>\n\t\t\t\t<\/div>\n\t\t<div class=\"elementor-element elementor-element-0147521 e-con-full elementor-hidden-mobile obcs none e-flex e-con e-parent\" data-id=\"0147521\" data-element_type=\"container\">\n\t\t\t\t<\/div>\n\t\t\t\t<\/div>\n\t\t<div class=\"elementor-element elementor-element-dc2a37c obcs none e-flex e-con-boxed e-con e-parent\" data-id=\"dc2a37c\" data-element_type=\"container\">\n\t\t\t\t\t<div class=\"e-con-inner\">\n\t\t<div class=\"elementor-element elementor-element-773cf52 e-con-full obcs none e-flex e-con e-parent\" data-id=\"773cf52\" data-element_type=\"container\">\n\t\t\t\t<div class=\"elementor-element elementor-element-d4d4def elementor-align-left elementor-widget__width-initial elementor-widget elementor-widget-breadcrumbs\" data-id=\"d4d4def\" data-element_type=\"widget\" data-widget_type=\"breadcrumbs.default\">\n\t\t\t\t<div class=\"elementor-widget-container\">\n\t\t\t\t\t<span><span class=\"last\">Home<\/span><\/span>\t\t\t\t<\/div>\n\t\t\t\t<\/div>\n\t\t\t\t<\/div>\n\t\t<div class=\"elementor-element elementor-element-00ec294 e-con-full obcs none e-flex e-con e-parent\" data-id=\"00ec294\" data-element_type=\"container\">\n\t\t\t\t<\/div>\n\t\t\t\t\t<\/div>\n\t\t\t\t<\/div>\n\t\t<div class=\"elementor-element elementor-element-da97593 obcs none e-flex e-con-boxed e-con e-parent\" data-id=\"da97593\" data-element_type=\"container\">\n\t\t\t\t\t<div class=\"e-con-inner\">\n\t\t\t\t<div class=\"elementor-element elementor-element-822e703 elementor-widget__width-initial elementor-widget elementor-widget-li-widgets--tile-slider\" data-id=\"822e703\" data-element_type=\"widget\" data-widget_type=\"li-widgets--tile-slider.default\">\n\t\t\t\t<div class=\"elementor-widget-container\">\n\t\t\t\t\t<div class=\"li-widgets--tile-slider magenta\">\n            <div class=\"headlines\">\n                            <div class=\"headline\">\n                    <div class=\"headline--main\"><h2>\"Alimento favorito\" de las bacterias intestinales beneficiosas<\/h2><\/div>\n                                    <\/div>\n                                <\/div>\n                <div class=\"tiles-container grid\">\n            <div class=\"tiles grid-wrapper\">\n                                    <div class=\"swiper-slide\">\n                        <div class=\"tile\">\n                                                        <a href=\"https:\/\/shop.omni-biotic.com\/es-es\/products\/omni-logic-fibre-int-99121\">\n                                                                                                    <img decoding=\"async\" src=\"https:\/\/cdn.shopify.com\/s\/files\/1\/0611\/8198\/5020\/files\/omni-logic-fibre-250g-int.webp?v=1760346376\" alt=\"OMNi-LOGiC\u00ae FIBRA\" class=\"tile__image\" title=\"\">\n                                                                                            <\/a>\n                                                                                    <div class=\"tile__headline\">OMNi-LOGiC\u00ae FIBRA<\/div>\n                                                                                        <div class=\"tile__subtitle\">Fibra prebi\u00f3tica para tu equilibrio intestinal<\/div>\n                                                                                                                    <div class=\"tile__price\">\n                                                                        desde 20,95 \u20ac                                <\/div>\n                                                                                        <a class=\"tile__button\" href=\"https:\/\/shop.omni-biotic.com\/es-es\/products\/omni-logic-fibre-int-99121\">al producto<\/a>\n                                                    <\/div>\n                    <\/div>\n                                    <div class=\"swiper-slide\">\n                        <div class=\"tile\">\n                                                        <a href=\"https:\/\/shop.omni-biotic.com\/es-es\/products\/omni-logic-immun-int-99119\">\n                                                                                                    <img decoding=\"async\" src=\"https:\/\/cdn.shopify.com\/s\/files\/1\/0611\/8198\/5020\/files\/omni-logic-immune-450-int_da251604-a0d9-4df3-8614-402b7d96b183.webp?v=1760346366\" alt=\"OMNi-LOGiC\u00ae IMMUNO\" class=\"tile__image\" title=\"\">\n                                                                                            <\/a>\n                                                                                    <div class=\"tile__headline\">OMNi-LOGiC\u00ae IMMUNO<\/div>\n                                                                                        <div class=\"tile__subtitle\">Intestino sano = Sistema inmunitario fuerte<\/div>\n                                                                                                                    <div class=\"tile__price\">\n                                                                        desde 49,50 \u20ac                                <\/div>\n                                                                                        <a class=\"tile__button\" href=\"https:\/\/shop.omni-biotic.com\/es-es\/products\/omni-logic-immun-int-99119\">al producto<\/a>\n                                                    <\/div>\n                    <\/div>\n                                    <div class=\"swiper-slide\">\n                        <div class=\"tile\">\n                                                        <a href=\"https:\/\/shop.omni-biotic.com\/es-es\/products\/omni-logic-apfelpektin-int-99114\">\n                                                                                                    <img decoding=\"async\" src=\"https:\/\/cdn.shopify.com\/s\/files\/1\/0611\/8198\/5020\/files\/omni-logic-apple-pectin-84kps-int.webp?v=1760346360\" alt=\"OMNi-LOGiC\u00ae PECTINA DE MANZANA\" class=\"tile__image\" title=\"\">\n                                                                                            <\/a>\n                                                                                    <div class=\"tile__headline\">OMNi-LOGiC\u00ae PECTINA DE MANZANA<\/div>\n                                                                                        <div class=\"tile__subtitle\">Si\u00e9ntete en forma desde el intestino<\/div>\n                                                                                                                    <div class=\"tile__price\">\n                                                                        desde 25,95 \u20ac                                <\/div>\n                                                                                        <a class=\"tile__button\" href=\"https:\/\/shop.omni-biotic.com\/es-es\/products\/omni-logic-apfelpektin-int-99114\">al producto<\/a>\n                                                    <\/div>\n                    <\/div>\n                                    <div class=\"swiper-slide\">\n                        <div class=\"tile\">\n                                                        <a href=\"https:\/\/shop.omni-biotic.com\/es-es\/products\/omni-logic-plus-int-99120\">\n                                                                                                    <img decoding=\"async\" src=\"https:\/\/cdn.shopify.com\/s\/files\/1\/0611\/8198\/5020\/files\/omni-logic-plus-450g-int.webp?v=1760445032\" alt=\"OMNi-LOGiC\u00ae PLUS\" class=\"tile__image\" title=\"\">\n                                                                                            <\/a>\n                                                                                    <div class=\"tile__headline\">OMNi-LOGiC\u00ae PLUS<\/div>\n                                                                                        <div class=\"tile__subtitle\">Equilibrio en el tracto digestivo<\/div>\n                                                                                                                    <div class=\"tile__price\">\n                                                                        desde 49,50 \u20ac                                <\/div>\n                                                                                        <a class=\"tile__button\" href=\"https:\/\/shop.omni-biotic.com\/es-es\/products\/omni-logic-plus-int-99120\">al producto<\/a>\n                                                    <\/div>\n                    <\/div>\n                            <\/div>\n        <\/div>\n    <\/div>\n\t\t\t\t<\/div>\n\t\t\t\t<\/div>\n\t\t\t\t\t<\/div>\n\t\t\t\t<\/div>\n\t\t<div class=\"elementor-element elementor-element-2e9f560 obcs none e-flex e-con-boxed e-con e-parent\" data-id=\"2e9f560\" data-element_type=\"container\">\n\t\t\t\t\t<div class=\"e-con-inner\">\n\t\t\t\t<div class=\"elementor-element elementor-element-c5d8784 elementor-widget elementor-widget-heading\" data-id=\"c5d8784\" data-element_type=\"widget\" data-widget_type=\"heading.default\">\n\t\t\t\t<div class=\"elementor-widget-container\">\n\t\t\t\t\t<span class=\"elementor-heading-title elementor-size-default\">\u00a1Siempre actualizado!<\/span>\t\t\t\t<\/div>\n\t\t\t\t<\/div>\n\t\t\t\t<div class=\"elementor-element elementor-element-679e951 elementor-widget__width-inherit elementor-widget elementor-widget-heading\" data-id=\"679e951\" data-element_type=\"widget\" data-widget_type=\"heading.default\">\n\t\t\t\t<div class=\"elementor-widget-container\">\n\t\t\t\t\t<h2 class=\"elementor-heading-title elementor-size-default\">Nuestro blog OMNi-BiOTiC\u00ae<\/h2>\t\t\t\t<\/div>\n\t\t\t\t<\/div>\n\t\t\t\t<div class=\"elementor-element elementor-element-e81b809 elementor-widget elementor-widget-li-widgets--posts-gallery\" data-id=\"e81b809\" data-element_type=\"widget\" data-widget_type=\"li-widgets--posts-gallery.default\">\n\t\t\t\t<div class=\"elementor-widget-container\">\n\t\t\t\t\t    \n<div class=\"li-widgets--posts-gallery__pagination\" data-post-id=\"101\">\n\n    <div class=\"li-widgets--posts-gallery__pagination-results\">\n        1-6 de 130 resultados    <\/div>\n    <div class=\"li-widgets--posts-gallery__pagination-pages\">\n        P\u00e1gina  1 de 22    <\/div>\n    <div class=\"li-widgets--posts-gallery__pagination-url\">\n                            <a href=\"#\" data-href=\"https:\/\/www.omni-biotic.com\/es-es\/wp-json\/wp\/v2\/pages\/101\/?search&category=0&cur=1\">1<\/a>\n                    <a href=\"#\" data-href=\"https:\/\/www.omni-biotic.com\/es-es\/wp-json\/wp\/v2\/pages\/101\/?search&category=0&cur=2\">2<\/a>\n                    <a href=\"#\" data-href=\"https:\/\/www.omni-biotic.com\/es-es\/wp-json\/wp\/v2\/pages\/101\/?search&category=0&cur=3\">3<\/a>\n                            <a href=\"#\" data-href=\"https:\/\/www.omni-biotic.com\/es-es\/wp-json\/wp\/v2\/pages\/101\/?search&category=0&cur=22\">\u00bb<\/a>\n            <\/div>\n<\/div>\n<div class=\"li-widgets--posts-gallery blog\">\n                    <a href=\"https:\/\/www.omni-biotic.com\/es-es\/blog\/diarrea-durante-la-regla\/\"\n           class=\"li-widgets--posts-gallery__post\">\n            <div class=\"post--image__container\">\n                <div class=\"post--image\">\n                    <img fetchpriority=\"high\" decoding=\"async\" width=\"768\" height=\"512\" src=\"https:\/\/www.omni-biotic.com\/es-es\/wp-content\/uploads\/sites\/6\/2026\/04\/Diarrea-durante-la-regla-768x512.png\" class=\"attachment-medium_large size-medium_large wp-post-image\" alt=\"Dolor de menstruacion\" srcset=\"https:\/\/www.omni-biotic.com\/es-es\/wp-content\/uploads\/sites\/6\/2026\/04\/Diarrea-durante-la-regla-768x512.png 768w, https:\/\/www.omni-biotic.com\/es-es\/wp-content\/uploads\/sites\/6\/2026\/04\/Diarrea-durante-la-regla-300x200.png 300w, https:\/\/www.omni-biotic.com\/es-es\/wp-content\/uploads\/sites\/6\/2026\/04\/Diarrea-durante-la-regla-1024x683.png 1024w, https:\/\/www.omni-biotic.com\/es-es\/wp-content\/uploads\/sites\/6\/2026\/04\/Diarrea-durante-la-regla.png 1536w\" sizes=\"(max-width: 768px) 100vw, 768px\" title=\"\">                <\/div>\n            <\/div>\n            <div class=\"post--teaser\">\n                <div class=\"title\">Diarrea durante la regla: por qu\u00e9 ocurre y qu\u00e9 papel juega la microbiota intestinal<\/div>\n                <div class=\"description\">\n                    Muchas personas lo han experimentado: durante la regla, la digesti\u00f3n cambia. La diarrea durante la\u2026                    <br>\n                    <span class=\"read-more\">\n                            Seguir leyendo                        <\/span>\n                <\/div>\n                <div class=\"metadata\"><b>Actualizado:<\/b> 28. abril 2026 \u2022 <b>Categor\u00edas:<\/b> Salud de la mujer<\/div>\n            <\/div>\n        <\/a>\n                <a href=\"https:\/\/www.omni-biotic.com\/es-es\/blog\/laxantes-microbiota-intestinal\/\"\n           class=\"li-widgets--posts-gallery__post\">\n            <div class=\"post--image__container\">\n                <div class=\"post--image\">\n                    <img decoding=\"async\" width=\"768\" height=\"720\" src=\"https:\/\/www.omni-biotic.com\/es-es\/wp-content\/uploads\/sites\/6\/2026\/04\/OB_WOMAN_Floraplus_Sachet-2-e1773046011722-768x720.png\" class=\"attachment-medium_large size-medium_large wp-post-image\" alt=\"Abuso de laxantes y la microbiota\" srcset=\"https:\/\/www.omni-biotic.com\/es-es\/wp-content\/uploads\/sites\/6\/2026\/04\/OB_WOMAN_Floraplus_Sachet-2-e1773046011722-768x720.png 768w, https:\/\/www.omni-biotic.com\/es-es\/wp-content\/uploads\/sites\/6\/2026\/04\/OB_WOMAN_Floraplus_Sachet-2-e1773046011722-300x281.png 300w, https:\/\/www.omni-biotic.com\/es-es\/wp-content\/uploads\/sites\/6\/2026\/04\/OB_WOMAN_Floraplus_Sachet-2-e1773046011722-1024x959.png 1024w, https:\/\/www.omni-biotic.com\/es-es\/wp-content\/uploads\/sites\/6\/2026\/04\/OB_WOMAN_Floraplus_Sachet-2-e1773046011722.png 1078w\" sizes=\"(max-width: 768px) 100vw, 768px\" title=\"\">                <\/div>\n            <\/div>\n            <div class=\"post--teaser\">\n                <div class=\"title\">\u00bfC\u00f3mo afectan los laxantes a la microbiota intestinal?<\/div>\n                <div class=\"description\">\n                    Los laxantes, conocidos m\u00e9dicamente como laxantes intestinales, se consideran para muchas personas una soluci\u00f3n r\u00e1pida\u2026                    <br>\n                    <span class=\"read-more\">\n                            Seguir leyendo                        <\/span>\n                <\/div>\n                <div class=\"metadata\"><b>Actualizado:<\/b> 17. abril 2026 \u2022 <b>Categor\u00edas:<\/b> General<\/div>\n            <\/div>\n        <\/a>\n                <a href=\"https:\/\/www.omni-biotic.com\/es-es\/blog\/obesidad-diabetes-y-microbiota\/\"\n           class=\"li-widgets--posts-gallery__post\">\n            <div class=\"post--image__container\">\n                <div class=\"post--image\">\n                    <img decoding=\"async\" width=\"700\" height=\"500\" src=\"https:\/\/www.omni-biotic.com\/es-es\/wp-content\/uploads\/sites\/6\/2026\/03\/diabetes-1.jpg\" class=\"attachment-medium_large size-medium_large wp-post-image\" alt=\"Diabetes, obesidad, procesados\" srcset=\"https:\/\/www.omni-biotic.com\/es-es\/wp-content\/uploads\/sites\/6\/2026\/03\/diabetes-1.jpg 700w, https:\/\/www.omni-biotic.com\/es-es\/wp-content\/uploads\/sites\/6\/2026\/03\/diabetes-1-300x214.jpg 300w\" sizes=\"(max-width: 700px) 100vw, 700px\" title=\"\">                <\/div>\n            <\/div>\n            <div class=\"post--teaser\">\n                <div class=\"title\">Obesidad, diabetes y microbiota intestinal: la clave del metabolismo<\/div>\n                <div class=\"description\">\n                    El estilo de vida occidental ha provocado un aumento de enfermedades como la obesidad y\u2026                    <br>\n                    <span class=\"read-more\">\n                            Seguir leyendo                        <\/span>\n                <\/div>\n                <div class=\"metadata\"><b>Actualizado:<\/b> 18. marzo 2026 \u2022 <b>Categor\u00edas:<\/b> Nutrici\u00f3n y recetas<\/div>\n            <\/div>\n        <\/a>\n                <a href=\"https:\/\/www.omni-biotic.com\/es-es\/blog\/alergia-y-el-sistema-inmunitario\/\"\n           class=\"li-widgets--posts-gallery__post\">\n            <div class=\"post--image__container\">\n                <div class=\"post--image\">\n                    <img loading=\"lazy\" decoding=\"async\" width=\"768\" height=\"512\" src=\"https:\/\/www.omni-biotic.com\/es-es\/wp-content\/uploads\/sites\/6\/2026\/03\/prueba-medica-alergia-test-cutaneo.jpg-768x512.jpg\" class=\"attachment-medium_large size-medium_large wp-post-image\" alt=\"prueba m\u00e9dica para diagnosticar alergia mediante test cut\u00e1neo\" srcset=\"https:\/\/www.omni-biotic.com\/es-es\/wp-content\/uploads\/sites\/6\/2026\/03\/prueba-medica-alergia-test-cutaneo.jpg-768x512.jpg 768w, https:\/\/www.omni-biotic.com\/es-es\/wp-content\/uploads\/sites\/6\/2026\/03\/prueba-medica-alergia-test-cutaneo.jpg-300x200.jpg 300w, https:\/\/www.omni-biotic.com\/es-es\/wp-content\/uploads\/sites\/6\/2026\/03\/prueba-medica-alergia-test-cutaneo.jpg-1024x683.jpg 1024w, https:\/\/www.omni-biotic.com\/es-es\/wp-content\/uploads\/sites\/6\/2026\/03\/prueba-medica-alergia-test-cutaneo.jpg.jpg 1536w\" sizes=\"(max-width: 768px) 100vw, 768px\" title=\"\">                <\/div>\n            <\/div>\n            <div class=\"post--teaser\">\n                <div class=\"title\">Alergia: por qu\u00e9 el sistema inmunitario reacciona de forma exagerada<\/div>\n                <div class=\"description\">\n                    Un estornudo, picor en los ojos o una nariz que no deja de gotear. Para\u2026                    <br>\n                    <span class=\"read-more\">\n                            Seguir leyendo                        <\/span>\n                <\/div>\n                <div class=\"metadata\"><b>Actualizado:<\/b> 10. marzo 2026 \u2022 <b>Categor\u00edas:<\/b> General, Problemas y asesoramiento<\/div>\n            <\/div>\n        <\/a>\n                <a href=\"https:\/\/www.omni-biotic.com\/es-es\/blog\/detox-de-primavera-intestino\/\"\n           class=\"li-widgets--posts-gallery__post\">\n            <div class=\"post--image__container\">\n                <div class=\"post--image\">\n                    <img loading=\"lazy\" decoding=\"async\" width=\"768\" height=\"512\" src=\"https:\/\/www.omni-biotic.com\/es-es\/wp-content\/uploads\/sites\/6\/2026\/03\/detox-primavera-salud-intestinal.jpg-768x512.png\" class=\"attachment-medium_large size-medium_large wp-post-image\" alt=\"detox de primavera con alimentaci\u00f3n saludable para apoyar la microbiota intestinal\" srcset=\"https:\/\/www.omni-biotic.com\/es-es\/wp-content\/uploads\/sites\/6\/2026\/03\/detox-primavera-salud-intestinal.jpg-768x512.png 768w, https:\/\/www.omni-biotic.com\/es-es\/wp-content\/uploads\/sites\/6\/2026\/03\/detox-primavera-salud-intestinal.jpg-300x200.png 300w, https:\/\/www.omni-biotic.com\/es-es\/wp-content\/uploads\/sites\/6\/2026\/03\/detox-primavera-salud-intestinal.jpg-1024x683.png 1024w, https:\/\/www.omni-biotic.com\/es-es\/wp-content\/uploads\/sites\/6\/2026\/03\/detox-primavera-salud-intestinal.jpg.png 1536w\" sizes=\"(max-width: 768px) 100vw, 768px\" title=\"\">                <\/div>\n            <\/div>\n            <div class=\"post--teaser\">\n                <div class=\"title\">Detox de primavera para el intestino: c\u00f3mo apoyar tu microbiota y sentirte mejor<\/div>\n                <div class=\"description\">\n                    El intestino, como centro del sistema inmunitario, afronta cada d\u00eda numerosos desaf\u00edos. Cuando la microbiota\u2026                    <br>\n                    <span class=\"read-more\">\n                            Seguir leyendo                        <\/span>\n                <\/div>\n                <div class=\"metadata\"><b>Actualizado:<\/b> 10. marzo 2026 \u2022 <b>Categor\u00edas:<\/b> Nutrici\u00f3n y recetas<\/div>\n            <\/div>\n        <\/a>\n                <a href=\"https:\/\/www.omni-biotic.com\/es-es\/blog\/lentejas-saludables-receta\/\"\n           class=\"li-widgets--posts-gallery__post\">\n            <div class=\"post--image__container\">\n                <div class=\"post--image\">\n                    <img loading=\"lazy\" decoding=\"async\" width=\"768\" height=\"512\" src=\"https:\/\/www.omni-biotic.com\/es-es\/wp-content\/uploads\/sites\/6\/2026\/03\/Receta-Lentejas-Saludables-768x512.jpg\" class=\"attachment-medium_large size-medium_large wp-post-image\" alt=\"Lentejas con verduras\" srcset=\"https:\/\/www.omni-biotic.com\/es-es\/wp-content\/uploads\/sites\/6\/2026\/03\/Receta-Lentejas-Saludables-768x512.jpg 768w, https:\/\/www.omni-biotic.com\/es-es\/wp-content\/uploads\/sites\/6\/2026\/03\/Receta-Lentejas-Saludables-300x200.jpg 300w, https:\/\/www.omni-biotic.com\/es-es\/wp-content\/uploads\/sites\/6\/2026\/03\/Receta-Lentejas-Saludables-1024x683.jpg 1024w, https:\/\/www.omni-biotic.com\/es-es\/wp-content\/uploads\/sites\/6\/2026\/03\/Receta-Lentejas-Saludables.jpg 1536w\" sizes=\"(max-width: 768px) 100vw, 768px\" title=\"\">                <\/div>\n            <\/div>\n            <div class=\"post--teaser\">\n                <div class=\"title\">Lentejas saludables: \u00bfinflaman o son antiinflamatorias? C\u00f3mo evitar los gases<\/div>\n                <div class=\"description\">\n                    Las lentejas forman parte de la dieta mediterr\u00e1nea desde hace generaciones. Son econ\u00f3micas, nutritivas y\u2026                    <br>\n                    <span class=\"read-more\">\n                            Seguir leyendo                        <\/span>\n                <\/div>\n                <div class=\"metadata\"><b>Actualizado:<\/b> 3. marzo 2026 \u2022 <b>Categor\u00edas:<\/b> Nutrici\u00f3n y recetas<\/div>\n            <\/div>\n        <\/a>\n            <\/div>\n\t\t\t\t<\/div>\n\t\t\t\t<\/div>\n\t\t\t\t\t<\/div>\n\t\t\t\t<\/div>\n\t\t\t\t<\/div>\n\t\t","protected":false},"excerpt":{"rendered":"<p>OMNi-LOGiC\u00ae Dado que nuestra microbiota intestinal est\u00e1 formado en gran parte por bacterias anaerobias, las cuales son sensibles al ox\u00edgeno y no pueden tomarse en forma de complementos alimenticios probi\u00f3ticos, se recomienda el uso de fibras prebi\u00f3ticas para nutrir a esas bacterias y contribuir a su proliferaci\u00f3n. Los productos OMNi-LOGiC\u00ae contienen fibra alimentaria de alta [&hellip;]<\/p>\n","protected":false},"author":3,"featured_media":0,"parent":97,"menu_order":190,"comment_status":"closed","ping_status":"closed","template":"","meta":{"_acf_changed":false,"inline_featured_image":false,"footnotes":""},"class_list":["post-101","page","type-page","status-publish","hentry"],"acf":[],"_links":{"self":[{"href":"https:\/\/www.omni-biotic.com\/es-es\/wp-json\/wp\/v2\/pages\/101","targetHints":{"allow":["GET"]}}],"collection":[{"href":"https:\/\/www.omni-biotic.com\/es-es\/wp-json\/wp\/v2\/pages"}],"about":[{"href":"https:\/\/www.omni-biotic.com\/es-es\/wp-json\/wp\/v2\/types\/page"}],"author":[{"embeddable":true,"href":"https:\/\/www.omni-biotic.com\/es-es\/wp-json\/wp\/v2\/users\/3"}],"replies":[{"embeddable":true,"href":"https:\/\/www.omni-biotic.com\/es-es\/wp-json\/wp\/v2\/comments?post=101"}],"version-history":[{"count":7,"href":"https:\/\/www.omni-biotic.com\/es-es\/wp-json\/wp\/v2\/pages\/101\/revisions"}],"predecessor-version":[{"id":18066,"href":"https:\/\/www.omni-biotic.com\/es-es\/wp-json\/wp\/v2\/pages\/101\/revisions\/18066"}],"up":[{"embeddable":true,"href":"https:\/\/www.omni-biotic.com\/es-es\/wp-json\/wp\/v2\/pages\/97"}],"wp:attachment":[{"href":"https:\/\/www.omni-biotic.com\/es-es\/wp-json\/wp\/v2\/media?parent=101"}],"curies":[{"name":"wp","href":"https:\/\/api.w.org\/{rel}","templated":true}]}}