{"id":17891,"date":"2023-08-07T13:31:25","date_gmt":"2023-08-07T11:31:25","guid":{"rendered":"https:\/\/www.omni-biotic.com\/es-es\/?page_id=17891"},"modified":"2026-03-16T10:50:29","modified_gmt":"2026-03-16T09:50:29","slug":"aviso-legal","status":"publish","type":"page","link":"https:\/\/www.omni-biotic.com\/es-es\/aviso-legal\/","title":{"rendered":"Aviso legal"},"content":{"rendered":"\t\t<div data-elementor-type=\"wp-page\" data-elementor-id=\"17891\" class=\"elementor elementor-17891\" data-elementor-post-type=\"page\">\n\t\t\t\t<div class=\"elementor-element elementor-element-f28aa72 e-con-full obcs none e-flex e-con e-parent\" data-id=\"f28aa72\" data-element_type=\"container\" data-settings=\"{&quot;background_background&quot;:&quot;classic&quot;,&quot;shape_divider_bottom&quot;:&quot;waves&quot;}\">\n\t\t\t\t<div class=\"elementor-shape elementor-shape-bottom\" aria-hidden=\"true\" data-negative=\"false\">\n\t\t\t<svg xmlns=\"http:\/\/www.w3.org\/2000\/svg\" viewBox=\"0 0 1000 100\" preserveAspectRatio=\"none\">\n\t<path class=\"elementor-shape-fill\" d=\"M421.9,6.5c22.6-2.5,51.5,0.4,75.5,5.3c23.6,4.9,70.9,23.5,100.5,35.7c75.8,32.2,133.7,44.5,192.6,49.7\n\tc23.6,2.1,48.7,3.5,103.4-2.5c54.7-6,106.2-25.6,106.2-25.6V0H0v30.3c0,0,72,32.6,158.4,30.5c39.2-0.7,92.8-6.7,134-22.4\n\tc21.2-8.1,52.2-18.2,79.7-24.2C399.3,7.9,411.6,7.5,421.9,6.5z\"\/>\n<\/svg>\t\t<\/div>\n\t\t\t\t<div class=\"elementor-element elementor-element-8e391c8 elementor-absolute elementor-hidden-mobile elementor-align-center elementor-widget elementor-widget-lottie\" data-id=\"8e391c8\" data-element_type=\"widget\" data-settings=\"{&quot;source_json&quot;:{&quot;url&quot;:&quot;https:\\\/\\\/www.omni-biotic.com\\\/es-es\\\/wp-content\\\/uploads\\\/sites\\\/6\\\/2022\\\/08\\\/lf30_editor_s5uwdgjh.json&quot;,&quot;id&quot;:&quot;7733&quot;,&quot;size&quot;:&quot;&quot;,&quot;alt&quot;:&quot;&quot;,&quot;source&quot;:&quot;library&quot;},&quot;loop&quot;:&quot;yes&quot;,&quot;play_speed&quot;:{&quot;unit&quot;:&quot;px&quot;,&quot;size&quot;:&quot;0.3&quot;,&quot;sizes&quot;:[]},&quot;_position&quot;:&quot;absolute&quot;,&quot;source&quot;:&quot;media_file&quot;,&quot;caption_source&quot;:&quot;none&quot;,&quot;link_to&quot;:&quot;none&quot;,&quot;trigger&quot;:&quot;arriving_to_viewport&quot;,&quot;viewport&quot;:{&quot;unit&quot;:&quot;%&quot;,&quot;size&quot;:&quot;&quot;,&quot;sizes&quot;:{&quot;start&quot;:0,&quot;end&quot;:100}},&quot;start_point&quot;:{&quot;unit&quot;:&quot;%&quot;,&quot;size&quot;:0,&quot;sizes&quot;:[]},&quot;end_point&quot;:{&quot;unit&quot;:&quot;%&quot;,&quot;size&quot;:100,&quot;sizes&quot;:[]},&quot;renderer&quot;:&quot;svg&quot;}\" data-widget_type=\"lottie.default\">\n\t\t\t\t<div class=\"elementor-widget-container\">\n\t\t\t\t\t<div class=\"e-lottie__container\"><div class=\"e-lottie__animation\"><\/div><\/div>\t\t\t\t<\/div>\n\t\t\t\t<\/div>\n\t\t<div class=\"elementor-element elementor-element-a05aa9b e-con-full obcs none e-flex e-con e-child\" data-id=\"a05aa9b\" data-element_type=\"container\" data-settings=\"{&quot;background_background&quot;:&quot;gradient&quot;}\">\n\t\t\t\t<div class=\"elementor-element elementor-element-6507a69 elementor-widget elementor-widget-heading\" data-id=\"6507a69\" data-element_type=\"widget\" data-widget_type=\"heading.default\">\n\t\t\t\t<div class=\"elementor-widget-container\">\n\t\t\t\t\t<h1 class=\"elementor-heading-title elementor-size-default\">Aviso legal<\/h1>\t\t\t\t<\/div>\n\t\t\t\t<\/div>\n\t\t\t\t<div class=\"elementor-element elementor-element-16a957a elementor-widget-divider--view-line elementor-widget elementor-widget-divider\" data-id=\"16a957a\" data-element_type=\"widget\" data-widget_type=\"divider.default\">\n\t\t\t\t<div class=\"elementor-widget-container\">\n\t\t\t\t\t\t\t<div class=\"elementor-divider\">\n\t\t\t<span class=\"elementor-divider-separator\">\n\t\t\t\t\t\t<\/span>\n\t\t<\/div>\n\t\t\t\t\t\t<\/div>\n\t\t\t\t<\/div>\n\t\t\t\t<\/div>\n\t\t\t\t<\/div>\n\t\t<div class=\"elementor-element elementor-element-94f1f18 obcs none e-flex e-con-boxed e-con e-parent\" data-id=\"94f1f18\" data-element_type=\"container\">\n\t\t\t\t\t<div class=\"e-con-inner\">\n\t\t<div class=\"elementor-element elementor-element-1847619 obcs none e-flex e-con-boxed e-con e-child\" data-id=\"1847619\" data-element_type=\"container\">\n\t\t\t\t\t<div class=\"e-con-inner\">\n\t\t<div class=\"elementor-element elementor-element-30045d7 e-con-full obcs none e-flex e-con e-child\" data-id=\"30045d7\" data-element_type=\"container\">\n\t\t\t\t<div class=\"elementor-element elementor-element-a5f0451 elementor-align-left elementor-widget__width-initial elementor-widget elementor-widget-breadcrumbs\" data-id=\"a5f0451\" data-element_type=\"widget\" data-widget_type=\"breadcrumbs.default\">\n\t\t\t\t<div class=\"elementor-widget-container\">\n\t\t\t\t\t<span><span class=\"last\">Home<\/span><\/span>\t\t\t\t<\/div>\n\t\t\t\t<\/div>\n\t\t\t\t<\/div>\n\t\t\t\t\t<\/div>\n\t\t\t\t<\/div>\n\t\t\t\t\t<\/div>\n\t\t\t\t<\/div>\n\t\t<div class=\"elementor-element elementor-element-689e021 obcs yellow e-flex e-con-boxed e-con e-parent\" data-id=\"689e021\" data-element_type=\"container\">\n\t\t\t\t\t<div class=\"e-con-inner\">\n\t\t<div class=\"elementor-element elementor-element-954c267 e-con-full obcs blue e-flex e-con e-child\" data-id=\"954c267\" data-element_type=\"container\">\n\t\t\t\t<div class=\"elementor-element elementor-element-912e70d elementor-widget elementor-widget-heading\" data-id=\"912e70d\" data-element_type=\"widget\" data-widget_type=\"heading.default\">\n\t\t\t\t<div class=\"elementor-widget-container\">\n\t\t\t\t\t<h2 class=\"elementor-heading-title elementor-size-default\">Institut Allergosan Pharma GmbH<\/h2>\t\t\t\t<\/div>\n\t\t\t\t<\/div>\n\t\t\t\t<div class=\"elementor-element elementor-element-c07c7d8 elementor-widget elementor-widget-text-editor\" data-id=\"c07c7d8\" data-element_type=\"widget\" data-widget_type=\"text-editor.default\">\n\t\t\t\t<div class=\"elementor-widget-container\">\n\t\t\t\t\t\t\t\t\t<p class=\"bodytext\"><b><strong>Actividad de la empresa:<\/strong><\/b>\u00a0Investigaci\u00f3n, desarrollo, producci\u00f3n y comercializaci\u00f3n de productos para la salud y medicamentos<\/p><p class=\"bodytext\"><b>N\u00famero de\u00a0<strong>IVA<\/strong>:<\/b>\u00a0 ATU64528657<\/p><p class=\"bodytext\"><b>N\u00famero de registro\u00a0<strong>de la empresa<\/strong>:<\/b>\u00a0FN 317527 b del Tribunal Regional de Graz (S.L. con sede en Graz)<\/p><p><strong>Directora General:\u00a0<\/strong>Prof. Anita Frauwallner<\/p><p class=\"bodytext\"><b>Tribunal de registro mercantil:<\/b>\u00a0Tribunal Regional de Asuntos de Derecho Civil de Graz<\/p><p class=\"bodytext\"><b>Sede\u00a0<strong>social de la empresa<\/strong>:\u00a0<\/b>\u00a0Gmeinstra\u00dfe 13, AT-8055 Graz<\/p><p class=\"bodytext\"><b>Contacto:\u00a0<\/b>Tel.: +43 316 405 305; Fax: +43 316 405 305 20; Correo electr\u00f3nico: info@allergosan.com<\/p><p class=\"bodytext\"><b>Membres\u00eda en organismos\u00a0<strong>camerales<\/strong>:<\/b>\u00a0C\u00e1mara de Comercio de Estiria<\/p><p class=\"bodytext\"><b><strong>Legislaci\u00f3n aplicable<\/strong>\u00a0(entre otras):<\/b>\u00a0C\u00f3digo de Comercio (todas las leyes mencionadas est\u00e1n disponibles en\u00a0<a class=\"external-link-new-window\" href=\"http:\/\/www.ris.bka.gv.at\/\" rel=\"noopener\">www.ris.bka.gv.at<\/a>)<\/p><p class=\"bodytext\"><b>Autoridad supervisora:<\/b>\u00a0Oficina de Licencias Comerciales de Graz<\/p>\t\t\t\t\t\t\t\t<\/div>\n\t\t\t\t<\/div>\n\t\t\t\t<div class=\"elementor-element elementor-element-d2805b0 elementor-widget elementor-widget-heading\" data-id=\"d2805b0\" data-element_type=\"widget\" data-widget_type=\"heading.default\">\n\t\t\t\t<div class=\"elementor-widget-container\">\n\t\t\t\t\t<h2 class=\"elementor-heading-title elementor-size-default\">En caso de facturar a Institut AllergoSan, por favor, utilice los siguientes datos:<\/h2>\t\t\t\t<\/div>\n\t\t\t\t<\/div>\n\t\t\t\t<div class=\"elementor-element elementor-element-1e39c21 elementor-widget elementor-widget-text-editor\" data-id=\"1e39c21\" data-element_type=\"widget\" data-widget_type=\"text-editor.default\">\n\t\t\t\t<div class=\"elementor-widget-container\">\n\t\t\t\t\t\t\t\t\t<p><strong>Institut AllergoSan Pharma GmbH<\/strong><br \/>Pharmazeutische Produkte Forschungs- und Vertriebs GmbH<br \/>Gmeinstra\u00dfe 13<br \/>A-8055 Graz<\/p><p><strong>N\u00famero de IVA:<\/strong> ATU63000558<\/p>\t\t\t\t\t\t\t\t<\/div>\n\t\t\t\t<\/div>\n\t\t\t\t<\/div>\n\t\t\t\t\t<\/div>\n\t\t\t\t<\/div>\n\t\t\t\t<\/div>\n\t\t","protected":false},"excerpt":{"rendered":"<p>Aviso legal Home Institut Allergosan Pharma GmbH Actividad de la empresa:\u00a0Investigaci\u00f3n, desarrollo, producci\u00f3n y comercializaci\u00f3n de productos para la salud y medicamentos N\u00famero de\u00a0IVA:\u00a0 ATU64528657 N\u00famero de registro\u00a0de la empresa:\u00a0FN 317527 b del Tribunal Regional de Graz (S.L. con sede en Graz) Directora General:\u00a0Prof. Anita Frauwallner Tribunal de registro mercantil:\u00a0Tribunal Regional de Asuntos de Derecho [&hellip;]<\/p>\n","protected":false},"author":8,"featured_media":0,"parent":0,"menu_order":0,"comment_status":"closed","ping_status":"closed","template":"","meta":{"_acf_changed":false,"inline_featured_image":false,"footnotes":""},"class_list":["post-17891","page","type-page","status-publish","hentry"],"acf":[],"_links":{"self":[{"href":"https:\/\/www.omni-biotic.com\/es-es\/wp-json\/wp\/v2\/pages\/17891","targetHints":{"allow":["GET"]}}],"collection":[{"href":"https:\/\/www.omni-biotic.com\/es-es\/wp-json\/wp\/v2\/pages"}],"about":[{"href":"https:\/\/www.omni-biotic.com\/es-es\/wp-json\/wp\/v2\/types\/page"}],"author":[{"embeddable":true,"href":"https:\/\/www.omni-biotic.com\/es-es\/wp-json\/wp\/v2\/users\/8"}],"replies":[{"embeddable":true,"href":"https:\/\/www.omni-biotic.com\/es-es\/wp-json\/wp\/v2\/comments?post=17891"}],"version-history":[{"count":7,"href":"https:\/\/www.omni-biotic.com\/es-es\/wp-json\/wp\/v2\/pages\/17891\/revisions"}],"predecessor-version":[{"id":26562,"href":"https:\/\/www.omni-biotic.com\/es-es\/wp-json\/wp\/v2\/pages\/17891\/revisions\/26562"}],"wp:attachment":[{"href":"https:\/\/www.omni-biotic.com\/es-es\/wp-json\/wp\/v2\/media?parent=17891"}],"curies":[{"name":"wp","href":"https:\/\/api.w.org\/{rel}","templated":true}]}}