{"id":22836,"date":"2024-04-22T08:16:49","date_gmt":"2024-04-22T06:16:49","guid":{"rendered":"https:\/\/www.omni-biotic.com\/es-es\/?page_id=22836"},"modified":"2024-04-22T08:22:14","modified_gmt":"2024-04-22T06:22:14","slug":"empleados-sociedad","status":"publish","type":"page","link":"https:\/\/www.omni-biotic.com\/es-es\/sostenibilidad\/empleados-sociedad\/","title":{"rendered":"Empleados y sociedad"},"content":{"rendered":"\t\t<div data-elementor-type=\"wp-page\" data-elementor-id=\"22836\" class=\"elementor elementor-22836\" data-elementor-post-type=\"page\">\n\t\t\t\t<div class=\"elementor-element elementor-element-86c38fb e-con-full obcs none e-flex e-con e-parent\" data-id=\"86c38fb\" data-element_type=\"container\" data-settings=\"{&quot;background_background&quot;:&quot;classic&quot;,&quot;shape_divider_bottom&quot;:&quot;waves&quot;}\">\n\t\t\t\t<div class=\"elementor-shape elementor-shape-bottom\" aria-hidden=\"true\" data-negative=\"false\">\n\t\t\t<svg xmlns=\"http:\/\/www.w3.org\/2000\/svg\" viewBox=\"0 0 1000 100\" preserveAspectRatio=\"none\">\n\t<path class=\"elementor-shape-fill\" d=\"M421.9,6.5c22.6-2.5,51.5,0.4,75.5,5.3c23.6,4.9,70.9,23.5,100.5,35.7c75.8,32.2,133.7,44.5,192.6,49.7\n\tc23.6,2.1,48.7,3.5,103.4-2.5c54.7-6,106.2-25.6,106.2-25.6V0H0v30.3c0,0,72,32.6,158.4,30.5c39.2-0.7,92.8-6.7,134-22.4\n\tc21.2-8.1,52.2-18.2,79.7-24.2C399.3,7.9,411.6,7.5,421.9,6.5z\"\/>\n<\/svg>\t\t<\/div>\n\t\t<div class=\"elementor-element elementor-element-c085803 e-con-full obcs none e-flex e-con e-child\" data-id=\"c085803\" data-element_type=\"container\" data-settings=\"{&quot;background_background&quot;:&quot;gradient&quot;}\">\n\t\t\t\t<div class=\"elementor-element elementor-element-18142eb elementor-widget elementor-widget-heading\" data-id=\"18142eb\" data-element_type=\"widget\" data-widget_type=\"heading.default\">\n\t\t\t\t<div class=\"elementor-widget-container\">\n\t\t\t\t\t<h1 class=\"elementor-heading-title elementor-size-default\">Empleados y sociedad<\/h1>\t\t\t\t<\/div>\n\t\t\t\t<\/div>\n\t\t\t\t<div class=\"elementor-element elementor-element-1f842b8 elementor-widget-divider--view-line elementor-widget elementor-widget-divider\" data-id=\"1f842b8\" data-element_type=\"widget\" data-widget_type=\"divider.default\">\n\t\t\t\t<div class=\"elementor-widget-container\">\n\t\t\t\t\t\t\t<div class=\"elementor-divider\">\n\t\t\t<span class=\"elementor-divider-separator\">\n\t\t\t\t\t\t<\/span>\n\t\t<\/div>\n\t\t\t\t\t\t<\/div>\n\t\t\t\t<\/div>\n\t\t\t\t<\/div>\n\t\t\t\t<\/div>\n\t\t<div class=\"elementor-element elementor-element-24bab9c obcs none e-flex e-con-boxed e-con e-parent\" data-id=\"24bab9c\" data-element_type=\"container\">\n\t\t\t\t\t<div class=\"e-con-inner\">\n\t\t<div class=\"elementor-element elementor-element-8995aee obcs none e-flex e-con-boxed e-con e-child\" data-id=\"8995aee\" data-element_type=\"container\">\n\t\t\t\t\t<div class=\"e-con-inner\">\n\t\t<div class=\"elementor-element elementor-element-d50acaf e-con-full obcs none e-flex e-con e-child\" data-id=\"d50acaf\" data-element_type=\"container\">\n\t\t\t\t<div class=\"elementor-element elementor-element-0adb7ea elementor-align-left elementor-widget__width-initial elementor-widget elementor-widget-breadcrumbs\" data-id=\"0adb7ea\" data-element_type=\"widget\" data-widget_type=\"breadcrumbs.default\">\n\t\t\t\t<div class=\"elementor-widget-container\">\n\t\t\t\t\t<span><span class=\"last\">Home<\/span><\/span>\t\t\t\t<\/div>\n\t\t\t\t<\/div>\n\t\t\t\t<\/div>\n\t\t\t\t\t<\/div>\n\t\t\t\t<\/div>\n\t\t\t\t\t<\/div>\n\t\t\t\t<\/div>\n\t\t<div class=\"elementor-element elementor-element-ac6d629 obcs none e-flex e-con-boxed e-con e-parent\" data-id=\"ac6d629\" data-element_type=\"container\">\n\t\t\t\t\t<div class=\"e-con-inner\">\n\t\t<div class=\"elementor-element elementor-element-7e8ce47 e-con-full obcs none e-flex e-con e-child\" data-id=\"7e8ce47\" data-element_type=\"container\" data-settings=\"{&quot;background_background&quot;:&quot;classic&quot;}\">\n\t\t\t\t<div class=\"elementor-element elementor-element-63889b6 elementor-widget elementor-widget-image\" data-id=\"63889b6\" data-element_type=\"widget\" data-widget_type=\"image.default\">\n\t\t\t\t<div class=\"elementor-widget-container\">\n\t\t\t\t\t\t\t\t\t\t\t\t\t\t\t<img fetchpriority=\"high\" decoding=\"async\" width=\"800\" height=\"714\" src=\"https:\/\/www.omni-biotic.com\/es-es\/wp-content\/uploads\/sites\/6\/2024\/04\/gesunderhaltung.svg\" class=\"attachment-large size-large wp-image-22800\" alt=\"empleados&amp;sociedad-Tres personas bajo la lupa\" title=\"\">\t\t\t\t\t\t\t\t\t\t\t\t\t\t\t<\/div>\n\t\t\t\t<\/div>\n\t\t\t\t<div class=\"elementor-element elementor-element-eb6bf7e elementor-widget elementor-widget-heading\" data-id=\"eb6bf7e\" data-element_type=\"widget\" data-widget_type=\"heading.default\">\n\t\t\t\t<div class=\"elementor-widget-container\">\n\t\t\t\t\t<div class=\"elementor-heading-title elementor-size-default\">Enfoque en el mantenimiento de la salud<\/div>\t\t\t\t<\/div>\n\t\t\t\t<\/div>\n\t\t\t\t<\/div>\n\t\t<div class=\"elementor-element elementor-element-7de0d5e e-con-full obcs none e-flex e-con e-child\" data-id=\"7de0d5e\" data-element_type=\"container\" data-settings=\"{&quot;background_background&quot;:&quot;classic&quot;}\">\n\t\t\t\t<div class=\"elementor-element elementor-element-409adfa elementor-widget elementor-widget-image\" data-id=\"409adfa\" data-element_type=\"widget\" data-widget_type=\"image.default\">\n\t\t\t\t<div class=\"elementor-widget-container\">\n\t\t\t\t\t\t\t\t\t\t\t\t\t\t\t<img decoding=\"async\" width=\"800\" height=\"734\" src=\"https:\/\/www.omni-biotic.com\/es-es\/wp-content\/uploads\/sites\/6\/2024\/04\/familienunternehmen.svg\" class=\"attachment-large size-large wp-image-22801\" alt=\"empleados&amp;sociedad. Una persona ayudando a otra\" title=\"\">\t\t\t\t\t\t\t\t\t\t\t\t\t\t\t<\/div>\n\t\t\t\t<\/div>\n\t\t\t\t<div class=\"elementor-element elementor-element-3c8f7e0 elementor-widget elementor-widget-heading\" data-id=\"3c8f7e0\" data-element_type=\"widget\" data-widget_type=\"heading.default\">\n\t\t\t\t<div class=\"elementor-widget-container\">\n\t\t\t\t\t<div class=\"elementor-heading-title elementor-size-default\">Empresa familiar donde el capital humano realmente cuenta<\/div>\t\t\t\t<\/div>\n\t\t\t\t<\/div>\n\t\t\t\t<\/div>\n\t\t<div class=\"elementor-element elementor-element-01e546f e-con-full obcs none e-flex e-con e-child\" data-id=\"01e546f\" data-element_type=\"container\" data-settings=\"{&quot;background_background&quot;:&quot;classic&quot;}\">\n\t\t\t\t<div class=\"elementor-element elementor-element-04d5ee7 elementor-widget elementor-widget-image\" data-id=\"04d5ee7\" data-element_type=\"widget\" data-widget_type=\"image.default\">\n\t\t\t\t<div class=\"elementor-widget-container\">\n\t\t\t\t\t\t\t\t\t\t\t\t\t\t\t<img decoding=\"async\" width=\"800\" height=\"808\" src=\"https:\/\/www.omni-biotic.com\/es-es\/wp-content\/uploads\/sites\/6\/2024\/04\/teamplay.svg\" class=\"attachment-large size-large wp-image-22802\" alt=\"empleados &amp; sociedad-cuatro manos unidas\" title=\"\">\t\t\t\t\t\t\t\t\t\t\t\t\t\t\t<\/div>\n\t\t\t\t<\/div>\n\t\t\t\t<div class=\"elementor-element elementor-element-62df02c elementor-widget elementor-widget-heading\" data-id=\"62df02c\" data-element_type=\"widget\" data-widget_type=\"heading.default\">\n\t\t\t\t<div class=\"elementor-widget-container\">\n\t\t\t\t\t<div class=\"elementor-heading-title elementor-size-default\">Aut\u00e9ntico trabajo en equipo<\/div>\t\t\t\t<\/div>\n\t\t\t\t<\/div>\n\t\t\t\t<\/div>\n\t\t\t\t\t<\/div>\n\t\t\t\t<\/div>\n\t\t<div class=\"elementor-element elementor-element-e988ec9 obcs none e-flex e-con-boxed e-con e-parent\" data-id=\"e988ec9\" data-element_type=\"container\">\n\t\t\t\t\t<div class=\"e-con-inner\">\n\t\t<div class=\"elementor-element elementor-element-5ea712e e-con-full obcs none e-flex e-con e-child\" data-id=\"5ea712e\" data-element_type=\"container\">\n\t\t\t\t<div class=\"elementor-element elementor-element-b1a8ec0 e-transform elementor-widget elementor-widget-image\" data-id=\"b1a8ec0\" data-element_type=\"widget\" data-settings=\"{&quot;_transform_rotateZ_effect&quot;:{&quot;unit&quot;:&quot;px&quot;,&quot;size&quot;:&quot;0&quot;,&quot;sizes&quot;:[]},&quot;_transform_rotate_3d&quot;:&quot;yes&quot;,&quot;_transform_rotateX_effect&quot;:{&quot;unit&quot;:&quot;px&quot;,&quot;size&quot;:&quot;0&quot;,&quot;sizes&quot;:[]},&quot;_transform_rotateY_effect&quot;:{&quot;unit&quot;:&quot;px&quot;,&quot;size&quot;:&quot;4&quot;,&quot;sizes&quot;:[]},&quot;_transform_perspective_effect&quot;:{&quot;unit&quot;:&quot;px&quot;,&quot;size&quot;:&quot;650&quot;,&quot;sizes&quot;:[]},&quot;_transform_rotateZ_effect_tablet&quot;:{&quot;unit&quot;:&quot;deg&quot;,&quot;size&quot;:&quot;&quot;,&quot;sizes&quot;:[]},&quot;_transform_rotateZ_effect_mobile&quot;:{&quot;unit&quot;:&quot;deg&quot;,&quot;size&quot;:&quot;&quot;,&quot;sizes&quot;:[]},&quot;_transform_rotateX_effect_tablet&quot;:{&quot;unit&quot;:&quot;deg&quot;,&quot;size&quot;:&quot;&quot;,&quot;sizes&quot;:[]},&quot;_transform_rotateX_effect_mobile&quot;:{&quot;unit&quot;:&quot;deg&quot;,&quot;size&quot;:&quot;&quot;,&quot;sizes&quot;:[]},&quot;_transform_rotateY_effect_tablet&quot;:{&quot;unit&quot;:&quot;deg&quot;,&quot;size&quot;:&quot;&quot;,&quot;sizes&quot;:[]},&quot;_transform_rotateY_effect_mobile&quot;:{&quot;unit&quot;:&quot;deg&quot;,&quot;size&quot;:&quot;&quot;,&quot;sizes&quot;:[]},&quot;_transform_perspective_effect_tablet&quot;:{&quot;unit&quot;:&quot;px&quot;,&quot;size&quot;:&quot;&quot;,&quot;sizes&quot;:[]},&quot;_transform_perspective_effect_mobile&quot;:{&quot;unit&quot;:&quot;px&quot;,&quot;size&quot;:&quot;&quot;,&quot;sizes&quot;:[]}}\" data-widget_type=\"image.default\">\n\t\t\t\t<div class=\"elementor-widget-container\">\n\t\t\t\t\t\t\t\t\t\t\t\t\t\t\t<img loading=\"lazy\" decoding=\"async\" width=\"800\" height=\"534\" src=\"https:\/\/www.omni-biotic.com\/es-es\/wp-content\/uploads\/sites\/6\/2024\/04\/allergosan-essen.webp\" class=\"attachment-large size-large wp-image-22803\" alt=\"\" srcset=\"https:\/\/www.omni-biotic.com\/es-es\/wp-content\/uploads\/sites\/6\/2024\/04\/allergosan-essen.webp 1000w, https:\/\/www.omni-biotic.com\/es-es\/wp-content\/uploads\/sites\/6\/2024\/04\/allergosan-essen-300x200.webp 300w, https:\/\/www.omni-biotic.com\/es-es\/wp-content\/uploads\/sites\/6\/2024\/04\/allergosan-essen-768x512.webp 768w\" sizes=\"(max-width: 800px) 100vw, 800px\" title=\"\">\t\t\t\t\t\t\t\t\t\t\t\t\t\t\t<\/div>\n\t\t\t\t<\/div>\n\t\t\t\t<\/div>\n\t\t<div class=\"elementor-element elementor-element-8be412c e-con-full obcs none e-flex e-con e-child\" data-id=\"8be412c\" data-element_type=\"container\">\n\t\t\t\t<div class=\"elementor-element elementor-element-c3c943f elementor-widget elementor-widget-heading\" data-id=\"c3c943f\" data-element_type=\"widget\" data-widget_type=\"heading.default\">\n\t\t\t\t<div class=\"elementor-widget-container\">\n\t\t\t\t\t<h2 class=\"elementor-heading-title elementor-size-default\">Empresa familiar<\/h2>\t\t\t\t<\/div>\n\t\t\t\t<\/div>\n\t\t\t\t<div class=\"elementor-element elementor-element-b7b561f elementor-widget elementor-widget-text-editor\" data-id=\"b7b561f\" data-element_type=\"widget\" data-widget_type=\"text-editor.default\">\n\t\t\t\t<div class=\"elementor-widget-container\">\n\t\t\t\t\t\t\t\t\t<p>Somos una empresa familiar en la que las <strong>personas<\/strong> cuentan y est\u00e1n en el <strong>centro de nuestro trabajo<\/strong>. Por eso creamos un entorno de trabajo que ayuda a cada uno a dar lo mejor de s\u00ed mismo: una <strong>estructura familiar<\/strong>, una <strong>interacci\u00f3n positiva<\/strong> y, por supuesto, una clara preocupaci\u00f3n por la <strong>salud de nuestros empleados<\/strong>.\u00a0<\/p><p>Dado que la columna vertebral de <span style=\"color: #993300\">Institut AllergoSan<\/span> son los que trabajan para y con nosotros, y por ello disponen de <strong>numerosas ventajas<\/strong>: desde <strong>programas deportivos<\/strong> regulares y <strong>refrescos diarios gratuitos<\/strong> en el bar de <strong><span style=\"color: #993300\">OMNi-BiOTiC<\/span><span style=\"color: #993300\">\u00ae<\/span><\/strong> hasta un <strong>producto mensual gratuito<\/strong> para la familia y, sobre todo, un trato amable y respetuoso con todos, d\u00eda tras d\u00eda.<\/p>\t\t\t\t\t\t\t\t<\/div>\n\t\t\t\t<\/div>\n\t\t\t\t<\/div>\n\t\t\t\t\t<\/div>\n\t\t\t\t<\/div>\n\t\t<div class=\"elementor-element elementor-element-fd2b717 obcs green e-flex e-con-boxed e-con e-parent\" data-id=\"fd2b717\" data-element_type=\"container\">\n\t\t\t\t\t<div class=\"e-con-inner\">\n\t\t<div class=\"elementor-element elementor-element-86bfab1 e-con-full obcs none e-flex e-con e-child\" data-id=\"86bfab1\" data-element_type=\"container\">\n\t\t\t\t<div class=\"elementor-element elementor-element-e242df3 elementor-widget elementor-widget-text-editor\" data-id=\"e242df3\" data-element_type=\"widget\" data-widget_type=\"text-editor.default\">\n\t\t\t\t<div class=\"elementor-widget-container\">\n\t\t\t\t\t\t\t\t\t<p>Valoramos la <strong>diversidad<\/strong> y el <strong>esp\u00edritu de equipo<\/strong>: empleados de m\u00e1s de 20 pa\u00edses, culturas, edades y especialidades diferentes trabajan juntos; al fin y al cabo, se trata del <strong>bienestar de todos<\/strong>. Por ello, la <strong>formaci\u00f3n continua<\/strong> para seguir el ritmo de los avances en investigaci\u00f3n y desarrollo de productos es algo natural para nuestros profesionales. A cambio, cada empleado recibe apoyo para <strong>desarrollar y aportar sus capacidades individuales<\/strong>.<\/p><p>Nuestro especial ambiente de trabajo incluye la <strong>libre organizaci\u00f3n del trabajo y el tiempo<\/strong>, incluida la opci\u00f3n de <strong>trabajar desde casa<\/strong>, adaptada a las circunstancias personales. Esto significa que cada empleado puede desarrollar todo su potencial con nosotros.<\/p>\t\t\t\t\t\t\t\t<\/div>\n\t\t\t\t<\/div>\n\t\t\t\t<\/div>\n\t\t\t\t\t<\/div>\n\t\t\t\t<\/div>\n\t\t<div class=\"elementor-element elementor-element-3a8bab2 obcs green e-flex e-con-boxed e-con e-parent\" data-id=\"3a8bab2\" data-element_type=\"container\">\n\t\t\t\t\t<div class=\"e-con-inner\">\n\t\t<div class=\"elementor-element elementor-element-8d8347f e-con-full obcs green e-flex e-con e-child\" data-id=\"8d8347f\" data-element_type=\"container\">\n\t\t\t\t<div class=\"elementor-element elementor-element-3c05f51 elementor-widget elementor-widget-heading\" data-id=\"3c05f51\" data-element_type=\"widget\" data-widget_type=\"heading.default\">\n\t\t\t\t<div class=\"elementor-widget-container\">\n\t\t\t\t\t<h2 class=\"elementor-heading-title elementor-size-default\">Actividades solidarias<\/h2>\t\t\t\t<\/div>\n\t\t\t\t<\/div>\n\t\t\t\t<div class=\"elementor-element elementor-element-ace82c3 elementor-widget elementor-widget-heading\" data-id=\"ace82c3\" data-element_type=\"widget\" data-widget_type=\"heading.default\">\n\t\t\t\t<div class=\"elementor-widget-container\">\n\t\t\t\t\t<span class=\"elementor-heading-title elementor-size-default\">Las personas siempre son protagonistas<\/span>\t\t\t\t<\/div>\n\t\t\t\t<\/div>\n\t\t\t\t<div class=\"elementor-element elementor-element-f0048cc elementor-widget elementor-widget-text-editor\" data-id=\"f0048cc\" data-element_type=\"widget\" data-widget_type=\"text-editor.default\">\n\t\t\t\t<div class=\"elementor-widget-container\">\n\t\t\t\t\t\t\t\t\t<p>La sostenibilidad y la responsabilidad no se limitan \u00fanicamente a las actividades diarias de Institut AllergoSan, sino que tambi\u00e9n apoyamos con la m\u00e1xima convicci\u00f3n toda una serie de <strong>proyectos ben\u00e9ficos<\/strong>, desde la construcci\u00f3n de <strong>pozos de agua potable<\/strong> en Malawi hasta la <strong>ayuda contra el c\u00e1ncer<\/strong> en Estiria y la protecci\u00f3n de los espacios naturales de D\u00fcrrenstein.&nbsp;<\/p><p>El instituto apoya, por ejemplo, a organizaciones como <strong>\u00abM\u00e9dicos sin fronteras\u00bb<\/strong> y se compromete con la <strong>protecci\u00f3n de la infancia<\/strong>, tanto en Austria como en los pa\u00edses africanos asolados por la pobreza.&nbsp;<\/p>\n<p>Una causa especialmente importante que encaja perfectamente con nuestra filosof\u00eda de sostenibilidad es la iniciativa <strong>\u00abBioBienenApfel\u00bb<\/strong>: con el apoyo de Institut AllergoSan, en los pr\u00f3ximos a\u00f1os se crear\u00e1n en Austria grandes extensiones de praderas de flores silvestres que proporcionar\u00e1n a estos importantes insectos un h\u00e1bitat ideal para su reproducci\u00f3n.<\/p>\t\t\t\t\t\t\t\t<\/div>\n\t\t\t\t<\/div>\n\t\t\t\t<\/div>\n\t\t<div class=\"elementor-element elementor-element-09bcf39 e-con-full obcs none e-flex e-con e-child\" data-id=\"09bcf39\" data-element_type=\"container\">\n\t\t\t\t<div class=\"elementor-element elementor-element-6d5dc23 e-transform elementor-widget elementor-widget-image\" data-id=\"6d5dc23\" data-element_type=\"widget\" data-settings=\"{&quot;_transform_rotateZ_effect&quot;:{&quot;unit&quot;:&quot;px&quot;,&quot;size&quot;:&quot;0&quot;,&quot;sizes&quot;:[]},&quot;_transform_rotate_3d&quot;:&quot;yes&quot;,&quot;_transform_rotateX_effect&quot;:{&quot;unit&quot;:&quot;px&quot;,&quot;size&quot;:&quot;0&quot;,&quot;sizes&quot;:[]},&quot;_transform_rotateY_effect&quot;:{&quot;unit&quot;:&quot;px&quot;,&quot;size&quot;:&quot;-4&quot;,&quot;sizes&quot;:[]},&quot;_transform_perspective_effect&quot;:{&quot;unit&quot;:&quot;px&quot;,&quot;size&quot;:&quot;650&quot;,&quot;sizes&quot;:[]},&quot;_transform_rotateZ_effect_tablet&quot;:{&quot;unit&quot;:&quot;deg&quot;,&quot;size&quot;:&quot;&quot;,&quot;sizes&quot;:[]},&quot;_transform_rotateZ_effect_mobile&quot;:{&quot;unit&quot;:&quot;deg&quot;,&quot;size&quot;:&quot;&quot;,&quot;sizes&quot;:[]},&quot;_transform_rotateX_effect_tablet&quot;:{&quot;unit&quot;:&quot;deg&quot;,&quot;size&quot;:&quot;&quot;,&quot;sizes&quot;:[]},&quot;_transform_rotateX_effect_mobile&quot;:{&quot;unit&quot;:&quot;deg&quot;,&quot;size&quot;:&quot;&quot;,&quot;sizes&quot;:[]},&quot;_transform_rotateY_effect_tablet&quot;:{&quot;unit&quot;:&quot;deg&quot;,&quot;size&quot;:&quot;&quot;,&quot;sizes&quot;:[]},&quot;_transform_rotateY_effect_mobile&quot;:{&quot;unit&quot;:&quot;deg&quot;,&quot;size&quot;:&quot;&quot;,&quot;sizes&quot;:[]},&quot;_transform_perspective_effect_tablet&quot;:{&quot;unit&quot;:&quot;px&quot;,&quot;size&quot;:&quot;&quot;,&quot;sizes&quot;:[]},&quot;_transform_perspective_effect_mobile&quot;:{&quot;unit&quot;:&quot;px&quot;,&quot;size&quot;:&quot;&quot;,&quot;sizes&quot;:[]}}\" data-widget_type=\"image.default\">\n\t\t\t\t<div class=\"elementor-widget-container\">\n\t\t\t\t\t\t\t\t\t\t\t\t\t\t\t<img loading=\"lazy\" decoding=\"async\" width=\"800\" height=\"1000\" src=\"https:\/\/www.omni-biotic.com\/es-es\/wp-content\/uploads\/sites\/6\/2024\/04\/Foto2__Conny_de_Beauclair_Osterreichischer_Kinderschutzpreis_2023_im_Palais_Lichtenstein_-_Conny_de_Be.webp\" class=\"attachment-large size-large wp-image-22804\" alt=\"\" srcset=\"https:\/\/www.omni-biotic.com\/es-es\/wp-content\/uploads\/sites\/6\/2024\/04\/Foto2__Conny_de_Beauclair_Osterreichischer_Kinderschutzpreis_2023_im_Palais_Lichtenstein_-_Conny_de_Be.webp 800w, https:\/\/www.omni-biotic.com\/es-es\/wp-content\/uploads\/sites\/6\/2024\/04\/Foto2__Conny_de_Beauclair_Osterreichischer_Kinderschutzpreis_2023_im_Palais_Lichtenstein_-_Conny_de_Be-240x300.webp 240w, https:\/\/www.omni-biotic.com\/es-es\/wp-content\/uploads\/sites\/6\/2024\/04\/Foto2__Conny_de_Beauclair_Osterreichischer_Kinderschutzpreis_2023_im_Palais_Lichtenstein_-_Conny_de_Be-768x960.webp 768w\" sizes=\"(max-width: 800px) 100vw, 800px\" title=\"\">\t\t\t\t\t\t\t\t\t\t\t\t\t\t\t<\/div>\n\t\t\t\t<\/div>\n\t\t\t\t<\/div>\n\t\t\t\t\t<\/div>\n\t\t\t\t<\/div>\n\t\t\t\t<\/div>\n\t\t","protected":false},"excerpt":{"rendered":"<p>Empleados y sociedad Home Enfoque en el mantenimiento de la salud Empresa familiar donde el capital humano realmente cuenta Aut\u00e9ntico trabajo en equipo Empresa familiar Somos una empresa familiar en la que las personas cuentan y est\u00e1n en el centro de nuestro trabajo. Por eso creamos un entorno de trabajo que ayuda a cada uno [&hellip;]<\/p>\n","protected":false},"author":32,"featured_media":22792,"parent":22831,"menu_order":0,"comment_status":"closed","ping_status":"closed","template":"","meta":{"_acf_changed":false,"inline_featured_image":false,"footnotes":""},"class_list":["post-22836","page","type-page","status-publish","has-post-thumbnail","hentry"],"acf":[],"_links":{"self":[{"href":"https:\/\/www.omni-biotic.com\/es-es\/wp-json\/wp\/v2\/pages\/22836","targetHints":{"allow":["GET"]}}],"collection":[{"href":"https:\/\/www.omni-biotic.com\/es-es\/wp-json\/wp\/v2\/pages"}],"about":[{"href":"https:\/\/www.omni-biotic.com\/es-es\/wp-json\/wp\/v2\/types\/page"}],"author":[{"embeddable":true,"href":"https:\/\/www.omni-biotic.com\/es-es\/wp-json\/wp\/v2\/users\/32"}],"replies":[{"embeddable":true,"href":"https:\/\/www.omni-biotic.com\/es-es\/wp-json\/wp\/v2\/comments?post=22836"}],"version-history":[{"count":8,"href":"https:\/\/www.omni-biotic.com\/es-es\/wp-json\/wp\/v2\/pages\/22836\/revisions"}],"predecessor-version":[{"id":23014,"href":"https:\/\/www.omni-biotic.com\/es-es\/wp-json\/wp\/v2\/pages\/22836\/revisions\/23014"}],"up":[{"embeddable":true,"href":"https:\/\/www.omni-biotic.com\/es-es\/wp-json\/wp\/v2\/pages\/22831"}],"wp:featuredmedia":[{"embeddable":true,"href":"https:\/\/www.omni-biotic.com\/es-es\/wp-json\/wp\/v2\/media\/22792"}],"wp:attachment":[{"href":"https:\/\/www.omni-biotic.com\/es-es\/wp-json\/wp\/v2\/media?parent=22836"}],"curies":[{"name":"wp","href":"https:\/\/api.w.org\/{rel}","templated":true}]}}