{"id":22852,"date":"2024-04-22T08:17:16","date_gmt":"2024-04-22T06:17:16","guid":{"rendered":"https:\/\/www.omni-biotic.com\/es-es\/?page_id=22852"},"modified":"2024-04-22T08:21:54","modified_gmt":"2024-04-22T06:21:54","slug":"sostenibilidad-economica","status":"publish","type":"page","link":"https:\/\/www.omni-biotic.com\/es-es\/sostenibilidad\/sostenibilidad-economica\/","title":{"rendered":"Sostenibilidad econ\u00f3mica"},"content":{"rendered":"\t\t<div data-elementor-type=\"wp-page\" data-elementor-id=\"22852\" class=\"elementor elementor-22852\" data-elementor-post-type=\"page\">\n\t\t\t\t<div class=\"elementor-element elementor-element-993db84 e-con-full obcs none e-flex e-con e-parent\" data-id=\"993db84\" data-element_type=\"container\" data-settings=\"{&quot;background_background&quot;:&quot;classic&quot;,&quot;shape_divider_bottom&quot;:&quot;waves&quot;}\">\n\t\t\t\t<div class=\"elementor-shape elementor-shape-bottom\" aria-hidden=\"true\" data-negative=\"false\">\n\t\t\t<svg xmlns=\"http:\/\/www.w3.org\/2000\/svg\" viewBox=\"0 0 1000 100\" preserveAspectRatio=\"none\">\n\t<path class=\"elementor-shape-fill\" d=\"M421.9,6.5c22.6-2.5,51.5,0.4,75.5,5.3c23.6,4.9,70.9,23.5,100.5,35.7c75.8,32.2,133.7,44.5,192.6,49.7\n\tc23.6,2.1,48.7,3.5,103.4-2.5c54.7-6,106.2-25.6,106.2-25.6V0H0v30.3c0,0,72,32.6,158.4,30.5c39.2-0.7,92.8-6.7,134-22.4\n\tc21.2-8.1,52.2-18.2,79.7-24.2C399.3,7.9,411.6,7.5,421.9,6.5z\"\/>\n<\/svg>\t\t<\/div>\n\t\t<div class=\"elementor-element elementor-element-521197e e-con-full obcs none e-flex e-con e-child\" data-id=\"521197e\" data-element_type=\"container\" data-settings=\"{&quot;background_background&quot;:&quot;gradient&quot;}\">\n\t\t\t\t<div class=\"elementor-element elementor-element-72a66d7 elementor-widget elementor-widget-heading\" data-id=\"72a66d7\" data-element_type=\"widget\" data-widget_type=\"heading.default\">\n\t\t\t\t<div class=\"elementor-widget-container\">\n\t\t\t\t\t<h1 class=\"elementor-heading-title elementor-size-default\">Sostenibilidad econ\u00f3mica<\/h1>\t\t\t\t<\/div>\n\t\t\t\t<\/div>\n\t\t\t\t<div class=\"elementor-element elementor-element-d20b91e elementor-widget-divider--view-line elementor-widget elementor-widget-divider\" data-id=\"d20b91e\" data-element_type=\"widget\" data-widget_type=\"divider.default\">\n\t\t\t\t<div class=\"elementor-widget-container\">\n\t\t\t\t\t\t\t<div class=\"elementor-divider\">\n\t\t\t<span class=\"elementor-divider-separator\">\n\t\t\t\t\t\t<\/span>\n\t\t<\/div>\n\t\t\t\t\t\t<\/div>\n\t\t\t\t<\/div>\n\t\t\t\t<\/div>\n\t\t\t\t<\/div>\n\t\t<div class=\"elementor-element elementor-element-eb00cc9 obcs none e-flex e-con-boxed e-con e-parent\" data-id=\"eb00cc9\" data-element_type=\"container\">\n\t\t\t\t\t<div class=\"e-con-inner\">\n\t\t<div class=\"elementor-element elementor-element-ddf6d68 obcs none e-flex e-con-boxed e-con e-child\" data-id=\"ddf6d68\" data-element_type=\"container\">\n\t\t\t\t\t<div class=\"e-con-inner\">\n\t\t<div class=\"elementor-element elementor-element-677fd4a e-con-full obcs none e-flex e-con e-child\" data-id=\"677fd4a\" data-element_type=\"container\">\n\t\t\t\t<div class=\"elementor-element elementor-element-c2ccc4f elementor-align-left elementor-widget__width-initial elementor-widget elementor-widget-breadcrumbs\" data-id=\"c2ccc4f\" data-element_type=\"widget\" data-widget_type=\"breadcrumbs.default\">\n\t\t\t\t<div class=\"elementor-widget-container\">\n\t\t\t\t\t<span><span class=\"last\">Home<\/span><\/span>\t\t\t\t<\/div>\n\t\t\t\t<\/div>\n\t\t\t\t<\/div>\n\t\t\t\t\t<\/div>\n\t\t\t\t<\/div>\n\t\t\t\t\t<\/div>\n\t\t\t\t<\/div>\n\t\t<div class=\"elementor-element elementor-element-afad376 obcs none e-flex e-con-boxed e-con e-parent\" data-id=\"afad376\" data-element_type=\"container\">\n\t\t\t\t\t<div class=\"e-con-inner\">\n\t\t<div class=\"elementor-element elementor-element-a181e9a e-con-full obcs none e-flex e-con e-child\" data-id=\"a181e9a\" data-element_type=\"container\" data-settings=\"{&quot;background_background&quot;:&quot;classic&quot;}\">\n\t\t\t\t<div class=\"elementor-element elementor-element-806ac11 elementor-widget elementor-widget-image\" data-id=\"806ac11\" data-element_type=\"widget\" data-widget_type=\"image.default\">\n\t\t\t\t<div class=\"elementor-widget-container\">\n\t\t\t\t\t\t\t\t\t\t\t\t\t\t\t<img fetchpriority=\"high\" decoding=\"async\" width=\"753\" height=\"1024\" src=\"https:\/\/www.omni-biotic.com\/es-es\/wp-content\/uploads\/sites\/6\/2024\/04\/wissenschaft.svg\" class=\"attachment-large size-large wp-image-22825\" alt=\"Sostenibilidad econ\u00f3mica. Certificado\" title=\"\">\t\t\t\t\t\t\t\t\t\t\t\t\t\t\t<\/div>\n\t\t\t\t<\/div>\n\t\t\t\t<div class=\"elementor-element elementor-element-3aa0be3 elementor-widget elementor-widget-heading\" data-id=\"3aa0be3\" data-element_type=\"widget\" data-widget_type=\"heading.default\">\n\t\t\t\t<div class=\"elementor-widget-container\">\n\t\t\t\t\t<div class=\"elementor-heading-title elementor-size-default\">M\u00e1ximos est\u00e1ndares de calidad<\/div>\t\t\t\t<\/div>\n\t\t\t\t<\/div>\n\t\t\t\t<\/div>\n\t\t<div class=\"elementor-element elementor-element-14283b5 e-con-full obcs none e-flex e-con e-child\" data-id=\"14283b5\" data-element_type=\"container\" data-settings=\"{&quot;background_background&quot;:&quot;classic&quot;}\">\n\t\t\t\t<div class=\"elementor-element elementor-element-697a008 elementor-widget elementor-widget-image\" data-id=\"697a008\" data-element_type=\"widget\" data-widget_type=\"image.default\">\n\t\t\t\t<div class=\"elementor-widget-container\">\n\t\t\t\t\t\t\t\t\t\t\t\t\t\t\t<img decoding=\"async\" width=\"800\" height=\"872\" src=\"https:\/\/www.omni-biotic.com\/es-es\/wp-content\/uploads\/sites\/6\/2024\/04\/forschung.svg\" class=\"attachment-large size-large wp-image-22826\" alt=\"Sostenibilidad econ\u00f3mica. Microsc\u00f3pio.\" title=\"\">\t\t\t\t\t\t\t\t\t\t\t\t\t\t\t<\/div>\n\t\t\t\t<\/div>\n\t\t\t\t<div class=\"elementor-element elementor-element-367f969 elementor-widget elementor-widget-heading\" data-id=\"367f969\" data-element_type=\"widget\" data-widget_type=\"heading.default\">\n\t\t\t\t<div class=\"elementor-widget-container\">\n\t\t\t\t\t<div class=\"elementor-heading-title elementor-size-default\">Cooperaci\u00f3n con prestigiosas instituciones<\/div>\t\t\t\t<\/div>\n\t\t\t\t<\/div>\n\t\t\t\t<\/div>\n\t\t<div class=\"elementor-element elementor-element-8bd2afa e-con-full obcs none e-flex e-con e-child\" data-id=\"8bd2afa\" data-element_type=\"container\" data-settings=\"{&quot;background_background&quot;:&quot;classic&quot;}\">\n\t\t\t\t<div class=\"elementor-element elementor-element-309c851 elementor-widget elementor-widget-image\" data-id=\"309c851\" data-element_type=\"widget\" data-widget_type=\"image.default\">\n\t\t\t\t<div class=\"elementor-widget-container\">\n\t\t\t\t\t\t\t\t\t\t\t\t\t\t\t<img decoding=\"async\" width=\"800\" height=\"856\" src=\"https:\/\/www.omni-biotic.com\/es-es\/wp-content\/uploads\/sites\/6\/2024\/04\/ressourcenverbrauch.svg\" class=\"attachment-large size-large wp-image-22827\" alt=\"Sostenibilidad econ\u00f3mica. Mano con una planta germinando.\" title=\"\">\t\t\t\t\t\t\t\t\t\t\t\t\t\t\t<\/div>\n\t\t\t\t<\/div>\n\t\t\t\t<div class=\"elementor-element elementor-element-0be9156 elementor-widget elementor-widget-heading\" data-id=\"0be9156\" data-element_type=\"widget\" data-widget_type=\"heading.default\">\n\t\t\t\t<div class=\"elementor-widget-container\">\n\t\t\t\t\t<div class=\"elementor-heading-title elementor-size-default\">Consumo controlado de recursos<\/div>\t\t\t\t<\/div>\n\t\t\t\t<\/div>\n\t\t\t\t<\/div>\n\t\t\t\t\t<\/div>\n\t\t\t\t<\/div>\n\t\t<div class=\"elementor-element elementor-element-d78990c obcs green e-flex e-con-boxed e-con e-parent\" data-id=\"d78990c\" data-element_type=\"container\">\n\t\t\t\t\t<div class=\"e-con-inner\">\n\t\t<div class=\"elementor-element elementor-element-e618cb1 e-con-full obcs none e-flex e-con e-child\" data-id=\"e618cb1\" data-element_type=\"container\">\n\t\t<div class=\"elementor-element elementor-element-635e20a obcs none e-flex e-con-boxed e-con e-child\" data-id=\"635e20a\" data-element_type=\"container\">\n\t\t\t\t\t<div class=\"e-con-inner\">\n\t\t<div class=\"elementor-element elementor-element-ffd37ef obcs none e-flex e-con-boxed e-con e-child\" data-id=\"ffd37ef\" data-element_type=\"container\">\n\t\t\t\t\t<div class=\"e-con-inner\">\n\t\t<div class=\"elementor-element elementor-element-675241f e-con-full obcs none e-flex e-con e-child\" data-id=\"675241f\" data-element_type=\"container\">\n\t\t\t\t<div class=\"elementor-element elementor-element-44cb6bb e-transform elementor-widget elementor-widget-image\" data-id=\"44cb6bb\" data-element_type=\"widget\" data-settings=\"{&quot;_transform_rotateZ_effect&quot;:{&quot;unit&quot;:&quot;px&quot;,&quot;size&quot;:&quot;0&quot;,&quot;sizes&quot;:[]},&quot;_transform_rotate_3d&quot;:&quot;yes&quot;,&quot;_transform_rotateX_effect&quot;:{&quot;unit&quot;:&quot;px&quot;,&quot;size&quot;:&quot;0&quot;,&quot;sizes&quot;:[]},&quot;_transform_rotateY_effect&quot;:{&quot;unit&quot;:&quot;px&quot;,&quot;size&quot;:&quot;4&quot;,&quot;sizes&quot;:[]},&quot;_transform_perspective_effect&quot;:{&quot;unit&quot;:&quot;px&quot;,&quot;size&quot;:&quot;650&quot;,&quot;sizes&quot;:[]},&quot;_transform_rotateZ_effect_tablet&quot;:{&quot;unit&quot;:&quot;deg&quot;,&quot;size&quot;:&quot;&quot;,&quot;sizes&quot;:[]},&quot;_transform_rotateZ_effect_mobile&quot;:{&quot;unit&quot;:&quot;deg&quot;,&quot;size&quot;:&quot;&quot;,&quot;sizes&quot;:[]},&quot;_transform_rotateX_effect_tablet&quot;:{&quot;unit&quot;:&quot;deg&quot;,&quot;size&quot;:&quot;&quot;,&quot;sizes&quot;:[]},&quot;_transform_rotateX_effect_mobile&quot;:{&quot;unit&quot;:&quot;deg&quot;,&quot;size&quot;:&quot;&quot;,&quot;sizes&quot;:[]},&quot;_transform_rotateY_effect_tablet&quot;:{&quot;unit&quot;:&quot;deg&quot;,&quot;size&quot;:&quot;&quot;,&quot;sizes&quot;:[]},&quot;_transform_rotateY_effect_mobile&quot;:{&quot;unit&quot;:&quot;deg&quot;,&quot;size&quot;:&quot;&quot;,&quot;sizes&quot;:[]},&quot;_transform_perspective_effect_tablet&quot;:{&quot;unit&quot;:&quot;px&quot;,&quot;size&quot;:&quot;&quot;,&quot;sizes&quot;:[]},&quot;_transform_perspective_effect_mobile&quot;:{&quot;unit&quot;:&quot;px&quot;,&quot;size&quot;:&quot;&quot;,&quot;sizes&quot;:[]}}\" data-widget_type=\"image.default\">\n\t\t\t\t<div class=\"elementor-widget-container\">\n\t\t\t\t\t\t\t\t\t\t\t\t\t\t\t<img loading=\"lazy\" decoding=\"async\" width=\"800\" height=\"800\" src=\"https:\/\/www.omni-biotic.com\/es-es\/wp-content\/uploads\/sites\/6\/2024\/04\/wirtschaftliche-nachhaltigkeit.jpg\" class=\"attachment-large size-large wp-image-22793\" alt=\"\" srcset=\"https:\/\/www.omni-biotic.com\/es-es\/wp-content\/uploads\/sites\/6\/2024\/04\/wirtschaftliche-nachhaltigkeit.jpg 1024w, https:\/\/www.omni-biotic.com\/es-es\/wp-content\/uploads\/sites\/6\/2024\/04\/wirtschaftliche-nachhaltigkeit-300x300.jpg 300w, https:\/\/www.omni-biotic.com\/es-es\/wp-content\/uploads\/sites\/6\/2024\/04\/wirtschaftliche-nachhaltigkeit-150x150.jpg 150w, https:\/\/www.omni-biotic.com\/es-es\/wp-content\/uploads\/sites\/6\/2024\/04\/wirtschaftliche-nachhaltigkeit-768x768.jpg 768w\" sizes=\"(max-width: 800px) 100vw, 800px\" title=\"\">\t\t\t\t\t\t\t\t\t\t\t\t\t\t\t<\/div>\n\t\t\t\t<\/div>\n\t\t\t\t<\/div>\n\t\t<div class=\"elementor-element elementor-element-9f6f3b7 e-con-full obcs none e-flex e-con e-child\" data-id=\"9f6f3b7\" data-element_type=\"container\">\n\t\t\t\t<div class=\"elementor-element elementor-element-65ca0f7 elementor-widget elementor-widget-heading\" data-id=\"65ca0f7\" data-element_type=\"widget\" data-widget_type=\"heading.default\">\n\t\t\t\t<div class=\"elementor-widget-container\">\n\t\t\t\t\t<h2 class=\"elementor-heading-title elementor-size-default\">Sostenibilidad econ\u00f3mica<\/h2>\t\t\t\t<\/div>\n\t\t\t\t<\/div>\n\t\t\t\t<div class=\"elementor-element elementor-element-2757e9b elementor-widget elementor-widget-text-editor\" data-id=\"2757e9b\" data-element_type=\"widget\" data-widget_type=\"text-editor.default\">\n\t\t\t\t<div class=\"elementor-widget-container\">\n\t\t\t\t\t\t\t\t\t<p>Institut AllergoSan pretende funcionar de la <strong>forma m\u00e1s sostenible posible<\/strong> desde el punto de vista econ\u00f3mico y, al mismo tiempo, crear <strong>puestos de trabajo seguros y atractivos<\/strong> para sus empleados. Los <strong>elevados est\u00e1ndares de calidad<\/strong> unidos a una labor de investigaci\u00f3n de primera l\u00ednea aseguran nuestro modelo de negocio a largo plazo y a trav\u00e9s de generaciones.<\/p>\n<p>Gracias a nuestra labor cient\u00edfica, no solo desempe\u00f1amos un papel decisivo en la configuraci\u00f3n de la medicina del siglo XXI, sino que tambi\u00e9n recibimos un <strong>alto grado de confianza<\/strong> en nuestros productos por parte de nuestros clientes, as\u00ed como tambi\u00e9n por parte de m\u00e9dicos y farmac\u00e9uticos.&nbsp;<\/p><p>No en vano, Institut AllergoSan est\u00e1 considerado un centro de excelencia mundialmente reconocido en la investigaci\u00f3n del microbioma y <strong>OMNi-BiOTiC\u00ae<\/strong> es ya la tercera marca de probi\u00f3ticos del mundo.&nbsp;<\/p>\n<p>Colaboramos constantemente con expertos y con reconocidas instituciones de investigaci\u00f3n de todo el mundo, como Charit\u00e9 de Berl\u00edn, el Hospital Universitario de Z\u00farich, el UKE de Hamburgo, el Hospital Universitario de Riad y la Universidad de California en San Diego.<\/p>\n<p><\/p>\t\t\t\t\t\t\t\t<\/div>\n\t\t\t\t<\/div>\n\t\t\t\t<\/div>\n\t\t\t\t\t<\/div>\n\t\t\t\t<\/div>\n\t\t\t\t\t<\/div>\n\t\t\t\t<\/div>\n\t\t\t\t<\/div>\n\t\t\t\t\t<\/div>\n\t\t\t\t<\/div>\n\t\t<div class=\"elementor-element elementor-element-4f190f5 obcs none e-flex e-con-boxed e-con e-parent\" data-id=\"4f190f5\" data-element_type=\"container\">\n\t\t\t\t\t<div class=\"e-con-inner\">\n\t\t\t\t<div class=\"elementor-element elementor-element-323f95b elementor-widget elementor-widget-infobox\" data-id=\"323f95b\" data-element_type=\"widget\" data-widget_type=\"infobox.default\">\n\t\t\t\t<div class=\"elementor-widget-container\">\n\t\t\t\t\t\n<div class=\"li-widgets--infobox blue\">\n\n    <div class=\"li-widgets--infobox__icon\">\n        <i aria-hidden=\"true\" class=\"fas fa-hand-holding-heart\"><\/i>    <\/div>\n    <div class=\"li-widgets--infobox__text\">\n            <\/div>\n    <div class=\"li-widgets--infobox__text-body\">\n        <p>Como ya pensamos hoy en el ma\u00f1ana, nos hemos fijado el <strong>objetivo<\/strong> de garantizar que <strong>nuestro consumo de energ\u00eda y recursos<\/strong> no crezca al mismo ritmo que la propia <strong>empresa<\/strong>, por lo que estamos creando una <strong>huella de carbono<\/strong> para nuestras actividades empresariales, que incluye una <strong>gesti\u00f3n transparente de los recursos<\/strong>. Esto tambi\u00e9n nos permite examinar detalladamente a qu\u00e9 \u00e1reas debemos prestar m\u00e1s atenci\u00f3n.<\/p>    <\/div>\n\n    \n<\/div>\n\t\t\t\t<\/div>\n\t\t\t\t<\/div>\n\t\t\t\t\t<\/div>\n\t\t\t\t<\/div>\n\t\t\t\t<\/div>\n\t\t","protected":false},"excerpt":{"rendered":"<p>Sostenibilidad econ\u00f3mica Home M\u00e1ximos est\u00e1ndares de calidad Cooperaci\u00f3n con prestigiosas instituciones Consumo controlado de recursos Sostenibilidad econ\u00f3mica Institut AllergoSan pretende funcionar de la forma m\u00e1s sostenible posible desde el punto de vista econ\u00f3mico y, al mismo tiempo, crear puestos de trabajo seguros y atractivos para sus empleados. Los elevados est\u00e1ndares de calidad unidos a una [&hellip;]<\/p>\n","protected":false},"author":32,"featured_media":22793,"parent":22831,"menu_order":0,"comment_status":"closed","ping_status":"closed","template":"","meta":{"_acf_changed":false,"inline_featured_image":false,"footnotes":""},"class_list":["post-22852","page","type-page","status-publish","has-post-thumbnail","hentry"],"acf":[],"_links":{"self":[{"href":"https:\/\/www.omni-biotic.com\/es-es\/wp-json\/wp\/v2\/pages\/22852","targetHints":{"allow":["GET"]}}],"collection":[{"href":"https:\/\/www.omni-biotic.com\/es-es\/wp-json\/wp\/v2\/pages"}],"about":[{"href":"https:\/\/www.omni-biotic.com\/es-es\/wp-json\/wp\/v2\/types\/page"}],"author":[{"embeddable":true,"href":"https:\/\/www.omni-biotic.com\/es-es\/wp-json\/wp\/v2\/users\/32"}],"replies":[{"embeddable":true,"href":"https:\/\/www.omni-biotic.com\/es-es\/wp-json\/wp\/v2\/comments?post=22852"}],"version-history":[{"count":7,"href":"https:\/\/www.omni-biotic.com\/es-es\/wp-json\/wp\/v2\/pages\/22852\/revisions"}],"predecessor-version":[{"id":22990,"href":"https:\/\/www.omni-biotic.com\/es-es\/wp-json\/wp\/v2\/pages\/22852\/revisions\/22990"}],"up":[{"embeddable":true,"href":"https:\/\/www.omni-biotic.com\/es-es\/wp-json\/wp\/v2\/pages\/22831"}],"wp:featuredmedia":[{"embeddable":true,"href":"https:\/\/www.omni-biotic.com\/es-es\/wp-json\/wp\/v2\/media\/22793"}],"wp:attachment":[{"href":"https:\/\/www.omni-biotic.com\/es-es\/wp-json\/wp\/v2\/media?parent=22852"}],"curies":[{"name":"wp","href":"https:\/\/api.w.org\/{rel}","templated":true}]}}