{"id":24226,"date":"2024-11-21T10:40:07","date_gmt":"2024-11-21T09:40:07","guid":{"rendered":"https:\/\/www.omni-biotic.com\/es-es\/?page_id=24226"},"modified":"2025-10-02T11:22:48","modified_gmt":"2025-10-02T09:22:48","slug":"nuestro-concepto-de-3-niveles-para-su-bienestar","status":"publish","type":"page","link":"https:\/\/www.omni-biotic.com\/es-es\/nuestro-concepto-de-3-niveles-para-su-bienestar\/","title":{"rendered":"Nuestro concepto en 3 niveles para tu bienestar"},"content":{"rendered":"\t\t<div data-elementor-type=\"wp-page\" data-elementor-id=\"24226\" class=\"elementor elementor-24226\" data-elementor-post-type=\"page\">\n\t\t\t\t<div class=\"elementor-element elementor-element-741ec10 e-con-full obcs none e-flex e-con e-parent\" data-id=\"741ec10\" data-element_type=\"container\" data-settings=\"{&quot;background_background&quot;:&quot;gradient&quot;,&quot;shape_divider_bottom&quot;:&quot;waves&quot;}\">\n\t\t\t\t<div class=\"elementor-shape elementor-shape-bottom\" aria-hidden=\"true\" data-negative=\"false\">\n\t\t\t<svg xmlns=\"http:\/\/www.w3.org\/2000\/svg\" viewBox=\"0 0 1000 100\" preserveAspectRatio=\"none\">\n\t<path class=\"elementor-shape-fill\" d=\"M421.9,6.5c22.6-2.5,51.5,0.4,75.5,5.3c23.6,4.9,70.9,23.5,100.5,35.7c75.8,32.2,133.7,44.5,192.6,49.7\n\tc23.6,2.1,48.7,3.5,103.4-2.5c54.7-6,106.2-25.6,106.2-25.6V0H0v30.3c0,0,72,32.6,158.4,30.5c39.2-0.7,92.8-6.7,134-22.4\n\tc21.2-8.1,52.2-18.2,79.7-24.2C399.3,7.9,411.6,7.5,421.9,6.5z\"\/>\n<\/svg>\t\t<\/div>\n\t\t\t\t<div class=\"elementor-element elementor-element-bfb94e6 elementor-absolute elementor-hidden-mobile elementor-align-center elementor-widget elementor-widget-lottie\" data-id=\"bfb94e6\" data-element_type=\"widget\" data-settings=\"{&quot;source_json&quot;:{&quot;url&quot;:&quot;https:\\\/\\\/www.omni-biotic.com\\\/es-es\\\/wp-content\\\/uploads\\\/sites\\\/6\\\/2022\\\/08\\\/lf30_editor_s5uwdgjh.json&quot;,&quot;id&quot;:&quot;7733&quot;,&quot;size&quot;:&quot;&quot;,&quot;alt&quot;:&quot;&quot;,&quot;source&quot;:&quot;library&quot;},&quot;loop&quot;:&quot;yes&quot;,&quot;play_speed&quot;:{&quot;unit&quot;:&quot;px&quot;,&quot;size&quot;:&quot;0.3&quot;,&quot;sizes&quot;:[]},&quot;_position&quot;:&quot;absolute&quot;,&quot;source&quot;:&quot;media_file&quot;,&quot;caption_source&quot;:&quot;none&quot;,&quot;link_to&quot;:&quot;none&quot;,&quot;trigger&quot;:&quot;arriving_to_viewport&quot;,&quot;viewport&quot;:{&quot;unit&quot;:&quot;%&quot;,&quot;size&quot;:&quot;&quot;,&quot;sizes&quot;:{&quot;start&quot;:0,&quot;end&quot;:100}},&quot;start_point&quot;:{&quot;unit&quot;:&quot;%&quot;,&quot;size&quot;:0,&quot;sizes&quot;:[]},&quot;end_point&quot;:{&quot;unit&quot;:&quot;%&quot;,&quot;size&quot;:100,&quot;sizes&quot;:[]},&quot;renderer&quot;:&quot;svg&quot;}\" data-widget_type=\"lottie.default\">\n\t\t\t\t<div class=\"elementor-widget-container\">\n\t\t\t\t\t<div class=\"e-lottie__container\"><div class=\"e-lottie__animation\"><\/div><\/div>\t\t\t\t<\/div>\n\t\t\t\t<\/div>\n\t\t<div class=\"elementor-element elementor-element-9750a2b e-con-full obcs none e-flex e-con e-child\" data-id=\"9750a2b\" data-element_type=\"container\" data-settings=\"{&quot;background_background&quot;:&quot;gradient&quot;}\">\n\t\t\t\t<div class=\"elementor-element elementor-element-832cf55 elementor-widget elementor-widget-heading\" data-id=\"832cf55\" data-element_type=\"widget\" data-widget_type=\"heading.default\">\n\t\t\t\t<div class=\"elementor-widget-container\">\n\t\t\t\t\t<h1 class=\"elementor-heading-title elementor-size-default\">Nuestro concepto en 3 niveles para tu bienestar<\/h1>\t\t\t\t<\/div>\n\t\t\t\t<\/div>\n\t\t\t\t<div class=\"elementor-element elementor-element-511bfa8 elementor-widget-divider--view-line elementor-widget elementor-widget-divider\" data-id=\"511bfa8\" data-element_type=\"widget\" data-widget_type=\"divider.default\">\n\t\t\t\t<div class=\"elementor-widget-container\">\n\t\t\t\t\t\t\t<div class=\"elementor-divider\">\n\t\t\t<span class=\"elementor-divider-separator\">\n\t\t\t\t\t\t<\/span>\n\t\t<\/div>\n\t\t\t\t\t\t<\/div>\n\t\t\t\t<\/div>\n\t\t\t\t<div class=\"elementor-element elementor-element-13a0478 elementor-widget elementor-widget-text-editor\" data-id=\"13a0478\" data-element_type=\"widget\" data-widget_type=\"text-editor.default\">\n\t\t\t\t<div class=\"elementor-widget-container\">\n\t\t\t\t\t\t\t\t\t<p>En el Instituto AllergoSan, te proponemos un <strong>enfoque en tres niveles<\/strong> que combina <strong>bacterias intestinales de alta calidad, fibra diet\u00e9tica espec\u00edfica<\/strong>\u00a0y nutrientes esenciales (<strong>vitaminas, minerales y oligoelementos<\/strong>).\u00a0<span style=\"background-color: transparent\">Este equilibrio es la base que tu cuerpo necesita para que todas sus funciones trabajen de la mejor manera posible.<\/span><\/p>\t\t\t\t\t\t\t\t<\/div>\n\t\t\t\t<\/div>\n\t\t\t\t<\/div>\n\t\t\t\t<\/div>\n\t\t<div class=\"elementor-element elementor-element-bd463b6 obcs none e-flex e-con-boxed e-con e-parent\" data-id=\"bd463b6\" data-element_type=\"container\">\n\t\t\t\t\t<div class=\"e-con-inner\">\n\t\t<div class=\"elementor-element elementor-element-d675a4e obcs none e-flex e-con-boxed e-con e-child\" data-id=\"d675a4e\" data-element_type=\"container\">\n\t\t\t\t\t<div class=\"e-con-inner\">\n\t\t<div class=\"elementor-element elementor-element-d2a4e37 e-con-full obcs none e-flex e-con e-child\" data-id=\"d2a4e37\" data-element_type=\"container\">\n\t\t\t\t<div class=\"elementor-element elementor-element-8c22e91 elementor-align-left elementor-widget__width-initial elementor-widget elementor-widget-breadcrumbs\" data-id=\"8c22e91\" data-element_type=\"widget\" data-widget_type=\"breadcrumbs.default\">\n\t\t\t\t<div class=\"elementor-widget-container\">\n\t\t\t\t\t<span><span class=\"last\">Home<\/span><\/span>\t\t\t\t<\/div>\n\t\t\t\t<\/div>\n\t\t\t\t<\/div>\n\t\t<div class=\"elementor-element elementor-element-d55f9d1 e-con-full obcs none e-flex e-con e-child\" data-id=\"d55f9d1\" data-element_type=\"container\">\n\t\t\t\t<div class=\"elementor-element elementor-element-1a261c8 elementor-toc--minimized-on-desktop elementor-widget elementor-widget-table-of-contents\" data-id=\"1a261c8\" data-element_type=\"widget\" data-settings=\"{&quot;exclude_headings_by_selector&quot;:[],&quot;minimized_on&quot;:&quot;desktop&quot;,&quot;_animation&quot;:&quot;none&quot;,&quot;no_headings_message&quot;:&quot;No headings were found on this page.&quot;,&quot;headings_by_tags&quot;:[&quot;h2&quot;,&quot;h3&quot;,&quot;h4&quot;,&quot;h5&quot;,&quot;h6&quot;],&quot;marker_view&quot;:&quot;numbers&quot;,&quot;minimize_box&quot;:&quot;yes&quot;,&quot;hierarchical_view&quot;:&quot;yes&quot;,&quot;min_height&quot;:{&quot;unit&quot;:&quot;px&quot;,&quot;size&quot;:&quot;&quot;,&quot;sizes&quot;:[]},&quot;min_height_tablet&quot;:{&quot;unit&quot;:&quot;px&quot;,&quot;size&quot;:&quot;&quot;,&quot;sizes&quot;:[]},&quot;min_height_mobile&quot;:{&quot;unit&quot;:&quot;px&quot;,&quot;size&quot;:&quot;&quot;,&quot;sizes&quot;:[]}}\" data-widget_type=\"table-of-contents.default\">\n\t\t\t\t<div class=\"elementor-widget-container\">\n\t\t\t\t\t\t\t\t\t<div class=\"elementor-toc__header\">\n\t\t\t\t\t\t<h4 class=\"elementor-toc__header-title\">\n\t\t\t\t\u00cdndice\t\t\t<\/h4>\n\t\t\t\t\t\t\t\t\t\t<div class=\"elementor-toc__toggle-button elementor-toc__toggle-button--expand\" role=\"button\" tabindex=\"0\" aria-controls=\"elementor-toc__1a261c8\" aria-expanded=\"true\" aria-label=\"Abrir la tabla de contenidos\"><i aria-hidden=\"true\" class=\"fas fa-chevron-down\"><\/i><\/div>\n\t\t\t\t<div class=\"elementor-toc__toggle-button elementor-toc__toggle-button--collapse\" role=\"button\" tabindex=\"0\" aria-controls=\"elementor-toc__1a261c8\" aria-expanded=\"true\" aria-label=\"Cerrar la tabla de contenidos\"><i aria-hidden=\"true\" class=\"fas fa-chevron-up\"><\/i><\/div>\n\t\t\t\t\t<\/div>\n\t\t\t\t<div id=\"elementor-toc__1a261c8\" class=\"elementor-toc__body\">\n\t\t\t<div class=\"elementor-toc__spinner-container\">\n\t\t\t\t<i class=\"elementor-toc__spinner eicon-animation-spin eicon-loading\" aria-hidden=\"true\"><\/i>\t\t\t<\/div>\n\t\t<\/div>\n\t\t\t\t\t\t<\/div>\n\t\t\t\t<\/div>\n\t\t\t\t<\/div>\n\t\t\t\t\t<\/div>\n\t\t\t\t<\/div>\n\t\t\t\t\t<\/div>\n\t\t\t\t<\/div>\n\t\t<div class=\"elementor-element elementor-element-bba72ba obcs none e-flex e-con-boxed e-con e-parent\" data-id=\"bba72ba\" data-element_type=\"container\">\n\t\t\t\t\t<div class=\"e-con-inner\">\n\t\t<div class=\"elementor-element elementor-element-3fe69be e-con-full obcs none e-flex e-con e-child\" data-id=\"3fe69be\" data-element_type=\"container\">\n\t\t\t\t<div class=\"elementor-element elementor-element-54e52fa elementor-widget elementor-widget-text-editor\" data-id=\"54e52fa\" data-element_type=\"widget\" data-widget_type=\"text-editor.default\">\n\t\t\t\t<div class=\"elementor-widget-container\">\n\t\t\t\t\t\t\t\t\t<p>El <strong data-start=\"254\" data-end=\"279\">microbioma intestinal<\/strong> desempe\u00f1a un papel clave en la absorci\u00f3n y aprovechamiento de las <strong data-start=\"346\" data-end=\"387\">vitaminas, minerales y oligoelementos<\/strong> que obtenemos a trav\u00e9s de la alimentaci\u00f3n. Las<strong>\u00a0<a href=\"https:\/\/www.omni-biotic.com\/es-es\/salud-intestinal\/el-intestino-como-centro-de-la-salud\/bacterias-intestinales\/\">bacterias intestinales<\/a> hacen que estos nutrientes est\u00e9n disponibles para nuestras c\u00e9lulas, convirti\u00e9ndose as\u00ed en la base de nuestra salud y bienestar.<\/strong> Para que este proceso funcione correctamente, es fundamental contar con una <strong data-start=\"676\" data-end=\"703\">barrera intestinal sana<\/strong>, que act\u00fae como protecci\u00f3n entre el contenido del intestino y nuestro organismo, incluyendo vasos sangu\u00edneos y nervios. Por eso, nuestros expertos recomiendan cuidar este sistema tan importante con <a href=\"https:\/\/www.omni-biotic.com\/es-es\/productos\/omni-biotic\/\"><strong>bacterias intestinales de alta calidad<\/strong><\/a>, <a href=\"https:\/\/www.omni-biotic.com\/es-es\/productos\/omni-logic\/\"><strong>fibra espec\u00edficas <\/strong><\/a>y <a href=\"https:\/\/www.omni-biotic.com\/es-es\/productos\/meta-care\/\"><strong>nutrientes esenciales<\/strong><\/a>.<\/p>\t\t\t\t\t\t\t\t<\/div>\n\t\t\t\t<\/div>\n\t\t\t\t<\/div>\n\t\t\t\t\t<\/div>\n\t\t\t\t<\/div>\n\t\t<div class=\"elementor-element elementor-element-028dbc1 obcs none e-flex e-con-boxed e-con e-parent\" data-id=\"028dbc1\" data-element_type=\"container\">\n\t\t\t\t\t<div class=\"e-con-inner\">\n\t\t<div class=\"elementor-element elementor-element-b27ed5d e-con-full obcs none e-flex elementor-invisible e-con e-child\" data-id=\"b27ed5d\" data-element_type=\"container\" data-settings=\"{&quot;animation&quot;:&quot;bounceInLeft&quot;}\">\n\t\t<div class=\"elementor-element elementor-element-89c45c7 obcs none e-flex e-con-boxed e-con e-child\" data-id=\"89c45c7\" data-element_type=\"container\">\n\t\t\t\t\t<div class=\"e-con-inner\">\n\t\t\t\t<div class=\"elementor-element elementor-element-c72ae9f elementor-widget elementor-widget-heading\" data-id=\"c72ae9f\" data-element_type=\"widget\" data-widget_type=\"heading.default\">\n\t\t\t\t<div class=\"elementor-widget-container\">\n\t\t\t\t\t<p class=\"elementor-heading-title elementor-size-default\">Intestino sano<\/p>\t\t\t\t<\/div>\n\t\t\t\t<\/div>\n\t\t\t\t\t<\/div>\n\t\t\t\t<\/div>\n\t\t\t\t<div class=\"elementor-element elementor-element-2ec12cc elementor-widget elementor-widget-image\" data-id=\"2ec12cc\" data-element_type=\"widget\" data-widget_type=\"image.default\">\n\t\t\t\t<div class=\"elementor-widget-container\">\n\t\t\t\t\t\t\t\t\t\t\t\t\t\t\t<img fetchpriority=\"high\" decoding=\"async\" width=\"800\" height=\"719\" src=\"https:\/\/www.omni-biotic.com\/es-es\/wp-content\/uploads\/sites\/6\/2024\/11\/Gesunder_Darm_3-Schichten-1024x920.jpg\" class=\"attachment-large size-large wp-image-24227\" alt=\"\" srcset=\"https:\/\/www.omni-biotic.com\/es-es\/wp-content\/uploads\/sites\/6\/2024\/11\/Gesunder_Darm_3-Schichten-1024x920.jpg 1024w, https:\/\/www.omni-biotic.com\/es-es\/wp-content\/uploads\/sites\/6\/2024\/11\/Gesunder_Darm_3-Schichten-300x270.jpg 300w, https:\/\/www.omni-biotic.com\/es-es\/wp-content\/uploads\/sites\/6\/2024\/11\/Gesunder_Darm_3-Schichten-768x690.jpg 768w, https:\/\/www.omni-biotic.com\/es-es\/wp-content\/uploads\/sites\/6\/2024\/11\/Gesunder_Darm_3-Schichten.jpg 1200w\" sizes=\"(max-width: 800px) 100vw, 800px\" title=\"\">\t\t\t\t\t\t\t\t\t\t\t\t\t\t\t<\/div>\n\t\t\t\t<\/div>\n\t\t\t\t<\/div>\n\t\t<div class=\"elementor-element elementor-element-f782a63 e-con-full obcs none e-flex e-con e-child\" data-id=\"f782a63\" data-element_type=\"container\">\n\t\t\t\t<div class=\"elementor-element elementor-element-6233037 elementor-widget elementor-widget-text-editor\" data-id=\"6233037\" data-element_type=\"widget\" data-widget_type=\"text-editor.default\">\n\t\t\t\t<div class=\"elementor-widget-container\">\n\t\t\t\t\t\t\t\t\t<p>VS<\/p>\t\t\t\t\t\t\t\t<\/div>\n\t\t\t\t<\/div>\n\t\t\t\t<\/div>\n\t\t<div class=\"elementor-element elementor-element-583a9f9 e-con-full obcs none e-flex elementor-invisible e-con e-child\" data-id=\"583a9f9\" data-element_type=\"container\" data-settings=\"{&quot;animation&quot;:&quot;bounceInRight&quot;}\">\n\t\t<div class=\"elementor-element elementor-element-589ab8c obcs none e-flex e-con-boxed e-con e-child\" data-id=\"589ab8c\" data-element_type=\"container\">\n\t\t\t\t\t<div class=\"e-con-inner\">\n\t\t\t\t<div class=\"elementor-element elementor-element-95e63f2 elementor-widget elementor-widget-heading\" data-id=\"95e63f2\" data-element_type=\"widget\" data-widget_type=\"heading.default\">\n\t\t\t\t<div class=\"elementor-widget-container\">\n\t\t\t\t\t<p class=\"elementor-heading-title elementor-size-default\">Intestino da\u00f1ado<\/p>\t\t\t\t<\/div>\n\t\t\t\t<\/div>\n\t\t\t\t\t<\/div>\n\t\t\t\t<\/div>\n\t\t\t\t<div class=\"elementor-element elementor-element-95a01ab elementor-widget elementor-widget-image\" data-id=\"95a01ab\" data-element_type=\"widget\" data-widget_type=\"image.default\">\n\t\t\t\t<div class=\"elementor-widget-container\">\n\t\t\t\t\t\t\t\t\t\t\t\t\t\t\t<img decoding=\"async\" width=\"800\" height=\"719\" src=\"https:\/\/www.omni-biotic.com\/es-es\/wp-content\/uploads\/sites\/6\/2024\/11\/Kranker_Darm_3-Schichten-1024x920.jpg\" class=\"attachment-large size-large wp-image-24228\" alt=\"\" srcset=\"https:\/\/www.omni-biotic.com\/es-es\/wp-content\/uploads\/sites\/6\/2024\/11\/Kranker_Darm_3-Schichten-1024x920.jpg 1024w, https:\/\/www.omni-biotic.com\/es-es\/wp-content\/uploads\/sites\/6\/2024\/11\/Kranker_Darm_3-Schichten-300x270.jpg 300w, https:\/\/www.omni-biotic.com\/es-es\/wp-content\/uploads\/sites\/6\/2024\/11\/Kranker_Darm_3-Schichten-768x690.jpg 768w, https:\/\/www.omni-biotic.com\/es-es\/wp-content\/uploads\/sites\/6\/2024\/11\/Kranker_Darm_3-Schichten.jpg 1200w\" sizes=\"(max-width: 800px) 100vw, 800px\" title=\"\">\t\t\t\t\t\t\t\t\t\t\t\t\t\t\t<\/div>\n\t\t\t\t<\/div>\n\t\t\t\t<\/div>\n\t\t\t\t\t<\/div>\n\t\t\t\t<\/div>\n\t\t<div class=\"elementor-element elementor-element-2424230 obcs none e-flex e-con-boxed e-con e-parent\" data-id=\"2424230\" data-element_type=\"container\">\n\t\t\t\t\t<div class=\"e-con-inner\">\n\t\t<div class=\"elementor-element elementor-element-cbe6b9e e-con-full obcs none e-flex e-con e-child\" data-id=\"cbe6b9e\" data-element_type=\"container\">\n\t\t<div class=\"elementor-element elementor-element-cb801ed e-con-full obcs none e-flex e-con e-child\" data-id=\"cb801ed\" data-element_type=\"container\">\n\t\t\t\t<div class=\"elementor-element elementor-element-f328b9e elementor-widget elementor-widget-image\" data-id=\"f328b9e\" data-element_type=\"widget\" data-widget_type=\"image.default\">\n\t\t\t\t<div class=\"elementor-widget-container\">\n\t\t\t\t\t\t\t\t\t\t\t\t\t\t\t<img decoding=\"async\" width=\"150\" height=\"150\" src=\"https:\/\/www.omni-biotic.com\/es-es\/wp-content\/uploads\/sites\/6\/2024\/11\/omni-biotic-150x150.png\" class=\"attachment-thumbnail size-thumbnail wp-image-24229\" alt=\"\" srcset=\"https:\/\/www.omni-biotic.com\/es-es\/wp-content\/uploads\/sites\/6\/2024\/11\/omni-biotic-150x150.png 150w, https:\/\/www.omni-biotic.com\/es-es\/wp-content\/uploads\/sites\/6\/2024\/11\/omni-biotic-300x300.png 300w, https:\/\/www.omni-biotic.com\/es-es\/wp-content\/uploads\/sites\/6\/2024\/11\/omni-biotic-768x768.png 768w, https:\/\/www.omni-biotic.com\/es-es\/wp-content\/uploads\/sites\/6\/2024\/11\/omni-biotic.png 1024w\" sizes=\"(max-width: 150px) 100vw, 150px\" title=\"\">\t\t\t\t\t\t\t\t\t\t\t\t\t\t\t<\/div>\n\t\t\t\t<\/div>\n\t\t\t\t<div class=\"elementor-element elementor-element-cf7edbe elementor-widget elementor-widget-heading\" data-id=\"cf7edbe\" data-element_type=\"widget\" data-widget_type=\"heading.default\">\n\t\t\t\t<div class=\"elementor-widget-container\">\n\t\t\t\t\t<h2 class=\"elementor-heading-title elementor-size-default\">Nivel 1: <br>Bacterias intestinales de alta calidad<\/h2>\t\t\t\t<\/div>\n\t\t\t\t<\/div>\n\t\t\t\t<div class=\"elementor-element elementor-element-87addd7 elementor-widget elementor-widget-text-editor\" data-id=\"87addd7\" data-element_type=\"widget\" data-widget_type=\"text-editor.default\">\n\t\t\t\t<div class=\"elementor-widget-container\">\n\t\t\t\t\t\t\t\t\t<p>Cada producto <strong data-start=\"237\" data-end=\"253\">OMNi-BiOTiC\u00ae<\/strong> contiene <strong data-start=\"263\" data-end=\"340\">bacterias intestinales cuidadosamente seleccionadas y combinadas entre s\u00ed<\/strong>, que cumplen distintas funciones y ayudan a mantener el equilibrio intestinal.<\/p>\t\t\t\t\t\t\t\t<\/div>\n\t\t\t\t<\/div>\n\t\t\t\t<div class=\"elementor-element elementor-element-1f852ca elementor-align-center elementor-widget elementor-widget-button\" data-id=\"1f852ca\" data-element_type=\"widget\" data-widget_type=\"button.default\">\n\t\t\t\t<div class=\"elementor-widget-container\">\n\t\t\t\t\t\t\t\t\t<div class=\"elementor-button-wrapper\">\n\t\t\t\t\t<a class=\"elementor-button elementor-button-link elementor-size-lg\" href=\"https:\/\/shop.omni-biotic.com\/es-es\/collections\/omni-biotic\">\n\t\t\t\t\t\t<span class=\"elementor-button-content-wrapper\">\n\t\t\t\t\t\t\t\t\t<span class=\"elementor-button-text\">M\u00e1s informaci\u00f3n<\/span>\n\t\t\t\t\t<\/span>\n\t\t\t\t\t<\/a>\n\t\t\t\t<\/div>\n\t\t\t\t\t\t\t\t<\/div>\n\t\t\t\t<\/div>\n\t\t\t\t<\/div>\n\t\t<div class=\"elementor-element elementor-element-677bc5f e-con-full obcs none e-flex e-con e-child\" data-id=\"677bc5f\" data-element_type=\"container\">\n\t\t\t\t<div class=\"elementor-element elementor-element-4efcd66 elementor-widget elementor-widget-image\" data-id=\"4efcd66\" data-element_type=\"widget\" data-widget_type=\"image.default\">\n\t\t\t\t<div class=\"elementor-widget-container\">\n\t\t\t\t\t\t\t\t\t\t\t\t\t\t\t<img loading=\"lazy\" decoding=\"async\" width=\"150\" height=\"150\" src=\"https:\/\/www.omni-biotic.com\/es-es\/wp-content\/uploads\/sites\/6\/2024\/11\/omni-logic-150x150.png\" class=\"attachment-thumbnail size-thumbnail wp-image-24230\" alt=\"\" srcset=\"https:\/\/www.omni-biotic.com\/es-es\/wp-content\/uploads\/sites\/6\/2024\/11\/omni-logic-150x150.png 150w, https:\/\/www.omni-biotic.com\/es-es\/wp-content\/uploads\/sites\/6\/2024\/11\/omni-logic-300x300.png 300w, https:\/\/www.omni-biotic.com\/es-es\/wp-content\/uploads\/sites\/6\/2024\/11\/omni-logic-768x768.png 768w, https:\/\/www.omni-biotic.com\/es-es\/wp-content\/uploads\/sites\/6\/2024\/11\/omni-logic.png 1024w\" sizes=\"(max-width: 150px) 100vw, 150px\" title=\"\">\t\t\t\t\t\t\t\t\t\t\t\t\t\t\t<\/div>\n\t\t\t\t<\/div>\n\t\t\t\t<div class=\"elementor-element elementor-element-0ab8764 elementor-widget elementor-widget-heading\" data-id=\"0ab8764\" data-element_type=\"widget\" data-widget_type=\"heading.default\">\n\t\t\t\t<div class=\"elementor-widget-container\">\n\t\t\t\t\t<h2 class=\"elementor-heading-title elementor-size-default\">Nivel 2: <br>Fibra diet\u00e9tica espec\u00edfica<\/h2>\t\t\t\t<\/div>\n\t\t\t\t<\/div>\n\t\t\t\t<div class=\"elementor-element elementor-element-58fb3c3 elementor-widget elementor-widget-text-editor\" data-id=\"58fb3c3\" data-element_type=\"widget\" data-widget_type=\"text-editor.default\">\n\t\t\t\t<div class=\"elementor-widget-container\">\n\t\t\t\t\t\t\t\t\t<p>Cada envase de <strong data-start=\"486\" data-end=\"501\">OMNi-LOGiC\u00ae<\/strong> aporta <strong data-start=\"509\" data-end=\"531\">fibras espec\u00edficas<\/strong> que sirven de alimento a las bacterias beneficiosas del organismo. Estas fibras no pueden ingerirse de forma directa, pero son imprescindibles para que la microbiota intestinal est\u00e9 bien nutrida.<\/p>\t\t\t\t\t\t\t\t<\/div>\n\t\t\t\t<\/div>\n\t\t\t\t<div class=\"elementor-element elementor-element-bfc859d elementor-align-center elementor-widget elementor-widget-button\" data-id=\"bfc859d\" data-element_type=\"widget\" data-widget_type=\"button.default\">\n\t\t\t\t<div class=\"elementor-widget-container\">\n\t\t\t\t\t\t\t\t\t<div class=\"elementor-button-wrapper\">\n\t\t\t\t\t<a class=\"elementor-button elementor-button-link elementor-size-lg\" href=\"https:\/\/www.omni-biotic.com\/es-es\/productos\/omni-logic\/\">\n\t\t\t\t\t\t<span class=\"elementor-button-content-wrapper\">\n\t\t\t\t\t\t\t\t\t<span class=\"elementor-button-text\">M\u00e1s informaci\u00f3n<\/span>\n\t\t\t\t\t<\/span>\n\t\t\t\t\t<\/a>\n\t\t\t\t<\/div>\n\t\t\t\t\t\t\t\t<\/div>\n\t\t\t\t<\/div>\n\t\t\t\t<\/div>\n\t\t<div class=\"elementor-element elementor-element-82b5ccc e-con-full obcs none e-flex e-con e-child\" data-id=\"82b5ccc\" data-element_type=\"container\">\n\t\t\t\t<div class=\"elementor-element elementor-element-fed8f18 elementor-widget elementor-widget-image\" data-id=\"fed8f18\" data-element_type=\"widget\" data-widget_type=\"image.default\">\n\t\t\t\t<div class=\"elementor-widget-container\">\n\t\t\t\t\t\t\t\t\t\t\t\t\t\t\t<img loading=\"lazy\" decoding=\"async\" width=\"150\" height=\"150\" src=\"https:\/\/www.omni-biotic.com\/es-es\/wp-content\/uploads\/sites\/6\/2024\/11\/Meta-Care_Logo-150x150.png\" class=\"attachment-thumbnail size-thumbnail wp-image-24231\" alt=\"\" srcset=\"https:\/\/www.omni-biotic.com\/es-es\/wp-content\/uploads\/sites\/6\/2024\/11\/Meta-Care_Logo-150x150.png 150w, https:\/\/www.omni-biotic.com\/es-es\/wp-content\/uploads\/sites\/6\/2024\/11\/Meta-Care_Logo-300x300.png 300w, https:\/\/www.omni-biotic.com\/es-es\/wp-content\/uploads\/sites\/6\/2024\/11\/Meta-Care_Logo-768x768.png 768w, https:\/\/www.omni-biotic.com\/es-es\/wp-content\/uploads\/sites\/6\/2024\/11\/Meta-Care_Logo.png 1024w\" sizes=\"(max-width: 150px) 100vw, 150px\" title=\"\">\t\t\t\t\t\t\t\t\t\t\t\t\t\t\t<\/div>\n\t\t\t\t<\/div>\n\t\t\t\t<div class=\"elementor-element elementor-element-23a82cb elementor-widget elementor-widget-heading\" data-id=\"23a82cb\" data-element_type=\"widget\" data-widget_type=\"heading.default\">\n\t\t\t\t<div class=\"elementor-widget-container\">\n\t\t\t\t\t<h2 class=\"elementor-heading-title elementor-size-default\">Nivel 3: <br>Minerales y sustancias vegetales valiosas<\/h2>\t\t\t\t<\/div>\n\t\t\t\t<\/div>\n\t\t\t\t<div class=\"elementor-element elementor-element-253c81f elementor-widget elementor-widget-text-editor\" data-id=\"253c81f\" data-element_type=\"widget\" data-widget_type=\"text-editor.default\">\n\t\t\t\t<div class=\"elementor-widget-container\">\n\t\t\t\t\t\t\t\t\t<p data-start=\"794\" data-end=\"1065\">Los productos <strong data-start=\"808\" data-end=\"822\">META-CARE\u00ae<\/strong> proporcionan <strong data-start=\"836\" data-end=\"892\">nutrientes esenciales y sustancias vegetales activas<\/strong> que refuerzan la <strong data-start=\"910\" data-end=\"932\">barrera intestinal<\/strong>. As\u00ed, regulan qu\u00e9 componentes de los alimentos llegan a las c\u00e9lulas inmunitarias y cu\u00e1les deben eliminarse a trav\u00e9s del intestino.<\/p>\t\t\t\t\t\t\t\t<\/div>\n\t\t\t\t<\/div>\n\t\t\t\t<div class=\"elementor-element elementor-element-5fd360b elementor-align-center elementor-widget elementor-widget-button\" data-id=\"5fd360b\" data-element_type=\"widget\" data-widget_type=\"button.default\">\n\t\t\t\t<div class=\"elementor-widget-container\">\n\t\t\t\t\t\t\t\t\t<div class=\"elementor-button-wrapper\">\n\t\t\t\t\t<a class=\"elementor-button elementor-button-link elementor-size-lg\" href=\"https:\/\/www.omni-biotic.com\/es-es\/productos\/meta-care\/\">\n\t\t\t\t\t\t<span class=\"elementor-button-content-wrapper\">\n\t\t\t\t\t\t\t\t\t<span class=\"elementor-button-text\">M\u00e1s informaci\u00f3n<\/span>\n\t\t\t\t\t<\/span>\n\t\t\t\t\t<\/a>\n\t\t\t\t<\/div>\n\t\t\t\t\t\t\t\t<\/div>\n\t\t\t\t<\/div>\n\t\t\t\t<\/div>\n\t\t\t\t<\/div>\n\t\t\t\t\t<\/div>\n\t\t\t\t<\/div>\n\t\t<div class=\"elementor-element elementor-element-c6675cf obcs none e-flex e-con-boxed e-con e-parent\" data-id=\"c6675cf\" data-element_type=\"container\">\n\t\t\t\t\t<div class=\"e-con-inner\">\n\t\t\t\t<div class=\"elementor-element elementor-element-8b1a620 elementor-widget elementor-widget-infobox\" data-id=\"8b1a620\" data-element_type=\"widget\" data-widget_type=\"infobox.default\">\n\t\t\t\t<div class=\"elementor-widget-container\">\n\t\t\t\t\t\n<div class=\"li-widgets--infobox blue\">\n\n    <div class=\"li-widgets--infobox__icon\">\n        <i aria-hidden=\"true\" class=\"fas fa-info-circle\"><\/i>    <\/div>\n    <div class=\"li-widgets--infobox__text\">\n        <p>Consejo de experto:<\/p>    <\/div>\n    <div class=\"li-widgets--infobox__text-body\">\n        <p data-start=\"480\" data-end=\"649\">Refuerza tu barrera intestinal con una combinaci\u00f3n de bacterias intestinales de alta calidad, fibras espec\u00edficas y nutrientes esenciales.<\/p>    <\/div>\n\n    \n<\/div>\n\t\t\t\t<\/div>\n\t\t\t\t<\/div>\n\t\t\t\t\t<\/div>\n\t\t\t\t<\/div>\n\t\t\t\t<\/div>\n\t\t","protected":false},"excerpt":{"rendered":"<p>Nuestro concepto en 3 niveles para tu bienestar En el Instituto AllergoSan, te proponemos un enfoque en tres niveles que combina bacterias intestinales de alta calidad, fibra diet\u00e9tica espec\u00edfica\u00a0y nutrientes esenciales (vitaminas, minerales y oligoelementos).\u00a0Este equilibrio es la base que tu cuerpo necesita para que todas sus funciones trabajen de la mejor manera posible. Home [&hellip;]<\/p>\n","protected":false},"author":32,"featured_media":24256,"parent":0,"menu_order":0,"comment_status":"closed","ping_status":"closed","template":"","meta":{"_acf_changed":false,"inline_featured_image":false,"footnotes":""},"class_list":["post-24226","page","type-page","status-publish","has-post-thumbnail","hentry"],"acf":[],"_links":{"self":[{"href":"https:\/\/www.omni-biotic.com\/es-es\/wp-json\/wp\/v2\/pages\/24226","targetHints":{"allow":["GET"]}}],"collection":[{"href":"https:\/\/www.omni-biotic.com\/es-es\/wp-json\/wp\/v2\/pages"}],"about":[{"href":"https:\/\/www.omni-biotic.com\/es-es\/wp-json\/wp\/v2\/types\/page"}],"author":[{"embeddable":true,"href":"https:\/\/www.omni-biotic.com\/es-es\/wp-json\/wp\/v2\/users\/32"}],"replies":[{"embeddable":true,"href":"https:\/\/www.omni-biotic.com\/es-es\/wp-json\/wp\/v2\/comments?post=24226"}],"version-history":[{"count":7,"href":"https:\/\/www.omni-biotic.com\/es-es\/wp-json\/wp\/v2\/pages\/24226\/revisions"}],"predecessor-version":[{"id":25695,"href":"https:\/\/www.omni-biotic.com\/es-es\/wp-json\/wp\/v2\/pages\/24226\/revisions\/25695"}],"wp:featuredmedia":[{"embeddable":true,"href":"https:\/\/www.omni-biotic.com\/es-es\/wp-json\/wp\/v2\/media\/24256"}],"wp:attachment":[{"href":"https:\/\/www.omni-biotic.com\/es-es\/wp-json\/wp\/v2\/media?parent=24226"}],"curies":[{"name":"wp","href":"https:\/\/api.w.org\/{rel}","templated":true}]}}