{"id":24266,"date":"2024-11-21T12:38:13","date_gmt":"2024-11-21T11:38:13","guid":{"rendered":"https:\/\/www.omni-biotic.com\/es-es\/?page_id=24266"},"modified":"2025-10-02T11:06:16","modified_gmt":"2025-10-02T09:06:16","slug":"que-es-omni-biotic","status":"publish","type":"page","link":"https:\/\/www.omni-biotic.com\/es-es\/que-es-omni-biotic\/","title":{"rendered":"\u00bfQu\u00e9 es OMNi-BiOTiC\u00ae?"},"content":{"rendered":"\t\t<div data-elementor-type=\"wp-page\" data-elementor-id=\"24266\" class=\"elementor elementor-24266\" data-elementor-post-type=\"page\">\n\t\t\t\t<div class=\"elementor-element elementor-element-df0b001 e-con-full obcs none e-flex e-con e-parent\" data-id=\"df0b001\" data-element_type=\"container\" data-settings=\"{&quot;background_background&quot;:&quot;classic&quot;,&quot;shape_divider_bottom&quot;:&quot;waves&quot;}\">\n\t\t\t\t<div class=\"elementor-shape elementor-shape-bottom\" aria-hidden=\"true\" data-negative=\"false\">\n\t\t\t<svg xmlns=\"http:\/\/www.w3.org\/2000\/svg\" viewBox=\"0 0 1000 100\" preserveAspectRatio=\"none\">\n\t<path class=\"elementor-shape-fill\" d=\"M421.9,6.5c22.6-2.5,51.5,0.4,75.5,5.3c23.6,4.9,70.9,23.5,100.5,35.7c75.8,32.2,133.7,44.5,192.6,49.7\n\tc23.6,2.1,48.7,3.5,103.4-2.5c54.7-6,106.2-25.6,106.2-25.6V0H0v30.3c0,0,72,32.6,158.4,30.5c39.2-0.7,92.8-6.7,134-22.4\n\tc21.2-8.1,52.2-18.2,79.7-24.2C399.3,7.9,411.6,7.5,421.9,6.5z\"\/>\n<\/svg>\t\t<\/div>\n\t\t<div class=\"elementor-element elementor-element-af87666 e-con-full obcs none e-flex e-con e-child\" data-id=\"af87666\" data-element_type=\"container\" data-settings=\"{&quot;background_background&quot;:&quot;gradient&quot;}\">\n\t\t\t\t<div class=\"elementor-element elementor-element-f135dd0 elementor-widget elementor-widget-heading\" data-id=\"f135dd0\" data-element_type=\"widget\" data-widget_type=\"heading.default\">\n\t\t\t\t<div class=\"elementor-widget-container\">\n\t\t\t\t\t<h1 class=\"elementor-heading-title elementor-size-default\"><a href=\"https:\/\/shop.omni-biotic.com\/es-es\/collections\/omni-biotic\">OMNi-BiOTiC\u00ae La salud empieza en tu intestino<\/a><\/h1>\t\t\t\t<\/div>\n\t\t\t\t<\/div>\n\t\t\t\t<div class=\"elementor-element elementor-element-f528115 elementor-widget-divider--view-line elementor-widget elementor-widget-divider\" data-id=\"f528115\" data-element_type=\"widget\" data-widget_type=\"divider.default\">\n\t\t\t\t<div class=\"elementor-widget-container\">\n\t\t\t\t\t\t\t<div class=\"elementor-divider\">\n\t\t\t<span class=\"elementor-divider-separator\">\n\t\t\t\t\t\t<\/span>\n\t\t<\/div>\n\t\t\t\t\t\t<\/div>\n\t\t\t\t<\/div>\n\t\t\t\t<div class=\"elementor-element elementor-element-fad593f elementor-widget elementor-widget-text-editor\" data-id=\"fad593f\" data-element_type=\"widget\" data-widget_type=\"text-editor.default\">\n\t\t\t\t<div class=\"elementor-widget-container\">\n\t\t\t\t\t\t\t\t\t<p>Un <strong>buen d\u00eda<\/strong> empieza con <strong>OMNi-BiOTiC\u00ae<\/strong>: millones de personas lo saben y conf\u00edan cada d\u00eda en nuestros productos para cuidar su digesti\u00f3n y disfrutar de un aut\u00e9ntico <b>bienestar interior<\/b>.<\/p>\t\t\t\t\t\t\t\t<\/div>\n\t\t\t\t<\/div>\n\t\t\t\t<\/div>\n\t\t\t\t<\/div>\n\t\t<div class=\"elementor-element elementor-element-8bb4d39 obcs none e-flex e-con-boxed e-con e-parent\" data-id=\"8bb4d39\" data-element_type=\"container\">\n\t\t\t\t\t<div class=\"e-con-inner\">\n\t\t<div class=\"elementor-element elementor-element-7585da8 e-con-full obcs none e-flex e-con e-child\" data-id=\"7585da8\" data-element_type=\"container\">\n\t\t\t\t<div class=\"elementor-element elementor-element-d21e7a5 elementor-align-left elementor-widget__width-initial elementor-widget elementor-widget-breadcrumbs\" data-id=\"d21e7a5\" data-element_type=\"widget\" data-widget_type=\"breadcrumbs.default\">\n\t\t\t\t<div class=\"elementor-widget-container\">\n\t\t\t\t\t<span><span class=\"last\">Home<\/span><\/span>\t\t\t\t<\/div>\n\t\t\t\t<\/div>\n\t\t\t\t<\/div>\n\t\t<div class=\"elementor-element elementor-element-d9829ef e-con-full obcs none e-flex e-con e-child\" data-id=\"d9829ef\" data-element_type=\"container\">\n\t\t\t\t<div class=\"elementor-element elementor-element-0c04440 elementor-toc--minimized-on-desktop elementor-widget elementor-widget-table-of-contents\" data-id=\"0c04440\" data-element_type=\"widget\" data-settings=\"{&quot;exclude_headings_by_selector&quot;:[],&quot;minimized_on&quot;:&quot;desktop&quot;,&quot;no_headings_message&quot;:&quot;No se ha encontrado ning\\u00fan encabezado en esta p\\u00e1gina.&quot;,&quot;headings_by_tags&quot;:[&quot;h2&quot;,&quot;h3&quot;,&quot;h4&quot;,&quot;h5&quot;,&quot;h6&quot;],&quot;marker_view&quot;:&quot;numbers&quot;,&quot;minimize_box&quot;:&quot;yes&quot;,&quot;hierarchical_view&quot;:&quot;yes&quot;,&quot;min_height&quot;:{&quot;unit&quot;:&quot;px&quot;,&quot;size&quot;:&quot;&quot;,&quot;sizes&quot;:[]},&quot;min_height_tablet&quot;:{&quot;unit&quot;:&quot;px&quot;,&quot;size&quot;:&quot;&quot;,&quot;sizes&quot;:[]},&quot;min_height_mobile&quot;:{&quot;unit&quot;:&quot;px&quot;,&quot;size&quot;:&quot;&quot;,&quot;sizes&quot;:[]}}\" data-widget_type=\"table-of-contents.default\">\n\t\t\t\t<div class=\"elementor-widget-container\">\n\t\t\t\t\t\t\t\t\t<div class=\"elementor-toc__header\">\n\t\t\t\t\t\t<h4 class=\"elementor-toc__header-title\">\n\t\t\t\t\u00cdndice\t\t\t<\/h4>\n\t\t\t\t\t\t\t\t\t\t<div class=\"elementor-toc__toggle-button elementor-toc__toggle-button--expand\" role=\"button\" tabindex=\"0\" aria-controls=\"elementor-toc__0c04440\" aria-expanded=\"true\" aria-label=\"Abrir la tabla de contenidos\"><i aria-hidden=\"true\" class=\"fas fa-chevron-down\"><\/i><\/div>\n\t\t\t\t<div class=\"elementor-toc__toggle-button elementor-toc__toggle-button--collapse\" role=\"button\" tabindex=\"0\" aria-controls=\"elementor-toc__0c04440\" aria-expanded=\"true\" aria-label=\"Cerrar la tabla de contenidos\"><i aria-hidden=\"true\" class=\"fas fa-chevron-up\"><\/i><\/div>\n\t\t\t\t\t<\/div>\n\t\t\t\t<div id=\"elementor-toc__0c04440\" class=\"elementor-toc__body\">\n\t\t\t<div class=\"elementor-toc__spinner-container\">\n\t\t\t\t<i class=\"elementor-toc__spinner eicon-animation-spin eicon-loading\" aria-hidden=\"true\"><\/i>\t\t\t<\/div>\n\t\t<\/div>\n\t\t\t\t\t\t<\/div>\n\t\t\t\t<\/div>\n\t\t\t\t<\/div>\n\t\t\t\t\t<\/div>\n\t\t\t\t<\/div>\n\t\t<div class=\"elementor-element elementor-element-0d24c34 obcs magenta e-flex e-con-boxed e-con e-parent\" data-id=\"0d24c34\" data-element_type=\"container\">\n\t\t\t\t\t<div class=\"e-con-inner\">\n\t\t<div class=\"elementor-element elementor-element-9929966 e-con-full obcs none e-flex e-con e-child\" data-id=\"9929966\" data-element_type=\"container\">\n\t\t\t\t<div class=\"elementor-element elementor-element-4c583db elementor-widget elementor-widget-text-editor\" data-id=\"4c583db\" data-element_type=\"widget\" data-widget_type=\"text-editor.default\">\n\t\t\t\t<div class=\"elementor-widget-container\">\n\t\t\t\t\t\t\t\t\t<p data-start=\"528\" data-end=\"868\">La historia de \u00e9xito de la marca de probi\u00f3ticos <strong data-start=\"576\" data-end=\"607\">arranc\u00f3 hace m\u00e1s de 30 a\u00f1os<\/strong>, cuando la experta en aparato digestivo y fundadora del Institut AllergoSan, <strong data-start=\"685\" data-end=\"712\">Prof. Anita Frauwallner<\/strong>, descubri\u00f3 su pasi\u00f3n por las bacterias intestinales. Tras un duro golpe del destino, decidi\u00f3 dar un giro a su vida y abrir un camino completamente nuevo.<\/p><p data-start=\"870\" data-end=\"1260\">Su convicci\u00f3n de que un intestino sano es la clave para una vida plena dio origen a <strong data-start=\"954\" data-end=\"970\">OMNi-BiOTiC\u00ae<\/strong>, que en 2023 se situ\u00f3 entre las tres marcas de probi\u00f3ticos m\u00e1s vendidas en el mundo. Cada vez m\u00e1s personas en todo el planeta conf\u00edan en este enfoque hol\u00edstico: <strong data-start=\"1132\" data-end=\"1206\">fortalecer la base de la salud antes de que aparezcan las enfermedades<\/strong>, aprovechando todo lo que la naturaleza nos ofrece.<\/p><p data-start=\"1262\" data-end=\"1402\">Hoy, millones saben que su <strong data-start=\"1289\" data-end=\"1322\">salud empieza en el intestino<\/strong> y encuentran en OMNi-BiOTiC\u00ae un aliado de confianza para su bienestar diario.<\/p><p><em>* IQVIA OTC Global Insights 2022, 03D5 Microorganismos antidiarreicos, 03F1 Probi\u00f3ticos Digest Health, Auditor\u00edas IQVIA OTC.<\/em><\/p>\t\t\t\t\t\t\t\t<\/div>\n\t\t\t\t<\/div>\n\t\t\t\t<\/div>\n\t\t<div class=\"elementor-element elementor-element-2a36c7f e-con-full obcs none e-flex e-con e-child\" data-id=\"2a36c7f\" data-element_type=\"container\">\n\t\t\t\t<div class=\"elementor-element elementor-element-c475294 elementor-widget elementor-widget-image\" data-id=\"c475294\" data-element_type=\"widget\" data-widget_type=\"image.default\">\n\t\t\t\t<div class=\"elementor-widget-container\">\n\t\t\t\t\t\t\t\t\t\t\t\t\t\t\t<img fetchpriority=\"high\" decoding=\"async\" width=\"530\" height=\"530\" src=\"https:\/\/www.omni-biotic.com\/es-es\/wp-content\/uploads\/sites\/6\/2023\/03\/mag.-anita-frauwallner-ceo-institut-allergosan.png\" class=\"attachment-large size-large wp-image-13173\" alt=\"Mag. Anita Frauwallner - \u00fcber mich\" srcset=\"https:\/\/www.omni-biotic.com\/es-es\/wp-content\/uploads\/sites\/6\/2023\/03\/mag.-anita-frauwallner-ceo-institut-allergosan.png 530w, https:\/\/www.omni-biotic.com\/es-es\/wp-content\/uploads\/sites\/6\/2023\/03\/mag.-anita-frauwallner-ceo-institut-allergosan-300x300.png 300w, https:\/\/www.omni-biotic.com\/es-es\/wp-content\/uploads\/sites\/6\/2023\/03\/mag.-anita-frauwallner-ceo-institut-allergosan-150x150.png 150w\" sizes=\"(max-width: 530px) 100vw, 530px\" title=\"\">\t\t\t\t\t\t\t\t\t\t\t\t\t\t\t<\/div>\n\t\t\t\t<\/div>\n\t\t\t\t<\/div>\n\t\t\t\t\t<\/div>\n\t\t\t\t<\/div>\n\t\t<div class=\"elementor-element elementor-element-da07734 obcs magenta e-flex e-con-boxed e-con e-parent\" data-id=\"da07734\" data-element_type=\"container\">\n\t\t\t\t\t<div class=\"e-con-inner\">\n\t\t\t\t<div class=\"elementor-element elementor-element-081278d elementor-widget elementor-widget-infobox\" data-id=\"081278d\" data-element_type=\"widget\" data-widget_type=\"infobox.default\">\n\t\t\t\t<div class=\"elementor-widget-container\">\n\t\t\t\t\t\n<div class=\"li-widgets--infobox magenta highlights-always-magenta\">\n\n    <div class=\"li-widgets--infobox__icon\">\n        <i aria-hidden=\"true\" class=\"fas fa-info-circle\"><\/i>    <\/div>\n    <div class=\"li-widgets--infobox__text\">\n        <p>\u00bfCu\u00e1l es el secreto de OMNi-BiOTiC\u00ae?<\/p>    <\/div>\n    <div class=\"li-widgets--infobox__text-body\">\n        <p>El \u00e9xito de OMNi-BiOTiC\u00ae se basa en una <strong data-start=\"587\" data-end=\"613\">formulaci\u00f3n innovadora<\/strong> y en los <strong data-start=\"623\" data-end=\"658\">m\u00e1s altos est\u00e1ndares de calidad<\/strong>. Esta es nuestra prioridad en cada desarrollo, para que los probi\u00f3ticos ofrezcan siempre <strong data-start=\"748\" data-end=\"780\">beneficios reales y visibles<\/strong> en la vida de quienes conf\u00edan en nosotros.<\/p>    <\/div>\n\n    \n<\/div>\n\t\t\t\t<\/div>\n\t\t\t\t<\/div>\n\t\t\t\t\t<\/div>\n\t\t\t\t<\/div>\n\t\t<div class=\"elementor-element elementor-element-bc863be obcs none e-flex e-con-boxed e-con e-parent\" data-id=\"bc863be\" data-element_type=\"container\">\n\t\t\t\t\t<div class=\"e-con-inner\">\n\t\t<div class=\"elementor-element elementor-element-688c8f2 e-con-full obcs none e-flex e-con e-child\" data-id=\"688c8f2\" data-element_type=\"container\">\n\t\t\t\t<div class=\"elementor-element elementor-element-43c4d52 elementor-widget elementor-widget-heading\" data-id=\"43c4d52\" data-element_type=\"widget\" data-widget_type=\"heading.default\">\n\t\t\t\t<div class=\"elementor-widget-container\">\n\t\t\t\t\t<h2 class=\"elementor-heading-title elementor-size-default\">El secreto de nuestro \u00e9xito<\/h2>\t\t\t\t<\/div>\n\t\t\t\t<\/div>\n\t\t\t\t<div class=\"elementor-element elementor-element-f78f2fb elementor-widget elementor-widget-text-editor\" data-id=\"f78f2fb\" data-element_type=\"widget\" data-widget_type=\"text-editor.default\">\n\t\t\t\t<div class=\"elementor-widget-container\">\n\t\t\t\t\t\t\t\t\t<p data-start=\"494\" data-end=\"870\">Nuestro \u00e9xito se apoya en <a href=\"https:\/\/www.omni-biotic.com\/es-es\/acerca-de-la-empresa\/investigacion-y-desarrollo\/estudios-cientificos\/\"><strong data-start=\"520\" data-end=\"558\">estudios cient\u00edficos de alto nivel<\/strong>,<\/a> realizados en colaboraci\u00f3n con cl\u00ednicas de prestigio y publicados en revistas m\u00e9dicas internacionales. Todos los productos OMNi-BiOTiC\u00ae contienen una gran cantidad de <strong data-start=\"727\" data-end=\"756\">bacterias vivas y activas<\/strong>, capaces de multiplicarse y asentarse en el intestino, contribuyendo as\u00ed al bienestar de <strong data-start=\"846\" data-end=\"867\">todo el organismo<\/strong>.<\/p><p data-start=\"872\" data-end=\"1067\">Para que el mayor n\u00famero posible de estas peque\u00f1as \u201caliadas\u201d llegue vivo y activo al intestino, deben resistir el paso por el est\u00f3mago y el intestino delgado. Y aqu\u00ed hay dos factores decisivos:<\/p>\t\t\t\t\t\t\t\t<\/div>\n\t\t\t\t<\/div>\n\t\t\t\t<\/div>\n\t\t\t\t\t<\/div>\n\t\t\t\t<\/div>\n\t\t<div class=\"elementor-element elementor-element-d04b522 obcs none e-flex e-con-boxed e-con e-parent\" data-id=\"d04b522\" data-element_type=\"container\">\n\t\t\t\t\t<div class=\"e-con-inner\">\n\t\t<div class=\"elementor-element elementor-element-0f7d2fd e-con-full obcs none e-flex e-con e-child\" data-id=\"0f7d2fd\" data-element_type=\"container\">\n\t\t\t\t<div class=\"elementor-element elementor-element-ee2fbe6 e-transform elementor-widget elementor-widget-image\" data-id=\"ee2fbe6\" data-element_type=\"widget\" data-settings=\"{&quot;_transform_rotateZ_effect&quot;:{&quot;unit&quot;:&quot;px&quot;,&quot;size&quot;:&quot;0&quot;,&quot;sizes&quot;:[]},&quot;_transform_rotate_3d&quot;:&quot;yes&quot;,&quot;_transform_rotateX_effect&quot;:{&quot;unit&quot;:&quot;px&quot;,&quot;size&quot;:&quot;0&quot;,&quot;sizes&quot;:[]},&quot;_transform_rotateY_effect&quot;:{&quot;unit&quot;:&quot;px&quot;,&quot;size&quot;:&quot;4&quot;,&quot;sizes&quot;:[]},&quot;_transform_perspective_effect&quot;:{&quot;unit&quot;:&quot;px&quot;,&quot;size&quot;:&quot;650&quot;,&quot;sizes&quot;:[]},&quot;_transform_rotateZ_effect_tablet&quot;:{&quot;unit&quot;:&quot;deg&quot;,&quot;size&quot;:&quot;&quot;,&quot;sizes&quot;:[]},&quot;_transform_rotateZ_effect_mobile&quot;:{&quot;unit&quot;:&quot;deg&quot;,&quot;size&quot;:&quot;&quot;,&quot;sizes&quot;:[]},&quot;_transform_rotateX_effect_tablet&quot;:{&quot;unit&quot;:&quot;deg&quot;,&quot;size&quot;:&quot;&quot;,&quot;sizes&quot;:[]},&quot;_transform_rotateX_effect_mobile&quot;:{&quot;unit&quot;:&quot;deg&quot;,&quot;size&quot;:&quot;&quot;,&quot;sizes&quot;:[]},&quot;_transform_rotateY_effect_tablet&quot;:{&quot;unit&quot;:&quot;deg&quot;,&quot;size&quot;:&quot;&quot;,&quot;sizes&quot;:[]},&quot;_transform_rotateY_effect_mobile&quot;:{&quot;unit&quot;:&quot;deg&quot;,&quot;size&quot;:&quot;&quot;,&quot;sizes&quot;:[]},&quot;_transform_perspective_effect_tablet&quot;:{&quot;unit&quot;:&quot;px&quot;,&quot;size&quot;:&quot;&quot;,&quot;sizes&quot;:[]},&quot;_transform_perspective_effect_mobile&quot;:{&quot;unit&quot;:&quot;px&quot;,&quot;size&quot;:&quot;&quot;,&quot;sizes&quot;:[]}}\" data-widget_type=\"image.default\">\n\t\t\t\t<div class=\"elementor-widget-container\">\n\t\t\t\t\t\t\t\t\t\t\t\t\t\t\t<img decoding=\"async\" width=\"800\" height=\"800\" src=\"https:\/\/www.omni-biotic.com\/es-es\/wp-content\/uploads\/sites\/6\/2023\/09\/Bacterias-intestinales_.jpg\" class=\"attachment-large size-large wp-image-19744\" alt=\"bacterias intestinales\" srcset=\"https:\/\/www.omni-biotic.com\/es-es\/wp-content\/uploads\/sites\/6\/2023\/09\/Bacterias-intestinales_.jpg 1024w, https:\/\/www.omni-biotic.com\/es-es\/wp-content\/uploads\/sites\/6\/2023\/09\/Bacterias-intestinales_-300x300.jpg 300w, https:\/\/www.omni-biotic.com\/es-es\/wp-content\/uploads\/sites\/6\/2023\/09\/Bacterias-intestinales_-150x150.jpg 150w, https:\/\/www.omni-biotic.com\/es-es\/wp-content\/uploads\/sites\/6\/2023\/09\/Bacterias-intestinales_-768x768.jpg 768w\" sizes=\"(max-width: 800px) 100vw, 800px\" title=\"\">\t\t\t\t\t\t\t\t\t\t\t\t\t\t\t<\/div>\n\t\t\t\t<\/div>\n\t\t\t\t<\/div>\n\t\t<div class=\"elementor-element elementor-element-355c71a e-con-full obcs none e-flex e-con e-child\" data-id=\"355c71a\" data-element_type=\"container\">\n\t\t\t\t<div class=\"elementor-element elementor-element-6dbfcf6 elementor-widget elementor-widget-heading\" data-id=\"6dbfcf6\" data-element_type=\"widget\" data-widget_type=\"heading.default\">\n\t\t\t\t<div class=\"elementor-widget-container\">\n\t\t\t\t\t<h3 class=\"elementor-heading-title elementor-size-default\">Selecci\u00f3n de cepas bacterianas adecuadas<\/h3>\t\t\t\t<\/div>\n\t\t\t\t<\/div>\n\t\t\t\t<div class=\"elementor-element elementor-element-bff89cd elementor-widget elementor-widget-text-editor\" data-id=\"bff89cd\" data-element_type=\"widget\" data-widget_type=\"text-editor.default\">\n\t\t\t\t<div class=\"elementor-widget-container\">\n\t\t\t\t\t\t\t\t\t<p>En OMNi-BiOTiC\u00ae solo se utilizan <strong data-start=\"1155\" data-end=\"1181\">cepas de origen humano<\/strong>, es decir, bacterias que forman parte natural de la microbiota intestinal y que han demostrado ser resistentes a los \u00e1cidos g\u00e1stricos, la bilis y las enzimas pancre\u00e1ticas. De esta forma, pueden sobrevivir al entorno hostil del est\u00f3mago y llegar activas al intestino.<\/p>\t\t\t\t\t\t\t\t<\/div>\n\t\t\t\t<\/div>\n\t\t\t\t<div class=\"elementor-element elementor-element-67c4f12 elementor-widget elementor-widget-heading\" data-id=\"67c4f12\" data-element_type=\"widget\" data-widget_type=\"heading.default\">\n\t\t\t\t<div class=\"elementor-widget-container\">\n\t\t\t\t\t<h3 class=\"elementor-heading-title elementor-size-default\">Rehidrataci\u00f3n en l\u00edquido<\/h3>\t\t\t\t<\/div>\n\t\t\t\t<\/div>\n\t\t\t\t<div class=\"elementor-element elementor-element-2c5ed5e elementor-widget elementor-widget-text-editor\" data-id=\"2c5ed5e\" data-element_type=\"widget\" data-widget_type=\"text-editor.default\">\n\t\t\t\t<div class=\"elementor-widget-container\">\n\t\t\t\t\t\t\t\t\t<p>Las <strong data-start=\"1493\" data-end=\"1527\">cepas bacterianas liofilizadas<\/strong> de OMNi-BiOTiC\u00ae se <strong data-start=\"1547\" data-end=\"1570\">activan y refuerzan<\/strong> al rehidratarse en un l\u00edquido (por ejemplo, en un vaso de agua) antes de su consumo. Esto les permite superar sin problemas la barrera del est\u00f3mago y comenzar a trabajar en cuanto alcanzan el intestino.<\/p>\t\t\t\t\t\t\t\t<\/div>\n\t\t\t\t<\/div>\n\t\t\t\t<\/div>\n\t\t\t\t\t<\/div>\n\t\t\t\t<\/div>\n\t\t<div class=\"elementor-element elementor-element-0fa6857 obcs none e-flex e-con-boxed e-con e-parent\" data-id=\"0fa6857\" data-element_type=\"container\" data-settings=\"{&quot;background_background&quot;:&quot;classic&quot;,&quot;shape_divider_top&quot;:&quot;waves&quot;,&quot;shape_divider_bottom&quot;:&quot;waves&quot;}\">\n\t\t\t\t\t<div class=\"e-con-inner\">\n\t\t\t\t<div class=\"elementor-shape elementor-shape-top\" aria-hidden=\"true\" data-negative=\"false\">\n\t\t\t<svg xmlns=\"http:\/\/www.w3.org\/2000\/svg\" viewBox=\"0 0 1000 100\" preserveAspectRatio=\"none\">\n\t<path class=\"elementor-shape-fill\" d=\"M421.9,6.5c22.6-2.5,51.5,0.4,75.5,5.3c23.6,4.9,70.9,23.5,100.5,35.7c75.8,32.2,133.7,44.5,192.6,49.7\n\tc23.6,2.1,48.7,3.5,103.4-2.5c54.7-6,106.2-25.6,106.2-25.6V0H0v30.3c0,0,72,32.6,158.4,30.5c39.2-0.7,92.8-6.7,134-22.4\n\tc21.2-8.1,52.2-18.2,79.7-24.2C399.3,7.9,411.6,7.5,421.9,6.5z\"\/>\n<\/svg>\t\t<\/div>\n\t\t\t\t<div class=\"elementor-shape elementor-shape-bottom\" aria-hidden=\"true\" data-negative=\"false\">\n\t\t\t<svg xmlns=\"http:\/\/www.w3.org\/2000\/svg\" viewBox=\"0 0 1000 100\" preserveAspectRatio=\"none\">\n\t<path class=\"elementor-shape-fill\" d=\"M421.9,6.5c22.6-2.5,51.5,0.4,75.5,5.3c23.6,4.9,70.9,23.5,100.5,35.7c75.8,32.2,133.7,44.5,192.6,49.7\n\tc23.6,2.1,48.7,3.5,103.4-2.5c54.7-6,106.2-25.6,106.2-25.6V0H0v30.3c0,0,72,32.6,158.4,30.5c39.2-0.7,92.8-6.7,134-22.4\n\tc21.2-8.1,52.2-18.2,79.7-24.2C399.3,7.9,411.6,7.5,421.9,6.5z\"\/>\n<\/svg>\t\t<\/div>\n\t\t\t\t<div class=\"elementor-element elementor-element-90bee80 elementor-widget elementor-widget-text-editor\" data-id=\"90bee80\" data-element_type=\"widget\" data-widget_type=\"text-editor.default\">\n\t\t\t\t<div class=\"elementor-widget-container\">\n\t\t\t\t\t\t\t\t\t<p data-start=\"233\" data-end=\"386\">Hoy en d\u00eda, la gama <strong data-start=\"253\" data-end=\"269\">OMNi-BiOTiC\u00ae<\/strong> ofrece <strong data-start=\"277\" data-end=\"322\">m\u00e1s de 20 f\u00f3rmulas probi\u00f3ticas diferentes<\/strong>, desarrolladas para apoyar el bienestar intestinal y general.<\/p><p data-start=\"388\" data-end=\"655\">Dependiendo de la <strong data-start=\"406\" data-end=\"449\">composici\u00f3n de la microbiota intestinal<\/strong> y de los <strong data-start=\"459\" data-end=\"487\">s\u00edntomas de cada persona<\/strong>, se recomienda una combinaci\u00f3n bacteriana espec\u00edfica para obtener <strong data-start=\"554\" data-end=\"589\">los mejores resultados posibles<\/strong> y reforzar el intestino, nuestro aut\u00e9ntico <strong data-start=\"633\" data-end=\"652\">centro de salud<\/strong>.<\/p>\t\t\t\t\t\t\t\t<\/div>\n\t\t\t\t<\/div>\n\t\t\t\t\t<\/div>\n\t\t\t\t<\/div>\n\t\t\t\t<\/div>\n\t\t","protected":false},"excerpt":{"rendered":"<p>OMNi-BiOTiC\u00ae La salud empieza en tu intestino Un buen d\u00eda empieza con OMNi-BiOTiC\u00ae: millones de personas lo saben y conf\u00edan cada d\u00eda en nuestros productos para cuidar su digesti\u00f3n y disfrutar de un aut\u00e9ntico bienestar interior. Home \u00cdndice La historia de \u00e9xito de la marca de probi\u00f3ticos arranc\u00f3 hace m\u00e1s de 30 a\u00f1os, cuando la [&hellip;]<\/p>\n","protected":false},"author":32,"featured_media":0,"parent":0,"menu_order":0,"comment_status":"closed","ping_status":"closed","template":"","meta":{"_acf_changed":false,"inline_featured_image":false,"footnotes":""},"class_list":["post-24266","page","type-page","status-publish","hentry"],"acf":[],"_links":{"self":[{"href":"https:\/\/www.omni-biotic.com\/es-es\/wp-json\/wp\/v2\/pages\/24266","targetHints":{"allow":["GET"]}}],"collection":[{"href":"https:\/\/www.omni-biotic.com\/es-es\/wp-json\/wp\/v2\/pages"}],"about":[{"href":"https:\/\/www.omni-biotic.com\/es-es\/wp-json\/wp\/v2\/types\/page"}],"author":[{"embeddable":true,"href":"https:\/\/www.omni-biotic.com\/es-es\/wp-json\/wp\/v2\/users\/32"}],"replies":[{"embeddable":true,"href":"https:\/\/www.omni-biotic.com\/es-es\/wp-json\/wp\/v2\/comments?post=24266"}],"version-history":[{"count":7,"href":"https:\/\/www.omni-biotic.com\/es-es\/wp-json\/wp\/v2\/pages\/24266\/revisions"}],"predecessor-version":[{"id":25688,"href":"https:\/\/www.omni-biotic.com\/es-es\/wp-json\/wp\/v2\/pages\/24266\/revisions\/25688"}],"wp:attachment":[{"href":"https:\/\/www.omni-biotic.com\/es-es\/wp-json\/wp\/v2\/media?parent=24266"}],"curies":[{"name":"wp","href":"https:\/\/api.w.org\/{rel}","templated":true}]}}