{"id":18900,"date":"2023-08-07T13:21:33","date_gmt":"2023-08-07T11:21:33","guid":{"rendered":"https:\/\/www.omni-biotic.com\/fr-fr\/?page_id=18900"},"modified":"2026-03-16T10:52:06","modified_gmt":"2026-03-16T09:52:06","slug":"mentions-legales","status":"publish","type":"page","link":"https:\/\/www.omni-biotic.com\/fr-fr\/mentions-legales\/","title":{"rendered":"Mentions l\u00e9gales"},"content":{"rendered":"\t\t<div data-elementor-type=\"wp-page\" data-elementor-id=\"18900\" class=\"elementor elementor-18900\" data-elementor-post-type=\"page\">\n\t\t\t\t<div class=\"elementor-element elementor-element-f7e911c e-con-full obcs none e-flex e-con e-parent\" data-id=\"f7e911c\" data-element_type=\"container\" data-settings=\"{&quot;background_background&quot;:&quot;classic&quot;,&quot;shape_divider_bottom&quot;:&quot;waves&quot;}\">\n\t\t\t\t<div class=\"elementor-shape elementor-shape-bottom\" aria-hidden=\"true\" data-negative=\"false\">\n\t\t\t<svg xmlns=\"http:\/\/www.w3.org\/2000\/svg\" viewBox=\"0 0 1000 100\" preserveAspectRatio=\"none\">\n\t<path class=\"elementor-shape-fill\" d=\"M421.9,6.5c22.6-2.5,51.5,0.4,75.5,5.3c23.6,4.9,70.9,23.5,100.5,35.7c75.8,32.2,133.7,44.5,192.6,49.7\n\tc23.6,2.1,48.7,3.5,103.4-2.5c54.7-6,106.2-25.6,106.2-25.6V0H0v30.3c0,0,72,32.6,158.4,30.5c39.2-0.7,92.8-6.7,134-22.4\n\tc21.2-8.1,52.2-18.2,79.7-24.2C399.3,7.9,411.6,7.5,421.9,6.5z\"\/>\n<\/svg>\t\t<\/div>\n\t\t\t\t<div class=\"elementor-element elementor-element-d5e05dc elementor-absolute elementor-hidden-mobile elementor-align-center elementor-widget elementor-widget-lottie\" data-id=\"d5e05dc\" data-element_type=\"widget\" data-settings=\"{&quot;source_json&quot;:{&quot;url&quot;:&quot;https:\\\/\\\/www.omni-biotic.com\\\/fr-fr\\\/wp-content\\\/uploads\\\/sites\\\/4\\\/2022\\\/08\\\/lf30_editor_s5uwdgjh.json&quot;,&quot;id&quot;:&quot;7733&quot;,&quot;size&quot;:&quot;&quot;,&quot;alt&quot;:&quot;&quot;,&quot;source&quot;:&quot;library&quot;},&quot;loop&quot;:&quot;yes&quot;,&quot;play_speed&quot;:{&quot;unit&quot;:&quot;px&quot;,&quot;size&quot;:&quot;0.3&quot;,&quot;sizes&quot;:[]},&quot;_position&quot;:&quot;absolute&quot;,&quot;source&quot;:&quot;media_file&quot;,&quot;caption_source&quot;:&quot;none&quot;,&quot;link_to&quot;:&quot;none&quot;,&quot;trigger&quot;:&quot;arriving_to_viewport&quot;,&quot;viewport&quot;:{&quot;unit&quot;:&quot;%&quot;,&quot;size&quot;:&quot;&quot;,&quot;sizes&quot;:{&quot;start&quot;:0,&quot;end&quot;:100}},&quot;start_point&quot;:{&quot;unit&quot;:&quot;%&quot;,&quot;size&quot;:0,&quot;sizes&quot;:[]},&quot;end_point&quot;:{&quot;unit&quot;:&quot;%&quot;,&quot;size&quot;:100,&quot;sizes&quot;:[]},&quot;renderer&quot;:&quot;svg&quot;}\" data-widget_type=\"lottie.default\">\n\t\t\t\t<div class=\"elementor-widget-container\">\n\t\t\t\t\t<div class=\"e-lottie__container\"><div class=\"e-lottie__animation\"><\/div><\/div>\t\t\t\t<\/div>\n\t\t\t\t<\/div>\n\t\t<div class=\"elementor-element elementor-element-04385a4 e-con-full obcs none e-flex e-con e-child\" data-id=\"04385a4\" data-element_type=\"container\" data-settings=\"{&quot;background_background&quot;:&quot;gradient&quot;}\">\n\t\t\t\t<div class=\"elementor-element elementor-element-7eb5c35 elementor-widget elementor-widget-heading\" data-id=\"7eb5c35\" data-element_type=\"widget\" data-widget_type=\"heading.default\">\n\t\t\t\t<div class=\"elementor-widget-container\">\n\t\t\t\t\t<h1 class=\"elementor-heading-title elementor-size-default\">Mentions l\u00e9gales<\/h1>\t\t\t\t<\/div>\n\t\t\t\t<\/div>\n\t\t\t\t<div class=\"elementor-element elementor-element-b526659 elementor-widget-divider--view-line elementor-widget elementor-widget-divider\" data-id=\"b526659\" data-element_type=\"widget\" data-widget_type=\"divider.default\">\n\t\t\t\t<div class=\"elementor-widget-container\">\n\t\t\t\t\t\t\t<div class=\"elementor-divider\">\n\t\t\t<span class=\"elementor-divider-separator\">\n\t\t\t\t\t\t<\/span>\n\t\t<\/div>\n\t\t\t\t\t\t<\/div>\n\t\t\t\t<\/div>\n\t\t\t\t<\/div>\n\t\t\t\t<\/div>\n\t\t<div class=\"elementor-element elementor-element-ada1d3f obcs none e-flex e-con-boxed e-con e-parent\" data-id=\"ada1d3f\" data-element_type=\"container\">\n\t\t\t\t\t<div class=\"e-con-inner\">\n\t\t<div class=\"elementor-element elementor-element-702c159 obcs none e-flex e-con-boxed e-con e-child\" data-id=\"702c159\" data-element_type=\"container\">\n\t\t\t\t\t<div class=\"e-con-inner\">\n\t\t<div class=\"elementor-element elementor-element-72870f5 e-con-full obcs none e-flex e-con e-child\" data-id=\"72870f5\" data-element_type=\"container\">\n\t\t\t\t<div class=\"elementor-element elementor-element-08f0301 elementor-align-left elementor-widget__width-initial elementor-widget elementor-widget-breadcrumbs\" data-id=\"08f0301\" data-element_type=\"widget\" data-widget_type=\"breadcrumbs.default\">\n\t\t\t\t<div class=\"elementor-widget-container\">\n\t\t\t\t\t<span><span class=\"last\">Home<\/span><\/span>\t\t\t\t<\/div>\n\t\t\t\t<\/div>\n\t\t\t\t<\/div>\n\t\t\t\t\t<\/div>\n\t\t\t\t<\/div>\n\t\t\t\t\t<\/div>\n\t\t\t\t<\/div>\n\t\t<div class=\"elementor-element elementor-element-6f01e6f obcs yellow e-flex e-con-boxed e-con e-parent\" data-id=\"6f01e6f\" data-element_type=\"container\">\n\t\t\t\t\t<div class=\"e-con-inner\">\n\t\t<div class=\"elementor-element elementor-element-b2d6c78 e-con-full obcs blue e-flex e-con e-child\" data-id=\"b2d6c78\" data-element_type=\"container\">\n\t\t\t\t<div class=\"elementor-element elementor-element-2c1bffe elementor-widget elementor-widget-heading\" data-id=\"2c1bffe\" data-element_type=\"widget\" data-widget_type=\"heading.default\">\n\t\t\t\t<div class=\"elementor-widget-container\">\n\t\t\t\t\t<h2 class=\"elementor-heading-title elementor-size-default\">Institut AllergoSan Pharma GmbH<\/h2>\t\t\t\t<\/div>\n\t\t\t\t<\/div>\n\t\t\t\t<div class=\"elementor-element elementor-element-6ed1f7e elementor-widget elementor-widget-text-editor\" data-id=\"6ed1f7e\" data-element_type=\"widget\" data-widget_type=\"text-editor.default\">\n\t\t\t\t<div class=\"elementor-widget-container\">\n\t\t\t\t\t\t\t\t\t<p class=\"bodytext\"><b>Activit\u00e9s de la soci\u00e9t\u00e9 : <\/b>recherche, d\u00e9veloppement, production et distribution de produits pour la sant\u00e9 (commerce de gros de compl\u00e9ments alimentaires et de dispositifs m\u00e9dicaux ; commerce de d\u00e9tail de compl\u00e9ments alimentaires).<\/p><p class=\"bodytext\"><b>Num\u00e9ro de TVA\u00a0<\/b>: ATU64528657<\/p><p class=\"bodytext\"><b>Num\u00e9ro au registre du commerce <\/b>: FN 317527 b du Tribunal r\u00e9gional de Graz (GmbH <em>(SARL)<\/em> dont le si\u00e8ge est \u00e0 Graz)<\/p><p class=\"bodytext\"><b>Tribunal de commerce\u00a0<\/b>: Tribunal r\u00e9gional pour ZRS Graz<\/p><p class=\"bodytext\"><b>Si\u00e8ge de la soci\u00e9t\u00e9\u00a0<\/b>: Gmeinstra\u00dfe 13, AT-8055 Graz<\/p><p class=\"bodytext\"><strong>Contact<\/strong>\u00a0:<\/p><p class=\"bodytext\">Tel : + 43 316\u00a0 405 305\u00a0<\/p><p class=\"bodytext\">Fax : + 43 316 405 305 20<\/p><p class=\"bodytext\">E-Mail : info@allergosan.com<\/p><p class=\"bodytext\"><b>Membre du barreau\u00a0<\/b>: Chambre de commerce de la Styrie <em>(Steiermark)<\/em><\/p><p class=\"bodytext\"><b>L\u00e9gislation applicable\u00a0<\/b><em>(entre autres)<\/em> : Code du commerce et de l\u2019industrie (toutes les lois cit\u00e9es sont accessibles sur <a href=\"http:\/\/www.ris.bka.gv.at\/\" target=\"_blank\" rel=\"noopener\">www.ris.bka.gv.at<\/a>)<\/p><p class=\"bodytext\"><b>Autorit\u00e9 de surveillance\u00a0<\/b>: Inspection du travail de Graz<\/p>\t\t\t\t\t\t\t\t<\/div>\n\t\t\t\t<\/div>\n\t\t\t\t<\/div>\n\t\t\t\t\t<\/div>\n\t\t\t\t<\/div>\n\t\t\t\t<\/div>\n\t\t","protected":false},"excerpt":{"rendered":"<p>Mentions l\u00e9gales Home Institut AllergoSan Pharma GmbH Activit\u00e9s de la soci\u00e9t\u00e9 : recherche, d\u00e9veloppement, production et distribution de produits pour la sant\u00e9 (commerce de gros de compl\u00e9ments alimentaires et de dispositifs m\u00e9dicaux ; commerce de d\u00e9tail de compl\u00e9ments alimentaires). Num\u00e9ro de TVA\u00a0: ATU64528657 Num\u00e9ro au registre du commerce : FN 317527 b du Tribunal r\u00e9gional [&hellip;]<\/p>\n","protected":false},"author":8,"featured_media":0,"parent":0,"menu_order":0,"comment_status":"closed","ping_status":"closed","template":"","meta":{"_acf_changed":false,"inline_featured_image":false,"footnotes":""},"class_list":["post-18900","page","type-page","status-publish","hentry"],"acf":[],"_links":{"self":[{"href":"https:\/\/www.omni-biotic.com\/fr-fr\/wp-json\/wp\/v2\/pages\/18900","targetHints":{"allow":["GET"]}}],"collection":[{"href":"https:\/\/www.omni-biotic.com\/fr-fr\/wp-json\/wp\/v2\/pages"}],"about":[{"href":"https:\/\/www.omni-biotic.com\/fr-fr\/wp-json\/wp\/v2\/types\/page"}],"author":[{"embeddable":true,"href":"https:\/\/www.omni-biotic.com\/fr-fr\/wp-json\/wp\/v2\/users\/8"}],"replies":[{"embeddable":true,"href":"https:\/\/www.omni-biotic.com\/fr-fr\/wp-json\/wp\/v2\/comments?post=18900"}],"version-history":[{"count":7,"href":"https:\/\/www.omni-biotic.com\/fr-fr\/wp-json\/wp\/v2\/pages\/18900\/revisions"}],"predecessor-version":[{"id":30304,"href":"https:\/\/www.omni-biotic.com\/fr-fr\/wp-json\/wp\/v2\/pages\/18900\/revisions\/30304"}],"wp:attachment":[{"href":"https:\/\/www.omni-biotic.com\/fr-fr\/wp-json\/wp\/v2\/media?parent=18900"}],"curies":[{"name":"wp","href":"https:\/\/api.w.org\/{rel}","templated":true}]}}