{"id":24838,"date":"2024-04-02T11:29:02","date_gmt":"2024-04-02T09:29:02","guid":{"rendered":"https:\/\/www.omni-biotic.com\/fr-fr\/?page_id=24838"},"modified":"2024-04-03T09:41:51","modified_gmt":"2024-04-03T07:41:51","slug":"collaborateurs-et-communaute","status":"publish","type":"page","link":"https:\/\/www.omni-biotic.com\/fr-fr\/durabilite\/collaborateurs-et-communaute\/","title":{"rendered":"Collaborateurs et communaut\u00e9"},"content":{"rendered":"\t\t<div data-elementor-type=\"wp-page\" data-elementor-id=\"24838\" class=\"elementor elementor-24838\" data-elementor-post-type=\"page\">\n\t\t\t\t<div class=\"elementor-element elementor-element-bab3d77 e-con-full obcs none e-flex e-con e-parent\" data-id=\"bab3d77\" data-element_type=\"container\" data-settings=\"{&quot;background_background&quot;:&quot;classic&quot;,&quot;shape_divider_bottom&quot;:&quot;waves&quot;}\">\n\t\t\t\t<div class=\"elementor-shape elementor-shape-bottom\" aria-hidden=\"true\" data-negative=\"false\">\n\t\t\t<svg xmlns=\"http:\/\/www.w3.org\/2000\/svg\" viewBox=\"0 0 1000 100\" preserveAspectRatio=\"none\">\n\t<path class=\"elementor-shape-fill\" d=\"M421.9,6.5c22.6-2.5,51.5,0.4,75.5,5.3c23.6,4.9,70.9,23.5,100.5,35.7c75.8,32.2,133.7,44.5,192.6,49.7\n\tc23.6,2.1,48.7,3.5,103.4-2.5c54.7-6,106.2-25.6,106.2-25.6V0H0v30.3c0,0,72,32.6,158.4,30.5c39.2-0.7,92.8-6.7,134-22.4\n\tc21.2-8.1,52.2-18.2,79.7-24.2C399.3,7.9,411.6,7.5,421.9,6.5z\"\/>\n<\/svg>\t\t<\/div>\n\t\t<div class=\"elementor-element elementor-element-354edb6 e-con-full obcs none e-flex e-con e-child\" data-id=\"354edb6\" data-element_type=\"container\" data-settings=\"{&quot;background_background&quot;:&quot;gradient&quot;}\">\n\t\t\t\t<div class=\"elementor-element elementor-element-fa841ae elementor-widget elementor-widget-heading\" data-id=\"fa841ae\" data-element_type=\"widget\" data-widget_type=\"heading.default\">\n\t\t\t\t<div class=\"elementor-widget-container\">\n\t\t\t\t\t<h1 class=\"elementor-heading-title elementor-size-default\">Collaborateurs &amp; Communaut\u00e9<\/h1>\t\t\t\t<\/div>\n\t\t\t\t<\/div>\n\t\t\t\t<div class=\"elementor-element elementor-element-72a2bd7 elementor-widget-divider--view-line elementor-widget elementor-widget-divider\" data-id=\"72a2bd7\" data-element_type=\"widget\" data-widget_type=\"divider.default\">\n\t\t\t\t<div class=\"elementor-widget-container\">\n\t\t\t\t\t\t\t<div class=\"elementor-divider\">\n\t\t\t<span class=\"elementor-divider-separator\">\n\t\t\t\t\t\t<\/span>\n\t\t<\/div>\n\t\t\t\t\t\t<\/div>\n\t\t\t\t<\/div>\n\t\t\t\t<\/div>\n\t\t\t\t<\/div>\n\t\t<div class=\"elementor-element elementor-element-7cd744e obcs none e-flex e-con-boxed e-con e-parent\" data-id=\"7cd744e\" data-element_type=\"container\">\n\t\t\t\t\t<div class=\"e-con-inner\">\n\t\t<div class=\"elementor-element elementor-element-5add14b obcs none e-flex e-con-boxed e-con e-child\" data-id=\"5add14b\" data-element_type=\"container\">\n\t\t\t\t\t<div class=\"e-con-inner\">\n\t\t<div class=\"elementor-element elementor-element-dcdf5ff e-con-full obcs none e-flex e-con e-child\" data-id=\"dcdf5ff\" data-element_type=\"container\">\n\t\t\t\t<div class=\"elementor-element elementor-element-0e432b1 elementor-align-left elementor-widget__width-initial elementor-widget elementor-widget-breadcrumbs\" data-id=\"0e432b1\" data-element_type=\"widget\" data-widget_type=\"breadcrumbs.default\">\n\t\t\t\t<div class=\"elementor-widget-container\">\n\t\t\t\t\t<span><span class=\"last\">Home<\/span><\/span>\t\t\t\t<\/div>\n\t\t\t\t<\/div>\n\t\t\t\t<\/div>\n\t\t\t\t\t<\/div>\n\t\t\t\t<\/div>\n\t\t\t\t\t<\/div>\n\t\t\t\t<\/div>\n\t\t<div class=\"elementor-element elementor-element-4c2c501 obcs none e-flex e-con-boxed e-con e-parent\" data-id=\"4c2c501\" data-element_type=\"container\">\n\t\t\t\t\t<div class=\"e-con-inner\">\n\t\t<div class=\"elementor-element elementor-element-9ec2673 e-con-full obcs none e-flex e-con e-child\" data-id=\"9ec2673\" data-element_type=\"container\" data-settings=\"{&quot;background_background&quot;:&quot;classic&quot;}\">\n\t\t\t\t<div class=\"elementor-element elementor-element-25dba3e elementor-widget elementor-widget-image\" data-id=\"25dba3e\" data-element_type=\"widget\" data-widget_type=\"image.default\">\n\t\t\t\t<div class=\"elementor-widget-container\">\n\t\t\t\t\t\t\t\t\t\t\t\t\t\t\t<img fetchpriority=\"high\" decoding=\"async\" width=\"800\" height=\"714\" src=\"https:\/\/www.omni-biotic.com\/fr-fr\/wp-content\/uploads\/sites\/4\/2024\/04\/sante_travail.svg\" class=\"attachment-large size-large wp-image-24884\" alt=\"\" title=\"\">\t\t\t\t\t\t\t\t\t\t\t\t\t\t\t<\/div>\n\t\t\t\t<\/div>\n\t\t\t\t<div class=\"elementor-element elementor-element-2c34df2 elementor-widget elementor-widget-heading\" data-id=\"2c34df2\" data-element_type=\"widget\" data-widget_type=\"heading.default\">\n\t\t\t\t<div class=\"elementor-widget-container\">\n\t\t\t\t\t<div class=\"elementor-heading-title elementor-size-default\">La sant\u00e9 au travail : une priorit\u00e9<\/div>\t\t\t\t<\/div>\n\t\t\t\t<\/div>\n\t\t\t\t<\/div>\n\t\t<div class=\"elementor-element elementor-element-8464171 e-con-full obcs none e-flex e-con e-child\" data-id=\"8464171\" data-element_type=\"container\" data-settings=\"{&quot;background_background&quot;:&quot;classic&quot;}\">\n\t\t\t\t<div class=\"elementor-element elementor-element-e990788 elementor-widget elementor-widget-image\" data-id=\"e990788\" data-element_type=\"widget\" data-widget_type=\"image.default\">\n\t\t\t\t<div class=\"elementor-widget-container\">\n\t\t\t\t\t\t\t\t\t\t\t\t\t\t\t<img decoding=\"async\" width=\"800\" height=\"734\" src=\"https:\/\/www.omni-biotic.com\/fr-fr\/wp-content\/uploads\/sites\/4\/2024\/04\/entreprise_familiale.svg\" class=\"attachment-large size-large wp-image-24885\" alt=\"Une entreprise familiale o\u00f9 l&#039;humain est plac\u00e9 au c\u0153ur de notre travail\" title=\"\">\t\t\t\t\t\t\t\t\t\t\t\t\t\t\t<\/div>\n\t\t\t\t<\/div>\n\t\t\t\t<div class=\"elementor-element elementor-element-9e510be elementor-widget elementor-widget-heading\" data-id=\"9e510be\" data-element_type=\"widget\" data-widget_type=\"heading.default\">\n\t\t\t\t<div class=\"elementor-widget-container\">\n\t\t\t\t\t<div class=\"elementor-heading-title elementor-size-default\">Une entreprise familiale o\u00f9 l'humain est plac\u00e9 au c\u0153ur de notre travail<\/div>\t\t\t\t<\/div>\n\t\t\t\t<\/div>\n\t\t\t\t<\/div>\n\t\t<div class=\"elementor-element elementor-element-e720772 e-con-full obcs none e-flex e-con e-child\" data-id=\"e720772\" data-element_type=\"container\" data-settings=\"{&quot;background_background&quot;:&quot;classic&quot;}\">\n\t\t\t\t<div class=\"elementor-element elementor-element-4a57b26 elementor-widget elementor-widget-image\" data-id=\"4a57b26\" data-element_type=\"widget\" data-widget_type=\"image.default\">\n\t\t\t\t<div class=\"elementor-widget-container\">\n\t\t\t\t\t\t\t\t\t\t\t\t\t\t\t<img decoding=\"async\" width=\"800\" height=\"808\" src=\"https:\/\/www.omni-biotic.com\/fr-fr\/wp-content\/uploads\/sites\/4\/2024\/04\/teamplay.svg\" class=\"attachment-large size-large wp-image-24842\" alt=\"\" title=\"\">\t\t\t\t\t\t\t\t\t\t\t\t\t\t\t<\/div>\n\t\t\t\t<\/div>\n\t\t\t\t<div class=\"elementor-element elementor-element-77c093b elementor-widget elementor-widget-heading\" data-id=\"77c093b\" data-element_type=\"widget\" data-widget_type=\"heading.default\">\n\t\t\t\t<div class=\"elementor-widget-container\">\n\t\t\t\t\t<div class=\"elementor-heading-title elementor-size-default\">Un v\u00e9ritable esprit d'\u00e9quipe <\/div>\t\t\t\t<\/div>\n\t\t\t\t<\/div>\n\t\t\t\t<\/div>\n\t\t\t\t\t<\/div>\n\t\t\t\t<\/div>\n\t\t<div class=\"elementor-element elementor-element-3da4fab obcs none e-flex e-con-boxed e-con e-parent\" data-id=\"3da4fab\" data-element_type=\"container\">\n\t\t\t\t\t<div class=\"e-con-inner\">\n\t\t<div class=\"elementor-element elementor-element-4d1358c e-con-full obcs none e-flex e-con e-child\" data-id=\"4d1358c\" data-element_type=\"container\">\n\t\t\t\t<div class=\"elementor-element elementor-element-61b4102 e-transform elementor-widget elementor-widget-image\" data-id=\"61b4102\" data-element_type=\"widget\" data-settings=\"{&quot;_transform_rotateZ_effect&quot;:{&quot;unit&quot;:&quot;px&quot;,&quot;size&quot;:&quot;0&quot;,&quot;sizes&quot;:[]},&quot;_transform_rotate_3d&quot;:&quot;yes&quot;,&quot;_transform_rotateX_effect&quot;:{&quot;unit&quot;:&quot;px&quot;,&quot;size&quot;:&quot;0&quot;,&quot;sizes&quot;:[]},&quot;_transform_rotateY_effect&quot;:{&quot;unit&quot;:&quot;px&quot;,&quot;size&quot;:&quot;4&quot;,&quot;sizes&quot;:[]},&quot;_transform_perspective_effect&quot;:{&quot;unit&quot;:&quot;px&quot;,&quot;size&quot;:&quot;650&quot;,&quot;sizes&quot;:[]},&quot;_transform_rotateZ_effect_tablet&quot;:{&quot;unit&quot;:&quot;deg&quot;,&quot;size&quot;:&quot;&quot;,&quot;sizes&quot;:[]},&quot;_transform_rotateZ_effect_mobile&quot;:{&quot;unit&quot;:&quot;deg&quot;,&quot;size&quot;:&quot;&quot;,&quot;sizes&quot;:[]},&quot;_transform_rotateX_effect_tablet&quot;:{&quot;unit&quot;:&quot;deg&quot;,&quot;size&quot;:&quot;&quot;,&quot;sizes&quot;:[]},&quot;_transform_rotateX_effect_mobile&quot;:{&quot;unit&quot;:&quot;deg&quot;,&quot;size&quot;:&quot;&quot;,&quot;sizes&quot;:[]},&quot;_transform_rotateY_effect_tablet&quot;:{&quot;unit&quot;:&quot;deg&quot;,&quot;size&quot;:&quot;&quot;,&quot;sizes&quot;:[]},&quot;_transform_rotateY_effect_mobile&quot;:{&quot;unit&quot;:&quot;deg&quot;,&quot;size&quot;:&quot;&quot;,&quot;sizes&quot;:[]},&quot;_transform_perspective_effect_tablet&quot;:{&quot;unit&quot;:&quot;px&quot;,&quot;size&quot;:&quot;&quot;,&quot;sizes&quot;:[]},&quot;_transform_perspective_effect_mobile&quot;:{&quot;unit&quot;:&quot;px&quot;,&quot;size&quot;:&quot;&quot;,&quot;sizes&quot;:[]}}\" data-widget_type=\"image.default\">\n\t\t\t\t<div class=\"elementor-widget-container\">\n\t\t\t\t\t\t\t\t\t\t\t\t\t\t\t<img loading=\"lazy\" decoding=\"async\" width=\"800\" height=\"534\" src=\"https:\/\/www.omni-biotic.com\/fr-fr\/wp-content\/uploads\/sites\/4\/2024\/04\/allergosan_convivialite.webp\" class=\"attachment-large size-large wp-image-24882\" alt=\"Entreprise familiale : convivialit\u00e9 et bienveillance\" srcset=\"https:\/\/www.omni-biotic.com\/fr-fr\/wp-content\/uploads\/sites\/4\/2024\/04\/allergosan_convivialite.webp 1000w, https:\/\/www.omni-biotic.com\/fr-fr\/wp-content\/uploads\/sites\/4\/2024\/04\/allergosan_convivialite-300x200.webp 300w, https:\/\/www.omni-biotic.com\/fr-fr\/wp-content\/uploads\/sites\/4\/2024\/04\/allergosan_convivialite-768x512.webp 768w\" sizes=\"(max-width: 800px) 100vw, 800px\" title=\"\">\t\t\t\t\t\t\t\t\t\t\t\t\t\t\t<\/div>\n\t\t\t\t<\/div>\n\t\t\t\t<\/div>\n\t\t<div class=\"elementor-element elementor-element-19c8566 e-con-full obcs none e-flex e-con e-child\" data-id=\"19c8566\" data-element_type=\"container\">\n\t\t\t\t<div class=\"elementor-element elementor-element-5a16ee4 elementor-widget elementor-widget-heading\" data-id=\"5a16ee4\" data-element_type=\"widget\" data-widget_type=\"heading.default\">\n\t\t\t\t<div class=\"elementor-widget-container\">\n\t\t\t\t\t<h2 class=\"elementor-heading-title elementor-size-default\">Une entreprise familiale<\/h2>\t\t\t\t<\/div>\n\t\t\t\t<\/div>\n\t\t\t\t<div class=\"elementor-element elementor-element-cfc3ad1 elementor-widget elementor-widget-text-editor\" data-id=\"cfc3ad1\" data-element_type=\"widget\" data-widget_type=\"text-editor.default\">\n\t\t\t\t<div class=\"elementor-widget-container\">\n\t\t\t\t\t\t\t\t\t<p>Nous sommes une entreprise familiale au sein de laquelle <strong>l&rsquo;humain<\/strong> est plac\u00e9 <strong>au c\u0153ur<\/strong> du travail. Nos collaborateurs \u00e9voluent dans un environnement de travail cr\u00e9\u00e9 pour que chacun s&rsquo;y sente bien et pour aider chaque personne \u00e0 donner le meilleur d&rsquo;elle-m\u00eame : <strong>une atmosph\u00e8re familiale<\/strong> et <strong>conviviale<\/strong>, des relations saines et une attention particuli\u00e8re port\u00e9e \u00e0 <strong>la sant\u00e9<\/strong> de nos salari\u00e9s.\u00a0<\/p><p>La clef de vo\u00fbte de <a href=\"https:\/\/www.omni-biotic.com\/fr-fr\/a-propos-de-nous\/institut-allergosan\/\">l&rsquo;Institut AllergoSan<\/a>, ce sont les personnes qui travaillent chez nous et avec nous. Elles peuvent \u00e9galement profiter de <strong>nombreux avantages<\/strong> : une offre r\u00e9guli\u00e8re d&rsquo;activit\u00e9s sportives, un <strong>produit gratuit<\/strong> tous les mois pour un proche parmi notre large \u00e9ventail, un espace avec nos produits <a href=\"https:\/\/www.omni-biotic.com\/fr-fr\/nos-produits\/omni-biotic\/\">OMNi-BiOTiC\u00ae<\/a>, <a href=\"https:\/\/www.omni-biotic.com\/fr-fr\/submenus\/omni-logic\/\">OMNi-LOGiC\u00ae<\/a> et <a href=\"https:\/\/www.omni-biotic.com\/fr-fr\/submenus\/meta-care\/\">META-CARE\u00ae <\/a><strong>en libre-service<\/strong> pour les pauses journali\u00e8res de nos collaborateurs et des \u00e9changes respectueux et bienveillants au quotidien.\u00a0<\/p>\t\t\t\t\t\t\t\t<\/div>\n\t\t\t\t<\/div>\n\t\t\t\t<\/div>\n\t\t\t\t\t<\/div>\n\t\t\t\t<\/div>\n\t\t<div class=\"elementor-element elementor-element-3ae3357 obcs green e-flex e-con-boxed e-con e-parent\" data-id=\"3ae3357\" data-element_type=\"container\">\n\t\t\t\t\t<div class=\"e-con-inner\">\n\t\t<div class=\"elementor-element elementor-element-9151efc e-con-full obcs none e-flex e-con e-child\" data-id=\"9151efc\" data-element_type=\"container\">\n\t\t\t\t<div class=\"elementor-element elementor-element-d8cadae elementor-widget elementor-widget-text-editor\" data-id=\"d8cadae\" data-element_type=\"widget\" data-widget_type=\"text-editor.default\">\n\t\t\t\t<div class=\"elementor-widget-container\">\n\t\t\t\t\t\t\t\t\t<p>Nous mettons un point d&rsquo;honneur \u00e0 <strong>valoriser la diversit\u00e9 et le travail d&rsquo;\u00e9quipe<\/strong>. Des collaborateurs de plus de 20 pays, de cultures diff\u00e9rentes, de groupes d&rsquo;\u00e2ge h\u00e9t\u00e9rog\u00e8nes et aux comp\u00e9tences compl\u00e9mentaires travaillent ensemble. Apr\u00e8s tout, nous suivons un objectif commun : <strong>soutenir la sant\u00e9 de tous<\/strong>. Afin que nos coll\u00e8gues soient au fait des progr\u00e8s de la recherche et du d\u00e9veloppement de produits, des formations sont r\u00e9guli\u00e8rement organis\u00e9es. Par ailleurs, nous encourageons tous les collaborateurs <strong>\u00e0 d\u00e9velopper leurs comp\u00e9tences individuelles<\/strong> et leur accordons un espace pour qu&rsquo;ils puissent les mettre \u00e0 profit.\u00a0<\/p><p>Notre atmosph\u00e8re de travail, que nous voulons unique et adapt\u00e9e aux besoins de chacun, accorde <strong>une libert\u00e9 de travail et d&#8217;emploi du temps<\/strong>, notamment la possibilit\u00e9 de faire du <strong>t\u00e9l\u00e9travail<\/strong>. Ainsi, chaque collaborateur peut se r\u00e9aliser et d\u00e9ployer au mieux son potentiel.\u00a0<\/p>\t\t\t\t\t\t\t\t<\/div>\n\t\t\t\t<\/div>\n\t\t\t\t<\/div>\n\t\t\t\t\t<\/div>\n\t\t\t\t<\/div>\n\t\t<div class=\"elementor-element elementor-element-96efbdd obcs green e-flex e-con-boxed e-con e-parent\" data-id=\"96efbdd\" data-element_type=\"container\">\n\t\t\t\t\t<div class=\"e-con-inner\">\n\t\t<div class=\"elementor-element elementor-element-5a86ecd e-con-full obcs green e-flex e-con e-child\" data-id=\"5a86ecd\" data-element_type=\"container\">\n\t\t\t\t<div class=\"elementor-element elementor-element-d6d6323 elementor-widget elementor-widget-heading\" data-id=\"d6d6323\" data-element_type=\"widget\" data-widget_type=\"heading.default\">\n\t\t\t\t<div class=\"elementor-widget-container\">\n\t\t\t\t\t<h2 class=\"elementor-heading-title elementor-size-default\">Nos engagements solidaires et caritatifs<\/h2>\t\t\t\t<\/div>\n\t\t\t\t<\/div>\n\t\t\t\t<div class=\"elementor-element elementor-element-968dda3 elementor-widget elementor-widget-heading\" data-id=\"968dda3\" data-element_type=\"widget\" data-widget_type=\"heading.default\">\n\t\t\t\t<div class=\"elementor-widget-container\">\n\t\t\t\t\t<span class=\"elementor-heading-title elementor-size-default\">L'\u00eatre humain est toujours au centre <\/span>\t\t\t\t<\/div>\n\t\t\t\t<\/div>\n\t\t\t\t<div class=\"elementor-element elementor-element-89a1718 elementor-widget elementor-widget-text-editor\" data-id=\"89a1718\" data-element_type=\"widget\" data-widget_type=\"text-editor.default\">\n\t\t\t\t<div class=\"elementor-widget-container\">\n\t\t\t\t\t\t\t\t\t<p>Dans notre vision du monde, la durabilit\u00e9 et la responsabilit\u00e9 ne s&rsquo;arr\u00eatent pas aux portes de l&rsquo;Institut AllergoSan, c&rsquo;est pourquoi nous soutenons avec une forte conviction toute une s\u00e9rie de <strong>projets d&rsquo;utilit\u00e9 publique<\/strong>, tels que la <strong>construction de puits d&rsquo;eau potable<\/strong> au Malawi, la <strong>protection de la r\u00e9serve naturelle<\/strong> D\u00fcrrenstein ou l&rsquo;association \u00ab Krebshilfe Steiermark \u00bb. L&rsquo;Institut AllergoSan soutient <strong>des organisations<\/strong> comme \u00ab M\u00e9decins sans fronti\u00e8res \u00bb et s&rsquo;engage pour la <strong>protection des enfants<\/strong> que ce soit en Autriche ou dans des pays menac\u00e9s par la pauvret\u00e9.<\/p><p>L&rsquo;initiative \u00ab <strong>BioBienenApfel<\/strong> \u00bb que nous soutenons est particuli\u00e8rement importante et s&rsquo;inscrit parfaitement dans notre philosophie de durabilit\u00e9. En effet, de grandes surfaces de prairies de fleurs sauvages seront cr\u00e9\u00e9es dans les ann\u00e9es \u00e0 venir en Autriche afin d&rsquo;offrir un habitat id\u00e9al \u00e0 nos tr\u00e8s ch\u00e8res et utiles abeilles.<\/p>\t\t\t\t\t\t\t\t<\/div>\n\t\t\t\t<\/div>\n\t\t\t\t<\/div>\n\t\t<div class=\"elementor-element elementor-element-ea9c158 e-con-full obcs none e-flex e-con e-child\" data-id=\"ea9c158\" data-element_type=\"container\">\n\t\t\t\t<div class=\"elementor-element elementor-element-530a983 e-transform elementor-widget elementor-widget-image\" data-id=\"530a983\" data-element_type=\"widget\" data-settings=\"{&quot;_transform_rotateZ_effect&quot;:{&quot;unit&quot;:&quot;px&quot;,&quot;size&quot;:&quot;0&quot;,&quot;sizes&quot;:[]},&quot;_transform_rotate_3d&quot;:&quot;yes&quot;,&quot;_transform_rotateX_effect&quot;:{&quot;unit&quot;:&quot;px&quot;,&quot;size&quot;:&quot;0&quot;,&quot;sizes&quot;:[]},&quot;_transform_rotateY_effect&quot;:{&quot;unit&quot;:&quot;px&quot;,&quot;size&quot;:&quot;-4&quot;,&quot;sizes&quot;:[]},&quot;_transform_perspective_effect&quot;:{&quot;unit&quot;:&quot;px&quot;,&quot;size&quot;:&quot;650&quot;,&quot;sizes&quot;:[]},&quot;_transform_rotateZ_effect_tablet&quot;:{&quot;unit&quot;:&quot;deg&quot;,&quot;size&quot;:&quot;&quot;,&quot;sizes&quot;:[]},&quot;_transform_rotateZ_effect_mobile&quot;:{&quot;unit&quot;:&quot;deg&quot;,&quot;size&quot;:&quot;&quot;,&quot;sizes&quot;:[]},&quot;_transform_rotateX_effect_tablet&quot;:{&quot;unit&quot;:&quot;deg&quot;,&quot;size&quot;:&quot;&quot;,&quot;sizes&quot;:[]},&quot;_transform_rotateX_effect_mobile&quot;:{&quot;unit&quot;:&quot;deg&quot;,&quot;size&quot;:&quot;&quot;,&quot;sizes&quot;:[]},&quot;_transform_rotateY_effect_tablet&quot;:{&quot;unit&quot;:&quot;deg&quot;,&quot;size&quot;:&quot;&quot;,&quot;sizes&quot;:[]},&quot;_transform_rotateY_effect_mobile&quot;:{&quot;unit&quot;:&quot;deg&quot;,&quot;size&quot;:&quot;&quot;,&quot;sizes&quot;:[]},&quot;_transform_perspective_effect_tablet&quot;:{&quot;unit&quot;:&quot;px&quot;,&quot;size&quot;:&quot;&quot;,&quot;sizes&quot;:[]},&quot;_transform_perspective_effect_mobile&quot;:{&quot;unit&quot;:&quot;px&quot;,&quot;size&quot;:&quot;&quot;,&quot;sizes&quot;:[]}}\" data-widget_type=\"image.default\">\n\t\t\t\t<div class=\"elementor-widget-container\">\n\t\t\t\t\t\t\t\t\t\t\t\t\t\t\t<img loading=\"lazy\" decoding=\"async\" width=\"800\" height=\"1000\" src=\"https:\/\/www.omni-biotic.com\/fr-fr\/wp-content\/uploads\/sites\/4\/2024\/04\/engagements_solidaires_caricatifs.webp\" class=\"attachment-large size-large wp-image-24883\" alt=\"\" srcset=\"https:\/\/www.omni-biotic.com\/fr-fr\/wp-content\/uploads\/sites\/4\/2024\/04\/engagements_solidaires_caricatifs.webp 800w, https:\/\/www.omni-biotic.com\/fr-fr\/wp-content\/uploads\/sites\/4\/2024\/04\/engagements_solidaires_caricatifs-240x300.webp 240w, https:\/\/www.omni-biotic.com\/fr-fr\/wp-content\/uploads\/sites\/4\/2024\/04\/engagements_solidaires_caricatifs-768x960.webp 768w\" sizes=\"(max-width: 800px) 100vw, 800px\" title=\"\">\t\t\t\t\t\t\t\t\t\t\t\t\t\t\t<\/div>\n\t\t\t\t<\/div>\n\t\t\t\t<\/div>\n\t\t\t\t\t<\/div>\n\t\t\t\t<\/div>\n\t\t\t\t<\/div>\n\t\t","protected":false},"excerpt":{"rendered":"<p>Collaborateurs &amp; Communaut\u00e9 Home La sant\u00e9 au travail : une priorit\u00e9 Une entreprise familiale o\u00f9 l&rsquo;humain est plac\u00e9 au c\u0153ur de notre travail Un v\u00e9ritable esprit d&rsquo;\u00e9quipe Une entreprise familiale Nous sommes une entreprise familiale au sein de laquelle l&rsquo;humain est plac\u00e9 au c\u0153ur du travail. Nos collaborateurs \u00e9voluent dans un environnement de travail cr\u00e9\u00e9 [&hellip;]<\/p>\n","protected":false},"author":8,"featured_media":24828,"parent":24809,"menu_order":0,"comment_status":"closed","ping_status":"closed","template":"","meta":{"_acf_changed":false,"inline_featured_image":false,"footnotes":""},"class_list":["post-24838","page","type-page","status-publish","has-post-thumbnail","hentry"],"acf":[],"_links":{"self":[{"href":"https:\/\/www.omni-biotic.com\/fr-fr\/wp-json\/wp\/v2\/pages\/24838","targetHints":{"allow":["GET"]}}],"collection":[{"href":"https:\/\/www.omni-biotic.com\/fr-fr\/wp-json\/wp\/v2\/pages"}],"about":[{"href":"https:\/\/www.omni-biotic.com\/fr-fr\/wp-json\/wp\/v2\/types\/page"}],"author":[{"embeddable":true,"href":"https:\/\/www.omni-biotic.com\/fr-fr\/wp-json\/wp\/v2\/users\/8"}],"replies":[{"embeddable":true,"href":"https:\/\/www.omni-biotic.com\/fr-fr\/wp-json\/wp\/v2\/comments?post=24838"}],"version-history":[{"count":7,"href":"https:\/\/www.omni-biotic.com\/fr-fr\/wp-json\/wp\/v2\/pages\/24838\/revisions"}],"predecessor-version":[{"id":24946,"href":"https:\/\/www.omni-biotic.com\/fr-fr\/wp-json\/wp\/v2\/pages\/24838\/revisions\/24946"}],"up":[{"embeddable":true,"href":"https:\/\/www.omni-biotic.com\/fr-fr\/wp-json\/wp\/v2\/pages\/24809"}],"wp:featuredmedia":[{"embeddable":true,"href":"https:\/\/www.omni-biotic.com\/fr-fr\/wp-json\/wp\/v2\/media\/24828"}],"wp:attachment":[{"href":"https:\/\/www.omni-biotic.com\/fr-fr\/wp-json\/wp\/v2\/media?parent=24838"}],"curies":[{"name":"wp","href":"https:\/\/api.w.org\/{rel}","templated":true}]}}