{"id":24851,"date":"2024-04-02T12:32:07","date_gmt":"2024-04-02T10:32:07","guid":{"rendered":"https:\/\/www.omni-biotic.com\/fr-fr\/?page_id=24851"},"modified":"2024-04-02T12:32:07","modified_gmt":"2024-04-02T10:32:07","slug":"environnement-et-ressources","status":"publish","type":"page","link":"https:\/\/www.omni-biotic.com\/fr-fr\/durabilite\/environnement-et-ressources\/","title":{"rendered":"Environnement et ressources"},"content":{"rendered":"\t\t<div data-elementor-type=\"wp-page\" data-elementor-id=\"24851\" class=\"elementor elementor-24851\" data-elementor-post-type=\"page\">\n\t\t\t\t<div class=\"elementor-element elementor-element-1e2fe4e e-con-full obcs none e-flex e-con e-parent\" data-id=\"1e2fe4e\" data-element_type=\"container\" data-settings=\"{&quot;background_background&quot;:&quot;classic&quot;,&quot;shape_divider_bottom&quot;:&quot;waves&quot;}\">\n\t\t\t\t<div class=\"elementor-shape elementor-shape-bottom\" aria-hidden=\"true\" data-negative=\"false\">\n\t\t\t<svg xmlns=\"http:\/\/www.w3.org\/2000\/svg\" viewBox=\"0 0 1000 100\" preserveAspectRatio=\"none\">\n\t<path class=\"elementor-shape-fill\" d=\"M421.9,6.5c22.6-2.5,51.5,0.4,75.5,5.3c23.6,4.9,70.9,23.5,100.5,35.7c75.8,32.2,133.7,44.5,192.6,49.7\n\tc23.6,2.1,48.7,3.5,103.4-2.5c54.7-6,106.2-25.6,106.2-25.6V0H0v30.3c0,0,72,32.6,158.4,30.5c39.2-0.7,92.8-6.7,134-22.4\n\tc21.2-8.1,52.2-18.2,79.7-24.2C399.3,7.9,411.6,7.5,421.9,6.5z\"\/>\n<\/svg>\t\t<\/div>\n\t\t<div class=\"elementor-element elementor-element-1dd9b0c e-con-full obcs none e-flex e-con e-child\" data-id=\"1dd9b0c\" data-element_type=\"container\" data-settings=\"{&quot;background_background&quot;:&quot;gradient&quot;}\">\n\t\t\t\t<div class=\"elementor-element elementor-element-9f2e053 elementor-widget elementor-widget-heading\" data-id=\"9f2e053\" data-element_type=\"widget\" data-widget_type=\"heading.default\">\n\t\t\t\t<div class=\"elementor-widget-container\">\n\t\t\t\t\t<h1 class=\"elementor-heading-title elementor-size-default\">Environnement et ressources<\/h1>\t\t\t\t<\/div>\n\t\t\t\t<\/div>\n\t\t\t\t<div class=\"elementor-element elementor-element-7e0e2ff elementor-widget-divider--view-line elementor-widget elementor-widget-divider\" data-id=\"7e0e2ff\" data-element_type=\"widget\" data-widget_type=\"divider.default\">\n\t\t\t\t<div class=\"elementor-widget-container\">\n\t\t\t\t\t\t\t<div class=\"elementor-divider\">\n\t\t\t<span class=\"elementor-divider-separator\">\n\t\t\t\t\t\t<\/span>\n\t\t<\/div>\n\t\t\t\t\t\t<\/div>\n\t\t\t\t<\/div>\n\t\t\t\t<div class=\"elementor-element elementor-element-1eb287f elementor-widget elementor-widget-heading\" data-id=\"1eb287f\" data-element_type=\"widget\" data-widget_type=\"heading.default\">\n\t\t\t\t<div class=\"elementor-widget-container\">\n\t\t\t\t\t<h3 class=\"elementor-heading-title elementor-size-default\">Nos valeurs<\/h3>\t\t\t\t<\/div>\n\t\t\t\t<\/div>\n\t\t\t\t<\/div>\n\t\t\t\t<\/div>\n\t\t<div class=\"elementor-element elementor-element-b9fc2c0 obcs none e-flex e-con-boxed e-con e-parent\" data-id=\"b9fc2c0\" data-element_type=\"container\">\n\t\t\t\t\t<div class=\"e-con-inner\">\n\t\t<div class=\"elementor-element elementor-element-15fc4e1 obcs none e-flex e-con-boxed e-con e-child\" data-id=\"15fc4e1\" data-element_type=\"container\">\n\t\t\t\t\t<div class=\"e-con-inner\">\n\t\t<div class=\"elementor-element elementor-element-1e25236 e-con-full obcs none e-flex e-con e-child\" data-id=\"1e25236\" data-element_type=\"container\">\n\t\t\t\t<div class=\"elementor-element elementor-element-80c4491 elementor-align-left elementor-widget__width-initial elementor-widget elementor-widget-breadcrumbs\" data-id=\"80c4491\" data-element_type=\"widget\" data-widget_type=\"breadcrumbs.default\">\n\t\t\t\t<div class=\"elementor-widget-container\">\n\t\t\t\t\t<span><span class=\"last\">Home<\/span><\/span>\t\t\t\t<\/div>\n\t\t\t\t<\/div>\n\t\t\t\t<\/div>\n\t\t\t\t\t<\/div>\n\t\t\t\t<\/div>\n\t\t\t\t\t<\/div>\n\t\t\t\t<\/div>\n\t\t<div class=\"elementor-element elementor-element-797fb28 obcs none e-flex e-con-boxed e-con e-parent\" data-id=\"797fb28\" data-element_type=\"container\">\n\t\t\t\t\t<div class=\"e-con-inner\">\n\t\t<div class=\"elementor-element elementor-element-2a559bd e-con-full obcs none e-flex e-con e-child\" data-id=\"2a559bd\" data-element_type=\"container\" data-settings=\"{&quot;background_background&quot;:&quot;classic&quot;}\">\n\t\t\t\t<div class=\"elementor-element elementor-element-ca806f3 elementor-widget elementor-widget-image\" data-id=\"ca806f3\" data-element_type=\"widget\" data-widget_type=\"image.default\">\n\t\t\t\t<div class=\"elementor-widget-container\">\n\t\t\t\t\t\t\t\t\t\t\t\t\t\t\t<img fetchpriority=\"high\" decoding=\"async\" width=\"800\" height=\"840\" src=\"https:\/\/www.omni-biotic.com\/fr-fr\/wp-content\/uploads\/sites\/4\/2024\/04\/batiment_durable.svg\" class=\"attachment-large size-large wp-image-24897\" alt=\"B\u00e2timent \u00e0 haute efficacit\u00e9 \u00e9nerg\u00e9tique\" title=\"\">\t\t\t\t\t\t\t\t\t\t\t\t\t\t\t<\/div>\n\t\t\t\t<\/div>\n\t\t\t\t<div class=\"elementor-element elementor-element-c14a524 elementor-widget elementor-widget-heading\" data-id=\"c14a524\" data-element_type=\"widget\" data-widget_type=\"heading.default\">\n\t\t\t\t<div class=\"elementor-widget-container\">\n\t\t\t\t\t<div class=\"elementor-heading-title elementor-size-default\">B\u00e2timent \u00e0 haute efficacit\u00e9 \u00e9nerg\u00e9tique<\/div>\t\t\t\t<\/div>\n\t\t\t\t<\/div>\n\t\t\t\t<\/div>\n\t\t<div class=\"elementor-element elementor-element-5ba4a2a e-con-full obcs none e-flex e-con e-child\" data-id=\"5ba4a2a\" data-element_type=\"container\" data-settings=\"{&quot;background_background&quot;:&quot;classic&quot;}\">\n\t\t\t\t<div class=\"elementor-element elementor-element-4713c5b elementor-widget elementor-widget-image\" data-id=\"4713c5b\" data-element_type=\"widget\" data-widget_type=\"image.default\">\n\t\t\t\t<div class=\"elementor-widget-container\">\n\t\t\t\t\t\t\t\t\t\t\t\t\t\t\t<img decoding=\"async\" width=\"800\" height=\"800\" src=\"https:\/\/www.omni-biotic.com\/fr-fr\/wp-content\/uploads\/sites\/4\/2024\/04\/energies_renouvelables.svg\" class=\"attachment-large size-large wp-image-24898\" alt=\"\u00c9lectricit\u00e9 produite sur place \u00e0 partir d&#039;\u00e9nergies renouvelables\" title=\"\">\t\t\t\t\t\t\t\t\t\t\t\t\t\t\t<\/div>\n\t\t\t\t<\/div>\n\t\t\t\t<div class=\"elementor-element elementor-element-db7b278 elementor-widget elementor-widget-heading\" data-id=\"db7b278\" data-element_type=\"widget\" data-widget_type=\"heading.default\">\n\t\t\t\t<div class=\"elementor-widget-container\">\n\t\t\t\t\t<div class=\"elementor-heading-title elementor-size-default\">\u00c9lectricit\u00e9 produite sur place \u00e0 partir d'\u00e9nergies renouvelables\n\n<\/div>\t\t\t\t<\/div>\n\t\t\t\t<\/div>\n\t\t\t\t<\/div>\n\t\t<div class=\"elementor-element elementor-element-5103f39 e-con-full obcs none e-flex e-con e-child\" data-id=\"5103f39\" data-element_type=\"container\" data-settings=\"{&quot;background_background&quot;:&quot;classic&quot;}\">\n\t\t\t\t<div class=\"elementor-element elementor-element-3cc7716 elementor-widget elementor-widget-image\" data-id=\"3cc7716\" data-element_type=\"widget\" data-widget_type=\"image.default\">\n\t\t\t\t<div class=\"elementor-widget-container\">\n\t\t\t\t\t\t\t\t\t\t\t\t\t\t\t<img decoding=\"async\" width=\"800\" height=\"800\" src=\"https:\/\/www.omni-biotic.com\/fr-fr\/wp-content\/uploads\/sites\/4\/2024\/04\/recyclage.svg\" class=\"attachment-large size-large wp-image-24899\" alt=\"Utilisation de mat\u00e9riaux durables ou recycl\u00e9s\" title=\"\">\t\t\t\t\t\t\t\t\t\t\t\t\t\t\t<\/div>\n\t\t\t\t<\/div>\n\t\t\t\t<div class=\"elementor-element elementor-element-d025237 elementor-widget elementor-widget-heading\" data-id=\"d025237\" data-element_type=\"widget\" data-widget_type=\"heading.default\">\n\t\t\t\t<div class=\"elementor-widget-container\">\n\t\t\t\t\t<div class=\"elementor-heading-title elementor-size-default\">Utilisation de mat\u00e9riaux durables ou recycl\u00e9s<\/div>\t\t\t\t<\/div>\n\t\t\t\t<\/div>\n\t\t\t\t<\/div>\n\t\t\t\t\t<\/div>\n\t\t\t\t<\/div>\n\t\t<div class=\"elementor-element elementor-element-3f28cde obcs green e-flex e-con-boxed e-con e-parent\" data-id=\"3f28cde\" data-element_type=\"container\">\n\t\t\t\t\t<div class=\"e-con-inner\">\n\t\t<div class=\"elementor-element elementor-element-d3d9b1e e-con-full obcs none e-flex e-con e-child\" data-id=\"d3d9b1e\" data-element_type=\"container\">\n\t\t\t\t<div class=\"elementor-element elementor-element-2e898b8 elementor-widget elementor-widget-text-editor\" data-id=\"2e898b8\" data-element_type=\"widget\" data-widget_type=\"text-editor.default\">\n\t\t\t\t<div class=\"elementor-widget-container\">\n\t\t\t\t\t\t\t\t\t<p>Le si\u00e8ge de l&rsquo;Institut AllergoSan est un exemple de <strong>construction durable, \u00e9nerg\u00e9tiquement efficace<\/strong> et un projet visionnaire. D\u00e8s la construction, nous avons veill\u00e9 \u00e0 faire appel \u00e0 des entreprises r\u00e9gionales pour promouvoir les forces de travail du territoire et \u00e9viter les longs d\u00e9placements. Le r\u00e9sultat est \u00e0 la hauteur de nos attentes et parle de lui-m\u00eame : <strong>tr\u00e8s faible consommation d&rsquo;\u00e9nergie<\/strong> pour la climatisation et le chauffage. Nous avons \u00e9galement int\u00e9gr\u00e9 une d\u00e9marche de durabilit\u00e9 \u00e0 ce projet : <strong>un toit v\u00e9g\u00e9talis\u00e9<\/strong> att\u00e9nue la surchauffe du b\u00e2timent, stocke l&rsquo;eau de pluie, abrite un h\u00f4tel pour insectes afin de leur proposer un abri et offre un espace vert pour les abeilles.<\/p><p>Par ailleurs, nous sommes particuli\u00e8rement satisfaits de <strong>notre installation de panneaux photovolta\u00efques<\/strong> d&rsquo;une puissance de 160 kWh, qui occupe tout le toit de l&rsquo;entrep\u00f4t et qui fournit de l&rsquo;\u00e9nergie \u00e9t\u00e9 comme hiver. Cette installation nous permet de procurer une temp\u00e9rature agr\u00e9able dans les diff\u00e9rents espaces de travail. Nous misons aussi sur <strong>l&rsquo;\u00e9nergie \u00e9lectrique pour les v\u00e9hicules de l&rsquo;entreprise<\/strong> : le nombre de stations de recharge et de voitures \u00e9lectriques est en constante augmentation. Nous soutenons toutes les personnes qui se rendent au bureau en transports en commun en leur proposant le \u00ab\u00a0<strong>Klimat-Ticket<\/strong>\u00ab\u00a0, cette carte de transport leur permet de prendre gratuitement tous les transports publics propos\u00e9s dans la r\u00e9gion. Cette initiative est tr\u00e8s appr\u00e9ci\u00e9e de nos collaborateurs et contribue fortement \u00e0 la r\u00e9duction des \u00e9missions de CO2.\u00a0<\/p>\t\t\t\t\t\t\t\t<\/div>\n\t\t\t\t<\/div>\n\t\t<div class=\"elementor-element elementor-element-2d5ccba obcs none e-flex e-con-boxed e-con e-child\" data-id=\"2d5ccba\" data-element_type=\"container\">\n\t\t\t\t\t<div class=\"e-con-inner\">\n\t\t<div class=\"elementor-element elementor-element-aeba275 obcs none e-flex e-con-boxed e-con e-child\" data-id=\"aeba275\" data-element_type=\"container\">\n\t\t\t\t\t<div class=\"e-con-inner\">\n\t\t<div class=\"elementor-element elementor-element-dee808b e-con-full obcs none e-flex e-con e-child\" data-id=\"dee808b\" data-element_type=\"container\">\n\t\t\t\t<div class=\"elementor-element elementor-element-49746a7 e-transform elementor-widget elementor-widget-image\" data-id=\"49746a7\" data-element_type=\"widget\" data-settings=\"{&quot;_transform_rotateZ_effect&quot;:{&quot;unit&quot;:&quot;px&quot;,&quot;size&quot;:&quot;0&quot;,&quot;sizes&quot;:[]},&quot;_transform_rotate_3d&quot;:&quot;yes&quot;,&quot;_transform_rotateX_effect&quot;:{&quot;unit&quot;:&quot;px&quot;,&quot;size&quot;:&quot;0&quot;,&quot;sizes&quot;:[]},&quot;_transform_rotateY_effect&quot;:{&quot;unit&quot;:&quot;px&quot;,&quot;size&quot;:&quot;4&quot;,&quot;sizes&quot;:[]},&quot;_transform_perspective_effect&quot;:{&quot;unit&quot;:&quot;px&quot;,&quot;size&quot;:&quot;650&quot;,&quot;sizes&quot;:[]},&quot;_transform_rotateZ_effect_tablet&quot;:{&quot;unit&quot;:&quot;deg&quot;,&quot;size&quot;:&quot;&quot;,&quot;sizes&quot;:[]},&quot;_transform_rotateZ_effect_mobile&quot;:{&quot;unit&quot;:&quot;deg&quot;,&quot;size&quot;:&quot;&quot;,&quot;sizes&quot;:[]},&quot;_transform_rotateX_effect_tablet&quot;:{&quot;unit&quot;:&quot;deg&quot;,&quot;size&quot;:&quot;&quot;,&quot;sizes&quot;:[]},&quot;_transform_rotateX_effect_mobile&quot;:{&quot;unit&quot;:&quot;deg&quot;,&quot;size&quot;:&quot;&quot;,&quot;sizes&quot;:[]},&quot;_transform_rotateY_effect_tablet&quot;:{&quot;unit&quot;:&quot;deg&quot;,&quot;size&quot;:&quot;&quot;,&quot;sizes&quot;:[]},&quot;_transform_rotateY_effect_mobile&quot;:{&quot;unit&quot;:&quot;deg&quot;,&quot;size&quot;:&quot;&quot;,&quot;sizes&quot;:[]},&quot;_transform_perspective_effect_tablet&quot;:{&quot;unit&quot;:&quot;px&quot;,&quot;size&quot;:&quot;&quot;,&quot;sizes&quot;:[]},&quot;_transform_perspective_effect_mobile&quot;:{&quot;unit&quot;:&quot;px&quot;,&quot;size&quot;:&quot;&quot;,&quot;sizes&quot;:[]}}\" data-widget_type=\"image.default\">\n\t\t\t\t<div class=\"elementor-widget-container\">\n\t\t\t\t\t\t\t\t\t\t\t\t\t\t\t<img loading=\"lazy\" decoding=\"async\" width=\"800\" height=\"800\" src=\"https:\/\/www.omni-biotic.com\/fr-fr\/wp-content\/uploads\/sites\/4\/2024\/04\/environnement_ressources.jpg\" class=\"attachment-large size-large wp-image-24830\" alt=\"Environnement et ressources\" srcset=\"https:\/\/www.omni-biotic.com\/fr-fr\/wp-content\/uploads\/sites\/4\/2024\/04\/environnement_ressources.jpg 1024w, https:\/\/www.omni-biotic.com\/fr-fr\/wp-content\/uploads\/sites\/4\/2024\/04\/environnement_ressources-300x300.jpg 300w, https:\/\/www.omni-biotic.com\/fr-fr\/wp-content\/uploads\/sites\/4\/2024\/04\/environnement_ressources-150x150.jpg 150w, https:\/\/www.omni-biotic.com\/fr-fr\/wp-content\/uploads\/sites\/4\/2024\/04\/environnement_ressources-768x768.jpg 768w\" sizes=\"(max-width: 800px) 100vw, 800px\" title=\"\">\t\t\t\t\t\t\t\t\t\t\t\t\t\t\t<\/div>\n\t\t\t\t<\/div>\n\t\t\t\t<\/div>\n\t\t<div class=\"elementor-element elementor-element-33bef94 e-con-full obcs none e-flex e-con e-child\" data-id=\"33bef94\" data-element_type=\"container\">\n\t\t\t\t<div class=\"elementor-element elementor-element-599e084 elementor-widget elementor-widget-text-editor\" data-id=\"599e084\" data-element_type=\"widget\" data-widget_type=\"text-editor.default\">\n\t\t\t\t<div class=\"elementor-widget-container\">\n\t\t\t\t\t\t\t\t\t<p>L&rsquo;un des plus grands d\u00e9fis \u00e0 l&rsquo;\u00e9chelle mondiale est la disponibilit\u00e9 des ressources naturelles de la plan\u00e8te. Notre devise est d&rsquo;utiliser <strong>les mat\u00e9riaux les plus respectueux de l&rsquo;environnement et les plus recyclables possibles<\/strong> ; des contenants aux cartons d&rsquo;exp\u00e9dition. Ainsi, nous \u00e9tudions r\u00e9guli\u00e8rement les offres disponibles sur le march\u00e9 pour trouver des <strong>alternatives plus \u00e9cologiques<\/strong> tout en respectant la charte qualit\u00e9 de l&rsquo;entreprise, qui est naturellement conforme <strong>aux normes europ\u00e9ennes<\/strong>.\u00a0<\/p>\t\t\t\t\t\t\t\t<\/div>\n\t\t\t\t<\/div>\n\t\t\t\t<\/div>\n\t\t\t\t\t<\/div>\n\t\t\t\t<\/div>\n\t\t\t\t\t<\/div>\n\t\t\t\t<\/div>\n\t\t<div class=\"elementor-element elementor-element-d3b1317 obcs none e-flex e-con-boxed e-con e-child\" data-id=\"d3b1317\" data-element_type=\"container\">\n\t\t\t\t\t<div class=\"e-con-inner\">\n\t\t<div class=\"elementor-element elementor-element-fa040ce obcs none e-flex e-con-boxed e-con e-child\" data-id=\"fa040ce\" data-element_type=\"container\">\n\t\t\t\t\t<div class=\"e-con-inner\">\n\t\t\t\t<div class=\"elementor-element elementor-element-76b430b elementor-widget elementor-widget-infobox\" data-id=\"76b430b\" data-element_type=\"widget\" data-widget_type=\"infobox.default\">\n\t\t\t\t<div class=\"elementor-widget-container\">\n\t\t\t\t\t\n<div class=\"li-widgets--infobox blue\">\n\n    <div class=\"li-widgets--infobox__icon\">\n        <i aria-hidden=\"true\" class=\"fas fa-hand-holding-heart\"><\/i>    <\/div>\n    <div class=\"li-widgets--infobox__text\">\n            <\/div>\n    <div class=\"li-widgets--infobox__text-body\">\n        <p>Les bo\u00eetes de nos produits de la gamme <strong>META-CARE\u00ae<\/strong> sont fabriqu\u00e9s \u00e0 partir de <strong>mat\u00e9riaux 100 % recycl\u00e9s<\/strong> PET et tous les cartons d'emballage \u00e0 partir d'un m\u00e9lange FSC\u00ae ou d'un m\u00e9lange FSC\u00ae combin\u00e9 \u00e0 un certificat PEFC <em>(programme de reconnaissance des certifications foresti\u00e8res garantissant l'application de r\u00e8gles strictes par tous les intervenants)<\/em>.\u00a0<\/p>    <\/div>\n\n    \n<\/div>\n\t\t\t\t<\/div>\n\t\t\t\t<\/div>\n\t\t\t\t\t<\/div>\n\t\t\t\t<\/div>\n\t\t\t\t\t<\/div>\n\t\t\t\t<\/div>\n\t\t\t\t<div class=\"elementor-element elementor-element-6dde13c elementor-widget elementor-widget-text-editor\" data-id=\"6dde13c\" data-element_type=\"widget\" data-widget_type=\"text-editor.default\">\n\t\t\t\t<div class=\"elementor-widget-container\">\n\t\t\t\t\t\t\t\t\t<p>Afin d&rsquo;\u00e9viter l&rsquo;utilisation de plastique, nous avons remplac\u00e9 le mat\u00e9riau d&#8217;emballage (en papier bulle) servant \u00e0 la protection des produits dans les colis par du papier recycl\u00e9. Pour \u00e9viter le gaspillage, nous r\u00e9utilisons aussi les cartons re\u00e7us de la part de nos fournisseurs pour exp\u00e9dier nos produits.\u00a0<\/p><p>De plus, nous calculons l&#8217;empreinte carbone de toutes nos activit\u00e9s, ce qui nous permet d&rsquo;avoir une transparence totale de notre impact sur l&rsquo;environnement dans chaque domaine. Nous pouvons ainsi r\u00e9duire nos \u00e9missions de CO2 de mani\u00e8re cibl\u00e9e.\u00a0<\/p>\t\t\t\t\t\t\t\t<\/div>\n\t\t\t\t<\/div>\n\t\t\t\t<\/div>\n\t\t\t\t\t<\/div>\n\t\t\t\t<\/div>\n\t\t\t\t<\/div>\n\t\t","protected":false},"excerpt":{"rendered":"<p>Environnement et ressources Nos valeurs Home B\u00e2timent \u00e0 haute efficacit\u00e9 \u00e9nerg\u00e9tique \u00c9lectricit\u00e9 produite sur place \u00e0 partir d&rsquo;\u00e9nergies renouvelables Utilisation de mat\u00e9riaux durables ou recycl\u00e9s Le si\u00e8ge de l&rsquo;Institut AllergoSan est un exemple de construction durable, \u00e9nerg\u00e9tiquement efficace et un projet visionnaire. D\u00e8s la construction, nous avons veill\u00e9 \u00e0 faire appel \u00e0 des entreprises r\u00e9gionales [&hellip;]<\/p>\n","protected":false},"author":8,"featured_media":24830,"parent":24809,"menu_order":0,"comment_status":"closed","ping_status":"closed","template":"","meta":{"_acf_changed":false,"inline_featured_image":false,"footnotes":""},"class_list":["post-24851","page","type-page","status-publish","has-post-thumbnail","hentry"],"acf":[],"_links":{"self":[{"href":"https:\/\/www.omni-biotic.com\/fr-fr\/wp-json\/wp\/v2\/pages\/24851","targetHints":{"allow":["GET"]}}],"collection":[{"href":"https:\/\/www.omni-biotic.com\/fr-fr\/wp-json\/wp\/v2\/pages"}],"about":[{"href":"https:\/\/www.omni-biotic.com\/fr-fr\/wp-json\/wp\/v2\/types\/page"}],"author":[{"embeddable":true,"href":"https:\/\/www.omni-biotic.com\/fr-fr\/wp-json\/wp\/v2\/users\/8"}],"replies":[{"embeddable":true,"href":"https:\/\/www.omni-biotic.com\/fr-fr\/wp-json\/wp\/v2\/comments?post=24851"}],"version-history":[{"count":8,"href":"https:\/\/www.omni-biotic.com\/fr-fr\/wp-json\/wp\/v2\/pages\/24851\/revisions"}],"predecessor-version":[{"id":24910,"href":"https:\/\/www.omni-biotic.com\/fr-fr\/wp-json\/wp\/v2\/pages\/24851\/revisions\/24910"}],"up":[{"embeddable":true,"href":"https:\/\/www.omni-biotic.com\/fr-fr\/wp-json\/wp\/v2\/pages\/24809"}],"wp:featuredmedia":[{"embeddable":true,"href":"https:\/\/www.omni-biotic.com\/fr-fr\/wp-json\/wp\/v2\/media\/24830"}],"wp:attachment":[{"href":"https:\/\/www.omni-biotic.com\/fr-fr\/wp-json\/wp\/v2\/media?parent=24851"}],"curies":[{"name":"wp","href":"https:\/\/api.w.org\/{rel}","templated":true}]}}