{"id":24860,"date":"2024-04-02T12:53:08","date_gmt":"2024-04-02T10:53:08","guid":{"rendered":"https:\/\/www.omni-biotic.com\/fr-fr\/?page_id=24860"},"modified":"2024-04-02T12:53:08","modified_gmt":"2024-04-02T10:53:08","slug":"durabilite-economique","status":"publish","type":"page","link":"https:\/\/www.omni-biotic.com\/fr-fr\/durabilite\/durabilite-economique\/","title":{"rendered":"Durabilit\u00e9 \u00e9conomique"},"content":{"rendered":"\t\t<div data-elementor-type=\"wp-page\" data-elementor-id=\"24860\" class=\"elementor elementor-24860\" data-elementor-post-type=\"page\">\n\t\t\t\t<div class=\"elementor-element elementor-element-84095e9 e-con-full obcs none e-flex e-con e-parent\" data-id=\"84095e9\" data-element_type=\"container\" data-settings=\"{&quot;background_background&quot;:&quot;classic&quot;,&quot;shape_divider_bottom&quot;:&quot;waves&quot;}\">\n\t\t\t\t<div class=\"elementor-shape elementor-shape-bottom\" aria-hidden=\"true\" data-negative=\"false\">\n\t\t\t<svg xmlns=\"http:\/\/www.w3.org\/2000\/svg\" viewBox=\"0 0 1000 100\" preserveAspectRatio=\"none\">\n\t<path class=\"elementor-shape-fill\" d=\"M421.9,6.5c22.6-2.5,51.5,0.4,75.5,5.3c23.6,4.9,70.9,23.5,100.5,35.7c75.8,32.2,133.7,44.5,192.6,49.7\n\tc23.6,2.1,48.7,3.5,103.4-2.5c54.7-6,106.2-25.6,106.2-25.6V0H0v30.3c0,0,72,32.6,158.4,30.5c39.2-0.7,92.8-6.7,134-22.4\n\tc21.2-8.1,52.2-18.2,79.7-24.2C399.3,7.9,411.6,7.5,421.9,6.5z\"\/>\n<\/svg>\t\t<\/div>\n\t\t<div class=\"elementor-element elementor-element-1d87ea9 e-con-full obcs none e-flex e-con e-child\" data-id=\"1d87ea9\" data-element_type=\"container\" data-settings=\"{&quot;background_background&quot;:&quot;gradient&quot;}\">\n\t\t\t\t<div class=\"elementor-element elementor-element-fa6de2c elementor-widget elementor-widget-heading\" data-id=\"fa6de2c\" data-element_type=\"widget\" data-widget_type=\"heading.default\">\n\t\t\t\t<div class=\"elementor-widget-container\">\n\t\t\t\t\t<h1 class=\"elementor-heading-title elementor-size-default\">Durabilit\u00e9 \u00e9conomique <\/h1>\t\t\t\t<\/div>\n\t\t\t\t<\/div>\n\t\t\t\t<div class=\"elementor-element elementor-element-4f913f5 elementor-widget-divider--view-line elementor-widget elementor-widget-divider\" data-id=\"4f913f5\" data-element_type=\"widget\" data-widget_type=\"divider.default\">\n\t\t\t\t<div class=\"elementor-widget-container\">\n\t\t\t\t\t\t\t<div class=\"elementor-divider\">\n\t\t\t<span class=\"elementor-divider-separator\">\n\t\t\t\t\t\t<\/span>\n\t\t<\/div>\n\t\t\t\t\t\t<\/div>\n\t\t\t\t<\/div>\n\t\t\t\t<\/div>\n\t\t\t\t<\/div>\n\t\t<div class=\"elementor-element elementor-element-f2b3f2e obcs none e-flex e-con-boxed e-con e-parent\" data-id=\"f2b3f2e\" data-element_type=\"container\">\n\t\t\t\t\t<div class=\"e-con-inner\">\n\t\t<div class=\"elementor-element elementor-element-6dc4b8a obcs none e-flex e-con-boxed e-con e-child\" data-id=\"6dc4b8a\" data-element_type=\"container\">\n\t\t\t\t\t<div class=\"e-con-inner\">\n\t\t<div class=\"elementor-element elementor-element-dcaab28 e-con-full obcs none e-flex e-con e-child\" data-id=\"dcaab28\" data-element_type=\"container\">\n\t\t\t\t<div class=\"elementor-element elementor-element-bb8cae1 elementor-align-left elementor-widget__width-initial elementor-widget elementor-widget-breadcrumbs\" data-id=\"bb8cae1\" data-element_type=\"widget\" data-widget_type=\"breadcrumbs.default\">\n\t\t\t\t<div class=\"elementor-widget-container\">\n\t\t\t\t\t<span><span class=\"last\">Home<\/span><\/span>\t\t\t\t<\/div>\n\t\t\t\t<\/div>\n\t\t\t\t<\/div>\n\t\t\t\t\t<\/div>\n\t\t\t\t<\/div>\n\t\t\t\t\t<\/div>\n\t\t\t\t<\/div>\n\t\t<div class=\"elementor-element elementor-element-1cd31d5 obcs none e-flex e-con-boxed e-con e-parent\" data-id=\"1cd31d5\" data-element_type=\"container\">\n\t\t\t\t\t<div class=\"e-con-inner\">\n\t\t<div class=\"elementor-element elementor-element-c85185b e-con-full obcs none e-flex e-con e-child\" data-id=\"c85185b\" data-element_type=\"container\" data-settings=\"{&quot;background_background&quot;:&quot;classic&quot;}\">\n\t\t\t\t<div class=\"elementor-element elementor-element-5b2e5f1 elementor-widget elementor-widget-image\" data-id=\"5b2e5f1\" data-element_type=\"widget\" data-widget_type=\"image.default\">\n\t\t\t\t<div class=\"elementor-widget-container\">\n\t\t\t\t\t\t\t\t\t\t\t\t\t\t\t<img fetchpriority=\"high\" decoding=\"async\" width=\"753\" height=\"1024\" src=\"https:\/\/www.omni-biotic.com\/fr-fr\/wp-content\/uploads\/sites\/4\/2024\/04\/wissenschaft.svg\" class=\"attachment-large size-large wp-image-24862\" alt=\"\" title=\"\">\t\t\t\t\t\t\t\t\t\t\t\t\t\t\t<\/div>\n\t\t\t\t<\/div>\n\t\t\t\t<div class=\"elementor-element elementor-element-e08b9ee elementor-widget elementor-widget-heading\" data-id=\"e08b9ee\" data-element_type=\"widget\" data-widget_type=\"heading.default\">\n\t\t\t\t<div class=\"elementor-widget-container\">\n\t\t\t\t\t<div class=\"elementor-heading-title elementor-size-default\">Exigence \u00e9lev\u00e9e de qualit\u00e9 de nos produits et de nos services<\/div>\t\t\t\t<\/div>\n\t\t\t\t<\/div>\n\t\t\t\t<\/div>\n\t\t<div class=\"elementor-element elementor-element-21720b3 e-con-full obcs none e-flex e-con e-child\" data-id=\"21720b3\" data-element_type=\"container\" data-settings=\"{&quot;background_background&quot;:&quot;classic&quot;}\">\n\t\t\t\t<div class=\"elementor-element elementor-element-5dfb273 elementor-widget elementor-widget-image\" data-id=\"5dfb273\" data-element_type=\"widget\" data-widget_type=\"image.default\">\n\t\t\t\t<div class=\"elementor-widget-container\">\n\t\t\t\t\t\t\t\t\t\t\t\t\t\t\t<img decoding=\"async\" width=\"800\" height=\"872\" src=\"https:\/\/www.omni-biotic.com\/fr-fr\/wp-content\/uploads\/sites\/4\/2024\/04\/forschung.svg\" class=\"attachment-large size-large wp-image-24863\" alt=\"\" title=\"\">\t\t\t\t\t\t\t\t\t\t\t\t\t\t\t<\/div>\n\t\t\t\t<\/div>\n\t\t\t\t<div class=\"elementor-element elementor-element-7701641 elementor-widget elementor-widget-heading\" data-id=\"7701641\" data-element_type=\"widget\" data-widget_type=\"heading.default\">\n\t\t\t\t<div class=\"elementor-widget-container\">\n\t\t\t\t\t<div class=\"elementor-heading-title elementor-size-default\">Coop\u00e9ration avec des institutions prestigieuses et reconnues<\/div>\t\t\t\t<\/div>\n\t\t\t\t<\/div>\n\t\t\t\t<\/div>\n\t\t<div class=\"elementor-element elementor-element-98660d6 e-con-full obcs none e-flex e-con e-child\" data-id=\"98660d6\" data-element_type=\"container\" data-settings=\"{&quot;background_background&quot;:&quot;classic&quot;}\">\n\t\t\t\t<div class=\"elementor-element elementor-element-0cfb0bc elementor-widget elementor-widget-image\" data-id=\"0cfb0bc\" data-element_type=\"widget\" data-widget_type=\"image.default\">\n\t\t\t\t<div class=\"elementor-widget-container\">\n\t\t\t\t\t\t\t\t\t\t\t\t\t\t\t<img decoding=\"async\" width=\"800\" height=\"856\" src=\"https:\/\/www.omni-biotic.com\/fr-fr\/wp-content\/uploads\/sites\/4\/2024\/04\/ressourcenverbrauch.svg\" class=\"attachment-large size-large wp-image-24864\" alt=\"\" title=\"\">\t\t\t\t\t\t\t\t\t\t\t\t\t\t\t<\/div>\n\t\t\t\t<\/div>\n\t\t\t\t<div class=\"elementor-element elementor-element-a907d87 elementor-widget elementor-widget-heading\" data-id=\"a907d87\" data-element_type=\"widget\" data-widget_type=\"heading.default\">\n\t\t\t\t<div class=\"elementor-widget-container\">\n\t\t\t\t\t<div class=\"elementor-heading-title elementor-size-default\">Ma\u00eetrise de l'utilisation des ressources<\/div>\t\t\t\t<\/div>\n\t\t\t\t<\/div>\n\t\t\t\t<\/div>\n\t\t\t\t\t<\/div>\n\t\t\t\t<\/div>\n\t\t<div class=\"elementor-element elementor-element-3dd5cfb obcs green e-flex e-con-boxed e-con e-parent\" data-id=\"3dd5cfb\" data-element_type=\"container\">\n\t\t\t\t\t<div class=\"e-con-inner\">\n\t\t<div class=\"elementor-element elementor-element-6873d03 e-con-full obcs none e-flex e-con e-child\" data-id=\"6873d03\" data-element_type=\"container\">\n\t\t<div class=\"elementor-element elementor-element-91fa5f8 obcs none e-flex e-con-boxed e-con e-child\" data-id=\"91fa5f8\" data-element_type=\"container\">\n\t\t\t\t\t<div class=\"e-con-inner\">\n\t\t<div class=\"elementor-element elementor-element-f92b020 obcs none e-flex e-con-boxed e-con e-child\" data-id=\"f92b020\" data-element_type=\"container\">\n\t\t\t\t\t<div class=\"e-con-inner\">\n\t\t<div class=\"elementor-element elementor-element-8a43a5c e-con-full obcs none e-flex e-con e-child\" data-id=\"8a43a5c\" data-element_type=\"container\">\n\t\t\t\t<div class=\"elementor-element elementor-element-f04e030 e-transform elementor-widget elementor-widget-image\" data-id=\"f04e030\" data-element_type=\"widget\" data-settings=\"{&quot;_transform_rotateZ_effect&quot;:{&quot;unit&quot;:&quot;px&quot;,&quot;size&quot;:&quot;0&quot;,&quot;sizes&quot;:[]},&quot;_transform_rotate_3d&quot;:&quot;yes&quot;,&quot;_transform_rotateX_effect&quot;:{&quot;unit&quot;:&quot;px&quot;,&quot;size&quot;:&quot;0&quot;,&quot;sizes&quot;:[]},&quot;_transform_rotateY_effect&quot;:{&quot;unit&quot;:&quot;px&quot;,&quot;size&quot;:&quot;4&quot;,&quot;sizes&quot;:[]},&quot;_transform_perspective_effect&quot;:{&quot;unit&quot;:&quot;px&quot;,&quot;size&quot;:&quot;650&quot;,&quot;sizes&quot;:[]},&quot;_transform_rotateZ_effect_tablet&quot;:{&quot;unit&quot;:&quot;deg&quot;,&quot;size&quot;:&quot;&quot;,&quot;sizes&quot;:[]},&quot;_transform_rotateZ_effect_mobile&quot;:{&quot;unit&quot;:&quot;deg&quot;,&quot;size&quot;:&quot;&quot;,&quot;sizes&quot;:[]},&quot;_transform_rotateX_effect_tablet&quot;:{&quot;unit&quot;:&quot;deg&quot;,&quot;size&quot;:&quot;&quot;,&quot;sizes&quot;:[]},&quot;_transform_rotateX_effect_mobile&quot;:{&quot;unit&quot;:&quot;deg&quot;,&quot;size&quot;:&quot;&quot;,&quot;sizes&quot;:[]},&quot;_transform_rotateY_effect_tablet&quot;:{&quot;unit&quot;:&quot;deg&quot;,&quot;size&quot;:&quot;&quot;,&quot;sizes&quot;:[]},&quot;_transform_rotateY_effect_mobile&quot;:{&quot;unit&quot;:&quot;deg&quot;,&quot;size&quot;:&quot;&quot;,&quot;sizes&quot;:[]},&quot;_transform_perspective_effect_tablet&quot;:{&quot;unit&quot;:&quot;px&quot;,&quot;size&quot;:&quot;&quot;,&quot;sizes&quot;:[]},&quot;_transform_perspective_effect_mobile&quot;:{&quot;unit&quot;:&quot;px&quot;,&quot;size&quot;:&quot;&quot;,&quot;sizes&quot;:[]}}\" data-widget_type=\"image.default\">\n\t\t\t\t<div class=\"elementor-widget-container\">\n\t\t\t\t\t\t\t\t\t\t\t\t\t\t\t<img loading=\"lazy\" decoding=\"async\" width=\"800\" height=\"800\" src=\"https:\/\/www.omni-biotic.com\/fr-fr\/wp-content\/uploads\/sites\/4\/2024\/04\/durabilite_economique.jpg\" class=\"attachment-large size-large wp-image-24829\" alt=\"Durabilit\u00e9 \u00e9conomique\" srcset=\"https:\/\/www.omni-biotic.com\/fr-fr\/wp-content\/uploads\/sites\/4\/2024\/04\/durabilite_economique.jpg 1024w, https:\/\/www.omni-biotic.com\/fr-fr\/wp-content\/uploads\/sites\/4\/2024\/04\/durabilite_economique-300x300.jpg 300w, https:\/\/www.omni-biotic.com\/fr-fr\/wp-content\/uploads\/sites\/4\/2024\/04\/durabilite_economique-150x150.jpg 150w, https:\/\/www.omni-biotic.com\/fr-fr\/wp-content\/uploads\/sites\/4\/2024\/04\/durabilite_economique-768x768.jpg 768w\" sizes=\"(max-width: 800px) 100vw, 800px\" title=\"\">\t\t\t\t\t\t\t\t\t\t\t\t\t\t\t<\/div>\n\t\t\t\t<\/div>\n\t\t\t\t<\/div>\n\t\t<div class=\"elementor-element elementor-element-2703f4b e-con-full obcs none e-flex e-con e-child\" data-id=\"2703f4b\" data-element_type=\"container\">\n\t\t\t\t<div class=\"elementor-element elementor-element-f50d944 elementor-widget elementor-widget-heading\" data-id=\"f50d944\" data-element_type=\"widget\" data-widget_type=\"heading.default\">\n\t\t\t\t<div class=\"elementor-widget-container\">\n\t\t\t\t\t<h2 class=\"elementor-heading-title elementor-size-default\">Durabilit\u00e9 \u00e9conomique <\/h2>\t\t\t\t<\/div>\n\t\t\t\t<\/div>\n\t\t\t\t<div class=\"elementor-element elementor-element-65782d6 elementor-widget elementor-widget-text-editor\" data-id=\"65782d6\" data-element_type=\"widget\" data-widget_type=\"text-editor.default\">\n\t\t\t\t<div class=\"elementor-widget-container\">\n\t\t\t\t\t\t\t\t\t<p>L&rsquo;Institut AllergoSan a pour ambition d&rsquo;agir de la mani\u00e8re la plus durable possible sur <strong>le plan \u00e9conomique<\/strong>, tout en cr\u00e9ant et proposant des <strong>emplois s\u00fbrs et attractifs<\/strong> pour ses collaborateurs. Le <strong>niveau d&rsquo;exigence \u00e9lev\u00e9<\/strong> de la qualit\u00e9 de nos produits ainsi que de nos services, associ\u00e9 \u00e0 un travail de recherche renomm\u00e9, garantit notre mod\u00e8le d&rsquo;entreprise sur le long terme et pour les g\u00e9n\u00e9rations futures. Gr\u00e2ce \u00e0 notre <strong>travail scientifique<\/strong>, nous contribuons \u00e0 <strong>fa\u00e7onner la m\u00e9decine de demain<\/strong> et nous jouissons d&rsquo;une grande confiance de la part de nos clients, mais aussi des m\u00e9decins et des pharmaciens \u00e0 l&rsquo;\u00e9gard de notre travail et de de nos produits. Ce sont cette exigence \u00e9lev\u00e9e et la grande qualit\u00e9 de notre offre qui ont permis, d&rsquo;une part, \u00e0 l&rsquo;Institut AllergoSan d&rsquo;\u00eatre consid\u00e9r\u00e9 comme <strong>un centre de comp\u00e9tences pour la recherche<\/strong> sur le microbiome reconnu \u00e0 l&rsquo;\u00e9chelle mondiale et d&rsquo;autre part, \u00e0 <a href=\"https:\/\/www.omni-biotic.com\/fr-fr\/a-propos-de-nous\/omni-biotic-presentation\/\"><strong>OMNi-BiOTiC\u00ae<\/strong><\/a> de devenir la troisi\u00e8me marque de probiotiques au monde. Nous travaillons constamment avec des experts internationaux et des instituts de recherches r\u00e9put\u00e9s dans le monde entier, tels que l&rsquo;h\u00f4pital universitaire de la Charit\u00e9 de Berlin, les h\u00f4pitaux universitaires de Zurich, de Hambourg, de Riyad ou l&rsquo;universit\u00e9 de Californie \u00e0 San Diego.\u00a0<\/p>\t\t\t\t\t\t\t\t<\/div>\n\t\t\t\t<\/div>\n\t\t\t\t<\/div>\n\t\t\t\t\t<\/div>\n\t\t\t\t<\/div>\n\t\t\t\t\t<\/div>\n\t\t\t\t<\/div>\n\t\t\t\t<\/div>\n\t\t\t\t\t<\/div>\n\t\t\t\t<\/div>\n\t\t<div class=\"elementor-element elementor-element-2375195 obcs none e-flex e-con-boxed e-con e-parent\" data-id=\"2375195\" data-element_type=\"container\">\n\t\t\t\t\t<div class=\"e-con-inner\">\n\t\t\t\t<div class=\"elementor-element elementor-element-0ab4724 elementor-widget elementor-widget-infobox\" data-id=\"0ab4724\" data-element_type=\"widget\" data-widget_type=\"infobox.default\">\n\t\t\t\t<div class=\"elementor-widget-container\">\n\t\t\t\t\t\n<div class=\"li-widgets--infobox blue\">\n\n    <div class=\"li-widgets--infobox__icon\">\n        <i aria-hidden=\"true\" class=\"fas fa-hand-holding-heart\"><\/i>    <\/div>\n    <div class=\"li-widgets--infobox__text\">\n            <\/div>\n    <div class=\"li-widgets--infobox__text-body\">\n        <p>Puisque nous pensons d\u00e9j\u00e0 \u00e0 demain et que nous sommes tourn\u00e9s vers l'avenir, nous nous sommes fix\u00e9s pour <strong>objectif<\/strong> que <strong>notre consommation d'\u00e9nergie et de ressources<\/strong> n'augmente pas dans les m\u00eames proportions que <strong>l'entreprise<\/strong> elle-m\u00eame. C'est dans ce but que nous calculons <strong>l'empreinte carbone de nos activit\u00e9s entrepreneuriales<\/strong>, incluant la gestion transparente des ressources. Cela nous permet d'avoir un aper\u00e7u d\u00e9taill\u00e9 des domaines auxquels nous devons accorder plus d'attention.\u00a0<\/p>    <\/div>\n\n    \n<\/div>\n\t\t\t\t<\/div>\n\t\t\t\t<\/div>\n\t\t\t\t\t<\/div>\n\t\t\t\t<\/div>\n\t\t\t\t<\/div>\n\t\t","protected":false},"excerpt":{"rendered":"<p>Durabilit\u00e9 \u00e9conomique Home Exigence \u00e9lev\u00e9e de qualit\u00e9 de nos produits et de nos services Coop\u00e9ration avec des institutions prestigieuses et reconnues Ma\u00eetrise de l&rsquo;utilisation des ressources Durabilit\u00e9 \u00e9conomique L&rsquo;Institut AllergoSan a pour ambition d&rsquo;agir de la mani\u00e8re la plus durable possible sur le plan \u00e9conomique, tout en cr\u00e9ant et proposant des emplois s\u00fbrs et attractifs [&hellip;]<\/p>\n","protected":false},"author":8,"featured_media":24829,"parent":24809,"menu_order":0,"comment_status":"closed","ping_status":"closed","template":"","meta":{"_acf_changed":false,"inline_featured_image":false,"footnotes":""},"class_list":["post-24860","page","type-page","status-publish","has-post-thumbnail","hentry"],"acf":[],"_links":{"self":[{"href":"https:\/\/www.omni-biotic.com\/fr-fr\/wp-json\/wp\/v2\/pages\/24860","targetHints":{"allow":["GET"]}}],"collection":[{"href":"https:\/\/www.omni-biotic.com\/fr-fr\/wp-json\/wp\/v2\/pages"}],"about":[{"href":"https:\/\/www.omni-biotic.com\/fr-fr\/wp-json\/wp\/v2\/types\/page"}],"author":[{"embeddable":true,"href":"https:\/\/www.omni-biotic.com\/fr-fr\/wp-json\/wp\/v2\/users\/8"}],"replies":[{"embeddable":true,"href":"https:\/\/www.omni-biotic.com\/fr-fr\/wp-json\/wp\/v2\/comments?post=24860"}],"version-history":[{"count":8,"href":"https:\/\/www.omni-biotic.com\/fr-fr\/wp-json\/wp\/v2\/pages\/24860\/revisions"}],"predecessor-version":[{"id":24921,"href":"https:\/\/www.omni-biotic.com\/fr-fr\/wp-json\/wp\/v2\/pages\/24860\/revisions\/24921"}],"up":[{"embeddable":true,"href":"https:\/\/www.omni-biotic.com\/fr-fr\/wp-json\/wp\/v2\/pages\/24809"}],"wp:featuredmedia":[{"embeddable":true,"href":"https:\/\/www.omni-biotic.com\/fr-fr\/wp-json\/wp\/v2\/media\/24829"}],"wp:attachment":[{"href":"https:\/\/www.omni-biotic.com\/fr-fr\/wp-json\/wp\/v2\/media?parent=24860"}],"curies":[{"name":"wp","href":"https:\/\/api.w.org\/{rel}","templated":true}]}}