{"id":97,"date":"2022-03-07T10:07:28","date_gmt":"2022-03-07T09:07:28","guid":{"rendered":"https:\/\/www.omni-biotic.com\/produkte\/"},"modified":"2024-01-10T08:14:39","modified_gmt":"2024-01-10T07:14:39","slug":"nos-produits","status":"publish","type":"page","link":"https:\/\/www.omni-biotic.com\/fr-fr\/nos-produits\/","title":{"rendered":"Nos produits"},"content":{"rendered":"\t\t<div data-elementor-type=\"wp-page\" data-elementor-id=\"97\" class=\"elementor elementor-97\" data-elementor-post-type=\"page\">\n\t\t\t\t<div class=\"elementor-element elementor-element-5f4a8f6 e-con-full obcs none e-flex e-con e-parent\" data-id=\"5f4a8f6\" data-element_type=\"container\" data-settings=\"{&quot;background_background&quot;:&quot;classic&quot;,&quot;shape_divider_bottom&quot;:&quot;waves&quot;}\">\n\t\t\t\t<div class=\"elementor-shape elementor-shape-bottom\" aria-hidden=\"true\" data-negative=\"false\">\n\t\t\t<svg xmlns=\"http:\/\/www.w3.org\/2000\/svg\" viewBox=\"0 0 1000 100\" preserveAspectRatio=\"none\">\n\t<path class=\"elementor-shape-fill\" d=\"M421.9,6.5c22.6-2.5,51.5,0.4,75.5,5.3c23.6,4.9,70.9,23.5,100.5,35.7c75.8,32.2,133.7,44.5,192.6,49.7\n\tc23.6,2.1,48.7,3.5,103.4-2.5c54.7-6,106.2-25.6,106.2-25.6V0H0v30.3c0,0,72,32.6,158.4,30.5c39.2-0.7,92.8-6.7,134-22.4\n\tc21.2-8.1,52.2-18.2,79.7-24.2C399.3,7.9,411.6,7.5,421.9,6.5z\"\/>\n<\/svg>\t\t<\/div>\n\t\t<div class=\"elementor-element elementor-element-0a7693d e-con-full obcs none e-flex e-con e-parent\" data-id=\"0a7693d\" data-element_type=\"container\" data-settings=\"{&quot;background_background&quot;:&quot;gradient&quot;}\">\n\t\t\t\t<div class=\"elementor-element elementor-element-8408fda elementor-widget elementor-widget-heading\" data-id=\"8408fda\" data-element_type=\"widget\" data-widget_type=\"heading.default\">\n\t\t\t\t<div class=\"elementor-widget-container\">\n\t\t\t\t\t<h1 class=\"elementor-heading-title elementor-size-default\">Nos produits<\/h1>\t\t\t\t<\/div>\n\t\t\t\t<\/div>\n\t\t\t\t<div class=\"elementor-element elementor-element-737eaff elementor-widget-divider--view-line elementor-widget elementor-widget-divider\" data-id=\"737eaff\" data-element_type=\"widget\" data-widget_type=\"divider.default\">\n\t\t\t\t<div class=\"elementor-widget-container\">\n\t\t\t\t\t\t\t<div class=\"elementor-divider\">\n\t\t\t<span class=\"elementor-divider-separator\">\n\t\t\t\t\t\t<\/span>\n\t\t<\/div>\n\t\t\t\t\t\t<\/div>\n\t\t\t\t<\/div>\n\t\t\t\t<div class=\"elementor-element elementor-element-895b8ef elementor-widget elementor-widget-text-editor\" data-id=\"895b8ef\" data-element_type=\"widget\" data-widget_type=\"text-editor.default\">\n\t\t\t\t<div class=\"elementor-widget-container\">\n\t\t\t\t\t\t\t\t\t<p>Depuis pr\u00e8s de 30 ans, l&rsquo;Institut AllergoSan d\u00e9veloppe, \u00e9tudie et commercialise des produits \u00e0 base de substances naturelles telles que des bact\u00e9ries probiotiques, des extraits de plantes et des min\u00e9raux, qui ont tous un objectif : soutenir notre sant\u00e9, en particulier notre sant\u00e9 intestinale.<\/p>\t\t\t\t\t\t\t\t<\/div>\n\t\t\t\t<\/div>\n\t\t\t\t<\/div>\n\t\t<div class=\"elementor-element elementor-element-17e881d e-con-full elementor-hidden-mobile obcs none e-flex e-con e-parent\" data-id=\"17e881d\" data-element_type=\"container\">\n\t\t\t\t<\/div>\n\t\t\t\t<\/div>\n\t\t<div class=\"elementor-element elementor-element-002a895 obcs none e-flex e-con-boxed e-con e-parent\" data-id=\"002a895\" data-element_type=\"container\">\n\t\t\t\t\t<div class=\"e-con-inner\">\n\t\t<div class=\"elementor-element elementor-element-6bf0b1a e-con-full obcs none e-flex e-con e-parent\" data-id=\"6bf0b1a\" data-element_type=\"container\">\n\t\t\t\t<\/div>\n\t\t<div class=\"elementor-element elementor-element-b994440 e-con-full obcs none e-flex e-con e-parent\" data-id=\"b994440\" data-element_type=\"container\">\n\t\t\t\t<\/div>\n\t\t\t\t\t<\/div>\n\t\t\t\t<\/div>\n\t\t<div class=\"elementor-element elementor-element-76f775d obcs none e-flex e-con-boxed e-con e-parent\" data-id=\"76f775d\" data-element_type=\"container\">\n\t\t\t\t\t<div class=\"e-con-inner\">\n\t\t\t\t<div class=\"elementor-element elementor-element-66e91ad elementor-widget__width-initial elementor-widget elementor-widget-li-widgets--tile-slider\" data-id=\"66e91ad\" data-element_type=\"widget\" data-widget_type=\"li-widgets--tile-slider.default\">\n\t\t\t\t<div class=\"elementor-widget-container\">\n\t\t\t\t\t<div class=\"li-widgets--tile-slider magenta\">\n            <div class=\"headlines\">\n                            <div class=\"headline\">\n                    <div class=\"headline--main\"><h2>Pour le bien-\u00eatre intestinal<\/h2><\/div>\n                                    <\/div>\n                                <\/div>\n                <div class=\"tiles-container grid\">\n            <div class=\"tiles grid-wrapper\">\n                                    <div class=\"swiper-slide\">\n                        <div class=\"tile\">\n                                                        <a href=\"https:\/\/www.omni-biotic.com\/fr-fr\/nos-produits\/omni-biotic\/\">\n                                                                                                    <img fetchpriority=\"high\" decoding=\"async\" width=\"300\" height=\"212\" src=\"https:\/\/www.omni-biotic.com\/fr-fr\/wp-content\/uploads\/sites\/4\/2023\/08\/20200721-ob-produkte-gesamtpackshot-int-300x212.png\" class=\"tile__image\" alt=\"OMNi-BiOTiC FR\" srcset=\"https:\/\/www.omni-biotic.com\/fr-fr\/wp-content\/uploads\/sites\/4\/2023\/08\/20200721-ob-produkte-gesamtpackshot-int-300x212.png 300w, https:\/\/www.omni-biotic.com\/fr-fr\/wp-content\/uploads\/sites\/4\/2023\/08\/20200721-ob-produkte-gesamtpackshot-int-768x543.png 768w, https:\/\/www.omni-biotic.com\/fr-fr\/wp-content\/uploads\/sites\/4\/2023\/08\/20200721-ob-produkte-gesamtpackshot-int.png 1024w\" sizes=\"(max-width: 300px) 100vw, 300px\" title=\"\">                                                                                            <\/a>\n                                                                                    <div class=\"tile__headline\">OMNi-BiOTiC\u00ae\u200b<\/div>\n                                                                                                                    <div class=\"tile__text\">Des probiotiques de la plus haute qualit\u00e9<\/div>\n                                                                                                                    <a class=\"tile__button\" href=\"https:\/\/www.omni-biotic.com\/fr-fr\/nos-produits\/omni-biotic\/\">D\u00e9couvrir les produits<\/a>\n                                                    <\/div>\n                    <\/div>\n                                    <div class=\"swiper-slide\">\n                        <div class=\"tile\">\n                                                        <a href=\"https:\/\/www.omni-biotic.com\/fr-fr\/nos-produits\/omni-logic\/\">\n                                                                                                    <img decoding=\"async\" width=\"300\" height=\"180\" src=\"https:\/\/www.omni-biotic.com\/fr-fr\/wp-content\/uploads\/sites\/4\/2023\/08\/20200729-ol-produkte-int-gesamtpackshot-1024x614-1-300x180.png\" class=\"tile__image\" alt=\"OMNi-LOGiC FR\" srcset=\"https:\/\/www.omni-biotic.com\/fr-fr\/wp-content\/uploads\/sites\/4\/2023\/08\/20200729-ol-produkte-int-gesamtpackshot-1024x614-1-300x180.png 300w, https:\/\/www.omni-biotic.com\/fr-fr\/wp-content\/uploads\/sites\/4\/2023\/08\/20200729-ol-produkte-int-gesamtpackshot-1024x614-1-768x461.png 768w, https:\/\/www.omni-biotic.com\/fr-fr\/wp-content\/uploads\/sites\/4\/2023\/08\/20200729-ol-produkte-int-gesamtpackshot-1024x614-1.png 1024w\" sizes=\"(max-width: 300px) 100vw, 300px\" title=\"\">                                                                                            <\/a>\n                                                                                    <div class=\"tile__headline\">OMNi-LOGiC\u00ae\u200b<\/div>\n                                                                                                                    <div class=\"tile__text\">Des fibres alimentaires naturelles<\/div>\n                                                                                                                    <a class=\"tile__button\" href=\"https:\/\/www.omni-biotic.com\/fr-fr\/nos-produits\/omni-logic\/\">D\u00e9couvrir les produits<\/a>\n                                                    <\/div>\n                    <\/div>\n                                    <div class=\"swiper-slide\">\n                        <div class=\"tile\">\n                                                        <a href=\"https:\/\/www.omni-biotic.com\/en-uk\/products\/meta-care\/\">\n                                                                                                    <img decoding=\"async\" width=\"300\" height=\"212\" src=\"https:\/\/www.omni-biotic.com\/fr-fr\/wp-content\/uploads\/sites\/4\/2022\/10\/META-CARE-Wichtige-Mikronaehr-und-Pflanzenstoffe-300x212.png\" class=\"tile__image\" alt=\"META-CARE\u00ae die Mikron\u00e4hrstoff-Marke mit dem Plus an Pflanzenkraft\" srcset=\"https:\/\/www.omni-biotic.com\/fr-fr\/wp-content\/uploads\/sites\/4\/2022\/10\/META-CARE-Wichtige-Mikronaehr-und-Pflanzenstoffe-300x212.png 300w, https:\/\/www.omni-biotic.com\/fr-fr\/wp-content\/uploads\/sites\/4\/2022\/10\/META-CARE-Wichtige-Mikronaehr-und-Pflanzenstoffe.png 600w\" sizes=\"(max-width: 300px) 100vw, 300px\" title=\"\">                                                                                            <\/a>\n                                                                                    <div class=\"tile__headline\">META-CARE\u00ae\u200b\u200b<\/div>\n                                                                                                                    <div class=\"tile__text\">Les bienfaits des micronutriments combin\u00e9s au pouvoir des plantes<\/div>\n                                                                                                                    <a class=\"tile__button\" href=\"https:\/\/www.omni-biotic.com\/en-uk\/products\/meta-care\/\">D\u00e9couvrir les produits<\/a>\n                                                    <\/div>\n                    <\/div>\n                            <\/div>\n        <\/div>\n    <\/div>\n\t\t\t\t<\/div>\n\t\t\t\t<\/div>\n\t\t\t\t\t<\/div>\n\t\t\t\t<\/div>\n\t\t<div class=\"elementor-element elementor-element-ae9ae75 obcs none e-flex e-con-boxed e-con e-parent\" data-id=\"ae9ae75\" data-element_type=\"container\">\n\t\t\t\t\t<div class=\"e-con-inner\">\n\t\t\t\t<div class=\"elementor-element elementor-element-da5eff1 elementor-widget elementor-widget-heading\" data-id=\"da5eff1\" data-element_type=\"widget\" data-widget_type=\"heading.default\">\n\t\t\t\t<div class=\"elementor-widget-container\">\n\t\t\t\t\t<span class=\"elementor-heading-title elementor-size-default\">Pour d\u00e9couvrir le monde savant de l'intestin et du microbiome !<\/span>\t\t\t\t<\/div>\n\t\t\t\t<\/div>\n\t\t\t\t<div class=\"elementor-element elementor-element-42c7946 elementor-widget__width-inherit elementor-widget elementor-widget-heading\" data-id=\"42c7946\" data-element_type=\"widget\" data-widget_type=\"heading.default\">\n\t\t\t\t<div class=\"elementor-widget-container\">\n\t\t\t\t\t<h2 class=\"elementor-heading-title elementor-size-default\">Consultez notre blog OMNi-BiOTiC\u00ae<\/h2>\t\t\t\t<\/div>\n\t\t\t\t<\/div>\n\t\t\t\t<div class=\"elementor-element elementor-element-9062e41 elementor-widget elementor-widget-li-widgets--posts-gallery\" data-id=\"9062e41\" data-element_type=\"widget\" data-widget_type=\"li-widgets--posts-gallery.default\">\n\t\t\t\t<div class=\"elementor-widget-container\">\n\t\t\t\t\t    \n<div class=\"li-widgets--posts-gallery__pagination\" data-post-id=\"97\">\n\n    <div class=\"li-widgets--posts-gallery__pagination-results\">\n        1-6 sur 134 r\u00e9sultats     <\/div>\n    <div class=\"li-widgets--posts-gallery__pagination-pages\">\n        Page 1 sur 23    <\/div>\n    <div class=\"li-widgets--posts-gallery__pagination-url\">\n                            <a href=\"#\" data-href=\"https:\/\/www.omni-biotic.com\/fr-fr\/wp-json\/wp\/v2\/pages\/97\/?search&category=0&cur=1\">1<\/a>\n                    <a href=\"#\" data-href=\"https:\/\/www.omni-biotic.com\/fr-fr\/wp-json\/wp\/v2\/pages\/97\/?search&category=0&cur=2\">2<\/a>\n                    <a href=\"#\" data-href=\"https:\/\/www.omni-biotic.com\/fr-fr\/wp-json\/wp\/v2\/pages\/97\/?search&category=0&cur=3\">3<\/a>\n                            <a href=\"#\" data-href=\"https:\/\/www.omni-biotic.com\/fr-fr\/wp-json\/wp\/v2\/pages\/97\/?search&category=0&cur=23\">\u00bb<\/a>\n            <\/div>\n<\/div>\n<div class=\"li-widgets--posts-gallery blog\">\n                    <a href=\"https:\/\/www.omni-biotic.com\/fr-fr\/blog\/akkermansia-muciniphila-une-bacterie-sous-estimee\/\" class=\"li-widgets--posts-gallery__post\">\n            <div class=\"post--image__container\">\n                <div class=\"post--image\">\n                    <img loading=\"lazy\" decoding=\"async\" width=\"768\" height=\"512\" src=\"https:\/\/www.omni-biotic.com\/fr-fr\/wp-content\/uploads\/sites\/4\/2023\/06\/bakterien-akkermansia-muciniphila-2-768x512.jpg\" class=\"attachment-medium_large size-medium_large wp-post-image\" alt=\"Akkermansia muciniphila, une bact\u00e9rie sous-estim\u00e9e !\" srcset=\"https:\/\/www.omni-biotic.com\/fr-fr\/wp-content\/uploads\/sites\/4\/2023\/06\/bakterien-akkermansia-muciniphila-2-768x512.jpg 768w, https:\/\/www.omni-biotic.com\/fr-fr\/wp-content\/uploads\/sites\/4\/2023\/06\/bakterien-akkermansia-muciniphila-2-300x200.jpg 300w, https:\/\/www.omni-biotic.com\/fr-fr\/wp-content\/uploads\/sites\/4\/2023\/06\/bakterien-akkermansia-muciniphila-2-1024x683.jpg 1024w, https:\/\/www.omni-biotic.com\/fr-fr\/wp-content\/uploads\/sites\/4\/2023\/06\/bakterien-akkermansia-muciniphila-2.jpg 1200w\" sizes=\"(max-width: 768px) 100vw, 768px\" title=\"\">                <\/div>\n            <\/div>\n            <div class=\"post--teaser\">\n                <div class=\"title\">Akkermansia muciniphila : d\u00e9couvrir cette bact\u00e9rie prometteuse<\/div>\n                <div class=\"description\">\n                    Bien que l\u2019Akkermansia muciniphila soit l\u2019une des bact\u00e9ries les plus communes de l\u2019intestin humain, cette\u2026                    <br>\n                    <span class=\"read-more\">\n                            Lire la suite                        <\/span>\n                <\/div>\n                <div class=\"metadata\"><b>Mis \u00e0 jour:<\/b> 24. avril 2026 \u2022 <b>Cat\u00e9gories:<\/b> Actualit\u00e9 de la recherche \u2022 <b>Auteur:<\/b> Barbara Seitler, M.Sc.<\/div>\n            <\/div>\n        <\/a>\n                <a href=\"https:\/\/www.omni-biotic.com\/fr-fr\/blog\/infertilite-feminine-quelle-est-linfluence-du-microbiote\/\" class=\"li-widgets--posts-gallery__post\">\n            <div class=\"post--image__container\">\n                <div class=\"post--image\">\n                    <img loading=\"lazy\" decoding=\"async\" width=\"768\" height=\"507\" src=\"https:\/\/www.omni-biotic.com\/fr-fr\/wp-content\/uploads\/sites\/4\/2026\/04\/infertilite_causes_solutions-768x507.png\" class=\"attachment-medium_large size-medium_large wp-post-image\" alt=\"Infertilit\u00e9 f\u00e9minine : causes, prise en charge et r\u00f4le du microbiote vaginal dans la fertilit\u00e9\" srcset=\"https:\/\/www.omni-biotic.com\/fr-fr\/wp-content\/uploads\/sites\/4\/2026\/04\/infertilite_causes_solutions-768x507.png 768w, https:\/\/www.omni-biotic.com\/fr-fr\/wp-content\/uploads\/sites\/4\/2026\/04\/infertilite_causes_solutions-300x198.png 300w, https:\/\/www.omni-biotic.com\/fr-fr\/wp-content\/uploads\/sites\/4\/2026\/04\/infertilite_causes_solutions.png 940w\" sizes=\"(max-width: 768px) 100vw, 768px\" title=\"\">                <\/div>\n            <\/div>\n            <div class=\"post--teaser\">\n                <div class=\"title\">Infertilit\u00e9 f\u00e9minine : causes, prise en charge et r\u00f4le du microbiote vaginal dans la fertilit\u00e9<\/div>\n                <div class=\"description\">\n                    L\u2019infertilit\u00e9 est un ph\u00e9nom\u00e8ne mondial et le nombre de couples touch\u00e9s augmente chaque ann\u00e9e. En\u2026                    <br>\n                    <span class=\"read-more\">\n                            Lire la suite                        <\/span>\n                <\/div>\n                <div class=\"metadata\"><b>Mis \u00e0 jour:<\/b> 22. avril 2026 \u2022 <b>Cat\u00e9gories:<\/b> D\u00e9sir d'enfant et fertilit\u00e9 \u2022 <b>Auteur:<\/b> Dr.med.scient. Verena Stiegelbauer, MSc. BSc.<\/div>\n            <\/div>\n        <\/a>\n                <a href=\"https:\/\/www.omni-biotic.com\/fr-fr\/blog\/hormones-et-intestin\/\" class=\"li-widgets--posts-gallery__post\">\n            <div class=\"post--image__container\">\n                <div class=\"post--image\">\n                    <img loading=\"lazy\" decoding=\"async\" width=\"768\" height=\"550\" src=\"https:\/\/www.omni-biotic.com\/fr-fr\/wp-content\/uploads\/sites\/4\/2024\/01\/hormones_microbiote-768x550.png\" class=\"attachment-medium_large size-medium_large wp-post-image\" alt=\"Le lien entre les hormones et l&#039;intestin\" srcset=\"https:\/\/www.omni-biotic.com\/fr-fr\/wp-content\/uploads\/sites\/4\/2024\/01\/hormones_microbiote-768x550.png 768w, https:\/\/www.omni-biotic.com\/fr-fr\/wp-content\/uploads\/sites\/4\/2024\/01\/hormones_microbiote-300x215.png 300w, https:\/\/www.omni-biotic.com\/fr-fr\/wp-content\/uploads\/sites\/4\/2024\/01\/hormones_microbiote-1024x734.png 1024w, https:\/\/www.omni-biotic.com\/fr-fr\/wp-content\/uploads\/sites\/4\/2024\/01\/hormones_microbiote.png 1200w\" sizes=\"(max-width: 768px) 100vw, 768px\" title=\"\">                <\/div>\n            <\/div>\n            <div class=\"post--teaser\">\n                <div class=\"title\">Hormones : le r\u00f4le sous-estim\u00e9 de l&rsquo;intestin<\/div>\n                <div class=\"description\">\n                    Les bact\u00e9ries intestinales et leurs liens avec les hormones suscitent un int\u00e9r\u00eat croissant au sein\u2026                    <br>\n                    <span class=\"read-more\">\n                            Lire la suite                        <\/span>\n                <\/div>\n                <div class=\"metadata\"><b>Mis \u00e0 jour:<\/b> 30. avril 2026 \u2022 <b>Cat\u00e9gories:<\/b> Actualit\u00e9 de la recherche<\/div>\n            <\/div>\n        <\/a>\n                <a href=\"https:\/\/www.omni-biotic.com\/fr-fr\/blog\/probiotique-flore-intime\/\" class=\"li-widgets--posts-gallery__post\">\n            <div class=\"post--image__container\">\n                <div class=\"post--image\">\n                    <img loading=\"lazy\" decoding=\"async\" width=\"768\" height=\"512\" src=\"https:\/\/www.omni-biotic.com\/fr-fr\/wp-content\/uploads\/sites\/4\/2024\/06\/probiotique_flore_intime_flora_plus-768x512.jpg\" class=\"attachment-medium_large size-medium_large wp-post-image\" alt=\"Probiotique flore intime : OMNi-BiOTiC\u00ae FLORA plus\" srcset=\"https:\/\/www.omni-biotic.com\/fr-fr\/wp-content\/uploads\/sites\/4\/2024\/06\/probiotique_flore_intime_flora_plus-768x512.jpg 768w, https:\/\/www.omni-biotic.com\/fr-fr\/wp-content\/uploads\/sites\/4\/2024\/06\/probiotique_flore_intime_flora_plus-300x200.jpg 300w, https:\/\/www.omni-biotic.com\/fr-fr\/wp-content\/uploads\/sites\/4\/2024\/06\/probiotique_flore_intime_flora_plus-1024x683.jpg 1024w, https:\/\/www.omni-biotic.com\/fr-fr\/wp-content\/uploads\/sites\/4\/2024\/06\/probiotique_flore_intime_flora_plus-1536x1024.jpg 1536w, https:\/\/www.omni-biotic.com\/fr-fr\/wp-content\/uploads\/sites\/4\/2024\/06\/probiotique_flore_intime_flora_plus.jpg 1920w\" sizes=\"(max-width: 768px) 100vw, 768px\" title=\"\">                <\/div>\n            <\/div>\n            <div class=\"post--teaser\">\n                <div class=\"title\">Probiotique flore intime : OMNi-BiOTiC\u00ae FLORA plus<\/div>\n                <div class=\"description\">\n                    Ch\u00e8res toutes, saviez-vous que votre flore intime est un \u00e9l\u00e9ment cl\u00e9 de votre bien-\u00eatre et\u2026                    <br>\n                    <span class=\"read-more\">\n                            Lire la suite                        <\/span>\n                <\/div>\n                <div class=\"metadata\"><b>Mis \u00e0 jour:<\/b> 14. avril 2026 \u2022 <b>Cat\u00e9gories:<\/b> La sant\u00e9 intime des femmes, Probiotiques<\/div>\n            <\/div>\n        <\/a>\n                <a href=\"https:\/\/www.omni-biotic.com\/fr-fr\/blog\/grossesse-diarrhee\/\" class=\"li-widgets--posts-gallery__post\">\n            <div class=\"post--image__container\">\n                <div class=\"post--image\">\n                    <img loading=\"lazy\" decoding=\"async\" width=\"768\" height=\"510\" src=\"https:\/\/www.omni-biotic.com\/fr-fr\/wp-content\/uploads\/sites\/4\/2026\/04\/grossesse_diarrhee_conseils-768x510.png\" class=\"attachment-medium_large size-medium_large wp-post-image\" alt=\"Grossesse et diarrh\u00e9e : explications claires et conseils simples et naturels\" srcset=\"https:\/\/www.omni-biotic.com\/fr-fr\/wp-content\/uploads\/sites\/4\/2026\/04\/grossesse_diarrhee_conseils-768x510.png 768w, https:\/\/www.omni-biotic.com\/fr-fr\/wp-content\/uploads\/sites\/4\/2026\/04\/grossesse_diarrhee_conseils-300x199.png 300w, https:\/\/www.omni-biotic.com\/fr-fr\/wp-content\/uploads\/sites\/4\/2026\/04\/grossesse_diarrhee_conseils.png 940w\" sizes=\"(max-width: 768px) 100vw, 768px\" title=\"\">                <\/div>\n            <\/div>\n            <div class=\"post--teaser\">\n                <div class=\"title\">Grossesse et diarrh\u00e9e : conseils pratiques et rem\u00e8des naturels<\/div>\n                <div class=\"description\">\n                    Grossesse et diarrh\u00e9e : des explications claires pour aider les femmes enceintes \u00e0 faire face\u2026                    <br>\n                    <span class=\"read-more\">\n                            Lire la suite                        <\/span>\n                <\/div>\n                <div class=\"metadata\"><b>Mis \u00e0 jour:<\/b> 10. avril 2026 \u2022 <b>Cat\u00e9gories:<\/b> Grossesse &amp; allaitement<\/div>\n            <\/div>\n        <\/a>\n                <a href=\"https:\/\/www.omni-biotic.com\/fr-fr\/blog\/grossesse-constipation\/\" class=\"li-widgets--posts-gallery__post\">\n            <div class=\"post--image__container\">\n                <div class=\"post--image\">\n                    <img loading=\"lazy\" decoding=\"async\" width=\"768\" height=\"507\" src=\"https:\/\/www.omni-biotic.com\/fr-fr\/wp-content\/uploads\/sites\/4\/2026\/04\/constipation_grossesse-768x507.png\" class=\"attachment-medium_large size-medium_large wp-post-image\" alt=\"Grossesse et constipation : les causes\" srcset=\"https:\/\/www.omni-biotic.com\/fr-fr\/wp-content\/uploads\/sites\/4\/2026\/04\/constipation_grossesse-768x507.png 768w, https:\/\/www.omni-biotic.com\/fr-fr\/wp-content\/uploads\/sites\/4\/2026\/04\/constipation_grossesse-300x198.png 300w, https:\/\/www.omni-biotic.com\/fr-fr\/wp-content\/uploads\/sites\/4\/2026\/04\/constipation_grossesse-1024x676.png 1024w, https:\/\/www.omni-biotic.com\/fr-fr\/wp-content\/uploads\/sites\/4\/2026\/04\/constipation_grossesse.png 1200w\" sizes=\"(max-width: 768px) 100vw, 768px\" title=\"\">                <\/div>\n            <\/div>\n            <div class=\"post--teaser\">\n                <div class=\"title\">Grossesse et constipation : solutions naturelles et faciles \u00e0 adopter<\/div>\n                <div class=\"description\">\n                    Grossesse et constipation : ce que les femmes enceintes doivent savoir pour se sentir mieux\u2026                    <br>\n                    <span class=\"read-more\">\n                            Lire la suite                        <\/span>\n                <\/div>\n                <div class=\"metadata\"><b>Mis \u00e0 jour:<\/b> 8. avril 2026 \u2022 <b>Cat\u00e9gories:<\/b> Grossesse &amp; allaitement<\/div>\n            <\/div>\n        <\/a>\n            <\/div>\n\t\t\t\t<\/div>\n\t\t\t\t<\/div>\n\t\t\t\t\t<\/div>\n\t\t\t\t<\/div>\n\t\t\t\t<\/div>\n\t\t","protected":false},"excerpt":{"rendered":"<p>Nos produits Depuis pr\u00e8s de 30 ans, l&rsquo;Institut AllergoSan d\u00e9veloppe, \u00e9tudie et commercialise des produits \u00e0 base de substances naturelles telles que des bact\u00e9ries probiotiques, des extraits de plantes et des min\u00e9raux, qui ont tous un objectif : soutenir notre sant\u00e9, en particulier notre sant\u00e9 intestinale. Pour le bien-\u00eatre intestinal OMNi-BiOTiC\u00ae\u200b Des probiotiques de la [&hellip;]<\/p>\n","protected":false},"author":3,"featured_media":0,"parent":0,"menu_order":170,"comment_status":"closed","ping_status":"closed","template":"","meta":{"_acf_changed":false,"inline_featured_image":false,"footnotes":""},"class_list":["post-97","page","type-page","status-publish","hentry"],"acf":[],"_links":{"self":[{"href":"https:\/\/www.omni-biotic.com\/fr-fr\/wp-json\/wp\/v2\/pages\/97","targetHints":{"allow":["GET"]}}],"collection":[{"href":"https:\/\/www.omni-biotic.com\/fr-fr\/wp-json\/wp\/v2\/pages"}],"about":[{"href":"https:\/\/www.omni-biotic.com\/fr-fr\/wp-json\/wp\/v2\/types\/page"}],"author":[{"embeddable":true,"href":"https:\/\/www.omni-biotic.com\/fr-fr\/wp-json\/wp\/v2\/users\/3"}],"replies":[{"embeddable":true,"href":"https:\/\/www.omni-biotic.com\/fr-fr\/wp-json\/wp\/v2\/comments?post=97"}],"version-history":[{"count":7,"href":"https:\/\/www.omni-biotic.com\/fr-fr\/wp-json\/wp\/v2\/pages\/97\/revisions"}],"predecessor-version":[{"id":22911,"href":"https:\/\/www.omni-biotic.com\/fr-fr\/wp-json\/wp\/v2\/pages\/97\/revisions\/22911"}],"wp:attachment":[{"href":"https:\/\/www.omni-biotic.com\/fr-fr\/wp-json\/wp\/v2\/media?parent=97"}],"curies":[{"name":"wp","href":"https:\/\/api.w.org\/{rel}","templated":true}]}}