{"id":101,"date":"2022-03-07T10:07:28","date_gmt":"2022-03-07T09:07:28","guid":{"rendered":"https:\/\/www.omni-biotic.com\/produkte\/omni-logic\/"},"modified":"2023-12-05T09:19:31","modified_gmt":"2023-12-05T08:19:31","slug":"omni-logic","status":"publish","type":"page","link":"https:\/\/www.omni-biotic.com\/hu-hu\/termekek\/omni-logic\/","title":{"rendered":"OMNi-LOGiC\u00ae"},"content":{"rendered":"\t\t<div data-elementor-type=\"wp-page\" data-elementor-id=\"101\" class=\"elementor elementor-101\" data-elementor-post-type=\"page\">\n\t\t\t\t<div class=\"elementor-element elementor-element-76668a0 e-con-full obcs green e-flex e-con e-parent\" data-id=\"76668a0\" data-element_type=\"container\" data-settings=\"{&quot;background_background&quot;:&quot;classic&quot;,&quot;shape_divider_bottom&quot;:&quot;waves&quot;}\">\n\t\t\t\t<div class=\"elementor-shape elementor-shape-bottom\" aria-hidden=\"true\" data-negative=\"false\">\n\t\t\t<svg xmlns=\"http:\/\/www.w3.org\/2000\/svg\" viewBox=\"0 0 1000 100\" preserveAspectRatio=\"none\">\n\t<path class=\"elementor-shape-fill\" d=\"M421.9,6.5c22.6-2.5,51.5,0.4,75.5,5.3c23.6,4.9,70.9,23.5,100.5,35.7c75.8,32.2,133.7,44.5,192.6,49.7\n\tc23.6,2.1,48.7,3.5,103.4-2.5c54.7-6,106.2-25.6,106.2-25.6V0H0v30.3c0,0,72,32.6,158.4,30.5c39.2-0.7,92.8-6.7,134-22.4\n\tc21.2-8.1,52.2-18.2,79.7-24.2C399.3,7.9,411.6,7.5,421.9,6.5z\"\/>\n<\/svg>\t\t<\/div>\n\t\t<div class=\"elementor-element elementor-element-ce405cf e-con-full obcs magenta e-flex e-con e-parent\" data-id=\"ce405cf\" data-element_type=\"container\" data-settings=\"{&quot;background_background&quot;:&quot;gradient&quot;}\">\n\t\t\t\t<div class=\"elementor-element elementor-element-59209dc elementor-widget elementor-widget-heading\" data-id=\"59209dc\" data-element_type=\"widget\" data-widget_type=\"heading.default\">\n\t\t\t\t<div class=\"elementor-widget-container\">\n\t\t\t\t\t<h1 class=\"elementor-heading-title elementor-size-default\">OMNi-LOGiC\u00ae<\/h1>\t\t\t\t<\/div>\n\t\t\t\t<\/div>\n\t\t\t\t<div class=\"elementor-element elementor-element-950e5c0 elementor-widget-divider--view-line elementor-widget elementor-widget-divider\" data-id=\"950e5c0\" data-element_type=\"widget\" data-widget_type=\"divider.default\">\n\t\t\t\t<div class=\"elementor-widget-container\">\n\t\t\t\t\t\t\t<div class=\"elementor-divider\">\n\t\t\t<span class=\"elementor-divider-separator\">\n\t\t\t\t\t\t<\/span>\n\t\t<\/div>\n\t\t\t\t\t\t<\/div>\n\t\t\t\t<\/div>\n\t\t\t\t<div class=\"elementor-element elementor-element-a83b50c elementor-widget elementor-widget-text-editor\" data-id=\"a83b50c\" data-element_type=\"widget\" data-widget_type=\"text-editor.default\">\n\t\t\t\t<div class=\"elementor-widget-container\">\n\t\t\t\t\t\t\t\t\t<p>OMNi-LOGiC\u00ae term\u00e9keink t\u00f6bbek k\u00f6z\u00f6tt kiv\u00e1l\u00f3 min\u0151s\u00e9g\u0171 \u00e9lelmi rostokat k\u00edn\u00e1lnak t\u00e1panyagforr\u00e1sk\u00e9nt a fontos b\u00e9lbakt\u00e9riumok sz\u00e1m\u00e1ra, \u00edgy azokat kedvenc t\u00e1pl\u00e1l\u00e9kukkal l\u00e1thatjuk el.<\/p>\t\t\t\t\t\t\t\t<\/div>\n\t\t\t\t<\/div>\n\t\t\t\t<\/div>\n\t\t<div class=\"elementor-element elementor-element-579c86d e-con-full elementor-hidden-mobile obcs none e-flex e-con e-parent\" data-id=\"579c86d\" data-element_type=\"container\">\n\t\t\t\t<\/div>\n\t\t\t\t<\/div>\n\t\t<div class=\"elementor-element elementor-element-2bf9bb4 obcs none e-flex e-con-boxed e-con e-parent\" data-id=\"2bf9bb4\" data-element_type=\"container\">\n\t\t\t\t\t<div class=\"e-con-inner\">\n\t\t<div class=\"elementor-element elementor-element-f1512c0 e-con-full obcs none e-flex e-con e-parent\" data-id=\"f1512c0\" data-element_type=\"container\">\n\t\t\t\t<div class=\"elementor-element elementor-element-d586421 elementor-align-left elementor-widget__width-initial elementor-widget elementor-widget-breadcrumbs\" data-id=\"d586421\" data-element_type=\"widget\" data-widget_type=\"breadcrumbs.default\">\n\t\t\t\t<div class=\"elementor-widget-container\">\n\t\t\t\t\t<span><span class=\"last\">Home<\/span><\/span>\t\t\t\t<\/div>\n\t\t\t\t<\/div>\n\t\t\t\t<\/div>\n\t\t<div class=\"elementor-element elementor-element-fa2a5fb e-con-full obcs none e-flex e-con e-parent\" data-id=\"fa2a5fb\" data-element_type=\"container\">\n\t\t\t\t<\/div>\n\t\t\t\t\t<\/div>\n\t\t\t\t<\/div>\n\t\t<div class=\"elementor-element elementor-element-9866002 obcs none e-flex e-con-boxed e-con e-parent\" data-id=\"9866002\" data-element_type=\"container\">\n\t\t\t\t\t<div class=\"e-con-inner\">\n\t\t\t\t<div class=\"elementor-element elementor-element-780f372 elementor-widget__width-initial elementor-widget elementor-widget-li-widgets--tile-slider\" data-id=\"780f372\" data-element_type=\"widget\" data-widget_type=\"li-widgets--tile-slider.default\">\n\t\t\t\t<div class=\"elementor-widget-container\">\n\t\t\t\t\t<div class=\"li-widgets--tile-slider magenta\">\n            <div class=\"headlines\">\n                            <div class=\"headline\">\n                    <div class=\"headline--main\"><h2>Speci\u00e1lis \u00e9lelmi rostok<\/h2><\/div>\n                                    <\/div>\n                                <\/div>\n                <div class=\"tiles-container grid\">\n            <div class=\"tiles grid-wrapper\">\n                                    <div class=\"swiper-slide\">\n                        <div class=\"tile\">\n                                                        <a href=\"https:\/\/shop.omni-biotic.com\/hu-hu\/products\/omni-logic-apfelpektin-int-99114\">\n                                                                                                    <img decoding=\"async\" src=\"https:\/\/cdn.shopify.com\/s\/files\/1\/0611\/8198\/5020\/files\/omni-logic-apple-pectin-84kps-int.webp?v=1760346360\" alt=\"OMNi-LOGiC\u00ae ALMA PEKTIN\" class=\"tile__image\" title=\"\">\n                                                                                            <\/a>\n                                                                                    <div class=\"tile__headline\">OMNi-LOGiC\u00ae ALMA PEKTIN<\/div>\n                                                                                        <div class=\"tile__subtitle\">Kiegyens\u00falyozott b\u00e9ltraktus<\/div>\n                                                                                                                    <div class=\"tile__price\">\n                                                                        10\u00a0380,00 Ft-t\u00f3l                                <\/div>\n                                                                                        <a class=\"tile__button\" href=\"https:\/\/shop.omni-biotic.com\/hu-hu\/products\/omni-logic-apfelpektin-int-99114\">a term\u00e9khez<\/a>\n                                                    <\/div>\n                    <\/div>\n                                    <div class=\"swiper-slide\">\n                        <div class=\"tile\">\n                                                        <a href=\"https:\/\/shop.omni-biotic.com\/hu-hu\/products\/omni-logic-fibre-int-99121\">\n                                                                                                    <img decoding=\"async\" src=\"https:\/\/cdn.shopify.com\/s\/files\/1\/0611\/8198\/5020\/files\/omni-logic-fibre-250g-int.webp?v=1760346376\" alt=\"OMNi-LOGiC\u00ae FIBRE\" class=\"tile__image\" title=\"\">\n                                                                                            <\/a>\n                                                                                    <div class=\"tile__headline\">OMNi-LOGiC\u00ae FIBRE<\/div>\n                                                                                        <div class=\"tile__subtitle\">A rostok term\u00e9szetes forr\u00e1sa!<\/div>\n                                                                                                                    <div class=\"tile__price\">\n                                                                        8\u00a0380,00 Ft-t\u00f3l                                <\/div>\n                                                                                        <a class=\"tile__button\" href=\"https:\/\/shop.omni-biotic.com\/hu-hu\/products\/omni-logic-fibre-int-99121\">a term\u00e9khez<\/a>\n                                                    <\/div>\n                    <\/div>\n                                    <div class=\"swiper-slide\">\n                        <div class=\"tile\">\n                                                        <a href=\"https:\/\/shop.omni-biotic.com\/hu-hu\/products\/omni-logic-immun-int-99119\">\n                                                                                                    <img decoding=\"async\" src=\"https:\/\/cdn.shopify.com\/s\/files\/1\/0611\/8198\/5020\/files\/omni-logic-immune-450-int_da251604-a0d9-4df3-8614-402b7d96b183.webp?v=1760346366\" alt=\"OMNi-LOGiC\u00ae IMMUNE\" class=\"tile__image\" title=\"\">\n                                                                                            <\/a>\n                                                                                    <div class=\"tile__headline\">OMNi-LOGiC\u00ae IMMUNE<\/div>\n                                                                                        <div class=\"tile__subtitle\">Eg\u00e9szs\u00e9ges b\u00e9lrendszer = er\u0151s immunrendszer<\/div>\n                                                                                                                    <div class=\"tile__price\">\n                                                                        19\u00a0800,00 Ft-t\u00f3l                                <\/div>\n                                                                                        <a class=\"tile__button\" href=\"https:\/\/shop.omni-biotic.com\/hu-hu\/products\/omni-logic-immun-int-99119\">a term\u00e9khez<\/a>\n                                                    <\/div>\n                    <\/div>\n                                    <div class=\"swiper-slide\">\n                        <div class=\"tile\">\n                                                        <a href=\"https:\/\/shop.omni-biotic.com\/hu-hu\/products\/omni-logic-plus-int-99120\">\n                                                                                                    <img decoding=\"async\" src=\"https:\/\/cdn.shopify.com\/s\/files\/1\/0611\/8198\/5020\/files\/omni-logic-plus-450g-int.webp?v=1760445032\" alt=\"OMNi-LOGiC\u00ae PLUS\" class=\"tile__image\" title=\"\">\n                                                                                            <\/a>\n                                                                                    <div class=\"tile__headline\">OMNi-LOGiC\u00ae PLUS<\/div>\n                                                                                        <div class=\"tile__subtitle\">Kiegyens\u00falyozott b\u00e9ltraktus<\/div>\n                                                                                                                    <div class=\"tile__price\">\n                                                                        19\u00a0800,00 Ft-t\u00f3l                                <\/div>\n                                                                                        <a class=\"tile__button\" href=\"https:\/\/shop.omni-biotic.com\/hu-hu\/products\/omni-logic-plus-int-99120\">a term\u00e9khez<\/a>\n                                                    <\/div>\n                    <\/div>\n                            <\/div>\n        <\/div>\n    <\/div>\n\t\t\t\t<\/div>\n\t\t\t\t<\/div>\n\t\t\t\t\t<\/div>\n\t\t\t\t<\/div>\n\t\t<div class=\"elementor-element elementor-element-ae7cc06 obcs none e-flex e-con-boxed e-con e-parent\" data-id=\"ae7cc06\" data-element_type=\"container\">\n\t\t\t\t\t<div class=\"e-con-inner\">\n\t\t\t\t<div class=\"elementor-element elementor-element-6978921 elementor-widget elementor-widget-heading\" data-id=\"6978921\" data-element_type=\"widget\" data-widget_type=\"heading.default\">\n\t\t\t\t<div class=\"elementor-widget-container\">\n\t\t\t\t\t<span class=\"elementor-heading-title elementor-size-default\">Legyen mindig naprak\u00e9sz!<\/span>\t\t\t\t<\/div>\n\t\t\t\t<\/div>\n\t\t\t\t<div class=\"elementor-element elementor-element-b716a2e elementor-widget__width-inherit elementor-widget elementor-widget-heading\" data-id=\"b716a2e\" data-element_type=\"widget\" data-widget_type=\"heading.default\">\n\t\t\t\t<div class=\"elementor-widget-container\">\n\t\t\t\t\t<h2 class=\"elementor-heading-title elementor-size-default\">OMNi-BiOTiC\u00ae blog<\/h2>\t\t\t\t<\/div>\n\t\t\t\t<\/div>\n\t\t\t\t<div class=\"elementor-element elementor-element-1020339 elementor-widget elementor-widget-li-widgets--posts-gallery\" data-id=\"1020339\" data-element_type=\"widget\" data-widget_type=\"li-widgets--posts-gallery.default\">\n\t\t\t\t<div class=\"elementor-widget-container\">\n\t\t\t\t\t    \n<div class=\"li-widgets--posts-gallery__pagination\" data-post-id=\"101\">\n\n    <div class=\"li-widgets--posts-gallery__pagination-results\">\n        1-6 a 98 eredm\u00e9nyek    <\/div>\n    <div class=\"li-widgets--posts-gallery__pagination-pages\">\n        oldalak 1 a 17    <\/div>\n    <div class=\"li-widgets--posts-gallery__pagination-url\">\n                            <a href=\"#\" data-href=\"https:\/\/www.omni-biotic.com\/hu-hu\/wp-json\/wp\/v2\/pages\/101\/?search&category=0&cur=1\">1<\/a>\n                    <a href=\"#\" data-href=\"https:\/\/www.omni-biotic.com\/hu-hu\/wp-json\/wp\/v2\/pages\/101\/?search&category=0&cur=2\">2<\/a>\n                    <a href=\"#\" data-href=\"https:\/\/www.omni-biotic.com\/hu-hu\/wp-json\/wp\/v2\/pages\/101\/?search&category=0&cur=3\">3<\/a>\n                            <a href=\"#\" data-href=\"https:\/\/www.omni-biotic.com\/hu-hu\/wp-json\/wp\/v2\/pages\/101\/?search&category=0&cur=17\">\u00bb<\/a>\n            <\/div>\n<\/div>\n<div class=\"li-widgets--posts-gallery blog\">\n                    <a href=\"https:\/\/www.omni-biotic.com\/hu-hu\/blog\/kronikus-faradtsag-szindroma\/\"\n           class=\"li-widgets--posts-gallery__post\">\n            <div class=\"post--image__container\">\n                <div class=\"post--image\">\n                    <img fetchpriority=\"high\" decoding=\"async\" width=\"700\" height=\"500\" src=\"https:\/\/www.omni-biotic.com\/hu-hu\/wp-content\/uploads\/sites\/7\/2025\/08\/Kornikus_faradtsag_szindroma-1.jpg\" class=\"attachment-medium_large size-medium_large wp-post-image\" alt=\"kr\u00f3nikus f\u00e1radts\u00e1g, kr\u00f3nikus f\u00e1radts\u00e1g szindr\u00f3ma, kr\u00f3nikus f\u00e1radts\u00e1g teszt, kr\u00f3nikus f\u00e1radts\u00e1g kezel\u00e9se, probiotikum, OMNi-BiOTiC\u00ae\" srcset=\"https:\/\/www.omni-biotic.com\/hu-hu\/wp-content\/uploads\/sites\/7\/2025\/08\/Kornikus_faradtsag_szindroma-1.jpg 700w, https:\/\/www.omni-biotic.com\/hu-hu\/wp-content\/uploads\/sites\/7\/2025\/08\/Kornikus_faradtsag_szindroma-1-300x214.jpg 300w\" sizes=\"(max-width: 700px) 100vw, 700px\" title=\"\">                <\/div>\n            <\/div>\n            <div class=\"post--teaser\">\n                <div class=\"title\">Kr\u00f3nikus f\u00e1radts\u00e1g szindr\u00f3ma<\/div>\n                <div class=\"description\">\n                    Ha valaki gyakran f\u00e1radtnak \u00e9s kimer\u00fcltnek \u00e9rzi mag\u00e1t m\u00e9g csek\u00e9ly meger\u0151ltet\u00e9s ut\u00e1n is, akkor a\u2026                    <br>\n                    <span class=\"read-more\">\n                            Tov\u00e1bb                        <\/span>\n                <\/div>\n                <div class=\"metadata\"><b>friss\u00edtve:<\/b> 8. augusztus 2025 \u2022 <b>Kateg\u00f3ri\u00e1k:<\/b> \u00dajdons\u00e1g a kutat\u00e1sb\u00f3l<\/div>\n            <\/div>\n        <\/a>\n                <a href=\"https:\/\/www.omni-biotic.com\/hu-hu\/blog\/autoimmun-betegsegek\/\"\n           class=\"li-widgets--posts-gallery__post\">\n            <div class=\"post--image__container\">\n                <div class=\"post--image\">\n                    <img decoding=\"async\" width=\"700\" height=\"500\" src=\"https:\/\/www.omni-biotic.com\/hu-hu\/wp-content\/uploads\/sites\/7\/2025\/08\/autoimmun_betegseg.jpg\" class=\"attachment-medium_large size-medium_large wp-post-image\" alt=\"autoimmun betegs\u00e9g kezel\u00e9se, probioitkum, kr\u00f3nikus betegs\u00e9g, reuma, pikkelys\u00f6m\u00f6r, Hashimoto-thyreoiditis, c\u00f6li\u00e1kia vagy 1-es t\u00edpus\u00fa cukorbetegs\u00e9g, OMNi-BiOTiC\u00ae\" srcset=\"https:\/\/www.omni-biotic.com\/hu-hu\/wp-content\/uploads\/sites\/7\/2025\/08\/autoimmun_betegseg.jpg 700w, https:\/\/www.omni-biotic.com\/hu-hu\/wp-content\/uploads\/sites\/7\/2025\/08\/autoimmun_betegseg-300x214.jpg 300w\" sizes=\"(max-width: 700px) 100vw, 700px\" title=\"\">                <\/div>\n            <\/div>\n            <div class=\"post--teaser\">\n                <div class=\"title\">Autoimmun betegs\u00e9gek<\/div>\n                <div class=\"description\">\n                    Az olyan kifejez\u00e9seket, mint a pikkelys\u00f6m\u00f6r, a Hashimoto-thyreoiditis, a c\u00f6li\u00e1kia vagy az 1-es t\u00edpus\u00fa cukorbetegs\u00e9g,\u2026                    <br>\n                    <span class=\"read-more\">\n                            Tov\u00e1bb                        <\/span>\n                <\/div>\n                <div class=\"metadata\"><b>friss\u00edtve:<\/b> 5. augusztus 2025 \u2022 <b>Kateg\u00f3ri\u00e1k:<\/b> Panaszok \u00e9s tan\u00e1csok<\/div>\n            <\/div>\n        <\/a>\n                <a href=\"https:\/\/www.omni-biotic.com\/hu-hu\/blog\/kortizol-es-stressz\/\"\n           class=\"li-widgets--posts-gallery__post\">\n            <div class=\"post--image__container\">\n                <div class=\"post--image\">\n                    <img decoding=\"async\" width=\"768\" height=\"644\" src=\"https:\/\/www.omni-biotic.com\/hu-hu\/wp-content\/uploads\/sites\/7\/2025\/01\/kortizolszint_vizsgalat-768x644.png\" class=\"attachment-medium_large size-medium_large wp-post-image\" alt=\"korizol szint, kortizol, omni-biotic, probiotikum, kortizol szint m\u00e9r\u00e9se otthon, korizol cs\u00f6kkent\u00e9se, stressz, stresszkezel\u00e9s\" srcset=\"https:\/\/www.omni-biotic.com\/hu-hu\/wp-content\/uploads\/sites\/7\/2025\/01\/kortizolszint_vizsgalat-768x644.png 768w, https:\/\/www.omni-biotic.com\/hu-hu\/wp-content\/uploads\/sites\/7\/2025\/01\/kortizolszint_vizsgalat-300x251.png 300w, https:\/\/www.omni-biotic.com\/hu-hu\/wp-content\/uploads\/sites\/7\/2025\/01\/kortizolszint_vizsgalat.png 940w\" sizes=\"(max-width: 768px) 100vw, 768px\" title=\"\">                <\/div>\n            <\/div>\n            <div class=\"post--teaser\">\n                <div class=\"title\">Magas kortizolszint: hogyan szab\u00e1lyozzuk?<\/div>\n                <div class=\"description\">\n                    A kortizol, k\u00f6zismertebb nev\u00e9n a \u201estresszhormon\u201d, alapvet\u0151 szerepet j\u00e1tszik a szervezet sz\u00e1mos fontos funkci\u00f3j\u00e1nak fenntart\u00e1s\u00e1ban.\u2026                    <br>\n                    <span class=\"read-more\">\n                            Tov\u00e1bb                        <\/span>\n                <\/div>\n                <div class=\"metadata\"><b>friss\u00edtve:<\/b> 15. \u00e1prilis 2025 \u2022 <b>Kateg\u00f3ri\u00e1k:<\/b> \u00c1ltal\u00e1nos, \u00c9letm\u00f3d<\/div>\n            <\/div>\n        <\/a>\n                <a href=\"https:\/\/www.omni-biotic.com\/hu-hu\/blog\/az-endometriozis-kezelese\/\"\n           class=\"li-widgets--posts-gallery__post\">\n            <div class=\"post--image__container\">\n                <div class=\"post--image\">\n                    <img loading=\"lazy\" decoding=\"async\" width=\"700\" height=\"500\" src=\"https:\/\/www.omni-biotic.com\/hu-hu\/wp-content\/uploads\/sites\/7\/2024\/09\/endometriozis_fajdalom.jpg\" class=\"attachment-medium_large size-medium_large wp-post-image\" alt=\"endometri\u00f3zis, f\u00e1jdalom, probiotikum, omni-biotic\" srcset=\"https:\/\/www.omni-biotic.com\/hu-hu\/wp-content\/uploads\/sites\/7\/2024\/09\/endometriozis_fajdalom.jpg 700w, https:\/\/www.omni-biotic.com\/hu-hu\/wp-content\/uploads\/sites\/7\/2024\/09\/endometriozis_fajdalom-300x214.jpg 300w\" sizes=\"(max-width: 700px) 100vw, 700px\" title=\"\">                <\/div>\n            <\/div>\n            <div class=\"post--teaser\">\n                <div class=\"title\">Az endometri\u00f3zis kezel\u00e9se \u00e9s t\u00fcnetei<\/div>\n                <div class=\"description\">\n                    Az endometri\u00f3zis t\u00fcnete az er\u0151s menstru\u00e1ci\u00f3s f\u00e1jdalom, a szexu\u00e1lis egy\u00fcttl\u00e9t sor\u00e1n tapasztalt f\u00e1jdalom. Jelentkezhet vizel\u00e9skor\u2026                    <br>\n                    <span class=\"read-more\">\n                            Tov\u00e1bb                        <\/span>\n                <\/div>\n                <div class=\"metadata\"><b>friss\u00edtve:<\/b> 25. szeptember 2024 \u2022 <b>Kateg\u00f3ri\u00e1k:<\/b> \u00c1ltal\u00e1nos, N\u0151i eg\u00e9szs\u00e9g<\/div>\n            <\/div>\n        <\/a>\n                <a href=\"https:\/\/www.omni-biotic.com\/hu-hu\/blog\/papaja-a-szekrekedes-ellen\/\"\n           class=\"li-widgets--posts-gallery__post\">\n            <div class=\"post--image__container\">\n                <div class=\"post--image\">\n                    <img loading=\"lazy\" decoding=\"async\" width=\"700\" height=\"500\" src=\"https:\/\/www.omni-biotic.com\/hu-hu\/wp-content\/uploads\/sites\/7\/2024\/09\/papaja_szekrekedes_ellen.jpg\" class=\"attachment-medium_large size-medium_large wp-post-image\" alt=\"papaja, sz\u00e9kreked\u00e9s ellen, puffad\u00e1s, hasmen\u00e9s, probiotikum sz\u00e9kreked\u00e9s, papaya\" srcset=\"https:\/\/www.omni-biotic.com\/hu-hu\/wp-content\/uploads\/sites\/7\/2024\/09\/papaja_szekrekedes_ellen.jpg 700w, https:\/\/www.omni-biotic.com\/hu-hu\/wp-content\/uploads\/sites\/7\/2024\/09\/papaja_szekrekedes_ellen-300x214.jpg 300w\" sizes=\"(max-width: 700px) 100vw, 700px\" title=\"\">                <\/div>\n            <\/div>\n            <div class=\"post--teaser\">\n                <div class=\"title\">Papaja: tippek sz\u00e9kreked\u00e9s ellen<\/div>\n                <div class=\"description\">\n                    A papaja \u00e9rt\u00e9kes \u00f6sszetev\u0151i fontos t\u00e1pl\u00e1l\u00e9kforr\u00e1sk\u00e9nt szolg\u00e1lnak b\u00e9lbakt\u00e9riumaink sz\u00e1m\u00e1ra \u00e9s r\u00e1ad\u00e1sul a sz\u00e9kreked\u00e9s enyh\u00fclhet.                    <br>\n                    <span class=\"read-more\">\n                            Tov\u00e1bb                        <\/span>\n                <\/div>\n                <div class=\"metadata\"><b>friss\u00edtve:<\/b> 9. j\u00falius 2025 \u2022 <b>Kateg\u00f3ri\u00e1k:<\/b> Panaszok \u00e9s tan\u00e1csok<\/div>\n            <\/div>\n        <\/a>\n                <a href=\"https:\/\/www.omni-biotic.com\/hu-hu\/blog\/meddoseg-a-huvelyflora-szerepe\/\"\n           class=\"li-widgets--posts-gallery__post\">\n            <div class=\"post--image__container\">\n                <div class=\"post--image\">\n                    <img loading=\"lazy\" decoding=\"async\" width=\"700\" height=\"500\" src=\"https:\/\/www.omni-biotic.com\/hu-hu\/wp-content\/uploads\/sites\/7\/2024\/09\/meddoeseg_noi_probiotikum.jpg\" class=\"attachment-medium_large size-medium_large wp-post-image\" alt=\"omni-biotic flora plus, h\u00fcvelysz\u00e1razs\u00e1g, h\u00fcvelygomba, probiotikumok, candida, h\u00fcvelyfl\u00f3ra helyre\u00e1ll\u00edt\u00f3, probiotikum n\u0151knek, medd\u0151s\u00e9g, h\u00fagy\u00fati fert\u0151z\u00e9s, h\u00fcvelymikorbiom, h\u00fcvelyfl\u00f3ra\" srcset=\"https:\/\/www.omni-biotic.com\/hu-hu\/wp-content\/uploads\/sites\/7\/2024\/09\/meddoeseg_noi_probiotikum.jpg 700w, https:\/\/www.omni-biotic.com\/hu-hu\/wp-content\/uploads\/sites\/7\/2024\/09\/meddoeseg_noi_probiotikum-300x214.jpg 300w\" sizes=\"(max-width: 700px) 100vw, 700px\" title=\"\">                <\/div>\n            <\/div>\n            <div class=\"post--teaser\">\n                <div class=\"title\">Medd\u0151s\u00e9g: a h\u00fcvelyfl\u00f3ra szerepe<\/div>\n                <div class=\"description\">\n                    A terhes n\u0151k h\u00fcvelyfl\u00f3r\u00e1ja \u00f6sszet\u00e9telben megv\u00e1ltozik. \u00cdgy a h\u00fcvelyfl\u00f3ra hat\u00e1ssal van a term\u00e9kenys\u00e9gre \u00e9s a\u2026                    <br>\n                    <span class=\"read-more\">\n                            Tov\u00e1bb                        <\/span>\n                <\/div>\n                <div class=\"metadata\"><b>friss\u00edtve:<\/b> 18. szeptember 2024 \u2022 <b>Kateg\u00f3ri\u00e1k:<\/b> Anya \u00e9s gyermek, N\u0151i eg\u00e9szs\u00e9g<\/div>\n            <\/div>\n        <\/a>\n            <\/div>\n\t\t\t\t<\/div>\n\t\t\t\t<\/div>\n\t\t\t\t\t<\/div>\n\t\t\t\t<\/div>\n\t\t\t\t<\/div>\n\t\t","protected":false},"excerpt":{"rendered":"<p>OMNi-LOGiC\u00ae OMNi-LOGiC\u00ae term\u00e9keink t\u00f6bbek k\u00f6z\u00f6tt kiv\u00e1l\u00f3 min\u0151s\u00e9g\u0171 \u00e9lelmi rostokat k\u00edn\u00e1lnak t\u00e1panyagforr\u00e1sk\u00e9nt a fontos b\u00e9lbakt\u00e9riumok sz\u00e1m\u00e1ra, \u00edgy azokat kedvenc t\u00e1pl\u00e1l\u00e9kukkal l\u00e1thatjuk el. Speci\u00e1lis \u00e9lelmi rostok OMNi-LOGiC\u00ae PLUS got to product OMNi-LOGiC\u00ae IMMUNE got to product OMNi-LOGiC\u00ae FIBRE got to product OMNi-LOGiC\u00ae ALMA PEKTIN got to product Legyen mindig naprak\u00e9sz! OMNi-BiOTiC\u00ae blog 1-6 of 67 results Page [&hellip;]<\/p>\n","protected":false},"author":3,"featured_media":19950,"parent":97,"menu_order":190,"comment_status":"closed","ping_status":"closed","template":"","meta":{"_acf_changed":false,"inline_featured_image":false,"footnotes":""},"class_list":["post-101","page","type-page","status-publish","has-post-thumbnail","hentry"],"acf":[],"_links":{"self":[{"href":"https:\/\/www.omni-biotic.com\/hu-hu\/wp-json\/wp\/v2\/pages\/101","targetHints":{"allow":["GET"]}}],"collection":[{"href":"https:\/\/www.omni-biotic.com\/hu-hu\/wp-json\/wp\/v2\/pages"}],"about":[{"href":"https:\/\/www.omni-biotic.com\/hu-hu\/wp-json\/wp\/v2\/types\/page"}],"author":[{"embeddable":true,"href":"https:\/\/www.omni-biotic.com\/hu-hu\/wp-json\/wp\/v2\/users\/3"}],"replies":[{"embeddable":true,"href":"https:\/\/www.omni-biotic.com\/hu-hu\/wp-json\/wp\/v2\/comments?post=101"}],"version-history":[{"count":7,"href":"https:\/\/www.omni-biotic.com\/hu-hu\/wp-json\/wp\/v2\/pages\/101\/revisions"}],"predecessor-version":[{"id":18611,"href":"https:\/\/www.omni-biotic.com\/hu-hu\/wp-json\/wp\/v2\/pages\/101\/revisions\/18611"}],"up":[{"embeddable":true,"href":"https:\/\/www.omni-biotic.com\/hu-hu\/wp-json\/wp\/v2\/pages\/97"}],"wp:featuredmedia":[{"embeddable":true,"href":"https:\/\/www.omni-biotic.com\/hu-hu\/wp-json\/wp\/v2\/media\/19950"}],"wp:attachment":[{"href":"https:\/\/www.omni-biotic.com\/hu-hu\/wp-json\/wp\/v2\/media?parent=101"}],"curies":[{"name":"wp","href":"https:\/\/api.w.org\/{rel}","templated":true}]}}