{"id":129,"date":"2022-03-07T10:07:28","date_gmt":"2022-03-07T09:07:28","guid":{"rendered":"https:\/\/www.omni-biotic.com\/darmgesundheit\/gesundheitszentrale-darm\/darm-hirn-achse\/"},"modified":"2024-01-18T08:04:44","modified_gmt":"2024-01-18T07:04:44","slug":"bel-agy-tengely","status":"publish","type":"page","link":"https:\/\/www.omni-biotic.com\/hu-hu\/a-belrendszer-egeszsege\/a-bel-az-egeszseg-kozpontja\/bel-agy-tengely\/","title":{"rendered":"B\u00e9l-agy tengely"},"content":{"rendered":"\t\t<div data-elementor-type=\"wp-page\" data-elementor-id=\"129\" class=\"elementor elementor-129\" data-elementor-post-type=\"page\">\n\t\t\t\t<div class=\"elementor-element elementor-element-b604d7b e-con-full obcs none e-flex e-con e-parent\" data-id=\"b604d7b\" data-element_type=\"container\" data-settings=\"{&quot;background_background&quot;:&quot;classic&quot;,&quot;shape_divider_bottom&quot;:&quot;waves&quot;}\">\n\t\t\t\t<div class=\"elementor-shape elementor-shape-bottom\" aria-hidden=\"true\" data-negative=\"false\">\n\t\t\t<svg xmlns=\"http:\/\/www.w3.org\/2000\/svg\" viewBox=\"0 0 1000 100\" preserveAspectRatio=\"none\">\n\t<path class=\"elementor-shape-fill\" d=\"M421.9,6.5c22.6-2.5,51.5,0.4,75.5,5.3c23.6,4.9,70.9,23.5,100.5,35.7c75.8,32.2,133.7,44.5,192.6,49.7\n\tc23.6,2.1,48.7,3.5,103.4-2.5c54.7-6,106.2-25.6,106.2-25.6V0H0v30.3c0,0,72,32.6,158.4,30.5c39.2-0.7,92.8-6.7,134-22.4\n\tc21.2-8.1,52.2-18.2,79.7-24.2C399.3,7.9,411.6,7.5,421.9,6.5z\"\/>\n<\/svg>\t\t<\/div>\n\t\t\t\t<div class=\"elementor-element elementor-element-be6ac67 elementor-absolute elementor-hidden-mobile elementor-align-center elementor-widget elementor-widget-lottie\" data-id=\"be6ac67\" data-element_type=\"widget\" data-settings=\"{&quot;source_json&quot;:{&quot;url&quot;:&quot;https:\\\/\\\/www.omni-biotic.com\\\/hu-hu\\\/wp-content\\\/uploads\\\/sites\\\/7\\\/2022\\\/08\\\/lf30_editor_s5uwdgjh.json&quot;,&quot;id&quot;:&quot;7733&quot;,&quot;size&quot;:&quot;&quot;,&quot;alt&quot;:&quot;&quot;,&quot;source&quot;:&quot;library&quot;},&quot;loop&quot;:&quot;yes&quot;,&quot;play_speed&quot;:{&quot;unit&quot;:&quot;px&quot;,&quot;size&quot;:&quot;0.3&quot;,&quot;sizes&quot;:[]},&quot;_position&quot;:&quot;absolute&quot;,&quot;source&quot;:&quot;media_file&quot;,&quot;caption_source&quot;:&quot;none&quot;,&quot;link_to&quot;:&quot;none&quot;,&quot;trigger&quot;:&quot;arriving_to_viewport&quot;,&quot;viewport&quot;:{&quot;unit&quot;:&quot;%&quot;,&quot;size&quot;:&quot;&quot;,&quot;sizes&quot;:{&quot;start&quot;:0,&quot;end&quot;:100}},&quot;start_point&quot;:{&quot;unit&quot;:&quot;%&quot;,&quot;size&quot;:0,&quot;sizes&quot;:[]},&quot;end_point&quot;:{&quot;unit&quot;:&quot;%&quot;,&quot;size&quot;:100,&quot;sizes&quot;:[]},&quot;renderer&quot;:&quot;svg&quot;}\" data-widget_type=\"lottie.default\">\n\t\t\t\t<div class=\"elementor-widget-container\">\n\t\t\t\t\t<div class=\"e-lottie__container\"><div class=\"e-lottie__animation\"><\/div><\/div>\t\t\t\t<\/div>\n\t\t\t\t<\/div>\n\t\t<div class=\"elementor-element elementor-element-b4e4877 e-con-full obcs none e-flex e-con e-parent\" data-id=\"b4e4877\" data-element_type=\"container\" data-settings=\"{&quot;background_background&quot;:&quot;gradient&quot;}\">\n\t\t\t\t<div class=\"elementor-element elementor-element-4c653a8 elementor-widget elementor-widget-heading\" data-id=\"4c653a8\" data-element_type=\"widget\" data-widget_type=\"heading.default\">\n\t\t\t\t<div class=\"elementor-widget-container\">\n\t\t\t\t\t<h1 class=\"elementor-heading-title elementor-size-default\">B\u00e9l-agy tengely<\/h1>\t\t\t\t<\/div>\n\t\t\t\t<\/div>\n\t\t\t\t<div class=\"elementor-element elementor-element-424be37 elementor-widget-divider--view-line elementor-widget elementor-widget-divider\" data-id=\"424be37\" data-element_type=\"widget\" data-widget_type=\"divider.default\">\n\t\t\t\t<div class=\"elementor-widget-container\">\n\t\t\t\t\t\t\t<div class=\"elementor-divider\">\n\t\t\t<span class=\"elementor-divider-separator\">\n\t\t\t\t\t\t<\/span>\n\t\t<\/div>\n\t\t\t\t\t\t<\/div>\n\t\t\t\t<\/div>\n\t\t\t\t<div class=\"elementor-element elementor-element-add8414 elementor-widget__width-initial elementor-widget elementor-widget-text-editor\" data-id=\"add8414\" data-element_type=\"widget\" data-widget_type=\"text-editor.default\">\n\t\t\t\t<div class=\"elementor-widget-container\">\n\t\t\t\t\t\t\t\t\t<p>Sok\u00e1ig \u00fagy v\u00e9lt\u00e9k, hogy a b\u00e9l csak egy em\u00e9szt\u0151szerv, amelynek nincs tov\u00e1bbi jelent\u0151s\u00e9ge. Ma m\u00e1r tudjuk, hogy ez a n\u00e9zet messzemen\u0151en al\u00e1becs\u00fclte ezt a szervet, ugyanis a b\u00e9l a betegs\u00e9gekt\u0151l is \u00f3v benn\u00fcnket. N\u00e9h\u00e1ny \u00e9ve a kutat\u00e1sok k\u00f6z\u00e9ppontj\u00e1ban a b\u00e9l \u00e9s az agy k\u00f6z\u00f6tti idegi kapcsolat, az \u00fagynevezett b\u00e9l-agy tengely \u00e1ll..<\/p>\t\t\t\t\t\t\t\t<\/div>\n\t\t\t\t<\/div>\n\t\t\t\t<\/div>\n\t\t\t\t<\/div>\n\t\t<div class=\"elementor-element elementor-element-fdfa33d obcs none e-flex e-con-boxed e-con e-parent\" data-id=\"fdfa33d\" data-element_type=\"container\">\n\t\t\t\t\t<div class=\"e-con-inner\">\n\t\t<div class=\"elementor-element elementor-element-df33cb3 obcs none e-flex e-con-boxed e-con e-parent\" data-id=\"df33cb3\" data-element_type=\"container\">\n\t\t\t\t\t<div class=\"e-con-inner\">\n\t\t<div class=\"elementor-element elementor-element-ac4ddf1 e-con-full obcs none e-flex e-con e-parent\" data-id=\"ac4ddf1\" data-element_type=\"container\">\n\t\t\t\t<\/div>\n\t\t<div class=\"elementor-element elementor-element-cca2db7 e-con-full obcs none e-flex e-con e-parent\" data-id=\"cca2db7\" data-element_type=\"container\">\n\t\t\t\t<div class=\"elementor-element elementor-element-3f609a5 elementor-toc--minimized-on-desktop elementor-widget elementor-widget-table-of-contents\" data-id=\"3f609a5\" data-element_type=\"widget\" data-settings=\"{&quot;exclude_headings_by_selector&quot;:[],&quot;minimized_on&quot;:&quot;desktop&quot;,&quot;_animation&quot;:&quot;none&quot;,&quot;headings_by_tags&quot;:[&quot;h2&quot;,&quot;h3&quot;,&quot;h4&quot;,&quot;h5&quot;,&quot;h6&quot;],&quot;marker_view&quot;:&quot;numbers&quot;,&quot;no_headings_message&quot;:&quot;Ezen az oldalon nem tal\\u00e1lhat\\u00f3 c\\u00edmsor.&quot;,&quot;minimize_box&quot;:&quot;yes&quot;,&quot;hierarchical_view&quot;:&quot;yes&quot;,&quot;min_height&quot;:{&quot;unit&quot;:&quot;px&quot;,&quot;size&quot;:&quot;&quot;,&quot;sizes&quot;:[]},&quot;min_height_tablet&quot;:{&quot;unit&quot;:&quot;px&quot;,&quot;size&quot;:&quot;&quot;,&quot;sizes&quot;:[]},&quot;min_height_mobile&quot;:{&quot;unit&quot;:&quot;px&quot;,&quot;size&quot;:&quot;&quot;,&quot;sizes&quot;:[]}}\" data-widget_type=\"table-of-contents.default\">\n\t\t\t\t<div class=\"elementor-widget-container\">\n\t\t\t\t\t\t\t\t\t<div class=\"elementor-toc__header\">\n\t\t\t\t\t\t<h4 class=\"elementor-toc__header-title\">\n\t\t\t\tTartalomjegyz\u00e9k\t\t\t<\/h4>\n\t\t\t\t\t\t\t\t\t\t<div class=\"elementor-toc__toggle-button elementor-toc__toggle-button--expand\" role=\"button\" tabindex=\"0\" aria-controls=\"elementor-toc__3f609a5\" aria-expanded=\"true\" aria-label=\"Open table of contents\"><i aria-hidden=\"true\" class=\"fas fa-chevron-down\"><\/i><\/div>\n\t\t\t\t<div class=\"elementor-toc__toggle-button elementor-toc__toggle-button--collapse\" role=\"button\" tabindex=\"0\" aria-controls=\"elementor-toc__3f609a5\" aria-expanded=\"true\" aria-label=\"Close table of contents\"><i aria-hidden=\"true\" class=\"fas fa-chevron-up\"><\/i><\/div>\n\t\t\t\t\t<\/div>\n\t\t\t\t<div id=\"elementor-toc__3f609a5\" class=\"elementor-toc__body\">\n\t\t\t<div class=\"elementor-toc__spinner-container\">\n\t\t\t\t<i class=\"elementor-toc__spinner eicon-animation-spin eicon-loading\" aria-hidden=\"true\"><\/i>\t\t\t<\/div>\n\t\t<\/div>\n\t\t\t\t\t\t<\/div>\n\t\t\t\t<\/div>\n\t\t\t\t<\/div>\n\t\t\t\t\t<\/div>\n\t\t\t\t<\/div>\n\t\t\t\t\t<\/div>\n\t\t\t\t<\/div>\n\t\t<div class=\"elementor-element elementor-element-16250d2 obcs none e-flex e-con-boxed e-con e-parent\" data-id=\"16250d2\" data-element_type=\"container\">\n\t\t\t\t\t<div class=\"e-con-inner\">\n\t\t\t\t<div class=\"elementor-element elementor-element-7ddda7a elementor-widget elementor-widget-heading\" data-id=\"7ddda7a\" data-element_type=\"widget\" data-widget_type=\"heading.default\">\n\t\t\t\t<div class=\"elementor-widget-container\">\n\t\t\t\t\t<h2 class=\"elementor-heading-title elementor-size-default\">Mi az a b\u00e9l-agy tengely?<\/h2>\t\t\t\t<\/div>\n\t\t\t\t<\/div>\n\t\t\t\t<div class=\"elementor-element elementor-element-d3561b7 elementor-widget elementor-widget-text-editor\" data-id=\"d3561b7\" data-element_type=\"widget\" data-widget_type=\"text-editor.default\">\n\t\t\t\t<div class=\"elementor-widget-container\">\n\t\t\t\t\t\t\t\t\t<p>A b\u00e9l-agy tengely a b\u00e9l \u00e9s az agy k\u00f6z\u00f6tti szoros k\u00f6lcs\u00f6nhat\u00e1s \u00e9s intenz\u00edv inform\u00e1ci\u00f3csere. A b\u00e9l \u00e9s az agy k\u00f6z\u00f6tti kommunik\u00e1ci\u00f3 k\u00f6zponti eleme az idegrendszer. Az em\u00e9szt\u0151rendszerben mintegy 100 milli\u00f3 idegsejt tal\u00e1lhat\u00f3, k\u00f6r\u00fclbel\u00fcl n\u00e9gy-\u00f6tsz\u00f6r annyi, mint a gerincvel\u0151ben. Ez\u00e9rt is nevezik a b\u00e9lt a m\u00e1sodik mem\u00f3ri\u00e1nknak. Ez az \u00fagynevezett b\u00e9l-idegrendszer, a mi &#8222;hasi agyunk&#8221; a &#8222;feji aggyal&#8221; egy\u00fcttm\u0171k\u00f6dve szab\u00e1lyozza t\u00f6bbek k\u00f6z\u00f6tt a b\u00e9lmozg\u00e1st (azaz a b\u00e9lizmok mozg\u00e1s\u00e1t), az em\u00e9szt\u0151rendszer v\u00e9r\u00e1raml\u00e1s\u00e1t \u00e9s a b\u00e9l immunol\u00f3giai m\u0171k\u00f6d\u00e9s\u00e9t is.<\/p>\t\t\t\t\t\t\t\t<\/div>\n\t\t\t\t<\/div>\n\t\t\t\t\t<\/div>\n\t\t\t\t<\/div>\n\t\t<div class=\"elementor-element elementor-element-08734d4 obcs yellow e-flex e-con-boxed e-con e-parent\" data-id=\"08734d4\" data-element_type=\"container\" data-settings=\"{&quot;background_background&quot;:&quot;classic&quot;,&quot;shape_divider_top&quot;:&quot;waves&quot;,&quot;shape_divider_bottom&quot;:&quot;waves&quot;}\">\n\t\t\t\t\t<div class=\"e-con-inner\">\n\t\t\t\t<div class=\"elementor-shape elementor-shape-top\" aria-hidden=\"true\" data-negative=\"false\">\n\t\t\t<svg xmlns=\"http:\/\/www.w3.org\/2000\/svg\" viewBox=\"0 0 1000 100\" preserveAspectRatio=\"none\">\n\t<path class=\"elementor-shape-fill\" d=\"M421.9,6.5c22.6-2.5,51.5,0.4,75.5,5.3c23.6,4.9,70.9,23.5,100.5,35.7c75.8,32.2,133.7,44.5,192.6,49.7\n\tc23.6,2.1,48.7,3.5,103.4-2.5c54.7-6,106.2-25.6,106.2-25.6V0H0v30.3c0,0,72,32.6,158.4,30.5c39.2-0.7,92.8-6.7,134-22.4\n\tc21.2-8.1,52.2-18.2,79.7-24.2C399.3,7.9,411.6,7.5,421.9,6.5z\"\/>\n<\/svg>\t\t<\/div>\n\t\t\t\t<div class=\"elementor-shape elementor-shape-bottom\" aria-hidden=\"true\" data-negative=\"false\">\n\t\t\t<svg xmlns=\"http:\/\/www.w3.org\/2000\/svg\" viewBox=\"0 0 1000 100\" preserveAspectRatio=\"none\">\n\t<path class=\"elementor-shape-fill\" d=\"M421.9,6.5c22.6-2.5,51.5,0.4,75.5,5.3c23.6,4.9,70.9,23.5,100.5,35.7c75.8,32.2,133.7,44.5,192.6,49.7\n\tc23.6,2.1,48.7,3.5,103.4-2.5c54.7-6,106.2-25.6,106.2-25.6V0H0v30.3c0,0,72,32.6,158.4,30.5c39.2-0.7,92.8-6.7,134-22.4\n\tc21.2-8.1,52.2-18.2,79.7-24.2C399.3,7.9,411.6,7.5,421.9,6.5z\"\/>\n<\/svg>\t\t<\/div>\n\t\t\t\t<div class=\"elementor-element elementor-element-00cc7a2 elementor-widget__width-inherit elementor-widget elementor-widget-heading\" data-id=\"00cc7a2\" data-element_type=\"widget\" data-widget_type=\"heading.default\">\n\t\t\t\t<div class=\"elementor-widget-container\">\n\t\t\t\t\t<h2 class=\"elementor-heading-title elementor-size-default\">A probiotikumok befoly\u00e1solj\u00e1k az agy teljes\u00edtm\u00e9ny\u00e9t<\/h2>\t\t\t\t<\/div>\n\t\t\t\t<\/div>\n\t\t\t\t<div class=\"elementor-element elementor-element-e620c1d elementor-widget elementor-widget-text-editor\" data-id=\"e620c1d\" data-element_type=\"widget\" data-widget_type=\"text-editor.default\">\n\t\t\t\t<div class=\"elementor-widget-container\">\n\t\t\t\t\t\t\t\t\t<p style=\"text-align: center\">A b\u00e9l-agy tengely egyre ink\u00e1bb a tudom\u00e1nyos \u00e9rdekl\u0151d\u00e9s k\u00f6z\u00e9ppontj\u00e1ba ker\u00fcl: az agy \u00e9s az em\u00e9szt\u0151rendszer k\u00f6z\u00f6tt k\u00e9tir\u00e1ny\u00fa folyamatos biok\u00e9miai \u00e9s idegi inform\u00e1ci\u00f3csere zajlik, ami sokf\u00e9lek\u00e9ppen hat r\u00e1nk. A jelenlegi tanulm\u00e1nyok leny\u0171g\u00f6z\u0151en bizony\u00edtj\u00e1k, hogy az agy sz\u00e1mos k\u00fcl\u00f6nb\u00f6z\u0151 funkci\u00f3ja pozit\u00edvan befoly\u00e1solhat\u00f3 a tudom\u00e1nyosan \u00f6ssze\u00e1ll\u00edtott, t\u00f6bbt\u00f6rzs\u0171 probiotikumok seg\u00edts\u00e9g\u00e9vel.<\/p>\t\t\t\t\t\t\t\t<\/div>\n\t\t\t\t<\/div>\n\t\t\t\t<div class=\"elementor-element elementor-element-723a912 elementor-align-center elementor-widget__width-inherit elementor-widget elementor-widget-button\" data-id=\"723a912\" data-element_type=\"widget\" data-widget_type=\"button.default\">\n\t\t\t\t<div class=\"elementor-widget-container\">\n\t\t\t\t\t\t\t\t\t<div class=\"elementor-button-wrapper\">\n\t\t\t\t\t<a class=\"elementor-button elementor-button-link elementor-size-lg\" href=\"https:\/\/www.omni-biotic.com\/hu-hu\/blog\/probiotikumok-hatasa-az-agyra\/\">\n\t\t\t\t\t\t<span class=\"elementor-button-content-wrapper\">\n\t\t\t\t\t\t\t\t\t<span class=\"elementor-button-text\">Olvasson tov\u00e1bb!<\/span>\n\t\t\t\t\t<\/span>\n\t\t\t\t\t<\/a>\n\t\t\t\t<\/div>\n\t\t\t\t\t\t\t\t<\/div>\n\t\t\t\t<\/div>\n\t\t\t\t\t<\/div>\n\t\t\t\t<\/div>\n\t\t<div class=\"elementor-element elementor-element-1601d91 obcs blue e-flex e-con-boxed e-con e-parent\" data-id=\"1601d91\" data-element_type=\"container\">\n\t\t\t\t\t<div class=\"e-con-inner\">\n\t\t<div class=\"elementor-element elementor-element-2b7381a e-con-full obcs none e-flex e-con e-parent\" data-id=\"2b7381a\" data-element_type=\"container\">\n\t\t\t\t<div class=\"elementor-element elementor-element-5f6254c e-transform elementor-widget elementor-widget-image\" data-id=\"5f6254c\" data-element_type=\"widget\" data-settings=\"{&quot;_transform_rotateZ_effect&quot;:{&quot;unit&quot;:&quot;px&quot;,&quot;size&quot;:&quot;0&quot;,&quot;sizes&quot;:[]},&quot;_transform_rotate_3d&quot;:&quot;yes&quot;,&quot;_transform_rotateX_effect&quot;:{&quot;unit&quot;:&quot;px&quot;,&quot;size&quot;:&quot;0&quot;,&quot;sizes&quot;:[]},&quot;_transform_rotateY_effect&quot;:{&quot;unit&quot;:&quot;px&quot;,&quot;size&quot;:&quot;4&quot;,&quot;sizes&quot;:[]},&quot;_transform_perspective_effect&quot;:{&quot;unit&quot;:&quot;px&quot;,&quot;size&quot;:&quot;650&quot;,&quot;sizes&quot;:[]},&quot;_transform_rotateZ_effect_tablet&quot;:{&quot;unit&quot;:&quot;deg&quot;,&quot;size&quot;:&quot;&quot;,&quot;sizes&quot;:[]},&quot;_transform_rotateZ_effect_mobile&quot;:{&quot;unit&quot;:&quot;deg&quot;,&quot;size&quot;:&quot;&quot;,&quot;sizes&quot;:[]},&quot;_transform_rotateX_effect_tablet&quot;:{&quot;unit&quot;:&quot;deg&quot;,&quot;size&quot;:&quot;&quot;,&quot;sizes&quot;:[]},&quot;_transform_rotateX_effect_mobile&quot;:{&quot;unit&quot;:&quot;deg&quot;,&quot;size&quot;:&quot;&quot;,&quot;sizes&quot;:[]},&quot;_transform_rotateY_effect_tablet&quot;:{&quot;unit&quot;:&quot;deg&quot;,&quot;size&quot;:&quot;&quot;,&quot;sizes&quot;:[]},&quot;_transform_rotateY_effect_mobile&quot;:{&quot;unit&quot;:&quot;deg&quot;,&quot;size&quot;:&quot;&quot;,&quot;sizes&quot;:[]},&quot;_transform_perspective_effect_tablet&quot;:{&quot;unit&quot;:&quot;px&quot;,&quot;size&quot;:&quot;&quot;,&quot;sizes&quot;:[]},&quot;_transform_perspective_effect_mobile&quot;:{&quot;unit&quot;:&quot;px&quot;,&quot;size&quot;:&quot;&quot;,&quot;sizes&quot;:[]}}\" data-widget_type=\"image.default\">\n\t\t\t\t<div class=\"elementor-widget-container\">\n\t\t\t\t\t\t\t\t\t\t\t\t\t\t\t<img fetchpriority=\"high\" decoding=\"async\" width=\"500\" height=\"333\" src=\"https:\/\/www.omni-biotic.com\/hu-hu\/wp-content\/uploads\/sites\/7\/2023\/07\/omnibiotic-depresszio.png\" class=\"attachment-large size-large wp-image-17283\" alt=\"omnibiotic, b\u00e9l-aagy tengely, depresszi\u00f3 ellen, probiotikum, gy\u00f3gyszer depresszi\u00f3 ellen\" srcset=\"https:\/\/www.omni-biotic.com\/hu-hu\/wp-content\/uploads\/sites\/7\/2023\/07\/omnibiotic-depresszio.png 500w, https:\/\/www.omni-biotic.com\/hu-hu\/wp-content\/uploads\/sites\/7\/2023\/07\/omnibiotic-depresszio-300x200.png 300w\" sizes=\"(max-width: 500px) 100vw, 500px\" title=\"\">\t\t\t\t\t\t\t\t\t\t\t\t\t\t\t<\/div>\n\t\t\t\t<\/div>\n\t\t\t\t<\/div>\n\t\t<div class=\"elementor-element elementor-element-7892561 e-con-full obcs none e-flex e-con e-parent\" data-id=\"7892561\" data-element_type=\"container\">\n\t\t\t\t<div class=\"elementor-element elementor-element-69583e9 elementor-widget elementor-widget-heading\" data-id=\"69583e9\" data-element_type=\"widget\" data-widget_type=\"heading.default\">\n\t\t\t\t<div class=\"elementor-widget-container\">\n\t\t\t\t\t<h2 class=\"elementor-heading-title elementor-size-default\">Milyen hat\u00e1ssal van a pszich\u00e9 a b\u00e9lre?<\/h2>\t\t\t\t<\/div>\n\t\t\t\t<\/div>\n\t\t\t\t<div class=\"elementor-element elementor-element-c1f96fa elementor-widget elementor-widget-text-editor\" data-id=\"c1f96fa\" data-element_type=\"widget\" data-widget_type=\"text-editor.default\">\n\t\t\t\t<div class=\"elementor-widget-container\">\n\t\t\t\t\t\t\t\t\t<p>A ment\u00e1lis j\u00f3ll\u00e9t jav\u00edt\u00e1sa a b\u00e9lrendszer eg\u00e9szs\u00e9g\u00e9n kereszt\u00fcl. Ezt a c\u00e9lt t\u0171zte ki az Instahelp, egy online pszichol\u00f3giai tan\u00e1csad\u00f3 \u00e9s az Institut AllergoSan! Egy igazi st\u00e1jerorsz\u00e1gi egy\u00fcttm\u0171k\u00f6d\u00e9s, amely a pszich\u00e9 \u00e9s a b\u00e9lrendszer eg\u00e9szs\u00e9gre \u00f6sszpontos\u00edt. K\u00f6ztudott, hogy nemcsak a pszich\u00e9 hathat a gyomorra, hanem a b\u00e9lrendszer is befoly\u00e1solja az ember hangulat\u00e1t. Ez\u00e9rt nagy \u00f6r\u00f6mmel jelentj\u00fck be, hogy mi, a Mikrobiomkutat\u00f3 K\u00f6zpont, egy\u00fcttm\u0171k\u00f6d\u00fcnk az Instahelppel, hogy hozz\u00e1j\u00e1rulhassunk az emberek eg\u00e9szs\u00e9g\u00e9nek t\u00e1mogat\u00e1s\u00e1hoz.<\/p>\t\t\t\t\t\t\t\t<\/div>\n\t\t\t\t<\/div>\n\t\t\t\t<div class=\"elementor-element elementor-element-7b929fa elementor-widget elementor-widget-button\" data-id=\"7b929fa\" data-element_type=\"widget\" data-widget_type=\"button.default\">\n\t\t\t\t<div class=\"elementor-widget-container\">\n\t\t\t\t\t\t\t\t\t<div class=\"elementor-button-wrapper\">\n\t\t\t\t\t<a class=\"elementor-button elementor-button-link elementor-size-lg\" href=\"https:\/\/www.omni-biotic.com\/hu-hu\/blog\/pszichobiotikum-mentalis-egeszseg\/\">\n\t\t\t\t\t\t<span class=\"elementor-button-content-wrapper\">\n\t\t\t\t\t\t\t\t\t<span class=\"elementor-button-text\">Olvasson tov\u00e1bb!<\/span>\n\t\t\t\t\t<\/span>\n\t\t\t\t\t<\/a>\n\t\t\t\t<\/div>\n\t\t\t\t\t\t\t\t<\/div>\n\t\t\t\t<\/div>\n\t\t\t\t<\/div>\n\t\t\t\t\t<\/div>\n\t\t\t\t<\/div>\n\t\t\t\t<\/div>\n\t\t","protected":false},"excerpt":{"rendered":"<p>B\u00e9l-agy tengely Sok\u00e1ig \u00fagy v\u00e9lt\u00e9k, hogy a b\u00e9l csak egy em\u00e9szt\u0151szerv, amelynek nincs tov\u00e1bbi jelent\u0151s\u00e9ge. Ma m\u00e1r tudjuk, hogy ez a n\u00e9zet messzemen\u0151en al\u00e1becs\u00fclte ezt a szervet, ugyanis a b\u00e9l a betegs\u00e9gekt\u0151l is \u00f3v benn\u00fcnket. N\u00e9h\u00e1ny \u00e9ve a kutat\u00e1sok k\u00f6z\u00e9ppontj\u00e1ban a b\u00e9l \u00e9s az agy k\u00f6z\u00f6tti idegi kapcsolat, az \u00fagynevezett b\u00e9l-agy tengely \u00e1ll.. Tartalomjegyz\u00e9k Mi [&hellip;]<\/p>\n","protected":false},"author":3,"featured_media":16981,"parent":117,"menu_order":330,"comment_status":"closed","ping_status":"closed","template":"","meta":{"_acf_changed":false,"inline_featured_image":false,"footnotes":""},"class_list":["post-129","page","type-page","status-publish","has-post-thumbnail","hentry"],"acf":[],"_links":{"self":[{"href":"https:\/\/www.omni-biotic.com\/hu-hu\/wp-json\/wp\/v2\/pages\/129","targetHints":{"allow":["GET"]}}],"collection":[{"href":"https:\/\/www.omni-biotic.com\/hu-hu\/wp-json\/wp\/v2\/pages"}],"about":[{"href":"https:\/\/www.omni-biotic.com\/hu-hu\/wp-json\/wp\/v2\/types\/page"}],"author":[{"embeddable":true,"href":"https:\/\/www.omni-biotic.com\/hu-hu\/wp-json\/wp\/v2\/users\/3"}],"replies":[{"embeddable":true,"href":"https:\/\/www.omni-biotic.com\/hu-hu\/wp-json\/wp\/v2\/comments?post=129"}],"version-history":[{"count":7,"href":"https:\/\/www.omni-biotic.com\/hu-hu\/wp-json\/wp\/v2\/pages\/129\/revisions"}],"predecessor-version":[{"id":20159,"href":"https:\/\/www.omni-biotic.com\/hu-hu\/wp-json\/wp\/v2\/pages\/129\/revisions\/20159"}],"up":[{"embeddable":true,"href":"https:\/\/www.omni-biotic.com\/hu-hu\/wp-json\/wp\/v2\/pages\/117"}],"wp:featuredmedia":[{"embeddable":true,"href":"https:\/\/www.omni-biotic.com\/hu-hu\/wp-json\/wp\/v2\/media\/16981"}],"wp:attachment":[{"href":"https:\/\/www.omni-biotic.com\/hu-hu\/wp-json\/wp\/v2\/media?parent=129"}],"curies":[{"name":"wp","href":"https:\/\/api.w.org\/{rel}","templated":true}]}}