{"id":131,"date":"2022-03-07T10:07:28","date_gmt":"2022-03-07T09:07:28","guid":{"rendered":"https:\/\/www.omni-biotic.com\/darmgesundheit\/gesundheitszentrale-darm\/darm-leber-achse\/"},"modified":"2024-04-11T13:01:36","modified_gmt":"2024-04-11T11:01:36","slug":"bel-maj-tengely","status":"publish","type":"page","link":"https:\/\/www.omni-biotic.com\/hu-hu\/a-belrendszer-egeszsege\/a-bel-az-egeszseg-kozpontja\/bel-maj-tengely\/","title":{"rendered":"B\u00e9l-m\u00e1j tengely"},"content":{"rendered":"\t\t<div data-elementor-type=\"wp-page\" data-elementor-id=\"131\" class=\"elementor elementor-131\" data-elementor-post-type=\"page\">\n\t\t\t\t<div class=\"elementor-element elementor-element-64c8b95 e-con-full obcs none e-flex e-con e-parent\" data-id=\"64c8b95\" data-element_type=\"container\" data-settings=\"{&quot;background_background&quot;:&quot;classic&quot;,&quot;shape_divider_bottom&quot;:&quot;waves&quot;}\">\n\t\t\t\t<div class=\"elementor-shape elementor-shape-bottom\" aria-hidden=\"true\" data-negative=\"false\">\n\t\t\t<svg xmlns=\"http:\/\/www.w3.org\/2000\/svg\" viewBox=\"0 0 1000 100\" preserveAspectRatio=\"none\">\n\t<path class=\"elementor-shape-fill\" d=\"M421.9,6.5c22.6-2.5,51.5,0.4,75.5,5.3c23.6,4.9,70.9,23.5,100.5,35.7c75.8,32.2,133.7,44.5,192.6,49.7\n\tc23.6,2.1,48.7,3.5,103.4-2.5c54.7-6,106.2-25.6,106.2-25.6V0H0v30.3c0,0,72,32.6,158.4,30.5c39.2-0.7,92.8-6.7,134-22.4\n\tc21.2-8.1,52.2-18.2,79.7-24.2C399.3,7.9,411.6,7.5,421.9,6.5z\"\/>\n<\/svg>\t\t<\/div>\n\t\t\t\t<div class=\"elementor-element elementor-element-8326eb2 elementor-absolute elementor-hidden-mobile elementor-align-center elementor-widget elementor-widget-lottie\" data-id=\"8326eb2\" data-element_type=\"widget\" data-settings=\"{&quot;source_json&quot;:{&quot;url&quot;:&quot;https:\\\/\\\/www.omni-biotic.com\\\/hu-hu\\\/wp-content\\\/uploads\\\/sites\\\/7\\\/2022\\\/08\\\/lf30_editor_s5uwdgjh.json&quot;,&quot;id&quot;:&quot;7733&quot;,&quot;size&quot;:&quot;&quot;,&quot;alt&quot;:&quot;&quot;,&quot;source&quot;:&quot;library&quot;},&quot;loop&quot;:&quot;yes&quot;,&quot;play_speed&quot;:{&quot;unit&quot;:&quot;px&quot;,&quot;size&quot;:&quot;0.3&quot;,&quot;sizes&quot;:[]},&quot;_position&quot;:&quot;absolute&quot;,&quot;source&quot;:&quot;media_file&quot;,&quot;caption_source&quot;:&quot;none&quot;,&quot;link_to&quot;:&quot;none&quot;,&quot;trigger&quot;:&quot;arriving_to_viewport&quot;,&quot;viewport&quot;:{&quot;unit&quot;:&quot;%&quot;,&quot;size&quot;:&quot;&quot;,&quot;sizes&quot;:{&quot;start&quot;:0,&quot;end&quot;:100}},&quot;start_point&quot;:{&quot;unit&quot;:&quot;%&quot;,&quot;size&quot;:0,&quot;sizes&quot;:[]},&quot;end_point&quot;:{&quot;unit&quot;:&quot;%&quot;,&quot;size&quot;:100,&quot;sizes&quot;:[]},&quot;renderer&quot;:&quot;svg&quot;}\" data-widget_type=\"lottie.default\">\n\t\t\t\t<div class=\"elementor-widget-container\">\n\t\t\t\t\t<div class=\"e-lottie__container\"><div class=\"e-lottie__animation\"><\/div><\/div>\t\t\t\t<\/div>\n\t\t\t\t<\/div>\n\t\t<div class=\"elementor-element elementor-element-3e3107b e-con-full obcs none e-flex e-con e-parent\" data-id=\"3e3107b\" data-element_type=\"container\" data-settings=\"{&quot;background_background&quot;:&quot;gradient&quot;}\">\n\t\t\t\t<div class=\"elementor-element elementor-element-4b0143e elementor-widget elementor-widget-heading\" data-id=\"4b0143e\" data-element_type=\"widget\" data-widget_type=\"heading.default\">\n\t\t\t\t<div class=\"elementor-widget-container\">\n\t\t\t\t\t<h1 class=\"elementor-heading-title elementor-size-default\">B\u00e9l-m\u00e1j tengely<\/h1>\t\t\t\t<\/div>\n\t\t\t\t<\/div>\n\t\t\t\t<div class=\"elementor-element elementor-element-79f4f41 elementor-widget-divider--view-line elementor-widget elementor-widget-divider\" data-id=\"79f4f41\" data-element_type=\"widget\" data-widget_type=\"divider.default\">\n\t\t\t\t<div class=\"elementor-widget-container\">\n\t\t\t\t\t\t\t<div class=\"elementor-divider\">\n\t\t\t<span class=\"elementor-divider-separator\">\n\t\t\t\t\t\t<\/span>\n\t\t<\/div>\n\t\t\t\t\t\t<\/div>\n\t\t\t\t<\/div>\n\t\t\t\t<div class=\"elementor-element elementor-element-83236f6 elementor-widget__width-initial elementor-widget elementor-widget-text-editor\" data-id=\"83236f6\" data-element_type=\"widget\" data-widget_type=\"text-editor.default\">\n\t\t\t\t<div class=\"elementor-widget-container\">\n\t\t\t\t\t\t\t\t\t<p>A m\u00e1j a m\u00e9regtelen\u00edt\u00e9s\u00e9rt \u00e9s az anyagcser\u00e9\u00e9rt felel\u0151s szerv. Mindent, amit bevisz\u00fcnk, legyen az \u00e9lelmiszer, gy\u00f3gyszer vagy m\u00e9reganyag, p\u00e9ld\u00e1ul alkohol, a m\u00e1jnak kell lebontania. A gy\u00f3gyn\u00f6v\u00e9nyekkel v\u00e9gzett m\u00e9regtelen\u00edt\u0151 k\u00far\u00e1k gyakran t\u00f6bbet \u00e1rthatnak, mint haszn\u00e1lnak, mivel a gy\u00f3gyn\u00f6v\u00e9nyk\u00e9sz\u00edtm\u00e9nyek nagy koncentr\u00e1ci\u00f3ban tartalmazhatnak hat\u00f3anyagokat, \u00e9s a m\u00e1jban m\u00e9rgez\u0151 anyagcsereterm\u00e9kk\u00e9 alakulnak \u00e1t.<\/p>\t\t\t\t\t\t\t\t<\/div>\n\t\t\t\t<\/div>\n\t\t\t\t<\/div>\n\t\t\t\t<\/div>\n\t\t<div class=\"elementor-element elementor-element-6a75be8 obcs none e-flex e-con-boxed e-con e-parent\" data-id=\"6a75be8\" data-element_type=\"container\">\n\t\t\t\t\t<div class=\"e-con-inner\">\n\t\t<div class=\"elementor-element elementor-element-c6e6120 e-con-full obcs none e-flex e-con e-parent\" data-id=\"c6e6120\" data-element_type=\"container\">\n\t\t\t\t<\/div>\n\t\t<div class=\"elementor-element elementor-element-c97e12f e-con-full obcs none e-flex e-con e-parent\" data-id=\"c97e12f\" data-element_type=\"container\">\n\t\t\t\t<div class=\"elementor-element elementor-element-83ea147 elementor-toc--minimized-on-desktop elementor-widget elementor-widget-table-of-contents\" data-id=\"83ea147\" data-element_type=\"widget\" data-settings=\"{&quot;exclude_headings_by_selector&quot;:[],&quot;minimized_on&quot;:&quot;desktop&quot;,&quot;_animation&quot;:&quot;none&quot;,&quot;headings_by_tags&quot;:[&quot;h2&quot;,&quot;h3&quot;,&quot;h4&quot;,&quot;h5&quot;,&quot;h6&quot;],&quot;marker_view&quot;:&quot;numbers&quot;,&quot;no_headings_message&quot;:&quot;Ezen az oldalon nem tal\\u00e1lhat\\u00f3 c\\u00edmsor.&quot;,&quot;minimize_box&quot;:&quot;yes&quot;,&quot;hierarchical_view&quot;:&quot;yes&quot;,&quot;min_height&quot;:{&quot;unit&quot;:&quot;px&quot;,&quot;size&quot;:&quot;&quot;,&quot;sizes&quot;:[]},&quot;min_height_tablet&quot;:{&quot;unit&quot;:&quot;px&quot;,&quot;size&quot;:&quot;&quot;,&quot;sizes&quot;:[]},&quot;min_height_mobile&quot;:{&quot;unit&quot;:&quot;px&quot;,&quot;size&quot;:&quot;&quot;,&quot;sizes&quot;:[]}}\" data-widget_type=\"table-of-contents.default\">\n\t\t\t\t<div class=\"elementor-widget-container\">\n\t\t\t\t\t\t\t\t\t<div class=\"elementor-toc__header\">\n\t\t\t\t\t\t<h4 class=\"elementor-toc__header-title\">\n\t\t\t\tTartalomjegyz\u00e9k\t\t\t<\/h4>\n\t\t\t\t\t\t\t\t\t\t<div class=\"elementor-toc__toggle-button elementor-toc__toggle-button--expand\" role=\"button\" tabindex=\"0\" aria-controls=\"elementor-toc__83ea147\" aria-expanded=\"true\" aria-label=\"Open table of contents\"><i aria-hidden=\"true\" class=\"fas fa-chevron-down\"><\/i><\/div>\n\t\t\t\t<div class=\"elementor-toc__toggle-button elementor-toc__toggle-button--collapse\" role=\"button\" tabindex=\"0\" aria-controls=\"elementor-toc__83ea147\" aria-expanded=\"true\" aria-label=\"Close table of contents\"><i aria-hidden=\"true\" class=\"fas fa-chevron-up\"><\/i><\/div>\n\t\t\t\t\t<\/div>\n\t\t\t\t<div id=\"elementor-toc__83ea147\" class=\"elementor-toc__body\">\n\t\t\t<div class=\"elementor-toc__spinner-container\">\n\t\t\t\t<i class=\"elementor-toc__spinner eicon-animation-spin eicon-loading\" aria-hidden=\"true\"><\/i>\t\t\t<\/div>\n\t\t<\/div>\n\t\t\t\t\t\t<\/div>\n\t\t\t\t<\/div>\n\t\t\t\t<\/div>\n\t\t\t\t\t<\/div>\n\t\t\t\t<\/div>\n\t\t<div class=\"elementor-element elementor-element-3302993 obcs none e-flex e-con-boxed e-con e-parent\" data-id=\"3302993\" data-element_type=\"container\">\n\t\t\t\t\t<div class=\"e-con-inner\">\n\t\t\t\t<div class=\"elementor-element elementor-element-2aef766 elementor-widget elementor-widget-text-editor\" data-id=\"2aef766\" data-element_type=\"widget\" data-widget_type=\"text-editor.default\">\n\t\t\t\t<div class=\"elementor-widget-container\">\n\t\t\t\t\t\t\t\t\t<p>A b\u00e9l a legnagyobb emberi szerv, fel\u00fclete j\u00f3val t\u00f6bb mint 200 m\u00b2. Rendk\u00edv\u00fcl \u00e9rdekes funkcion\u00e1lis kapcsolatban \u00e1ll a m\u00e1jjal, mivel a t\u00e1panyagok, a l\u00e9tfontoss\u00e1g\u00fa anyagok, de a jelz\u0151molekul\u00e1k (citokinek) \u00e9s a bakteri\u00e1lis komponensek is el\u0151sz\u00f6r egy nagy v\u00e9red\u00e9nyen, a kapuv\u00e9n\u00e1n kereszt\u00fcl jutnak el a m\u00e1jba. Norm\u00e1l k\u00f6r\u00fclm\u00e9nyek k\u00f6z\u00f6tt csak n\u00e9h\u00e1ny bakt\u00e9riumkomponens, p\u00e9ld\u00e1ul endotoxinok \u00e9s bakteri\u00e1lis DNS jut a b\u00e9lfalon kereszt\u00fcl a v\u00e9rbe. Ezek azt\u00e1n gyorsan lebomlanak a m\u00e1jban. Ha a b\u00e9lg\u00e1t megzavarodik, a bakt\u00e9riumkomponensek be\u00e1raml\u00e1sa megn\u0151 a m\u00e1jba, amely m\u00e1r nem tud megbirk\u00f3zni vel\u00fck. Ez gyullad\u00e1sos elv\u00e1ltoz\u00e1sokhoz vezet a szervben \u00e9s \u00edgy m\u00e1jk\u00e1rosod\u00e1shoz.<\/p>\t\t\t\t\t\t\t\t<\/div>\n\t\t\t\t<\/div>\n\t\t\t\t\t<\/div>\n\t\t\t\t<\/div>\n\t\t<div class=\"elementor-element elementor-element-ae5425a obcs blue e-flex e-con-boxed e-con e-parent\" data-id=\"ae5425a\" data-element_type=\"container\">\n\t\t\t\t\t<div class=\"e-con-inner\">\n\t\t<div class=\"elementor-element elementor-element-59d9514 e-con-full obcs none e-flex e-con e-parent\" data-id=\"59d9514\" data-element_type=\"container\">\n\t\t\t\t<div class=\"elementor-element elementor-element-0a1d0df e-transform elementor-widget elementor-widget-image\" data-id=\"0a1d0df\" data-element_type=\"widget\" data-settings=\"{&quot;_transform_rotateZ_effect&quot;:{&quot;unit&quot;:&quot;px&quot;,&quot;size&quot;:&quot;0&quot;,&quot;sizes&quot;:[]},&quot;_transform_rotate_3d&quot;:&quot;yes&quot;,&quot;_transform_rotateX_effect&quot;:{&quot;unit&quot;:&quot;px&quot;,&quot;size&quot;:&quot;0&quot;,&quot;sizes&quot;:[]},&quot;_transform_rotateY_effect&quot;:{&quot;unit&quot;:&quot;px&quot;,&quot;size&quot;:&quot;-4&quot;,&quot;sizes&quot;:[]},&quot;_transform_perspective_effect&quot;:{&quot;unit&quot;:&quot;px&quot;,&quot;size&quot;:&quot;650&quot;,&quot;sizes&quot;:[]},&quot;_transform_rotateZ_effect_tablet&quot;:{&quot;unit&quot;:&quot;deg&quot;,&quot;size&quot;:&quot;&quot;,&quot;sizes&quot;:[]},&quot;_transform_rotateZ_effect_mobile&quot;:{&quot;unit&quot;:&quot;deg&quot;,&quot;size&quot;:&quot;&quot;,&quot;sizes&quot;:[]},&quot;_transform_rotateX_effect_tablet&quot;:{&quot;unit&quot;:&quot;deg&quot;,&quot;size&quot;:&quot;&quot;,&quot;sizes&quot;:[]},&quot;_transform_rotateX_effect_mobile&quot;:{&quot;unit&quot;:&quot;deg&quot;,&quot;size&quot;:&quot;&quot;,&quot;sizes&quot;:[]},&quot;_transform_rotateY_effect_tablet&quot;:{&quot;unit&quot;:&quot;deg&quot;,&quot;size&quot;:&quot;&quot;,&quot;sizes&quot;:[]},&quot;_transform_rotateY_effect_mobile&quot;:{&quot;unit&quot;:&quot;deg&quot;,&quot;size&quot;:&quot;&quot;,&quot;sizes&quot;:[]},&quot;_transform_perspective_effect_tablet&quot;:{&quot;unit&quot;:&quot;px&quot;,&quot;size&quot;:&quot;&quot;,&quot;sizes&quot;:[]},&quot;_transform_perspective_effect_mobile&quot;:{&quot;unit&quot;:&quot;px&quot;,&quot;size&quot;:&quot;&quot;,&quot;sizes&quot;:[]}}\" data-widget_type=\"image.default\">\n\t\t\t\t<div class=\"elementor-widget-container\">\n\t\t\t\t\t\t\t\t\t\t\t\t\t\t\t<img fetchpriority=\"high\" decoding=\"async\" width=\"800\" height=\"534\" src=\"https:\/\/www.omni-biotic.com\/hu-hu\/wp-content\/uploads\/sites\/7\/2023\/07\/majbetegsegek.png\" class=\"attachment-large size-large wp-image-17315\" alt=\"m\u00e1jmegnagyobbod\u00e1s, m\u00e1jbetegs\u00e9gek kezel\u00e9se, elh\u00edz\u00e1s ellen, b\u00e9l-m\u00e1j tengely\" srcset=\"https:\/\/www.omni-biotic.com\/hu-hu\/wp-content\/uploads\/sites\/7\/2023\/07\/majbetegsegek.png 1000w, https:\/\/www.omni-biotic.com\/hu-hu\/wp-content\/uploads\/sites\/7\/2023\/07\/majbetegsegek-300x200.png 300w, https:\/\/www.omni-biotic.com\/hu-hu\/wp-content\/uploads\/sites\/7\/2023\/07\/majbetegsegek-768x512.png 768w\" sizes=\"(max-width: 800px) 100vw, 800px\" title=\"\">\t\t\t\t\t\t\t\t\t\t\t\t\t\t\t<\/div>\n\t\t\t\t<\/div>\n\t\t\t\t<\/div>\n\t\t<div class=\"elementor-element elementor-element-6a13147 e-con-full obcs none e-flex e-con e-parent\" data-id=\"6a13147\" data-element_type=\"container\">\n\t\t\t\t<div class=\"elementor-element elementor-element-bda88db elementor-widget elementor-widget-heading\" data-id=\"bda88db\" data-element_type=\"widget\" data-widget_type=\"heading.default\">\n\t\t\t\t<div class=\"elementor-widget-container\">\n\t\t\t\t\t<h3 class=\"elementor-heading-title elementor-size-large\"><a href=\"http:\/\/b\u00e9lfl\u00f3ra\">A b\u00e9lfl\u00f3ra megbeteg\u00edti a m\u00e1junkat?<\/a><\/h3>\t\t\t\t<\/div>\n\t\t\t\t<\/div>\n\t\t\t\t<div class=\"elementor-element elementor-element-dd1ca81 elementor-widget-mobile__width-inherit elementor-widget elementor-widget-text-editor\" data-id=\"dd1ca81\" data-element_type=\"widget\" data-widget_type=\"text-editor.default\">\n\t\t\t\t<div class=\"elementor-widget-container\">\n\t\t\t\t\t\t\t\t\t<p>A m\u00e1jcirr\u00f3zis, mint sz\u00e1mos kr\u00f3nikus m\u00e1jbetegs\u00e9g v\u00e9gs\u0151 st\u00e1diuma, egyre gyakoribb. M\u00e1jcirr\u00f3zis eset\u00e9n a b\u00e9lfl\u00f3ra \u00f6sszet\u00e9tele felborul. Modern laborat\u00f3riumi technik\u00e1k kimutatt\u00e1k a diverzit\u00e1s cs\u00f6kken\u00e9s\u00e9t \u00e9s a k\u00e1ros cs\u00edr\u00e1k t\u00fals\u00faly\u00e1t. Szembet\u0171n\u0151, hogy a tipikus sz\u00e1j\u00fcregi cs\u00edr\u00e1k nagyobb sz\u00e1mban tal\u00e1lhat\u00f3k meg a b\u00e9lben. Ugyanakkor cs\u00f6kken azoknak a bakt\u00e9riumoknak a sz\u00e1ma, amelyek az emberre j\u00f3 hat\u00e1ssal vannak. A b\u00e9lfl\u00f3ra ilyen v\u00e1ltoz\u00e1sainak k\u00f6vetkezm\u00e9nye a b\u00e9lrendszer fokozott \u00e1tereszt\u0151k\u00e9pess\u00e9ge (Lyukas b\u00e9l) \u00e9s a bakt\u00e9riumkomponensek bejut\u00e1sa a v\u00e9rkering\u00e9sbe.<\/p><p>\u00a0<\/p><p>\u00a0<\/p><p>\u00a0<\/p>\t\t\t\t\t\t\t\t<\/div>\n\t\t\t\t<\/div>\n\t\t\t\t<div class=\"elementor-element elementor-element-be57ff6 elementor-align-center elementor-widget__width-auto elementor-widget elementor-widget-button\" data-id=\"be57ff6\" data-element_type=\"widget\" data-widget_type=\"button.default\">\n\t\t\t\t<div class=\"elementor-widget-container\">\n\t\t\t\t\t\t\t\t\t<div class=\"elementor-button-wrapper\">\n\t\t\t\t\t<a class=\"elementor-button elementor-button-link elementor-size-sm\" href=\"https:\/\/www.omni-biotic.com\/hu-hu\/blog\/majcirrozis\/\">\n\t\t\t\t\t\t<span class=\"elementor-button-content-wrapper\">\n\t\t\t\t\t\t<span class=\"elementor-button-icon\">\n\t\t\t\t<i aria-hidden=\"true\" class=\"fas fa-arrow-right\"><\/i>\t\t\t<\/span>\n\t\t\t\t\t\t\t\t\t<span class=\"elementor-button-text\">M\u00e1jcirr\u00f3zis<\/span>\n\t\t\t\t\t<\/span>\n\t\t\t\t\t<\/a>\n\t\t\t\t<\/div>\n\t\t\t\t\t\t\t\t<\/div>\n\t\t\t\t<\/div>\n\t\t\t\t<\/div>\n\t\t\t\t\t<\/div>\n\t\t\t\t<\/div>\n\t\t<div class=\"elementor-element elementor-element-e683622 obcs magenta e-flex e-con-boxed e-con e-parent\" data-id=\"e683622\" data-element_type=\"container\" data-settings=\"{&quot;background_background&quot;:&quot;classic&quot;,&quot;shape_divider_top&quot;:&quot;waves&quot;,&quot;shape_divider_bottom&quot;:&quot;waves&quot;}\">\n\t\t\t\t\t<div class=\"e-con-inner\">\n\t\t\t\t<div class=\"elementor-shape elementor-shape-top\" aria-hidden=\"true\" data-negative=\"false\">\n\t\t\t<svg xmlns=\"http:\/\/www.w3.org\/2000\/svg\" viewBox=\"0 0 1000 100\" preserveAspectRatio=\"none\">\n\t<path class=\"elementor-shape-fill\" d=\"M421.9,6.5c22.6-2.5,51.5,0.4,75.5,5.3c23.6,4.9,70.9,23.5,100.5,35.7c75.8,32.2,133.7,44.5,192.6,49.7\n\tc23.6,2.1,48.7,3.5,103.4-2.5c54.7-6,106.2-25.6,106.2-25.6V0H0v30.3c0,0,72,32.6,158.4,30.5c39.2-0.7,92.8-6.7,134-22.4\n\tc21.2-8.1,52.2-18.2,79.7-24.2C399.3,7.9,411.6,7.5,421.9,6.5z\"\/>\n<\/svg>\t\t<\/div>\n\t\t\t\t<div class=\"elementor-shape elementor-shape-bottom\" aria-hidden=\"true\" data-negative=\"false\">\n\t\t\t<svg xmlns=\"http:\/\/www.w3.org\/2000\/svg\" viewBox=\"0 0 1000 100\" preserveAspectRatio=\"none\">\n\t<path class=\"elementor-shape-fill\" d=\"M421.9,6.5c22.6-2.5,51.5,0.4,75.5,5.3c23.6,4.9,70.9,23.5,100.5,35.7c75.8,32.2,133.7,44.5,192.6,49.7\n\tc23.6,2.1,48.7,3.5,103.4-2.5c54.7-6,106.2-25.6,106.2-25.6V0H0v30.3c0,0,72,32.6,158.4,30.5c39.2-0.7,92.8-6.7,134-22.4\n\tc21.2-8.1,52.2-18.2,79.7-24.2C399.3,7.9,411.6,7.5,421.9,6.5z\"\/>\n<\/svg>\t\t<\/div>\n\t\t\t\t<div class=\"elementor-element elementor-element-4d823a6 elementor-widget__width-inherit elementor-widget elementor-widget-heading\" data-id=\"4d823a6\" data-element_type=\"widget\" data-widget_type=\"heading.default\">\n\t\t\t\t<div class=\"elementor-widget-container\">\n\t\t\t\t\t<h2 class=\"elementor-heading-title elementor-size-default\">Sz\u00e9les k\u00f6rben elterjedt m\u00e1jbetegs\u00e9gek<\/h2>\t\t\t\t<\/div>\n\t\t\t\t<\/div>\n\t\t\t\t<div class=\"elementor-element elementor-element-6cdc4f8 elementor-widget elementor-widget-text-editor\" data-id=\"6cdc4f8\" data-element_type=\"widget\" data-widget_type=\"text-editor.default\">\n\t\t\t\t<div class=\"elementor-widget-container\">\n\t\t\t\t\t\t\t\t\t<p style=\"text-align: center\">Sokaknak azonban neh\u00e9zs\u00e9get jelent az eg\u00e9szs\u00e9ges, kev\u00e9s zs\u00edrt \u00e9s cukrot fogyaszt\u00f3 \u00e9letm\u00f3d k\u00f6vet\u00e9se. Nem v\u00e9letlen, hogy t\u00e1rsadalmunkban jellemz\u0151 az elh\u00edz\u00e1s. Jelenleg a vil\u00e1g lakoss\u00e1g\u00e1nak k\u00f6zel 30%-a elh\u00edzott, \u00e9s becsl\u00e9sek szerint 2030-ra majdnem minden m\u00e1sodik embert \u00e9rint majd a probl\u00e9ma. Ennek a fejl\u0151d\u00e9snek k\u00f6vetkezt\u00e9ben a m\u00e1jmegnagyobbod\u00e1s is egyre gyakoribb lesz. A t\u00fals\u00falyos emberekn\u00e9l 80%-os a m\u00e1jmegnagyobbod\u00e1s kialakul\u00e1s\u00e1nak kock\u00e1zata, az alkoholfogyaszt\u00e1s pedig 50%-kal n\u00f6veli a betegs\u00e9g kialakul\u00e1s\u00e1nak vesz\u00e9ly\u00e9t.<\/p>\t\t\t\t\t\t\t\t<\/div>\n\t\t\t\t<\/div>\n\t\t\t\t\t<\/div>\n\t\t\t\t<\/div>\n\t\t\t\t<\/div>\n\t\t","protected":false},"excerpt":{"rendered":"<p>B\u00e9l-m\u00e1j tengely A m\u00e1j a m\u00e9regtelen\u00edt\u00e9s\u00e9rt \u00e9s az anyagcser\u00e9\u00e9rt felel\u0151s szerv. Mindent, amit bevisz\u00fcnk, legyen az \u00e9lelmiszer, gy\u00f3gyszer vagy m\u00e9reganyag, p\u00e9ld\u00e1ul alkohol, a m\u00e1jnak kell lebontania. A gy\u00f3gyn\u00f6v\u00e9nyekkel v\u00e9gzett m\u00e9regtelen\u00edt\u0151 k\u00far\u00e1k gyakran t\u00f6bbet \u00e1rthatnak, mint haszn\u00e1lnak, mivel a gy\u00f3gyn\u00f6v\u00e9nyk\u00e9sz\u00edtm\u00e9nyek nagy koncentr\u00e1ci\u00f3ban tartalmazhatnak hat\u00f3anyagokat, \u00e9s a m\u00e1jban m\u00e9rgez\u0151 anyagcsereterm\u00e9kk\u00e9 alakulnak \u00e1t. Tartalomjegyz\u00e9k A b\u00e9l a legnagyobb [&hellip;]<\/p>\n","protected":false},"author":3,"featured_media":19602,"parent":117,"menu_order":340,"comment_status":"closed","ping_status":"closed","template":"","meta":{"_acf_changed":false,"inline_featured_image":false,"footnotes":""},"class_list":["post-131","page","type-page","status-publish","has-post-thumbnail","hentry"],"acf":[],"_links":{"self":[{"href":"https:\/\/www.omni-biotic.com\/hu-hu\/wp-json\/wp\/v2\/pages\/131","targetHints":{"allow":["GET"]}}],"collection":[{"href":"https:\/\/www.omni-biotic.com\/hu-hu\/wp-json\/wp\/v2\/pages"}],"about":[{"href":"https:\/\/www.omni-biotic.com\/hu-hu\/wp-json\/wp\/v2\/types\/page"}],"author":[{"embeddable":true,"href":"https:\/\/www.omni-biotic.com\/hu-hu\/wp-json\/wp\/v2\/users\/3"}],"replies":[{"embeddable":true,"href":"https:\/\/www.omni-biotic.com\/hu-hu\/wp-json\/wp\/v2\/comments?post=131"}],"version-history":[{"count":7,"href":"https:\/\/www.omni-biotic.com\/hu-hu\/wp-json\/wp\/v2\/pages\/131\/revisions"}],"predecessor-version":[{"id":19256,"href":"https:\/\/www.omni-biotic.com\/hu-hu\/wp-json\/wp\/v2\/pages\/131\/revisions\/19256"}],"up":[{"embeddable":true,"href":"https:\/\/www.omni-biotic.com\/hu-hu\/wp-json\/wp\/v2\/pages\/117"}],"wp:featuredmedia":[{"embeddable":true,"href":"https:\/\/www.omni-biotic.com\/hu-hu\/wp-json\/wp\/v2\/media\/19602"}],"wp:attachment":[{"href":"https:\/\/www.omni-biotic.com\/hu-hu\/wp-json\/wp\/v2\/media?parent=131"}],"curies":[{"name":"wp","href":"https:\/\/api.w.org\/{rel}","templated":true}]}}