{"id":16822,"date":"2023-07-10T09:37:46","date_gmt":"2023-07-10T07:37:46","guid":{"rendered":"https:\/\/www.omni-biotic.com\/hu-hu\/?page_id=16822"},"modified":"2023-11-02T09:13:10","modified_gmt":"2023-11-02T08:13:10","slug":"a-belrendszer-egeszsege","status":"publish","type":"page","link":"https:\/\/www.omni-biotic.com\/hu-hu\/a-belrendszer-egeszsege\/","title":{"rendered":"A b\u00e9lrendszer eg\u00e9szs\u00e9ge"},"content":{"rendered":"\t\t<div data-elementor-type=\"wp-page\" data-elementor-id=\"16822\" class=\"elementor elementor-16822\" data-elementor-post-type=\"page\">\n\t\t\t\t<div class=\"elementor-element elementor-element-588c51f e-con-full obcs yellow e-flex e-con e-parent\" data-id=\"588c51f\" data-element_type=\"container\" data-settings=\"{&quot;background_background&quot;:&quot;gradient&quot;,&quot;shape_divider_bottom&quot;:&quot;waves&quot;}\">\n\t\t\t\t<div class=\"elementor-shape elementor-shape-bottom\" aria-hidden=\"true\" data-negative=\"false\">\n\t\t\t<svg xmlns=\"http:\/\/www.w3.org\/2000\/svg\" viewBox=\"0 0 1000 100\" preserveAspectRatio=\"none\">\n\t<path class=\"elementor-shape-fill\" d=\"M421.9,6.5c22.6-2.5,51.5,0.4,75.5,5.3c23.6,4.9,70.9,23.5,100.5,35.7c75.8,32.2,133.7,44.5,192.6,49.7\n\tc23.6,2.1,48.7,3.5,103.4-2.5c54.7-6,106.2-25.6,106.2-25.6V0H0v30.3c0,0,72,32.6,158.4,30.5c39.2-0.7,92.8-6.7,134-22.4\n\tc21.2-8.1,52.2-18.2,79.7-24.2C399.3,7.9,411.6,7.5,421.9,6.5z\"\/>\n<\/svg>\t\t<\/div>\n\t\t\t\t<div class=\"elementor-element elementor-element-ab21915 elementor-absolute elementor-hidden-mobile elementor-align-center elementor-widget elementor-widget-lottie\" data-id=\"ab21915\" data-element_type=\"widget\" data-settings=\"{&quot;source_json&quot;:{&quot;url&quot;:&quot;https:\\\/\\\/www.omni-biotic.com\\\/hu-hu\\\/wp-content\\\/uploads\\\/sites\\\/7\\\/2022\\\/08\\\/lf30_editor_s5uwdgjh.json&quot;,&quot;id&quot;:&quot;7733&quot;,&quot;size&quot;:&quot;&quot;,&quot;alt&quot;:&quot;&quot;,&quot;source&quot;:&quot;library&quot;},&quot;loop&quot;:&quot;yes&quot;,&quot;play_speed&quot;:{&quot;unit&quot;:&quot;px&quot;,&quot;size&quot;:&quot;0.3&quot;,&quot;sizes&quot;:[]},&quot;_position&quot;:&quot;absolute&quot;,&quot;source&quot;:&quot;media_file&quot;,&quot;caption_source&quot;:&quot;none&quot;,&quot;link_to&quot;:&quot;none&quot;,&quot;trigger&quot;:&quot;arriving_to_viewport&quot;,&quot;viewport&quot;:{&quot;unit&quot;:&quot;%&quot;,&quot;size&quot;:&quot;&quot;,&quot;sizes&quot;:{&quot;start&quot;:0,&quot;end&quot;:100}},&quot;start_point&quot;:{&quot;unit&quot;:&quot;%&quot;,&quot;size&quot;:0,&quot;sizes&quot;:[]},&quot;end_point&quot;:{&quot;unit&quot;:&quot;%&quot;,&quot;size&quot;:100,&quot;sizes&quot;:[]},&quot;renderer&quot;:&quot;svg&quot;}\" data-widget_type=\"lottie.default\">\n\t\t\t\t<div class=\"elementor-widget-container\">\n\t\t\t\t\t<div class=\"e-lottie__container\"><div class=\"e-lottie__animation\"><\/div><\/div>\t\t\t\t<\/div>\n\t\t\t\t<\/div>\n\t\t<div class=\"elementor-element elementor-element-04b705e e-con-full obcs green e-flex e-con e-parent\" data-id=\"04b705e\" data-element_type=\"container\" data-settings=\"{&quot;background_background&quot;:&quot;gradient&quot;}\">\n\t\t\t\t<div class=\"elementor-element elementor-element-07477b5 elementor-widget elementor-widget-heading\" data-id=\"07477b5\" data-element_type=\"widget\" data-widget_type=\"heading.default\">\n\t\t\t\t<div class=\"elementor-widget-container\">\n\t\t\t\t\t<h1 class=\"elementor-heading-title elementor-size-default\">A b\u00e9lrendszer eg\u00e9szs\u00e9ge<\/h1>\t\t\t\t<\/div>\n\t\t\t\t<\/div>\n\t\t\t\t<div class=\"elementor-element elementor-element-958a852 elementor-widget-divider--view-line elementor-widget elementor-widget-divider\" data-id=\"958a852\" data-element_type=\"widget\" data-widget_type=\"divider.default\">\n\t\t\t\t<div class=\"elementor-widget-container\">\n\t\t\t\t\t\t\t<div class=\"elementor-divider\">\n\t\t\t<span class=\"elementor-divider-separator\">\n\t\t\t\t\t\t<\/span>\n\t\t<\/div>\n\t\t\t\t\t\t<\/div>\n\t\t\t\t<\/div>\n\t\t\t\t<div class=\"elementor-element elementor-element-ba4e9a6 elementor-widget elementor-widget-text-editor\" data-id=\"ba4e9a6\" data-element_type=\"widget\" data-widget_type=\"text-editor.default\">\n\t\t\t\t<div class=\"elementor-widget-container\">\n\t\t\t\t\t\t\t\t\t<p>A b\u00e9lrendszer \u00e9let\u00fcnk motorja. Nemcsak \u00fczemanyagot szolg\u00e1ltat az \u00e9telek em\u00e9szt\u00e9se r\u00e9v\u00e9n, hanem sz\u00e1mos folyamatra hat\u00e1ssal van szervezet\u00fcnkben. Ha a b\u00e9l nem m\u0171k\u00f6dik megfelel\u0151en, az az eg\u00e9sz szervezetre hat\u00e1ssal van. Az \u00e9letm\u00f3d d\u00f6nt\u0151 szerepet j\u00e1tszik a b\u00e9l eg\u00e9szs\u00e9g\u00e9nek fenntart\u00e1s\u00e1ban.<\/p>\t\t\t\t\t\t\t\t<\/div>\n\t\t\t\t<\/div>\n\t\t\t\t<\/div>\n\t\t\t\t<\/div>\n\t\t<div class=\"elementor-element elementor-element-d59aedb obcs none e-flex e-con-boxed e-con e-parent\" data-id=\"d59aedb\" data-element_type=\"container\">\n\t\t\t\t\t<div class=\"e-con-inner\">\n\t\t<div class=\"elementor-element elementor-element-52e91e6 obcs none e-flex e-con-boxed e-con e-parent\" data-id=\"52e91e6\" data-element_type=\"container\">\n\t\t\t\t\t<div class=\"e-con-inner\">\n\t\t<div class=\"elementor-element elementor-element-264f3f4 e-con-full obcs none e-flex e-con e-parent\" data-id=\"264f3f4\" data-element_type=\"container\">\n\t\t\t\t<\/div>\n\t\t<div class=\"elementor-element elementor-element-27783dd e-con-full obcs none e-flex e-con e-parent\" data-id=\"27783dd\" data-element_type=\"container\">\n\t\t\t\t<div class=\"elementor-element elementor-element-71b0917 elementor-toc--minimized-on-desktop elementor-widget elementor-widget-table-of-contents\" data-id=\"71b0917\" data-element_type=\"widget\" data-settings=\"{&quot;exclude_headings_by_selector&quot;:[],&quot;minimized_on&quot;:&quot;desktop&quot;,&quot;_animation&quot;:&quot;none&quot;,&quot;headings_by_tags&quot;:[&quot;h2&quot;,&quot;h3&quot;,&quot;h4&quot;,&quot;h5&quot;,&quot;h6&quot;],&quot;marker_view&quot;:&quot;numbers&quot;,&quot;no_headings_message&quot;:&quot;Ezen az oldalon nem tal\\u00e1lhat\\u00f3 c\\u00edmsor.&quot;,&quot;minimize_box&quot;:&quot;yes&quot;,&quot;hierarchical_view&quot;:&quot;yes&quot;,&quot;min_height&quot;:{&quot;unit&quot;:&quot;px&quot;,&quot;size&quot;:&quot;&quot;,&quot;sizes&quot;:[]},&quot;min_height_tablet&quot;:{&quot;unit&quot;:&quot;px&quot;,&quot;size&quot;:&quot;&quot;,&quot;sizes&quot;:[]},&quot;min_height_mobile&quot;:{&quot;unit&quot;:&quot;px&quot;,&quot;size&quot;:&quot;&quot;,&quot;sizes&quot;:[]}}\" data-widget_type=\"table-of-contents.default\">\n\t\t\t\t<div class=\"elementor-widget-container\">\n\t\t\t\t\t\t\t\t\t<div class=\"elementor-toc__header\">\n\t\t\t\t\t\t<h4 class=\"elementor-toc__header-title\">\n\t\t\t\tTartalomjegyz\u00e9k\t\t\t<\/h4>\n\t\t\t\t\t\t\t\t\t\t<div class=\"elementor-toc__toggle-button elementor-toc__toggle-button--expand\" role=\"button\" tabindex=\"0\" aria-controls=\"elementor-toc__71b0917\" aria-expanded=\"true\" aria-label=\"Open table of contents\"><i aria-hidden=\"true\" class=\"fas fa-chevron-down\"><\/i><\/div>\n\t\t\t\t<div class=\"elementor-toc__toggle-button elementor-toc__toggle-button--collapse\" role=\"button\" tabindex=\"0\" aria-controls=\"elementor-toc__71b0917\" aria-expanded=\"true\" aria-label=\"Close table of contents\"><i aria-hidden=\"true\" class=\"fas fa-chevron-up\"><\/i><\/div>\n\t\t\t\t\t<\/div>\n\t\t\t\t<div id=\"elementor-toc__71b0917\" class=\"elementor-toc__body\">\n\t\t\t<div class=\"elementor-toc__spinner-container\">\n\t\t\t\t<i class=\"elementor-toc__spinner eicon-animation-spin eicon-loading\" aria-hidden=\"true\"><\/i>\t\t\t<\/div>\n\t\t<\/div>\n\t\t\t\t\t\t<\/div>\n\t\t\t\t<\/div>\n\t\t\t\t<\/div>\n\t\t\t\t\t<\/div>\n\t\t\t\t<\/div>\n\t\t\t\t\t<\/div>\n\t\t\t\t<\/div>\n\t\t<div class=\"elementor-element elementor-element-3ac7f4a obcs none e-flex e-con-boxed e-con e-parent\" data-id=\"3ac7f4a\" data-element_type=\"container\">\n\t\t\t\t\t<div class=\"e-con-inner\">\n\t\t<div class=\"elementor-element elementor-element-0015824 e-con-full obcs none e-flex e-con e-parent\" data-id=\"0015824\" data-element_type=\"container\">\n\t\t\t\t<div class=\"elementor-element elementor-element-d24e4fd elementor-widget elementor-widget-text-editor\" data-id=\"d24e4fd\" data-element_type=\"widget\" data-widget_type=\"text-editor.default\">\n\t\t\t\t<div class=\"elementor-widget-container\">\n\t\t\t\t\t\t\t\t\t<p>A b\u00e9l a<strong> legnagyobb \u00e9rintkez\u00e9si fel\u00fclet\u00fcnk<\/strong> <strong>a k\u00fclvil\u00e1ggal<\/strong>. Minden amit bevesz\u00fcnk, legyen az foly\u00e9kony vagy szil\u00e1rd, hasznos vagy ak\u00e1r m\u00e9rgez\u0151, a sz\u00e1j\u00fcregen \u00e9s a nyel\u0151cs\u00f6v\u00f6n kereszt\u00fcl a gyomorba, majd v\u00e9g\u00fcl a b\u00e9lbe jut. Az em\u00e9szt\u0151rendszernek az \u00e9let sor\u00e1n k\u00f6r\u00fclbel\u00fcl 40 tonna t\u00e1pl\u00e1l\u00e9kot \u00e9s k\u00f6r\u00fclbel\u00fcl 60 000 liter folyad\u00e9kot kell feldolgoznia. Els\u0151sorban a vastagb\u00e9lben sok trilli\u00f3 (!) k\u00fcl\u00f6nb\u00f6z\u0151 mikroorganizmus gondoskodik arr\u00f3l, hogy a l\u00e9tfontoss\u00e1g\u00fa t\u00e1panyagok \u00e9s anyagok a bilihez jussanak.<\/p><p>Ezek a b\u00e9lbakt\u00e9riumok egy\u00fcttesen alkotj\u00e1k a b\u00e9lfl\u00f3r\u00e1t, amelyet a szakzsargonban b\u00e9lmikrobi\u00f3t\u00e1nak neveznek. A rossz \u00e9s haszn\u00e1lhatatlan anyagok term\u00e9szetesen a bilibe ker\u00fclnek, azaz nagy r\u00e9sz\u00fck a v\u00e9gb\u00e9lny\u00edl\u00e1son kereszt\u00fcl sz\u00e9kletk\u00e9nt \u00fcr\u00fcl ki. A fennmarad\u00f3 m\u00e9rgez\u0151 anyagok a v\u00e9konyb\u00e9lben \u00e9s a kapuv\u00e9n\u00e1n kereszt\u00fcl eljutnak a m\u00e1j &#8222;m\u00e9regtelen\u00edt\u0151 k\u00f6zpontj\u00e1ba&#8221; \u00e9s ott lebomlanak.<\/p><p>Ez lenne az ide\u00e1lis em\u00e9szt\u00e9si folyamat, ha nem lappangan\u00e1nak sok helyen olyan probl\u00e9m\u00e1k, amelyekkel a beleknek \u00e9s a m\u00e1jnak meg kell k\u00fczdenie. A szuboptim\u00e1lis t\u00e1pl\u00e1lkoz\u00e1si szok\u00e1sok (t\u00fal sok cukor \u00e9s t\u00fal sok iparilag feldolgozott \u00e9lelmiszer) \u00e9s a k\u00e1ros k\u00f6rnyezeti hat\u00e1sok, de egyes gy\u00f3gyszerek (pl. antibiotikumok) is olykor szemetess\u00e9 v\u00e1ltoztatj\u00e1k a b\u00e9lmotort.<\/p>\t\t\t\t\t\t\t\t<\/div>\n\t\t\t\t<\/div>\n\t\t\t\t<\/div>\n\t\t\t\t\t<\/div>\n\t\t\t\t<\/div>\n\t\t<div class=\"elementor-element elementor-element-7f9511b obcs green e-flex e-con-boxed e-con e-parent\" data-id=\"7f9511b\" data-element_type=\"container\">\n\t\t\t\t\t<div class=\"e-con-inner\">\n\t\t<div class=\"elementor-element elementor-element-30725a7 e-con-full obcs none e-flex e-con e-parent\" data-id=\"30725a7\" data-element_type=\"container\">\n\t\t\t\t<div class=\"elementor-element elementor-element-2999aac elementor-widget elementor-widget-heading\" data-id=\"2999aac\" data-element_type=\"widget\" data-widget_type=\"heading.default\">\n\t\t\t\t<div class=\"elementor-widget-container\">\n\t\t\t\t\t<h3 class=\"elementor-heading-title elementor-size-default\">A b\u00e9l az eg\u00e9szs\u00e9g k\u00f6zpontja<\/h3>\t\t\t\t<\/div>\n\t\t\t\t<\/div>\n\t\t\t\t<div class=\"elementor-element elementor-element-d75d539 e-transform elementor-widget elementor-widget-image\" data-id=\"d75d539\" data-element_type=\"widget\" data-settings=\"{&quot;_transform_translateY_effect_hover&quot;:{&quot;unit&quot;:&quot;px&quot;,&quot;size&quot;:&quot;-20&quot;,&quot;sizes&quot;:[]},&quot;_transform_translateX_effect_hover&quot;:{&quot;unit&quot;:&quot;px&quot;,&quot;size&quot;:&quot;&quot;,&quot;sizes&quot;:[]},&quot;_transform_translateX_effect_hover_tablet&quot;:{&quot;unit&quot;:&quot;px&quot;,&quot;size&quot;:&quot;&quot;,&quot;sizes&quot;:[]},&quot;_transform_translateX_effect_hover_mobile&quot;:{&quot;unit&quot;:&quot;px&quot;,&quot;size&quot;:&quot;&quot;,&quot;sizes&quot;:[]},&quot;_transform_translateY_effect_hover_tablet&quot;:{&quot;unit&quot;:&quot;px&quot;,&quot;size&quot;:&quot;&quot;,&quot;sizes&quot;:[]},&quot;_transform_translateY_effect_hover_mobile&quot;:{&quot;unit&quot;:&quot;px&quot;,&quot;size&quot;:&quot;&quot;,&quot;sizes&quot;:[]}}\" data-widget_type=\"image.default\">\n\t\t\t\t<div class=\"elementor-widget-container\">\n\t\t\t\t\t\t\t\t\t\t\t\t\t\t\t\t<a href=\"https:\/\/www.omni-biotic.com\/hu-hu\/a-belrendszer-egeszsege\/a-bel-az-egeszseg-kozpontja\/\">\n\t\t\t\t\t\t\t<img fetchpriority=\"high\" decoding=\"async\" width=\"800\" height=\"800\" src=\"https:\/\/www.omni-biotic.com\/hu-hu\/wp-content\/uploads\/sites\/7\/2023\/07\/a-belrendszer-egeszsege-2.jpg\" class=\"attachment-large size-large wp-image-16941\" alt=\"\" srcset=\"https:\/\/www.omni-biotic.com\/hu-hu\/wp-content\/uploads\/sites\/7\/2023\/07\/a-belrendszer-egeszsege-2.jpg 1024w, https:\/\/www.omni-biotic.com\/hu-hu\/wp-content\/uploads\/sites\/7\/2023\/07\/a-belrendszer-egeszsege-2-300x300.jpg 300w, https:\/\/www.omni-biotic.com\/hu-hu\/wp-content\/uploads\/sites\/7\/2023\/07\/a-belrendszer-egeszsege-2-150x150.jpg 150w, https:\/\/www.omni-biotic.com\/hu-hu\/wp-content\/uploads\/sites\/7\/2023\/07\/a-belrendszer-egeszsege-2-768x768.jpg 768w\" sizes=\"(max-width: 800px) 100vw, 800px\" title=\"\">\t\t\t\t\t\t\t\t<\/a>\n\t\t\t\t\t\t\t\t\t\t\t\t\t\t\t<\/div>\n\t\t\t\t<\/div>\n\t\t\t\t<div class=\"elementor-element elementor-element-919504d elementor-widget elementor-widget-text-editor\" data-id=\"919504d\" data-element_type=\"widget\" data-widget_type=\"text-editor.default\">\n\t\t\t\t<div class=\"elementor-widget-container\">\n\t\t\t\t\t\t\t\t\t<p style=\"text-align: center\">Probiotikumok, prebiotikumok, b\u00e9lbakt\u00e9riumok, b\u00e9lmikrobiom, b\u00e9lfl\u00f3ra stb.<\/p>\t\t\t\t\t\t\t\t<\/div>\n\t\t\t\t<\/div>\n\t\t\t\t<\/div>\n\t\t<div class=\"elementor-element elementor-element-fa18397 e-con-full obcs none e-flex e-con e-parent\" data-id=\"fa18397\" data-element_type=\"container\">\n\t\t\t\t<div class=\"elementor-element elementor-element-e2eb171 elementor-widget elementor-widget-heading\" data-id=\"e2eb171\" data-element_type=\"widget\" data-widget_type=\"heading.default\">\n\t\t\t\t<div class=\"elementor-widget-container\">\n\t\t\t\t\t<h3 class=\"elementor-heading-title elementor-size-default\">A b\u00e9l hat\u00e1sk\u00f6re<\/h3>\t\t\t\t<\/div>\n\t\t\t\t<\/div>\n\t\t\t\t<div class=\"elementor-element elementor-element-2fecd86 e-transform elementor-widget elementor-widget-image\" data-id=\"2fecd86\" data-element_type=\"widget\" data-settings=\"{&quot;_transform_translateY_effect_hover&quot;:{&quot;unit&quot;:&quot;px&quot;,&quot;size&quot;:&quot;-20&quot;,&quot;sizes&quot;:[]},&quot;_transform_translateX_effect_hover&quot;:{&quot;unit&quot;:&quot;px&quot;,&quot;size&quot;:&quot;&quot;,&quot;sizes&quot;:[]},&quot;_transform_translateX_effect_hover_tablet&quot;:{&quot;unit&quot;:&quot;px&quot;,&quot;size&quot;:&quot;&quot;,&quot;sizes&quot;:[]},&quot;_transform_translateX_effect_hover_mobile&quot;:{&quot;unit&quot;:&quot;px&quot;,&quot;size&quot;:&quot;&quot;,&quot;sizes&quot;:[]},&quot;_transform_translateY_effect_hover_tablet&quot;:{&quot;unit&quot;:&quot;px&quot;,&quot;size&quot;:&quot;&quot;,&quot;sizes&quot;:[]},&quot;_transform_translateY_effect_hover_mobile&quot;:{&quot;unit&quot;:&quot;px&quot;,&quot;size&quot;:&quot;&quot;,&quot;sizes&quot;:[]}}\" data-widget_type=\"image.default\">\n\t\t\t\t<div class=\"elementor-widget-container\">\n\t\t\t\t\t\t\t\t\t\t\t\t\t\t\t\t<a href=\"https:\/\/www.omni-biotic.com\/hu-hu\/a-belrendszer-egeszsege\/a-bel-hataskore\/\">\n\t\t\t\t\t\t\t<img decoding=\"async\" width=\"800\" height=\"800\" src=\"https:\/\/www.omni-biotic.com\/hu-hu\/wp-content\/uploads\/sites\/7\/2023\/07\/a-bel-hatasajpg.jpg\" class=\"attachment-large size-large wp-image-16942\" alt=\"\" srcset=\"https:\/\/www.omni-biotic.com\/hu-hu\/wp-content\/uploads\/sites\/7\/2023\/07\/a-bel-hatasajpg.jpg 1024w, https:\/\/www.omni-biotic.com\/hu-hu\/wp-content\/uploads\/sites\/7\/2023\/07\/a-bel-hatasajpg-300x300.jpg 300w, https:\/\/www.omni-biotic.com\/hu-hu\/wp-content\/uploads\/sites\/7\/2023\/07\/a-bel-hatasajpg-150x150.jpg 150w, https:\/\/www.omni-biotic.com\/hu-hu\/wp-content\/uploads\/sites\/7\/2023\/07\/a-bel-hatasajpg-768x768.jpg 768w\" sizes=\"(max-width: 800px) 100vw, 800px\" title=\"\">\t\t\t\t\t\t\t\t<\/a>\n\t\t\t\t\t\t\t\t\t\t\t\t\t\t\t<\/div>\n\t\t\t\t<\/div>\n\t\t\t\t<div class=\"elementor-element elementor-element-aed02ac elementor-widget elementor-widget-text-editor\" data-id=\"aed02ac\" data-element_type=\"widget\" data-widget_type=\"text-editor.default\">\n\t\t\t\t<div class=\"elementor-widget-container\">\n\t\t\t\t\t\t\t\t\t<p style=\"text-align: center\">B\u0151vebben az immunrendszerr\u0151l, a h\u00fcvelyfl\u00f3r\u00e1r\u00f3l \u00e9s v\u00e1rand\u00f3ss\u00e1gr\u00f3l stb.<\/p>\t\t\t\t\t\t\t\t<\/div>\n\t\t\t\t<\/div>\n\t\t\t\t<\/div>\n\t\t\t\t\t<\/div>\n\t\t\t\t<\/div>\n\t\t\t\t<\/div>\n\t\t","protected":false},"excerpt":{"rendered":"<p>A b\u00e9lrendszer eg\u00e9szs\u00e9ge A b\u00e9lrendszer \u00e9let\u00fcnk motorja. Nemcsak \u00fczemanyagot szolg\u00e1ltat az \u00e9telek em\u00e9szt\u00e9se r\u00e9v\u00e9n, hanem sz\u00e1mos folyamatra hat\u00e1ssal van szervezet\u00fcnkben. Ha a b\u00e9l nem m\u0171k\u00f6dik megfelel\u0151en, az az eg\u00e9sz szervezetre hat\u00e1ssal van. Az \u00e9letm\u00f3d d\u00f6nt\u0151 szerepet j\u00e1tszik a b\u00e9l eg\u00e9szs\u00e9g\u00e9nek fenntart\u00e1s\u00e1ban. Tartalomjegyz\u00e9k A b\u00e9l a legnagyobb \u00e9rintkez\u00e9si fel\u00fclet\u00fcnk a k\u00fclvil\u00e1ggal. Minden amit bevesz\u00fcnk, legyen az [&hellip;]<\/p>\n","protected":false},"author":8,"featured_media":19298,"parent":0,"menu_order":0,"comment_status":"closed","ping_status":"closed","template":"","meta":{"_acf_changed":false,"inline_featured_image":false,"footnotes":""},"class_list":["post-16822","page","type-page","status-publish","has-post-thumbnail","hentry"],"acf":[],"_links":{"self":[{"href":"https:\/\/www.omni-biotic.com\/hu-hu\/wp-json\/wp\/v2\/pages\/16822","targetHints":{"allow":["GET"]}}],"collection":[{"href":"https:\/\/www.omni-biotic.com\/hu-hu\/wp-json\/wp\/v2\/pages"}],"about":[{"href":"https:\/\/www.omni-biotic.com\/hu-hu\/wp-json\/wp\/v2\/types\/page"}],"author":[{"embeddable":true,"href":"https:\/\/www.omni-biotic.com\/hu-hu\/wp-json\/wp\/v2\/users\/8"}],"replies":[{"embeddable":true,"href":"https:\/\/www.omni-biotic.com\/hu-hu\/wp-json\/wp\/v2\/comments?post=16822"}],"version-history":[{"count":7,"href":"https:\/\/www.omni-biotic.com\/hu-hu\/wp-json\/wp\/v2\/pages\/16822\/revisions"}],"predecessor-version":[{"id":19302,"href":"https:\/\/www.omni-biotic.com\/hu-hu\/wp-json\/wp\/v2\/pages\/16822\/revisions\/19302"}],"wp:featuredmedia":[{"embeddable":true,"href":"https:\/\/www.omni-biotic.com\/hu-hu\/wp-json\/wp\/v2\/media\/19298"}],"wp:attachment":[{"href":"https:\/\/www.omni-biotic.com\/hu-hu\/wp-json\/wp\/v2\/media?parent=16822"}],"curies":[{"name":"wp","href":"https:\/\/api.w.org\/{rel}","templated":true}]}}