{"id":17735,"date":"2023-08-07T13:33:20","date_gmt":"2023-08-07T11:33:20","guid":{"rendered":"https:\/\/www.omni-biotic.com\/hu-hu\/?page_id=17735"},"modified":"2024-11-27T11:20:38","modified_gmt":"2024-11-27T10:20:38","slug":"impresszum","status":"publish","type":"page","link":"https:\/\/www.omni-biotic.com\/hu-hu\/impresszum\/","title":{"rendered":"Impresszum"},"content":{"rendered":"\t\t<div data-elementor-type=\"wp-page\" data-elementor-id=\"17735\" class=\"elementor elementor-17735\" data-elementor-post-type=\"page\">\n\t\t\t\t<div class=\"elementor-element elementor-element-67b98f9 e-con-full obcs none e-flex e-con e-parent\" data-id=\"67b98f9\" data-element_type=\"container\" data-settings=\"{&quot;background_background&quot;:&quot;classic&quot;,&quot;shape_divider_bottom&quot;:&quot;waves&quot;}\">\n\t\t\t\t<div class=\"elementor-shape elementor-shape-bottom\" aria-hidden=\"true\" data-negative=\"false\">\n\t\t\t<svg xmlns=\"http:\/\/www.w3.org\/2000\/svg\" viewBox=\"0 0 1000 100\" preserveAspectRatio=\"none\">\n\t<path class=\"elementor-shape-fill\" d=\"M421.9,6.5c22.6-2.5,51.5,0.4,75.5,5.3c23.6,4.9,70.9,23.5,100.5,35.7c75.8,32.2,133.7,44.5,192.6,49.7\n\tc23.6,2.1,48.7,3.5,103.4-2.5c54.7-6,106.2-25.6,106.2-25.6V0H0v30.3c0,0,72,32.6,158.4,30.5c39.2-0.7,92.8-6.7,134-22.4\n\tc21.2-8.1,52.2-18.2,79.7-24.2C399.3,7.9,411.6,7.5,421.9,6.5z\"\/>\n<\/svg>\t\t<\/div>\n\t\t\t\t<div class=\"elementor-element elementor-element-70957f7 elementor-absolute elementor-hidden-mobile elementor-align-center elementor-widget elementor-widget-lottie\" data-id=\"70957f7\" data-element_type=\"widget\" data-settings=\"{&quot;source_json&quot;:{&quot;url&quot;:&quot;https:\\\/\\\/www.omni-biotic.com\\\/hu-hu\\\/wp-content\\\/uploads\\\/sites\\\/7\\\/2022\\\/08\\\/lf30_editor_s5uwdgjh.json&quot;,&quot;id&quot;:&quot;7733&quot;,&quot;size&quot;:&quot;&quot;,&quot;alt&quot;:&quot;&quot;,&quot;source&quot;:&quot;library&quot;},&quot;loop&quot;:&quot;yes&quot;,&quot;play_speed&quot;:{&quot;unit&quot;:&quot;px&quot;,&quot;size&quot;:&quot;0.3&quot;,&quot;sizes&quot;:[]},&quot;_position&quot;:&quot;absolute&quot;,&quot;source&quot;:&quot;media_file&quot;,&quot;caption_source&quot;:&quot;none&quot;,&quot;link_to&quot;:&quot;none&quot;,&quot;trigger&quot;:&quot;arriving_to_viewport&quot;,&quot;viewport&quot;:{&quot;unit&quot;:&quot;%&quot;,&quot;size&quot;:&quot;&quot;,&quot;sizes&quot;:{&quot;start&quot;:0,&quot;end&quot;:100}},&quot;start_point&quot;:{&quot;unit&quot;:&quot;%&quot;,&quot;size&quot;:0,&quot;sizes&quot;:[]},&quot;end_point&quot;:{&quot;unit&quot;:&quot;%&quot;,&quot;size&quot;:100,&quot;sizes&quot;:[]},&quot;renderer&quot;:&quot;svg&quot;}\" data-widget_type=\"lottie.default\">\n\t\t\t\t<div class=\"elementor-widget-container\">\n\t\t\t\t\t<div class=\"e-lottie__container\"><div class=\"e-lottie__animation\"><\/div><\/div>\t\t\t\t<\/div>\n\t\t\t\t<\/div>\n\t\t<div class=\"elementor-element elementor-element-3bba965 e-con-full obcs none e-flex e-con e-child\" data-id=\"3bba965\" data-element_type=\"container\" data-settings=\"{&quot;background_background&quot;:&quot;gradient&quot;}\">\n\t\t\t\t<div class=\"elementor-element elementor-element-fd8abb6 elementor-widget elementor-widget-heading\" data-id=\"fd8abb6\" data-element_type=\"widget\" data-widget_type=\"heading.default\">\n\t\t\t\t<div class=\"elementor-widget-container\">\n\t\t\t\t\t<h1 class=\"elementor-heading-title elementor-size-default\">Impresszum<\/h1>\t\t\t\t<\/div>\n\t\t\t\t<\/div>\n\t\t\t\t<div class=\"elementor-element elementor-element-6a70075 elementor-widget-divider--view-line elementor-widget elementor-widget-divider\" data-id=\"6a70075\" data-element_type=\"widget\" data-widget_type=\"divider.default\">\n\t\t\t\t<div class=\"elementor-widget-container\">\n\t\t\t\t\t\t\t<div class=\"elementor-divider\">\n\t\t\t<span class=\"elementor-divider-separator\">\n\t\t\t\t\t\t<\/span>\n\t\t<\/div>\n\t\t\t\t\t\t<\/div>\n\t\t\t\t<\/div>\n\t\t\t\t<\/div>\n\t\t\t\t<\/div>\n\t\t<div class=\"elementor-element elementor-element-ffa5432 obcs none e-flex e-con-boxed e-con e-parent\" data-id=\"ffa5432\" data-element_type=\"container\">\n\t\t\t\t\t<div class=\"e-con-inner\">\n\t\t<div class=\"elementor-element elementor-element-8fd936e obcs none e-flex e-con-boxed e-con e-child\" data-id=\"8fd936e\" data-element_type=\"container\">\n\t\t\t\t\t<div class=\"e-con-inner\">\n\t\t<div class=\"elementor-element elementor-element-92ee65c e-con-full obcs none e-flex e-con e-child\" data-id=\"92ee65c\" data-element_type=\"container\">\n\t\t\t\t<div class=\"elementor-element elementor-element-5818a88 elementor-align-left elementor-widget__width-initial elementor-widget elementor-widget-breadcrumbs\" data-id=\"5818a88\" data-element_type=\"widget\" data-widget_type=\"breadcrumbs.default\">\n\t\t\t\t<div class=\"elementor-widget-container\">\n\t\t\t\t\t<span><span class=\"last\">Home<\/span><\/span>\t\t\t\t<\/div>\n\t\t\t\t<\/div>\n\t\t\t\t<\/div>\n\t\t\t\t\t<\/div>\n\t\t\t\t<\/div>\n\t\t\t\t\t<\/div>\n\t\t\t\t<\/div>\n\t\t<div class=\"elementor-element elementor-element-635a4f5 obcs yellow e-flex e-con-boxed e-con e-parent\" data-id=\"635a4f5\" data-element_type=\"container\">\n\t\t\t\t\t<div class=\"e-con-inner\">\n\t\t<div class=\"elementor-element elementor-element-3020b78 e-con-full obcs blue e-flex e-con e-child\" data-id=\"3020b78\" data-element_type=\"container\">\n\t\t\t\t<div class=\"elementor-element elementor-element-f7fc5d4 elementor-widget elementor-widget-heading\" data-id=\"f7fc5d4\" data-element_type=\"widget\" data-widget_type=\"heading.default\">\n\t\t\t\t<div class=\"elementor-widget-container\">\n\t\t\t\t\t<h2 class=\"elementor-heading-title elementor-size-default\">Institut AllergoSan Pharma GmbH <\/h2>\t\t\t\t<\/div>\n\t\t\t\t<\/div>\n\t\t\t\t<div class=\"elementor-element elementor-element-e93ba05 elementor-widget elementor-widget-text-editor\" data-id=\"e93ba05\" data-element_type=\"widget\" data-widget_type=\"text-editor.default\">\n\t\t\t\t<div class=\"elementor-widget-container\">\n\t\t\t\t\t\t\t\t\t<p><strong>\u00a0A c\u00e9g t\u00e1rgya:<\/strong>\u00a0Eg\u00e9szs\u00e9g\u00fcgyi term\u00e9kek vizsg\u00e1lata, fejleszt\u00e9se, gy\u00e1rt\u00e1sa \u00e9s \u00e9rt\u00e9kes\u00edt\u00e9se (t\u00e1pl\u00e1l\u00e9k-kieg\u00e9sz\u00edt\u0151k \u00e9s gy\u00f3gyszerek nagykereskedelme; gy\u00f3gyszert\u00e1ri cikkekkel val\u00f3 kereskedelem)<\/p><p><strong>Ad\u00f3sz\u00e1m:<\/strong>\u00a0ATU64528657<\/p><p><strong>C\u00e9gjegyz\u00e9k sz\u00e1m:<\/strong>\u00a0FN 317527 b Grazi Tartom\u00e1nyi B\u00edr\u00f3s\u00e1g (GmbH, sz\u00e9khelye: Graz)<\/p><p><strong>\u00dcgyvezet\u0151 igazgat\u00f3:\u00a0<\/strong>Prof. Anita Frauwallner<\/p><p><strong>A c\u00e9get bejegyz\u0151 hat\u00f3s\u00e1g:<\/strong>\u00a0Grazi Tartom\u00e1nyi B\u00edr\u00f3s\u00e1g<\/p><p><strong>Sz\u00e9khely: <\/strong>AT-8055 Graz, Gmeinstra\u00dfe 13.<\/p><p><strong>Kapcsolat:<\/strong>\u00a0Tel.: +43 316 405 305; Fax: +43 316 405 305 20; E-mail: global@allergosan.com<\/p><p><strong>Kamarai szervezetek tags\u00e1ga:<\/strong>\u00a0Kereskedelmi Kamara Steiermark<\/p><p><strong>Vonatkoz\u00f3 jog (egyebek k\u00f6z\u00f6tt):<\/strong>\u00a0kereskedelmi szab\u00e1lyok (az \u00f6sszes hivatkozott t\u00f6rv\u00e9ny t\u00f6bbek k\u00f6z\u00f6tt a www.ris.bka.gv.at c\u00edmen \u00e9rhet\u0151 el)<\/p><p><strong>Szab\u00e1lyoz\u00f3 \u00fcgyn\u00f6ks\u00e9g:<\/strong>\u00a0Grazi Kereskedelmi Iroda<\/p><div class=\"vc_row wpb_row vc_row-fluid\"><div class=\"wpb_column vc_column_container vc_col-sm-12\"><div class=\"vc_column-inner\"><div class=\"wpb_wrapper\"><div class=\"wpb_text_column wpb_content_element \"><div class=\"wpb_wrapper\"><p><em>2020. febru\u00e1r 4-i, keddi \u00e1ll\u00e1s szerint<\/em><\/p><p>Az Eur\u00f3pai Bizotts\u00e1g\u00a0<strong>fel\u00fcletet biztos\u00edt az online vitarendez\u00e9shez<\/strong>, amelyet itt tal\u00e1l:\u00a0<em>https:\/\/ec.europa.eu\/consumers\/odr\/<\/em>.<\/p><\/div><\/div><\/div><\/div><\/div><\/div>\t\t\t\t\t\t\t\t<\/div>\n\t\t\t\t<\/div>\n\t\t\t\t<div class=\"elementor-element elementor-element-285a2dc elementor-widget elementor-widget-text-editor\" data-id=\"285a2dc\" data-element_type=\"widget\" data-widget_type=\"text-editor.default\">\n\t\t\t\t<div class=\"elementor-widget-container\">\n\t\t\t\t\t\t\t\t\t<p><strong>Sz\u00e1mlaadatok<\/strong><\/p><p><strong>IBAN<\/strong> AT42 3800 0000 0082 0308<br \/><strong>BIC\/SWIFT<\/strong> RZSTAT2GXXX<br \/>Bank Raiffeisen-Landesbank Steiermark AG<\/p>\t\t\t\t\t\t\t\t<\/div>\n\t\t\t\t<\/div>\n\t\t\t\t<\/div>\n\t\t\t\t\t<\/div>\n\t\t\t\t<\/div>\n\t\t\t\t<\/div>\n\t\t","protected":false},"excerpt":{"rendered":"<p>Impresszum Home Institut AllergoSan Pharma GmbH \u00a0A c\u00e9g t\u00e1rgya:\u00a0Eg\u00e9szs\u00e9g\u00fcgyi term\u00e9kek vizsg\u00e1lata, fejleszt\u00e9se, gy\u00e1rt\u00e1sa \u00e9s \u00e9rt\u00e9kes\u00edt\u00e9se (t\u00e1pl\u00e1l\u00e9k-kieg\u00e9sz\u00edt\u0151k \u00e9s gy\u00f3gyszerek nagykereskedelme; gy\u00f3gyszert\u00e1ri cikkekkel val\u00f3 kereskedelem) Ad\u00f3sz\u00e1m:\u00a0ATU64528657 C\u00e9gjegyz\u00e9k sz\u00e1m:\u00a0FN 317527 b Grazi Tartom\u00e1nyi B\u00edr\u00f3s\u00e1g (GmbH, sz\u00e9khelye: Graz) \u00dcgyvezet\u0151 igazgat\u00f3:\u00a0Prof. Anita Frauwallner A c\u00e9get bejegyz\u0151 hat\u00f3s\u00e1g:\u00a0Grazi Tartom\u00e1nyi B\u00edr\u00f3s\u00e1g Sz\u00e9khely: AT-8055 Graz, Gmeinstra\u00dfe 13. Kapcsolat:\u00a0Tel.: +43 316 405 305; Fax: [&hellip;]<\/p>\n","protected":false},"author":8,"featured_media":18304,"parent":0,"menu_order":0,"comment_status":"closed","ping_status":"closed","template":"","meta":{"_acf_changed":false,"inline_featured_image":false,"footnotes":""},"class_list":["post-17735","page","type-page","status-publish","has-post-thumbnail","hentry"],"acf":[],"_links":{"self":[{"href":"https:\/\/www.omni-biotic.com\/hu-hu\/wp-json\/wp\/v2\/pages\/17735","targetHints":{"allow":["GET"]}}],"collection":[{"href":"https:\/\/www.omni-biotic.com\/hu-hu\/wp-json\/wp\/v2\/pages"}],"about":[{"href":"https:\/\/www.omni-biotic.com\/hu-hu\/wp-json\/wp\/v2\/types\/page"}],"author":[{"embeddable":true,"href":"https:\/\/www.omni-biotic.com\/hu-hu\/wp-json\/wp\/v2\/users\/8"}],"replies":[{"embeddable":true,"href":"https:\/\/www.omni-biotic.com\/hu-hu\/wp-json\/wp\/v2\/comments?post=17735"}],"version-history":[{"count":7,"href":"https:\/\/www.omni-biotic.com\/hu-hu\/wp-json\/wp\/v2\/pages\/17735\/revisions"}],"predecessor-version":[{"id":23805,"href":"https:\/\/www.omni-biotic.com\/hu-hu\/wp-json\/wp\/v2\/pages\/17735\/revisions\/23805"}],"wp:featuredmedia":[{"embeddable":true,"href":"https:\/\/www.omni-biotic.com\/hu-hu\/wp-json\/wp\/v2\/media\/18304"}],"wp:attachment":[{"href":"https:\/\/www.omni-biotic.com\/hu-hu\/wp-json\/wp\/v2\/media?parent=17735"}],"curies":[{"name":"wp","href":"https:\/\/api.w.org\/{rel}","templated":true}]}}