{"id":18446,"date":"2023-08-31T12:37:35","date_gmt":"2023-08-31T10:37:35","guid":{"rendered":"https:\/\/www.omni-biotic.com\/hu-hu\/?page_id=18446"},"modified":"2023-12-05T08:41:50","modified_gmt":"2023-12-05T07:41:50","slug":"kereses","status":"publish","type":"page","link":"https:\/\/www.omni-biotic.com\/hu-hu\/kereses\/","title":{"rendered":"Keres\u00e9s"},"content":{"rendered":"\t\t<div data-elementor-type=\"wp-page\" data-elementor-id=\"18446\" class=\"elementor elementor-18446\" data-elementor-post-type=\"page\">\n\t\t\t\t<div class=\"elementor-element elementor-element-2b654ee e-con-full obcs none e-flex e-con e-parent\" data-id=\"2b654ee\" data-element_type=\"container\">\n\t\t<div class=\"elementor-element elementor-element-57d9205 obcs none e-flex e-con-boxed e-con e-parent\" data-id=\"57d9205\" data-element_type=\"container\" data-settings=\"{&quot;background_background&quot;:&quot;classic&quot;,&quot;shape_divider_bottom&quot;:&quot;waves&quot;}\">\n\t\t\t\t\t<div class=\"e-con-inner\">\n\t\t\t\t<div class=\"elementor-shape elementor-shape-bottom\" aria-hidden=\"true\" data-negative=\"false\">\n\t\t\t<svg xmlns=\"http:\/\/www.w3.org\/2000\/svg\" viewBox=\"0 0 1000 100\" preserveAspectRatio=\"none\">\n\t<path class=\"elementor-shape-fill\" d=\"M421.9,6.5c22.6-2.5,51.5,0.4,75.5,5.3c23.6,4.9,70.9,23.5,100.5,35.7c75.8,32.2,133.7,44.5,192.6,49.7\n\tc23.6,2.1,48.7,3.5,103.4-2.5c54.7-6,106.2-25.6,106.2-25.6V0H0v30.3c0,0,72,32.6,158.4,30.5c39.2-0.7,92.8-6.7,134-22.4\n\tc21.2-8.1,52.2-18.2,79.7-24.2C399.3,7.9,411.6,7.5,421.9,6.5z\"\/>\n<\/svg>\t\t<\/div>\n\t\t<div class=\"elementor-element elementor-element-f924af0 e-con-full obcs none e-flex e-con e-parent\" data-id=\"f924af0\" data-element_type=\"container\">\n\t\t\t\t<div class=\"elementor-element elementor-element-9eab506 elementor-widget elementor-widget-heading\" data-id=\"9eab506\" data-element_type=\"widget\" data-widget_type=\"heading.default\">\n\t\t\t\t<div class=\"elementor-widget-container\">\n\t\t\t\t\t<h1 class=\"elementor-heading-title elementor-size-default\">Pr\u00f3b\u00e1lja ki keres\u0151funkci\u00f3nkat!<\/h1>\t\t\t\t<\/div>\n\t\t\t\t<\/div>\n\t\t\t\t<div class=\"elementor-element elementor-element-9e2233f elementor-widget elementor-widget-li-widgets--search-form\" data-id=\"9e2233f\" data-element_type=\"widget\" data-widget_type=\"li-widgets--search-form.default\">\n\t\t\t\t<div class=\"elementor-widget-container\">\n\t\t\t\t\t<div class=\"li-widgets--search-form\">\n    <form class=\"li-widgets--search-form__form\">\n        <div class=\"li-widgets--search-form__form-search\">\n            <input type=\"text\" name=\"search\" value=\"\" placeholder=\"Keres\u00e9s...\"\/>\n        <\/div>\n        <div class=\"li-widgets--search-form__form-category\">\n            <select name=\"search-post-type\">\n                                    <option value=\"\" selected>Keres\u00e9s sz\u0171r\u00e9se...<\/option>\n                                    <option value=\"posts\">Cikkek<\/option>\n                                    <option value=\"pages\">Oldalak<\/option>\n                                    <option value=\"products\">term\u00e9kek<\/option>\n                            <\/select>\n        <\/div>\n        <div class=\"li-widgets--search-form__form-reset\">\n            <input type=\"reset\" value=\"Vissza\u00e1ll\u00edt\u00e1s\"\/>\n        <\/div>\n    <\/form>\n<\/div>\n\t\t\t\t<\/div>\n\t\t\t\t<\/div>\n\t\t\t\t<\/div>\n\t\t\t\t\t<\/div>\n\t\t\t\t<\/div>\n\t\t\t\t<\/div>\n\t\t<div class=\"elementor-element elementor-element-e449c04 obcs none e-flex e-con-boxed e-con e-parent\" data-id=\"e449c04\" data-element_type=\"container\">\n\t\t\t\t\t<div class=\"e-con-inner\">\n\t\t\t\t<div class=\"elementor-element elementor-element-39cd710 elementor-widget elementor-widget-li-widgets--posts-gallery\" data-id=\"39cd710\" data-element_type=\"widget\" data-widget_type=\"li-widgets--posts-gallery.default\">\n\t\t\t\t<div class=\"elementor-widget-container\">\n\t\t\t\t\t<div class=\"li-widgets--posts-gallery search\">\n    <\/div>\n\t\t\t\t<\/div>\n\t\t\t\t<\/div>\n\t\t\t\t\t<\/div>\n\t\t\t\t<\/div>\n\t\t\t\t<\/div>\n\t\t","protected":false},"excerpt":{"rendered":"<p>Pr\u00f3b\u00e1lja ki keres\u0151funkci\u00f3nkat! Keres\u00e9s sz\u0171r\u00e9se&#8230; Posts Pages Products<\/p>\n","protected":false},"author":4,"featured_media":19940,"parent":0,"menu_order":0,"comment_status":"closed","ping_status":"closed","template":"","meta":{"_acf_changed":false,"inline_featured_image":false,"footnotes":""},"class_list":["post-18446","page","type-page","status-publish","has-post-thumbnail","hentry"],"acf":[],"_links":{"self":[{"href":"https:\/\/www.omni-biotic.com\/hu-hu\/wp-json\/wp\/v2\/pages\/18446","targetHints":{"allow":["GET"]}}],"collection":[{"href":"https:\/\/www.omni-biotic.com\/hu-hu\/wp-json\/wp\/v2\/pages"}],"about":[{"href":"https:\/\/www.omni-biotic.com\/hu-hu\/wp-json\/wp\/v2\/types\/page"}],"author":[{"embeddable":true,"href":"https:\/\/www.omni-biotic.com\/hu-hu\/wp-json\/wp\/v2\/users\/4"}],"replies":[{"embeddable":true,"href":"https:\/\/www.omni-biotic.com\/hu-hu\/wp-json\/wp\/v2\/comments?post=18446"}],"version-history":[{"count":7,"href":"https:\/\/www.omni-biotic.com\/hu-hu\/wp-json\/wp\/v2\/pages\/18446\/revisions"}],"predecessor-version":[{"id":19939,"href":"https:\/\/www.omni-biotic.com\/hu-hu\/wp-json\/wp\/v2\/pages\/18446\/revisions\/19939"}],"wp:featuredmedia":[{"embeddable":true,"href":"https:\/\/www.omni-biotic.com\/hu-hu\/wp-json\/wp\/v2\/media\/19940"}],"wp:attachment":[{"href":"https:\/\/www.omni-biotic.com\/hu-hu\/wp-json\/wp\/v2\/media?parent=18446"}],"curies":[{"name":"wp","href":"https:\/\/api.w.org\/{rel}","templated":true}]}}