{"id":21980,"date":"2024-04-24T15:04:54","date_gmt":"2024-04-24T13:04:54","guid":{"rendered":"https:\/\/www.omni-biotic.com\/hu-hu\/?page_id=21980"},"modified":"2024-04-24T15:04:54","modified_gmt":"2024-04-24T13:04:54","slug":"kornyezet-es-forrasok","status":"publish","type":"page","link":"https:\/\/www.omni-biotic.com\/hu-hu\/fenntarthatosag\/kornyezet-es-forrasok\/","title":{"rendered":"K\u00f6rnyezet \u00e9s forr\u00e1sok"},"content":{"rendered":"\t\t<div data-elementor-type=\"wp-page\" data-elementor-id=\"21980\" class=\"elementor elementor-21980\" data-elementor-post-type=\"page\">\n\t\t\t\t<div class=\"elementor-element elementor-element-59897ef e-con-full obcs none e-flex e-con e-parent\" data-id=\"59897ef\" data-element_type=\"container\" data-settings=\"{&quot;background_background&quot;:&quot;classic&quot;,&quot;shape_divider_bottom&quot;:&quot;waves&quot;}\">\n\t\t\t\t<div class=\"elementor-shape elementor-shape-bottom\" aria-hidden=\"true\" data-negative=\"false\">\n\t\t\t<svg xmlns=\"http:\/\/www.w3.org\/2000\/svg\" viewBox=\"0 0 1000 100\" preserveAspectRatio=\"none\">\n\t<path class=\"elementor-shape-fill\" d=\"M421.9,6.5c22.6-2.5,51.5,0.4,75.5,5.3c23.6,4.9,70.9,23.5,100.5,35.7c75.8,32.2,133.7,44.5,192.6,49.7\n\tc23.6,2.1,48.7,3.5,103.4-2.5c54.7-6,106.2-25.6,106.2-25.6V0H0v30.3c0,0,72,32.6,158.4,30.5c39.2-0.7,92.8-6.7,134-22.4\n\tc21.2-8.1,52.2-18.2,79.7-24.2C399.3,7.9,411.6,7.5,421.9,6.5z\"\/>\n<\/svg>\t\t<\/div>\n\t\t<div class=\"elementor-element elementor-element-44ee4ae e-con-full obcs none e-flex e-con e-child\" data-id=\"44ee4ae\" data-element_type=\"container\" data-settings=\"{&quot;background_background&quot;:&quot;gradient&quot;}\">\n\t\t\t\t<div class=\"elementor-element elementor-element-0673303 elementor-widget elementor-widget-heading\" data-id=\"0673303\" data-element_type=\"widget\" data-widget_type=\"heading.default\">\n\t\t\t\t<div class=\"elementor-widget-container\">\n\t\t\t\t\t<h1 class=\"elementor-heading-title elementor-size-default\">K\u00f6rnyezet \u00e9s forr\u00e1sok<\/h1>\t\t\t\t<\/div>\n\t\t\t\t<\/div>\n\t\t\t\t<div class=\"elementor-element elementor-element-e317914 elementor-widget-divider--view-line elementor-widget elementor-widget-divider\" data-id=\"e317914\" data-element_type=\"widget\" data-widget_type=\"divider.default\">\n\t\t\t\t<div class=\"elementor-widget-container\">\n\t\t\t\t\t\t\t<div class=\"elementor-divider\">\n\t\t\t<span class=\"elementor-divider-separator\">\n\t\t\t\t\t\t<\/span>\n\t\t<\/div>\n\t\t\t\t\t\t<\/div>\n\t\t\t\t<\/div>\n\t\t\t\t<div class=\"elementor-element elementor-element-d3b05e6 elementor-widget elementor-widget-heading\" data-id=\"d3b05e6\" data-element_type=\"widget\" data-widget_type=\"heading.default\">\n\t\t\t\t<div class=\"elementor-widget-container\">\n\t\t\t\t\t<h3 class=\"elementor-heading-title elementor-size-default\">Fontos sz\u00e1munkra<\/h3>\t\t\t\t<\/div>\n\t\t\t\t<\/div>\n\t\t\t\t<\/div>\n\t\t\t\t<\/div>\n\t\t<div class=\"elementor-element elementor-element-ab5ef73 obcs none e-flex e-con-boxed e-con e-parent\" data-id=\"ab5ef73\" data-element_type=\"container\">\n\t\t\t\t\t<div class=\"e-con-inner\">\n\t\t<div class=\"elementor-element elementor-element-c1221f1 obcs none e-flex e-con-boxed e-con e-child\" data-id=\"c1221f1\" data-element_type=\"container\">\n\t\t\t\t\t<div class=\"e-con-inner\">\n\t\t<div class=\"elementor-element elementor-element-e34b291 e-con-full obcs none e-flex e-con e-child\" data-id=\"e34b291\" data-element_type=\"container\">\n\t\t\t\t<div class=\"elementor-element elementor-element-709ff0a elementor-align-left elementor-widget__width-initial elementor-widget elementor-widget-breadcrumbs\" data-id=\"709ff0a\" data-element_type=\"widget\" data-widget_type=\"breadcrumbs.default\">\n\t\t\t\t<div class=\"elementor-widget-container\">\n\t\t\t\t\t<span><span class=\"last\">Home<\/span><\/span>\t\t\t\t<\/div>\n\t\t\t\t<\/div>\n\t\t\t\t<\/div>\n\t\t\t\t\t<\/div>\n\t\t\t\t<\/div>\n\t\t\t\t\t<\/div>\n\t\t\t\t<\/div>\n\t\t<div class=\"elementor-element elementor-element-d5f5e7d obcs none e-flex e-con-boxed e-con e-parent\" data-id=\"d5f5e7d\" data-element_type=\"container\">\n\t\t\t\t\t<div class=\"e-con-inner\">\n\t\t<div class=\"elementor-element elementor-element-37c1ff5 e-con-full obcs none e-flex e-con e-child\" data-id=\"37c1ff5\" data-element_type=\"container\" data-settings=\"{&quot;background_background&quot;:&quot;classic&quot;}\">\n\t\t\t\t<div class=\"elementor-element elementor-element-41046d4 elementor-widget elementor-widget-image\" data-id=\"41046d4\" data-element_type=\"widget\" data-widget_type=\"image.default\">\n\t\t\t\t<div class=\"elementor-widget-container\">\n\t\t\t\t\t\t\t\t\t\t\t\t\t\t\t<img fetchpriority=\"high\" decoding=\"async\" width=\"800\" height=\"840\" src=\"https:\/\/www.omni-biotic.com\/hu-hu\/wp-content\/uploads\/sites\/7\/2024\/04\/energieffizientes_gebaeude.svg\" class=\"attachment-large size-large wp-image-21986\" alt=\"\" title=\"\">\t\t\t\t\t\t\t\t\t\t\t\t\t\t\t<\/div>\n\t\t\t\t<\/div>\n\t\t\t\t<div class=\"elementor-element elementor-element-959e73c elementor-widget elementor-widget-heading\" data-id=\"959e73c\" data-element_type=\"widget\" data-widget_type=\"heading.default\">\n\t\t\t\t<div class=\"elementor-widget-container\">\n\t\t\t\t\t<div class=\"elementor-heading-title elementor-size-default\">Energiahat\u00e9kony \u00e9p\u00fclet<\/div>\t\t\t\t<\/div>\n\t\t\t\t<\/div>\n\t\t\t\t<\/div>\n\t\t<div class=\"elementor-element elementor-element-b5411ec e-con-full obcs none e-flex e-con e-child\" data-id=\"b5411ec\" data-element_type=\"container\" data-settings=\"{&quot;background_background&quot;:&quot;classic&quot;}\">\n\t\t\t\t<div class=\"elementor-element elementor-element-d04ebfe elementor-widget elementor-widget-image\" data-id=\"d04ebfe\" data-element_type=\"widget\" data-widget_type=\"image.default\">\n\t\t\t\t<div class=\"elementor-widget-container\">\n\t\t\t\t\t\t\t\t\t\t\t\t\t\t\t<img decoding=\"async\" width=\"800\" height=\"800\" src=\"https:\/\/www.omni-biotic.com\/hu-hu\/wp-content\/uploads\/sites\/7\/2024\/04\/eigener_strom.svg\" class=\"attachment-large size-large wp-image-21987\" alt=\"\" title=\"\">\t\t\t\t\t\t\t\t\t\t\t\t\t\t\t<\/div>\n\t\t\t\t<\/div>\n\t\t\t\t<div class=\"elementor-element elementor-element-3ca488b elementor-widget elementor-widget-heading\" data-id=\"3ca488b\" data-element_type=\"widget\" data-widget_type=\"heading.default\">\n\t\t\t\t<div class=\"elementor-widget-container\">\n\t\t\t\t\t<div class=\"elementor-heading-title elementor-size-default\">Saj\u00e1t villamos energia meg\u00fajul\u00f3 energi\u00e1b\u00f3l<\/div>\t\t\t\t<\/div>\n\t\t\t\t<\/div>\n\t\t\t\t<\/div>\n\t\t<div class=\"elementor-element elementor-element-3e0b03a e-con-full obcs none e-flex e-con e-child\" data-id=\"3e0b03a\" data-element_type=\"container\" data-settings=\"{&quot;background_background&quot;:&quot;classic&quot;}\">\n\t\t\t\t<div class=\"elementor-element elementor-element-1223602 elementor-widget elementor-widget-image\" data-id=\"1223602\" data-element_type=\"widget\" data-widget_type=\"image.default\">\n\t\t\t\t<div class=\"elementor-widget-container\">\n\t\t\t\t\t\t\t\t\t\t\t\t\t\t\t<img decoding=\"async\" width=\"800\" height=\"800\" src=\"https:\/\/www.omni-biotic.com\/hu-hu\/wp-content\/uploads\/sites\/7\/2024\/04\/recycling.svg\" class=\"attachment-large size-large wp-image-21988\" alt=\"\" title=\"\">\t\t\t\t\t\t\t\t\t\t\t\t\t\t\t<\/div>\n\t\t\t\t<\/div>\n\t\t\t\t<div class=\"elementor-element elementor-element-181f146 elementor-widget elementor-widget-heading\" data-id=\"181f146\" data-element_type=\"widget\" data-widget_type=\"heading.default\">\n\t\t\t\t<div class=\"elementor-widget-container\">\n\t\t\t\t\t<div class=\"elementor-heading-title elementor-size-default\">Fenntarthat\u00f3 vagy \u00fajrahasznos\u00edtott anyagok haszn\u00e1lata<\/div>\t\t\t\t<\/div>\n\t\t\t\t<\/div>\n\t\t\t\t<\/div>\n\t\t\t\t\t<\/div>\n\t\t\t\t<\/div>\n\t\t<div class=\"elementor-element elementor-element-98e7a30 obcs green e-flex e-con-boxed e-con e-parent\" data-id=\"98e7a30\" data-element_type=\"container\">\n\t\t\t\t\t<div class=\"e-con-inner\">\n\t\t<div class=\"elementor-element elementor-element-6f6a53e e-con-full obcs none e-flex e-con e-child\" data-id=\"6f6a53e\" data-element_type=\"container\">\n\t\t\t\t<div class=\"elementor-element elementor-element-c44a4a6 elementor-widget elementor-widget-text-editor\" data-id=\"c44a4a6\" data-element_type=\"widget\" data-widget_type=\"text-editor.default\">\n\t\t\t\t<div class=\"elementor-widget-container\">\n\t\t\t\t\t\t\t\t\t<p>Az Institut AllergoSan sz\u00e9khelye \u00f6nmag\u00e1ban is kiv\u00e1l\u00f3 p\u00e9ld\u00e1ja <strong>a fenntarthat\u00f3, energiahat\u00e9kony \u00e9s el\u0151rel\u00e1t\u00f3 \u00e9p\u00edtkez\u00e9snek<\/strong>. M\u00e1r az \u00e9p\u00edt\u00e9si f\u00e1zisban \u00fcgyelt\u00fcnk arra, hogy r\u00f6vid utaz\u00e1si t\u00e1vols\u00e1gra lev\u0151, helyi c\u00e9geket alkalmazzunk. Az eredm\u00e9ny pedig ma m\u00e1r mag\u00e1\u00e9rt besz\u00e9l: a mindennapi munkav\u00e9gz\u00e9sben <strong>egyed\u00fcl\u00e1ll\u00f3 \u00e9p\u00fcletegy\u00fcttes\u00fcnk<\/strong> rendk\u00edv\u00fcl alacsony energiafogyaszt\u00e1st tesz lehet\u0151v\u00e9 a h\u0171t\u00e9s \u00e9s f\u0171t\u00e9s tekintet\u00e9ben \u00e9jjel-nappal. A fenntarthat\u00f3s\u00e1got a sz\u00ednfalak m\u00f6g\u00f6tt \u00e9s felett is figyelembe vett\u00fck. A z\u00f6ld tet\u0151 megakad\u00e1lyozza a k\u00f6rnyez\u0151 ter\u00fcletek t\u00falmeleged\u00e9s\u00e9t, t\u00e1rolja az es\u0151vizet, \u00e9s vadm\u00e9heknek is otthont ad. K\u00fcl\u00f6n\u00f6sen b\u00fcszk\u00e9k vagyunk a 160 kWp teljes\u00edtm\u00e9ny\u0171, h\u00e1zon bel\u00fcli <strong>fotovoltaikus rendszer\u00fcnkre<\/strong>, amely a rakt\u00e1r f\u00f6l\u00f6tti teljes tet\u0151t lefedi, ny\u00e1ron \u00e9s t\u00e9len egyar\u00e1nt energi\u00e1t biztos\u00edt a kellemes h\u0151m\u00e9rs\u00e9klet fenntart\u00e1s\u00e1hoz a munkanapok sor\u00e1n. Emellett egyre nagyobb hangs\u00falyt fektet\u00fcnk a j\u00e1rm\u0171parkunk energiaell\u00e1t\u00e1s\u00e1ra. Mind a t\u00f6lt\u0151\u00e1llom\u00e1sokat, mind az e-aut\u00f3k sz\u00e1m\u00e1t folyamatosan b\u0151v\u00edtj\u00fck. Amit munkat\u00e1rsaink a k\u00fcl\u00f6n\u00f6sen \u00e9rt\u00e9kelnek: Mindenki, aki t\u00f6megk\u00f6zleked\u00e9ssel j\u00e1r dolgozni, ingyenes \u00e9ves b\u00e9rletet kap, \u00e9s \u00edgy minden nap szem\u00e9lyesen j\u00e1rul hozz\u00e1 a <strong>sz\u00e9n-dioxid-kibocs\u00e1t\u00e1s cs\u00f6kkent\u00e9s\u00e9hez<\/strong>.<\/p>\t\t\t\t\t\t\t\t<\/div>\n\t\t\t\t<\/div>\n\t\t<div class=\"elementor-element elementor-element-d014bef obcs none e-flex e-con-boxed e-con e-child\" data-id=\"d014bef\" data-element_type=\"container\">\n\t\t\t\t\t<div class=\"e-con-inner\">\n\t\t<div class=\"elementor-element elementor-element-2cd9387 obcs none e-flex e-con-boxed e-con e-child\" data-id=\"2cd9387\" data-element_type=\"container\">\n\t\t\t\t\t<div class=\"e-con-inner\">\n\t\t<div class=\"elementor-element elementor-element-4ddb116 e-con-full obcs none e-flex e-con e-child\" data-id=\"4ddb116\" data-element_type=\"container\">\n\t\t\t\t<div class=\"elementor-element elementor-element-250eb48 e-transform elementor-widget elementor-widget-image\" data-id=\"250eb48\" data-element_type=\"widget\" data-settings=\"{&quot;_transform_rotateZ_effect&quot;:{&quot;unit&quot;:&quot;px&quot;,&quot;size&quot;:&quot;0&quot;,&quot;sizes&quot;:[]},&quot;_transform_rotate_3d&quot;:&quot;yes&quot;,&quot;_transform_rotateX_effect&quot;:{&quot;unit&quot;:&quot;px&quot;,&quot;size&quot;:&quot;0&quot;,&quot;sizes&quot;:[]},&quot;_transform_rotateY_effect&quot;:{&quot;unit&quot;:&quot;px&quot;,&quot;size&quot;:&quot;4&quot;,&quot;sizes&quot;:[]},&quot;_transform_perspective_effect&quot;:{&quot;unit&quot;:&quot;px&quot;,&quot;size&quot;:&quot;650&quot;,&quot;sizes&quot;:[]},&quot;_transform_rotateZ_effect_tablet&quot;:{&quot;unit&quot;:&quot;deg&quot;,&quot;size&quot;:&quot;&quot;,&quot;sizes&quot;:[]},&quot;_transform_rotateZ_effect_mobile&quot;:{&quot;unit&quot;:&quot;deg&quot;,&quot;size&quot;:&quot;&quot;,&quot;sizes&quot;:[]},&quot;_transform_rotateX_effect_tablet&quot;:{&quot;unit&quot;:&quot;deg&quot;,&quot;size&quot;:&quot;&quot;,&quot;sizes&quot;:[]},&quot;_transform_rotateX_effect_mobile&quot;:{&quot;unit&quot;:&quot;deg&quot;,&quot;size&quot;:&quot;&quot;,&quot;sizes&quot;:[]},&quot;_transform_rotateY_effect_tablet&quot;:{&quot;unit&quot;:&quot;deg&quot;,&quot;size&quot;:&quot;&quot;,&quot;sizes&quot;:[]},&quot;_transform_rotateY_effect_mobile&quot;:{&quot;unit&quot;:&quot;deg&quot;,&quot;size&quot;:&quot;&quot;,&quot;sizes&quot;:[]},&quot;_transform_perspective_effect_tablet&quot;:{&quot;unit&quot;:&quot;px&quot;,&quot;size&quot;:&quot;&quot;,&quot;sizes&quot;:[]},&quot;_transform_perspective_effect_mobile&quot;:{&quot;unit&quot;:&quot;px&quot;,&quot;size&quot;:&quot;&quot;,&quot;sizes&quot;:[]}}\" data-widget_type=\"image.default\">\n\t\t\t\t<div class=\"elementor-widget-container\">\n\t\t\t\t\t\t\t\t\t\t\t\t\t\t\t<img loading=\"lazy\" decoding=\"async\" width=\"800\" height=\"800\" src=\"https:\/\/www.omni-biotic.com\/hu-hu\/wp-content\/uploads\/sites\/7\/2024\/04\/kornyezet_forrasok.jpg\" class=\"attachment-large size-large wp-image-22157\" alt=\"\" srcset=\"https:\/\/www.omni-biotic.com\/hu-hu\/wp-content\/uploads\/sites\/7\/2024\/04\/kornyezet_forrasok.jpg 1024w, https:\/\/www.omni-biotic.com\/hu-hu\/wp-content\/uploads\/sites\/7\/2024\/04\/kornyezet_forrasok-300x300.jpg 300w, https:\/\/www.omni-biotic.com\/hu-hu\/wp-content\/uploads\/sites\/7\/2024\/04\/kornyezet_forrasok-150x150.jpg 150w, https:\/\/www.omni-biotic.com\/hu-hu\/wp-content\/uploads\/sites\/7\/2024\/04\/kornyezet_forrasok-768x768.jpg 768w\" sizes=\"(max-width: 800px) 100vw, 800px\" title=\"\">\t\t\t\t\t\t\t\t\t\t\t\t\t\t\t<\/div>\n\t\t\t\t<\/div>\n\t\t\t\t<\/div>\n\t\t<div class=\"elementor-element elementor-element-9397a1f e-con-full obcs none e-flex e-con e-child\" data-id=\"9397a1f\" data-element_type=\"container\">\n\t\t\t\t<div class=\"elementor-element elementor-element-c258a2e elementor-widget elementor-widget-text-editor\" data-id=\"c258a2e\" data-element_type=\"widget\" data-widget_type=\"text-editor.default\">\n\t\t\t\t<div class=\"elementor-widget-container\">\n\t\t\t\t\t\t\t\t\t<p>Az egyik legnagyobb glob\u00e1lis kih\u00edv\u00e1s <strong>a term\u00e9szeti er\u0151forr\u00e1sok rendelkez\u00e9sre \u00e1ll\u00edt\u00e1sa<\/strong>. Mott\u00f3nk az, hogy a lehet\u0151 <strong>legk\u00f6rnyezetbar\u00e1tabb<\/strong> \u00e9s legjobban <strong>\u00fajrahasznos\u00edthat\u00f3<\/strong> <strong>anyagokat<\/strong> haszn\u00e1ljunk, term\u00e9kt\u00e1rol\u00f3kt\u00f3l a sz\u00e1ll\u00edt\u00e1si kartondobozokig. Ennek \u00e9rdek\u00e9ben rendszeresen ellen\u0151rizz\u00fck a piacot \u00f6kol\u00f3giai alternat\u00edv\u00e1k ut\u00e1n kutatva, hogy a lehet\u0151 l<strong>egtart\u00f3sabban<\/strong> haszn\u00e1lhassuk fel azokat, mik\u00f6zben fenntartjuk a szigor\u00fa h\u00e1zon bel\u00fcli \u00e9s <strong>az EU-konform min\u0151s\u00e9gi krit\u00e9riumainkat<\/strong>.<\/p>\t\t\t\t\t\t\t\t<\/div>\n\t\t\t\t<\/div>\n\t\t\t\t<\/div>\n\t\t\t\t\t<\/div>\n\t\t\t\t<\/div>\n\t\t\t\t\t<\/div>\n\t\t\t\t<\/div>\n\t\t<div class=\"elementor-element elementor-element-dbe8511 obcs none e-flex e-con-boxed e-con e-child\" data-id=\"dbe8511\" data-element_type=\"container\">\n\t\t\t\t\t<div class=\"e-con-inner\">\n\t\t<div class=\"elementor-element elementor-element-f9cd27c obcs none e-flex e-con-boxed e-con e-child\" data-id=\"f9cd27c\" data-element_type=\"container\">\n\t\t\t\t\t<div class=\"e-con-inner\">\n\t\t\t\t<div class=\"elementor-element elementor-element-ab52df1 elementor-widget elementor-widget-infobox\" data-id=\"ab52df1\" data-element_type=\"widget\" data-widget_type=\"infobox.default\">\n\t\t\t\t<div class=\"elementor-widget-container\">\n\t\t\t\t\t\n<div class=\"li-widgets--infobox blue\">\n\n    <div class=\"li-widgets--infobox__icon\">\n        <i aria-hidden=\"true\" class=\"fas fa-hand-holding-heart\"><\/i>    <\/div>\n    <div class=\"li-widgets--infobox__text\">\n            <\/div>\n    <div class=\"li-widgets--infobox__text-body\">\n        <p>Term\u00e9kdobozaink a teljes<strong> META-CARE\u00ae<\/strong> <strong>term\u00e9kcsal\u00e1dban 100%-ban<\/strong> <strong>\u00fajrahasznos\u00edtott anyagb\u00f3l (rePET) k\u00e9sz\u00fclnek<\/strong>, \u00e9s minden csomagol\u00f3 kartondoboz fenntarthat\u00f3 <strong>FSC\u00ae kever\u00e9kb\u0151l<\/strong> vagy <strong>PEFC tan\u00fas\u00edtv\u00e1nnyal<\/strong> kombin\u00e1lt <strong>FSC\u00ae<\/strong> kever\u00e9kb\u0151l (fenntarthat\u00f3an kl\u00edmabar\u00e1t erd\u0151gazd\u00e1lkod\u00e1sb\u00f3l sz\u00e1rmaz\u00f3 fa alapanyagok).<\/p>    <\/div>\n\n    \n<\/div>\n\t\t\t\t<\/div>\n\t\t\t\t<\/div>\n\t\t\t\t\t<\/div>\n\t\t\t\t<\/div>\n\t\t\t\t\t<\/div>\n\t\t\t\t<\/div>\n\t\t\t\t<div class=\"elementor-element elementor-element-81a407a elementor-widget elementor-widget-text-editor\" data-id=\"81a407a\" data-element_type=\"widget\" data-widget_type=\"text-editor.default\">\n\t\t\t\t<div class=\"elementor-widget-container\">\n\t\t\t\t\t\t\t\t\t<p>Ahol csak lehets\u00e9ges \u00e9s \u00e9sszer\u0171, a csomagjainkban l\u00e9v\u0151 m\u0171anyag p\u00e1rn\u00e1zatot \u00fajrahasznos\u00edtott pap\u00edrra cser\u00e9lt\u00fck. Annak \u00e9rdek\u00e9ben, hogy egyetlen anyag se vesszen k\u00e1rba, a besz\u00e1ll\u00edt\u00f3inkt\u00f3l m\u00e1r megl\u00e9v\u0151 kartondobozokat mi magunk haszn\u00e1ljuk fel \u00fajra term\u00e9keink sz\u00e1ll\u00edt\u00e1s\u00e1hoz.<\/p><p>Ezen t\u00falmen\u0151en minden \u00fczleti tev\u00e9kenys\u00e9g\u00fcnkr\u0151l karbonl\u00e1bnyomot k\u00e9sz\u00edt\u00fcnk, amely a legpontosabb \u00e1tl\u00e1that\u00f3s\u00e1got biztos\u00edtja sz\u00e1munkra arr\u00f3l, hogy az egyes ter\u00fcleteken mekkora a k\u00f6rnyezetre gyakorolt hat\u00e1sunk. Ez pedig lehet\u0151v\u00e9 teszi sz\u00e1munkra a CO2-kibocs\u00e1t\u00e1sunk c\u00e9lzottabb cs\u00f6kkent\u00e9s\u00e9t.<\/p>\t\t\t\t\t\t\t\t<\/div>\n\t\t\t\t<\/div>\n\t\t\t\t<\/div>\n\t\t\t\t\t<\/div>\n\t\t\t\t<\/div>\n\t\t<div class=\"elementor-element elementor-element-c4f36ed obcs green e-flex e-con-boxed e-con e-parent\" data-id=\"c4f36ed\" data-element_type=\"container\">\n\t\t\t\t\t<div class=\"e-con-inner\">\n\t\t\t\t\t<\/div>\n\t\t\t\t<\/div>\n\t\t\t\t<\/div>\n\t\t","protected":false},"excerpt":{"rendered":"<p>K\u00f6rnyezet \u00e9s forr\u00e1sok Fontos sz\u00e1munkra Home Energiahat\u00e9kony \u00e9p\u00fclet Saj\u00e1t villamos energia meg\u00fajul\u00f3 energi\u00e1b\u00f3l Fenntarthat\u00f3 vagy \u00fajrahasznos\u00edtott anyagok haszn\u00e1lata Az Institut AllergoSan sz\u00e9khelye \u00f6nmag\u00e1ban is kiv\u00e1l\u00f3 p\u00e9ld\u00e1ja a fenntarthat\u00f3, energiahat\u00e9kony \u00e9s el\u0151rel\u00e1t\u00f3 \u00e9p\u00edtkez\u00e9snek. M\u00e1r az \u00e9p\u00edt\u00e9si f\u00e1zisban \u00fcgyelt\u00fcnk arra, hogy r\u00f6vid utaz\u00e1si t\u00e1vols\u00e1gra lev\u0151, helyi c\u00e9geket alkalmazzunk. Az eredm\u00e9ny pedig ma m\u00e1r mag\u00e1\u00e9rt besz\u00e9l: a mindennapi [&hellip;]<\/p>\n","protected":false},"author":8,"featured_media":22157,"parent":22265,"menu_order":0,"comment_status":"closed","ping_status":"closed","template":"","meta":{"_acf_changed":false,"inline_featured_image":false,"footnotes":""},"class_list":["post-21980","page","type-page","status-publish","has-post-thumbnail","hentry"],"acf":[],"_links":{"self":[{"href":"https:\/\/www.omni-biotic.com\/hu-hu\/wp-json\/wp\/v2\/pages\/21980","targetHints":{"allow":["GET"]}}],"collection":[{"href":"https:\/\/www.omni-biotic.com\/hu-hu\/wp-json\/wp\/v2\/pages"}],"about":[{"href":"https:\/\/www.omni-biotic.com\/hu-hu\/wp-json\/wp\/v2\/types\/page"}],"author":[{"embeddable":true,"href":"https:\/\/www.omni-biotic.com\/hu-hu\/wp-json\/wp\/v2\/users\/8"}],"replies":[{"embeddable":true,"href":"https:\/\/www.omni-biotic.com\/hu-hu\/wp-json\/wp\/v2\/comments?post=21980"}],"version-history":[{"count":7,"href":"https:\/\/www.omni-biotic.com\/hu-hu\/wp-json\/wp\/v2\/pages\/21980\/revisions"}],"predecessor-version":[{"id":22274,"href":"https:\/\/www.omni-biotic.com\/hu-hu\/wp-json\/wp\/v2\/pages\/21980\/revisions\/22274"}],"up":[{"embeddable":true,"href":"https:\/\/www.omni-biotic.com\/hu-hu\/wp-json\/wp\/v2\/pages\/22265"}],"wp:featuredmedia":[{"embeddable":true,"href":"https:\/\/www.omni-biotic.com\/hu-hu\/wp-json\/wp\/v2\/media\/22157"}],"wp:attachment":[{"href":"https:\/\/www.omni-biotic.com\/hu-hu\/wp-json\/wp\/v2\/media?parent=21980"}],"curies":[{"name":"wp","href":"https:\/\/api.w.org\/{rel}","templated":true}]}}