{"id":21996,"date":"2024-04-24T15:03:59","date_gmt":"2024-04-24T13:03:59","guid":{"rendered":"https:\/\/www.omni-biotic.com\/hu-hu\/?page_id=21996"},"modified":"2024-04-24T15:03:59","modified_gmt":"2024-04-24T13:03:59","slug":"gazdasagi-fenntarthatosag","status":"publish","type":"page","link":"https:\/\/www.omni-biotic.com\/hu-hu\/fenntarthatosag\/gazdasagi-fenntarthatosag\/","title":{"rendered":"Gazdas\u00e1gi fenntarthat\u00f3s\u00e1g"},"content":{"rendered":"\t\t<div data-elementor-type=\"wp-page\" data-elementor-id=\"21996\" class=\"elementor elementor-21996\" data-elementor-post-type=\"page\">\n\t\t\t\t<div class=\"elementor-element elementor-element-40e16c0 e-con-full obcs none e-flex e-con e-parent\" data-id=\"40e16c0\" data-element_type=\"container\" data-settings=\"{&quot;background_background&quot;:&quot;classic&quot;,&quot;shape_divider_bottom&quot;:&quot;waves&quot;}\">\n\t\t\t\t<div class=\"elementor-shape elementor-shape-bottom\" aria-hidden=\"true\" data-negative=\"false\">\n\t\t\t<svg xmlns=\"http:\/\/www.w3.org\/2000\/svg\" viewBox=\"0 0 1000 100\" preserveAspectRatio=\"none\">\n\t<path class=\"elementor-shape-fill\" d=\"M421.9,6.5c22.6-2.5,51.5,0.4,75.5,5.3c23.6,4.9,70.9,23.5,100.5,35.7c75.8,32.2,133.7,44.5,192.6,49.7\n\tc23.6,2.1,48.7,3.5,103.4-2.5c54.7-6,106.2-25.6,106.2-25.6V0H0v30.3c0,0,72,32.6,158.4,30.5c39.2-0.7,92.8-6.7,134-22.4\n\tc21.2-8.1,52.2-18.2,79.7-24.2C399.3,7.9,411.6,7.5,421.9,6.5z\"\/>\n<\/svg>\t\t<\/div>\n\t\t<div class=\"elementor-element elementor-element-804d0ef e-con-full obcs none e-flex e-con e-child\" data-id=\"804d0ef\" data-element_type=\"container\" data-settings=\"{&quot;background_background&quot;:&quot;gradient&quot;}\">\n\t\t\t\t<div class=\"elementor-element elementor-element-c362520 elementor-widget elementor-widget-heading\" data-id=\"c362520\" data-element_type=\"widget\" data-widget_type=\"heading.default\">\n\t\t\t\t<div class=\"elementor-widget-container\">\n\t\t\t\t\t<h1 class=\"elementor-heading-title elementor-size-default\">Gazdas\u00e1gi fenntarthat\u00f3s\u00e1g<\/h1>\t\t\t\t<\/div>\n\t\t\t\t<\/div>\n\t\t\t\t<div class=\"elementor-element elementor-element-318da6e elementor-widget-divider--view-line elementor-widget elementor-widget-divider\" data-id=\"318da6e\" data-element_type=\"widget\" data-widget_type=\"divider.default\">\n\t\t\t\t<div class=\"elementor-widget-container\">\n\t\t\t\t\t\t\t<div class=\"elementor-divider\">\n\t\t\t<span class=\"elementor-divider-separator\">\n\t\t\t\t\t\t<\/span>\n\t\t<\/div>\n\t\t\t\t\t\t<\/div>\n\t\t\t\t<\/div>\n\t\t\t\t<\/div>\n\t\t\t\t<\/div>\n\t\t<div class=\"elementor-element elementor-element-2b2d09f obcs none e-flex e-con-boxed e-con e-parent\" data-id=\"2b2d09f\" data-element_type=\"container\">\n\t\t\t\t\t<div class=\"e-con-inner\">\n\t\t<div class=\"elementor-element elementor-element-b8f844e obcs none e-flex e-con-boxed e-con e-child\" data-id=\"b8f844e\" data-element_type=\"container\">\n\t\t\t\t\t<div class=\"e-con-inner\">\n\t\t<div class=\"elementor-element elementor-element-cc6cd6b e-con-full obcs none e-flex e-con e-child\" data-id=\"cc6cd6b\" data-element_type=\"container\">\n\t\t\t\t<div class=\"elementor-element elementor-element-5c44145 elementor-align-left elementor-widget__width-initial elementor-widget elementor-widget-breadcrumbs\" data-id=\"5c44145\" data-element_type=\"widget\" data-widget_type=\"breadcrumbs.default\">\n\t\t\t\t<div class=\"elementor-widget-container\">\n\t\t\t\t\t<span><span class=\"last\">Home<\/span><\/span>\t\t\t\t<\/div>\n\t\t\t\t<\/div>\n\t\t\t\t<\/div>\n\t\t\t\t\t<\/div>\n\t\t\t\t<\/div>\n\t\t\t\t\t<\/div>\n\t\t\t\t<\/div>\n\t\t<div class=\"elementor-element elementor-element-d6360b2 obcs none e-flex e-con-boxed e-con e-parent\" data-id=\"d6360b2\" data-element_type=\"container\">\n\t\t\t\t\t<div class=\"e-con-inner\">\n\t\t<div class=\"elementor-element elementor-element-df23b02 e-con-full obcs none e-flex e-con e-child\" data-id=\"df23b02\" data-element_type=\"container\" data-settings=\"{&quot;background_background&quot;:&quot;classic&quot;}\">\n\t\t\t\t<div class=\"elementor-element elementor-element-16db063 elementor-widget elementor-widget-image\" data-id=\"16db063\" data-element_type=\"widget\" data-widget_type=\"image.default\">\n\t\t\t\t<div class=\"elementor-widget-container\">\n\t\t\t\t\t\t\t\t\t\t\t\t\t\t\t<img fetchpriority=\"high\" decoding=\"async\" width=\"753\" height=\"1024\" src=\"https:\/\/www.omni-biotic.com\/hu-hu\/wp-content\/uploads\/sites\/7\/2024\/04\/wissenschaft.svg\" class=\"attachment-large size-large wp-image-22072\" alt=\"\" title=\"\">\t\t\t\t\t\t\t\t\t\t\t\t\t\t\t<\/div>\n\t\t\t\t<\/div>\n\t\t\t\t<div class=\"elementor-element elementor-element-0b2a338 elementor-widget elementor-widget-heading\" data-id=\"0b2a338\" data-element_type=\"widget\" data-widget_type=\"heading.default\">\n\t\t\t\t<div class=\"elementor-widget-container\">\n\t\t\t\t\t<div class=\"elementor-heading-title elementor-size-default\">Magas min\u0151s\u00e9gi k\u00f6vetelm\u00e9nyek<\/div>\t\t\t\t<\/div>\n\t\t\t\t<\/div>\n\t\t\t\t<\/div>\n\t\t<div class=\"elementor-element elementor-element-fd20b5c e-con-full obcs none e-flex e-con e-child\" data-id=\"fd20b5c\" data-element_type=\"container\" data-settings=\"{&quot;background_background&quot;:&quot;classic&quot;}\">\n\t\t\t\t<div class=\"elementor-element elementor-element-248a5ba elementor-widget elementor-widget-image\" data-id=\"248a5ba\" data-element_type=\"widget\" data-widget_type=\"image.default\">\n\t\t\t\t<div class=\"elementor-widget-container\">\n\t\t\t\t\t\t\t\t\t\t\t\t\t\t\t<img decoding=\"async\" width=\"800\" height=\"872\" src=\"https:\/\/www.omni-biotic.com\/hu-hu\/wp-content\/uploads\/sites\/7\/2024\/04\/forschung.svg\" class=\"attachment-large size-large wp-image-22073\" alt=\"\" title=\"\">\t\t\t\t\t\t\t\t\t\t\t\t\t\t\t<\/div>\n\t\t\t\t<\/div>\n\t\t\t\t<div class=\"elementor-element elementor-element-0ad7cfa elementor-widget elementor-widget-heading\" data-id=\"0ad7cfa\" data-element_type=\"widget\" data-widget_type=\"heading.default\">\n\t\t\t\t<div class=\"elementor-widget-container\">\n\t\t\t\t\t<div class=\"elementor-heading-title elementor-size-default\">Egy\u00fcttm\u0171k\u00f6d\u00e9s neves int\u00e9zm\u00e9nyekkel<\/div>\t\t\t\t<\/div>\n\t\t\t\t<\/div>\n\t\t\t\t<\/div>\n\t\t<div class=\"elementor-element elementor-element-50869af e-con-full obcs none e-flex e-con e-child\" data-id=\"50869af\" data-element_type=\"container\" data-settings=\"{&quot;background_background&quot;:&quot;classic&quot;}\">\n\t\t\t\t<div class=\"elementor-element elementor-element-5a44660 elementor-widget elementor-widget-image\" data-id=\"5a44660\" data-element_type=\"widget\" data-widget_type=\"image.default\">\n\t\t\t\t<div class=\"elementor-widget-container\">\n\t\t\t\t\t\t\t\t\t\t\t\t\t\t\t<img decoding=\"async\" width=\"800\" height=\"856\" src=\"https:\/\/www.omni-biotic.com\/hu-hu\/wp-content\/uploads\/sites\/7\/2024\/04\/ressourcenverbrauch.svg\" class=\"attachment-large size-large wp-image-22074\" alt=\"\" title=\"\">\t\t\t\t\t\t\t\t\t\t\t\t\t\t\t<\/div>\n\t\t\t\t<\/div>\n\t\t\t\t<div class=\"elementor-element elementor-element-3b23906 elementor-widget elementor-widget-heading\" data-id=\"3b23906\" data-element_type=\"widget\" data-widget_type=\"heading.default\">\n\t\t\t\t<div class=\"elementor-widget-container\">\n\t\t\t\t\t<div class=\"elementor-heading-title elementor-size-default\">Er\u0151forr\u00e1s-felhaszn\u00e1l\u00e1s mikroszk\u00f3p alatt<\/div>\t\t\t\t<\/div>\n\t\t\t\t<\/div>\n\t\t\t\t<\/div>\n\t\t\t\t\t<\/div>\n\t\t\t\t<\/div>\n\t\t<div class=\"elementor-element elementor-element-8fd31f4 obcs green e-flex e-con-boxed e-con e-parent\" data-id=\"8fd31f4\" data-element_type=\"container\">\n\t\t\t\t\t<div class=\"e-con-inner\">\n\t\t<div class=\"elementor-element elementor-element-6a57ede e-con-full obcs none e-flex e-con e-child\" data-id=\"6a57ede\" data-element_type=\"container\">\n\t\t<div class=\"elementor-element elementor-element-ad43c49 obcs none e-flex e-con-boxed e-con e-child\" data-id=\"ad43c49\" data-element_type=\"container\">\n\t\t\t\t\t<div class=\"e-con-inner\">\n\t\t<div class=\"elementor-element elementor-element-2d5c89d obcs none e-flex e-con-boxed e-con e-child\" data-id=\"2d5c89d\" data-element_type=\"container\">\n\t\t\t\t\t<div class=\"e-con-inner\">\n\t\t<div class=\"elementor-element elementor-element-717a4be e-con-full obcs none e-flex e-con e-child\" data-id=\"717a4be\" data-element_type=\"container\">\n\t\t\t\t<div class=\"elementor-element elementor-element-01822eb e-transform elementor-widget elementor-widget-image\" data-id=\"01822eb\" data-element_type=\"widget\" data-settings=\"{&quot;_transform_rotateZ_effect&quot;:{&quot;unit&quot;:&quot;px&quot;,&quot;size&quot;:&quot;0&quot;,&quot;sizes&quot;:[]},&quot;_transform_rotate_3d&quot;:&quot;yes&quot;,&quot;_transform_rotateX_effect&quot;:{&quot;unit&quot;:&quot;px&quot;,&quot;size&quot;:&quot;0&quot;,&quot;sizes&quot;:[]},&quot;_transform_rotateY_effect&quot;:{&quot;unit&quot;:&quot;px&quot;,&quot;size&quot;:&quot;4&quot;,&quot;sizes&quot;:[]},&quot;_transform_perspective_effect&quot;:{&quot;unit&quot;:&quot;px&quot;,&quot;size&quot;:&quot;650&quot;,&quot;sizes&quot;:[]},&quot;_transform_rotateZ_effect_tablet&quot;:{&quot;unit&quot;:&quot;deg&quot;,&quot;size&quot;:&quot;&quot;,&quot;sizes&quot;:[]},&quot;_transform_rotateZ_effect_mobile&quot;:{&quot;unit&quot;:&quot;deg&quot;,&quot;size&quot;:&quot;&quot;,&quot;sizes&quot;:[]},&quot;_transform_rotateX_effect_tablet&quot;:{&quot;unit&quot;:&quot;deg&quot;,&quot;size&quot;:&quot;&quot;,&quot;sizes&quot;:[]},&quot;_transform_rotateX_effect_mobile&quot;:{&quot;unit&quot;:&quot;deg&quot;,&quot;size&quot;:&quot;&quot;,&quot;sizes&quot;:[]},&quot;_transform_rotateY_effect_tablet&quot;:{&quot;unit&quot;:&quot;deg&quot;,&quot;size&quot;:&quot;&quot;,&quot;sizes&quot;:[]},&quot;_transform_rotateY_effect_mobile&quot;:{&quot;unit&quot;:&quot;deg&quot;,&quot;size&quot;:&quot;&quot;,&quot;sizes&quot;:[]},&quot;_transform_perspective_effect_tablet&quot;:{&quot;unit&quot;:&quot;px&quot;,&quot;size&quot;:&quot;&quot;,&quot;sizes&quot;:[]},&quot;_transform_perspective_effect_mobile&quot;:{&quot;unit&quot;:&quot;px&quot;,&quot;size&quot;:&quot;&quot;,&quot;sizes&quot;:[]}}\" data-widget_type=\"image.default\">\n\t\t\t\t<div class=\"elementor-widget-container\">\n\t\t\t\t\t\t\t\t\t\t\t\t\t\t\t<img loading=\"lazy\" decoding=\"async\" width=\"800\" height=\"800\" src=\"https:\/\/www.omni-biotic.com\/hu-hu\/wp-content\/uploads\/sites\/7\/2024\/04\/wirtschaftliche-nachhaltigkeit.jpg\" class=\"attachment-large size-large wp-image-21962\" alt=\"\" srcset=\"https:\/\/www.omni-biotic.com\/hu-hu\/wp-content\/uploads\/sites\/7\/2024\/04\/wirtschaftliche-nachhaltigkeit.jpg 1024w, https:\/\/www.omni-biotic.com\/hu-hu\/wp-content\/uploads\/sites\/7\/2024\/04\/wirtschaftliche-nachhaltigkeit-300x300.jpg 300w, https:\/\/www.omni-biotic.com\/hu-hu\/wp-content\/uploads\/sites\/7\/2024\/04\/wirtschaftliche-nachhaltigkeit-150x150.jpg 150w, https:\/\/www.omni-biotic.com\/hu-hu\/wp-content\/uploads\/sites\/7\/2024\/04\/wirtschaftliche-nachhaltigkeit-768x768.jpg 768w\" sizes=\"(max-width: 800px) 100vw, 800px\" title=\"\">\t\t\t\t\t\t\t\t\t\t\t\t\t\t\t<\/div>\n\t\t\t\t<\/div>\n\t\t\t\t<\/div>\n\t\t<div class=\"elementor-element elementor-element-a09755a e-con-full obcs none e-flex e-con e-child\" data-id=\"a09755a\" data-element_type=\"container\">\n\t\t\t\t<div class=\"elementor-element elementor-element-00ec254 elementor-widget elementor-widget-heading\" data-id=\"00ec254\" data-element_type=\"widget\" data-widget_type=\"heading.default\">\n\t\t\t\t<div class=\"elementor-widget-container\">\n\t\t\t\t\t<h2 class=\"elementor-heading-title elementor-size-default\">Gazdas\u00e1gi fenntarthat\u00f3s\u00e1g<\/h2>\t\t\t\t<\/div>\n\t\t\t\t<\/div>\n\t\t\t\t<div class=\"elementor-element elementor-element-740995a elementor-widget elementor-widget-text-editor\" data-id=\"740995a\" data-element_type=\"widget\" data-widget_type=\"text-editor.default\">\n\t\t\t\t<div class=\"elementor-widget-container\">\n\t\t\t\t\t\t\t\t\t<p>Az <strong>Institut AllergoSan<\/strong> c\u00e9lja, hogy <strong>gazdas\u00e1gilag min\u00e9l fenntarthat\u00f3bb<\/strong> m\u00f3don m\u0171k\u00f6dj\u00f6n, ugyanakkor <strong>biztons\u00e1gos \u00e9s vonz\u00f3 munkahelyet teremtsen<\/strong> alkalmazottai sz\u00e1m\u00e1ra. <strong>A kiv\u00e1l\u00f3 min\u0151s\u00e9g<\/strong> \u00e9s a sikeres kutat\u00f3munka hossz\u00fa t\u00e1von \u00e9s gener\u00e1ci\u00f3kon \u00e1t\u00edvel\u0151en biztos\u00edtja \u00fczleti modell\u00fcnket. Tudom\u00e1nyos munk\u00e1nk r\u00e9v\u00e9n nemcsak a 21. sz\u00e1zad gy\u00f3gy\u00e1szat\u00e1nak alak\u00edt\u00e1s\u00e1ban j\u00e1tszunk meghat\u00e1roz\u00f3 szerepet, hanem v\u00e1s\u00e1rl\u00f3ink, valamint orvosok \u00e9s gy\u00f3gyszer\u00e9szek is <strong>nagyfok\u00fa bizalmat<\/strong> szavaznak term\u00e9keinknek.<\/p><p>Nem v\u00e9letlen, hogy az Institut AllergoSan a mikrobiom-kutat\u00e1s vil\u00e1gszerte elismert k\u00f6zpontja, \u00e9s az <strong>OMNi-BiOTiC\u00ae<\/strong> jelenleg a vil\u00e1g harmadik legkiv\u00e1l\u00f3bb probiotikum m\u00e1rk\u00e1ja. Folyamatosan egy\u00fcttm\u0171k\u00f6d\u00fcnk nemzetk\u00f6zi szak\u00e9rt\u0151kkel \u00e9s neves kutat\u00f3int\u00e9zetekkel vil\u00e1gszerte. Hogy csak n\u00e9h\u00e1nyat eml\u00edts\u00fcnk meg: Charit\u00e9 Berlin, a Z\u00fcrichi Egyetemi K\u00f3rh\u00e1z, au UKE Hamburg, a Rij\u00e1di Egyetemi K\u00f3rh\u00e1z \u00e9s a Kaliforniai Egyetem (San Diego).<\/p>\t\t\t\t\t\t\t\t<\/div>\n\t\t\t\t<\/div>\n\t\t\t\t<\/div>\n\t\t\t\t\t<\/div>\n\t\t\t\t<\/div>\n\t\t\t\t\t<\/div>\n\t\t\t\t<\/div>\n\t\t\t\t<\/div>\n\t\t\t\t\t<\/div>\n\t\t\t\t<\/div>\n\t\t<div class=\"elementor-element elementor-element-4b56c84 obcs none e-flex e-con-boxed e-con e-parent\" data-id=\"4b56c84\" data-element_type=\"container\">\n\t\t\t\t\t<div class=\"e-con-inner\">\n\t\t\t\t<div class=\"elementor-element elementor-element-950b9f0 elementor-widget elementor-widget-infobox\" data-id=\"950b9f0\" data-element_type=\"widget\" data-widget_type=\"infobox.default\">\n\t\t\t\t<div class=\"elementor-widget-container\">\n\t\t\t\t\t\n<div class=\"li-widgets--infobox blue\">\n\n    <div class=\"li-widgets--infobox__icon\">\n        <i aria-hidden=\"true\" class=\"fas fa-hand-holding-heart\"><\/i>    <\/div>\n    <div class=\"li-widgets--infobox__text\">\n            <\/div>\n    <div class=\"li-widgets--infobox__text-body\">\n        <p>Mivel m\u00e1r ma a holnapra gondolunk, azt a <strong>c\u00e9lt<\/strong> t\u0171zt\u00fck ki magunk el\u00e9, hogy <strong>az energia- \u00e9s er\u0151forr\u00e1s-fogyaszt\u00e1sunk<\/strong> ne n\u00f6vekedjen olyan \u00fctemben, mint maga a <strong>v\u00e1llalat<\/strong>. Ez\u00e9rt l\u00e9trehozzuk \u00fczleti tev\u00e9kenys\u00e9geink <strong>\u00f6kol\u00f3giai-l\u00e1bnyom\u00e1t<\/strong> (sz\u00e9n-dioxid), amely mag\u00e1ban foglalja <strong>az \u00e1tl\u00e1that\u00f3 er\u0151forr\u00e1s-gazd\u00e1lkod\u00e1st<\/strong>. Ez azt is lehet\u0151v\u00e9 teszi sz\u00e1munkra, hogy r\u00e9szletesen megvizsg\u00e1ljuk, mely ter\u00fcletekre kell nagyobb figyelmet ford\u00edtanunk.<\/p>    <\/div>\n\n    \n<\/div>\n\t\t\t\t<\/div>\n\t\t\t\t<\/div>\n\t\t\t\t\t<\/div>\n\t\t\t\t<\/div>\n\t\t\t\t<\/div>\n\t\t","protected":false},"excerpt":{"rendered":"<p>Gazdas\u00e1gi fenntarthat\u00f3s\u00e1g Home Magas min\u0151s\u00e9gi k\u00f6vetelm\u00e9nyek Egy\u00fcttm\u0171k\u00f6d\u00e9s neves int\u00e9zm\u00e9nyekkel Er\u0151forr\u00e1s-felhaszn\u00e1l\u00e1s mikroszk\u00f3p alatt Gazdas\u00e1gi fenntarthat\u00f3s\u00e1g Az Institut AllergoSan c\u00e9lja, hogy gazdas\u00e1gilag min\u00e9l fenntarthat\u00f3bb m\u00f3don m\u0171k\u00f6dj\u00f6n, ugyanakkor biztons\u00e1gos \u00e9s vonz\u00f3 munkahelyet teremtsen alkalmazottai sz\u00e1m\u00e1ra. A kiv\u00e1l\u00f3 min\u0151s\u00e9g \u00e9s a sikeres kutat\u00f3munka hossz\u00fa t\u00e1von \u00e9s gener\u00e1ci\u00f3kon \u00e1t\u00edvel\u0151en biztos\u00edtja \u00fczleti modell\u00fcnket. Tudom\u00e1nyos munk\u00e1nk r\u00e9v\u00e9n nemcsak a 21. sz\u00e1zad gy\u00f3gy\u00e1szat\u00e1nak [&hellip;]<\/p>\n","protected":false},"author":8,"featured_media":22159,"parent":22265,"menu_order":0,"comment_status":"closed","ping_status":"closed","template":"","meta":{"_acf_changed":false,"inline_featured_image":false,"footnotes":""},"class_list":["post-21996","page","type-page","status-publish","has-post-thumbnail","hentry"],"acf":[],"_links":{"self":[{"href":"https:\/\/www.omni-biotic.com\/hu-hu\/wp-json\/wp\/v2\/pages\/21996","targetHints":{"allow":["GET"]}}],"collection":[{"href":"https:\/\/www.omni-biotic.com\/hu-hu\/wp-json\/wp\/v2\/pages"}],"about":[{"href":"https:\/\/www.omni-biotic.com\/hu-hu\/wp-json\/wp\/v2\/types\/page"}],"author":[{"embeddable":true,"href":"https:\/\/www.omni-biotic.com\/hu-hu\/wp-json\/wp\/v2\/users\/8"}],"replies":[{"embeddable":true,"href":"https:\/\/www.omni-biotic.com\/hu-hu\/wp-json\/wp\/v2\/comments?post=21996"}],"version-history":[{"count":7,"href":"https:\/\/www.omni-biotic.com\/hu-hu\/wp-json\/wp\/v2\/pages\/21996\/revisions"}],"predecessor-version":[{"id":22168,"href":"https:\/\/www.omni-biotic.com\/hu-hu\/wp-json\/wp\/v2\/pages\/21996\/revisions\/22168"}],"up":[{"embeddable":true,"href":"https:\/\/www.omni-biotic.com\/hu-hu\/wp-json\/wp\/v2\/pages\/22265"}],"wp:featuredmedia":[{"embeddable":true,"href":"https:\/\/www.omni-biotic.com\/hu-hu\/wp-json\/wp\/v2\/media\/22159"}],"wp:attachment":[{"href":"https:\/\/www.omni-biotic.com\/hu-hu\/wp-json\/wp\/v2\/media?parent=21996"}],"curies":[{"name":"wp","href":"https:\/\/api.w.org\/{rel}","templated":true}]}}