{"id":22265,"date":"2024-04-24T15:01:28","date_gmt":"2024-04-24T13:01:28","guid":{"rendered":"https:\/\/www.omni-biotic.com\/hu-hu\/?page_id=22265"},"modified":"2024-04-24T15:05:08","modified_gmt":"2024-04-24T13:05:08","slug":"fenntarthatosag","status":"publish","type":"page","link":"https:\/\/www.omni-biotic.com\/hu-hu\/fenntarthatosag\/","title":{"rendered":"Fenntarthat\u00f3s\u00e1g"},"content":{"rendered":"\t\t<div data-elementor-type=\"wp-page\" data-elementor-id=\"22265\" class=\"elementor elementor-22265\" data-elementor-post-type=\"page\">\n\t\t\t\t<div class=\"elementor-element elementor-element-6c4c362 e-con-full obcs none e-flex e-con e-parent\" data-id=\"6c4c362\" data-element_type=\"container\" data-settings=\"{&quot;background_background&quot;:&quot;classic&quot;,&quot;shape_divider_bottom&quot;:&quot;waves&quot;}\">\n\t\t\t\t<div class=\"elementor-shape elementor-shape-bottom\" aria-hidden=\"true\" data-negative=\"false\">\n\t\t\t<svg xmlns=\"http:\/\/www.w3.org\/2000\/svg\" viewBox=\"0 0 1000 100\" preserveAspectRatio=\"none\">\n\t<path class=\"elementor-shape-fill\" d=\"M421.9,6.5c22.6-2.5,51.5,0.4,75.5,5.3c23.6,4.9,70.9,23.5,100.5,35.7c75.8,32.2,133.7,44.5,192.6,49.7\n\tc23.6,2.1,48.7,3.5,103.4-2.5c54.7-6,106.2-25.6,106.2-25.6V0H0v30.3c0,0,72,32.6,158.4,30.5c39.2-0.7,92.8-6.7,134-22.4\n\tc21.2-8.1,52.2-18.2,79.7-24.2C399.3,7.9,411.6,7.5,421.9,6.5z\"\/>\n<\/svg>\t\t<\/div>\n\t\t<div class=\"elementor-element elementor-element-ecfef75 e-con-full obcs none e-flex e-con e-child\" data-id=\"ecfef75\" data-element_type=\"container\" data-settings=\"{&quot;background_background&quot;:&quot;gradient&quot;}\">\n\t\t\t\t<div class=\"elementor-element elementor-element-cfc8ba9 elementor-widget elementor-widget-heading\" data-id=\"cfc8ba9\" data-element_type=\"widget\" data-widget_type=\"heading.default\">\n\t\t\t\t<div class=\"elementor-widget-container\">\n\t\t\t\t\t<h1 class=\"elementor-heading-title elementor-size-default\">Fenntarthat\u00f3s\u00e1g<\/h1>\t\t\t\t<\/div>\n\t\t\t\t<\/div>\n\t\t\t\t<div class=\"elementor-element elementor-element-90a9736 elementor-widget-divider--view-line elementor-widget elementor-widget-divider\" data-id=\"90a9736\" data-element_type=\"widget\" data-widget_type=\"divider.default\">\n\t\t\t\t<div class=\"elementor-widget-container\">\n\t\t\t\t\t\t\t<div class=\"elementor-divider\">\n\t\t\t<span class=\"elementor-divider-separator\">\n\t\t\t\t\t\t<\/span>\n\t\t<\/div>\n\t\t\t\t\t\t<\/div>\n\t\t\t\t<\/div>\n\t\t\t\t<div class=\"elementor-element elementor-element-be6847c elementor-widget elementor-widget-heading\" data-id=\"be6847c\" data-element_type=\"widget\" data-widget_type=\"heading.default\">\n\t\t\t\t<div class=\"elementor-widget-container\">\n\t\t\t\t\t<h3 class=\"elementor-heading-title elementor-size-default\">az Institut AllergoSan kiemelt fontoss\u00e1g\u00fa t\u00e9mak\u00f6re<\/h3>\t\t\t\t<\/div>\n\t\t\t\t<\/div>\n\t\t\t\t<\/div>\n\t\t\t\t<\/div>\n\t\t<div class=\"elementor-element elementor-element-b274c57 obcs none e-flex e-con-boxed e-con e-parent\" data-id=\"b274c57\" data-element_type=\"container\">\n\t\t\t\t\t<div class=\"e-con-inner\">\n\t\t<div class=\"elementor-element elementor-element-413eec8 obcs none e-flex e-con-boxed e-con e-child\" data-id=\"413eec8\" data-element_type=\"container\">\n\t\t\t\t\t<div class=\"e-con-inner\">\n\t\t<div class=\"elementor-element elementor-element-c25df26 e-con-full obcs none e-flex e-con e-child\" data-id=\"c25df26\" data-element_type=\"container\">\n\t\t\t\t<div class=\"elementor-element elementor-element-59e1edb elementor-align-left elementor-widget__width-initial elementor-widget elementor-widget-breadcrumbs\" data-id=\"59e1edb\" data-element_type=\"widget\" data-widget_type=\"breadcrumbs.default\">\n\t\t\t\t<div class=\"elementor-widget-container\">\n\t\t\t\t\t<span><span class=\"last\">Home<\/span><\/span>\t\t\t\t<\/div>\n\t\t\t\t<\/div>\n\t\t\t\t<\/div>\n\t\t\t\t\t<\/div>\n\t\t\t\t<\/div>\n\t\t\t\t\t<\/div>\n\t\t\t\t<\/div>\n\t\t<div class=\"elementor-element elementor-element-3ee20b7 obcs green e-flex e-con-boxed e-con e-parent\" data-id=\"3ee20b7\" data-element_type=\"container\">\n\t\t\t\t\t<div class=\"e-con-inner\">\n\t\t<div class=\"elementor-element elementor-element-bf6ed8b e-con-full obcs none e-flex e-con e-child\" data-id=\"bf6ed8b\" data-element_type=\"container\">\n\t\t\t\t<div class=\"elementor-element elementor-element-523c87a elementor-widget elementor-widget-text-editor\" data-id=\"523c87a\" data-element_type=\"widget\" data-widget_type=\"text-editor.default\">\n\t\t\t\t<div class=\"elementor-widget-container\">\n\t\t\t\t\t\t\t\t\t<p>Az <strong>Institut AllergoSan<\/strong> a <strong><a href=\"https:\/\/www.omni-biotic.com\/hu-hu\/rolunk\/institut-allergosan\/kompetenciakozpont\/\">mikrobiom-kutat\u00e1s k\u00f6zpontjak\u00e9nt<\/a><\/strong> olyan tudom\u00e1nyos \u00faj\u00edt\u00e1sok kidolgoz\u00e1s\u00e1t \u00e9s fejleszt\u00e9s\u00e9t t\u0171zte ki c\u00e9lul, amelyek elk\u00f6telezetten szolg\u00e1lj\u00e1k az ember \u00e9s a term\u00e9szet \u00e1tfog\u00f3 rendszer\u00e9t. Ez azt jelenti, hogy kiz\u00e1r\u00f3lag a term\u00e9szet \u00e1ltal rendelkez\u00e9s\u00fcnkre bocs\u00e1tott anyagokkal dolgozunk. Ez\u00e9rt elk\u00f6telezettek vagyunk munk\u00e1nk ezen alapj\u00e1nak v\u00e9delme \u00e9s meg\u0151rz\u00e9se mellett. A fenntarthat\u00f3s\u00e1got m\u00e1r \u00e9vek \u00f3ta lelkesed\u00e9ssel \u00e9lj\u00fck meg, \u00e9s elk\u00f6telezetts\u00e9g\u00fcnk t\u00f6retlen.<\/p><p>Az <strong>er\u0151forr\u00e1s-k\u00edm\u00e9l\u0151 csomagol\u00e1st\u00f3l<\/strong> a <strong>kl\u00edmabar\u00e1t munk\u00e1ba j\u00e1r\u00e1sig<\/strong>: tev\u00e9kenys\u00e9geink hat\u00e1s\u00e1t elemezz\u00fck, int\u00e9zked\u00e9seket dolgozunk ki, \u00e9s folyamatosan az\u00e9rt k\u00fczd\u00fcnk, hogy <strong>m\u00e9g jobb megold\u00e1sokat<\/strong> tal\u00e1ljunk a k\u00f6rnyezet \u00e9s a t\u00e1rsadalom sz\u00e1m\u00e1ra. <strong>K\u00f6z\u00f6sen fontos szerepet t\u00f6lthet\u00fcnk be!<\/strong><\/p>\t\t\t\t\t\t\t\t<\/div>\n\t\t\t\t<\/div>\n\t\t\t\t<\/div>\n\t\t\t\t\t<\/div>\n\t\t\t\t<\/div>\n\t\t<div class=\"elementor-element elementor-element-00dde2e obcs none e-flex e-con-boxed e-con e-parent\" data-id=\"00dde2e\" data-element_type=\"container\">\n\t\t\t\t\t<div class=\"e-con-inner\">\n\t\t\t\t<div class=\"elementor-element elementor-element-5c7c60f elementor-widget elementor-widget-infobox\" data-id=\"5c7c60f\" data-element_type=\"widget\" data-widget_type=\"infobox.default\">\n\t\t\t\t<div class=\"elementor-widget-container\">\n\t\t\t\t\t\n<div class=\"li-widgets--infobox blue\">\n\n    <div class=\"li-widgets--infobox__icon\">\n        <i aria-hidden=\"true\" class=\"fas fa-hand-holding-heart\"><\/i>    <\/div>\n    <div class=\"li-widgets--infobox__text\">\n            <\/div>\n    <div class=\"li-widgets--infobox__text-body\">\n        <p><strong>Az Institut AllergoSan meggy\u0151z\u0151d\u00e9se:<\/strong><\/p><p><strong>Bolyg\u00f3nk fenntarthat\u00f3 fejl\u0151d\u00e9se<\/strong> \u00e9s egy olyan vil\u00e1g meg\u0151rz\u00e9se, amelyben \u00e9rdemes egym\u00e1s k\u00f6lcs\u00f6n\u00f6s tisztelet\u00e9vel \u00e9s tisztess\u00e9ges b\u00e1n\u00e1sm\u00f3ddal \u00e9lni, csak akkor \u00e9rhet\u0151 el, ha<strong> t\u00f6bb ter\u00fcleten is fontos l\u00e9p\u00e9seket tesz\u00fcnk<\/strong>. Ez\u00e9rt dolgoztunk ki egy <strong>fenntarthat\u00f3s\u00e1gi strat\u00e9gi\u00e1t<\/strong>, amelyben proakt\u00edvan int\u00e9zked\u00e9seket tesz\u00fcnk:\u00a0<\/p><p><strong>k\u00f6rnyezetv\u00e9delmi, gazdas\u00e1gi \u00e9s t\u00e1rsadalmi ter\u00fcleteken.<\/strong><\/p>    <\/div>\n\n    \n<\/div>\n\t\t\t\t<\/div>\n\t\t\t\t<\/div>\n\t\t\t\t\t<\/div>\n\t\t\t\t<\/div>\n\t\t<div class=\"elementor-element elementor-element-64dcbc7 obcs green e-flex e-con-boxed e-con e-parent\" data-id=\"64dcbc7\" data-element_type=\"container\">\n\t\t\t\t\t<div class=\"e-con-inner\">\n\t\t<div class=\"elementor-element elementor-element-ab194b9 e-con-full obcs none e-flex e-con e-child\" data-id=\"ab194b9\" data-element_type=\"container\">\n\t\t\t\t<div class=\"elementor-element elementor-element-2ec8c7c elementor-widget elementor-widget-heading\" data-id=\"2ec8c7c\" data-element_type=\"widget\" data-widget_type=\"heading.default\">\n\t\t\t\t<div class=\"elementor-widget-container\">\n\t\t\t\t\t<span class=\"elementor-heading-title elementor-size-default\">A fenntarthat\u00f3s\u00e1g h\u00e1rom alappill\u00e9r\u00e9re \u00f6sszpontos\u00edtunk!<\/span>\t\t\t\t<\/div>\n\t\t\t\t<\/div>\n\t\t\t\t<\/div>\n\t\t\t\t\t<\/div>\n\t\t\t\t<\/div>\n\t\t<div class=\"elementor-element elementor-element-2b28b83 obcs green e-flex e-con-boxed e-con e-parent\" data-id=\"2b28b83\" data-element_type=\"container\">\n\t\t\t\t\t<div class=\"e-con-inner\">\n\t\t<div class=\"elementor-element elementor-element-bfaaa91 obcs green e-con-full e-flex e-con e-child\" data-id=\"bfaaa91\" data-element_type=\"container\">\n\t\t\t\t<div class=\"elementor-element elementor-element-3494b14 e-transform elementor-widget elementor-widget-image\" data-id=\"3494b14\" data-element_type=\"widget\" data-settings=\"{&quot;_transform_translateY_effect_hover&quot;:{&quot;unit&quot;:&quot;px&quot;,&quot;size&quot;:&quot;-20&quot;,&quot;sizes&quot;:[]},&quot;_transform_translateX_effect_hover&quot;:{&quot;unit&quot;:&quot;px&quot;,&quot;size&quot;:&quot;&quot;,&quot;sizes&quot;:[]},&quot;_transform_translateX_effect_hover_tablet&quot;:{&quot;unit&quot;:&quot;px&quot;,&quot;size&quot;:&quot;&quot;,&quot;sizes&quot;:[]},&quot;_transform_translateX_effect_hover_mobile&quot;:{&quot;unit&quot;:&quot;px&quot;,&quot;size&quot;:&quot;&quot;,&quot;sizes&quot;:[]},&quot;_transform_translateY_effect_hover_tablet&quot;:{&quot;unit&quot;:&quot;px&quot;,&quot;size&quot;:&quot;&quot;,&quot;sizes&quot;:[]},&quot;_transform_translateY_effect_hover_mobile&quot;:{&quot;unit&quot;:&quot;px&quot;,&quot;size&quot;:&quot;&quot;,&quot;sizes&quot;:[]}}\" data-widget_type=\"image.default\">\n\t\t\t\t<div class=\"elementor-widget-container\">\n\t\t\t\t\t\t\t\t\t\t\t\t\t\t\t\t<a href=\"https:\/\/www.omni-biotic.com\/hu-hu\/fenntarthatosag\/munkatarsaink-tarsadalom\/\">\n\t\t\t\t\t\t\t<img fetchpriority=\"high\" decoding=\"async\" width=\"800\" height=\"800\" src=\"https:\/\/www.omni-biotic.com\/hu-hu\/wp-content\/uploads\/sites\/7\/2024\/04\/mitarbeiter-gesellschaft.jpg\" class=\"attachment-large size-large wp-image-21961\" alt=\"\" srcset=\"https:\/\/www.omni-biotic.com\/hu-hu\/wp-content\/uploads\/sites\/7\/2024\/04\/mitarbeiter-gesellschaft.jpg 1024w, https:\/\/www.omni-biotic.com\/hu-hu\/wp-content\/uploads\/sites\/7\/2024\/04\/mitarbeiter-gesellschaft-300x300.jpg 300w, https:\/\/www.omni-biotic.com\/hu-hu\/wp-content\/uploads\/sites\/7\/2024\/04\/mitarbeiter-gesellschaft-150x150.jpg 150w, https:\/\/www.omni-biotic.com\/hu-hu\/wp-content\/uploads\/sites\/7\/2024\/04\/mitarbeiter-gesellschaft-768x768.jpg 768w\" sizes=\"(max-width: 800px) 100vw, 800px\" title=\"\">\t\t\t\t\t\t\t\t<\/a>\n\t\t\t\t\t\t\t\t\t\t\t\t\t\t\t<\/div>\n\t\t\t\t<\/div>\n\t\t\t\t<div class=\"elementor-element elementor-element-db0548a elementor-widget elementor-widget-heading\" data-id=\"db0548a\" data-element_type=\"widget\" data-widget_type=\"heading.default\">\n\t\t\t\t<div class=\"elementor-widget-container\">\n\t\t\t\t\t<h3 class=\"elementor-heading-title elementor-size-default\"><a href=\"https:\/\/www.omni-biotic.com\/hu-hu\/fenntarthatosag\/munkatarsaink-tarsadalom\/\">Munkat\u00e1rsaink \u00e9s a t\u00e1rsadalom<\/a><\/h3>\t\t\t\t<\/div>\n\t\t\t\t<\/div>\n\t\t\t\t<div class=\"elementor-element elementor-element-16b99ff elementor-widget elementor-widget-text-editor\" data-id=\"16b99ff\" data-element_type=\"widget\" data-widget_type=\"text-editor.default\">\n\t\t\t\t<div class=\"elementor-widget-container\">\n\t\t\t\t\t\t\t\t\t<p style=\"text-align: center\">Felel\u0151ss\u00e9ggel tartozunk mindazok ir\u00e1nt, akik nek\u00fcnk \u00e9s vel\u00fcnk dolgoznak.<\/p>\t\t\t\t\t\t\t\t<\/div>\n\t\t\t\t<\/div>\n\t\t\t\t<\/div>\n\t\t<div class=\"elementor-element elementor-element-8bc0a48 obcs green e-con-full e-flex e-con e-child\" data-id=\"8bc0a48\" data-element_type=\"container\">\n\t\t\t\t<div class=\"elementor-element elementor-element-4d0f1da e-transform elementor-widget elementor-widget-image\" data-id=\"4d0f1da\" data-element_type=\"widget\" data-settings=\"{&quot;_transform_translateY_effect_hover&quot;:{&quot;unit&quot;:&quot;px&quot;,&quot;size&quot;:&quot;-20&quot;,&quot;sizes&quot;:[]},&quot;_transform_translateX_effect_hover&quot;:{&quot;unit&quot;:&quot;px&quot;,&quot;size&quot;:&quot;&quot;,&quot;sizes&quot;:[]},&quot;_transform_translateX_effect_hover_tablet&quot;:{&quot;unit&quot;:&quot;px&quot;,&quot;size&quot;:&quot;&quot;,&quot;sizes&quot;:[]},&quot;_transform_translateX_effect_hover_mobile&quot;:{&quot;unit&quot;:&quot;px&quot;,&quot;size&quot;:&quot;&quot;,&quot;sizes&quot;:[]},&quot;_transform_translateY_effect_hover_tablet&quot;:{&quot;unit&quot;:&quot;px&quot;,&quot;size&quot;:&quot;&quot;,&quot;sizes&quot;:[]},&quot;_transform_translateY_effect_hover_mobile&quot;:{&quot;unit&quot;:&quot;px&quot;,&quot;size&quot;:&quot;&quot;,&quot;sizes&quot;:[]}}\" data-widget_type=\"image.default\">\n\t\t\t\t<div class=\"elementor-widget-container\">\n\t\t\t\t\t\t\t\t\t\t\t\t\t\t\t\t<a href=\"https:\/\/www.omni-biotic.com\/hu-hu\/fenntarthatosag\/gazdasagi-fenntarthatosag\/\">\n\t\t\t\t\t\t\t<img decoding=\"async\" width=\"800\" height=\"800\" src=\"https:\/\/www.omni-biotic.com\/hu-hu\/wp-content\/uploads\/sites\/7\/2024\/04\/wirtschaftliche-nachhaltigkeit.jpg\" class=\"attachment-large size-large wp-image-21962\" alt=\"\" srcset=\"https:\/\/www.omni-biotic.com\/hu-hu\/wp-content\/uploads\/sites\/7\/2024\/04\/wirtschaftliche-nachhaltigkeit.jpg 1024w, https:\/\/www.omni-biotic.com\/hu-hu\/wp-content\/uploads\/sites\/7\/2024\/04\/wirtschaftliche-nachhaltigkeit-300x300.jpg 300w, https:\/\/www.omni-biotic.com\/hu-hu\/wp-content\/uploads\/sites\/7\/2024\/04\/wirtschaftliche-nachhaltigkeit-150x150.jpg 150w, https:\/\/www.omni-biotic.com\/hu-hu\/wp-content\/uploads\/sites\/7\/2024\/04\/wirtschaftliche-nachhaltigkeit-768x768.jpg 768w\" sizes=\"(max-width: 800px) 100vw, 800px\" title=\"\">\t\t\t\t\t\t\t\t<\/a>\n\t\t\t\t\t\t\t\t\t\t\t\t\t\t\t<\/div>\n\t\t\t\t<\/div>\n\t\t\t\t<div class=\"elementor-element elementor-element-854d528 elementor-widget elementor-widget-heading\" data-id=\"854d528\" data-element_type=\"widget\" data-widget_type=\"heading.default\">\n\t\t\t\t<div class=\"elementor-widget-container\">\n\t\t\t\t\t<h3 class=\"elementor-heading-title elementor-size-default\"><a href=\"https:\/\/www.omni-biotic.com\/hu-hu\/fenntarthatosag\/gazdasagi-fenntarthatosag\/\">Gazdas\u00e1gi fenntarthat\u00f3s\u00e1g<\/a><\/h3>\t\t\t\t<\/div>\n\t\t\t\t<\/div>\n\t\t\t\t<div class=\"elementor-element elementor-element-c9dda80 elementor-widget elementor-widget-text-editor\" data-id=\"c9dda80\" data-element_type=\"widget\" data-widget_type=\"text-editor.default\">\n\t\t\t\t<div class=\"elementor-widget-container\">\n\t\t\t\t\t\t\t\t\t<p style=\"text-align: center\">V\u00e1llalkoz\u00f3i tev\u00e9kenys\u00e9g\u00fcnk c\u00e9lja az is, hogy a j\u00f6v\u0151 nemzed\u00e9kek jav\u00e1t szolg\u00e1ljuk.<\/p>\t\t\t\t\t\t\t\t<\/div>\n\t\t\t\t<\/div>\n\t\t\t\t<\/div>\n\t\t<div class=\"elementor-element elementor-element-8a455d8 obcs green e-con-full e-flex e-con e-child\" data-id=\"8a455d8\" data-element_type=\"container\">\n\t\t\t\t<div class=\"elementor-element elementor-element-8d15a59 e-transform elementor-widget elementor-widget-image\" data-id=\"8d15a59\" data-element_type=\"widget\" data-settings=\"{&quot;_transform_translateY_effect_hover&quot;:{&quot;unit&quot;:&quot;px&quot;,&quot;size&quot;:&quot;-20&quot;,&quot;sizes&quot;:[]},&quot;_transform_translateX_effect_hover&quot;:{&quot;unit&quot;:&quot;px&quot;,&quot;size&quot;:&quot;&quot;,&quot;sizes&quot;:[]},&quot;_transform_translateX_effect_hover_tablet&quot;:{&quot;unit&quot;:&quot;px&quot;,&quot;size&quot;:&quot;&quot;,&quot;sizes&quot;:[]},&quot;_transform_translateX_effect_hover_mobile&quot;:{&quot;unit&quot;:&quot;px&quot;,&quot;size&quot;:&quot;&quot;,&quot;sizes&quot;:[]},&quot;_transform_translateY_effect_hover_tablet&quot;:{&quot;unit&quot;:&quot;px&quot;,&quot;size&quot;:&quot;&quot;,&quot;sizes&quot;:[]},&quot;_transform_translateY_effect_hover_mobile&quot;:{&quot;unit&quot;:&quot;px&quot;,&quot;size&quot;:&quot;&quot;,&quot;sizes&quot;:[]}}\" data-widget_type=\"image.default\">\n\t\t\t\t<div class=\"elementor-widget-container\">\n\t\t\t\t\t\t\t\t\t\t\t\t\t\t\t\t<a href=\"https:\/\/www.omni-biotic.com\/hu-hu\/fenntarthatosag\/kornyezet-es-forrasok\/\">\n\t\t\t\t\t\t\t<img decoding=\"async\" width=\"800\" height=\"800\" src=\"https:\/\/www.omni-biotic.com\/hu-hu\/wp-content\/uploads\/sites\/7\/2024\/04\/ressourcen-und-umwelt.jpg\" class=\"attachment-large size-large wp-image-21963\" alt=\"\" srcset=\"https:\/\/www.omni-biotic.com\/hu-hu\/wp-content\/uploads\/sites\/7\/2024\/04\/ressourcen-und-umwelt.jpg 1024w, https:\/\/www.omni-biotic.com\/hu-hu\/wp-content\/uploads\/sites\/7\/2024\/04\/ressourcen-und-umwelt-300x300.jpg 300w, https:\/\/www.omni-biotic.com\/hu-hu\/wp-content\/uploads\/sites\/7\/2024\/04\/ressourcen-und-umwelt-150x150.jpg 150w, https:\/\/www.omni-biotic.com\/hu-hu\/wp-content\/uploads\/sites\/7\/2024\/04\/ressourcen-und-umwelt-768x768.jpg 768w\" sizes=\"(max-width: 800px) 100vw, 800px\" title=\"\">\t\t\t\t\t\t\t\t<\/a>\n\t\t\t\t\t\t\t\t\t\t\t\t\t\t\t<\/div>\n\t\t\t\t<\/div>\n\t\t\t\t<div class=\"elementor-element elementor-element-a513994 elementor-widget elementor-widget-heading\" data-id=\"a513994\" data-element_type=\"widget\" data-widget_type=\"heading.default\">\n\t\t\t\t<div class=\"elementor-widget-container\">\n\t\t\t\t\t<h3 class=\"elementor-heading-title elementor-size-default\"><a href=\"https:\/\/www.omni-biotic.com\/hu-hu\/fenntarthatosag\/kornyezet-es-forrasok\/\">K\u00f6rnyezet \u00e9s forr\u00e1sok<\/a><\/h3>\t\t\t\t<\/div>\n\t\t\t\t<\/div>\n\t\t\t\t<div class=\"elementor-element elementor-element-2d02340 elementor-widget elementor-widget-text-editor\" data-id=\"2d02340\" data-element_type=\"widget\" data-widget_type=\"text-editor.default\">\n\t\t\t\t<div class=\"elementor-widget-container\">\n\t\t\t\t\t\t\t\t\t<p style=\"text-align: center\">Az \u00f6kol\u00f3giailag k\u00f6r\u00fcltekint\u0151 megk\u00f6zel\u00edt\u00e9s cs\u00f6kkenti a k\u00e1rosanyag-kibocs\u00e1t\u00e1st \u00e9s k\u00edm\u00e9li a term\u00e9szeti er\u0151forr\u00e1sokat.<\/p>\t\t\t\t\t\t\t\t<\/div>\n\t\t\t\t<\/div>\n\t\t\t\t<\/div>\n\t\t\t\t\t<\/div>\n\t\t\t\t<\/div>\n\t\t\t\t<\/div>\n\t\t","protected":false},"excerpt":{"rendered":"<p>Fenntarthat\u00f3s\u00e1g az Institut AllergoSan kiemelt fontoss\u00e1g\u00fa t\u00e9mak\u00f6re Home Az Institut AllergoSan a mikrobiom-kutat\u00e1s k\u00f6zpontjak\u00e9nt olyan tudom\u00e1nyos \u00faj\u00edt\u00e1sok kidolgoz\u00e1s\u00e1t \u00e9s fejleszt\u00e9s\u00e9t t\u0171zte ki c\u00e9lul, amelyek elk\u00f6telezetten szolg\u00e1lj\u00e1k az ember \u00e9s a term\u00e9szet \u00e1tfog\u00f3 rendszer\u00e9t. Ez azt jelenti, hogy kiz\u00e1r\u00f3lag a term\u00e9szet \u00e1ltal rendelkez\u00e9s\u00fcnkre bocs\u00e1tott anyagokkal dolgozunk. Ez\u00e9rt elk\u00f6telezettek vagyunk munk\u00e1nk ezen alapj\u00e1nak v\u00e9delme \u00e9s meg\u0151rz\u00e9se mellett. [&hellip;]<\/p>\n","protected":false},"author":8,"featured_media":22074,"parent":0,"menu_order":0,"comment_status":"closed","ping_status":"closed","template":"","meta":{"_acf_changed":false,"inline_featured_image":false,"footnotes":""},"class_list":["post-22265","page","type-page","status-publish","has-post-thumbnail","hentry"],"acf":[],"_links":{"self":[{"href":"https:\/\/www.omni-biotic.com\/hu-hu\/wp-json\/wp\/v2\/pages\/22265","targetHints":{"allow":["GET"]}}],"collection":[{"href":"https:\/\/www.omni-biotic.com\/hu-hu\/wp-json\/wp\/v2\/pages"}],"about":[{"href":"https:\/\/www.omni-biotic.com\/hu-hu\/wp-json\/wp\/v2\/types\/page"}],"author":[{"embeddable":true,"href":"https:\/\/www.omni-biotic.com\/hu-hu\/wp-json\/wp\/v2\/users\/8"}],"replies":[{"embeddable":true,"href":"https:\/\/www.omni-biotic.com\/hu-hu\/wp-json\/wp\/v2\/comments?post=22265"}],"version-history":[{"count":7,"href":"https:\/\/www.omni-biotic.com\/hu-hu\/wp-json\/wp\/v2\/pages\/22265\/revisions"}],"predecessor-version":[{"id":22277,"href":"https:\/\/www.omni-biotic.com\/hu-hu\/wp-json\/wp\/v2\/pages\/22265\/revisions\/22277"}],"wp:featuredmedia":[{"embeddable":true,"href":"https:\/\/www.omni-biotic.com\/hu-hu\/wp-json\/wp\/v2\/media\/22074"}],"wp:attachment":[{"href":"https:\/\/www.omni-biotic.com\/hu-hu\/wp-json\/wp\/v2\/media?parent=22265"}],"curies":[{"name":"wp","href":"https:\/\/api.w.org\/{rel}","templated":true}]}}