{"id":23282,"date":"2024-09-10T09:17:06","date_gmt":"2024-09-10T07:17:06","guid":{"rendered":"https:\/\/www.omni-biotic.com\/hu-hu\/?page_id=23282"},"modified":"2024-09-10T09:17:06","modified_gmt":"2024-09-10T07:17:06","slug":"e-book","status":"publish","type":"page","link":"https:\/\/www.omni-biotic.com\/hu-hu\/a-belrendszer-egeszsege\/a-bel-hataskore\/huvelyflora\/e-book\/","title":{"rendered":"E-book &#8211; A n\u0151 mikrobiomja"},"content":{"rendered":"\t\t<div data-elementor-type=\"wp-page\" data-elementor-id=\"23282\" class=\"elementor elementor-23282\" data-elementor-post-type=\"page\">\n\t\t\t\t<div class=\"elementor-element elementor-element-771b92a obcs none e-flex e-con-boxed e-con e-parent\" data-id=\"771b92a\" data-element_type=\"container\" data-settings=\"{&quot;background_background&quot;:&quot;classic&quot;,&quot;shape_divider_bottom&quot;:&quot;curve-asymmetrical&quot;,&quot;shape_divider_bottom_negative&quot;:&quot;yes&quot;}\">\n\t\t\t\t\t<div class=\"e-con-inner\">\n\t\t\t\t<div class=\"elementor-shape elementor-shape-bottom\" aria-hidden=\"true\" data-negative=\"true\">\n\t\t\t<svg xmlns=\"http:\/\/www.w3.org\/2000\/svg\" viewBox=\"0 0 1000 100\" preserveAspectRatio=\"none\">\n\t<path class=\"elementor-shape-fill\" d=\"M615.2,96.7C240.2,97.8,0,18.9,0,0v100h1000V0C1000,19.2,989.8,96,615.2,96.7z\"\/>\n<\/svg>\t\t<\/div>\n\t\t<div class=\"elementor-element elementor-element-f9d6841 e-con-full obcs none e-flex e-con e-child\" data-id=\"f9d6841\" data-element_type=\"container\" data-settings=\"{&quot;background_background&quot;:&quot;classic&quot;}\">\n\t\t<div class=\"elementor-element elementor-element-24dae55 obcs none e-flex e-con-boxed e-con e-child\" data-id=\"24dae55\" data-element_type=\"container\">\n\t\t\t\t\t<div class=\"e-con-inner\">\n\t\t\t\t<div class=\"elementor-element elementor-element-b11ae2d elementor-widget elementor-widget-heading\" data-id=\"b11ae2d\" data-element_type=\"widget\" data-widget_type=\"heading.default\">\n\t\t\t\t<div class=\"elementor-widget-container\">\n\t\t\t\t\t<h1 class=\"elementor-heading-title elementor-size-default\">E-book - A n\u0151 mikrobiomja<\/h1>\t\t\t\t<\/div>\n\t\t\t\t<\/div>\n\t\t\t\t\t<\/div>\n\t\t\t\t<\/div>\n\t\t\t\t<div class=\"elementor-element elementor-element-c15458a elementor-widget-divider--view-line elementor-widget elementor-widget-divider\" data-id=\"c15458a\" data-element_type=\"widget\" data-widget_type=\"divider.default\">\n\t\t\t\t<div class=\"elementor-widget-container\">\n\t\t\t\t\t\t\t<div class=\"elementor-divider\">\n\t\t\t<span class=\"elementor-divider-separator\">\n\t\t\t\t\t\t<\/span>\n\t\t<\/div>\n\t\t\t\t\t\t<\/div>\n\t\t\t\t<\/div>\n\t\t\t\t<div class=\"elementor-element elementor-element-7238a80 elementor-widget elementor-widget-text-editor\" data-id=\"7238a80\" data-element_type=\"widget\" data-widget_type=\"text-editor.default\">\n\t\t\t\t<div class=\"elementor-widget-container\">\n\t\t\t\t\t\t\t\t\t<p><strong>Panaszok az intim ter\u00fcleten?<\/strong> Fedezze fel exkluz\u00edv \u00fatmutat\u00f3nkat a n\u0151i mikrobiomr\u00f3l! Tan\u00e1csokat, tippeket tal\u00e1lhat az intim eg\u00e9szs\u00e9g t\u00e1mogat\u00e1s\u00e1hoz!<\/p>\t\t\t\t\t\t\t\t<\/div>\n\t\t\t\t<\/div>\n\t\t\t\t<\/div>\n\t\t\t\t\t<\/div>\n\t\t\t\t<\/div>\n\t\t<div class=\"elementor-element elementor-element-5608d96 obcs magenta e-flex e-con-boxed e-con e-parent\" data-id=\"5608d96\" data-element_type=\"container\">\n\t\t\t\t\t<div class=\"e-con-inner\">\n\t\t<div class=\"elementor-element elementor-element-ce18501 e-con-full obcs none e-flex e-con e-child\" data-id=\"ce18501\" data-element_type=\"container\">\n\t\t\t\t<div class=\"elementor-element elementor-element-547f359 elementor-widget elementor-widget-heading\" data-id=\"547f359\" data-element_type=\"widget\" data-widget_type=\"heading.default\">\n\t\t\t\t<div class=\"elementor-widget-container\">\n\t\t\t\t\t<h2 class=\"elementor-heading-title elementor-size-default\">Most ingyenesen el\u00e9rhet\u0151!<\/h2>\t\t\t\t<\/div>\n\t\t\t\t<\/div>\n\t\t\t\t<div class=\"elementor-element elementor-element-207bbd7 elementor-widget elementor-widget-text-editor\" data-id=\"207bbd7\" data-element_type=\"widget\" data-widget_type=\"text-editor.default\">\n\t\t\t\t<div class=\"elementor-widget-container\">\n\t\t\t\t\t\t\t\t\t<p>Tudta, hogy <strong>a b\u00e9lrendszer eg\u00e9szs\u00e9ge<\/strong> k\u00f6zvetlen\u00fcl hat a <strong>h\u00fcvelyfl\u00f3r\u00e1ra<\/strong>?<\/p><p>Anita Frauwallner \u00fatmutat\u00f3j\u00e1ban err\u0151l a fontos <strong>\u00f6sszef\u00fcgg\u00e9sr\u0151l<\/strong> olvashat, valamint t\u00f6bbek k\u00f6z\u00f6tt a <strong>bakteri\u00e1lis vagin\u00f3zisr\u00f3l,<\/strong> a <strong>h\u00fcvelygomb\u00e1r\u00f3l<\/strong>, a <strong>h\u00fcvelysz\u00e1razs\u00e1gr\u00f3l <\/strong>\u00e9s\u00a0a <strong>menopauz\u00e1r\u00f3l<\/strong> is t\u00e1j\u00e9koz\u00f3dhat.<\/p>\t\t\t\t\t\t\t\t<\/div>\n\t\t\t\t<\/div>\n\t\t\t\t<div class=\"elementor-element elementor-element-820a19e elementor-button-align-start elementor-widget elementor-widget-form\" data-id=\"820a19e\" data-element_type=\"widget\" data-settings=\"{&quot;step_next_label&quot;:&quot;N\\u00e4chster&quot;,&quot;step_previous_label&quot;:&quot;Voriger&quot;,&quot;button_width&quot;:&quot;100&quot;,&quot;step_type&quot;:&quot;number_text&quot;,&quot;step_icon_shape&quot;:&quot;circle&quot;}\" data-widget_type=\"form.default\">\n\t\t\t\t<div class=\"elementor-widget-container\">\n\t\t\t\t\t\t\t<form class=\"elementor-form\" method=\"post\" id=\"ob_gutschein_fjk_AT\" name=\"Frauenratgeber HU 2024\" aria-label=\"Frauenratgeber HU 2024\" novalidate=\"\">\n\t\t\t<input type=\"hidden\" name=\"post_id\" value=\"23282\"\/>\n\t\t\t<input type=\"hidden\" name=\"form_id\" value=\"820a19e\"\/>\n\t\t\t<input type=\"hidden\" name=\"referer_title\" value=\"\" \/>\n\n\t\t\t\n\t\t\t<div class=\"elementor-form-fields-wrapper elementor-labels-\">\n\t\t\t\t\t\t\t\t<div class=\"elementor-field-type-text elementor-field-group elementor-column elementor-field-group-field_0e437eb elementor-col-33 elementor-field-required\">\n\t\t\t\t\t\t\t\t\t\t\t\t<label for=\"form-field-field_0e437eb\" class=\"elementor-field-label elementor-screen-only\">\n\t\t\t\t\t\t\t\tVezet\u00e9kn\u00e9v*\t\t\t\t\t\t\t<\/label>\n\t\t\t\t\t\t\t\t\t\t\t\t\t\t<input size=\"1\" type=\"text\" name=\"form_fields[field_0e437eb]\" id=\"form-field-field_0e437eb\" class=\"elementor-field elementor-size-sm  elementor-field-textual\" placeholder=\"Vezet\u00e9kn\u00e9v*\" required=\"required\">\n\t\t\t\t\t\t\t\t\t\t\t<\/div>\n\t\t\t\t\t\t\t\t<div class=\"elementor-field-type-text elementor-field-group elementor-column elementor-field-group-field_a427082 elementor-col-33 elementor-field-required\">\n\t\t\t\t\t\t\t\t\t\t\t\t<label for=\"form-field-field_a427082\" class=\"elementor-field-label elementor-screen-only\">\n\t\t\t\t\t\t\t\tUt\u00f3n\u00e9v\t\t\t\t\t\t\t<\/label>\n\t\t\t\t\t\t\t\t\t\t\t\t\t\t<input size=\"1\" type=\"text\" name=\"form_fields[field_a427082]\" id=\"form-field-field_a427082\" class=\"elementor-field elementor-size-sm  elementor-field-textual\" placeholder=\"Ut\u00f3n\u00e9v*\" required=\"required\">\n\t\t\t\t\t\t\t\t\t\t\t<\/div>\n\t\t\t\t\t\t\t\t<div class=\"elementor-field-type-email elementor-field-group elementor-column elementor-field-group-email elementor-col-50 elementor-field-required\">\n\t\t\t\t\t\t\t\t\t\t\t\t<label for=\"form-field-email\" class=\"elementor-field-label elementor-screen-only\">\n\t\t\t\t\t\t\t\tE-mail-c\u00edm\t\t\t\t\t\t\t<\/label>\n\t\t\t\t\t\t\t\t\t\t\t\t\t\t<input size=\"1\" type=\"email\" name=\"form_fields[email]\" id=\"form-field-email\" class=\"elementor-field elementor-size-sm  elementor-field-textual\" placeholder=\"E-mail-c\u00edm*\" required=\"required\">\n\t\t\t\t\t\t\t\t\t\t\t<\/div>\n\t\t\t\t\t\t\t\t<div class=\"elementor-field-type-acceptance elementor-field-group elementor-column elementor-field-group-consent_1 elementor-col-100 elementor-field-required\">\n\t\t\t\t\t\t\t\t\t\t\t\t<label for=\"form-field-consent_1\" class=\"elementor-field-label elementor-screen-only\">\n\t\t\t\t\t\t\t\tHozz\u00e1j\u00e1rul\u00e1si nyilatkozat k\u00f6telez\u0151\t\t\t\t\t\t\t<\/label>\n\t\t\t\t\t\t\t\t<div class=\"elementor-field-subgroup\">\n\t\t\t<span class=\"elementor-field-option\">\n\t\t\t\t<input type=\"checkbox\" name=\"form_fields[consent_1]\" id=\"form-field-consent_1\" class=\"elementor-field elementor-size-sm  elementor-acceptance-field\" required=\"required\">\n\t\t\t\t<label for=\"form-field-consent_1\">Hozz\u00e1j\u00e1rulok ahhoz, hogy a k\u00f6vetkez\u0151 c\u00e9gek a r\u00f3lam \u00e9s a c\u00e9gemr\u0151l gy\u0171jt\u00f6tt szem\u00e9lyes adatokat \u00e9s a megadott (szem\u00e9lyes) \u00e9rdekl\u0151d\u00e9si ter\u00fcletetet (a tov\u00e1bbiakban: \u201eadatok\u201d) tudom\u00e1nyos, rendezv\u00e9ny- \u00e9s term\u00e9kt\u00e1j\u00e9koztat\u00e1s, valamint marketing c\u00e9lokra feldolgozz\u00e1k: 1. Institut AllergoSan Deutschland (privat) GmbH; 2. Institut AllergoSan Pharmazeutische Produkte, Forschungs- und Vertriebs GmbH; 3. a fent eml\u00edtett c\u00e9gekhez kapcsol\u00f3d\u00f3 csoportv\u00e1llalatok vagy le\u00e1nyv\u00e1llalatok, valamint azok az orvosi t\u00e1rsas\u00e1gok \u00e9s egyes\u00fcletek, amelyeket az 1-3. pontban eml\u00edtett t\u00e1rsas\u00e1gok vagy le\u00e1nyv\u00e1llalatok valamelyike fel\u00fcgyel vagy t\u00e1mogat. Elolvastam <a href=\"https:\/\/shop.omni-biotic.com\/hu-hu\/policies\/privacy-policy?_gl=1%2Arwy9bd%2A_gcl_au%2AMTkwNzEzNzU4OS4xNzE4MTAzODM0LjEyNzgyNjgxMjguMTcyNDgzMjEyNC4xNzI0ODMyMTg5%2A_ga%2AMjA2MzA4MTA2NS4xNzE4MTAzODM0%2A_ga_SR0TCZWKW2%2AMTcyNDgyNTA2OC43Ny4xLjE3MjQ4MzIxOTUuNjAuMC4w\" target=\"blank\">itt<\/a> \u00e9s elfogadom az adatv\u00e9delmi szab\u00e1lyzatot.<\/label>\t\t\t<\/span>\n\t\t<\/div>\n\t\t\t\t\t\t<\/div>\n\t\t\t\t\t\t\t\t<div class=\"elementor-field-type-acceptance elementor-field-group elementor-column elementor-field-group-consent_2 elementor-col-100 elementor-field-required\">\n\t\t\t\t\t\t\t\t\t\t\t\t<label for=\"form-field-consent_2\" class=\"elementor-field-label elementor-screen-only\">\n\t\t\t\t\t\t\t\tHozz\u00e1j\u00e1rul\u00e1s a h\u00edrlev\u00e9l fogad\u00e1s\u00e1hoz\t\t\t\t\t\t\t<\/label>\n\t\t\t\t\t\t\t\t<div class=\"elementor-field-subgroup\">\n\t\t\t<span class=\"elementor-field-option\">\n\t\t\t\t<input type=\"checkbox\" name=\"form_fields[consent_2]\" id=\"form-field-consent_2\" class=\"elementor-field elementor-size-sm  elementor-acceptance-field\" required=\"required\">\n\t\t\t\t<label for=\"form-field-consent_2\">Hozz\u00e1j\u00e1rulok ahhoz, hogy a fent 1-3. pontban megnevezett v\u00e1llalatok tudom\u00e1nyos, esem\u00e9ny- \u00e9s term\u00e9kinform\u00e1ci\u00f3s, valamint marketing c\u00e9llal e-mailben, faxon vagy m\u00e1s megszokott kommunik\u00e1ci\u00f3s m\u00f3don felvegy\u00e9k velem a kapcsolatot, term\u00e9kmint\u00e1kat \u00e9s aj\u00e1nlatokat k\u00fcldjenek nekem.<\/label>\t\t\t<\/span>\n\t\t<\/div>\n\t\t\t\t\t\t<\/div>\n\t\t\t\t\t\t\t\t<div class=\"elementor-field-type-frcaptcha elementor-field-group elementor-column elementor-field-group-field_407c3f7 elementor-col-30\">\n\t\t\t\t\t\t\t\t\t\t\t\t<label for=\"form-field-field_407c3f7\" class=\"elementor-field-label elementor-screen-only\">\n\t\t\t\t\t\t\t\tfriendlyCAPTCHA\t\t\t\t\t\t\t<\/label>\n\t\t\t\t\t\t<div class=\"frc-captcha \" data-sitekey=\"FCMOS3MHCRNSBOJ7\" data-lang=\"hu\" data-puzzle-endpoint=\"https:\/\/eu-api.friendlycaptcha.eu\/api\/v1\/puzzle\"><\/div>\n\t\t<noscript>You need to enable Javascript for the anti-spam check.<\/noscript><style>.frc-captcha {max-width: 100%; width:100%}<\/style><input type=\"frcaptcha text\" name=\"form_fields[field_407c3f7]\" id=\"form-field-field_407c3f7\" class=\"elementor-field elementor-size-sm \" style=\"display: none\">\t\t\t\t<\/div>\n\t\t\t\t\t\t\t\t<div class=\"elementor-field-group elementor-column elementor-field-type-submit elementor-col-100 e-form__buttons\">\n\t\t\t\t\t<button class=\"elementor-button elementor-size-lg\" type=\"submit\">\n\t\t\t\t\t\t<span class=\"elementor-button-content-wrapper\">\n\t\t\t\t\t\t\t\t\t\t\t\t\t\t\t\t\t\t\t\t\t\t<span class=\"elementor-button-text\">E-book let\u00f6lt\u00e9se<\/span>\n\t\t\t\t\t\t\t\t\t\t\t\t\t<\/span>\n\t\t\t\t\t<\/button>\n\t\t\t\t<\/div>\n\t\t\t<\/div>\n\t\t<\/form>\n\t\t\t\t\t\t<\/div>\n\t\t\t\t<\/div>\n\t\t\t\t<\/div>\n\t\t\t\t\t<\/div>\n\t\t\t\t<\/div>\n\t\t<div class=\"elementor-element elementor-element-180bf00 obcs none e-flex e-con-boxed e-con e-parent\" data-id=\"180bf00\" data-element_type=\"container\">\n\t\t\t\t\t<div class=\"e-con-inner\">\n\t\t\t\t<div class=\"elementor-element elementor-element-ada0125 elementor-widget elementor-widget-infobox\" data-id=\"ada0125\" data-element_type=\"widget\" data-widget_type=\"infobox.default\">\n\t\t\t\t<div class=\"elementor-widget-container\">\n\t\t\t\t\t\n<div class=\"li-widgets--infobox yellow highlights-always-magenta\">\n\n    <div class=\"li-widgets--infobox__icon\">\n        <i aria-hidden=\"true\" class=\"fas fa-bacteria\"><\/i>    <\/div>\n    <div class=\"li-widgets--infobox__text\">\n        <p>Melyik probiotikumot v\u00e1lasszam?\u200b <\/p>    <\/div>\n    <div class=\"li-widgets--infobox__text-body\">\n        <p><strong>Nem<\/strong> <strong>minden probiotikum<\/strong> <strong>egyforma<\/strong>: a term\u00e9k min\u0151s\u00e9ge minden egyes fejleszt\u00e9si szakaszban d\u00f6nt\u0151 fontoss\u00e1g\u00fa a <strong>hat\u00e9konys\u00e1g\u00e9rt<\/strong> \u00e9s a <strong>toler\u00e1lhat\u00f3s\u00e1g\u00e9rt<\/strong>. De <strong>hogyan<\/strong> <strong>lehet felismerni<\/strong> egy j\u00f3 min\u0151s\u00e9g\u0171, orvosilag relev\u00e1ns probiotikumot az el\u00e9rhet\u0151 term\u00e9kek sokas\u00e1g\u00e1b\u00f3l? <strong>\u00d6sszefoglaltuk<\/strong> \u00d6nnek a legfontosabb <strong>krit\u00e9riumokat<\/strong>.<\/p>    <\/div>\n\n            <a href=\"https:\/\/www.omni-biotic.com\/hu-hu\/blog\/melyik-probiotikumot-valasszam\/\" class=\"li-widgets--infobox__button\">\n            Elolvasom        <\/a>\n    \n<\/div>\n\t\t\t\t<\/div>\n\t\t\t\t<\/div>\n\t\t\t\t\t<\/div>\n\t\t\t\t<\/div>\n\t\t<div class=\"elementor-element elementor-element-a39da97 obcs none e-flex e-con-boxed e-con e-parent\" data-id=\"a39da97\" data-element_type=\"container\">\n\t\t\t\t\t<div class=\"e-con-inner\">\n\t\t\t\t<div class=\"elementor-element elementor-element-0a6bf63 elementor-widget__width-inherit elementor-widget elementor-widget-heading\" data-id=\"0a6bf63\" data-element_type=\"widget\" data-widget_type=\"heading.default\">\n\t\t\t\t<div class=\"elementor-widget-container\">\n\t\t\t\t\t<h2 class=\"elementor-heading-title elementor-size-default\">Hasonl\u00f3 t\u00e9m\u00e1ban<\/h2>\t\t\t\t<\/div>\n\t\t\t\t<\/div>\n\t\t\t\t<div class=\"elementor-element elementor-element-6ea93b8 elementor-widget elementor-widget-li-widgets--posts-gallery\" data-id=\"6ea93b8\" data-element_type=\"widget\" data-widget_type=\"li-widgets--posts-gallery.default\">\n\t\t\t\t<div class=\"elementor-widget-container\">\n\t\t\t\t\t    \n<div class=\"li-widgets--posts-gallery__pagination\" data-post-id=\"23282\">\n\n    <div class=\"li-widgets--posts-gallery__pagination-results\">\n        1-3 a 3 eredm\u00e9nyek    <\/div>\n    <div class=\"li-widgets--posts-gallery__pagination-pages\">\n        oldalak 1 a 1    <\/div>\n    <div class=\"li-widgets--posts-gallery__pagination-url\">\n                            <a href=\"#\" data-href=\"https:\/\/www.omni-biotic.com\/hu-hu\/wp-json\/wp\/v2\/pages\/23282\/?search&category=111&cur=1\">1<\/a>\n                    <\/div>\n<\/div>\n<div class=\"li-widgets--posts-gallery blog\">\n                    <a href=\"https:\/\/www.omni-biotic.com\/hu-hu\/blog\/bor-mikrobiom-es-a-belbakteriumok\/\" class=\"li-widgets--posts-gallery__post\">\n            <div class=\"post--image__container\">\n                <div class=\"post--image\">\n                    <img fetchpriority=\"high\" decoding=\"async\" width=\"768\" height=\"513\" src=\"https:\/\/www.omni-biotic.com\/hu-hu\/wp-content\/uploads\/sites\/7\/2023\/06\/borkep-768x513-1.jpg\" class=\"attachment-medium_large size-medium_large wp-post-image\" alt=\"\" srcset=\"https:\/\/www.omni-biotic.com\/hu-hu\/wp-content\/uploads\/sites\/7\/2023\/06\/borkep-768x513-1.jpg 768w, https:\/\/www.omni-biotic.com\/hu-hu\/wp-content\/uploads\/sites\/7\/2023\/06\/borkep-768x513-1-300x200.jpg 300w\" sizes=\"(max-width: 768px) 100vw, 768px\" title=\"\">                <\/div>\n            <\/div>\n            <div class=\"post--teaser\">\n                <div class=\"title\">A b\u0151rmikrobiom \u00e9s a b\u00e9lbakt\u00e9riumok<\/div>\n                <div class=\"description\">\n                    A b\u00e9lbakt\u00e9riumok jelent\u0151s\u00e9g\u00e9t ma m\u00e1r sokan ismerik \u2013 de kevesen tudj\u00e1k azt, hogy b\u0151r\u00fcnk\u00f6n is\u2026                    <br>\n                    <span class=\"read-more\">\n                            Tov\u00e1bb                        <\/span>\n                <\/div>\n                <div class=\"metadata\"><b>friss\u00edtve:<\/b> 14. augusztus 2024 \u2022 <b>Kateg\u00f3ri\u00e1k:<\/b> A b\u0151r eg\u00e9szs\u00e9ge<\/div>\n            <\/div>\n        <\/a>\n                <a href=\"https:\/\/www.omni-biotic.com\/hu-hu\/blog\/beteg-belrendszer-es-borproblemak\/\" class=\"li-widgets--posts-gallery__post\">\n            <div class=\"post--image__container\">\n                <div class=\"post--image\">\n                    <img decoding=\"async\" width=\"400\" height=\"267\" src=\"https:\/\/www.omni-biotic.com\/hu-hu\/wp-content\/uploads\/sites\/7\/2022\/04\/Borhibak-omnibiotic.jpg\" class=\"attachment-medium_large size-medium_large wp-post-image\" alt=\"beteg b\u0151r. beteg b\u00e9l, probiotikum b\u0151rprobl\u00e9m\u00e1kra, mikrobiom, b\u00e9lfl\u00f3ra kieg\u00e9sz\u00edt\u00e9se\" srcset=\"https:\/\/www.omni-biotic.com\/hu-hu\/wp-content\/uploads\/sites\/7\/2022\/04\/Borhibak-omnibiotic.jpg 400w, https:\/\/www.omni-biotic.com\/hu-hu\/wp-content\/uploads\/sites\/7\/2022\/04\/Borhibak-omnibiotic-300x200.jpg 300w\" sizes=\"(max-width: 400px) 100vw, 400px\" title=\"\">                <\/div>\n            <\/div>\n            <div class=\"post--teaser\">\n                <div class=\"title\">Beteg b\u00e9l \u00e9s kozmetikai b\u0151rhib\u00e1k? &#8211; OMNi-BiOTiC\u00ae<\/div>\n                <div class=\"description\">\n                    A b\u00e9lbetegs\u00e9gek\u00a0gyakran a b\u0151rk\u00e9p alapj\u00e1n is felismerhet\u0151ek. \u00cdgy olyan betegs\u00e9gek is kialakulhatnak, mint az akne\u2026                    <br>\n                    <span class=\"read-more\">\n                            Tov\u00e1bb                        <\/span>\n                <\/div>\n                <div class=\"metadata\"><b>friss\u00edtve:<\/b> 15. m\u00e1rcius 2024 \u2022 <b>Kateg\u00f3ri\u00e1k:<\/b> A b\u0151r eg\u00e9szs\u00e9ge<\/div>\n            <\/div>\n        <\/a>\n                <a href=\"https:\/\/www.omni-biotic.com\/hu-hu\/blog\/bor-es-belflora\/\" class=\"li-widgets--posts-gallery__post\">\n            <div class=\"post--image__container\">\n                <div class=\"post--image\">\n                    <img decoding=\"async\" width=\"400\" height=\"267\" src=\"https:\/\/www.omni-biotic.com\/hu-hu\/wp-content\/uploads\/sites\/7\/2021\/10\/borproblemak.png\" class=\"attachment-medium_large size-medium_large wp-post-image\" alt=\"b\u00e9lfl\u00f3ra, b\u0151rbetegs\u00e9gek ellen, b\u0151rprobl\u00e9m\u00e1k ellen, hormon\u00e1lis probl\u00e9m\u00e1k, menopauza, allergia ellen, j\u00f3t\u00e9kony bakt\u00e9riumok, b\u00e9lbakt\u00e9riumok, probiotikum\" srcset=\"https:\/\/www.omni-biotic.com\/hu-hu\/wp-content\/uploads\/sites\/7\/2021\/10\/borproblemak.png 400w, https:\/\/www.omni-biotic.com\/hu-hu\/wp-content\/uploads\/sites\/7\/2021\/10\/borproblemak-300x200.png 300w\" sizes=\"(max-width: 400px) 100vw, 400px\" title=\"\">                <\/div>\n            <\/div>\n            <div class=\"post--teaser\">\n                <div class=\"title\">A b\u0151r \u00e9s a b\u00e9lfl\u00f3ra kapcsolata<\/div>\n                <div class=\"description\">\n                    \u201eA b\u0151r\u00fcnk a lelk\u00fcnk t\u00fckre\u201d \u2013 ez egy ismert mond\u00e1s, melyet gyakran j\u00f3 okkal haszn\u00e1lunk.\u2026                    <br>\n                    <span class=\"read-more\">\n                            Tov\u00e1bb                        <\/span>\n                <\/div>\n                <div class=\"metadata\"><b>friss\u00edtve:<\/b> 14. j\u00fanius 2024 \u2022 <b>Kateg\u00f3ri\u00e1k:<\/b> A b\u0151r eg\u00e9szs\u00e9ge \u2022 <b>Szerz\u0151:<\/b> Florentina Sgarz, BA<\/div>\n            <\/div>\n        <\/a>\n            <\/div>\n\t\t\t\t<\/div>\n\t\t\t\t<\/div>\n\t\t\t\t\t<\/div>\n\t\t\t\t<\/div>\n\t\t\t\t<\/div>\n\t\t","protected":false},"excerpt":{"rendered":"<p>E-book &#8211; A n\u0151 mikrobiomja Panaszok az intim ter\u00fcleten? Fedezze fel exkluz\u00edv \u00fatmutat\u00f3nkat a n\u0151i mikrobiomr\u00f3l! Tan\u00e1csokat, tippeket tal\u00e1lhat az intim eg\u00e9szs\u00e9g t\u00e1mogat\u00e1s\u00e1hoz! Most ingyenesen el\u00e9rhet\u0151! Tudta, hogy a b\u00e9lrendszer eg\u00e9szs\u00e9ge k\u00f6zvetlen\u00fcl hat a h\u00fcvelyfl\u00f3r\u00e1ra? Anita Frauwallner \u00fatmutat\u00f3j\u00e1ban err\u0151l a fontos \u00f6sszef\u00fcgg\u00e9sr\u0151l olvashat, valamint t\u00f6bbek k\u00f6z\u00f6tt a bakteri\u00e1lis vagin\u00f3zisr\u00f3l, a h\u00fcvelygomb\u00e1r\u00f3l, a h\u00fcvelysz\u00e1razs\u00e1gr\u00f3l \u00e9s\u00a0a menopauz\u00e1r\u00f3l [&hellip;]<\/p>\n","protected":false},"author":8,"featured_media":19472,"parent":141,"menu_order":390,"comment_status":"closed","ping_status":"closed","template":"","meta":{"_acf_changed":false,"inline_featured_image":false,"footnotes":""},"class_list":["post-23282","page","type-page","status-publish","has-post-thumbnail","hentry"],"acf":[],"_links":{"self":[{"href":"https:\/\/www.omni-biotic.com\/hu-hu\/wp-json\/wp\/v2\/pages\/23282","targetHints":{"allow":["GET"]}}],"collection":[{"href":"https:\/\/www.omni-biotic.com\/hu-hu\/wp-json\/wp\/v2\/pages"}],"about":[{"href":"https:\/\/www.omni-biotic.com\/hu-hu\/wp-json\/wp\/v2\/types\/page"}],"author":[{"embeddable":true,"href":"https:\/\/www.omni-biotic.com\/hu-hu\/wp-json\/wp\/v2\/users\/8"}],"replies":[{"embeddable":true,"href":"https:\/\/www.omni-biotic.com\/hu-hu\/wp-json\/wp\/v2\/comments?post=23282"}],"version-history":[{"count":8,"href":"https:\/\/www.omni-biotic.com\/hu-hu\/wp-json\/wp\/v2\/pages\/23282\/revisions"}],"predecessor-version":[{"id":23449,"href":"https:\/\/www.omni-biotic.com\/hu-hu\/wp-json\/wp\/v2\/pages\/23282\/revisions\/23449"}],"up":[{"embeddable":true,"href":"https:\/\/www.omni-biotic.com\/hu-hu\/wp-json\/wp\/v2\/pages\/141"}],"wp:featuredmedia":[{"embeddable":true,"href":"https:\/\/www.omni-biotic.com\/hu-hu\/wp-json\/wp\/v2\/media\/19472"}],"wp:attachment":[{"href":"https:\/\/www.omni-biotic.com\/hu-hu\/wp-json\/wp\/v2\/media?parent=23282"}],"curies":[{"name":"wp","href":"https:\/\/api.w.org\/{rel}","templated":true}]}}