{"id":23752,"date":"2024-11-13T10:28:37","date_gmt":"2024-11-13T09:28:37","guid":{"rendered":"https:\/\/www.omni-biotic.com\/hu-hu\/?page_id=23752"},"modified":"2024-11-13T10:28:59","modified_gmt":"2024-11-13T09:28:59","slug":"harom-lepes-az-altalanos-jolletert","status":"publish","type":"page","link":"https:\/\/www.omni-biotic.com\/hu-hu\/harom-lepes-az-altalanos-jolletert\/","title":{"rendered":"H\u00e1rom l\u00e9p\u00e9s az \u00e1ltal\u00e1nos j\u00f3ll\u00e9t\u00e9rt"},"content":{"rendered":"\t\t<div data-elementor-type=\"wp-page\" data-elementor-id=\"23752\" class=\"elementor elementor-23752\" data-elementor-post-type=\"page\">\n\t\t\t\t<div class=\"elementor-element elementor-element-787c555 e-con-full obcs none e-flex e-con e-parent\" data-id=\"787c555\" data-element_type=\"container\" data-settings=\"{&quot;background_background&quot;:&quot;gradient&quot;,&quot;shape_divider_bottom&quot;:&quot;waves&quot;}\">\n\t\t\t\t<div class=\"elementor-shape elementor-shape-bottom\" aria-hidden=\"true\" data-negative=\"false\">\n\t\t\t<svg xmlns=\"http:\/\/www.w3.org\/2000\/svg\" viewBox=\"0 0 1000 100\" preserveAspectRatio=\"none\">\n\t<path class=\"elementor-shape-fill\" d=\"M421.9,6.5c22.6-2.5,51.5,0.4,75.5,5.3c23.6,4.9,70.9,23.5,100.5,35.7c75.8,32.2,133.7,44.5,192.6,49.7\n\tc23.6,2.1,48.7,3.5,103.4-2.5c54.7-6,106.2-25.6,106.2-25.6V0H0v30.3c0,0,72,32.6,158.4,30.5c39.2-0.7,92.8-6.7,134-22.4\n\tc21.2-8.1,52.2-18.2,79.7-24.2C399.3,7.9,411.6,7.5,421.9,6.5z\"\/>\n<\/svg>\t\t<\/div>\n\t\t\t\t<div class=\"elementor-element elementor-element-b886287 elementor-absolute elementor-hidden-mobile elementor-align-center elementor-widget elementor-widget-lottie\" data-id=\"b886287\" data-element_type=\"widget\" data-settings=\"{&quot;source_json&quot;:{&quot;url&quot;:&quot;https:\\\/\\\/www.omni-biotic.com\\\/hu-hu\\\/wp-content\\\/uploads\\\/sites\\\/7\\\/2022\\\/08\\\/lf30_editor_s5uwdgjh.json&quot;,&quot;id&quot;:&quot;7733&quot;,&quot;size&quot;:&quot;&quot;,&quot;alt&quot;:&quot;&quot;,&quot;source&quot;:&quot;library&quot;},&quot;loop&quot;:&quot;yes&quot;,&quot;play_speed&quot;:{&quot;unit&quot;:&quot;px&quot;,&quot;size&quot;:&quot;0.3&quot;,&quot;sizes&quot;:[]},&quot;_position&quot;:&quot;absolute&quot;,&quot;source&quot;:&quot;media_file&quot;,&quot;caption_source&quot;:&quot;none&quot;,&quot;link_to&quot;:&quot;none&quot;,&quot;trigger&quot;:&quot;arriving_to_viewport&quot;,&quot;viewport&quot;:{&quot;unit&quot;:&quot;%&quot;,&quot;size&quot;:&quot;&quot;,&quot;sizes&quot;:{&quot;start&quot;:0,&quot;end&quot;:100}},&quot;start_point&quot;:{&quot;unit&quot;:&quot;%&quot;,&quot;size&quot;:0,&quot;sizes&quot;:[]},&quot;end_point&quot;:{&quot;unit&quot;:&quot;%&quot;,&quot;size&quot;:100,&quot;sizes&quot;:[]},&quot;renderer&quot;:&quot;svg&quot;}\" data-widget_type=\"lottie.default\">\n\t\t\t\t<div class=\"elementor-widget-container\">\n\t\t\t\t\t<div class=\"e-lottie__container\"><div class=\"e-lottie__animation\"><\/div><\/div>\t\t\t\t<\/div>\n\t\t\t\t<\/div>\n\t\t<div class=\"elementor-element elementor-element-a798f6c e-con-full obcs none e-flex e-con e-child\" data-id=\"a798f6c\" data-element_type=\"container\" data-settings=\"{&quot;background_background&quot;:&quot;gradient&quot;}\">\n\t\t\t\t<div class=\"elementor-element elementor-element-9af54f0 elementor-widget elementor-widget-heading\" data-id=\"9af54f0\" data-element_type=\"widget\" data-widget_type=\"heading.default\">\n\t\t\t\t<div class=\"elementor-widget-container\">\n\t\t\t\t\t<h1 class=\"elementor-heading-title elementor-size-default\">H\u00e1rom l\u00e9p\u00e9s az \u00e1ltal\u00e1nos j\u00f3ll\u00e9t\u00e9rt<\/h1>\t\t\t\t<\/div>\n\t\t\t\t<\/div>\n\t\t\t\t<div class=\"elementor-element elementor-element-1baf2e4 elementor-widget-divider--view-line elementor-widget elementor-widget-divider\" data-id=\"1baf2e4\" data-element_type=\"widget\" data-widget_type=\"divider.default\">\n\t\t\t\t<div class=\"elementor-widget-container\">\n\t\t\t\t\t\t\t<div class=\"elementor-divider\">\n\t\t\t<span class=\"elementor-divider-separator\">\n\t\t\t\t\t\t<\/span>\n\t\t<\/div>\n\t\t\t\t\t\t<\/div>\n\t\t\t\t<\/div>\n\t\t\t\t<div class=\"elementor-element elementor-element-a0eb284 elementor-widget elementor-widget-text-editor\" data-id=\"a0eb284\" data-element_type=\"widget\" data-widget_type=\"text-editor.default\">\n\t\t\t\t<div class=\"elementor-widget-container\">\n\t\t\t\t\t\t\t\t\t<p>Az Institut AllergoSan a <strong>b\u00e9lbakt\u00e9riumok<\/strong>, az ide\u00e1lis <strong>\u00e9lelmi rostok<\/strong>, valamint a szervezet bizonyos funkci\u00f3ihoz sz\u00fcks\u00e9ges <strong>vitaminok, \u00e1sv\u00e1nyi anyagok <\/strong>\u00e9s<strong> nyomelemek<\/strong> h\u00e1rmas csoportj\u00e1ra \u00e9p\u00edt.<\/p>\t\t\t\t\t\t\t\t<\/div>\n\t\t\t\t<\/div>\n\t\t\t\t<\/div>\n\t\t\t\t<\/div>\n\t\t<div class=\"elementor-element elementor-element-8f91302 obcs none e-flex e-con-boxed e-con e-parent\" data-id=\"8f91302\" data-element_type=\"container\">\n\t\t\t\t\t<div class=\"e-con-inner\">\n\t\t<div class=\"elementor-element elementor-element-5dc46fd obcs none e-flex e-con-boxed e-con e-child\" data-id=\"5dc46fd\" data-element_type=\"container\">\n\t\t\t\t\t<div class=\"e-con-inner\">\n\t\t<div class=\"elementor-element elementor-element-b9d95ad e-con-full obcs none e-flex e-con e-child\" data-id=\"b9d95ad\" data-element_type=\"container\">\n\t\t\t\t<div class=\"elementor-element elementor-element-37a853a elementor-align-left elementor-widget__width-initial elementor-widget elementor-widget-breadcrumbs\" data-id=\"37a853a\" data-element_type=\"widget\" data-widget_type=\"breadcrumbs.default\">\n\t\t\t\t<div class=\"elementor-widget-container\">\n\t\t\t\t\t<span><span class=\"last\">Home<\/span><\/span>\t\t\t\t<\/div>\n\t\t\t\t<\/div>\n\t\t\t\t<\/div>\n\t\t<div class=\"elementor-element elementor-element-7b222de e-con-full obcs none e-flex e-con e-child\" data-id=\"7b222de\" data-element_type=\"container\">\n\t\t\t\t<div class=\"elementor-element elementor-element-c9e1af0 elementor-toc--minimized-on-desktop elementor-widget elementor-widget-table-of-contents\" data-id=\"c9e1af0\" data-element_type=\"widget\" data-settings=\"{&quot;exclude_headings_by_selector&quot;:[],&quot;minimized_on&quot;:&quot;desktop&quot;,&quot;_animation&quot;:&quot;none&quot;,&quot;no_headings_message&quot;:&quot;No headings were found on this page.&quot;,&quot;headings_by_tags&quot;:[&quot;h2&quot;,&quot;h3&quot;,&quot;h4&quot;,&quot;h5&quot;,&quot;h6&quot;],&quot;marker_view&quot;:&quot;numbers&quot;,&quot;minimize_box&quot;:&quot;yes&quot;,&quot;hierarchical_view&quot;:&quot;yes&quot;,&quot;min_height&quot;:{&quot;unit&quot;:&quot;px&quot;,&quot;size&quot;:&quot;&quot;,&quot;sizes&quot;:[]},&quot;min_height_tablet&quot;:{&quot;unit&quot;:&quot;px&quot;,&quot;size&quot;:&quot;&quot;,&quot;sizes&quot;:[]},&quot;min_height_mobile&quot;:{&quot;unit&quot;:&quot;px&quot;,&quot;size&quot;:&quot;&quot;,&quot;sizes&quot;:[]}}\" data-widget_type=\"table-of-contents.default\">\n\t\t\t\t<div class=\"elementor-widget-container\">\n\t\t\t\t\t\t\t\t\t<div class=\"elementor-toc__header\">\n\t\t\t\t\t\t<h4 class=\"elementor-toc__header-title\">\n\t\t\t\tTartalomjegyz\u00e9k\t\t\t<\/h4>\n\t\t\t\t\t\t\t\t\t\t<div class=\"elementor-toc__toggle-button elementor-toc__toggle-button--expand\" role=\"button\" tabindex=\"0\" aria-controls=\"elementor-toc__c9e1af0\" aria-expanded=\"true\" aria-label=\"Open table of contents\"><i aria-hidden=\"true\" class=\"fas fa-chevron-down\"><\/i><\/div>\n\t\t\t\t<div class=\"elementor-toc__toggle-button elementor-toc__toggle-button--collapse\" role=\"button\" tabindex=\"0\" aria-controls=\"elementor-toc__c9e1af0\" aria-expanded=\"true\" aria-label=\"Close table of contents\"><i aria-hidden=\"true\" class=\"fas fa-chevron-up\"><\/i><\/div>\n\t\t\t\t\t<\/div>\n\t\t\t\t<div id=\"elementor-toc__c9e1af0\" class=\"elementor-toc__body\">\n\t\t\t<div class=\"elementor-toc__spinner-container\">\n\t\t\t\t<i class=\"elementor-toc__spinner eicon-animation-spin eicon-loading\" aria-hidden=\"true\"><\/i>\t\t\t<\/div>\n\t\t<\/div>\n\t\t\t\t\t\t<\/div>\n\t\t\t\t<\/div>\n\t\t\t\t<\/div>\n\t\t\t\t\t<\/div>\n\t\t\t\t<\/div>\n\t\t\t\t\t<\/div>\n\t\t\t\t<\/div>\n\t\t<div class=\"elementor-element elementor-element-6042c62 obcs none e-flex e-con-boxed e-con e-parent\" data-id=\"6042c62\" data-element_type=\"container\">\n\t\t\t\t\t<div class=\"e-con-inner\">\n\t\t<div class=\"elementor-element elementor-element-a22afaf e-con-full obcs none e-flex e-con e-child\" data-id=\"a22afaf\" data-element_type=\"container\">\n\t\t\t\t<div class=\"elementor-element elementor-element-648f314 elementor-widget elementor-widget-text-editor\" data-id=\"648f314\" data-element_type=\"widget\" data-widget_type=\"text-editor.default\">\n\t\t\t\t<div class=\"elementor-widget-container\">\n\t\t\t\t\t\t\t\t\t<p>A mikrobiom \u00f3ri\u00e1si hat\u00e1ssal van a <strong>b\u00e9lbe<\/strong> ker\u00fcl\u0151 <strong>vitaminok<\/strong>, <strong>\u00e1sv\u00e1nyi anyagok<\/strong> \u00e9s <strong>nyomelemek<\/strong> <strong>felsz\u00edv\u00f3d\u00e1s\u00e1ra \u00e9s feldolgoz\u00e1s\u00e1ra a bevitt t\u00e1pl\u00e1l\u00e9kkal<\/strong>. A b\u00e9lben a <a href=\"https:\/\/www.omni-biotic.com\/hu-hu\/a-belrendszer-egeszsege\/a-bel-az-egeszseg-kozpontja\/belbakteriumok\/\"><strong>b\u00e9lbakt\u00e9riumok<\/strong> <\/a><strong>el\u00e9rhet\u0151v\u00e9<\/strong> teszik azokat az emberi <strong>sejtek sz\u00e1m\u00e1ra<\/strong>. A b\u00e9lfl\u00f3ra ezen tulajdons\u00e1gai k\u00e9pezik a <strong>j\u00f3ll\u00e9t alapj\u00e1t<\/strong>. Ehhez azonban sz\u00fcks\u00e9g van egy <strong>m\u0171k\u00f6d\u0151 b\u00e9lg\u00e1tra<\/strong> a <strong>b\u00e9ltartalom<\/strong> \u00e9s a test\u00fcnk k\u00f6z\u00f6tt, ez ut\u00f3bbi <strong>v\u00e9rerekkel<\/strong> \u00e9s <strong>idegp\u00e1ly\u00e1kkal egy\u00fctt<\/strong>. Szak\u00e9rt\u0151ink azt javasolj\u00e1k, hogy ezt a csod\u00e1t <a href=\"https:\/\/www.omni-biotic.com\/hu-hu\/termekek\/omni-biotic\/\"><strong>j\u00f3 min\u0151s\u00e9g\u0171 b\u00e9lbakt\u00e9riumokkal<\/strong><\/a>, <a href=\"https:\/\/www.omni-biotic.com\/hu-hu\/termekek\/omni-logic\/\"><strong>speci\u00e1lis \u00e9lelmi rostokkal<\/strong><\/a> \u00e9s <a href=\"https:\/\/www.omni-biotic.com\/hu-hu\/termekek\/meta-care\/\"><strong>\u00e9rt\u00e9kes t\u00e1panyagokkal<\/strong><\/a> l\u00e1ssuk el:<\/p>\t\t\t\t\t\t\t\t<\/div>\n\t\t\t\t<\/div>\n\t\t\t\t<\/div>\n\t\t\t\t\t<\/div>\n\t\t\t\t<\/div>\n\t\t<div class=\"elementor-element elementor-element-2573251 obcs none e-flex e-con-boxed e-con e-parent\" data-id=\"2573251\" data-element_type=\"container\">\n\t\t\t\t\t<div class=\"e-con-inner\">\n\t\t<div class=\"elementor-element elementor-element-c83a364 e-con-full obcs none e-flex elementor-invisible e-con e-child\" data-id=\"c83a364\" data-element_type=\"container\" data-settings=\"{&quot;animation&quot;:&quot;bounceInLeft&quot;}\">\n\t\t<div class=\"elementor-element elementor-element-7522373 obcs none e-flex e-con-boxed e-con e-child\" data-id=\"7522373\" data-element_type=\"container\">\n\t\t\t\t\t<div class=\"e-con-inner\">\n\t\t\t\t<div class=\"elementor-element elementor-element-da0c0cc elementor-widget elementor-widget-heading\" data-id=\"da0c0cc\" data-element_type=\"widget\" data-widget_type=\"heading.default\">\n\t\t\t\t<div class=\"elementor-widget-container\">\n\t\t\t\t\t<p class=\"elementor-heading-title elementor-size-default\">B\u00e9l = \u00e9p<\/p>\t\t\t\t<\/div>\n\t\t\t\t<\/div>\n\t\t\t\t\t<\/div>\n\t\t\t\t<\/div>\n\t\t\t\t<div class=\"elementor-element elementor-element-48e9bbc elementor-widget elementor-widget-image\" data-id=\"48e9bbc\" data-element_type=\"widget\" data-widget_type=\"image.default\">\n\t\t\t\t<div class=\"elementor-widget-container\">\n\t\t\t\t\t\t\t\t\t\t\t\t\t\t\t<img fetchpriority=\"high\" decoding=\"async\" width=\"800\" height=\"719\" src=\"https:\/\/www.omni-biotic.com\/hu-hu\/wp-content\/uploads\/sites\/7\/2024\/11\/Gesunder_Darm_3-Schichten-1024x920.jpg\" class=\"attachment-large size-large wp-image-23753\" alt=\"\" srcset=\"https:\/\/www.omni-biotic.com\/hu-hu\/wp-content\/uploads\/sites\/7\/2024\/11\/Gesunder_Darm_3-Schichten-1024x920.jpg 1024w, https:\/\/www.omni-biotic.com\/hu-hu\/wp-content\/uploads\/sites\/7\/2024\/11\/Gesunder_Darm_3-Schichten-300x270.jpg 300w, https:\/\/www.omni-biotic.com\/hu-hu\/wp-content\/uploads\/sites\/7\/2024\/11\/Gesunder_Darm_3-Schichten-768x690.jpg 768w, https:\/\/www.omni-biotic.com\/hu-hu\/wp-content\/uploads\/sites\/7\/2024\/11\/Gesunder_Darm_3-Schichten.jpg 1200w\" sizes=\"(max-width: 800px) 100vw, 800px\" title=\"\">\t\t\t\t\t\t\t\t\t\t\t\t\t\t\t<\/div>\n\t\t\t\t<\/div>\n\t\t\t\t<\/div>\n\t\t<div class=\"elementor-element elementor-element-68e1d5f e-con-full obcs none e-flex e-con e-child\" data-id=\"68e1d5f\" data-element_type=\"container\">\n\t\t\t\t<div class=\"elementor-element elementor-element-df4c31f elementor-widget elementor-widget-text-editor\" data-id=\"df4c31f\" data-element_type=\"widget\" data-widget_type=\"text-editor.default\">\n\t\t\t\t<div class=\"elementor-widget-container\">\n\t\t\t\t\t\t\t\t\t<p>VS<\/p>\t\t\t\t\t\t\t\t<\/div>\n\t\t\t\t<\/div>\n\t\t\t\t<\/div>\n\t\t<div class=\"elementor-element elementor-element-0b34277 e-con-full obcs none e-flex elementor-invisible e-con e-child\" data-id=\"0b34277\" data-element_type=\"container\" data-settings=\"{&quot;animation&quot;:&quot;bounceInRight&quot;}\">\n\t\t<div class=\"elementor-element elementor-element-728bc14 obcs none e-flex e-con-boxed e-con e-child\" data-id=\"728bc14\" data-element_type=\"container\">\n\t\t\t\t\t<div class=\"e-con-inner\">\n\t\t\t\t<div class=\"elementor-element elementor-element-56dc3a5 elementor-widget elementor-widget-heading\" data-id=\"56dc3a5\" data-element_type=\"widget\" data-widget_type=\"heading.default\">\n\t\t\t\t<div class=\"elementor-widget-container\">\n\t\t\t\t\t<p class=\"elementor-heading-title elementor-size-default\">B\u00e9l = s\u00e9r\u00fclt<\/p>\t\t\t\t<\/div>\n\t\t\t\t<\/div>\n\t\t\t\t\t<\/div>\n\t\t\t\t<\/div>\n\t\t\t\t<div class=\"elementor-element elementor-element-1597b86 elementor-widget elementor-widget-image\" data-id=\"1597b86\" data-element_type=\"widget\" data-widget_type=\"image.default\">\n\t\t\t\t<div class=\"elementor-widget-container\">\n\t\t\t\t\t\t\t\t\t\t\t\t\t\t\t<img decoding=\"async\" width=\"800\" height=\"719\" src=\"https:\/\/www.omni-biotic.com\/hu-hu\/wp-content\/uploads\/sites\/7\/2024\/11\/Kranker_Darm_3-Schichten-1024x920.jpg\" class=\"attachment-large size-large wp-image-23754\" alt=\"\" srcset=\"https:\/\/www.omni-biotic.com\/hu-hu\/wp-content\/uploads\/sites\/7\/2024\/11\/Kranker_Darm_3-Schichten-1024x920.jpg 1024w, https:\/\/www.omni-biotic.com\/hu-hu\/wp-content\/uploads\/sites\/7\/2024\/11\/Kranker_Darm_3-Schichten-300x270.jpg 300w, https:\/\/www.omni-biotic.com\/hu-hu\/wp-content\/uploads\/sites\/7\/2024\/11\/Kranker_Darm_3-Schichten-768x690.jpg 768w, https:\/\/www.omni-biotic.com\/hu-hu\/wp-content\/uploads\/sites\/7\/2024\/11\/Kranker_Darm_3-Schichten.jpg 1200w\" sizes=\"(max-width: 800px) 100vw, 800px\" title=\"\">\t\t\t\t\t\t\t\t\t\t\t\t\t\t\t<\/div>\n\t\t\t\t<\/div>\n\t\t\t\t<\/div>\n\t\t\t\t\t<\/div>\n\t\t\t\t<\/div>\n\t\t<div class=\"elementor-element elementor-element-7445784 obcs none e-flex e-con-boxed e-con e-parent\" data-id=\"7445784\" data-element_type=\"container\">\n\t\t\t\t\t<div class=\"e-con-inner\">\n\t\t<div class=\"elementor-element elementor-element-b476df0 e-con-full obcs none e-flex e-con e-child\" data-id=\"b476df0\" data-element_type=\"container\">\n\t\t\t\t<div class=\"elementor-element elementor-element-c122bc6 elementor-widget elementor-widget-image\" data-id=\"c122bc6\" data-element_type=\"widget\" data-widget_type=\"image.default\">\n\t\t\t\t<div class=\"elementor-widget-container\">\n\t\t\t\t\t\t\t\t\t\t\t\t\t\t\t<img decoding=\"async\" width=\"150\" height=\"150\" src=\"https:\/\/www.omni-biotic.com\/hu-hu\/wp-content\/uploads\/sites\/7\/2024\/11\/omni-biotic-150x150.png\" class=\"attachment-thumbnail size-thumbnail wp-image-23755\" alt=\"\" srcset=\"https:\/\/www.omni-biotic.com\/hu-hu\/wp-content\/uploads\/sites\/7\/2024\/11\/omni-biotic-150x150.png 150w, https:\/\/www.omni-biotic.com\/hu-hu\/wp-content\/uploads\/sites\/7\/2024\/11\/omni-biotic-300x300.png 300w, https:\/\/www.omni-biotic.com\/hu-hu\/wp-content\/uploads\/sites\/7\/2024\/11\/omni-biotic-768x768.png 768w, https:\/\/www.omni-biotic.com\/hu-hu\/wp-content\/uploads\/sites\/7\/2024\/11\/omni-biotic.png 1024w\" sizes=\"(max-width: 150px) 100vw, 150px\" title=\"\">\t\t\t\t\t\t\t\t\t\t\t\t\t\t\t<\/div>\n\t\t\t\t<\/div>\n\t\t\t\t<div class=\"elementor-element elementor-element-859ae45 elementor-widget elementor-widget-heading\" data-id=\"859ae45\" data-element_type=\"widget\" data-widget_type=\"heading.default\">\n\t\t\t\t<div class=\"elementor-widget-container\">\n\t\t\t\t\t<h2 class=\"elementor-heading-title elementor-size-default\">1. L\u00e9p\u00e9s: <br>Kiv\u00e1l\u00f3 min\u0151s\u00e9g\u0171 b\u00e9lbakt\u00e9riumok<\/h2>\t\t\t\t<\/div>\n\t\t\t\t<\/div>\n\t\t\t\t<div class=\"elementor-element elementor-element-693ca85 elementor-widget elementor-widget-text-editor\" data-id=\"693ca85\" data-element_type=\"widget\" data-widget_type=\"text-editor.default\">\n\t\t\t\t<div class=\"elementor-widget-container\">\n\t\t\t\t\t\t\t\t\t<p>Az <strong>OMNi-BiOTiC\u00ae<\/strong> minden egyes csomagj\u00e1ban pontosan \u00f6sszehangolt <strong>b\u00e9lbakt\u00e9riumokat<\/strong> tal\u00e1l, amelyek k\u00fcl\u00f6nb\u00f6z\u0151 feladatokat l\u00e1tnak el.<\/p>\t\t\t\t\t\t\t\t<\/div>\n\t\t\t\t<\/div>\n\t\t\t\t<div class=\"elementor-element elementor-element-81f33ed elementor-align-center elementor-widget elementor-widget-button\" data-id=\"81f33ed\" data-element_type=\"widget\" data-widget_type=\"button.default\">\n\t\t\t\t<div class=\"elementor-widget-container\">\n\t\t\t\t\t\t\t\t\t<div class=\"elementor-button-wrapper\">\n\t\t\t\t\t<a class=\"elementor-button elementor-button-link elementor-size-lg\" href=\"https:\/\/www.omni-biotic.com\/hu-hu\/termekek\/omni-biotic\/\">\n\t\t\t\t\t\t<span class=\"elementor-button-content-wrapper\">\n\t\t\t\t\t\t\t\t\t<span class=\"elementor-button-text\">\u00c9rdekel<\/span>\n\t\t\t\t\t<\/span>\n\t\t\t\t\t<\/a>\n\t\t\t\t<\/div>\n\t\t\t\t\t\t\t\t<\/div>\n\t\t\t\t<\/div>\n\t\t\t\t<\/div>\n\t\t<div class=\"elementor-element elementor-element-e140e21 e-con-full obcs none e-flex e-con e-child\" data-id=\"e140e21\" data-element_type=\"container\">\n\t\t\t\t<div class=\"elementor-element elementor-element-36865ea elementor-widget elementor-widget-image\" data-id=\"36865ea\" data-element_type=\"widget\" data-widget_type=\"image.default\">\n\t\t\t\t<div class=\"elementor-widget-container\">\n\t\t\t\t\t\t\t\t\t\t\t\t\t\t\t<img loading=\"lazy\" decoding=\"async\" width=\"150\" height=\"150\" src=\"https:\/\/www.omni-biotic.com\/hu-hu\/wp-content\/uploads\/sites\/7\/2024\/11\/omni-logic-150x150.png\" class=\"attachment-thumbnail size-thumbnail wp-image-23756\" alt=\"\" srcset=\"https:\/\/www.omni-biotic.com\/hu-hu\/wp-content\/uploads\/sites\/7\/2024\/11\/omni-logic-150x150.png 150w, https:\/\/www.omni-biotic.com\/hu-hu\/wp-content\/uploads\/sites\/7\/2024\/11\/omni-logic-300x300.png 300w, https:\/\/www.omni-biotic.com\/hu-hu\/wp-content\/uploads\/sites\/7\/2024\/11\/omni-logic-768x768.png 768w, https:\/\/www.omni-biotic.com\/hu-hu\/wp-content\/uploads\/sites\/7\/2024\/11\/omni-logic.png 1024w\" sizes=\"(max-width: 150px) 100vw, 150px\" title=\"\">\t\t\t\t\t\t\t\t\t\t\t\t\t\t\t<\/div>\n\t\t\t\t<\/div>\n\t\t\t\t<div class=\"elementor-element elementor-element-ca903a3 elementor-widget elementor-widget-heading\" data-id=\"ca903a3\" data-element_type=\"widget\" data-widget_type=\"heading.default\">\n\t\t\t\t<div class=\"elementor-widget-container\">\n\t\t\t\t\t<h2 class=\"elementor-heading-title elementor-size-default\">2. L\u00e9p\u00e9s: <br>Speci\u00e1lis \u00e9lelmi rostok<\/h2>\t\t\t\t<\/div>\n\t\t\t\t<\/div>\n\t\t\t\t<div class=\"elementor-element elementor-element-5242295 elementor-widget elementor-widget-text-editor\" data-id=\"5242295\" data-element_type=\"widget\" data-widget_type=\"text-editor.default\">\n\t\t\t\t<div class=\"elementor-widget-container\">\n\t\t\t\t\t\t\t\t\t<p>Az <strong>OMNi-LOGiC\u00ae<\/strong> term\u00e9kek tartalmazz\u00e1k azoknak a <strong>bakt\u00e9riumoknak<\/strong> a <strong>t\u00e1pl\u00e1l\u00e9k\u00e1t<\/strong>, amelyeket nem lehet c\u00e9lzottan ell\u00e1tni, de amelyekre a szervezetnek sz\u00fcks\u00e9ge van.<\/p>\t\t\t\t\t\t\t\t<\/div>\n\t\t\t\t<\/div>\n\t\t\t\t<div class=\"elementor-element elementor-element-bbf8424 elementor-align-center elementor-widget elementor-widget-button\" data-id=\"bbf8424\" data-element_type=\"widget\" data-widget_type=\"button.default\">\n\t\t\t\t<div class=\"elementor-widget-container\">\n\t\t\t\t\t\t\t\t\t<div class=\"elementor-button-wrapper\">\n\t\t\t\t\t<a class=\"elementor-button elementor-button-link elementor-size-lg\" href=\"https:\/\/www.omni-biotic.com\/hu-hu\/termekek\/omni-logic\/\">\n\t\t\t\t\t\t<span class=\"elementor-button-content-wrapper\">\n\t\t\t\t\t\t\t\t\t<span class=\"elementor-button-text\">\u00c9rdekel<\/span>\n\t\t\t\t\t<\/span>\n\t\t\t\t\t<\/a>\n\t\t\t\t<\/div>\n\t\t\t\t\t\t\t\t<\/div>\n\t\t\t\t<\/div>\n\t\t\t\t<\/div>\n\t\t<div class=\"elementor-element elementor-element-4ffa034 e-con-full obcs none e-flex e-con e-child\" data-id=\"4ffa034\" data-element_type=\"container\">\n\t\t\t\t<div class=\"elementor-element elementor-element-b601fc8 elementor-widget elementor-widget-image\" data-id=\"b601fc8\" data-element_type=\"widget\" data-widget_type=\"image.default\">\n\t\t\t\t<div class=\"elementor-widget-container\">\n\t\t\t\t\t\t\t\t\t\t\t\t\t\t\t<img loading=\"lazy\" decoding=\"async\" width=\"150\" height=\"150\" src=\"https:\/\/www.omni-biotic.com\/hu-hu\/wp-content\/uploads\/sites\/7\/2024\/11\/Meta-Care_Logo-150x150.png\" class=\"attachment-thumbnail size-thumbnail wp-image-23757\" alt=\"\" srcset=\"https:\/\/www.omni-biotic.com\/hu-hu\/wp-content\/uploads\/sites\/7\/2024\/11\/Meta-Care_Logo-150x150.png 150w, https:\/\/www.omni-biotic.com\/hu-hu\/wp-content\/uploads\/sites\/7\/2024\/11\/Meta-Care_Logo-300x300.png 300w, https:\/\/www.omni-biotic.com\/hu-hu\/wp-content\/uploads\/sites\/7\/2024\/11\/Meta-Care_Logo-768x768.png 768w, https:\/\/www.omni-biotic.com\/hu-hu\/wp-content\/uploads\/sites\/7\/2024\/11\/Meta-Care_Logo.png 1024w\" sizes=\"(max-width: 150px) 100vw, 150px\" title=\"\">\t\t\t\t\t\t\t\t\t\t\t\t\t\t\t<\/div>\n\t\t\t\t<\/div>\n\t\t\t\t<div class=\"elementor-element elementor-element-39cee18 elementor-widget elementor-widget-heading\" data-id=\"39cee18\" data-element_type=\"widget\" data-widget_type=\"heading.default\">\n\t\t\t\t<div class=\"elementor-widget-container\">\n\t\t\t\t\t<h2 class=\"elementor-heading-title elementor-size-default\">3. L\u00e9p\u00e9s: <br>\u00c9rt\u00e9kes \u00e1sv\u00e1nyi \u00e9s n\u00f6v\u00e9nyi anyagok<\/h2>\t\t\t\t<\/div>\n\t\t\t\t<\/div>\n\t\t\t\t<div class=\"elementor-element elementor-element-d52e98b elementor-widget elementor-widget-text-editor\" data-id=\"d52e98b\" data-element_type=\"widget\" data-widget_type=\"text-editor.default\">\n\t\t\t\t<div class=\"elementor-widget-container\">\n\t\t\t\t\t\t\t\t\t<p>A <strong>META-CARE\u00ae<\/strong> term\u00e9kek <strong>fontos anyagokkal<\/strong> l\u00e1tj\u00e1k el a b\u00e9lg\u00e1tat. A b\u00e9l \u00edgy k\u00e9pes szab\u00e1lyozni, mely anyagok jussanak el a t\u00e1pl\u00e1l\u00e9kb\u00f3l a m\u00f6g\u00f6ttes immunsejtekhez, \u00e9s melyeket kell kiv\u00e1lasztani a beleken kereszt\u00fcl.<\/p>\t\t\t\t\t\t\t\t<\/div>\n\t\t\t\t<\/div>\n\t\t\t\t<div class=\"elementor-element elementor-element-a30b209 elementor-align-center elementor-widget elementor-widget-button\" data-id=\"a30b209\" data-element_type=\"widget\" data-widget_type=\"button.default\">\n\t\t\t\t<div class=\"elementor-widget-container\">\n\t\t\t\t\t\t\t\t\t<div class=\"elementor-button-wrapper\">\n\t\t\t\t\t<a class=\"elementor-button elementor-button-link elementor-size-lg\" href=\"https:\/\/www.omni-biotic.com\/hu-hu\/termekek\/meta-care\/\">\n\t\t\t\t\t\t<span class=\"elementor-button-content-wrapper\">\n\t\t\t\t\t\t\t\t\t<span class=\"elementor-button-text\">\u00c9rdekel<\/span>\n\t\t\t\t\t<\/span>\n\t\t\t\t\t<\/a>\n\t\t\t\t<\/div>\n\t\t\t\t\t\t\t\t<\/div>\n\t\t\t\t<\/div>\n\t\t\t\t<\/div>\n\t\t\t\t\t<\/div>\n\t\t\t\t<\/div>\n\t\t<div class=\"elementor-element elementor-element-35e09f7 obcs none e-flex e-con-boxed e-con e-parent\" data-id=\"35e09f7\" data-element_type=\"container\">\n\t\t\t\t\t<div class=\"e-con-inner\">\n\t\t\t\t<div class=\"elementor-element elementor-element-4be5aea elementor-widget elementor-widget-infobox\" data-id=\"4be5aea\" data-element_type=\"widget\" data-widget_type=\"infobox.default\">\n\t\t\t\t<div class=\"elementor-widget-container\">\n\t\t\t\t\t\n<div class=\"li-widgets--infobox blue\">\n\n    <div class=\"li-widgets--infobox__icon\">\n        <i aria-hidden=\"true\" class=\"fas fa-info-circle\"><\/i>    <\/div>\n    <div class=\"li-widgets--infobox__text\">\n        <p>Szak\u00e9rt\u0151i tipp:<\/p>    <\/div>\n    <div class=\"li-widgets--infobox__text-body\">\n        <p>T\u00e1mogassa b\u00e9lg\u00e1tj\u00e1t kiv\u00e1l\u00f3 min\u0151s\u00e9g\u0171 <strong>b\u00e9lbakt\u00e9riumok<\/strong>, speci\u00e1lis <strong>\u00e9lelmi rostok<\/strong> \u00e9s \u00e9rt\u00e9kes <strong>t\u00e1panyagok<\/strong> <strong>kombin\u00e1ci\u00f3j\u00e1val<\/strong>!<\/p>    <\/div>\n\n    \n<\/div>\n\t\t\t\t<\/div>\n\t\t\t\t<\/div>\n\t\t\t\t\t<\/div>\n\t\t\t\t<\/div>\n\t\t\t\t<\/div>\n\t\t","protected":false},"excerpt":{"rendered":"<p>H\u00e1rom l\u00e9p\u00e9s az \u00e1ltal\u00e1nos j\u00f3ll\u00e9t\u00e9rt Az Institut AllergoSan a b\u00e9lbakt\u00e9riumok, az ide\u00e1lis \u00e9lelmi rostok, valamint a szervezet bizonyos funkci\u00f3ihoz sz\u00fcks\u00e9ges vitaminok, \u00e1sv\u00e1nyi anyagok \u00e9s nyomelemek h\u00e1rmas csoportj\u00e1ra \u00e9p\u00edt. Home Tartalomjegyz\u00e9k A mikrobiom \u00f3ri\u00e1si hat\u00e1ssal van a b\u00e9lbe ker\u00fcl\u0151 vitaminok, \u00e1sv\u00e1nyi anyagok \u00e9s nyomelemek felsz\u00edv\u00f3d\u00e1s\u00e1ra \u00e9s feldolgoz\u00e1s\u00e1ra a bevitt t\u00e1pl\u00e1l\u00e9kkal. A b\u00e9lben a b\u00e9lbakt\u00e9riumok el\u00e9rhet\u0151v\u00e9 teszik [&hellip;]<\/p>\n","protected":false},"author":19,"featured_media":0,"parent":0,"menu_order":0,"comment_status":"closed","ping_status":"closed","template":"","meta":{"_acf_changed":false,"inline_featured_image":false,"footnotes":""},"class_list":["post-23752","page","type-page","status-publish","hentry"],"acf":[],"_links":{"self":[{"href":"https:\/\/www.omni-biotic.com\/hu-hu\/wp-json\/wp\/v2\/pages\/23752","targetHints":{"allow":["GET"]}}],"collection":[{"href":"https:\/\/www.omni-biotic.com\/hu-hu\/wp-json\/wp\/v2\/pages"}],"about":[{"href":"https:\/\/www.omni-biotic.com\/hu-hu\/wp-json\/wp\/v2\/types\/page"}],"author":[{"embeddable":true,"href":"https:\/\/www.omni-biotic.com\/hu-hu\/wp-json\/wp\/v2\/users\/19"}],"replies":[{"embeddable":true,"href":"https:\/\/www.omni-biotic.com\/hu-hu\/wp-json\/wp\/v2\/comments?post=23752"}],"version-history":[{"count":7,"href":"https:\/\/www.omni-biotic.com\/hu-hu\/wp-json\/wp\/v2\/pages\/23752\/revisions"}],"predecessor-version":[{"id":23797,"href":"https:\/\/www.omni-biotic.com\/hu-hu\/wp-json\/wp\/v2\/pages\/23752\/revisions\/23797"}],"wp:attachment":[{"href":"https:\/\/www.omni-biotic.com\/hu-hu\/wp-json\/wp\/v2\/media?parent=23752"}],"curies":[{"name":"wp","href":"https:\/\/api.w.org\/{rel}","templated":true}]}}