{"id":67,"date":"2022-03-07T10:07:27","date_gmt":"2022-03-07T09:07:27","guid":{"rendered":"https:\/\/www.omni-biotic.com\/ueber-uns\/was-ist-omni-biotic\/"},"modified":"2024-10-25T11:00:45","modified_gmt":"2024-10-25T09:00:45","slug":"az-omni-biotic-markarol","status":"publish","type":"page","link":"https:\/\/www.omni-biotic.com\/hu-hu\/rolunk\/az-omni-biotic-markarol\/","title":{"rendered":"Az OMNi-BiOTiC\u00ae m\u00e1rk\u00e1r\u00f3l"},"content":{"rendered":"\t\t<div data-elementor-type=\"wp-page\" data-elementor-id=\"67\" class=\"elementor elementor-67\" data-elementor-post-type=\"page\">\n\t\t\t\t<div class=\"elementor-element elementor-element-10dab5f e-con-full obcs none e-flex e-con e-parent\" data-id=\"10dab5f\" data-element_type=\"container\" data-settings=\"{&quot;background_background&quot;:&quot;classic&quot;,&quot;shape_divider_bottom&quot;:&quot;waves&quot;}\">\n\t\t\t\t<div class=\"elementor-shape elementor-shape-bottom\" aria-hidden=\"true\" data-negative=\"false\">\n\t\t\t<svg xmlns=\"http:\/\/www.w3.org\/2000\/svg\" viewBox=\"0 0 1000 100\" preserveAspectRatio=\"none\">\n\t<path class=\"elementor-shape-fill\" d=\"M421.9,6.5c22.6-2.5,51.5,0.4,75.5,5.3c23.6,4.9,70.9,23.5,100.5,35.7c75.8,32.2,133.7,44.5,192.6,49.7\n\tc23.6,2.1,48.7,3.5,103.4-2.5c54.7-6,106.2-25.6,106.2-25.6V0H0v30.3c0,0,72,32.6,158.4,30.5c39.2-0.7,92.8-6.7,134-22.4\n\tc21.2-8.1,52.2-18.2,79.7-24.2C399.3,7.9,411.6,7.5,421.9,6.5z\"\/>\n<\/svg>\t\t<\/div>\n\t\t<div class=\"elementor-element elementor-element-c70ea30 e-con-full obcs none e-flex e-con e-child\" data-id=\"c70ea30\" data-element_type=\"container\" data-settings=\"{&quot;background_background&quot;:&quot;gradient&quot;}\">\n\t\t\t\t<div class=\"elementor-element elementor-element-f5b8924 elementor-widget elementor-widget-heading\" data-id=\"f5b8924\" data-element_type=\"widget\" data-widget_type=\"heading.default\">\n\t\t\t\t<div class=\"elementor-widget-container\">\n\t\t\t\t\t<h1 class=\"elementor-heading-title elementor-size-default\">OMNi-BiOTiC\u00ae \u2212 minden nap<\/h1>\t\t\t\t<\/div>\n\t\t\t\t<\/div>\n\t\t\t\t<div class=\"elementor-element elementor-element-8876617 elementor-widget-divider--view-line elementor-widget elementor-widget-divider\" data-id=\"8876617\" data-element_type=\"widget\" data-widget_type=\"divider.default\">\n\t\t\t\t<div class=\"elementor-widget-container\">\n\t\t\t\t\t\t\t<div class=\"elementor-divider\">\n\t\t\t<span class=\"elementor-divider-separator\">\n\t\t\t\t\t\t<\/span>\n\t\t<\/div>\n\t\t\t\t\t\t<\/div>\n\t\t\t\t<\/div>\n\t\t\t\t<div class=\"elementor-element elementor-element-0ac81ae elementor-widget elementor-widget-text-editor\" data-id=\"0ac81ae\" data-element_type=\"widget\" data-widget_type=\"text-editor.default\">\n\t\t\t\t<div class=\"elementor-widget-container\">\n\t\t\t\t\t\t\t\t\t<p>Az <strong>OMNi-BiOTiC\u00ae elengedhetetlen egy nagyszer\u0171 napind\u00edt\u00e1shoz. <\/strong> El\u00e9gedett \u00fcgyfelek milli\u00f3i tudj\u00e1k ezt, hiszen az OMNi-BiOTiC\u00ae term\u00e9kek minden nap t\u00e1mogat\u00e1k eg\u00e9szs\u00e9g\u00fcket.<\/p>\t\t\t\t\t\t\t\t<\/div>\n\t\t\t\t<\/div>\n\t\t\t\t<\/div>\n\t\t\t\t<\/div>\n\t\t<div class=\"elementor-element elementor-element-9f9f727 obcs none e-flex e-con-boxed e-con e-parent\" data-id=\"9f9f727\" data-element_type=\"container\">\n\t\t\t\t\t<div class=\"e-con-inner\">\n\t\t<div class=\"elementor-element elementor-element-48e8c0f e-con-full obcs none e-flex e-con e-child\" data-id=\"48e8c0f\" data-element_type=\"container\">\n\t\t\t\t<\/div>\n\t\t<div class=\"elementor-element elementor-element-e2b9d41 e-con-full obcs none e-flex e-con e-child\" data-id=\"e2b9d41\" data-element_type=\"container\">\n\t\t\t\t<div class=\"elementor-element elementor-element-868d158 elementor-toc--minimized-on-desktop elementor-widget elementor-widget-table-of-contents\" data-id=\"868d158\" data-element_type=\"widget\" data-settings=\"{&quot;exclude_headings_by_selector&quot;:[],&quot;minimized_on&quot;:&quot;desktop&quot;,&quot;headings_by_tags&quot;:[&quot;h2&quot;,&quot;h3&quot;,&quot;h4&quot;,&quot;h5&quot;,&quot;h6&quot;],&quot;marker_view&quot;:&quot;numbers&quot;,&quot;no_headings_message&quot;:&quot;Ezen az oldalon nem tal\\u00e1lhat\\u00f3 c\\u00edmsor.&quot;,&quot;minimize_box&quot;:&quot;yes&quot;,&quot;hierarchical_view&quot;:&quot;yes&quot;,&quot;min_height&quot;:{&quot;unit&quot;:&quot;px&quot;,&quot;size&quot;:&quot;&quot;,&quot;sizes&quot;:[]},&quot;min_height_tablet&quot;:{&quot;unit&quot;:&quot;px&quot;,&quot;size&quot;:&quot;&quot;,&quot;sizes&quot;:[]},&quot;min_height_mobile&quot;:{&quot;unit&quot;:&quot;px&quot;,&quot;size&quot;:&quot;&quot;,&quot;sizes&quot;:[]}}\" data-widget_type=\"table-of-contents.default\">\n\t\t\t\t<div class=\"elementor-widget-container\">\n\t\t\t\t\t\t\t\t\t<div class=\"elementor-toc__header\">\n\t\t\t\t\t\t<h4 class=\"elementor-toc__header-title\">\n\t\t\t\tTartalomjegyz\u00e9k\t\t\t<\/h4>\n\t\t\t\t\t\t\t\t\t\t<div class=\"elementor-toc__toggle-button elementor-toc__toggle-button--expand\" role=\"button\" tabindex=\"0\" aria-controls=\"elementor-toc__868d158\" aria-expanded=\"true\" aria-label=\"Open table of contents\"><i aria-hidden=\"true\" class=\"fas fa-chevron-down\"><\/i><\/div>\n\t\t\t\t<div class=\"elementor-toc__toggle-button elementor-toc__toggle-button--collapse\" role=\"button\" tabindex=\"0\" aria-controls=\"elementor-toc__868d158\" aria-expanded=\"true\" aria-label=\"Close table of contents\"><i aria-hidden=\"true\" class=\"fas fa-chevron-up\"><\/i><\/div>\n\t\t\t\t\t<\/div>\n\t\t\t\t<div id=\"elementor-toc__868d158\" class=\"elementor-toc__body\">\n\t\t\t<div class=\"elementor-toc__spinner-container\">\n\t\t\t\t<i class=\"elementor-toc__spinner eicon-animation-spin eicon-loading\" aria-hidden=\"true\"><\/i>\t\t\t<\/div>\n\t\t<\/div>\n\t\t\t\t\t\t<\/div>\n\t\t\t\t<\/div>\n\t\t\t\t<\/div>\n\t\t\t\t\t<\/div>\n\t\t\t\t<\/div>\n\t\t<div class=\"elementor-element elementor-element-66d4279 obcs magenta e-flex e-con-boxed e-con e-parent\" data-id=\"66d4279\" data-element_type=\"container\">\n\t\t\t\t\t<div class=\"e-con-inner\">\n\t\t<div class=\"elementor-element elementor-element-5f47002 e-con-full obcs none e-flex e-con e-child\" data-id=\"5f47002\" data-element_type=\"container\">\n\t\t\t\t<div class=\"elementor-element elementor-element-ff27658 elementor-widget elementor-widget-text-editor\" data-id=\"ff27658\" data-element_type=\"widget\" data-widget_type=\"text-editor.default\">\n\t\t\t\t<div class=\"elementor-widget-container\">\n\t\t\t\t\t\t\t\t\t<p>Az OMNi-BiOTiC\u00ae probiotikus m\u00e1rka sikert\u00f6rt\u00e9nete t\u00f6bb mint 30 \u00e9vvel ezel\u0151tt kezd\u0151d\u00f6tt, amikor a t\u00f6bbsz\u00f6r\u00f6sen kit\u00fcntetett b\u00e9lszak\u00e9rt\u0151 \u00e9s az <strong><a href=\"https:\/\/www.omni-biotic.com\/hu-hu\/rolunk\/institut-allergosan\/\">Institut AllergoSan<\/a> <\/strong>alap\u00edt\u00f3ja, <a href=\"https:\/\/www.omni-biotic.com\/hu-hu\/rolunk\/institut-allergosan\/anita-frauwallner\/\">Prof. Anita Frauwallner<\/a> felfedezte a b\u00e9lbakt\u00e9riumok ir\u00e1nti \u00e9rdekl\u0151d\u00e9s\u00e9t, miut\u00e1n egy drasztikus sorscsap\u00e1s arra k\u00e9sztette, hogy \u00faj \u00e9letet kezdjen. Az a meggy\u0151z\u0151d\u00e9s vezetett az OMNi-BiOTiC\u00ae probiotikus m\u00e1rka siker\u00e9hez, hogy az eg\u00e9szs\u00e9ges b\u00e9lrendszer a vitalit\u00e1s kulcsa. Az OMNi-BiOTiC\u00ae2023 eleje \u00f3ta a vil\u00e1g 3.* legkiv\u00e1l\u00f3bb probiotikus m\u00e1rk\u00e1ja! Vil\u00e1gszerte egyre t\u00f6bben tudj\u00e1k, hogy eg\u00e9szs\u00e9g\u00fck a b\u00e9lben kezd\u0151dik, \u00e9s b\u00edznak az OMNi-BiOTiC\u00ae term\u00e9keiben, valamint a m\u00f6g\u00f6tte \u00e1ll\u00f3 holisztikus megk\u00f6zel\u00edt\u00e9sben: az eg\u00e9szs\u00e9g alapjainak meger\u0151s\u00edt\u00e9se m\u00e9g a betegs\u00e9gek kialakul\u00e1sa el\u0151tt, m\u00e9gpedig azzal, amit a term\u00e9szet erre a c\u00e9lra biztos\u00edtott.<\/p><p><em>* IQVIA OTC Global Insights 2022, 03D5 Antidiarr Micro-Organisms, 03F1 Probiotics Digest Health, IQVIA OTC Audits \/ Public Price in EUR \/ Mio<\/em><\/p>\t\t\t\t\t\t\t\t<\/div>\n\t\t\t\t<\/div>\n\t\t\t\t<\/div>\n\t\t<div class=\"elementor-element elementor-element-47b257c e-con-full obcs none e-flex e-con e-child\" data-id=\"47b257c\" data-element_type=\"container\">\n\t\t\t\t<div class=\"elementor-element elementor-element-b8b81e0 elementor-widget elementor-widget-image\" data-id=\"b8b81e0\" data-element_type=\"widget\" data-widget_type=\"image.default\">\n\t\t\t\t<div class=\"elementor-widget-container\">\n\t\t\t\t\t\t\t\t\t\t\t\t\t\t\t<img fetchpriority=\"high\" decoding=\"async\" width=\"800\" height=\"589\" src=\"https:\/\/www.omni-biotic.com\/hu-hu\/wp-content\/uploads\/sites\/7\/2023\/08\/OMNi-BiOTiC_magyarorszag1024x754.png\" class=\"attachment-large size-large wp-image-18304\" alt=\"allergosan, em\u00e9szt\u00e9s, probiotikum, prebiotikum, m\u00e1rka, eg\u00e9szs\u00e9g, hasme\u00e9s ellen, sz\u00e9kreked\u00e9s ellen, impresszum\" srcset=\"https:\/\/www.omni-biotic.com\/hu-hu\/wp-content\/uploads\/sites\/7\/2023\/08\/OMNi-BiOTiC_magyarorszag1024x754.png 1024w, https:\/\/www.omni-biotic.com\/hu-hu\/wp-content\/uploads\/sites\/7\/2023\/08\/OMNi-BiOTiC_magyarorszag1024x754-300x221.png 300w, https:\/\/www.omni-biotic.com\/hu-hu\/wp-content\/uploads\/sites\/7\/2023\/08\/OMNi-BiOTiC_magyarorszag1024x754-768x566.png 768w\" sizes=\"(max-width: 800px) 100vw, 800px\" title=\"\">\t\t\t\t\t\t\t\t\t\t\t\t\t\t\t<\/div>\n\t\t\t\t<\/div>\n\t\t\t\t<\/div>\n\t\t\t\t\t<\/div>\n\t\t\t\t<\/div>\n\t\t<div class=\"elementor-element elementor-element-a159212 obcs magenta e-flex e-con-boxed e-con e-parent\" data-id=\"a159212\" data-element_type=\"container\">\n\t\t\t\t\t<div class=\"e-con-inner\">\n\t\t\t\t<div class=\"elementor-element elementor-element-47eb26d elementor-widget elementor-widget-infobox\" data-id=\"47eb26d\" data-element_type=\"widget\" data-widget_type=\"infobox.default\">\n\t\t\t\t<div class=\"elementor-widget-container\">\n\t\t\t\t\t\n<div class=\"li-widgets--infobox magenta highlights-always-magenta\">\n\n    <div class=\"li-widgets--infobox__icon\">\n        <i aria-hidden=\"true\" class=\"fas fa-info-circle\"><\/i>    <\/div>\n    <div class=\"li-widgets--infobox__text\">\n        <p>Mi\u00e9rt k\u00fcl\u00f6nleges az OMNi-BiOTiC\u00ae ?<\/p>    <\/div>\n    <div class=\"li-widgets--infobox__text-body\">\n        <p>Az<strong> OMNi-BiOTiC\u00ae<\/strong> siker\u00e9nek titka az <strong>innovat\u00edv \u00f6sszet\u00e9telben<\/strong> \u00e9s a <strong>magas min\u0151s\u00e9gi krit\u00e9riumokban <\/strong>rejlik, amelyek els\u0151dlegesek a probiotikumok fejleszt\u00e9se sor\u00e1n, \u00e9s k\u00e9zzelfoghat\u00f3 <strong>el\u0151ny\u00f6ket<\/strong> biztos\u00edtanak \u00fcgyfeleink sz\u00e1m\u00e1ra.<\/p>    <\/div>\n\n    \n<\/div>\n\t\t\t\t<\/div>\n\t\t\t\t<\/div>\n\t\t\t\t\t<\/div>\n\t\t\t\t<\/div>\n\t\t<div class=\"elementor-element elementor-element-66ec585 obcs none e-flex e-con-boxed e-con e-parent\" data-id=\"66ec585\" data-element_type=\"container\">\n\t\t\t\t\t<div class=\"e-con-inner\">\n\t\t<div class=\"elementor-element elementor-element-0ec1dcc e-con-full obcs none e-flex e-con e-child\" data-id=\"0ec1dcc\" data-element_type=\"container\">\n\t\t\t\t<div class=\"elementor-element elementor-element-45e3c05 elementor-widget elementor-widget-heading\" data-id=\"45e3c05\" data-element_type=\"widget\" data-widget_type=\"heading.default\">\n\t\t\t\t<div class=\"elementor-widget-container\">\n\t\t\t\t\t<h2 class=\"elementor-heading-title elementor-size-default\">A siker\u00fcnk titka<\/h2>\t\t\t\t<\/div>\n\t\t\t\t<\/div>\n\t\t\t\t<div class=\"elementor-element elementor-element-c93b8d0 elementor-widget elementor-widget-text-editor\" data-id=\"c93b8d0\" data-element_type=\"widget\" data-widget_type=\"text-editor.default\">\n\t\t\t\t<div class=\"elementor-widget-container\">\n\t\t\t\t\t\t\t\t\t<p>Neves klinik\u00e1kkal egy\u00fcttm\u0171k\u00f6dve sz\u00ednvonalas <strong>vizsg\u00e1latokat<\/strong> v\u00e9gz\u00fcnk, amelyeket rangos tudom\u00e1nyos foly\u00f3iratokban publik\u00e1lnak. Minden <strong>OMNi-BiOTiC\u00ae<\/strong> term\u00e9k nagysz\u00e1m\u00fa \u00e9let- \u00e9s szaporod\u00e1sra k\u00e9pes bakt\u00e9riumot tartalmaz, amelyek nemcsak k\u00f6zvetlen\u00fcl a b\u00e9lben, hanem az eg\u00e9sz szervezetben pozit\u00edv hat\u00e1st fejtenek ki. Ahhoz, hogy min\u00e9l t\u00f6bb kis bakt\u00e9rium jusson el s\u00e9rtetlen\u00fcl a b\u00e9lbe optim\u00e1lisan fel kell \u0151ket fegyverkezni a <strong>szervezet saj\u00e1t savai ellen<\/strong> a gyomorban \u00e9s a belekben. K\u00e9t dolog k\u00fcl\u00f6n\u00f6sen fontos:<\/p>\t\t\t\t\t\t\t\t<\/div>\n\t\t\t\t<\/div>\n\t\t\t\t<\/div>\n\t\t\t\t\t<\/div>\n\t\t\t\t<\/div>\n\t\t<div class=\"elementor-element elementor-element-7163f07 obcs none e-flex e-con-boxed e-con e-parent\" data-id=\"7163f07\" data-element_type=\"container\">\n\t\t\t\t\t<div class=\"e-con-inner\">\n\t\t<div class=\"elementor-element elementor-element-c03ae26 e-con-full obcs none e-flex e-con e-child\" data-id=\"c03ae26\" data-element_type=\"container\">\n\t\t\t\t<div class=\"elementor-element elementor-element-ba3b461 e-transform elementor-widget elementor-widget-image\" data-id=\"ba3b461\" data-element_type=\"widget\" data-settings=\"{&quot;_transform_rotateZ_effect&quot;:{&quot;unit&quot;:&quot;px&quot;,&quot;size&quot;:&quot;0&quot;,&quot;sizes&quot;:[]},&quot;_transform_rotate_3d&quot;:&quot;yes&quot;,&quot;_transform_rotateX_effect&quot;:{&quot;unit&quot;:&quot;px&quot;,&quot;size&quot;:&quot;0&quot;,&quot;sizes&quot;:[]},&quot;_transform_rotateY_effect&quot;:{&quot;unit&quot;:&quot;px&quot;,&quot;size&quot;:&quot;4&quot;,&quot;sizes&quot;:[]},&quot;_transform_perspective_effect&quot;:{&quot;unit&quot;:&quot;px&quot;,&quot;size&quot;:&quot;650&quot;,&quot;sizes&quot;:[]},&quot;_transform_rotateZ_effect_tablet&quot;:{&quot;unit&quot;:&quot;deg&quot;,&quot;size&quot;:&quot;&quot;,&quot;sizes&quot;:[]},&quot;_transform_rotateZ_effect_mobile&quot;:{&quot;unit&quot;:&quot;deg&quot;,&quot;size&quot;:&quot;&quot;,&quot;sizes&quot;:[]},&quot;_transform_rotateX_effect_tablet&quot;:{&quot;unit&quot;:&quot;deg&quot;,&quot;size&quot;:&quot;&quot;,&quot;sizes&quot;:[]},&quot;_transform_rotateX_effect_mobile&quot;:{&quot;unit&quot;:&quot;deg&quot;,&quot;size&quot;:&quot;&quot;,&quot;sizes&quot;:[]},&quot;_transform_rotateY_effect_tablet&quot;:{&quot;unit&quot;:&quot;deg&quot;,&quot;size&quot;:&quot;&quot;,&quot;sizes&quot;:[]},&quot;_transform_rotateY_effect_mobile&quot;:{&quot;unit&quot;:&quot;deg&quot;,&quot;size&quot;:&quot;&quot;,&quot;sizes&quot;:[]},&quot;_transform_perspective_effect_tablet&quot;:{&quot;unit&quot;:&quot;px&quot;,&quot;size&quot;:&quot;&quot;,&quot;sizes&quot;:[]},&quot;_transform_perspective_effect_mobile&quot;:{&quot;unit&quot;:&quot;px&quot;,&quot;size&quot;:&quot;&quot;,&quot;sizes&quot;:[]}}\" data-widget_type=\"image.default\">\n\t\t\t\t<div class=\"elementor-widget-container\">\n\t\t\t\t\t\t\t\t\t\t\t\t\t\t\t<img decoding=\"async\" width=\"800\" height=\"800\" src=\"https:\/\/www.omni-biotic.com\/hu-hu\/wp-content\/uploads\/sites\/7\/2023\/08\/belbakteriumok-omnibiotic.jpg\" class=\"attachment-large size-large wp-image-18305\" alt=\"allergosan, probiotikumok, prebiotikumok, eg\u00e9szs\u00e9g, em\u00e9szt\u00e9si probl\u00e9m\u00e1k, n\u0151i eg\u00e9szs\u00e9g\" srcset=\"https:\/\/www.omni-biotic.com\/hu-hu\/wp-content\/uploads\/sites\/7\/2023\/08\/belbakteriumok-omnibiotic.jpg 1024w, https:\/\/www.omni-biotic.com\/hu-hu\/wp-content\/uploads\/sites\/7\/2023\/08\/belbakteriumok-omnibiotic-300x300.jpg 300w, https:\/\/www.omni-biotic.com\/hu-hu\/wp-content\/uploads\/sites\/7\/2023\/08\/belbakteriumok-omnibiotic-150x150.jpg 150w, https:\/\/www.omni-biotic.com\/hu-hu\/wp-content\/uploads\/sites\/7\/2023\/08\/belbakteriumok-omnibiotic-768x768.jpg 768w\" sizes=\"(max-width: 800px) 100vw, 800px\" title=\"\">\t\t\t\t\t\t\t\t\t\t\t\t\t\t\t<\/div>\n\t\t\t\t<\/div>\n\t\t\t\t<\/div>\n\t\t<div class=\"elementor-element elementor-element-efc0bf2 e-con-full obcs none e-flex e-con e-child\" data-id=\"efc0bf2\" data-element_type=\"container\">\n\t\t\t\t<div class=\"elementor-element elementor-element-41bb502 elementor-widget elementor-widget-heading\" data-id=\"41bb502\" data-element_type=\"widget\" data-widget_type=\"heading.default\">\n\t\t\t\t<div class=\"elementor-widget-container\">\n\t\t\t\t\t<h3 class=\"elementor-heading-title elementor-size-default\">Bakt\u00e9riumt\u00f6rzsek kiv\u00e1laszt\u00e1sa<\/h3>\t\t\t\t<\/div>\n\t\t\t\t<\/div>\n\t\t\t\t<div class=\"elementor-element elementor-element-b8e47c2 elementor-widget elementor-widget-text-editor\" data-id=\"b8e47c2\" data-element_type=\"widget\" data-widget_type=\"text-editor.default\">\n\t\t\t\t<div class=\"elementor-widget-container\">\n\t\t\t\t\t\t\t\t\t<p>A bakt\u00e9riumt\u00f6rzsek kiv\u00e1laszt\u00e1sakor \u00fcgyelnek arra, hogy csak emberi t\u00f6rzseket haszn\u00e1ljanak, azaz olyan t\u00f6rzseket, amelyek term\u00e9szetes m\u00f3don fordulnak el\u0151 az emberi b\u00e9lben, \u00e9s amelyek genetikailag ellen\u00e1ll\u00f3ak a gyomorsavval, az epesavakkal \u00e9s a hasny\u00e1lmirigy v\u00e1lad\u00e9k\u00e1val szemben, amelyek elpuszt\u00edtj\u00e1k az idegen bakt\u00e9riumokat a gyomorban \u00e9s a nyomb\u00e9lben.<\/p>\t\t\t\t\t\t\t\t<\/div>\n\t\t\t\t<\/div>\n\t\t\t\t<div class=\"elementor-element elementor-element-144979d elementor-widget elementor-widget-heading\" data-id=\"144979d\" data-element_type=\"widget\" data-widget_type=\"heading.default\">\n\t\t\t\t<div class=\"elementor-widget-container\">\n\t\t\t\t\t<h3 class=\"elementor-heading-title elementor-size-default\">Rehidr\u00e1ci\u00f3<\/h3>\t\t\t\t<\/div>\n\t\t\t\t<\/div>\n\t\t\t\t<div class=\"elementor-element elementor-element-d897b8e elementor-widget elementor-widget-text-editor\" data-id=\"d897b8e\" data-element_type=\"widget\" data-widget_type=\"text-editor.default\">\n\t\t\t\t<div class=\"elementor-widget-container\">\n\t\t\t\t\t\t\t\t\t<p>M\u00e1sr\u00e9szt a fagyasztva sz\u00e1r\u00edtott <strong>OMNI-BiOTiC\u00ae<\/strong> bakt\u00e9riumt\u00f6rzsek m\u00e9g a testen k\u00edv\u00fcl, folyad\u00e9kban (pl. egy poh\u00e1r v\u00edzben) t\u00f6rt\u00e9n\u0151 rehidrat\u00e1l\u00e1ssal intenz\u00edven aktiv\u00e1l\u00f3dnak \u00e9s meger\u0151s\u00f6dnek, \u00edgy k\u00f6nnyen t\u00fal\u00e9lik az \u00e1thalad\u00e1st a gyomron, \u00e9s azonnal megkezdik munk\u00e1jukat a b\u00e9lben.<\/p>\t\t\t\t\t\t\t\t<\/div>\n\t\t\t\t<\/div>\n\t\t\t\t<\/div>\n\t\t\t\t\t<\/div>\n\t\t\t\t<\/div>\n\t\t<div class=\"elementor-element elementor-element-aeae2dd obcs none e-flex e-con-boxed e-con e-parent\" data-id=\"aeae2dd\" data-element_type=\"container\" data-settings=\"{&quot;background_background&quot;:&quot;classic&quot;,&quot;shape_divider_top&quot;:&quot;waves&quot;,&quot;shape_divider_bottom&quot;:&quot;waves&quot;}\">\n\t\t\t\t\t<div class=\"e-con-inner\">\n\t\t\t\t<div class=\"elementor-shape elementor-shape-top\" aria-hidden=\"true\" data-negative=\"false\">\n\t\t\t<svg xmlns=\"http:\/\/www.w3.org\/2000\/svg\" viewBox=\"0 0 1000 100\" preserveAspectRatio=\"none\">\n\t<path class=\"elementor-shape-fill\" d=\"M421.9,6.5c22.6-2.5,51.5,0.4,75.5,5.3c23.6,4.9,70.9,23.5,100.5,35.7c75.8,32.2,133.7,44.5,192.6,49.7\n\tc23.6,2.1,48.7,3.5,103.4-2.5c54.7-6,106.2-25.6,106.2-25.6V0H0v30.3c0,0,72,32.6,158.4,30.5c39.2-0.7,92.8-6.7,134-22.4\n\tc21.2-8.1,52.2-18.2,79.7-24.2C399.3,7.9,411.6,7.5,421.9,6.5z\"\/>\n<\/svg>\t\t<\/div>\n\t\t\t\t<div class=\"elementor-shape elementor-shape-bottom\" aria-hidden=\"true\" data-negative=\"false\">\n\t\t\t<svg xmlns=\"http:\/\/www.w3.org\/2000\/svg\" viewBox=\"0 0 1000 100\" preserveAspectRatio=\"none\">\n\t<path class=\"elementor-shape-fill\" d=\"M421.9,6.5c22.6-2.5,51.5,0.4,75.5,5.3c23.6,4.9,70.9,23.5,100.5,35.7c75.8,32.2,133.7,44.5,192.6,49.7\n\tc23.6,2.1,48.7,3.5,103.4-2.5c54.7-6,106.2-25.6,106.2-25.6V0H0v30.3c0,0,72,32.6,158.4,30.5c39.2-0.7,92.8-6.7,134-22.4\n\tc21.2-8.1,52.2-18.2,79.7-24.2C399.3,7.9,411.6,7.5,421.9,6.5z\"\/>\n<\/svg>\t\t<\/div>\n\t\t\t\t<div class=\"elementor-element elementor-element-75eb008 elementor-widget elementor-widget-text-editor\" data-id=\"75eb008\" data-element_type=\"widget\" data-widget_type=\"text-editor.default\">\n\t\t\t\t<div class=\"elementor-widget-container\">\n\t\t\t\t\t\t\t\t\t<p>Jelenleg <strong>16 k\u00fcl\u00f6nb\u00f6z\u0151 OMNi-BiOTiC\u00ae term\u00e9k\u00fcnk<\/strong> el\u00e9rhet\u0151. A <strong>b\u00e9lfl\u00f3ra \u00f6sszet\u00e9tel\u00e9t\u0151l<\/strong> \u00e9s a <strong>t\u00fcnetekt\u0151l<\/strong> f\u00fcgg\u0151en <strong>a bakt\u00e9riumok k\u00fcl\u00f6nb\u00f6z\u0151 kombin\u00e1ci\u00f3ja<\/strong> t\u00f6k\u00e9letes v\u00e1laszt\u00e1s a lehet\u0151 legjobb eredm\u00e9nyhez \u00e9s a b\u00e9lrendszer, mint az <strong>eg\u00e9szs\u00e9g\u00fcnk k\u00f6zpontja<\/strong> t\u00e1mogat\u00e1s\u00e1hoz.<\/p>\t\t\t\t\t\t\t\t<\/div>\n\t\t\t\t<\/div>\n\t\t\t\t\t<\/div>\n\t\t\t\t<\/div>\n\t\t\t\t<\/div>\n\t\t","protected":false},"excerpt":{"rendered":"<p>OMNi-BiOTiC\u00ae \u2212 minden nap Az OMNi-BiOTiC\u00ae elengedhetetlen egy nagyszer\u0171 napind\u00edt\u00e1shoz. El\u00e9gedett \u00fcgyfelek milli\u00f3i tudj\u00e1k ezt, hiszen az OMNi-BiOTiC\u00ae term\u00e9kek minden nap t\u00e1mogat\u00e1k eg\u00e9szs\u00e9g\u00fcket. Tartalomjegyz\u00e9k Az OMNi-BiOTiC\u00ae probiotikus m\u00e1rka sikert\u00f6rt\u00e9nete t\u00f6bb mint 30 \u00e9vvel ezel\u0151tt kezd\u0151d\u00f6tt, amikor a t\u00f6bbsz\u00f6r\u00f6sen kit\u00fcntetett b\u00e9lszak\u00e9rt\u0151 \u00e9s az Institut AllergoSan alap\u00edt\u00f3ja, Prof. Anita Frauwallner felfedezte a b\u00e9lbakt\u00e9riumok ir\u00e1nti \u00e9rdekl\u0151d\u00e9s\u00e9t, miut\u00e1n egy [&hellip;]<\/p>\n","protected":false},"author":3,"featured_media":19946,"parent":65,"menu_order":20,"comment_status":"closed","ping_status":"closed","template":"","meta":{"_acf_changed":false,"inline_featured_image":false,"footnotes":""},"class_list":["post-67","page","type-page","status-publish","has-post-thumbnail","hentry"],"acf":[],"_links":{"self":[{"href":"https:\/\/www.omni-biotic.com\/hu-hu\/wp-json\/wp\/v2\/pages\/67","targetHints":{"allow":["GET"]}}],"collection":[{"href":"https:\/\/www.omni-biotic.com\/hu-hu\/wp-json\/wp\/v2\/pages"}],"about":[{"href":"https:\/\/www.omni-biotic.com\/hu-hu\/wp-json\/wp\/v2\/types\/page"}],"author":[{"embeddable":true,"href":"https:\/\/www.omni-biotic.com\/hu-hu\/wp-json\/wp\/v2\/users\/3"}],"replies":[{"embeddable":true,"href":"https:\/\/www.omni-biotic.com\/hu-hu\/wp-json\/wp\/v2\/comments?post=67"}],"version-history":[{"count":7,"href":"https:\/\/www.omni-biotic.com\/hu-hu\/wp-json\/wp\/v2\/pages\/67\/revisions"}],"predecessor-version":[{"id":23712,"href":"https:\/\/www.omni-biotic.com\/hu-hu\/wp-json\/wp\/v2\/pages\/67\/revisions\/23712"}],"up":[{"embeddable":true,"href":"https:\/\/www.omni-biotic.com\/hu-hu\/wp-json\/wp\/v2\/pages\/65"}],"wp:featuredmedia":[{"embeddable":true,"href":"https:\/\/www.omni-biotic.com\/hu-hu\/wp-json\/wp\/v2\/media\/19946"}],"wp:attachment":[{"href":"https:\/\/www.omni-biotic.com\/hu-hu\/wp-json\/wp\/v2\/media?parent=67"}],"curies":[{"name":"wp","href":"https:\/\/api.w.org\/{rel}","templated":true}]}}