{"id":93,"date":"2022-03-07T10:07:28","date_gmt":"2022-03-07T09:07:28","guid":{"rendered":"https:\/\/www.omni-biotic.com\/ueber-uns\/forschung-entwicklung\/studienspiegel\/"},"modified":"2023-12-05T09:15:04","modified_gmt":"2023-12-05T08:15:04","slug":"minosegi-kriteriumok","status":"publish","type":"page","link":"https:\/\/www.omni-biotic.com\/hu-hu\/rolunk\/kutatas-fejlesztes\/minosegi-kriteriumok\/","title":{"rendered":"Min\u0151s\u00e9gi krit\u00e9riumok"},"content":{"rendered":"\t\t<div data-elementor-type=\"wp-page\" data-elementor-id=\"93\" class=\"elementor elementor-93\" data-elementor-post-type=\"page\">\n\t\t\t\t<div class=\"elementor-element elementor-element-0e5a49f e-con-full obcs none e-flex e-con e-parent\" data-id=\"0e5a49f\" data-element_type=\"container\" data-settings=\"{&quot;background_background&quot;:&quot;classic&quot;,&quot;shape_divider_bottom&quot;:&quot;waves&quot;}\">\n\t\t\t\t<div class=\"elementor-shape elementor-shape-bottom\" aria-hidden=\"true\" data-negative=\"false\">\n\t\t\t<svg xmlns=\"http:\/\/www.w3.org\/2000\/svg\" viewBox=\"0 0 1000 100\" preserveAspectRatio=\"none\">\n\t<path class=\"elementor-shape-fill\" d=\"M421.9,6.5c22.6-2.5,51.5,0.4,75.5,5.3c23.6,4.9,70.9,23.5,100.5,35.7c75.8,32.2,133.7,44.5,192.6,49.7\n\tc23.6,2.1,48.7,3.5,103.4-2.5c54.7-6,106.2-25.6,106.2-25.6V0H0v30.3c0,0,72,32.6,158.4,30.5c39.2-0.7,92.8-6.7,134-22.4\n\tc21.2-8.1,52.2-18.2,79.7-24.2C399.3,7.9,411.6,7.5,421.9,6.5z\"\/>\n<\/svg>\t\t<\/div>\n\t\t\t\t<div class=\"elementor-element elementor-element-f8ef126 elementor-absolute elementor-hidden-mobile elementor-align-center elementor-widget elementor-widget-lottie\" data-id=\"f8ef126\" data-element_type=\"widget\" data-settings=\"{&quot;source_json&quot;:{&quot;url&quot;:&quot;https:\\\/\\\/www.omni-biotic.com\\\/hu-hu\\\/wp-content\\\/uploads\\\/sites\\\/7\\\/2022\\\/08\\\/lf30_editor_s5uwdgjh.json&quot;,&quot;id&quot;:&quot;7733&quot;,&quot;size&quot;:&quot;&quot;,&quot;alt&quot;:&quot;&quot;,&quot;source&quot;:&quot;library&quot;},&quot;loop&quot;:&quot;yes&quot;,&quot;play_speed&quot;:{&quot;unit&quot;:&quot;px&quot;,&quot;size&quot;:&quot;0.3&quot;,&quot;sizes&quot;:[]},&quot;_position&quot;:&quot;absolute&quot;,&quot;source&quot;:&quot;media_file&quot;,&quot;caption_source&quot;:&quot;none&quot;,&quot;link_to&quot;:&quot;none&quot;,&quot;trigger&quot;:&quot;arriving_to_viewport&quot;,&quot;viewport&quot;:{&quot;unit&quot;:&quot;%&quot;,&quot;size&quot;:&quot;&quot;,&quot;sizes&quot;:{&quot;start&quot;:0,&quot;end&quot;:100}},&quot;start_point&quot;:{&quot;unit&quot;:&quot;%&quot;,&quot;size&quot;:0,&quot;sizes&quot;:[]},&quot;end_point&quot;:{&quot;unit&quot;:&quot;%&quot;,&quot;size&quot;:100,&quot;sizes&quot;:[]},&quot;renderer&quot;:&quot;svg&quot;}\" data-widget_type=\"lottie.default\">\n\t\t\t\t<div class=\"elementor-widget-container\">\n\t\t\t\t\t<div class=\"e-lottie__container\"><div class=\"e-lottie__animation\"><\/div><\/div>\t\t\t\t<\/div>\n\t\t\t\t<\/div>\n\t\t<div class=\"elementor-element elementor-element-30ee552 e-con-full obcs none e-flex e-con e-parent\" data-id=\"30ee552\" data-element_type=\"container\" data-settings=\"{&quot;background_background&quot;:&quot;gradient&quot;}\">\n\t\t\t\t<div class=\"elementor-element elementor-element-6320119 elementor-widget elementor-widget-heading\" data-id=\"6320119\" data-element_type=\"widget\" data-widget_type=\"heading.default\">\n\t\t\t\t<div class=\"elementor-widget-container\">\n\t\t\t\t\t<h1 class=\"elementor-heading-title elementor-size-default\">Orvosilag relev\u00e1ns probiotikumok \u00e9s szinbiotikumok min\u0151s\u00e9gi krit\u00e9riumai<\/h1>\t\t\t\t<\/div>\n\t\t\t\t<\/div>\n\t\t\t\t<div class=\"elementor-element elementor-element-5754360 elementor-widget-divider--view-line elementor-widget elementor-widget-divider\" data-id=\"5754360\" data-element_type=\"widget\" data-widget_type=\"divider.default\">\n\t\t\t\t<div class=\"elementor-widget-container\">\n\t\t\t\t\t\t\t<div class=\"elementor-divider\">\n\t\t\t<span class=\"elementor-divider-separator\">\n\t\t\t\t\t\t<\/span>\n\t\t<\/div>\n\t\t\t\t\t\t<\/div>\n\t\t\t\t<\/div>\n\t\t\t\t<div class=\"elementor-element elementor-element-310ac00 elementor-widget elementor-widget-text-editor\" data-id=\"310ac00\" data-element_type=\"widget\" data-widget_type=\"text-editor.default\">\n\t\t\t\t<div class=\"elementor-widget-container\">\n\t\t\t\t\t\t\t\t\t<p>A WHO, a WGO, az FDA \u00e9s az OePROM krit\u00e9riumai szerint<\/p>\t\t\t\t\t\t\t\t<\/div>\n\t\t\t\t<\/div>\n\t\t\t\t<\/div>\n\t\t\t\t<\/div>\n\t\t<div class=\"elementor-element elementor-element-451c87c obcs none e-flex e-con-boxed e-con e-parent\" data-id=\"451c87c\" data-element_type=\"container\">\n\t\t\t\t\t<div class=\"e-con-inner\">\n\t\t<div class=\"elementor-element elementor-element-8ac75ab e-con-full obcs none e-flex e-con e-parent\" data-id=\"8ac75ab\" data-element_type=\"container\">\n\t\t\t\t<div class=\"elementor-element elementor-element-62795f5 elementor-align-left elementor-widget__width-initial elementor-widget elementor-widget-breadcrumbs\" data-id=\"62795f5\" data-element_type=\"widget\" data-widget_type=\"breadcrumbs.default\">\n\t\t\t\t<div class=\"elementor-widget-container\">\n\t\t\t\t\t<span><span class=\"last\">Home<\/span><\/span>\t\t\t\t<\/div>\n\t\t\t\t<\/div>\n\t\t\t\t<\/div>\n\t\t<div class=\"elementor-element elementor-element-55f6d37 e-con-full obcs none e-flex e-con e-parent\" data-id=\"55f6d37\" data-element_type=\"container\">\n\t\t\t\t<div class=\"elementor-element elementor-element-09b6b67 elementor-toc--minimized-on-desktop elementor-widget elementor-widget-table-of-contents\" data-id=\"09b6b67\" data-element_type=\"widget\" data-settings=\"{&quot;exclude_headings_by_selector&quot;:[],&quot;minimized_on&quot;:&quot;desktop&quot;,&quot;headings_by_tags&quot;:[&quot;h2&quot;,&quot;h3&quot;,&quot;h4&quot;,&quot;h5&quot;,&quot;h6&quot;],&quot;marker_view&quot;:&quot;numbers&quot;,&quot;no_headings_message&quot;:&quot;Ezen az oldalon nem tal\\u00e1lhat\\u00f3 c\\u00edmsor.&quot;,&quot;minimize_box&quot;:&quot;yes&quot;,&quot;hierarchical_view&quot;:&quot;yes&quot;,&quot;min_height&quot;:{&quot;unit&quot;:&quot;px&quot;,&quot;size&quot;:&quot;&quot;,&quot;sizes&quot;:[]},&quot;min_height_tablet&quot;:{&quot;unit&quot;:&quot;px&quot;,&quot;size&quot;:&quot;&quot;,&quot;sizes&quot;:[]},&quot;min_height_mobile&quot;:{&quot;unit&quot;:&quot;px&quot;,&quot;size&quot;:&quot;&quot;,&quot;sizes&quot;:[]}}\" data-widget_type=\"table-of-contents.default\">\n\t\t\t\t<div class=\"elementor-widget-container\">\n\t\t\t\t\t\t\t\t\t<div class=\"elementor-toc__header\">\n\t\t\t\t\t\t<h4 class=\"elementor-toc__header-title\">\n\t\t\t\tTartalomjegyz\u00e9k\t\t\t<\/h4>\n\t\t\t\t\t\t\t\t\t\t<div class=\"elementor-toc__toggle-button elementor-toc__toggle-button--expand\" role=\"button\" tabindex=\"0\" aria-controls=\"elementor-toc__09b6b67\" aria-expanded=\"true\" aria-label=\"Open table of contents\"><i aria-hidden=\"true\" class=\"fas fa-chevron-down\"><\/i><\/div>\n\t\t\t\t<div class=\"elementor-toc__toggle-button elementor-toc__toggle-button--collapse\" role=\"button\" tabindex=\"0\" aria-controls=\"elementor-toc__09b6b67\" aria-expanded=\"true\" aria-label=\"Close table of contents\"><i aria-hidden=\"true\" class=\"fas fa-chevron-up\"><\/i><\/div>\n\t\t\t\t\t<\/div>\n\t\t\t\t<div id=\"elementor-toc__09b6b67\" class=\"elementor-toc__body\">\n\t\t\t<div class=\"elementor-toc__spinner-container\">\n\t\t\t\t<i class=\"elementor-toc__spinner eicon-animation-spin eicon-loading\" aria-hidden=\"true\"><\/i>\t\t\t<\/div>\n\t\t<\/div>\n\t\t\t\t\t\t<\/div>\n\t\t\t\t<\/div>\n\t\t\t\t<\/div>\n\t\t\t\t\t<\/div>\n\t\t\t\t<\/div>\n\t\t<div class=\"elementor-element elementor-element-6eaa77e obcs none e-flex e-con-boxed e-con e-parent\" data-id=\"6eaa77e\" data-element_type=\"container\">\n\t\t\t\t\t<div class=\"e-con-inner\">\n\t\t\t\t<div class=\"elementor-element elementor-element-e3290a3 elementor-widget elementor-widget-heading\" data-id=\"e3290a3\" data-element_type=\"widget\" data-widget_type=\"heading.default\">\n\t\t\t\t<div class=\"elementor-widget-container\">\n\t\t\t\t\t<h2 class=\"elementor-heading-title elementor-size-default\">1. Biztons\u00e1g<\/h2>\t\t\t\t<\/div>\n\t\t\t\t<\/div>\n\t\t\t\t<div class=\"elementor-element elementor-element-c8d01e8 elementor-widget elementor-widget-text-editor\" data-id=\"c8d01e8\" data-element_type=\"widget\" data-widget_type=\"text-editor.default\">\n\t\t\t\t<div class=\"elementor-widget-container\">\n\t\t\t\t\t\t\t\t\t<p>Minden felhaszn\u00e1lt bakt\u00e9riumt\u00f6rzsnek GRAS \u00e9s QPS st\u00e1tusszal vagy hasonl\u00f3 biztons\u00e1gi el\u0151\u00edr\u00e1sokkal kell rendelkeznie, ami az emberi bevitel szempontj\u00e1b\u00f3l a legnagyobb biztons\u00e1got \u00e9s a mell\u00e9khat\u00e1sok kiz\u00e1r\u00e1s\u00e1t jelenti m\u00e9g hossz\u00fa t\u00e1v\u00fa alkalmaz\u00e1s eset\u00e9n is.<\/p>\t\t\t\t\t\t\t\t<\/div>\n\t\t\t\t<\/div>\n\t\t\t\t<div class=\"elementor-element elementor-element-cca8edc elementor-widget elementor-widget-heading\" data-id=\"cca8edc\" data-element_type=\"widget\" data-widget_type=\"heading.default\">\n\t\t\t\t<div class=\"elementor-widget-container\">\n\t\t\t\t\t<h2 class=\"elementor-heading-title elementor-size-default\">2. Bakt\u00e9riumsz\u00e1m<\/h2>\t\t\t\t<\/div>\n\t\t\t\t<\/div>\n\t\t\t\t<div class=\"elementor-element elementor-element-9af9b73 elementor-widget elementor-widget-text-editor\" data-id=\"9af9b73\" data-element_type=\"widget\" data-widget_type=\"text-editor.default\">\n\t\t\t\t<div class=\"elementor-widget-container\">\n\t\t\t\t\t\t\t\t\t<p>Legal\u00e1bb 109 CFU (= 1 milli\u00e1rd cs\u00edra \/ gramm). Ez azt jelenti, hogy relev\u00e1ns sz\u00e1m\u00fa \u00e9letk\u00e9pes bakt\u00e9riumot lehet bevinni.<\/p>\t\t\t\t\t\t\t\t<\/div>\n\t\t\t\t<\/div>\n\t\t\t\t<div class=\"elementor-element elementor-element-0ac692b elementor-widget elementor-widget-heading\" data-id=\"0ac692b\" data-element_type=\"widget\" data-widget_type=\"heading.default\">\n\t\t\t\t<div class=\"elementor-widget-container\">\n\t\t\t\t\t<h2 class=\"elementor-heading-title elementor-size-default\">3. Aktivit\u00e1s<\/h2>\t\t\t\t<\/div>\n\t\t\t\t<\/div>\n\t\t\t\t<div class=\"elementor-element elementor-element-cb123cb elementor-widget elementor-widget-text-editor\" data-id=\"cb123cb\" data-element_type=\"widget\" data-widget_type=\"text-editor.default\">\n\t\t\t\t<div class=\"elementor-widget-container\">\n\t\t\t\t\t\t\t\t\t<p>A probiotikus bakt\u00e9riumok miut\u00e1n visszanyert\u00e9k aktivit\u00e1sukat, a rehidrat\u00e1l\u00e1st k\u00f6vet\u0151 24 \u00f3r\u00e1ban a legakt\u00edvabbak. A joghurtok eset\u00e9ben ez m\u00e9g mindig a tej\u00fczemben t\u00f6rt\u00e9nik, ahol a tejb\u0151l tejsavtermel\u00e9ssel joghurt k\u00e9sz\u00fcl, de a granul\u00e1tumporok eset\u00e9ben ez az emberi szervezetben t\u00f6rt\u00e9nik, ahol a bakt\u00e9riumok akt\u00edvan haszn\u00e1lj\u00e1k k\u00e9pess\u00e9geiket a mi \u00e9rdek\u00fcnkben.<\/p>\t\t\t\t\t\t\t\t<\/div>\n\t\t\t\t<\/div>\n\t\t\t\t<div class=\"elementor-element elementor-element-ae764ed elementor-widget elementor-widget-heading\" data-id=\"ae764ed\" data-element_type=\"widget\" data-widget_type=\"heading.default\">\n\t\t\t\t<div class=\"elementor-widget-container\">\n\t\t\t\t\t<h2 class=\"elementor-heading-title elementor-size-default\">4. Szaporod\u00e1si-k\u00e9pess\u00e9g<\/h2>\t\t\t\t<\/div>\n\t\t\t\t<\/div>\n\t\t\t\t<div class=\"elementor-element elementor-element-7779a42 elementor-widget elementor-widget-text-editor\" data-id=\"7779a42\" data-element_type=\"widget\" data-widget_type=\"text-editor.default\">\n\t\t\t\t<div class=\"elementor-widget-container\">\n\t\t\t\t\t\t\t\t\t<p>A probiotikus cs\u00edr\u00e1k bizony\u00edtottan szaporodnak a alkalmaz\u00e1s sz\u00fcneteltet\u00e9se ut\u00e1n is. Ez eddig csak nagyon kev\u00e9s term\u00e9k eset\u00e9ben bizony\u00edtott, mivel csak nagyon nagy szorz\u00e1si sz\u00e1mok r\u00f6gz\u00edthet\u0151k. Bizony\u00edt\u00e9kok az el\u0151z\u0151kre vonatkoz\u00f3an (pl. OMNi-BiOTiC\u00ae PANDA, OMNi-BiOTiC\u00ae 10 \u00e9s OMNi-BiOTiC\u00ae STRESS Rapair) tudom\u00e1nyos foly\u00f3iratokban jelentek meg.<\/p>\t\t\t\t\t\t\t\t<\/div>\n\t\t\t\t<\/div>\n\t\t\t\t<div class=\"elementor-element elementor-element-e98ace6 elementor-widget elementor-widget-heading\" data-id=\"e98ace6\" data-element_type=\"widget\" data-widget_type=\"heading.default\">\n\t\t\t\t<div class=\"elementor-widget-container\">\n\t\t\t\t\t<h2 class=\"elementor-heading-title elementor-size-default\">5. Gyomor- \u00e9s epesavval szembeni ellen\u00e1ll\u00f3 k\u00e9pess\u00e9g<\/h2>\t\t\t\t<\/div>\n\t\t\t\t<\/div>\n\t\t\t\t<div class=\"elementor-element elementor-element-49d651a elementor-widget elementor-widget-text-editor\" data-id=\"49d651a\" data-element_type=\"widget\" data-widget_type=\"text-editor.default\">\n\t\t\t\t<div class=\"elementor-widget-container\">\n\t\t\t\t\t\t\t\t\t<p>A cs\u00edr\u00e1k er\u0151s savakkal szembeni stabilit\u00e1sa alapvet\u0151 fontoss\u00e1g\u00fa. A fagyasztva sz\u00e1r\u00edtott bakt\u00e9riumok aktiviz\u00e1l\u00e1sa testen k\u00edv\u00fcli, semleges folyad\u00e9kban nagyon hat\u00e9konynak bizonyul. Ebben a bakt\u00e9riumok magukhoz vehetik els\u0151 t\u00e1pl\u00e1l\u00e9kaikat \u00e9s er\u0151re kaphatnak, miel\u0151tt a t\u00fal\u00e9l\u00e9s\u00e9rt k\u00fczden\u00e9nek. A gyomorban a gyomorsavval tal\u00e1lkoznak, az epesavval \u00e9s a hasny\u00e1lmirigy-szekr\u00e9tummal pedig a patk\u00f3b\u00e9lben.<\/p>\t\t\t\t\t\t\t\t<\/div>\n\t\t\t\t<\/div>\n\t\t\t\t<div class=\"elementor-element elementor-element-7d2285b elementor-widget elementor-widget-heading\" data-id=\"7d2285b\" data-element_type=\"widget\" data-widget_type=\"heading.default\">\n\t\t\t\t<div class=\"elementor-widget-container\">\n\t\t\t\t\t<h2 class=\"elementor-heading-title elementor-size-default\">6. Stabilit\u00e1s szobah\u0151m\u00e9rs\u00e9kleten<\/h2>\t\t\t\t<\/div>\n\t\t\t\t<\/div>\n\t\t\t\t<div class=\"elementor-element elementor-element-1439fc4 elementor-widget elementor-widget-text-editor\" data-id=\"1439fc4\" data-element_type=\"widget\" data-widget_type=\"text-editor.default\">\n\t\t\t\t<div class=\"elementor-widget-container\">\n\t\t\t\t\t\t\t\t\t<p>A csomagol\u00e1skor nem az aktu\u00e1lis bakt\u00e9riummennyis\u00e9g t\u00fcntetend\u0151 fel, hanem annyi, amely a min\u0151s\u00e9gmeg\u0151rz\u00e9si id\u0151 eltelt\u00e9vel a term\u00e9kben tal\u00e1lhat\u00f3. A bakt\u00e9riumok n\u00e9h\u00e1ny nap m\u00falt\u00e1n elpusztulnak, ha a k\u00f6rnyezet nem k\u00edn\u00e1l optim\u00e1lis \u00e9letk\u00f6r\u00fclm\u00e9nyeket. Az OMNi-BiOTiC\u00ae term\u00e9keket id\u0151r\u0151l id\u0151re min\u0151s\u00e9gi elemz\u00e9seknek vetj\u00fck al\u00e1, annak \u00e9rdek\u00e9ben, hogy a 24 h\u00f3napos stabilit\u00e1s szobah\u0151m\u00e9rs\u00e9kleten igazolhat\u00f3an garant\u00e1lhat\u00f3 legyen.<\/p>\t\t\t\t\t\t\t\t<\/div>\n\t\t\t\t<\/div>\n\t\t\t\t<div class=\"elementor-element elementor-element-51f5967 elementor-widget elementor-widget-heading\" data-id=\"51f5967\" data-element_type=\"widget\" data-widget_type=\"heading.default\">\n\t\t\t\t<div class=\"elementor-widget-container\">\n\t\t\t\t\t<h2 class=\"elementor-heading-title elementor-size-default\">7. A k\u00f6rnyezet optimaliz\u00e1l\u00e1sa<\/h2>\t\t\t\t<\/div>\n\t\t\t\t<\/div>\n\t\t\t\t<div class=\"elementor-element elementor-element-990c23b elementor-widget elementor-widget-text-editor\" data-id=\"990c23b\" data-element_type=\"widget\" data-widget_type=\"text-editor.default\">\n\t\t\t\t<div class=\"elementor-widget-container\">\n\t\t\t\t\t\t\t\t\t<p>A v\u00e9konyb\u00e9lben az optim\u00e1lis pH \u00e9rt\u00e9k 4,0-5,5 k\u00f6z\u00f6tt mozog. Enn\u00e9l az \u00e9rt\u00e9kn\u00e9l a hasznos bakt\u00e9riumok optim\u00e1lisan k\u00e9pesek szaporodni, a k\u00f3rokoz\u00f3 bakt\u00e9riumok ezzel szemben nem. \u00c9ppen ez\u00e9rt a probiotikumnak olyan bakt\u00e9riumokat kell tartalmazniuk, amelyek kifejezetten a tejsavk\u00e9pz\u0151d\u00e9s r\u00e9v\u00e9n k\u00e9pesek a pH-\u00e9rt\u00e9ket cs\u00f6kkenteni.<\/p>\t\t\t\t\t\t\t\t<\/div>\n\t\t\t\t<\/div>\n\t\t\t\t<div class=\"elementor-element elementor-element-5808412 elementor-widget elementor-widget-heading\" data-id=\"5808412\" data-element_type=\"widget\" data-widget_type=\"heading.default\">\n\t\t\t\t<div class=\"elementor-widget-container\">\n\t\t\t\t\t<h2 class=\"elementor-heading-title elementor-size-default\">8. Szimbi\u00f3zisban \u00e9l\u0151 bakt\u00e9riumt\u00f6rzsek t\u00f6bb faj\u00fa form\u00e1ban<\/h2>\t\t\t\t<\/div>\n\t\t\t\t<\/div>\n\t\t\t\t<div class=\"elementor-element elementor-element-bd73b2f elementor-widget elementor-widget-text-editor\" data-id=\"bd73b2f\" data-element_type=\"widget\" data-widget_type=\"text-editor.default\">\n\t\t\t\t<div class=\"elementor-widget-container\">\n\t\t\t\t\t\t\t\t\t<p>Tudom\u00e1nyos eredm\u00e9nyek azt mutatj\u00e1k, hogy t\u00f6bb bakt\u00e9riumt\u00f6rzs c\u00e9lzott kombin\u00e1ci\u00f3ja sz\u00e1mos alkalmaz\u00e1sban jobb, mint egyetlen bakt\u00e9riumt\u00f6rzs bevitele. Az egyes t\u00f6rzsek hat\u00e9konys\u00e1ga tov\u00e1bb n\u00f6velhet\u0151 \u00e9sszer\u0171 kombin\u00e1ci\u00f3val a t\u00f6bbfajb\u00f3l \u00e1ll\u00f3 k\u00e9sz\u00edtm\u00e9nyekben.<\/p>\t\t\t\t\t\t\t\t<\/div>\n\t\t\t\t<\/div>\n\t\t\t\t<div class=\"elementor-element elementor-element-3ef145b elementor-widget elementor-widget-heading\" data-id=\"3ef145b\" data-element_type=\"widget\" data-widget_type=\"heading.default\">\n\t\t\t\t<div class=\"elementor-widget-container\">\n\t\t\t\t\t<h2 class=\"elementor-heading-title elementor-size-default\">9. A bakt\u00e9riumt\u00f6rzsek szinergi\u00e1ja<\/h2>\t\t\t\t<\/div>\n\t\t\t\t<\/div>\n\t\t\t\t<div class=\"elementor-element elementor-element-bfc70a7 elementor-widget elementor-widget-text-editor\" data-id=\"bfc70a7\" data-element_type=\"widget\" data-widget_type=\"text-editor.default\">\n\t\t\t\t<div class=\"elementor-widget-container\">\n\t\t\t\t\t\t\t\t\t<p>Nem minden bakt\u00e9riumt\u00f6rzs k\u00e9pes \u00f6sszhangban \u00e9lni egym\u00e1ssal, ez\u00e9rt verseng\u00e9s is kialakulhat (pl. a t\u00e1pl\u00e1l\u00e9k\u00e9rt), ez\u00e9rt a t\u00f6bbfaj\u00fa bakt\u00e9riumk\u00e9sz\u00edtm\u00e9nyek szinergi\u00e1j\u00e1t \u00fagynevezett <em>cross streak<\/em> m\u00f3dszerrel kell bizony\u00edtani, vagy a hat\u00e9konys\u00e1gukr\u00f3l tanulm\u00e1nyoknak kell rendelkez\u00e9sre \u00e1llni.<\/p>\t\t\t\t\t\t\t\t<\/div>\n\t\t\t\t<\/div>\n\t\t\t\t<div class=\"elementor-element elementor-element-f49288e elementor-widget elementor-widget-heading\" data-id=\"f49288e\" data-element_type=\"widget\" data-widget_type=\"heading.default\">\n\t\t\t\t<div class=\"elementor-widget-container\">\n\t\t\t\t\t<h2 class=\"elementor-heading-title elementor-size-default\">10. Cukormentes, glut\u00e9nmentes \u00e9s \u00e1llati feh\u00e9rj\u00e9t\u0151l mentes<\/h2>\t\t\t\t<\/div>\n\t\t\t\t<\/div>\n\t\t\t\t<div class=\"elementor-element elementor-element-758acc7 elementor-widget elementor-widget-text-editor\" data-id=\"758acc7\" data-element_type=\"widget\" data-widget_type=\"text-editor.default\">\n\t\t\t\t<div class=\"elementor-widget-container\">\n\t\t\t\t\t\t\t\t\t<p>Az intolerancia elker\u00fcl\u00e9se v\u00e9gett.<\/p>\t\t\t\t\t\t\t\t<\/div>\n\t\t\t\t<\/div>\n\t\t\t\t<div class=\"elementor-element elementor-element-c330708 elementor-widget elementor-widget-heading\" data-id=\"c330708\" data-element_type=\"widget\" data-widget_type=\"heading.default\">\n\t\t\t\t<div class=\"elementor-widget-container\">\n\t\t\t\t\t<h2 class=\"elementor-heading-title elementor-size-default\">11. M\u00e1trix<\/h2>\t\t\t\t<\/div>\n\t\t\t\t<\/div>\n\t\t\t\t<div class=\"elementor-element elementor-element-03cc136 elementor-widget elementor-widget-text-editor\" data-id=\"03cc136\" data-element_type=\"widget\" data-widget_type=\"text-editor.default\">\n\t\t\t\t<div class=\"elementor-widget-container\">\n\t\t\t\t\t\t\t\t\t<p>A bakt\u00e9riumok aktivit\u00e1s\u00e1nak \u00e9s szaporod\u00e1si k\u00e9pess\u00e9g\u00e9nek n\u00f6vel\u00e9se c\u00e9lj\u00e1b\u00f3l enzimeket, \u00e9lelmi rostokat \u00e9s \u00e1sv\u00e1nyi anyagokat adnak hozz\u00e1. Ez n\u00f6veli a b\u00e9lny\u00e1lkah\u00e1rtya ny\u00e1lkatermel\u00e9s\u00e9t \u00e9s a sz\u00e1ll\u00edtott bakt\u00e9riumkombin\u00e1ci\u00f3 tapad\u00f3 k\u00e9pess\u00e9g\u00e9t.<\/p>\t\t\t\t\t\t\t\t<\/div>\n\t\t\t\t<\/div>\n\t\t\t\t<div class=\"elementor-element elementor-element-0931659 elementor-widget elementor-widget-heading\" data-id=\"0931659\" data-element_type=\"widget\" data-widget_type=\"heading.default\">\n\t\t\t\t<div class=\"elementor-widget-container\">\n\t\t\t\t\t<h2 class=\"elementor-heading-title elementor-size-default\">12. Tanulm\u00e1nyok a hat\u00e9konys\u00e1gr\u00f3l<\/h2>\t\t\t\t<\/div>\n\t\t\t\t<\/div>\n\t\t\t\t<div class=\"elementor-element elementor-element-5fe6eca elementor-widget elementor-widget-text-editor\" data-id=\"5fe6eca\" data-element_type=\"widget\" data-widget_type=\"text-editor.default\">\n\t\t\t\t<div class=\"elementor-widget-container\">\n\t\t\t\t\t\t\t\t\t<p>Embereken v\u00e9gzett tudom\u00e1nyos vizsg\u00e1latokkal kell dokument\u00e1lni a probiotikumok hat\u00e9konys\u00e1g\u00e1t.<\/p>\t\t\t\t\t\t\t\t<\/div>\n\t\t\t\t<\/div>\n\t\t\t\t\t<\/div>\n\t\t\t\t<\/div>\n\t\t<div class=\"elementor-element elementor-element-5b6da53 obcs none e-flex e-con-boxed e-con e-parent\" data-id=\"5b6da53\" data-element_type=\"container\">\n\t\t\t\t\t<div class=\"e-con-inner\">\n\t\t\t\t<div class=\"elementor-element elementor-element-36336be elementor-widget elementor-widget-infobox\" data-id=\"36336be\" data-element_type=\"widget\" data-widget_type=\"infobox.default\">\n\t\t\t\t<div class=\"elementor-widget-container\">\n\t\t\t\t\t\n<div class=\"li-widgets--infobox magenta highlights-always-magenta\">\n\n    <div class=\"li-widgets--infobox__icon\">\n        <i aria-hidden=\"true\" class=\"fas fa-info-circle\"><\/i>    <\/div>\n    <div class=\"li-widgets--infobox__text\">\n        <p>Az OMNi-BiOTiC\u00ae term\u00e9kek ezeket a min\u0151s\u00e9gi krit\u00e9riumokat k\u00f6vetik, \u00e9s kiz\u00e1r\u00f3lag az emberi szervezetben term\u00e9szetesen el\u0151fordul\u00f3 bakt\u00e9riumkult\u00far\u00e1kat tartalmaznak.<\/p>    <\/div>\n    <div class=\"li-widgets--infobox__text-body\">\n            <\/div>\n\n    \n<\/div>\n\t\t\t\t<\/div>\n\t\t\t\t<\/div>\n\t\t\t\t\t<\/div>\n\t\t\t\t<\/div>\n\t\t\t\t<\/div>\n\t\t","protected":false},"excerpt":{"rendered":"<p>Orvosilag relev\u00e1ns probiotikumok \u00e9s szinbiotikumok min\u0151s\u00e9gi krit\u00e9riumai A WHO, a WGO, az FDA \u00e9s az OePROM krit\u00e9riumai szerint Home Tartalomjegyz\u00e9k 1. Biztons\u00e1g Minden felhaszn\u00e1lt bakt\u00e9riumt\u00f6rzsnek GRAS \u00e9s QPS st\u00e1tusszal vagy hasonl\u00f3 biztons\u00e1gi el\u0151\u00edr\u00e1sokkal kell rendelkeznie, ami az emberi bevitel szempontj\u00e1b\u00f3l a legnagyobb biztons\u00e1got \u00e9s a mell\u00e9khat\u00e1sok kiz\u00e1r\u00e1s\u00e1t jelenti m\u00e9g hossz\u00fa t\u00e1v\u00fa alkalmaz\u00e1s eset\u00e9n is. 2. [&hellip;]<\/p>\n","protected":false},"author":3,"featured_media":17106,"parent":91,"menu_order":150,"comment_status":"closed","ping_status":"closed","template":"","meta":{"_acf_changed":false,"inline_featured_image":false,"footnotes":""},"class_list":["post-93","page","type-page","status-publish","has-post-thumbnail","hentry"],"acf":[],"_links":{"self":[{"href":"https:\/\/www.omni-biotic.com\/hu-hu\/wp-json\/wp\/v2\/pages\/93","targetHints":{"allow":["GET"]}}],"collection":[{"href":"https:\/\/www.omni-biotic.com\/hu-hu\/wp-json\/wp\/v2\/pages"}],"about":[{"href":"https:\/\/www.omni-biotic.com\/hu-hu\/wp-json\/wp\/v2\/types\/page"}],"author":[{"embeddable":true,"href":"https:\/\/www.omni-biotic.com\/hu-hu\/wp-json\/wp\/v2\/users\/3"}],"replies":[{"embeddable":true,"href":"https:\/\/www.omni-biotic.com\/hu-hu\/wp-json\/wp\/v2\/comments?post=93"}],"version-history":[{"count":7,"href":"https:\/\/www.omni-biotic.com\/hu-hu\/wp-json\/wp\/v2\/pages\/93\/revisions"}],"predecessor-version":[{"id":19948,"href":"https:\/\/www.omni-biotic.com\/hu-hu\/wp-json\/wp\/v2\/pages\/93\/revisions\/19948"}],"up":[{"embeddable":true,"href":"https:\/\/www.omni-biotic.com\/hu-hu\/wp-json\/wp\/v2\/pages\/91"}],"wp:featuredmedia":[{"embeddable":true,"href":"https:\/\/www.omni-biotic.com\/hu-hu\/wp-json\/wp\/v2\/media\/17106"}],"wp:attachment":[{"href":"https:\/\/www.omni-biotic.com\/hu-hu\/wp-json\/wp\/v2\/media?parent=93"}],"curies":[{"name":"wp","href":"https:\/\/api.w.org\/{rel}","templated":true}]}}