{"id":97,"date":"2022-03-07T10:07:28","date_gmt":"2022-03-07T09:07:28","guid":{"rendered":"https:\/\/www.omni-biotic.com\/produkte\/"},"modified":"2025-01-24T11:19:53","modified_gmt":"2025-01-24T10:19:53","slug":"termekek","status":"publish","type":"page","link":"https:\/\/www.omni-biotic.com\/hu-hu\/termekek\/","title":{"rendered":"Term\u00e9kek"},"content":{"rendered":"\t\t<div data-elementor-type=\"wp-page\" data-elementor-id=\"97\" class=\"elementor elementor-97\" data-elementor-post-type=\"page\">\n\t\t\t\t<div class=\"elementor-element elementor-element-7c3bcef e-con-full obcs none e-flex e-con e-parent\" data-id=\"7c3bcef\" data-element_type=\"container\" data-settings=\"{&quot;background_background&quot;:&quot;classic&quot;,&quot;shape_divider_bottom&quot;:&quot;waves&quot;}\">\n\t\t\t\t<div class=\"elementor-shape elementor-shape-bottom\" aria-hidden=\"true\" data-negative=\"false\">\n\t\t\t<svg xmlns=\"http:\/\/www.w3.org\/2000\/svg\" viewBox=\"0 0 1000 100\" preserveAspectRatio=\"none\">\n\t<path class=\"elementor-shape-fill\" d=\"M421.9,6.5c22.6-2.5,51.5,0.4,75.5,5.3c23.6,4.9,70.9,23.5,100.5,35.7c75.8,32.2,133.7,44.5,192.6,49.7\n\tc23.6,2.1,48.7,3.5,103.4-2.5c54.7-6,106.2-25.6,106.2-25.6V0H0v30.3c0,0,72,32.6,158.4,30.5c39.2-0.7,92.8-6.7,134-22.4\n\tc21.2-8.1,52.2-18.2,79.7-24.2C399.3,7.9,411.6,7.5,421.9,6.5z\"\/>\n<\/svg>\t\t<\/div>\n\t\t<div class=\"elementor-element elementor-element-1efef3d e-con-full obcs none e-flex e-con e-child\" data-id=\"1efef3d\" data-element_type=\"container\" data-settings=\"{&quot;background_background&quot;:&quot;gradient&quot;}\">\n\t\t\t\t<div class=\"elementor-element elementor-element-bfccbdb elementor-widget elementor-widget-heading\" data-id=\"bfccbdb\" data-element_type=\"widget\" data-widget_type=\"heading.default\">\n\t\t\t\t<div class=\"elementor-widget-container\">\n\t\t\t\t\t<h1 class=\"elementor-heading-title elementor-size-default\">Term\u00e9kek<\/h1>\t\t\t\t<\/div>\n\t\t\t\t<\/div>\n\t\t\t\t<div class=\"elementor-element elementor-element-23d5150 elementor-widget-divider--view-line elementor-widget elementor-widget-divider\" data-id=\"23d5150\" data-element_type=\"widget\" data-widget_type=\"divider.default\">\n\t\t\t\t<div class=\"elementor-widget-container\">\n\t\t\t\t\t\t\t<div class=\"elementor-divider\">\n\t\t\t<span class=\"elementor-divider-separator\">\n\t\t\t\t\t\t<\/span>\n\t\t<\/div>\n\t\t\t\t\t\t<\/div>\n\t\t\t\t<\/div>\n\t\t\t\t<div class=\"elementor-element elementor-element-ffcc10c elementor-widget elementor-widget-text-editor\" data-id=\"ffcc10c\" data-element_type=\"widget\" data-widget_type=\"text-editor.default\">\n\t\t\t\t<div class=\"elementor-widget-container\">\n\t\t\t\t\t\t\t\t\t<p>Az Institut AllergoSan k\u00f6zel 30 \u00e9ve fejleszt, kutat \u00e9s forgalmaz term\u00e9szetes anyagokon, p\u00e9ld\u00e1ul probiotikus bakt\u00e9riumokon, n\u00f6v\u00e9nyi kivonatokon \u00e9s \u00e1sv\u00e1nyi anyagokon alapul\u00f3 term\u00e9keket, mindezt egyetlen c\u00e9llal: eg\u00e9szs\u00e9g\u00fcnk, k\u00fcl\u00f6n\u00f6sen b\u00e9lrendszer\u00fcnk eg\u00e9szs\u00e9g\u00e9nek t\u00e1mogat\u00e1sa \u00e9rdek\u00e9ben.<\/p>\t\t\t\t\t\t\t\t<\/div>\n\t\t\t\t<\/div>\n\t\t\t\t<\/div>\n\t\t<div class=\"elementor-element elementor-element-dab2280 e-con-full elementor-hidden-mobile obcs none e-flex e-con e-child\" data-id=\"dab2280\" data-element_type=\"container\">\n\t\t\t\t<\/div>\n\t\t\t\t<\/div>\n\t\t<div class=\"elementor-element elementor-element-ab7f4ab obcs none e-flex e-con-boxed e-con e-parent\" data-id=\"ab7f4ab\" data-element_type=\"container\">\n\t\t\t\t\t<div class=\"e-con-inner\">\n\t\t<div class=\"elementor-element elementor-element-de0904b e-con-full obcs none e-flex e-con e-child\" data-id=\"de0904b\" data-element_type=\"container\">\n\t\t\t\t<\/div>\n\t\t<div class=\"elementor-element elementor-element-f98d611 e-con-full obcs none e-flex e-con e-child\" data-id=\"f98d611\" data-element_type=\"container\">\n\t\t\t\t<\/div>\n\t\t\t\t\t<\/div>\n\t\t\t\t<\/div>\n\t\t<div class=\"elementor-element elementor-element-4b791e9 obcs none e-flex e-con-boxed e-con e-parent\" data-id=\"4b791e9\" data-element_type=\"container\">\n\t\t\t\t\t<div class=\"e-con-inner\">\n\t\t\t\t<div class=\"elementor-element elementor-element-774ac18 elementor-widget__width-initial elementor-widget elementor-widget-li-widgets--tile-slider\" data-id=\"774ac18\" data-element_type=\"widget\" data-widget_type=\"li-widgets--tile-slider.default\">\n\t\t\t\t<div class=\"elementor-widget-container\">\n\t\t\t\t\t<div class=\"li-widgets--tile-slider magenta\">\n            <div class=\"headlines\">\n                            <div class=\"headline\">\n                    <div class=\"headline--main\"><h2>Az \u00e9let minden napj\u00e1ra<\/h2><\/div>\n                                    <\/div>\n                                <\/div>\n                <div class=\"tiles-container grid\">\n            <div class=\"tiles grid-wrapper\">\n                                    <div class=\"swiper-slide\">\n                        <div class=\"tile\">\n                                                        <a href=\"https:\/\/www.omni-biotic.com\/hu-hu\/termekek\/omni-biotic\/\">\n                                                                                                    <img fetchpriority=\"high\" decoding=\"async\" width=\"300\" height=\"212\" src=\"https:\/\/www.omni-biotic.com\/hu-hu\/wp-content\/uploads\/sites\/7\/2023\/08\/20200721-ob-produkte-gesamtpackshot-int-300x212.png\" class=\"tile__image\" alt=\"OMNi-BiOTiC HU\" srcset=\"https:\/\/www.omni-biotic.com\/hu-hu\/wp-content\/uploads\/sites\/7\/2023\/08\/20200721-ob-produkte-gesamtpackshot-int-300x212.png 300w, https:\/\/www.omni-biotic.com\/hu-hu\/wp-content\/uploads\/sites\/7\/2023\/08\/20200721-ob-produkte-gesamtpackshot-int-768x543.png 768w, https:\/\/www.omni-biotic.com\/hu-hu\/wp-content\/uploads\/sites\/7\/2023\/08\/20200721-ob-produkte-gesamtpackshot-int.png 1024w\" sizes=\"(max-width: 300px) 100vw, 300px\" title=\"\">                                                                                            <\/a>\n                                                                                    <div class=\"tile__headline\">OMNi-BiOTiC\u00ae\u200b<\/div>\n                                                                                                                    <div class=\"tile__text\">Probiotikumok \u00e9s szimbiotikumok kiv\u00e1l\u00f3 min\u0151s\u00e9gben, az emberi szervezetben term\u00e9szetesen el\u0151fordul\u00f3 bakt\u00e9riumt\u00f6rzsekkel, tesztelt kombin\u00e1ci\u00f3ban.<\/div>\n                                                                                                                    <a class=\"tile__button\" href=\"https:\/\/www.omni-biotic.com\/hu-hu\/termekek\/omni-biotic\/\">Ismerje meg term\u00e9keinket online!<\/a>\n                                                    <\/div>\n                    <\/div>\n                                    <div class=\"swiper-slide\">\n                        <div class=\"tile\">\n                                                        <a href=\"https:\/\/www.omni-biotic.com\/hu-hu\/termekek\/omni-logic\/\">\n                                                                                                    <img decoding=\"async\" width=\"300\" height=\"180\" src=\"https:\/\/www.omni-biotic.com\/hu-hu\/wp-content\/uploads\/sites\/7\/2023\/08\/20200729-ol-produkte-int-gesamtpackshot-1024x614-1-300x180.png\" class=\"tile__image\" alt=\"OMNi-LOGiC HU\" srcset=\"https:\/\/www.omni-biotic.com\/hu-hu\/wp-content\/uploads\/sites\/7\/2023\/08\/20200729-ol-produkte-int-gesamtpackshot-1024x614-1-300x180.png 300w, https:\/\/www.omni-biotic.com\/hu-hu\/wp-content\/uploads\/sites\/7\/2023\/08\/20200729-ol-produkte-int-gesamtpackshot-1024x614-1-768x461.png 768w, https:\/\/www.omni-biotic.com\/hu-hu\/wp-content\/uploads\/sites\/7\/2023\/08\/20200729-ol-produkte-int-gesamtpackshot-1024x614-1.png 1024w\" sizes=\"(max-width: 300px) 100vw, 300px\" title=\"\">                                                                                            <\/a>\n                                                                                    <div class=\"tile__headline\">OMNi-LOGiC\u00ae\u200b<\/div>\n                                                                                                                    <div class=\"tile__text\">A b\u00e9lben tal\u00e1lhat\u00f3 bakt\u00e9riumok speci\u00e1lis csoportjai sz\u00e1m\u00e1ra fontos t\u00e1panyagok \u00e9s \u00e9lelmi rostok szolg\u00e1lnak az \u00e9let alapj\u00e1ul.<\/div>\n                                                                                                                    <a class=\"tile__button\" href=\"https:\/\/www.omni-biotic.com\/hu-hu\/termekek\/omni-logic\/\">Ismerje meg term\u00e9keinket online!<\/a>\n                                                    <\/div>\n                    <\/div>\n                                    <div class=\"swiper-slide\">\n                        <div class=\"tile\">\n                                                        <a href=\"https:\/\/www.omni-biotic.com\/hu-hu\/termekek\/meta-care\/\">\n                                                                                                    <img decoding=\"async\" width=\"300\" height=\"212\" src=\"https:\/\/www.omni-biotic.com\/hu-hu\/wp-content\/uploads\/sites\/7\/2022\/10\/META-CARE-Wichtige-Mikronaehr-und-Pflanzenstoffe-300x212.png\" class=\"tile__image\" alt=\"META-CARE\u00ae die Mikron\u00e4hrstoff-Marke mit dem Plus an Pflanzenkraft\" srcset=\"https:\/\/www.omni-biotic.com\/hu-hu\/wp-content\/uploads\/sites\/7\/2022\/10\/META-CARE-Wichtige-Mikronaehr-und-Pflanzenstoffe-300x212.png 300w, https:\/\/www.omni-biotic.com\/hu-hu\/wp-content\/uploads\/sites\/7\/2022\/10\/META-CARE-Wichtige-Mikronaehr-und-Pflanzenstoffe.png 600w\" sizes=\"(max-width: 300px) 100vw, 300px\" title=\"\">                                                                                            <\/a>\n                                                                                    <div class=\"tile__headline\">META-CARE\u00ae\u200b\u200b<\/div>\n                                                                                                                    <div class=\"tile__text\">A mikrot\u00e1panyag m\u00e1rka a n\u00f6v\u00e9nyek hozz\u00e1adott erej\u00e9vel<\/div>\n                                                                                                                    <a class=\"tile__button\" href=\"https:\/\/www.omni-biotic.com\/hu-hu\/termekek\/meta-care\/\">Ismerje meg term\u00e9keinket online!<\/a>\n                                                    <\/div>\n                    <\/div>\n                            <\/div>\n        <\/div>\n    <\/div>\n\t\t\t\t<\/div>\n\t\t\t\t<\/div>\n\t\t\t\t\t<\/div>\n\t\t\t\t<\/div>\n\t\t\t\t<\/div>\n\t\t","protected":false},"excerpt":{"rendered":"<p>Term\u00e9kek Az Institut AllergoSan k\u00f6zel 30 \u00e9ve fejleszt, kutat \u00e9s forgalmaz term\u00e9szetes anyagokon, p\u00e9ld\u00e1ul probiotikus bakt\u00e9riumokon, n\u00f6v\u00e9nyi kivonatokon \u00e9s \u00e1sv\u00e1nyi anyagokon alapul\u00f3 term\u00e9keket, mindezt egyetlen c\u00e9llal: eg\u00e9szs\u00e9g\u00fcnk, k\u00fcl\u00f6n\u00f6sen b\u00e9lrendszer\u00fcnk eg\u00e9szs\u00e9g\u00e9nek t\u00e1mogat\u00e1sa \u00e9rdek\u00e9ben. Az \u00e9let minden napj\u00e1ra OMNi-BiOTiC\u00ae\u200b Probiotikumok \u00e9s szimbiotikumok kiv\u00e1l\u00f3 min\u0151s\u00e9gben, az emberi szervezetben term\u00e9szetesen el\u0151fordul\u00f3 bakt\u00e9riumt\u00f6rzsekkel, tesztelt kombin\u00e1ci\u00f3ban. Ismerje meg term\u00e9keinket online! OMNi-LOGiC\u00ae\u200b [&hellip;]<\/p>\n","protected":false},"author":3,"featured_media":19594,"parent":0,"menu_order":170,"comment_status":"closed","ping_status":"closed","template":"","meta":{"_acf_changed":false,"inline_featured_image":false,"footnotes":""},"class_list":["post-97","page","type-page","status-publish","has-post-thumbnail","hentry"],"acf":[],"_links":{"self":[{"href":"https:\/\/www.omni-biotic.com\/hu-hu\/wp-json\/wp\/v2\/pages\/97","targetHints":{"allow":["GET"]}}],"collection":[{"href":"https:\/\/www.omni-biotic.com\/hu-hu\/wp-json\/wp\/v2\/pages"}],"about":[{"href":"https:\/\/www.omni-biotic.com\/hu-hu\/wp-json\/wp\/v2\/types\/page"}],"author":[{"embeddable":true,"href":"https:\/\/www.omni-biotic.com\/hu-hu\/wp-json\/wp\/v2\/users\/3"}],"replies":[{"embeddable":true,"href":"https:\/\/www.omni-biotic.com\/hu-hu\/wp-json\/wp\/v2\/comments?post=97"}],"version-history":[{"count":7,"href":"https:\/\/www.omni-biotic.com\/hu-hu\/wp-json\/wp\/v2\/pages\/97\/revisions"}],"predecessor-version":[{"id":23853,"href":"https:\/\/www.omni-biotic.com\/hu-hu\/wp-json\/wp\/v2\/pages\/97\/revisions\/23853"}],"wp:featuredmedia":[{"embeddable":true,"href":"https:\/\/www.omni-biotic.com\/hu-hu\/wp-json\/wp\/v2\/media\/19594"}],"wp:attachment":[{"href":"https:\/\/www.omni-biotic.com\/hu-hu\/wp-json\/wp\/v2\/media?parent=97"}],"curies":[{"name":"wp","href":"https:\/\/api.w.org\/{rel}","templated":true}]}}