{"id":25897,"date":"2024-04-22T08:26:14","date_gmt":"2024-04-22T06:26:14","guid":{"rendered":"https:\/\/www.omni-biotic.com\/it-it\/?page_id=25897"},"modified":"2024-08-05T15:07:24","modified_gmt":"2024-08-05T13:07:24","slug":"personale-e-collettivita","status":"publish","type":"page","link":"https:\/\/www.omni-biotic.com\/it-it\/sostenibilita\/personale-e-collettivita\/","title":{"rendered":"Personale e collettivit\u00e0"},"content":{"rendered":"\t\t<div data-elementor-type=\"wp-page\" data-elementor-id=\"25897\" class=\"elementor elementor-25897\" data-elementor-post-type=\"page\">\n\t\t\t\t<div class=\"elementor-element elementor-element-d168625 e-con-full obcs none e-flex e-con e-parent\" data-id=\"d168625\" data-element_type=\"container\" data-settings=\"{&quot;background_background&quot;:&quot;classic&quot;,&quot;shape_divider_bottom&quot;:&quot;waves&quot;}\">\n\t\t\t\t<div class=\"elementor-shape elementor-shape-bottom\" aria-hidden=\"true\" data-negative=\"false\">\n\t\t\t<svg xmlns=\"http:\/\/www.w3.org\/2000\/svg\" viewBox=\"0 0 1000 100\" preserveAspectRatio=\"none\">\n\t<path class=\"elementor-shape-fill\" d=\"M421.9,6.5c22.6-2.5,51.5,0.4,75.5,5.3c23.6,4.9,70.9,23.5,100.5,35.7c75.8,32.2,133.7,44.5,192.6,49.7\n\tc23.6,2.1,48.7,3.5,103.4-2.5c54.7-6,106.2-25.6,106.2-25.6V0H0v30.3c0,0,72,32.6,158.4,30.5c39.2-0.7,92.8-6.7,134-22.4\n\tc21.2-8.1,52.2-18.2,79.7-24.2C399.3,7.9,411.6,7.5,421.9,6.5z\"\/>\n<\/svg>\t\t<\/div>\n\t\t<div class=\"elementor-element elementor-element-8a8ea8e e-con-full obcs none e-flex e-con e-child\" data-id=\"8a8ea8e\" data-element_type=\"container\" data-settings=\"{&quot;background_background&quot;:&quot;gradient&quot;}\">\n\t\t\t\t<div class=\"elementor-element elementor-element-0cd8f2a elementor-widget elementor-widget-heading\" data-id=\"0cd8f2a\" data-element_type=\"widget\" data-widget_type=\"heading.default\">\n\t\t\t\t<div class=\"elementor-widget-container\">\n\t\t\t\t\t<h1 class=\"elementor-heading-title elementor-size-default\">Personale e collettivit\u00e0<\/h1>\t\t\t\t<\/div>\n\t\t\t\t<\/div>\n\t\t\t\t<div class=\"elementor-element elementor-element-4d3b5f9 elementor-widget-divider--view-line elementor-widget elementor-widget-divider\" data-id=\"4d3b5f9\" data-element_type=\"widget\" data-widget_type=\"divider.default\">\n\t\t\t\t<div class=\"elementor-widget-container\">\n\t\t\t\t\t\t\t<div class=\"elementor-divider\">\n\t\t\t<span class=\"elementor-divider-separator\">\n\t\t\t\t\t\t<\/span>\n\t\t<\/div>\n\t\t\t\t\t\t<\/div>\n\t\t\t\t<\/div>\n\t\t\t\t<\/div>\n\t\t\t\t<\/div>\n\t\t<div class=\"elementor-element elementor-element-9a7142b obcs none e-flex e-con-boxed e-con e-parent\" data-id=\"9a7142b\" data-element_type=\"container\">\n\t\t\t\t\t<div class=\"e-con-inner\">\n\t\t<div class=\"elementor-element elementor-element-4bb144b obcs none e-flex e-con-boxed e-con e-child\" data-id=\"4bb144b\" data-element_type=\"container\">\n\t\t\t\t\t<div class=\"e-con-inner\">\n\t\t<div class=\"elementor-element elementor-element-5c4a891 e-con-full obcs none e-flex e-con e-child\" data-id=\"5c4a891\" data-element_type=\"container\">\n\t\t\t\t<div class=\"elementor-element elementor-element-59eaac9 elementor-align-left elementor-widget__width-initial elementor-widget elementor-widget-breadcrumbs\" data-id=\"59eaac9\" data-element_type=\"widget\" data-widget_type=\"breadcrumbs.default\">\n\t\t\t\t<div class=\"elementor-widget-container\">\n\t\t\t\t\t<span><span class=\"last\">Home<\/span><\/span>\t\t\t\t<\/div>\n\t\t\t\t<\/div>\n\t\t\t\t<\/div>\n\t\t\t\t\t<\/div>\n\t\t\t\t<\/div>\n\t\t\t\t\t<\/div>\n\t\t\t\t<\/div>\n\t\t<div class=\"elementor-element elementor-element-28cb675 obcs none e-flex e-con-boxed e-con e-parent\" data-id=\"28cb675\" data-element_type=\"container\">\n\t\t\t\t\t<div class=\"e-con-inner\">\n\t\t<div class=\"elementor-element elementor-element-01a803e e-con-full obcs none e-flex e-con e-child\" data-id=\"01a803e\" data-element_type=\"container\" data-settings=\"{&quot;background_background&quot;:&quot;classic&quot;}\">\n\t\t\t\t<div class=\"elementor-element elementor-element-d485e7f elementor-widget elementor-widget-image\" data-id=\"d485e7f\" data-element_type=\"widget\" data-widget_type=\"image.default\">\n\t\t\t\t<div class=\"elementor-widget-container\">\n\t\t\t\t\t\t\t\t\t\t\t\t\t\t\t<img fetchpriority=\"high\" decoding=\"async\" width=\"800\" height=\"714\" src=\"https:\/\/www.omni-biotic.com\/it-it\/wp-content\/uploads\/sites\/5\/2024\/04\/gesunderhaltung.svg\" class=\"attachment-large size-large wp-image-25899\" alt=\"\" \/>\t\t\t\t\t\t\t\t\t\t\t\t\t\t\t<\/div>\n\t\t\t\t<\/div>\n\t\t\t\t<div class=\"elementor-element elementor-element-e530b86 elementor-widget elementor-widget-heading\" data-id=\"e530b86\" data-element_type=\"widget\" data-widget_type=\"heading.default\">\n\t\t\t\t<div class=\"elementor-widget-container\">\n\t\t\t\t\t<div class=\"elementor-heading-title elementor-size-default\">Benessere e salute in focus<\/div>\t\t\t\t<\/div>\n\t\t\t\t<\/div>\n\t\t\t\t<\/div>\n\t\t<div class=\"elementor-element elementor-element-98156f5 e-con-full obcs none e-flex e-con e-child\" data-id=\"98156f5\" data-element_type=\"container\" data-settings=\"{&quot;background_background&quot;:&quot;classic&quot;}\">\n\t\t\t\t<div class=\"elementor-element elementor-element-c2f43b7 elementor-widget elementor-widget-image\" data-id=\"c2f43b7\" data-element_type=\"widget\" data-widget_type=\"image.default\">\n\t\t\t\t<div class=\"elementor-widget-container\">\n\t\t\t\t\t\t\t\t\t\t\t\t\t\t\t<img decoding=\"async\" width=\"800\" height=\"734\" src=\"https:\/\/www.omni-biotic.com\/it-it\/wp-content\/uploads\/sites\/5\/2024\/04\/familienunternehmen.svg\" class=\"attachment-large size-large wp-image-25900\" alt=\"\" \/>\t\t\t\t\t\t\t\t\t\t\t\t\t\t\t<\/div>\n\t\t\t\t<\/div>\n\t\t\t\t<div class=\"elementor-element elementor-element-ae9b9fe elementor-widget elementor-widget-heading\" data-id=\"ae9b9fe\" data-element_type=\"widget\" data-widget_type=\"heading.default\">\n\t\t\t\t<div class=\"elementor-widget-container\">\n\t\t\t\t\t<div class=\"elementor-heading-title elementor-size-default\">Un'azienda a conduzione familiare dove al centro di tutto ci sono le persone<\/div>\t\t\t\t<\/div>\n\t\t\t\t<\/div>\n\t\t\t\t<\/div>\n\t\t<div class=\"elementor-element elementor-element-8e5ab7c e-con-full obcs none e-flex e-con e-child\" data-id=\"8e5ab7c\" data-element_type=\"container\" data-settings=\"{&quot;background_background&quot;:&quot;classic&quot;}\">\n\t\t\t\t<div class=\"elementor-element elementor-element-7c4cb6b elementor-widget elementor-widget-image\" data-id=\"7c4cb6b\" data-element_type=\"widget\" data-widget_type=\"image.default\">\n\t\t\t\t<div class=\"elementor-widget-container\">\n\t\t\t\t\t\t\t\t\t\t\t\t\t\t\t<img decoding=\"async\" width=\"800\" height=\"808\" src=\"https:\/\/www.omni-biotic.com\/it-it\/wp-content\/uploads\/sites\/5\/2024\/04\/teamplay.svg\" class=\"attachment-large size-large wp-image-25901\" alt=\"\" \/>\t\t\t\t\t\t\t\t\t\t\t\t\t\t\t<\/div>\n\t\t\t\t<\/div>\n\t\t\t\t<div class=\"elementor-element elementor-element-4a0fdf7 elementor-widget elementor-widget-heading\" data-id=\"4a0fdf7\" data-element_type=\"widget\" data-widget_type=\"heading.default\">\n\t\t\t\t<div class=\"elementor-widget-container\">\n\t\t\t\t\t<div class=\"elementor-heading-title elementor-size-default\">Un vero gioco di squadra<\/div>\t\t\t\t<\/div>\n\t\t\t\t<\/div>\n\t\t\t\t<\/div>\n\t\t\t\t\t<\/div>\n\t\t\t\t<\/div>\n\t\t<div class=\"elementor-element elementor-element-e05ba76 obcs none e-flex e-con-boxed e-con e-parent\" data-id=\"e05ba76\" data-element_type=\"container\">\n\t\t\t\t\t<div class=\"e-con-inner\">\n\t\t<div class=\"elementor-element elementor-element-6c0ae52 e-con-full obcs none e-flex e-con e-child\" data-id=\"6c0ae52\" data-element_type=\"container\">\n\t\t\t\t<div class=\"elementor-element elementor-element-b7fe287 e-transform elementor-widget elementor-widget-image\" data-id=\"b7fe287\" data-element_type=\"widget\" data-settings=\"{&quot;_transform_rotateZ_effect&quot;:{&quot;unit&quot;:&quot;px&quot;,&quot;size&quot;:&quot;0&quot;,&quot;sizes&quot;:[]},&quot;_transform_rotate_3d&quot;:&quot;yes&quot;,&quot;_transform_rotateX_effect&quot;:{&quot;unit&quot;:&quot;px&quot;,&quot;size&quot;:&quot;0&quot;,&quot;sizes&quot;:[]},&quot;_transform_rotateY_effect&quot;:{&quot;unit&quot;:&quot;px&quot;,&quot;size&quot;:&quot;4&quot;,&quot;sizes&quot;:[]},&quot;_transform_perspective_effect&quot;:{&quot;unit&quot;:&quot;px&quot;,&quot;size&quot;:&quot;650&quot;,&quot;sizes&quot;:[]},&quot;_transform_rotateZ_effect_tablet&quot;:{&quot;unit&quot;:&quot;deg&quot;,&quot;size&quot;:&quot;&quot;,&quot;sizes&quot;:[]},&quot;_transform_rotateZ_effect_mobile&quot;:{&quot;unit&quot;:&quot;deg&quot;,&quot;size&quot;:&quot;&quot;,&quot;sizes&quot;:[]},&quot;_transform_rotateX_effect_tablet&quot;:{&quot;unit&quot;:&quot;deg&quot;,&quot;size&quot;:&quot;&quot;,&quot;sizes&quot;:[]},&quot;_transform_rotateX_effect_mobile&quot;:{&quot;unit&quot;:&quot;deg&quot;,&quot;size&quot;:&quot;&quot;,&quot;sizes&quot;:[]},&quot;_transform_rotateY_effect_tablet&quot;:{&quot;unit&quot;:&quot;deg&quot;,&quot;size&quot;:&quot;&quot;,&quot;sizes&quot;:[]},&quot;_transform_rotateY_effect_mobile&quot;:{&quot;unit&quot;:&quot;deg&quot;,&quot;size&quot;:&quot;&quot;,&quot;sizes&quot;:[]},&quot;_transform_perspective_effect_tablet&quot;:{&quot;unit&quot;:&quot;px&quot;,&quot;size&quot;:&quot;&quot;,&quot;sizes&quot;:[]},&quot;_transform_perspective_effect_mobile&quot;:{&quot;unit&quot;:&quot;px&quot;,&quot;size&quot;:&quot;&quot;,&quot;sizes&quot;:[]}}\" data-widget_type=\"image.default\">\n\t\t\t\t<div class=\"elementor-widget-container\">\n\t\t\t\t\t\t\t\t\t\t\t\t\t\t\t<img loading=\"lazy\" decoding=\"async\" width=\"800\" height=\"534\" src=\"https:\/\/www.omni-biotic.com\/it-it\/wp-content\/uploads\/sites\/5\/2024\/04\/allergosan-essen.webp\" class=\"attachment-large size-large wp-image-25902\" alt=\"\" srcset=\"https:\/\/www.omni-biotic.com\/it-it\/wp-content\/uploads\/sites\/5\/2024\/04\/allergosan-essen.webp 1000w, https:\/\/www.omni-biotic.com\/it-it\/wp-content\/uploads\/sites\/5\/2024\/04\/allergosan-essen-300x200.webp 300w, https:\/\/www.omni-biotic.com\/it-it\/wp-content\/uploads\/sites\/5\/2024\/04\/allergosan-essen-768x512.webp 768w\" sizes=\"(max-width: 800px) 100vw, 800px\" \/>\t\t\t\t\t\t\t\t\t\t\t\t\t\t\t<\/div>\n\t\t\t\t<\/div>\n\t\t\t\t<\/div>\n\t\t<div class=\"elementor-element elementor-element-14044b9 e-con-full obcs none e-flex e-con e-child\" data-id=\"14044b9\" data-element_type=\"container\">\n\t\t\t\t<div class=\"elementor-element elementor-element-88f5f85 elementor-widget elementor-widget-heading\" data-id=\"88f5f85\" data-element_type=\"widget\" data-widget_type=\"heading.default\">\n\t\t\t\t<div class=\"elementor-widget-container\">\n\t\t\t\t\t<h2 class=\"elementor-heading-title elementor-size-default\">Un'azienda a conduzione familiare<\/h2>\t\t\t\t<\/div>\n\t\t\t\t<\/div>\n\t\t\t\t<div class=\"elementor-element elementor-element-1ed6c70 elementor-widget elementor-widget-text-editor\" data-id=\"1ed6c70\" data-element_type=\"widget\" data-widget_type=\"text-editor.default\">\n\t\t\t\t<div class=\"elementor-widget-container\">\n\t\t\t\t\t\t\t\t\t<p>Siamo un&#8217;azienda a conduzione familiare <strong>dove le persone e il loro lavoro costituiscono il nostro fulcro.<\/strong> Riconosciamo il valore di ogni individuo e creiamo un ambiente di lavoro che stimola ogni collaboratore a dare il massimo. La nostra struttura<strong> \u00e8 come una grande famiglia,<\/strong> caratterizzata da <strong>interazioni positive<\/strong> e da un&#8217;attenzione particolare al <strong>benessere dei nostri dipendenti.<\/strong> Riteniamo che il cuore dell&#8217;Institut AllergoSan sia costituito dalle persone che lavorano con noi e per noi.\u00a0<\/p><p>Per supportare il loro benessere, offriamo <strong>una vasta gamma di vantaggi<\/strong> che includono <strong>attivit\u00e0 sportive regolari,<\/strong> prodotti gratis ogni giorno, grazie al nostro bar <a href=\"https:\/\/www.omni-biotic.com\/it-it\/submenus\/che-cose-omni-biotic\/\"><strong>OMNi-BiOTiC\u00ae,<\/strong><\/a> <strong>un prodotto gratuito al mese<\/strong> per le famiglie e, soprattutto, cerchiamo ogni giorno di porci in modo cordiale l\u2019uno con l\u2019altro, dimostrando anche apprezzamento.<\/p>\t\t\t\t\t\t\t\t<\/div>\n\t\t\t\t<\/div>\n\t\t\t\t<\/div>\n\t\t\t\t\t<\/div>\n\t\t\t\t<\/div>\n\t\t<div class=\"elementor-element elementor-element-d21619d obcs green e-flex e-con-boxed e-con e-parent\" data-id=\"d21619d\" data-element_type=\"container\">\n\t\t\t\t\t<div class=\"e-con-inner\">\n\t\t<div class=\"elementor-element elementor-element-297715b e-con-full obcs none e-flex e-con e-child\" data-id=\"297715b\" data-element_type=\"container\">\n\t\t\t\t<div class=\"elementor-element elementor-element-8e5f12e elementor-widget elementor-widget-text-editor\" data-id=\"8e5f12e\" data-element_type=\"widget\" data-widget_type=\"text-editor.default\">\n\t\t\t\t<div class=\"elementor-widget-container\">\n\t\t\t\t\t\t\t\t\t<p>Riconosciamo e valorizziamo <strong>la diversit\u00e0<\/strong> come uno dei pilastri fondamentali della nostra azienda, promuovendo un autentico <strong>lavoro di squadra.<\/strong> I nostri dipendenti provengono da oltre 20 nazioni differenti, abbracciando una ricca variet\u00e0 di culture, di diverse fasce d&#8217;et\u00e0 e un\u2019ampia gamma di competenze specialistiche. Inoltre, offriamo ai nostri collaboratori corsi di formazione con cadenza regolare, in modo da rimanere sempre aggiornati con i progressi della scienza e con lo sviluppo dei prodotti. Infine, sproniamo ogni dipendente ad applicare e <strong>a sviluppare le proprie competenze individuali.<\/strong><\/p><p>Promuoviamo l<strong>a libert\u00e0 nell&#8217;organizzazione delle attivit\u00e0 e la flessibilit\u00e0 degli orari,<\/strong> consentendo anche lo <strong>smart working,<\/strong> adattandoci cos\u00ec alle esigenze personali di ogni dipendente. In questo modo ogni collaboratore potr\u00e0 esprimere al meglio il suo potenziale.<\/p>\t\t\t\t\t\t\t\t<\/div>\n\t\t\t\t<\/div>\n\t\t\t\t<\/div>\n\t\t\t\t\t<\/div>\n\t\t\t\t<\/div>\n\t\t<div class=\"elementor-element elementor-element-f39f72c obcs green e-flex e-con-boxed e-con e-parent\" data-id=\"f39f72c\" data-element_type=\"container\">\n\t\t\t\t\t<div class=\"e-con-inner\">\n\t\t<div class=\"elementor-element elementor-element-4179695 e-con-full obcs green e-flex e-con e-child\" data-id=\"4179695\" data-element_type=\"container\">\n\t\t\t\t<div class=\"elementor-element elementor-element-482295f elementor-widget elementor-widget-heading\" data-id=\"482295f\" data-element_type=\"widget\" data-widget_type=\"heading.default\">\n\t\t\t\t<div class=\"elementor-widget-container\">\n\t\t\t\t\t<h2 class=\"elementor-heading-title elementor-size-default\">Beneficienza<\/h2>\t\t\t\t<\/div>\n\t\t\t\t<\/div>\n\t\t\t\t<div class=\"elementor-element elementor-element-a201035 elementor-widget elementor-widget-heading\" data-id=\"a201035\" data-element_type=\"widget\" data-widget_type=\"heading.default\">\n\t\t\t\t<div class=\"elementor-widget-container\">\n\t\t\t\t\t<span class=\"elementor-heading-title elementor-size-default\">Al centro di tutto ci sono le persone<\/span>\t\t\t\t<\/div>\n\t\t\t\t<\/div>\n\t\t\t\t<div class=\"elementor-element elementor-element-7ec3892 elementor-widget elementor-widget-text-editor\" data-id=\"7ec3892\" data-element_type=\"widget\" data-widget_type=\"text-editor.default\">\n\t\t\t\t<div class=\"elementor-widget-container\">\n\t\t\t\t\t\t\t\t\t<p>Poich\u00e9 la nostra dedizione alla sostenibilit\u00e0 e responsabilit\u00e0 si estende ben oltre le mura dell&#8217;Institut AllergoSan, <strong>supportiamo con determinazione diversi progetti di beneficenza.<\/strong> Le nostre iniziative sostengono una vasta gamma di progetti, che vanno dalla <strong>costruzione di pozzi d&#8217;acqua potabile in Malawi,<\/strong> all&#8217;assistenza dei pazienti affetti da <strong>cancro in Stiria<\/strong>, fino alla <strong>salvaguardia del territorio D\u00fcrrenstein.<\/strong> A livello sociale ci impegniamo a collaborare attivamente con organizzazioni come <strong>&#8220;Medici Senza Frontiere&#8221;<\/strong> e ci dedichiamo anche alla <strong>protezione dei bambini,<\/strong> sia in Austria che nelle nazioni africane colpite dalla povert\u00e0.<\/p><p>Particolarmente rilevante e in perfetta sintonia con la nostra filosofia di sostenibilit\u00e0 \u00e8 l&#8217;iniziativa <strong>&#8220;BioBienenApfel&#8221;.<\/strong> Grazie al sostegno dell&#8217;Institut AllergoSan, negli anni a venire, realizzeremo in Austria ampi prati di fiori selvatici, creando un habitat ideale per l&#8217;incremento delle popolazioni di api.<\/p>\t\t\t\t\t\t\t\t<\/div>\n\t\t\t\t<\/div>\n\t\t\t\t<div class=\"elementor-element elementor-element-20ca47f elementor-widget elementor-widget-button\" data-id=\"20ca47f\" data-element_type=\"widget\" data-widget_type=\"button.default\">\n\t\t\t\t<div class=\"elementor-widget-container\">\n\t\t\t\t\t\t\t\t\t<div class=\"elementor-button-wrapper\">\n\t\t\t\t\t<a class=\"elementor-button elementor-button-link elementor-size-lg\" href=\"https:\/\/www.allergosan.com\/at\/ueber-uns\/wohltatige-zwecke\/\" rel=\"noopener\">\n\t\t\t\t\t\t<span class=\"elementor-button-content-wrapper\">\n\t\t\t\t\t\t\t\t\t<span class=\"elementor-button-text\">Clicca per saperne di pi\u00f9<\/span>\n\t\t\t\t\t<\/span>\n\t\t\t\t\t<\/a>\n\t\t\t\t<\/div>\n\t\t\t\t\t\t\t\t<\/div>\n\t\t\t\t<\/div>\n\t\t\t\t<\/div>\n\t\t<div class=\"elementor-element elementor-element-700f897 e-con-full obcs none e-flex e-con e-child\" data-id=\"700f897\" data-element_type=\"container\">\n\t\t\t\t<div class=\"elementor-element elementor-element-5b3b721 e-transform elementor-widget elementor-widget-image\" data-id=\"5b3b721\" data-element_type=\"widget\" data-settings=\"{&quot;_transform_rotateZ_effect&quot;:{&quot;unit&quot;:&quot;px&quot;,&quot;size&quot;:&quot;0&quot;,&quot;sizes&quot;:[]},&quot;_transform_rotate_3d&quot;:&quot;yes&quot;,&quot;_transform_rotateX_effect&quot;:{&quot;unit&quot;:&quot;px&quot;,&quot;size&quot;:&quot;0&quot;,&quot;sizes&quot;:[]},&quot;_transform_rotateY_effect&quot;:{&quot;unit&quot;:&quot;px&quot;,&quot;size&quot;:&quot;-4&quot;,&quot;sizes&quot;:[]},&quot;_transform_perspective_effect&quot;:{&quot;unit&quot;:&quot;px&quot;,&quot;size&quot;:&quot;650&quot;,&quot;sizes&quot;:[]},&quot;_transform_rotateZ_effect_tablet&quot;:{&quot;unit&quot;:&quot;deg&quot;,&quot;size&quot;:&quot;&quot;,&quot;sizes&quot;:[]},&quot;_transform_rotateZ_effect_mobile&quot;:{&quot;unit&quot;:&quot;deg&quot;,&quot;size&quot;:&quot;&quot;,&quot;sizes&quot;:[]},&quot;_transform_rotateX_effect_tablet&quot;:{&quot;unit&quot;:&quot;deg&quot;,&quot;size&quot;:&quot;&quot;,&quot;sizes&quot;:[]},&quot;_transform_rotateX_effect_mobile&quot;:{&quot;unit&quot;:&quot;deg&quot;,&quot;size&quot;:&quot;&quot;,&quot;sizes&quot;:[]},&quot;_transform_rotateY_effect_tablet&quot;:{&quot;unit&quot;:&quot;deg&quot;,&quot;size&quot;:&quot;&quot;,&quot;sizes&quot;:[]},&quot;_transform_rotateY_effect_mobile&quot;:{&quot;unit&quot;:&quot;deg&quot;,&quot;size&quot;:&quot;&quot;,&quot;sizes&quot;:[]},&quot;_transform_perspective_effect_tablet&quot;:{&quot;unit&quot;:&quot;px&quot;,&quot;size&quot;:&quot;&quot;,&quot;sizes&quot;:[]},&quot;_transform_perspective_effect_mobile&quot;:{&quot;unit&quot;:&quot;px&quot;,&quot;size&quot;:&quot;&quot;,&quot;sizes&quot;:[]}}\" data-widget_type=\"image.default\">\n\t\t\t\t<div class=\"elementor-widget-container\">\n\t\t\t\t\t\t\t\t\t\t\t\t\t\t\t<img loading=\"lazy\" decoding=\"async\" width=\"800\" height=\"1000\" src=\"https:\/\/www.omni-biotic.com\/it-it\/wp-content\/uploads\/sites\/5\/2024\/04\/Foto2__Conny_de_Beauclair_Osterreichischer_Kinderschutzpreis_2023_im_Palais_Lichtenstein_-_Conny_de_Be.webp\" class=\"attachment-large size-large wp-image-25903\" alt=\"\" srcset=\"https:\/\/www.omni-biotic.com\/it-it\/wp-content\/uploads\/sites\/5\/2024\/04\/Foto2__Conny_de_Beauclair_Osterreichischer_Kinderschutzpreis_2023_im_Palais_Lichtenstein_-_Conny_de_Be.webp 800w, https:\/\/www.omni-biotic.com\/it-it\/wp-content\/uploads\/sites\/5\/2024\/04\/Foto2__Conny_de_Beauclair_Osterreichischer_Kinderschutzpreis_2023_im_Palais_Lichtenstein_-_Conny_de_Be-240x300.webp 240w, https:\/\/www.omni-biotic.com\/it-it\/wp-content\/uploads\/sites\/5\/2024\/04\/Foto2__Conny_de_Beauclair_Osterreichischer_Kinderschutzpreis_2023_im_Palais_Lichtenstein_-_Conny_de_Be-768x960.webp 768w\" sizes=\"(max-width: 800px) 100vw, 800px\" \/>\t\t\t\t\t\t\t\t\t\t\t\t\t\t\t<\/div>\n\t\t\t\t<\/div>\n\t\t\t\t<\/div>\n\t\t\t\t\t<\/div>\n\t\t\t\t<\/div>\n\t\t\t\t<\/div>\n\t\t","protected":false},"excerpt":{"rendered":"<p>Personale e collettivit\u00e0 Home Benessere e salute in focus Un&#8217;azienda a conduzione familiare dove al centro di tutto ci sono le persone Un vero gioco di squadra Un&#8217;azienda a conduzione familiare Siamo un&#8217;azienda a conduzione familiare dove le persone e il loro lavoro costituiscono il nostro fulcro. Riconosciamo il valore di ogni individuo e creiamo [&hellip;]<\/p>\n","protected":false},"author":8,"featured_media":25891,"parent":25888,"menu_order":0,"comment_status":"closed","ping_status":"closed","template":"","meta":{"_acf_changed":false,"inline_featured_image":false,"footnotes":""},"class_list":["post-25897","page","type-page","status-publish","has-post-thumbnail","hentry"],"acf":[],"_links":{"self":[{"href":"https:\/\/www.omni-biotic.com\/it-it\/wp-json\/wp\/v2\/pages\/25897","targetHints":{"allow":["GET"]}}],"collection":[{"href":"https:\/\/www.omni-biotic.com\/it-it\/wp-json\/wp\/v2\/pages"}],"about":[{"href":"https:\/\/www.omni-biotic.com\/it-it\/wp-json\/wp\/v2\/types\/page"}],"author":[{"embeddable":true,"href":"https:\/\/www.omni-biotic.com\/it-it\/wp-json\/wp\/v2\/users\/8"}],"replies":[{"embeddable":true,"href":"https:\/\/www.omni-biotic.com\/it-it\/wp-json\/wp\/v2\/comments?post=25897"}],"version-history":[{"count":7,"href":"https:\/\/www.omni-biotic.com\/it-it\/wp-json\/wp\/v2\/pages\/25897\/revisions"}],"predecessor-version":[{"id":26130,"href":"https:\/\/www.omni-biotic.com\/it-it\/wp-json\/wp\/v2\/pages\/25897\/revisions\/26130"}],"up":[{"embeddable":true,"href":"https:\/\/www.omni-biotic.com\/it-it\/wp-json\/wp\/v2\/pages\/25888"}],"wp:featuredmedia":[{"embeddable":true,"href":"https:\/\/www.omni-biotic.com\/it-it\/wp-json\/wp\/v2\/media\/25891"}],"wp:attachment":[{"href":"https:\/\/www.omni-biotic.com\/it-it\/wp-json\/wp\/v2\/media?parent=25897"}],"curies":[{"name":"wp","href":"https:\/\/api.w.org\/{rel}","templated":true}]}}